{"id":3057,"date":"2025-01-04T07:45:41","date_gmt":"2025-01-04T07:45:41","guid":{"rendered":"https:\/\/fmp-components.com\/?page_id=8"},"modified":"2025-01-04T07:45:42","modified_gmt":"2025-01-04T07:45:42","slug":"fertilizer-seeder-gearbox-fmp50-for-fertilizer-broadcaster","status":"publish","type":"product","link":"https:\/\/fmp-components.com\/fi\/product\/fertilizer-seeder-gearbox-fmp50-for-fertilizer-broadcaster\/","title":{"rendered":"Lannoitteen kylv\u00f6koneen vaihdelaatikko FMP50 lannoitteiden levitt\u00e4j\u00e4lle"},"content":{"rendered":"<h2>Lannoitteen kylv\u00f6koneen vaihdelaatikon FMP50 mitat<\/h2>\n<p><img loading=\"lazy\" decoding=\"async\" class=\"alignnone size-full wp-image-3058\" src=\"https:\/\/fmp-components.com\/wp-content\/uploads\/2025\/01\/Fertilizer-Seeder-Gearbox-EP50-Dimensions.webp\" alt=\"Lannoitteen-kylv\u00f6koneen-vaihteiston-EP50-mitat\" width=\"1265\" height=\"730\" title=\"\" srcset=\"https:\/\/fmp-components.com\/wp-content\/uploads\/2025\/01\/Fertilizer-Seeder-Gearbox-EP50-Dimensions.webp 1265w, https:\/\/fmp-components.com\/wp-content\/uploads\/2025\/01\/Fertilizer-Seeder-Gearbox-EP50-Dimensions-980x566.webp 980w, https:\/\/fmp-components.com\/wp-content\/uploads\/2025\/01\/Fertilizer-Seeder-Gearbox-EP50-Dimensions-480x277.webp 480w\" sizes=\"(min-width: 0px) and (max-width: 480px) 480px, (min-width: 481px) and (max-width: 980px) 980px, (min-width: 981px) 1265px, 100vw\" \/><\/p>\n<h2>Lannoitteen kylv\u00f6koneen vaihdelaatikko FMP50 Tekniset tiedot<\/h2>\n<table style=\"width: 98.9862%; height: 186px;\" border=\"1\" cellspacing=\"0\" cellpadding=\"0\">\n<tbody>\n<tr>\n<td colspan=\"2\" rowspan=\"2\">min\u00e4<\/td>\n<td rowspan=\"2\">Sopii<\/td>\n<td>Kierroslukutulo<\/td>\n<td>Kierrosluku<\/td>\n<td>L\u00e4ht\u00f6momentti<\/td>\n<td>Paino<\/td>\n<td rowspan=\"2\">Hammastus<\/td>\n<\/tr>\n<tr>\n<td>kierrosta minuutissa<\/td>\n<td>kierrosta minuutissa<\/td>\n<td>Nm<\/td>\n<td>kg<\/td>\n<\/tr>\n<tr>\n<td>Hidasta<\/td>\n<td>43.54:1<\/td>\n<td>Lannoitteenlevitin yms.<\/td>\n<td>1000<\/td>\n<td>23<\/td>\n<td>5000<\/td>\n<td>55<\/td>\n<td>Gleason Helical<br \/>\nHampaat<\/td>\n<\/tr>\n<tr>\n<td colspan=\"8\">Huomautus: Jos sinulla on erityisvaatimuksia, kerro siit\u00e4 minulle, hyv\u00e4ksymme my\u00f6s mittatilausty\u00f6n\u00e4 tehdyt tarjoukset.<\/td>\n<\/tr>\n<\/tbody>\n<\/table>\n<table style=\"height: 204px;\" border=\"1\" width=\"1073\" cellspacing=\"0\" cellpadding=\"0\">\n<tbody>\n<tr>\n<td style=\"width: 406.125px;\">A<\/td>\n<td style=\"width: 246.458px;\">B<\/td>\n<td style=\"width: 413.306px;\">C<\/td>\n<\/tr>\n<tr>\n<td style=\"width: 406.125px;\">\u03a650<\/td>\n<td style=\"width: 246.458px;\">14<\/td>\n<td style=\"width: 413.306px;\">53.8<\/td>\n<\/tr>\n<tr>\n<td style=\"width: 406.125px;\">\u03a655<\/td>\n<td style=\"width: 246.458px;\">16<\/td>\n<td style=\"width: 413.306px;\">59.3<\/td>\n<\/tr>\n<tr>\n<td style=\"width: 406.125px;\">\u03a660<\/td>\n<td style=\"width: 246.458px;\">18<\/td>\n<td style=\"width: 413.306px;\">64.4<\/td>\n<\/tr>\n<\/tbody>\n<\/table>\n<h2>Miten lannoitteenlevittimelle tarkoitettu lannoitteenkylv\u00f6koneen vaihdelaatikko FMP50 toimii?<\/h2>\n<p>Lannoitteenlevittimien kylv\u00f6koneen vaihteisto FMP50 on keskeinen osa lannoitteiden tehokkaan ja tuloksellisen levityksen varmistamisessa maatalousk\u00e4yt\u00f6ss\u00e4. T\u00e4ll\u00e4 vaihteistolla on ratkaiseva rooli voiman siirt\u00e4misess\u00e4 traktorista tai p\u00e4\u00e4koneesta lannoitteen levitysmekanismiin. Alla on yksityiskohtainen kuvaus siit\u00e4, miten FMP50-vaihteisto toimii lannoitteenlevittimess\u00e4:<\/p>\n<p><strong>1. Voimansiirto<\/strong><\/p>\n<ul>\n<li>FMP50-vaihteisto saa py\u00f6rimisvoiman traktorin voimanottoakselilta tai muilta voimanl\u00e4hteilt\u00e4. Voimanottoakseli toimii tyypillisesti vakionopeudella ja siirt\u00e4\u00e4 voiman vaihteistolle.<\/li>\n<li>FMP50-vaihteisto v\u00e4hent\u00e4\u00e4 tai lis\u00e4\u00e4 siirrett\u00e4v\u00e4n voiman nopeutta lannoitteenlevittimen erityisten k\u00e4ytt\u00f6vaatimusten mukaan. T\u00e4m\u00e4 mahdollistaa vaihteiston ohjata lannoitteenlevitysmekanismin optimaalista nopeutta.<\/li>\n<\/ul>\n<p><strong>2. Nopeuden s\u00e4\u00e4t\u00f6<\/strong><\/p>\n<ul>\n<li>Yksi FMP50-vaihteiston keskeisist\u00e4 toiminnoista on nopeuden s\u00e4\u00e4t\u00f6. Vaihteisto s\u00e4\u00e4t\u00e4\u00e4 lannoitteenlevittimen py\u00f6rivien levityslautasten nopeutta.<\/li>\n<li>Ohjaamalla nopeutta vaihteisto varmistaa, ett\u00e4 lannoite levi\u00e4\u00e4 tasaisesti pellolle oikealla m\u00e4\u00e4r\u00e4ll\u00e4. T\u00e4m\u00e4 auttaa yll\u00e4pit\u00e4m\u00e4\u00e4n tasaista peittoa ja est\u00e4\u00e4 ongelmia, kuten lannoitteen liika- tai alilevityst\u00e4.<\/li>\n<\/ul>\n<p><strong>3. Komponenttien synkronointi<\/strong><\/p>\n<ul>\n<li>Vaihteisto vastaa lannoitteenlevittimen eri osien synkronoinnista. Se varmistaa, ett\u00e4 lannoitteen annostelumekanismi ja levityslautaset py\u00f6riv\u00e4t sopusoinnussa.<\/li>\n<li>Lannoitteen annostelumekanismi s\u00e4\u00e4telee lannoitteen virtausta, kun taas levityslautaset levitt\u00e4v\u00e4t lannoitetta pellolle. Varmistamalla n\u00e4iden komponenttien yhteisty\u00f6n, vaihteisto varmistaa lannoitteen tarkan ja tasaisen levityksen.<\/li>\n<\/ul>\n<p><strong>4. Kest\u00e4vyys ja tarkkuus<\/strong><\/p>\n<ul>\n<li>FMP50-vaihteisto on suunniteltu k\u00e4sittelem\u00e4\u00e4n k\u00e4yt\u00f6n aikana syntyvi\u00e4 suuria v\u00e4\u00e4nt\u00f6momentteja, mik\u00e4 varmistaa luotettavuuden ja kest\u00e4vyyden ankarissa maatalousolosuhteissa.<\/li>\n<li>Sen tarkka suunnittelu varmistaa komponenttien hyv\u00e4n linjauksen, mik\u00e4 minimoi kulumisen ja pident\u00e4\u00e4 vaihteiston ja koko lannoitteenlevittimen k\u00e4ytt\u00f6ik\u00e4\u00e4.<\/li>\n<\/ul>\n<p><strong>5. Voitelu ja j\u00e4\u00e4hdytys<\/strong><\/p>\n<ul>\n<li>Oikea voitelu on kriittist\u00e4 FMP50-vaihteiston tehokkaalle toiminnalle. Vaihteisto on varustettu voiteluj\u00e4rjestelmill\u00e4, jotka v\u00e4hent\u00e4v\u00e4t sis\u00e4isten hammaspy\u00f6rien v\u00e4list\u00e4 kitkaa ja est\u00e4v\u00e4t ylikuumenemisen. T\u00e4m\u00e4 varmistaa sujuvan toiminnan pitk\u00e4aikaisessa k\u00e4yt\u00f6ss\u00e4, erityisesti laajoilla maatalousalueilla.<\/li>\n<\/ul>\n<p>Pohjimmiltaan FMP50-lannoitteenkylv\u00f6koneen vaihdelaatikko on olennainen osa, joka varmistaa lannoitteenlevittimen tehokkaan, tarkan ja luotettavan toiminnan, optimoi lannoitteiden k\u00e4yt\u00f6n ja parantaa sadon tuottavuutta.<\/p>\n<p><img loading=\"lazy\" decoding=\"async\" class=\"alignnone size-full wp-image-3055\" src=\"https:\/\/fmp-components.com\/wp-content\/uploads\/2025\/01\/Fertilizer-Seeder-Gearbox-Agriculture-Applications-scaled.webp\" alt=\"Lannoite-Kylv\u00f6kone-Vaihteisto-Maatalous-Sovellukset\" width=\"2560\" height=\"892\" title=\"\" srcset=\"https:\/\/fmp-components.com\/wp-content\/uploads\/2025\/01\/Fertilizer-Seeder-Gearbox-Agriculture-Applications-scaled.webp 2560w, https:\/\/fmp-components.com\/wp-content\/uploads\/2025\/01\/Fertilizer-Seeder-Gearbox-Agriculture-Applications-1280x446.webp 1280w, https:\/\/fmp-components.com\/wp-content\/uploads\/2025\/01\/Fertilizer-Seeder-Gearbox-Agriculture-Applications-980x341.webp 980w, https:\/\/fmp-components.com\/wp-content\/uploads\/2025\/01\/Fertilizer-Seeder-Gearbox-Agriculture-Applications-480x167.webp 480w\" sizes=\"(min-width: 0px) and (max-width: 480px) 480px, (min-width: 481px) and (max-width: 980px) 980px, (min-width: 981px) and (max-width: 1280px) 1280px, (min-width: 1281px) 2560px, 100vw\" \/><\/p>\n<h2>Lannoitteen kylv\u00f6koneen vaihdelaatikko EP50 Yleiset sovellukset<\/h2>\n<p>Lannoitteenkylv\u00f6koneen vaihteisto FMP50 on monipuolinen ja olennainen osa erilaisia \u200b\u200bmaatalouskoneita, ja se on suunniteltu levitt\u00e4m\u00e4\u00e4n lannoitteita ja siemeni\u00e4 tehokkaasti suurille pelloille. Alla on lueteltu FMP50-vaihteiston yleisi\u00e4 k\u00e4ytt\u00f6tarkoituksia:<\/p>\n<p><strong>1. Lannoitteiden levittimet<\/strong><\/p>\n<ul>\n<li>FMP50-vaihteistoa k\u00e4ytet\u00e4\u00e4n laajalti lannoitteenlevittimiss\u00e4, joissa se varmistaa rakeisten tai jauhemaisten lannoitteiden tarkan ja tasaisen levityksen pellolle. Ohjaamalla levityslautasten py\u00f6rimisnopeutta vaihteisto takaa lannoitteen tasaisen levityksen, edist\u00e4\u00e4 optimaalista sadon kasvua ja minimoi j\u00e4tteen m\u00e4\u00e4r\u00e4n.<\/li>\n<\/ul>\n<p><strong>2. Kylv\u00f6- ja lannoiteyhdistelm\u00e4t (ilmakylv\u00f6koneet)<\/strong><\/p>\n<ul>\n<li>FMP50-vaihteistoa k\u00e4ytet\u00e4\u00e4n yleisesti yhdistetyiss\u00e4 kylv\u00f6- ja lannoitekoneissa, kuten ilmakylv\u00f6koneissa. N\u00e4m\u00e4 koneet on suunniteltu kylv\u00e4m\u00e4\u00e4n siemeni\u00e4 ja levitt\u00e4m\u00e4\u00e4n lannoitetta samanaikaisesti. Vaihteisto auttaa synkronoimaan siementen annostelu- ja lannoitteen levitysj\u00e4rjestelmien toiminnan varmistaen, ett\u00e4 sek\u00e4 siemenet ett\u00e4 lannoitteet levitet\u00e4\u00e4n tarkasti ja tehokkaasti.<\/li>\n<li>T\u00e4m\u00e4 integrointi v\u00e4hent\u00e4\u00e4 useiden peltokierrosten tarvetta, mik\u00e4 s\u00e4\u00e4st\u00e4\u00e4 aikaa ja ty\u00f6voimakustannuksia samalla parantaen toiminnan tehokkuutta.<\/li>\n<\/ul>\n<p><strong>3. Tarkkuusviljelylaitteet<\/strong><\/p>\n<ul>\n<li>FMP50-vaihteistoa k\u00e4ytet\u00e4\u00e4n my\u00f6s tarkkuusviljelylaitteissa, jotka vaativat tarkkaa ja vaihtelevaa lannoitteen levitysm\u00e4\u00e4r\u00e4\u00e4. N\u00e4m\u00e4 j\u00e4rjestelm\u00e4t k\u00e4ytt\u00e4v\u00e4t edistyneit\u00e4 teknologioita, kuten GPS:\u00e4\u00e4 ja antureita, lannoitteen levitysm\u00e4\u00e4rien s\u00e4\u00e4t\u00e4miseen pelto-olosuhteiden perusteella.<\/li>\n<li>FMP50-vaihteisto auttaa varmistamaan, ett\u00e4 lannoite levittyy tasaisesti ja tarkasti, mik\u00e4 edist\u00e4\u00e4 resurssien tehokasta k\u00e4ytt\u00f6\u00e4 ja minimoi ymp\u00e4rist\u00f6vaikutukset.<\/li>\n<\/ul>\n<p><strong>4. Traktoriin kiinnitett\u00e4v\u00e4t lannoitteenlevittimet<\/strong><\/p>\n<ul>\n<li>Traktoriin kiinnitett\u00e4viss\u00e4 lannoitteenlevittimiss\u00e4 FMP50-vaihteisto siirt\u00e4\u00e4 voiman traktorin voimanottoakselilta levitysmekanismille. Vaihteisto s\u00e4\u00e4t\u00e4\u00e4 levityslautasten py\u00f6rimisnopeutta varmistaen, ett\u00e4 lannoite levittyy tasaisesti pellolle.<\/li>\n<li>N\u00e4it\u00e4 levittimi\u00e4 k\u00e4ytet\u00e4\u00e4n tyypillisesti laajamittaisissa maatalouksissa, joissa tasainen ja tarkka lannoitteen levitys on ratkaisevan t\u00e4rke\u00e4\u00e4 sadon maksimoimiseksi.<\/li>\n<\/ul>\n<p><strong>5. Rakeisten lannoitteiden levitysj\u00e4rjestelm\u00e4t<\/strong><\/p>\n<ul>\n<li>FMP50-vaihteistoa k\u00e4ytet\u00e4\u00e4n rakeisten lannoitteiden levitysj\u00e4rjestelmiss\u00e4, joissa se k\u00e4ytt\u00e4\u00e4 mekanismia, joka vastaa rakeisten lannoitteiden levitt\u00e4misest\u00e4 maaper\u00e4\u00e4n. Vaihteisto varmistaa, ett\u00e4 lannoite annostellaan oikealla m\u00e4\u00e4r\u00e4ll\u00e4 ja levi\u00e4\u00e4 tasaisesti maaper\u00e4\u00e4n, mik\u00e4 optimoi ravinteiden saatavuuden viljelykasveille.<\/li>\n<li>N\u00e4it\u00e4 j\u00e4rjestelmi\u00e4 k\u00e4ytet\u00e4\u00e4n yleisesti useille viljelykasveille, kuten viljoille, palkokasveille ja vihanneksille, joissa tarkka lannoitteen levitys on v\u00e4ltt\u00e4m\u00e4t\u00f6nt\u00e4 terveen kasvien kasvun edist\u00e4miseksi.<\/li>\n<\/ul>\n<p>FMP50-lannoitteenkylv\u00f6koneen vaihteisto on suunniteltu varmistamaan tarkka ja tehokas lannoitteiden levitys erilaisissa viljelysovelluksissa, mik\u00e4 johtaa lopulta parempaan satoon, tehokkaampaan lannoitteiden k\u00e4ytt\u00f6\u00f6n ja kest\u00e4viin viljelyk\u00e4yt\u00e4nt\u00f6ihin.<\/p>\n<p><img loading=\"lazy\" decoding=\"async\" class=\"alignnone  wp-image-3060\" src=\"https:\/\/fmp-components.com\/wp-content\/uploads\/2025\/01\/Fertilizer-Seeder-Gearbox-EP50-Common-Applications-1.webp\" alt=\"Lannoitteen-kylv\u00f6koneen-vaihteisto-EP50-yleiset-sovellukset-1\" width=\"1103\" height=\"643\" title=\"\" srcset=\"https:\/\/fmp-components.com\/wp-content\/uploads\/2025\/01\/Fertilizer-Seeder-Gearbox-EP50-Common-Applications-1.webp 1103w, https:\/\/fmp-components.com\/wp-content\/uploads\/2025\/01\/Fertilizer-Seeder-Gearbox-EP50-Common-Applications-1-980x571.webp 980w, https:\/\/fmp-components.com\/wp-content\/uploads\/2025\/01\/Fertilizer-Seeder-Gearbox-EP50-Common-Applications-1-480x280.webp 480w\" sizes=\"(min-width: 0px) and (max-width: 480px) 480px, (min-width: 481px) and (max-width: 980px) 980px, (min-width: 981px) 1103px, 100vw\" \/><\/p>\n<h3>Tietoja FMP:st\u00e4<\/h3>\n<p>Italiassa p\u00e4\u00e4konttoriaan pit\u00e4v\u00e4 FMP on johtava valmistaja, joka tunnetaan asiantuntemuksestaan \u200b\u200btehokkaiden vaihteistojen suunnittelussa, kehitt\u00e4misess\u00e4 ja tuotannossa, ja erityisesti maatalouskonesektorilla. Tarkkuudestaan, innovaatioistaan \u200b\u200bja poikkeuksellisesta luotettavuudestaan \u200b\u200btunnettu FMP on ansainnut vahvan maineen luotettavana kumppanina sek\u00e4 maatalous- ett\u00e4 teollisuusaloilla. Laaja valikoimamme sis\u00e4lt\u00e4\u00e4 mittatilausty\u00f6n\u00e4 valmistettuja vaihteistoja ruohonleikkureille, nivelakseleille ja monipuolisen valikoiman kriittisi\u00e4 komponentteja, jotka kaikki on r\u00e4\u00e4t\u00e4l\u00f6ity vastaamaan erilaisten sovellusten ainutlaatuisia vaatimuksia.<\/p>\n<p>FMP:ll\u00e4 ymm\u00e4rr\u00e4mme, ett\u00e4 jokaisella asiakkaalla on omat erityishaasteensa ja -vaatimuksensa. Siksi olemme omistautuneet tarjoamaan r\u00e4\u00e4t\u00e4l\u00f6ityj\u00e4 ratkaisuja, olipa kyse sitten yksitt\u00e4isist\u00e4 komponenteista tai t\u00e4ysin integroiduista j\u00e4rjestelmist\u00e4. Ty\u00f6skentelem\u00e4ll\u00e4 tiiviisti asiakkaidemme kanssa varmistamme, ett\u00e4 jokainen ratkaisu ei ainoastaan \u200b\u200bvastaa heid\u00e4n tarpeisiinsa, vaan my\u00f6s parantaa kokonaissuorituskyky\u00e4 ja tarjoaa maksimaalisen arvon. Sitoutumisemme nopeisiin ja ammattimaisiin vastauksiin yhdistettyn\u00e4 asiantuntevaan ohjaukseen takaa, ett\u00e4 jokainen tiedustelu k\u00e4sitell\u00e4\u00e4n huolellisesti ja tarkasti, varmistaen optimaaliset tulokset.<\/p>\n<p>Priorisoimme avointa ja jatkuvaa viestint\u00e4\u00e4 koko tuotekehityssyklin ajan. Tiimimme ty\u00f6skentelee suoraan asiakkaiden kanssa ymm\u00e4rt\u00e4\u00e4kseen heid\u00e4n tarpeitaan syv\u00e4llisesti ja tarjoaa asiantuntijan\u00e4kemyksi\u00e4 ja suosituksia parhaiden mahdollisten tulosten saavuttamiseksi. Olipa kyse sitten innovatiivisten tuotteiden suunnittelusta tai rutiinitilausten t\u00e4ytt\u00e4misest\u00e4, FMP on sitoutunut toimittamaan korkealaatuisia, tarkasti suunniteltuja ratkaisuja ajallaan, joka kerta. Tavoitteenamme on ylitt\u00e4\u00e4 asiakkaiden odotukset tarjoamalla poikkeuksellista palvelua ja konkreettisia tuloksia jokaisessa projektissa.<\/p>\n<p>Laatu on kaiken FMP:ll\u00e4 tekem\u00e4mme kulmakivi. Noudatamme korkeimpia valmistusstandardeja ja k\u00e4yt\u00e4mme tiukkoja laadunvalvontaprosesseja varmistaaksemme, ett\u00e4 jokainen tuote t\u00e4ytt\u00e4\u00e4 ja usein ylitt\u00e4\u00e4 alan standardit. T\u00e4m\u00e4 sitoutuminen huippuosaamiseen sek\u00e4 ydinarvomme, kuten rehellisyys, tiimity\u00f6 ja sinnikkyys, ovat mahdollistaneet pitk\u00e4aikaisten ja luottamukseen perustuvien asiakassuhteiden luomisen l\u00e4hes 30 maassa maailmanlaajuisesti.<\/p>\n<p>FMP on aina halukas edist\u00e4m\u00e4\u00e4n globaaleja kumppanuuksia ja on omistautunut tarjoamaan asiantuntevaa neuvontaa ja r\u00e4\u00e4t\u00e4l\u00f6ityj\u00e4 ratkaisuja, jotka vastaavat asiakkaidemme kehittyviin tarpeisiin. Emme tyydy pelk\u00e4st\u00e4\u00e4n tuotteiden toimittamiseen; tavoitteemme on rakentaa pitk\u00e4aikaisia, molempia osapuolia hy\u00f6dytt\u00e4vi\u00e4 kumppanuuksia, jotka edist\u00e4v\u00e4t jokaisen projektin onnistumista. Tarvitsetpa sitten innovatiivisia ratkaisuja uuteen aloitteeseen tai jatkuvaa tukea olemassa olevalle j\u00e4rjestelm\u00e4lle, FMP on valmis auttamaan sinua teknisten haasteiden voittamisessa ja varmistamaan jatkuvan menestyksesi.<\/p>\n<p><img loading=\"lazy\" decoding=\"async\" class=\"alignnone wp-image-2695\" src=\"https:\/\/fmp-components.com\/wp-content\/uploads\/2025\/01\/agricultural-gearbox3.webp\" alt=\"maatalousvaihteisto\" width=\"1140\" height=\"1138\" title=\"\" srcset=\"https:\/\/fmp-components.com\/wp-content\/uploads\/2025\/01\/agricultural-gearbox3.webp 1140w, https:\/\/fmp-components.com\/wp-content\/uploads\/2025\/01\/agricultural-gearbox3-480x479.webp 480w\" sizes=\"(min-width: 0px) and (max-width: 480px) 480px, (min-width: 481px) 1140px, 100vw\" \/><\/p>\n<p>Tekij\u00e4: CX<\/p>","protected":false},"excerpt":{"rendered":"<p>Fertilizer Seeder Gearbox FMP50 Dimensions Fertilizer Seeder Gearbox FMP50 Technical Data i Suitable Rpm input Rpm output Output torque Weight Toothing r\/min r\/min N.m kg Decelerate 43.54:1 Fertilizer broadcaster, etc 1000 23 5000 55 Gleason Helical Teeth Remark: If you have any special require feel free let me know, we also accept custom. A B [&hellip;]<\/p>","protected":false},"featured_media":3059,"comment_status":"open","ping_status":"closed","template":"","meta":{"_et_pb_use_builder":"","_et_pb_old_content":"","_et_gb_content_width":""},"product_brand":[],"product_cat":[71],"product_tag":[],"class_list":{"0":"post-3057","1":"product","2":"type-product","3":"status-publish","4":"has-post-thumbnail","6":"product_cat-fertilizer-seeder-gearbox","8":"first","9":"instock","10":"shipping-taxable","11":"product-type-simple"},"_links":{"self":[{"href":"https:\/\/fmp-components.com\/fi\/wp-json\/wp\/v2\/product\/3057","targetHints":{"allow":["GET"]}}],"collection":[{"href":"https:\/\/fmp-components.com\/fi\/wp-json\/wp\/v2\/product"}],"about":[{"href":"https:\/\/fmp-components.com\/fi\/wp-json\/wp\/v2\/types\/product"}],"replies":[{"embeddable":true,"href":"https:\/\/fmp-components.com\/fi\/wp-json\/wp\/v2\/comments?post=3057"}],"wp:featuredmedia":[{"embeddable":true,"href":"https:\/\/fmp-components.com\/fi\/wp-json\/wp\/v2\/media\/3059"}],"wp:attachment":[{"href":"https:\/\/fmp-components.com\/fi\/wp-json\/wp\/v2\/media?parent=3057"}],"wp:term":[{"taxonomy":"product_brand","embeddable":true,"href":"https:\/\/fmp-components.com\/fi\/wp-json\/wp\/v2\/product_brand?post=3057"},{"taxonomy":"product_cat","embeddable":true,"href":"https:\/\/fmp-components.com\/fi\/wp-json\/wp\/v2\/product_cat?post=3057"},{"taxonomy":"product_tag","embeddable":true,"href":"https:\/\/fmp-components.com\/fi\/wp-json\/wp\/v2\/product_tag?post=3057"}],"curies":[{"name":"wp","href":"https:\/\/api.w.org\/{rel}","templated":true}]}}