{"id":3047,"date":"2025-01-04T07:16:41","date_gmt":"2025-01-04T07:16:41","guid":{"rendered":"https:\/\/fmp-components.com\/?page_id=8"},"modified":"2025-01-04T07:16:41","modified_gmt":"2025-01-04T07:16:41","slug":"double-disc-silage-machine-gearbox-fmp-qz115-for-silage-machines","status":"publish","type":"product","link":"https:\/\/fmp-components.com\/fi\/product\/double-disc-silage-machine-gearbox-fmp-qz115-for-silage-machines\/","title":{"rendered":"Kaksilevyinen s\u00e4il\u00f6rehukoneen vaihteisto FMP-QZ115 s\u00e4il\u00f6rehukoneille"},"content":{"rendered":"<h2>Kaksilevyinen s\u00e4il\u00f6rehukoneen vaihdelaatikko FMP-QZ115 Tekniset tiedot<\/h2>\n<p><img loading=\"lazy\" decoding=\"async\" class=\"alignnone size-full wp-image-3049\" src=\"https:\/\/fmp-components.com\/wp-content\/uploads\/2025\/01\/Double-Disc-Silage-Machine-Gearbox-EP-QZ115-Dimensions.webp\" alt=\"Kaksilevyisen rehukoneen vaihdelaatikko EP-QZ115 Mitat\" width=\"1237\" height=\"890\" title=\"\" srcset=\"https:\/\/fmp-components.com\/wp-content\/uploads\/2025\/01\/Double-Disc-Silage-Machine-Gearbox-EP-QZ115-Dimensions.webp 1237w, https:\/\/fmp-components.com\/wp-content\/uploads\/2025\/01\/Double-Disc-Silage-Machine-Gearbox-EP-QZ115-Dimensions-980x705.webp 980w, https:\/\/fmp-components.com\/wp-content\/uploads\/2025\/01\/Double-Disc-Silage-Machine-Gearbox-EP-QZ115-Dimensions-480x345.webp 480w\" sizes=\"(min-width: 0px) and (max-width: 480px) 480px, (min-width: 481px) and (max-width: 980px) 980px, (min-width: 981px) 1237px, 100vw\" \/><\/p>\n<h2>Kaksilevyinen s\u00e4il\u00f6rehukoneen vaihdelaatikko FMP-QZ115 Tekniset tiedot<\/h2>\n<table style=\"width: 92.4037%; height: 146px;\" border=\"1\" cellspacing=\"0\" cellpadding=\"0\">\n<tbody>\n<tr>\n<td colspan=\"2\" rowspan=\"2\">min\u00e4<\/td>\n<td rowspan=\"2\">Sopii<\/td>\n<td>Kierroslukutulo<\/td>\n<td>Kierrosluku<\/td>\n<td>L\u00e4ht\u00f6momentti<\/td>\n<td>Paino<\/td>\n<td rowspan=\"2\">Hammastus<\/td>\n<\/tr>\n<tr>\n<td>kierrosta minuutissa<\/td>\n<td>kierrosta minuutissa<\/td>\n<td>Nm<\/td>\n<td>kg<\/td>\n<\/tr>\n<tr>\n<td>Hidasta<\/td>\n<td>1: 1<\/td>\n<td>s\u00e4il\u00f6rehukoneet jne.<\/td>\n<td>1000<\/td>\n<td>1000<\/td>\n<td>580<\/td>\n<td>35<\/td>\n<td>Gleason Helical<br \/>\nHampaat<\/td>\n<\/tr>\n<tr>\n<td colspan=\"8\">Huomautus: Jos sinulla on erityisvaatimuksia, kerro siit\u00e4 minulle, hyv\u00e4ksymme my\u00f6s mittatilausty\u00f6n\u00e4 tehdyt tarjoukset.<\/td>\n<\/tr>\n<\/tbody>\n<\/table>\n<table style=\"height: 128px; width: 92.5728%;\" border=\"1\" width=\"1005\" cellspacing=\"0\" cellpadding=\"0\">\n<tbody>\n<tr>\n<td style=\"width: 27.4354%;\">A<\/td>\n<td style=\"width: 16.6998%;\">B<\/td>\n<td style=\"width: 27.9324%;\">C<\/td>\n<td style=\"width: 28.329%;\">D<\/td>\n<\/tr>\n<tr>\n<td style=\"width: 27.4354%;\">\u03a645<\/td>\n<td style=\"width: 16.6998%;\">14<\/td>\n<td style=\"width: 27.9324%;\">39.5<\/td>\n<td style=\"width: 28.329%;\">M14<\/td>\n<\/tr>\n<tr>\n<td style=\"width: 27.4354%;\">\u03a640<\/td>\n<td style=\"width: 16.6998%;\">12<\/td>\n<td style=\"width: 27.9324%;\">35<\/td>\n<td style=\"width: 28.329%;\">M12<\/td>\n<\/tr>\n<tr>\n<td style=\"width: 27.4354%;\">\u03a635<\/td>\n<td style=\"width: 16.6998%;\">10<\/td>\n<td style=\"width: 27.9324%;\">30<\/td>\n<td style=\"width: 28.329%;\">M12<\/td>\n<\/tr>\n<\/tbody>\n<\/table>\n<h2>Kaksilevyisen s\u00e4il\u00f6rehukoneen vaihdelaatikon FMP-QZ115 edut<\/h2>\n<p>Kaksilevyinen s\u00e4il\u00f6rehunkorjuukoneen vaihteisto FMP-QZ115 tarjoaa useita etuja, jotka on suunniteltu parantamaan s\u00e4il\u00f6rehun korjuutoimintojen tehokkuutta, luotettavuutta ja suorituskyky\u00e4. T\u00e4m\u00e4 vaihteisto on suunniteltu erityisesti kaksoisleikkuulevyill\u00e4 varustetuille koneille, ja sill\u00e4 on keskeinen rooli s\u00e4il\u00f6rehun korjuuprosessissa varmistamalla sujuva ja tarkka toiminta. T\u00e4ss\u00e4 ovat FMP-QZ115:n t\u00e4rkeimm\u00e4t edut:<\/p>\n<p><strong>1. Korkea tehokkuus ja v\u00e4\u00e4nt\u00f6momentin siirto<\/strong><\/p>\n<ul>\n<li>FMP-QZ115-vaihteisto on suunniteltu k\u00e4sittelem\u00e4\u00e4n suurta v\u00e4\u00e4nt\u00f6momenttia vaativia sovelluksia, ja se tarjoaa tehokkaan voimansiirron traktorin voimanottoakselilta s\u00e4il\u00f6rehun koneen niittolautasille.<\/li>\n<li>Sen kest\u00e4v\u00e4 rakenne varmistaa, ett\u00e4 teho jakautuu tasaisesti molemmille leikkuulevyille, jolloin leikkuuvoima on tasainen koko leikkuup\u00e4\u00e4ss\u00e4.<\/li>\n<li>Vaihteisto minimoi tehoh\u00e4vi\u00f6t ja maksimoi siten s\u00e4il\u00f6rehukoneen kokonaissuorituskyvyn.<\/li>\n<\/ul>\n<p><strong>2. Tarkka leikkaus korkealaatuista s\u00e4il\u00f6rehua varten<\/strong><\/p>\n<ul>\n<li>FMP-QZ115-vaihteiston voimanl\u00e4hteen\u00e4 toimiva kaksoislevyj\u00e4rjestelm\u00e4 mahdollistaa rehukasvien silppuamisen tasakokoisiksi paloiksi, mik\u00e4 on olennaista korkealaatuisen s\u00e4il\u00f6rehun varmistamiseksi.<\/li>\n<li>Leikkuulevyjen synkronoitu toiminta varmistaa tarkan ja tasaisen silpunpituuden, mik\u00e4 on ratkaisevan t\u00e4rke\u00e4\u00e4 rehun asianmukaiselle k\u00e4ymiselle ja optimaaliselle varastoinnille.<\/li>\n<li>Tarkalla silpulla s\u00e4il\u00f6rehu soveltuu paremmin karjan sulatukseen, mik\u00e4 parantaa rehun ravintoarvoa.<\/li>\n<\/ul>\n<p><strong>3. Kest\u00e4vyys ja pitk\u00e4ik\u00e4isyys<\/strong><\/p>\n<ul>\n<li>FMP-QZ115-vaihteisto on valmistettu kest\u00e4vist\u00e4 materiaaleista ja edistyneell\u00e4 suunnittelulla, mik\u00e4 varmistaa pitk\u00e4kestoisen suorituskyvyn my\u00f6s vaativissa maatalousymp\u00e4rist\u00f6iss\u00e4.<\/li>\n<li>Se on suunniteltu toimimaan tehokkaasti vaativissa olosuhteissa, kuten suuressa kuormituksessa, kosteudessa ja lialle altistumisessa, luotettavuudesta tinkim\u00e4tt\u00e4.<\/li>\n<li>Vaihteiston korkealaatuinen rakenne pident\u00e4\u00e4 koneen k\u00e4ytt\u00f6ik\u00e4\u00e4 ja v\u00e4hent\u00e4\u00e4 usein teht\u00e4vien korjausten ja huollon tarvetta.<\/li>\n<\/ul>\n<p><strong>4. Kompakti ja kevyt muotoilu<\/strong><\/p>\n<ul>\n<li>FMP-QZ115-vaihteisto on kompakti ja kevyt, joten se on helpompi integroida s\u00e4il\u00f6rehukoneeseen lis\u00e4\u00e4m\u00e4tt\u00e4 tarpeetonta painoa tai kokoa.<\/li>\n<li>T\u00e4m\u00e4 parantaa koneen yleist\u00e4 ketteryytt\u00e4 ja ohjattavuutta, mik\u00e4 mahdollistaa paremman k\u00e4sitelt\u00e4vyyden ja v\u00e4hent\u00e4\u00e4 traktoriin kohdistuvaa rasitusta.<\/li>\n<\/ul>\n<p><strong>5. V\u00e4hemm\u00e4n huoltotarvetta<\/strong><\/p>\n<ul>\n<li>Vaihteisto on suunniteltu v\u00e4h\u00e4huoltoiseksi, ja siin\u00e4 on tiivistetyt laakerit ja edistyneet voiteluj\u00e4rjestelm\u00e4t, jotka v\u00e4hent\u00e4v\u00e4t sis\u00e4isten komponenttien kulumista.<\/li>\n<li>T\u00e4m\u00e4 minimoi seisokkiajat ja alentaa kokonaiskustannuksia v\u00e4hent\u00e4m\u00e4ll\u00e4 yll\u00e4pito- ja huoltotarpeita.<\/li>\n<li>Itsevoitelevat ominaisuudet varmistavat, ett\u00e4 sis\u00e4iset osat pysyv\u00e4t asianmukaisesti \u00f6ljyttyin\u00e4, mik\u00e4 johtaa tasaisempaan toimintaan ja lis\u00e4\u00e4ntyneeseen luotettavuuteen.<\/li>\n<\/ul>\n<p>FMP-QZ115-kaksilevyinen s\u00e4il\u00f6rehunkorjuukoneen vaihteisto tarjoaa poikkeuksellisen yhdistelm\u00e4n kest\u00e4vyytt\u00e4, tarkkuutta ja tehokkuutta, mik\u00e4 tekee siit\u00e4 ihanteellisen valinnan nykyaikaiseen s\u00e4il\u00f6rehun korjuuseen. Sen edistyneet ominaisuudet parantavat s\u00e4il\u00f6rehun yleist\u00e4 laatua, v\u00e4hent\u00e4v\u00e4t yll\u00e4pitokustannuksia ja pident\u00e4v\u00e4t sek\u00e4 vaihteiston ett\u00e4 koneen k\u00e4ytt\u00f6ik\u00e4\u00e4, mik\u00e4 johtaa tuottavampaan ja kustannustehokkaampaan sadonkorjuuprosessiin.<\/p>\n<p><img loading=\"lazy\" decoding=\"async\" class=\"alignnone  wp-image-3042\" src=\"https:\/\/fmp-components.com\/wp-content\/uploads\/2025\/01\/Silage-Machine-Gearbox-EP-QZ-QGXRL-for-German-Champion-Four-Disc-Type-3500-Applications-2-1024x641-1.webp\" alt=\"S\u00e4il\u00f6rehukoneen vaihteisto-EP-QZ-QGXRL-Saksan-mestarin-nelilevyiselle-tyypin-3500-sovelluksille-2-1024x641\" width=\"1093\" height=\"684\" title=\"\" srcset=\"https:\/\/fmp-components.com\/wp-content\/uploads\/2025\/01\/Silage-Machine-Gearbox-EP-QZ-QGXRL-for-German-Champion-Four-Disc-Type-3500-Applications-2-1024x641-1.webp 1093w, https:\/\/fmp-components.com\/wp-content\/uploads\/2025\/01\/Silage-Machine-Gearbox-EP-QZ-QGXRL-for-German-Champion-Four-Disc-Type-3500-Applications-2-1024x641-1-980x613.webp 980w, https:\/\/fmp-components.com\/wp-content\/uploads\/2025\/01\/Silage-Machine-Gearbox-EP-QZ-QGXRL-for-German-Champion-Four-Disc-Type-3500-Applications-2-1024x641-1-480x300.webp 480w\" sizes=\"(min-width: 0px) and (max-width: 480px) 480px, (min-width: 481px) and (max-width: 980px) 980px, (min-width: 981px) 1093px, 100vw\" \/><\/p>\n<h2>Kaksilevyisen s\u00e4il\u00f6koneen vaihdelaatikon FMP-QZ115 sovellukset<\/h2>\n<p>FMP-QZ115-kaksilevyinen s\u00e4il\u00f6rehunkorjuukoneen vaihteisto on erityisesti suunniteltu parantamaan s\u00e4il\u00f6rehun korjuun suorituskyky\u00e4 ja tehokkuutta. Sen vankka rakenne ja tarkkuusominaisuudet tekev\u00e4t siit\u00e4 sopivan monenlaisiin maataloussovelluksiin. Alla on lueteltu FMP-QZ115-vaihteiston t\u00e4rkeimm\u00e4t k\u00e4ytt\u00f6kohteet:<\/p>\n<p><strong>1. S\u00e4il\u00f6rehun korjuu<\/strong><\/p>\n<ul>\n<li>FMP-QZ115-vaihteistoa k\u00e4ytet\u00e4\u00e4n p\u00e4\u00e4asiassa s\u00e4il\u00f6rehun korjuukoneissa, joissa se k\u00e4ytt\u00e4\u00e4 kahta leikkuulautasta, jotka vastaavat rehukasvien silppuamisesta pieniksi, tasalaatuisiksi paloiksi. N\u00e4m\u00e4 hienonnetut palat k\u00e4sitell\u00e4\u00e4n ja varastoidaan sitten s\u00e4il\u00f6rehuna.<\/li>\n<li>Vaihteisto varmistaa, ett\u00e4 traktorin voimanottoakselin (PTO) teho v\u00e4littyy tehokkaasti molemmille niittolautasille, mik\u00e4 takaa tasaisen ja luotettavan suorituskyvyn rehunkorjuussa.<\/li>\n<\/ul>\n<p><strong>2. Rehun niitto ja silppuaminen<\/strong><\/p>\n<ul>\n<li>Vaihteisto on olennainen osa koneita, jotka silppuavat erilaisia \u200b\u200brehukasveja, kuten maissia, ruohoa, sinimailasta ja muita s\u00e4il\u00f6rehulle sopivia kasveja.<\/li>\n<li>Se mahdollistaa tarkan ja tasaisen silpun, mik\u00e4 on olennaista s\u00e4il\u00f6rehun laadun ja tasaisuuden varmistamiseksi. Silpun pituuden tasaisuus parantaa k\u00e4ymisprosessia ja s\u00e4il\u00f6rehun yleist\u00e4 ravintoarvoa, mik\u00e4 tekee siit\u00e4 keskeisen ty\u00f6kalun sek\u00e4 pienimuotoisessa ett\u00e4 laajamittaisessa rehuntuotannossa.<\/li>\n<\/ul>\n<p><strong>3. Monilevyiset silppurit<\/strong><\/p>\n<ul>\n<li>FMP-QZ115 sopii erityisesti monilevyisiin rehunkorjuuj\u00e4rjestelmiin, joissa se k\u00e4ytt\u00e4\u00e4 kahta niittolautasta samanaikaisesti. T\u00e4m\u00e4 varmistaa synkronoidun toiminnan ja mahdollistaa tehokkaan ja tasaisen sadon k\u00e4sittelyn.<\/li>\n<li>K\u00e4ytt\u00e4m\u00e4ll\u00e4 useita kiekkoja samanaikaisesti, vaihteisto parantaa niittotarkkuutta ja lis\u00e4\u00e4 koko s\u00e4il\u00f6rehukoneen tuottavuutta.<\/li>\n<\/ul>\n<p><strong>4. Hein\u00e4ntuotanto<\/strong><\/p>\n<ul>\n<li>Vaihteistoa voidaan k\u00e4ytt\u00e4\u00e4 my\u00f6s hein\u00e4rehun tuotannossa, joka valmistetaan silppuamalla ja varastoimalla ruohoa tai palkokasveja korkeammassa kosteuspitoisuudessa kuin perinteist\u00e4 hein\u00e4\u00e4.<\/li>\n<li>FMP-QZ115 varmistaa, ett\u00e4 leikkuumekanismi pystyy k\u00e4sittelem\u00e4\u00e4n hein\u00e4rehun tuotantoon tyypillisesti liittyv\u00e4\u00e4 m\u00e4r\u00e4mp\u00e4\u00e4 materiaalia tehokkuudesta tai leikkuun laadusta tinkim\u00e4tt\u00e4.<\/li>\n<\/ul>\n<p><strong>5. Suurv\u00e4\u00e4nt\u00f6momentin maataloussovellukset<\/strong><\/p>\n<ul>\n<li>FMP-QZ115-vaihteisto on suunniteltu k\u00e4sittelem\u00e4\u00e4n suuria v\u00e4\u00e4nt\u00f6momentteja, ja se sopii erinomaisesti raskaisiin maatalousteht\u00e4viin, kuten tiheiden, kuitumaisten satojen tai paksujen varsien leikkaamiseen. Sen kest\u00e4v\u00e4 rakenne varmistaa, ett\u00e4 se pystyy k\u00e4sittelem\u00e4\u00e4n haastavia materiaaleja, kuten kypsi\u00e4 maissinvarsia tai puumaista rehua, ja tarjoaa suuren v\u00e4\u00e4nt\u00f6momentin suorituskyvyst\u00e4 tinkim\u00e4tt\u00e4.<\/li>\n<li>Sen korkea v\u00e4\u00e4nt\u00f6momentti tekee siit\u00e4 sopivan k\u00e4ytett\u00e4v\u00e4ksi vaativissa sadonkorjuuymp\u00e4rist\u00f6iss\u00e4, joissa tasainen ja luotettava teho on v\u00e4ltt\u00e4m\u00e4t\u00f6nt\u00e4.<\/li>\n<\/ul>\n<p>FMP-QZ115-kaksilevyinen s\u00e4il\u00f6rehunkorjuukoneen vaihteisto on olennainen s\u00e4il\u00f6rehunkorjuukoneiden tehokkuuden, luotettavuuden ja tarkkuuden parantamiseksi. Sen soveltuvuus erilaisiin viljelykasveihin, kyky k\u00e4sitell\u00e4 suurta v\u00e4\u00e4nt\u00f6momenttia vaativia sovelluksia ja monipuolinen rakenne tekev\u00e4t siit\u00e4 arvokkaan komponentin maataloustoiminnassa, jossa pyrit\u00e4\u00e4n optimoimaan s\u00e4il\u00f6rehun tuotantoa niin pieness\u00e4 kuin suuressakin mittakaavassa.<\/p>\n<p><img loading=\"lazy\" decoding=\"async\" class=\"alignnone size-full wp-image-3051\" src=\"https:\/\/fmp-components.com\/wp-content\/uploads\/2025\/01\/Double-Disc-Silage-Machine-Gearbox-EP-QZ115-Applications.webp\" alt=\"Kaksoislevyisen s\u00e4il\u00f6koneen vaihdelaatikko EP-QZ115 -sovellukset\" width=\"1024\" height=\"576\" title=\"\" srcset=\"https:\/\/fmp-components.com\/wp-content\/uploads\/2025\/01\/Double-Disc-Silage-Machine-Gearbox-EP-QZ115-Applications.webp 1024w, https:\/\/fmp-components.com\/wp-content\/uploads\/2025\/01\/Double-Disc-Silage-Machine-Gearbox-EP-QZ115-Applications-980x551.webp 980w, https:\/\/fmp-components.com\/wp-content\/uploads\/2025\/01\/Double-Disc-Silage-Machine-Gearbox-EP-QZ115-Applications-480x270.webp 480w\" sizes=\"(min-width: 0px) and (max-width: 480px) 480px, (min-width: 481px) and (max-width: 980px) 980px, (min-width: 981px) 1024px, 100vw\" \/><\/p>\n<h3>Tietoja FMP:st\u00e4<\/h3>\n<p>Italiassa p\u00e4\u00e4konttoriaan pit\u00e4v\u00e4 FMP on johtava valmistaja, joka tunnetaan asiantuntemuksestaan \u200b\u200bkorkean suorituskyvyn vaihteistojen suunnittelussa, kehitt\u00e4misess\u00e4 ja valmistuksessa, erityisesti maatalouskonesektorilla. FMP tunnetaan tarkkuudestaan, innovatiivisista ratkaisuistaan \u200b\u200bja horjumattomasta luotettavuudestaan, ja se on vakiinnuttanut asemansa luotettavana kumppanina sek\u00e4 maatalous- ett\u00e4 teollisuusaloilla. Kattava tuotevalikoimamme sis\u00e4lt\u00e4\u00e4 mittatilausty\u00f6n\u00e4 valmistettuja vaihteistoja ruohonleikkureille, nivelakseleita ja laajan valikoiman t\u00e4rkeit\u00e4 komponentteja, jotka kaikki on r\u00e4\u00e4t\u00e4l\u00f6ity vastaamaan erilaisten sovellusten monipuolisia vaatimuksia.<\/p>\n<p>FMP:ll\u00e4 ymm\u00e4rr\u00e4mme, ett\u00e4 jokainen asiakas kohtaa ainutlaatuisia haasteita ja tarpeita. Siksi olemme erikoistuneet r\u00e4\u00e4t\u00e4l\u00f6ityjen ratkaisujen tarjoamiseen, olipa kyse sitten yksitt\u00e4isist\u00e4 komponenteista tai t\u00e4ysin integroiduista j\u00e4rjestelmist\u00e4. Ty\u00f6skentelem\u00e4ll\u00e4 tiiviisti asiakkaidemme kanssa varmistamme, ett\u00e4 jokainen ratkaisu ei ainoastaan \u200b\u200bvastaa heid\u00e4n erityisvaatimuksiinsa, vaan my\u00f6s optimoi suorituskyvyn ja lis\u00e4\u00e4 merkitt\u00e4v\u00e4sti arvoa. Omistautumisemme nopeisiin ja ammattimaisiin vastauksiin sek\u00e4 asiantuntevaan ohjaukseen takaa, ett\u00e4 jokainen tiedustelu k\u00e4sitell\u00e4\u00e4n tarkasti, varmistaen parhaat tulokset joka kerta.<\/p>\n<p>Painotamme vahvasti l\u00e4pin\u00e4kyv\u00e4\u00e4 ja jatkuvaa viestint\u00e4\u00e4 koko tuotekehitysprosessin ajan. Kokenut tiimimme ty\u00f6skentelee suoraan asiakkaiden kanssa ymm\u00e4rt\u00e4\u00e4kseen heid\u00e4n tarpeitaan syv\u00e4llisesti ja tarjoaa oivaltavia suosituksia optimaalisten tulosten varmistamiseksi. Olipa kyse sitten huippuluokan tuotteiden valmistamisesta tai rutiinitilausten t\u00e4ytt\u00e4misest\u00e4, FMP on sitoutunut toimittamaan korkealaatuisia, tarkasti suunniteltuja ratkaisuja, jotka t\u00e4ytt\u00e4v\u00e4t johdonmukaisesti aikataulut. Missiomme on ylitt\u00e4\u00e4 asiakkaiden odotukset tarjoamalla poikkeuksellista palvelua ja tuloksia jokaisessa projektissa.<\/p>\n<p>FMP:ll\u00e4 laatu on kaiken toimintamme kulmakivi. Noudatamme korkeimpia valmistusstandardeja ja k\u00e4yt\u00e4mme tiukkoja laadunvalvontatoimenpiteit\u00e4 varmistaaksemme, ett\u00e4 jokainen tuote ei ainoastaan \u200b\u200b\u200b\u200bt\u00e4yt\u00e4 alan standardeja, vaan my\u00f6s ylitt\u00e4\u00e4 ne. T\u00e4m\u00e4 sitoutuminen huippuosaamiseen yhdistettyn\u00e4 ydinarvoihimme, kuten rehellisyyteen, tiimity\u00f6h\u00f6n ja sinnikkyyteen, on mahdollistanut vahvojen ja luottamukseen perustuvien asiakassuhteiden rakentamisen l\u00e4hes 30 maassa maailmanlaajuisesti.<\/p>\n<p>FMP on aina halukas edist\u00e4m\u00e4\u00e4n globaaleja kumppanuuksia ja on edelleen omistautunut tarjoamaan asiantuntevaa neuvontaa ja r\u00e4\u00e4t\u00e4l\u00f6ityj\u00e4 ratkaisuja, jotka vastaavat asiakkaidemme kehittyviin tarpeisiin. Emme tyydy pelk\u00e4st\u00e4\u00e4n tuotteiden toimittamiseen; pyrimme luomaan pitk\u00e4aikaisia \u200b\u200bkumppanuuksia, jotka edist\u00e4v\u00e4t jokaisen projektin onnistumista. Tarvitsetpa sitten innovatiivisia ratkaisuja uuteen aloitteeseen tai jatkuvaa tukea olemassa olevalle j\u00e4rjestelm\u00e4lle, FMP on valmis auttamaan sinua teknisten haasteidesi kanssa ja varmistamaan jatkuvan menestyksesi.<\/p>\n<p><img loading=\"lazy\" decoding=\"async\" class=\"alignnone wp-image-2695\" src=\"https:\/\/fmp-components.com\/wp-content\/uploads\/2025\/01\/agricultural-gearbox3.webp\" alt=\"maatalousvaihteisto\" width=\"953\" height=\"951\" title=\"\" srcset=\"https:\/\/fmp-components.com\/wp-content\/uploads\/2025\/01\/agricultural-gearbox3.webp 953w, https:\/\/fmp-components.com\/wp-content\/uploads\/2025\/01\/agricultural-gearbox3-480x479.webp 480w\" sizes=\"(min-width: 0px) and (max-width: 480px) 480px, (min-width: 481px) 953px, 100vw\" \/><\/p>\n<p>Tekij\u00e4: CX<\/p>\n<p>&nbsp;<\/p>","protected":false},"excerpt":{"rendered":"<p>Double Disc Silage Machine Gearbox FMP-QZ115 Technical Data Double Disc Silage Machine Gearbox FMP-QZ115 Technical Data i Suitable Rpm input Rpm output Output torque Weight Toothing r\/min r\/min N.m kg Decelerate 1: 1 silage machines, etc 1000 1000 580 35 Gleason Helical Teeth Remark: If you have any special require feel free let me know, [&hellip;]<\/p>","protected":false},"featured_media":3050,"comment_status":"open","ping_status":"closed","template":"","meta":{"_et_pb_use_builder":"","_et_pb_old_content":"","_et_gb_content_width":""},"product_brand":[],"product_cat":[69],"product_tag":[],"class_list":{"0":"post-3047","1":"product","2":"type-product","3":"status-publish","4":"has-post-thumbnail","6":"product_cat-silage-machine-gearbox","8":"first","9":"instock","10":"shipping-taxable","11":"product-type-simple"},"_links":{"self":[{"href":"https:\/\/fmp-components.com\/fi\/wp-json\/wp\/v2\/product\/3047","targetHints":{"allow":["GET"]}}],"collection":[{"href":"https:\/\/fmp-components.com\/fi\/wp-json\/wp\/v2\/product"}],"about":[{"href":"https:\/\/fmp-components.com\/fi\/wp-json\/wp\/v2\/types\/product"}],"replies":[{"embeddable":true,"href":"https:\/\/fmp-components.com\/fi\/wp-json\/wp\/v2\/comments?post=3047"}],"wp:featuredmedia":[{"embeddable":true,"href":"https:\/\/fmp-components.com\/fi\/wp-json\/wp\/v2\/media\/3050"}],"wp:attachment":[{"href":"https:\/\/fmp-components.com\/fi\/wp-json\/wp\/v2\/media?parent=3047"}],"wp:term":[{"taxonomy":"product_brand","embeddable":true,"href":"https:\/\/fmp-components.com\/fi\/wp-json\/wp\/v2\/product_brand?post=3047"},{"taxonomy":"product_cat","embeddable":true,"href":"https:\/\/fmp-components.com\/fi\/wp-json\/wp\/v2\/product_cat?post=3047"},{"taxonomy":"product_tag","embeddable":true,"href":"https:\/\/fmp-components.com\/fi\/wp-json\/wp\/v2\/product_tag?post=3047"}],"curies":[{"name":"wp","href":"https:\/\/api.w.org\/{rel}","templated":true}]}}