{"id":3040,"date":"2025-01-04T06:52:23","date_gmt":"2025-01-04T06:52:23","guid":{"rendered":"https:\/\/fmp-components.com\/?page_id=8"},"modified":"2025-01-04T07:03:04","modified_gmt":"2025-01-04T07:03:04","slug":"silage-machine-gearbox-fmp-qz-qgxr-l-for-german-champion-four-disc-type-3500","status":"publish","type":"product","link":"https:\/\/fmp-components.com\/fi\/product\/silage-machine-gearbox-fmp-qz-qgxr-l-for-german-champion-four-disc-type-3500\/","title":{"rendered":"S\u00e4il\u00f6rehukoneen vaihteisto FMP-QZ-QGXR\/L German Champion Four Disc -malliin (tyyppi 3500)"},"content":{"rendered":"<h2>S\u00e4il\u00f6rehukoneen vaihteiston FMP-QZ-QGXR\/L mitat<\/h2>\n<p><img loading=\"lazy\" decoding=\"async\" class=\"alignnone size-full wp-image-3043\" src=\"https:\/\/fmp-components.com\/wp-content\/uploads\/2025\/01\/Silage-Machine-Gearbox-EP-QZ-QGXRL-Dimensions-1.webp\" alt=\"S\u00e4il\u00f6rehukoneen vaihteisto-FMP-QZ-QGXRL-Mitat-1\" width=\"1522\" height=\"663\" title=\"\" srcset=\"https:\/\/fmp-components.com\/wp-content\/uploads\/2025\/01\/Silage-Machine-Gearbox-EP-QZ-QGXRL-Dimensions-1.webp 1522w, https:\/\/fmp-components.com\/wp-content\/uploads\/2025\/01\/Silage-Machine-Gearbox-EP-QZ-QGXRL-Dimensions-1-1280x558.webp 1280w, https:\/\/fmp-components.com\/wp-content\/uploads\/2025\/01\/Silage-Machine-Gearbox-EP-QZ-QGXRL-Dimensions-1-980x427.webp 980w, https:\/\/fmp-components.com\/wp-content\/uploads\/2025\/01\/Silage-Machine-Gearbox-EP-QZ-QGXRL-Dimensions-1-480x209.webp 480w\" sizes=\"(min-width: 0px) and (max-width: 480px) 480px, (min-width: 481px) and (max-width: 980px) 980px, (min-width: 981px) and (max-width: 1280px) 1280px, (min-width: 1281px) 1522px, 100vw\" \/> <img loading=\"lazy\" decoding=\"async\" class=\"alignnone size-full wp-image-3044\" src=\"https:\/\/fmp-components.com\/wp-content\/uploads\/2025\/01\/Silage-Machine-Gearbox-EP-QZ-QGXRL-Dimensions-2.webp\" alt=\"S\u00e4il\u00f6rehukoneen vaihteisto-FMP-QZ-QGXRL-Mitat-2\" width=\"1420\" height=\"914\" title=\"\" srcset=\"https:\/\/fmp-components.com\/wp-content\/uploads\/2025\/01\/Silage-Machine-Gearbox-EP-QZ-QGXRL-Dimensions-2.webp 1420w, https:\/\/fmp-components.com\/wp-content\/uploads\/2025\/01\/Silage-Machine-Gearbox-EP-QZ-QGXRL-Dimensions-2-1280x824.webp 1280w, https:\/\/fmp-components.com\/wp-content\/uploads\/2025\/01\/Silage-Machine-Gearbox-EP-QZ-QGXRL-Dimensions-2-980x631.webp 980w, https:\/\/fmp-components.com\/wp-content\/uploads\/2025\/01\/Silage-Machine-Gearbox-EP-QZ-QGXRL-Dimensions-2-480x309.webp 480w\" sizes=\"(min-width: 0px) and (max-width: 480px) 480px, (min-width: 481px) and (max-width: 980px) 980px, (min-width: 981px) and (max-width: 1280px) 1280px, (min-width: 1281px) 1420px, 100vw\" \/><\/p>\n<h2>S\u00e4il\u00f6rehukoneen vaihteiston FMP-QZ-QGXR\/L tekniset tiedot<\/h2>\n<table style=\"width: 99.2126%;\" border=\"1\" cellspacing=\"0\" cellpadding=\"0\">\n<tbody>\n<tr>\n<td style=\"width: 13.0597%;\">Nimi<\/td>\n<td style=\"width: 19.2164%;\">Sopii<\/td>\n<td style=\"width: 25.5597%;\" colspan=\"2\">K\u00e4\u00e4nny<\/td>\n<td style=\"width: 16.2313%;\">otsikkosarja<\/td>\n<td style=\"width: 128.172%;\">Hammastus<\/td>\n<\/tr>\n<tr>\n<td style=\"width: 13.0597%;\">leikkuulaatikko<\/td>\n<td style=\"width: 19.2164%;\">s\u00e4il\u00f6rehukoneet<\/td>\n<td style=\"width: 9.14179%;\">vasemmalle k\u00e4\u00e4ntyminen<\/td>\n<td style=\"width: 16.4179%;\">oikealle kierto<\/td>\n<td style=\"width: 16.2313%;\">3-sarja<\/td>\n<td style=\"width: 128.172%;\">Gleasonin kierukkahampaat<\/td>\n<\/tr>\n<tr>\n<td style=\"width: 202.239%;\" colspan=\"6\">Huomautus: Jos sinulla on erityisvaatimuksia, kerro siit\u00e4 minulle, hyv\u00e4ksymme my\u00f6s mittatilausty\u00f6n\u00e4 tehdyt tarjoukset.<\/td>\n<\/tr>\n<\/tbody>\n<\/table>\n<h2>S\u00e4il\u00f6rehun leikkuup\u00f6yd\u00e4n vaihteiston toimintaperiaate saksalaiselle Champion Four Disc -mallille (tyyppi 3500)<\/h2>\n<p>Saksalaisen Champion Four Disc (tyyppi 3500) -mallin s\u00e4il\u00f6rehunkorjuukoneen leikkuup\u00f6yd\u00e4n vaihteiston toimintaperiaate perustuu tehokkaaseen voimansiirtoon traktorin voimanottoakselilta s\u00e4il\u00f6rehunkorjuukoneen leikkuu- ja k\u00e4sittelykomponenteille. T\u00e4m\u00e4 vaihteisto on olennainen osa koneen toimintaa ja tarjoaa tarvittavan py\u00f6rimisliikkeen leikkuulautasten k\u00e4ytt\u00e4miseksi varmistaen rehukasvien tarkan silppuamisen ja k\u00e4sittelyn s\u00e4il\u00f6rehun tuotantoa varten.<\/p>\n<p><strong>1. Voimansiirto voimanottoakselista leikkuup\u00f6yd\u00e4lle<\/strong><\/p>\n<ul>\n<li>Traktorin voimanottoakseli tuottaa py\u00f6rimisvoimaa. S\u00e4il\u00f6rehukoneen leikkuup\u00f6yd\u00e4n vaihteisto on suunniteltu vastaanottamaan t\u00e4m\u00e4 voima voimanottoakselilta kytkimen kautta.<\/li>\n<li>Vaihteisto muuntaa traktorin voimanottoakselin py\u00f6rimisvoiman k\u00e4ytt\u00f6kelpoiseksi mekaaniseksi tehoksi, joka sitten v\u00e4littyy leikkuulautasille ja muille leikkuup\u00f6yd\u00e4n osille.<\/li>\n<\/ul>\n<p><strong>2. V\u00e4\u00e4nt\u00f6momentin vahvistus ja nopeuden alennus<\/strong><\/p>\n<ul>\n<li>Yksi leikkuup\u00f6yd\u00e4n vaihteiston ensisijaisista toiminnoista on nopeuden alentaminen ja v\u00e4\u00e4nt\u00f6momentin vahvistaminen. Vaihteisto alentaa voimanottoakselin suuren py\u00f6rimisnopeuden (yleens\u00e4 noin 540 tai 1000 rpm traktorin voimanottoakselin teknisist\u00e4 tiedoista riippuen) leikkuulautasten vaatimille alhaisemmille k\u00e4ytt\u00f6nopeuksille.<\/li>\n<li>Samanaikaisesti vaihteisto vahvistaa v\u00e4\u00e4nt\u00f6momenttia, jota tarvitaan leikkuulautasten ja -terien k\u00e4ytt\u00e4miseen. T\u00e4m\u00e4 varmistaa, ett\u00e4 leikkuukomponenteilla on tarvittava teho tiheiden, kuitumaisten kasvien, kuten maissin, ruohon tai sinimailan, silppuamiseen.<\/li>\n<\/ul>\n<p><strong>3. Tehonjako katkaisulaikoille<\/strong><\/p>\n<ul>\n<li>Vaihteisto jakaa v\u00e4littyv\u00e4n voiman s\u00e4il\u00f6rehun noukinp\u00e4\u00e4n nelj\u00e4lle niittolautaselle.<\/li>\n<li>Kutakin katkaisulaikkaa k\u00e4ytt\u00e4\u00e4 erikseen vaihteisto, mik\u00e4 varmistaa koneen tehokkaan ja tasaisen toiminnan my\u00f6s suuria materiaalim\u00e4\u00e4ri\u00e4 leikattaessa. Tehonjako saavutetaan vaihteiston sis\u00e4ll\u00e4 toisiinsa kytkettyjen hammaspy\u00f6rien ja akselien kautta, mik\u00e4 varmistaa tasaisen v\u00e4\u00e4nt\u00f6momentin jakautumisen jokaiselle laikalle.<\/li>\n<\/ul>\n<p><strong>4. Py\u00f6rimisnopeuden s\u00e4\u00e4t\u00f6 leikkaustarkkuuden saavuttamiseksi<\/strong><\/p>\n<ul>\n<li>Niittolautasten py\u00f6rimisnopeus on ratkaisevan t\u00e4rke\u00e4 halutun silpun pituuden ja rehun laadun saavuttamiseksi. Leikkuup\u00f6yd\u00e4n vaihteisto on suunniteltu yll\u00e4pit\u00e4m\u00e4\u00e4n tasaista py\u00f6rimisnopeutta vaihtelevissa kuormitusolosuhteissa (kuten eri satotyypeiss\u00e4 tai pelto-olosuhteissa).<\/li>\n<li>Ohjaamalla leikkuulevyjen nopeutta tarkasti vaihteisto varmistaa, ett\u00e4 rehu silputaan tasaisesti, mik\u00e4 on ratkaisevan t\u00e4rke\u00e4\u00e4 s\u00e4il\u00f6rehun asianmukaiselle k\u00e4ymiselle ja varastoinnille.<\/li>\n<\/ul>\n<p><strong>5. Levyjen synkronointi<\/strong><\/p>\n<ul>\n<li>Vaihteisto vastaa my\u00f6s kaikkien nelj\u00e4n leikkuulaikan toiminnan synkronoinnista. T\u00e4m\u00e4 varmistaa, ett\u00e4 laikat py\u00f6riv\u00e4t t\u00e4ydellisesti yhteensopivasti, mik\u00e4 on t\u00e4rke\u00e4\u00e4 tasaisen leikkuutehon yll\u00e4pit\u00e4miseksi.<\/li>\n<li>Levyjen synkronoitu py\u00f6riminen mahdollistaa tasaisen niiton ja est\u00e4\u00e4 ep\u00e4tasaisen rehun k\u00e4sittelyn, mik\u00e4 voi johtaa heikkolaatuiseen s\u00e4il\u00f6rehuun ja ep\u00e4tasaiseen k\u00e4ymiseen.<\/li>\n<\/ul>\n<p>Saksalaisen Champion Four Disc (tyyppi 3500) -mallin s\u00e4il\u00f6rehunkorjuukoneen leikkuup\u00f6yd\u00e4n vaihteisto on keskeisess\u00e4 roolissa sen varmistamisessa, ett\u00e4 s\u00e4il\u00f6rehunkorjuukoneet toimivat tehokkaasti ja ett\u00e4 nopeutta, voimansiirtoa ja lautasten synkronointia hallitaan tarkasti. Optimoimalla silppuamisprosessia vaihteisto auttaa saavuttamaan korkealaatuisen s\u00e4il\u00f6rehun ja varmistaa parhaan mahdollisen tuloksen karjanrehuksi.<\/p>\n<p><img loading=\"lazy\" decoding=\"async\" class=\"alignnone size-full wp-image-2972\" src=\"https:\/\/fmp-components.com\/wp-content\/uploads\/2025\/01\/Silage-Machine-Gearbox-for-German-Champion-Four-Disc-Type-3500-Working-Principle-scaled.webp\" alt=\"S\u00e4il\u00f6rehukoneen vaihdelaatikko Saksan-mestarin-nelilevyiseen-tyyppiin-3500-toimintaperiaate\" width=\"2560\" height=\"1212\" title=\"\" srcset=\"https:\/\/fmp-components.com\/wp-content\/uploads\/2025\/01\/Silage-Machine-Gearbox-for-German-Champion-Four-Disc-Type-3500-Working-Principle-scaled.webp 2560w, https:\/\/fmp-components.com\/wp-content\/uploads\/2025\/01\/Silage-Machine-Gearbox-for-German-Champion-Four-Disc-Type-3500-Working-Principle-1280x606.webp 1280w, https:\/\/fmp-components.com\/wp-content\/uploads\/2025\/01\/Silage-Machine-Gearbox-for-German-Champion-Four-Disc-Type-3500-Working-Principle-980x464.webp 980w, https:\/\/fmp-components.com\/wp-content\/uploads\/2025\/01\/Silage-Machine-Gearbox-for-German-Champion-Four-Disc-Type-3500-Working-Principle-480x227.webp 480w\" sizes=\"(min-width: 0px) and (max-width: 480px) 480px, (min-width: 481px) and (max-width: 980px) 980px, (min-width: 981px) and (max-width: 1280px) 1280px, (min-width: 1281px) 2560px, 100vw\" \/><\/p>\n<h2>S\u00e4il\u00f6rehukoneen vaihteiston FMP-QZ-QGXR\/L k\u00e4ytt\u00f6kohteet German Champion Four Disc -traktorille (tyyppi 3500)<\/h2>\n<p>FMP-QZ-QGXR\/L -s\u00e4il\u00f6rehunkorjuukoneen vaihteisto saksalaiselle Champion Four Disc (tyyppi 3500) -mallille on erikoisvaihteisto, joka on suunniteltu tehokkaille s\u00e4il\u00f6rehunkorjuulaitteille. T\u00e4m\u00e4 vaihteisto on erityisesti suunniteltu vastaamaan nykyaikaisen rehunk\u00e4sittelyn vaativiin vaatimuksiin varmistaen, ett\u00e4 s\u00e4il\u00f6rehunkorjuukoneet toimivat tehokkaasti ja luotettavasti erilaisissa maatalousolosuhteissa. Seuraavassa on lueteltu t\u00e4m\u00e4n vaihteiston t\u00e4rkeimm\u00e4t k\u00e4ytt\u00f6kohteet:<\/p>\n<p>1. S\u00e4il\u00f6rehun korjuu<\/p>\n<ul>\n<li>FMP-QZ-QGXR\/L-vaihteiston ensisijainen k\u00e4ytt\u00f6kohde on s\u00e4il\u00f6rehun korjuu. Se siirt\u00e4\u00e4 tehokkaasti voiman traktorin voimanottoakselilta s\u00e4il\u00f6rehunkorjuukoneen niittolevyille, jotka vastaavat rehukasvien, kuten maissin, ruohon, sinimailasen ja palkokasvien, silppuamisesta hienoksi murskatuksi materiaaliksi s\u00e4il\u00f6rehun varastointia varten.<\/li>\n<li>Monipuoliset viljelykasvit: Se pystyy k\u00e4sittelem\u00e4\u00e4n monenlaisia \u200b\u200bviljelykasveja, mukaan lukien kosteat viljelykasvit (kuten maissi) ja kuivemmat viljelykasvit (kuten hein\u00e4t ja sinimailasen), joten se sopii monipuolisiin viljelyymp\u00e4rist\u00f6ihin.<\/li>\n<\/ul>\n<p>2. Rehun silppuaminen ja leikkaaminen<\/p>\n<ul>\n<li>Vaihteisto k\u00e4ytt\u00e4\u00e4 s\u00e4il\u00f6rehun nostolaitteen niittolevyj\u00e4 varmistaen, ett\u00e4 kone silppuaa rehun tasalaatuisiksi paloiksi. Vaihteiston tarkkuus mahdollistaa tasaisen silpun pituuden, mik\u00e4 on ratkaisevan t\u00e4rke\u00e4\u00e4 oikean k\u00e4ymisen ja optimaalisen rehun laadun kannalta.<\/li>\n<li>Tarkka leikkuu: Ohjaamalla leikkuulevyjen nopeutta ja v\u00e4\u00e4nt\u00f6momenttia vaihteisto varmistaa korkealaatuisen leikkuun, mik\u00e4 on olennaista s\u00e4il\u00f6rehun ravintoarvon s\u00e4ilytt\u00e4miseksi ja sen varastointipotentiaalin optimoimiseksi.<\/li>\n<\/ul>\n<p>3. Hein\u00e4ntuotanto<\/p>\n<ul>\n<li>Vaihteistoa voidaan k\u00e4ytt\u00e4\u00e4 my\u00f6s hein\u00e4rehun tuotannossa. Hein\u00e4rehu on ruohosta tai palkokasveista valmistettua s\u00e4il\u00f6rehua, joka silputaan ja varastoidaan korkeammassa kosteuspitoisuudessa kuin perinteinen hein\u00e4.<\/li>\n<li>Kosteuden s\u00e4ilytt\u00e4minen: Vaihteisto varmistaa, ett\u00e4 kone pystyy k\u00e4sittelem\u00e4\u00e4n kosteampaa rehua tehoh\u00e4vi\u00f6itt\u00e4, mik\u00e4 tekee siit\u00e4 ihanteellisen hein\u00e4ntuotantoon, jossa kosteuspitoisuuden yll\u00e4pit\u00e4minen on olennaista.<\/li>\n<\/ul>\n<p>4. Suurv\u00e4\u00e4nt\u00f6momentin sovellukset<\/p>\n<ul>\n<li>FMP-QZ-QGXR\/L-vaihteisto on rakennettu k\u00e4sittelem\u00e4\u00e4n suurta v\u00e4\u00e4nt\u00f6momenttia vaativia sovelluksia, joten se sopii vaativiin teht\u00e4viin, kuten tiheiden, kuitumaisten satojen, kuten maissinvarsien tai kyps\u00e4n ruohon, silppuamiseen, jotka vaativat huomattavaa tehoa tehokkaaseen k\u00e4sittelyyn.<\/li>\n<li>Raskaat k\u00e4ytt\u00f6tavat: Vaihteisto on suunniteltu kest\u00e4m\u00e4\u00e4n n\u00e4iden k\u00e4ytt\u00f6jen aikana syntyv\u00e4t suuret voimat ja v\u00e4\u00e4nt\u00f6momentit, mik\u00e4 varmistaa, ett\u00e4 katkaisulaikat s\u00e4ilytt\u00e4v\u00e4t tasaisen suorituskyvyn vaativissa olosuhteissa.<\/li>\n<\/ul>\n<p>5. Raskaat maatalouskoneet<\/p>\n<ul>\n<li>Vaihteisto on suunniteltu k\u00e4ytett\u00e4v\u00e4ksi raskaissa s\u00e4il\u00f6rehukoneissa, jotka pystyv\u00e4t k\u00e4sittelem\u00e4\u00e4n suuria m\u00e4\u00e4ri\u00e4 rehua yhdell\u00e4 ty\u00f6kierroksella. T\u00e4m\u00e4 tekee siit\u00e4 ihanteellisen ratkaisun kaupallisiin maatiloihin, joissa korkea l\u00e4pimenoaika ja luotettavuus ovat kriittisi\u00e4.<\/li>\n<li>Tehokas voimansiirto: Tarjoamalla luotettavan ja tehokkaan voimansiirron leikkuumekanismiin vaihteisto edist\u00e4\u00e4 tehokasta sadonkorjuuta, mik\u00e4 v\u00e4hent\u00e4\u00e4 laajamittaisen s\u00e4il\u00f6rehun tuotannon vaatimaa aikaa ja ty\u00f6t\u00e4.<\/li>\n<\/ul>\n<p>Saksalaisen Champion Four Disc (tyyppi 3500) -s\u00e4il\u00f6rehunkorjuukoneen FMP-QZ-QGXR\/L-vaihteisto on olennainen osa tehokkaan, luotettavan ja korkealaatuisen rehunkorjuun saavuttamiseksi. Se soveltuu erinomaisesti suuriin maatalousoperaatioihin ja erilaisten satotyyppien k\u00e4sittelyyn, sill\u00e4 sen kyky k\u00e4sitell\u00e4 suurta v\u00e4\u00e4nt\u00f6momenttia, nopeudenalennusta ja monilevyj\u00e4rjestelmi\u00e4 tekee siit\u00e4 ihanteellisen laajamittaiseen maataloustoimintaan ja erilaisille satotyypeille. Vaihteiston kest\u00e4v\u00e4 rakenne ja mukautettavat ominaisuudet varmistavat, ett\u00e4 se t\u00e4ytt\u00e4\u00e4 nykyaikaisten rehunkorjuukoneiden erityistarpeet, mik\u00e4 parantaa tuottavuutta ja rehun laatua.<\/p>\n<table style=\"border-collapse: collapse; width: 100.171%; height: 13px;\" border=\"0\" width=\"128\" cellspacing=\"0\" cellpadding=\"0\">\n<tbody>\n<tr style=\"height: 13.8pt;\">\n<td style=\"height: 13px; width: 51.8993%;\" align=\"right\" width=\"64\" height=\"18\"><img loading=\"lazy\" decoding=\"async\" class=\"alignnone size-full wp-image-2971\" src=\"https:\/\/fmp-components.com\/wp-content\/uploads\/2025\/01\/Silage-Machine-Gearbox-EP-QZ-WRXL-for-German-Champion-Four-Disc-Type-3500.webp\" alt=\"S\u00e4il\u00f6rehukoneen vaihteisto-EP-QZ-WRXL-Saksan-mestarin-nelilevyiselle-tyypille-3500\" width=\"1024\" height=\"607\" title=\"\" srcset=\"https:\/\/fmp-components.com\/wp-content\/uploads\/2025\/01\/Silage-Machine-Gearbox-EP-QZ-WRXL-for-German-Champion-Four-Disc-Type-3500.webp 1024w, https:\/\/fmp-components.com\/wp-content\/uploads\/2025\/01\/Silage-Machine-Gearbox-EP-QZ-WRXL-for-German-Champion-Four-Disc-Type-3500-980x581.webp 980w, https:\/\/fmp-components.com\/wp-content\/uploads\/2025\/01\/Silage-Machine-Gearbox-EP-QZ-WRXL-for-German-Champion-Four-Disc-Type-3500-480x285.webp 480w\" sizes=\"(min-width: 0px) and (max-width: 480px) 480px, (min-width: 481px) and (max-width: 980px) 980px, (min-width: 981px) 1024px, 100vw\" \/><\/td>\n<td style=\"width: 761.412%; height: 13px;\" align=\"right\" width=\"64\"><img loading=\"lazy\" decoding=\"async\" class=\"alignnone size-full wp-image-3042\" src=\"https:\/\/fmp-components.com\/wp-content\/uploads\/2025\/01\/Silage-Machine-Gearbox-EP-QZ-QGXRL-for-German-Champion-Four-Disc-Type-3500-Applications-2-1024x641-1.webp\" alt=\"S\u00e4il\u00f6rehukoneen vaihteisto-EP-QZ-QGXRL-Saksan-mestarin-nelilevyiselle-tyypin-3500-sovelluksille-2-1024x641\" width=\"1024\" height=\"641\" title=\"\" srcset=\"https:\/\/fmp-components.com\/wp-content\/uploads\/2025\/01\/Silage-Machine-Gearbox-EP-QZ-QGXRL-for-German-Champion-Four-Disc-Type-3500-Applications-2-1024x641-1.webp 1024w, https:\/\/fmp-components.com\/wp-content\/uploads\/2025\/01\/Silage-Machine-Gearbox-EP-QZ-QGXRL-for-German-Champion-Four-Disc-Type-3500-Applications-2-1024x641-1-980x613.webp 980w, https:\/\/fmp-components.com\/wp-content\/uploads\/2025\/01\/Silage-Machine-Gearbox-EP-QZ-QGXRL-for-German-Champion-Four-Disc-Type-3500-Applications-2-1024x641-1-480x300.webp 480w\" sizes=\"(min-width: 0px) and (max-width: 480px) 480px, (min-width: 481px) and (max-width: 980px) 980px, (min-width: 981px) 1024px, 100vw\" \/><\/td>\n<\/tr>\n<\/tbody>\n<\/table>\n<h3>Tietoja FMP:st\u00e4<\/h3>\n<p>Italiassa p\u00e4\u00e4konttoriaan pit\u00e4v\u00e4 FMP on johtava valmistaja, joka tunnetaan asiantuntemuksestaan \u200b\u200bkorkean suorituskyvyn vaihteistojen suunnittelussa, kehitt\u00e4misess\u00e4 ja valmistuksessa, erityisesti maatalouskonesektorilla. FMP tunnetaan tarkkuudestaan, innovatiivisista ratkaisuistaan \u200b\u200bja horjumattomasta luotettavuudestaan, ja se on vakiinnuttanut asemansa luotettavana kumppanina sek\u00e4 maatalous- ett\u00e4 teollisuusaloilla. Kattava tuotevalikoimamme sis\u00e4lt\u00e4\u00e4 mittatilausty\u00f6n\u00e4 valmistettuja vaihteistoja ruohonleikkureille, nivelakseleita ja laajan valikoiman t\u00e4rkeit\u00e4 komponentteja, jotka kaikki on r\u00e4\u00e4t\u00e4l\u00f6ity vastaamaan erilaisten sovellusten monipuolisia vaatimuksia.<\/p>\n<p>FMP:ll\u00e4 ymm\u00e4rr\u00e4mme, ett\u00e4 jokainen asiakas kohtaa ainutlaatuisia haasteita ja tarpeita. Siksi olemme erikoistuneet r\u00e4\u00e4t\u00e4l\u00f6ityjen ratkaisujen tarjoamiseen, olipa kyse sitten yksitt\u00e4isist\u00e4 komponenteista tai t\u00e4ysin integroiduista j\u00e4rjestelmist\u00e4. Ty\u00f6skentelem\u00e4ll\u00e4 tiiviisti asiakkaidemme kanssa varmistamme, ett\u00e4 jokainen ratkaisu ei ainoastaan \u200b\u200bvastaa heid\u00e4n erityisvaatimuksiinsa, vaan my\u00f6s optimoi suorituskyvyn ja lis\u00e4\u00e4 merkitt\u00e4v\u00e4sti arvoa. Omistautumisemme nopeisiin ja ammattimaisiin vastauksiin sek\u00e4 asiantuntevaan ohjaukseen takaa, ett\u00e4 jokainen tiedustelu k\u00e4sitell\u00e4\u00e4n tarkasti, varmistaen parhaat tulokset joka kerta.<\/p>\n<p>Painotamme vahvasti l\u00e4pin\u00e4kyv\u00e4\u00e4 ja jatkuvaa viestint\u00e4\u00e4 koko tuotekehitysprosessin ajan. Kokenut tiimimme ty\u00f6skentelee suoraan asiakkaiden kanssa ymm\u00e4rt\u00e4\u00e4kseen heid\u00e4n tarpeitaan syv\u00e4llisesti ja tarjoaa oivaltavia suosituksia optimaalisten tulosten varmistamiseksi. Olipa kyse sitten huippuluokan tuotteiden valmistamisesta tai rutiinitilausten t\u00e4ytt\u00e4misest\u00e4, FMP on sitoutunut toimittamaan korkealaatuisia, tarkasti suunniteltuja ratkaisuja, jotka t\u00e4ytt\u00e4v\u00e4t johdonmukaisesti aikataulut. Missiomme on ylitt\u00e4\u00e4 asiakkaiden odotukset tarjoamalla poikkeuksellista palvelua ja tuloksia jokaisessa projektissa.<\/p>\n<p>FMP:ll\u00e4 laatu on kaiken toimintamme kulmakivi. Noudatamme korkeimpia valmistusstandardeja ja k\u00e4yt\u00e4mme tiukkoja laadunvalvontatoimenpiteit\u00e4 varmistaaksemme, ett\u00e4 jokainen tuote ei ainoastaan \u200b\u200b\u200b\u200bt\u00e4yt\u00e4 alan standardeja, vaan my\u00f6s ylitt\u00e4\u00e4 ne. T\u00e4m\u00e4 sitoutuminen huippuosaamiseen yhdistettyn\u00e4 ydinarvoihimme, kuten rehellisyyteen, tiimity\u00f6h\u00f6n ja sinnikkyyteen, on mahdollistanut vahvojen ja luottamukseen perustuvien asiakassuhteiden rakentamisen l\u00e4hes 30 maassa maailmanlaajuisesti.<\/p>\n<p>FMP on aina halukas edist\u00e4m\u00e4\u00e4n globaaleja kumppanuuksia ja on edelleen omistautunut tarjoamaan asiantuntevaa neuvontaa ja r\u00e4\u00e4t\u00e4l\u00f6ityj\u00e4 ratkaisuja, jotka vastaavat asiakkaidemme kehittyviin tarpeisiin. Emme tyydy pelk\u00e4st\u00e4\u00e4n tuotteiden toimittamiseen; pyrimme luomaan pitk\u00e4aikaisia \u200b\u200bkumppanuuksia, jotka edist\u00e4v\u00e4t jokaisen projektin onnistumista. Tarvitsetpa sitten innovatiivisia ratkaisuja uuteen aloitteeseen tai jatkuvaa tukea olemassa olevalle j\u00e4rjestelm\u00e4lle, FMP on valmis auttamaan sinua teknisten haasteidesi kanssa ja varmistamaan jatkuvan menestyksesi.<\/p>\n<p><img loading=\"lazy\" decoding=\"async\" class=\"alignnone wp-image-2695\" src=\"https:\/\/fmp-components.com\/wp-content\/uploads\/2025\/01\/agricultural-gearbox3.webp\" alt=\"maatalousvaihteisto\" width=\"953\" height=\"951\" title=\"\" srcset=\"https:\/\/fmp-components.com\/wp-content\/uploads\/2025\/01\/agricultural-gearbox3.webp 953w, https:\/\/fmp-components.com\/wp-content\/uploads\/2025\/01\/agricultural-gearbox3-480x479.webp 480w\" sizes=\"(min-width: 0px) and (max-width: 480px) 480px, (min-width: 481px) 953px, 100vw\" \/><\/p>\n<p>Tekij\u00e4: CX<\/p>","protected":false},"excerpt":{"rendered":"<p>Silage Machine Gearbox FMP-QZ-QGXR\/L Dimensions Silage Machine Gearbox FMP-QZ-QGXR\/L Technical Data Name Suitable Turn header series Toothing cutting box silage machines left turn dextrorotation 3 series Gleason Helical Teeth Remark: If you have any special require feel free let me know, we also accept custom. Working Principle of Silage Machine Header Gearbox for German Champion [&hellip;]<\/p>","protected":false},"featured_media":3041,"comment_status":"open","ping_status":"closed","template":"","meta":{"_et_pb_use_builder":"","_et_pb_old_content":"","_et_gb_content_width":""},"product_brand":[],"product_cat":[69],"product_tag":[],"class_list":{"0":"post-3040","1":"product","2":"type-product","3":"status-publish","4":"has-post-thumbnail","6":"product_cat-silage-machine-gearbox","8":"first","9":"instock","10":"shipping-taxable","11":"product-type-simple"},"_links":{"self":[{"href":"https:\/\/fmp-components.com\/fi\/wp-json\/wp\/v2\/product\/3040","targetHints":{"allow":["GET"]}}],"collection":[{"href":"https:\/\/fmp-components.com\/fi\/wp-json\/wp\/v2\/product"}],"about":[{"href":"https:\/\/fmp-components.com\/fi\/wp-json\/wp\/v2\/types\/product"}],"replies":[{"embeddable":true,"href":"https:\/\/fmp-components.com\/fi\/wp-json\/wp\/v2\/comments?post=3040"}],"wp:featuredmedia":[{"embeddable":true,"href":"https:\/\/fmp-components.com\/fi\/wp-json\/wp\/v2\/media\/3041"}],"wp:attachment":[{"href":"https:\/\/fmp-components.com\/fi\/wp-json\/wp\/v2\/media?parent=3040"}],"wp:term":[{"taxonomy":"product_brand","embeddable":true,"href":"https:\/\/fmp-components.com\/fi\/wp-json\/wp\/v2\/product_brand?post=3040"},{"taxonomy":"product_cat","embeddable":true,"href":"https:\/\/fmp-components.com\/fi\/wp-json\/wp\/v2\/product_cat?post=3040"},{"taxonomy":"product_tag","embeddable":true,"href":"https:\/\/fmp-components.com\/fi\/wp-json\/wp\/v2\/product_tag?post=3040"}],"curies":[{"name":"wp","href":"https:\/\/api.w.org\/{rel}","templated":true}]}}