{"id":304,"date":"2024-12-09T06:10:04","date_gmt":"2024-12-09T06:10:04","guid":{"rendered":"https:\/\/fmp-components.com\/?page_id=8"},"modified":"2024-12-09T06:44:10","modified_gmt":"2024-12-09T06:44:10","slug":"forklift-lifting-hydraulic-cylinder","status":"publish","type":"product","link":"https:\/\/fmp-components.com\/fi\/product\/forklift-lifting-hydraulic-cylinder\/","title":{"rendered":"Trukin nostohydraulinen sylinteri"},"content":{"rendered":"<p style=\"text-align: center;\"><span style=\"font-size: 24pt;\">Trukin nostohydraulinen sylinteri<\/span><\/p>\n<h2><img loading=\"lazy\" decoding=\"async\" class=\"alignnone wp-image-311\" src=\"https:\/\/fmp-components.com\/wp-content\/uploads\/2024\/12\/Forklift-Lifting-Hydraulic-Cylinder-2.webp\" alt=\"Trukin nostolaite-hydraulinen-sylinteri\" width=\"931\" height=\"931\" title=\"\" srcset=\"https:\/\/fmp-components.com\/wp-content\/uploads\/2024\/12\/Forklift-Lifting-Hydraulic-Cylinder-2.webp 931w, https:\/\/fmp-components.com\/wp-content\/uploads\/2024\/12\/Forklift-Lifting-Hydraulic-Cylinder-2-480x480.webp 480w\" sizes=\"(min-width: 0px) and (max-width: 480px) 480px, (min-width: 481px) 931px, 100vw\" \/><\/h2>\n<h2><strong>Trukin nostohydraulisylinterin mitat:<\/strong><\/h2>\n<p><img loading=\"lazy\" decoding=\"async\" class=\"alignnone size-full wp-image-306\" src=\"https:\/\/fmp-components.com\/wp-content\/uploads\/2024\/12\/Forklift-Lifting-Hydraulic-Cylinder-Dimensions.webp\" alt=\"Trukin nostolaitteen hydraulisylinterin mitat\" width=\"1024\" height=\"403\" title=\"\" srcset=\"https:\/\/fmp-components.com\/wp-content\/uploads\/2024\/12\/Forklift-Lifting-Hydraulic-Cylinder-Dimensions.webp 1024w, https:\/\/fmp-components.com\/wp-content\/uploads\/2024\/12\/Forklift-Lifting-Hydraulic-Cylinder-Dimensions-980x386.webp 980w, https:\/\/fmp-components.com\/wp-content\/uploads\/2024\/12\/Forklift-Lifting-Hydraulic-Cylinder-Dimensions-480x189.webp 480w\" sizes=\"(min-width: 0px) and (max-width: 480px) 480px, (min-width: 481px) and (max-width: 980px) 980px, (min-width: 981px) 1024px, 100vw\" \/><\/p>\n<table border=\"1\" cellspacing=\"0\" cellpadding=\"0\">\n<tbody>\n<tr>\n<td width=\"246\">Sylinterin nimi<\/td>\n<td width=\"336\">piirustusnumero<\/td>\n<td width=\"126\">rei\u00e4n halkaisija (D)<\/td>\n<td width=\"123\">tangon halkaisija (d)<\/td>\n<td width=\"114\">aivohalvaus (S)<\/td>\n<td width=\"170\">Asennuset\u00e4isyys (L)<\/td>\n<td width=\"172\">ty\u00f6paine<\/td>\n<td width=\"366\">Liit\u00e4nn\u00e4n mitat (M)<\/td>\n<td width=\"96\">paino<\/td>\n<\/tr>\n<tr>\n<td class=\"et3\" width=\"246\" height=\"153\">Nostosylinteri<\/td>\n<td class=\"et4\" width=\"336\">N30M300-5\/400000-000<\/td>\n<td class=\"et4\" width=\"126\">\u03a656<\/td>\n<td class=\"et4\" width=\"123\">\u03a645<\/td>\n<td class=\"et4\" width=\"114\">1500<\/td>\n<td class=\"et4\" width=\"170\">1658<\/td>\n<td class=\"et4\" width=\"172\">18,1 MPa<\/td>\n<td class=\"et4\" width=\"366\">G1\/2<\/td>\n<td class=\"et4\" width=\"96\">32,6 kg<\/td>\n<\/tr>\n<tr>\n<td class=\"et3\" width=\"246\" height=\"153\">Nostosylinteri<\/td>\n<td class=\"et4\">A2A30M300-400000-000<\/td>\n<td class=\"et4\">\u03a656<\/td>\n<td class=\"et4\">\u03a645<\/td>\n<td class=\"et4\">1500<\/td>\n<td class=\"et4\">1658<\/td>\n<td class=\"et4\">18,1 MPa<\/td>\n<td class=\"et4\">M22*1.5<\/td>\n<td class=\"et4\">36 kg<\/td>\n<\/tr>\n<tr>\n<td class=\"et3\" width=\"246\" height=\"153\">Nostosylinteri<\/td>\n<td class=\"et4\">3,5N4,5H-400000-003<\/td>\n<td class=\"et4\">\u03a660<\/td>\n<td class=\"et4\">\u03a645<\/td>\n<td class=\"et4\">1505<\/td>\n<td class=\"et4\">1780<\/td>\n<td class=\"et4\">17,5 MPa<\/td>\n<td class=\"et4\">M22*1.5<\/td>\n<td class=\"et4\">41 kg<\/td>\n<\/tr>\n<tr>\n<td class=\"et3\" width=\"246\" height=\"153\">Nostosylinteri<\/td>\n<td class=\"et4\">N35M300-5\/400000-001A<\/td>\n<td class=\"et4\">\u03a660<\/td>\n<td class=\"et4\">\u03a645<\/td>\n<td class=\"et4\">1500<\/td>\n<td class=\"et4\">1808<\/td>\n<td class=\"et4\">18,1 MPa<\/td>\n<td class=\"et4\">G1\/2<\/td>\n<td class=\"et4\">46 kg<\/td>\n<\/tr>\n<tr>\n<td class=\"et3\" width=\"246\" height=\"153\">Nostosylinteri<\/td>\n<td class=\"et4\">A2A35M300-400000-000<\/td>\n<td class=\"et4\">\u03a660<\/td>\n<td class=\"et4\">\u03a645<\/td>\n<td class=\"et4\">1500<\/td>\n<td class=\"et4\">1808<\/td>\n<td class=\"et4\">18,1 MPa<\/td>\n<td class=\"et4\">M22*1.5<\/td>\n<td class=\"et4\">50 kg<\/td>\n<\/tr>\n<\/tbody>\n<\/table>\n<h3>Trukin nostohydraulisylinterin ominaisuudet<\/h3>\n<p><strong>Suuri nostokapasiteetti<\/strong><br \/>\nTrukin nostohydraulinen sylinteri on suunniteltu k\u00e4sittelem\u00e4\u00e4n raskaita kuormia ja tarjoaa tarvittavan voiman huomattavien painojen nostamiseen. Kest\u00e4v\u00e4n rakenteensa ja korkeapainehydrauliikkaj\u00e4rjestelm\u00e4ns\u00e4 ansiosta se varmistaa tavaroiden, kuormalavojen ja laitteiden sujuvan ja tehokkaan nostamisen. Sylinterin lujuus on elint\u00e4rke\u00e4\u00e4 varastoissa, jakelukeskuksissa ja tuotantolaitoksissa toimiville trukeille, joissa nostokapasiteetti on olennaista suurten ja tilaa vievien esineiden turvalliseen ja tehokkaaseen k\u00e4sittelyyn.<\/p>\n<p><strong>Kest\u00e4vyys ja luotettavuus<\/strong><br \/>\nTrukin nostohydraulisylinterit on rakennettu kest\u00e4m\u00e4\u00e4n ankaria ty\u00f6olosuhteita, kuten raskaita ty\u00f6syklej\u00e4 ja \u00e4\u00e4rimm\u00e4isi\u00e4 ymp\u00e4rist\u00f6tekij\u00f6it\u00e4. Korkealaatuisista materiaaleista valmistetut sylinterit kest\u00e4v\u00e4t kulumista, korroosiota ja usein toistuvan k\u00e4yt\u00f6n aiheuttamia vaurioita. Sylinterin luotettava suorituskyky varmistaa, ett\u00e4 trukki toimii minimaalisilla seisokkiajoilla, mik\u00e4 on ratkaisevan t\u00e4rke\u00e4\u00e4 tuottavuuden yll\u00e4pit\u00e4miseksi nopeatempoisissa ymp\u00e4rist\u00f6iss\u00e4. S\u00e4\u00e4nn\u00f6llinen huolto ja tarkastus varmistavat, ett\u00e4 n\u00e4m\u00e4 sylinterit toimivat jatkuvasti optimaalisella tasolla, mik\u00e4 parantaa laitteiden k\u00e4ytt\u00f6ik\u00e4\u00e4.<\/p>\n<p><strong>Sujuva ja tarkka toiminta<\/strong><br \/>\nTrukin nostohydraulinen sylinteri mahdollistaa sujuvat ja tarkat nosto- ja laskutoiminnot. Hydraulij\u00e4rjestelm\u00e4 mahdollistaa hallitun, asteittaisen liikkeen, mik\u00e4 v\u00e4hent\u00e4\u00e4 nykivien liikkeiden tai \u00e4killisten siirtymien riski\u00e4, \u200b\u200bjotka voisivat vahingoittaa kuormaa tai vaarantaa turvallisuuden. T\u00e4m\u00e4 tarkka ohjaus parantaa kuljettajan itseluottamusta ja tehokkuutta, sill\u00e4 he voivat nostaa ja sijoittaa kuormia tarkasti my\u00f6s ahtaissa tai vaativissa tilanteissa. Tuloksena on turvallisempi ja tehokkaampi nostotoiminto, joka parantaa trukin yleist\u00e4 suorituskyky\u00e4.<\/p>\n<h3><img loading=\"lazy\" decoding=\"async\" class=\"alignnone size-full wp-image-310\" src=\"https:\/\/fmp-components.com\/wp-content\/uploads\/2024\/12\/Forklift-Lifting-Hydraulic-Cylinder-1.webp\" alt=\"Trukin nostolaite-hydraulinen-sylinteri\" width=\"1280\" height=\"720\" title=\"\" srcset=\"https:\/\/fmp-components.com\/wp-content\/uploads\/2024\/12\/Forklift-Lifting-Hydraulic-Cylinder-1.webp 1280w, https:\/\/fmp-components.com\/wp-content\/uploads\/2024\/12\/Forklift-Lifting-Hydraulic-Cylinder-1-980x551.webp 980w, https:\/\/fmp-components.com\/wp-content\/uploads\/2024\/12\/Forklift-Lifting-Hydraulic-Cylinder-1-480x270.webp 480w\" sizes=\"(min-width: 0px) and (max-width: 480px) 480px, (min-width: 481px) and (max-width: 980px) 980px, (min-width: 981px) 1280px, 100vw\" \/><\/h3>\n<h3>Tietoja FMP:st\u00e4<\/h3>\n<p>FMP on hydraulisylintereihin erikoistunut valmistaja, joka keskittyy vahvasti tutkimukseen ja tuotantoon. Perustamisestaan \u200b\u200bl\u00e4htien yritys on johdonmukaisesti keskittynyt hydraulisylintereiden kehitt\u00e4miseen ja kehittynyt erilaisten tuotteiden, kuten sadonkorjuu- ja rakennuskoneiden, tuotannosta maataloustraktorien komponentteihin erikoistumiseen. Yli vuosikymmenen valmistusosaamisen, johtamiskokemuksen ja edistyneen tuotantoteknologian ansiosta FMP takaa tuotteidensa korkeimman laadun.<\/p>\n<p>Yrityksen kasvaessa ammatillisesti se on perustanut kattavan koneistuslinjan, kokoonpanolinjan ja pinnoituslinjan. FMP:t\u00e4 tukee omistautunut tiimi, johon kuuluu kokeneita johtohenkil\u00f6it\u00e4, taitavia mekaanisia suunnittelijoita ja korkeasti koulutettuja teknisi\u00e4 ty\u00f6ntekij\u00f6it\u00e4. T\u00e4m\u00e4 varmistaa vakaan tuotteen laadun samalla, kun prosessin jatkuvuutta ja tuotannon yleist\u00e4 tehokkuutta hallitaan tehokkaasti.<\/p>\n<p>FMP noudattaa ydinarvoja, jotka ovat \u201dTeknologinen innovaatio edistyksen vauhdittajana, laatua luovat br\u00e4ndit, laadun varmistava k\u00e4sity\u00f6taito ja pitk\u00e4aikaisten, molempia osapuolia hy\u00f6dytt\u00e4vien suhteiden rakentaminen\u201d. Yritys on edelleen sitoutunut tarjoamaan korkealaatuisia tuotteita ja samalla erinomaista asiakaspalvelua pyrkien aina vastaamaan markkinoiden kehittyviin tarpeisiin.<\/p>\n<p><img loading=\"lazy\" decoding=\"async\" class=\"alignnone wp-image-303\" src=\"https:\/\/fmp-components.com\/wp-content\/uploads\/2024\/12\/hydraulic-cylinder-factory-11_1.webp\" alt=\"hydraulisylinteritehdas\" width=\"917\" height=\"1003\" title=\"\" srcset=\"https:\/\/fmp-components.com\/wp-content\/uploads\/2024\/12\/hydraulic-cylinder-factory-11_1.webp 917w, https:\/\/fmp-components.com\/wp-content\/uploads\/2024\/12\/hydraulic-cylinder-factory-11_1-480x525.webp 480w\" sizes=\"(min-width: 0px) and (max-width: 480px) 480px, (min-width: 481px) 917px, 100vw\" \/><\/p>\n<table style=\"width: 100%;\" border=\"1\" width=\"100%\" cellspacing=\"0\" cellpadding=\"0\">\n<tbody>\n<tr>\n<td style=\"width: 41.9294%;\" width=\"226\"><img loading=\"lazy\" decoding=\"async\" class=\"alignnone size-full wp-image-309\" src=\"https:\/\/fmp-components.com\/wp-content\/uploads\/2024\/12\/Forklift-Tilt-Hydraulic-Cylinder.webp\" alt=\"Trukin kallistushydraulinen sylinteri\" width=\"1000\" height=\"750\" title=\"\" srcset=\"https:\/\/fmp-components.com\/wp-content\/uploads\/2024\/12\/Forklift-Tilt-Hydraulic-Cylinder.webp 1000w, https:\/\/fmp-components.com\/wp-content\/uploads\/2024\/12\/Forklift-Tilt-Hydraulic-Cylinder-980x735.webp 980w, https:\/\/fmp-components.com\/wp-content\/uploads\/2024\/12\/Forklift-Tilt-Hydraulic-Cylinder-480x360.webp 480w\" sizes=\"(min-width: 0px) and (max-width: 480px) 480px, (min-width: 481px) and (max-width: 980px) 980px, (min-width: 981px) 1000px, 100vw\" \/><\/td>\n<td style=\"width: 55.6484%;\" width=\"64\"><img loading=\"lazy\" decoding=\"async\" class=\"alignnone wp-image-283\" src=\"https:\/\/fmp-components.com\/wp-content\/uploads\/2024\/12\/hydraulic-cylinder-factory-5.webp\" alt=\"hydraulisylinteritehdas\" width=\"542\" height=\"312\" title=\"\"><\/td>\n<\/tr>\n<\/tbody>\n<\/table>\n<p>Tekij\u00e4: CX<\/p>","protected":false},"excerpt":{"rendered":"<p>Trukin nostosylinteri vastaa raskaiden kuormien nostamiseen ja laskemiseen tarvittavasta pystysuorasta nostovoimasta. T\u00e4m\u00e4 sylinteri k\u00e4ytt\u00e4\u00e4 hydraulipainetta trukin maston ja lis\u00e4laitteiden nostamiseen, jolloin k\u00e4ytt\u00e4j\u00e4t voivat k\u00e4sitell\u00e4 ja siirt\u00e4\u00e4 lavoja, kontteja ja muita materiaaleja tehokkaasti. Nostosylinteri on suunniteltu kest\u00e4m\u00e4\u00e4n korkeita paineita ja raskaita toimintoja, ja se varmistaa sujuvat ja hallitut nostoliikkeet s\u00e4ilytt\u00e4en vakauden ja turvallisuuden my\u00f6s suuria tai tilaa vievi\u00e4 esineit\u00e4 k\u00e4sitelt\u00e4ess\u00e4. Sen kest\u00e4v\u00e4 rakenne tekee siit\u00e4 olennaisen komponentin varastoissa, jakelukeskuksissa ja muissa teollisuusymp\u00e4rist\u00f6iss\u00e4 k\u00e4ytett\u00e4ville trukeille, joissa luotettava ja tehokas nosto on kriittist\u00e4 tuottavuuden kannalta.<\/p>","protected":false},"featured_media":311,"comment_status":"open","ping_status":"closed","template":"","meta":{"_et_pb_use_builder":"","_et_pb_old_content":"","_et_gb_content_width":""},"product_brand":[],"product_cat":[20],"product_tag":[],"class_list":{"0":"post-304","1":"product","2":"type-product","3":"status-publish","4":"has-post-thumbnail","6":"product_cat-forklift-hydraulic-cylinders","8":"first","9":"instock","10":"shipping-taxable","11":"product-type-simple"},"_links":{"self":[{"href":"https:\/\/fmp-components.com\/fi\/wp-json\/wp\/v2\/product\/304","targetHints":{"allow":["GET"]}}],"collection":[{"href":"https:\/\/fmp-components.com\/fi\/wp-json\/wp\/v2\/product"}],"about":[{"href":"https:\/\/fmp-components.com\/fi\/wp-json\/wp\/v2\/types\/product"}],"replies":[{"embeddable":true,"href":"https:\/\/fmp-components.com\/fi\/wp-json\/wp\/v2\/comments?post=304"}],"wp:featuredmedia":[{"embeddable":true,"href":"https:\/\/fmp-components.com\/fi\/wp-json\/wp\/v2\/media\/311"}],"wp:attachment":[{"href":"https:\/\/fmp-components.com\/fi\/wp-json\/wp\/v2\/media?parent=304"}],"wp:term":[{"taxonomy":"product_brand","embeddable":true,"href":"https:\/\/fmp-components.com\/fi\/wp-json\/wp\/v2\/product_brand?post=304"},{"taxonomy":"product_cat","embeddable":true,"href":"https:\/\/fmp-components.com\/fi\/wp-json\/wp\/v2\/product_cat?post=304"},{"taxonomy":"product_tag","embeddable":true,"href":"https:\/\/fmp-components.com\/fi\/wp-json\/wp\/v2\/product_tag?post=304"}],"curies":[{"name":"wp","href":"https:\/\/api.w.org\/{rel}","templated":true}]}}