{"id":2967,"date":"2025-01-04T05:29:29","date_gmt":"2025-01-04T05:29:29","guid":{"rendered":"https:\/\/fmp-components.com\/product\/ningbo-bridge-integrated-type-steering-cylinder\/"},"modified":"2025-01-04T05:38:17","modified_gmt":"2025-01-04T05:38:17","slug":"ningbo-bridge-integrated-type-steering-cylinder","status":"publish","type":"product","link":"https:\/\/fmp-components.com\/fi\/product\/ningbo-bridge-integrated-type-steering-cylinder\/","title":{"rendered":"Ningbo Bridgen integroitu ohjaussylinteri"},"content":{"rendered":"<p style=\"text-align: center;\"><span style=\"font-size: 18pt;\">Ningbo Bridgen integroitu ohjaussylinteri<\/span><\/p>\n<p><img loading=\"lazy\" decoding=\"async\" class=\"aligncenter wp-image-1012839\" src=\"https:\/\/images.hzpt.com\/2024\/11\/steering-cylinder-integral-1.webp\" alt=\"\" width=\"400\" height=\"400\" title=\"\"><\/p>\n<p>Ningbo Bridgen integroitu ohjaussylinteri on olennainen osa raskaiden koneiden ja ajoneuvojen ohjausj\u00e4rjestelmi\u00e4, erityisesti sillanrakennuksessa. T\u00e4m\u00e4 hydraulinen toimilaite parantaa merkitt\u00e4v\u00e4sti ohjattavuutta ja tarkkuutta, joten se on v\u00e4ltt\u00e4m\u00e4t\u00f6n hankinta luotettavuutta ja tehokkuutta etsiville k\u00e4ytt\u00e4jille.<\/p>\n<p>Sylinterin kest\u00e4v\u00e4 rakenne ja poikkeuksellinen suorituskyky vaativissa sovelluksissa erottavat sen muista hydraulisista toimilaitteista. Sen integroitu rakenne tarjoaa vertaansa vailla olevaa kest\u00e4vyytt\u00e4 ja tarkkuutta, mik\u00e4 tekee siit\u00e4 kriittisen voimavaran rakennus- ja konepajateollisuudessa.<\/p>\n<p>Noudattamalla parhaita k\u00e4ytt\u00f6- ja huoltok\u00e4yt\u00e4nt\u00f6j\u00e4 k\u00e4ytt\u00e4j\u00e4t voivat hy\u00f6dynt\u00e4\u00e4 t\u00e4m\u00e4n hydraulisen toimilaitteen t\u00e4yden potentiaalin varmistaen optimaalisen suorituskyvyn ja pitk\u00e4n k\u00e4ytt\u00f6i\u00e4n. Ningbo Bridgen integroituun ohjaussylinteriin investoiminen tarkoittaa tehokkuuden parantamista ja erinomaisen ohjauksen hallinnan saavuttamista toiminnoissasi. P\u00e4ivit\u00e4 koneesi jo t\u00e4n\u00e4\u00e4n ja koe ero!<\/p>\n<h3>Ningbo Bridgen integroitu ohjaussylinterin parametri:<\/h3>\n<p><strong>Sylinterin halkaisija:<\/strong> 50 mm<\/p>\n<p><strong>Tangon halkaisija:<\/strong> 25 mm<\/p>\n<p><strong>Matkustaa:<\/strong> 130 mm<\/p>\n<p><strong>Asennuset\u00e4isyys:<\/strong> 487 mm<\/p>\n<h2>Ningbo Bridgen integroidun ohjaussylinterin t\u00e4rkeimm\u00e4t ominaisuudet:<\/h2>\n<h3>Integroitu suunnittelu<\/h3>\n<p>Ningbo-sillan ohjaussylinterin integroitu rakenne yhdist\u00e4\u00e4 useita komponentteja yhdeksi tehokkaaksi yksik\u00f6ksi. T\u00e4m\u00e4 innovaatio yksinkertaistaa asennusta ja minimoi mekaanisten vikojen mahdollisuuden. V\u00e4hemm\u00e4n osia tarkoittaa v\u00e4hemm\u00e4n monimutkaisuutta, mik\u00e4 johtaa:<\/p>\n<p>\u2013 Virtaviivaistettu huolto: Kun tarkastettavia ja vaihdettavia komponentteja on v\u00e4hemm\u00e4n, huolto on nopeampaa ja kustannustehokkaampaa.<br \/>\n\u2013 Parannettu luotettavuus: Yhten\u00e4inen j\u00e4rjestelm\u00e4 v\u00e4hent\u00e4\u00e4 l\u00f6ysist\u00e4 liitoksista tai v\u00e4\u00e4rin kohdistetuista osista johtuvien ongelmien todenn\u00e4k\u00f6isyytt\u00e4.<\/p>\n<h3>Poikkeuksellinen kest\u00e4vyys<\/h3>\n<p>Ningbo Bridgen ohjaussylinteri on rakennettu selviytym\u00e4\u00e4n haastavimmistakin olosuhteista, ja sen kest\u00e4vyys on huomattava. Keskeisi\u00e4 ominaisuuksia ovat:<\/p>\n<p>\u2013 Kest\u00e4\u00e4 \u00e4\u00e4rimm\u00e4isi\u00e4 paineita: T\u00e4m\u00e4 sylinteri on suunniteltu toimimaan korkeissa hydraulisissa paineissa, mik\u00e4 varmistaa, ett\u00e4 se pystyy k\u00e4sittelem\u00e4\u00e4n vaativia sovelluksia suorituskyky\u00e4 vaarantamatta.<br \/>\n\u2013 Ymp\u00e4rist\u00f6nkest\u00e4vyys: Sylinteri s\u00e4ilytt\u00e4\u00e4 eheytens\u00e4 riippumatta siit\u00e4, altistuuko se ankaralle s\u00e4\u00e4lle, p\u00f6lylle tai kosteudelle, joten se soveltuu ulkok\u00e4ytt\u00f6\u00f6n ja vaativiin ymp\u00e4rist\u00f6ihin.<\/p>\n<h3>Tarkkuusohjaus<\/h3>\n<p>Tarkkuus on ratkaisevan t\u00e4rke\u00e4\u00e4 ohjaussovelluksissa, ja t\u00e4m\u00e4 sylinteri tarjoaa erinomaisesti:<\/p>\n<p>\u2013 Reagoiva suorituskyky: Kuljettajat voivat odottaa nopeita ja tarkkoja ohjausvasteita, jotka ovat elint\u00e4rkeit\u00e4 monimutkaisilla ty\u00f6mailla navigoinnissa.<br \/>\n\u2013 Parannettu ohjattavuus: Sylinterin rakenne mahdollistaa hienos\u00e4\u00e4detyn hallinnan, mik\u00e4 helpottaa tiukkojen k\u00e4\u00e4nn\u00f6sten tekemist\u00e4 ja esteiden ylitt\u00e4mist\u00e4.<\/p>\n<h3>Kompakti koko<\/h3>\n<p>Ningbo-sillan ohjaussylinterin kompakti rakenne on merkitt\u00e4v\u00e4 etu nykyaikaisissa koneissa:<\/p>\n<p>\u2013 Tilaa s\u00e4\u00e4st\u00e4v\u00e4 ratkaisu: T\u00e4m\u00e4 sylinteri sopii ihanteellisesti rajoitettuihin sovelluksiin, ja se sopii saumattomasti ahtaisiin kokoonpanoihin suorituskyvyst\u00e4 tinkim\u00e4tt\u00e4.<br \/>\n\u2013 Monipuoliset k\u00e4ytt\u00f6kohteet: Mukautettava kokonsa ansiosta se sopii erilaisiin koneisiin rakennuskoneista erikoisajoneuvoihin, mik\u00e4 parantaa yleist\u00e4 toiminnan joustavuutta.<\/p>\n<h2>Ningbo Bridgen integroitu ohjaussylinterin k\u00e4ytt\u00f6:<\/h2>\n<p><img loading=\"lazy\" decoding=\"async\" class=\"alignnone wp-image-1012840 size-full\" src=\"https:\/\/images.hzpt.com\/2024\/11\/steering-cylinder-integral-application.webp\" alt=\"\" width=\"1072\" height=\"603\" title=\"\"><\/p>\n<h2>Ningbo Bridgen integroidun ohjaussylinterin k\u00e4ytt\u00f6tapa:<\/h2>\n<p>Ningbo Bridgen integroidun ohjaussylinterin k\u00e4ytt\u00f6 on yksinkertaista, joten k\u00e4ytt\u00e4jien on helppo integroida se koneisiinsa:<\/p>\n<ol>\n<li>Asennus:\n<ul>\n<li>Kiinnit\u00e4 sylinteri ajoneuvon tai koneen sille tarkoitettuun kiinnityskohtaan.<\/li>\n<li>Liit\u00e4 hydrauliletkut varmistaaksesi hydraulinesteen oikean virtauksen.<\/li>\n<\/ul>\n<\/li>\n<li>K\u00e4ytt\u00f6:\n<ul>\n<li>Aktivoi hydraulij\u00e4rjestelm\u00e4 sylinterin pident\u00e4miseksi tai supistamiseksi tarpeen mukaan.<\/li>\n<li>Tarkkaile ohjausvastetta ja s\u00e4\u00e4d\u00e4 hydraulipainetta optimaalisen suorituskyvyn saavuttamiseksi.<\/li>\n<\/ul>\n<\/li>\n<li>S\u00e4\u00e4t\u00f6:\n<ul>\n<li>Hienos\u00e4\u00e4d\u00e4 asetuksia vastaamaan tiettyj\u00e4 k\u00e4ytt\u00f6vaatimuksia ja varmista, ett\u00e4 ohjausmekanismi toimii sujuvasti.<\/li>\n<\/ul>\n<\/li>\n<\/ol>\n<h2>Mik\u00e4 rooli tarkkuusohjauksella on ohjaussylinterin toiminnassa?<\/h2>\n<p>Tarkkuusohjauksella on ratkaiseva rooli ohjaussylinterin toiminnassa, ja se vaikuttaa sen koneiston suorituskykyyn ja turvallisuuteen, jossa sit\u00e4 k\u00e4ytet\u00e4\u00e4n. T\u00e4ss\u00e4 on joitakin sen t\u00e4rkeyden keskeisi\u00e4 n\u00e4k\u00f6kohtia:<\/p>\n<h3>1. Tarkka navigointi<\/h3>\n<ul>\n<li>Reagoiva ohjaus: Tarkka ohjaus mahdollistaa v\u00e4litt\u00f6m\u00e4t ja tarkat ohjauss\u00e4\u00e4d\u00f6t, joiden avulla kuljettajat voivat navigoida tehokkaasti monimutkaisissa ty\u00f6kohteissa ja ahtaissa tiloissa.<\/li>\n<li>Parannettu ohjattavuus: Kuljettajat voivat suorittaa tiukkoja k\u00e4\u00e4nn\u00f6ksi\u00e4 ja tehd\u00e4 luottavaisin mielin nopeita suunnanmuutoksia, mik\u00e4 on olennaista rakennusty\u00f6mailla ja raskaiden koneiden k\u00e4yt\u00f6ss\u00e4.<\/li>\n<\/ul>\n<h3>2. Parempi turvallisuus<\/h3>\n<ul>\n<li>Pienempi onnettomuusriski: Tarkan ohjauksen ansiosta virheohjauksen todenn\u00e4k\u00f6isyys minimoituu, mik\u00e4 auttaa ehk\u00e4isem\u00e4\u00e4n onnettomuuksia ja parantaa k\u00e4ytt\u00e4jien ja ymp\u00e4rill\u00e4 olevan henkil\u00f6st\u00f6n yleist\u00e4 turvallisuutta.<\/li>\n<li>Hallittu liike: Ohjausvasteen hallinta v\u00e4hent\u00e4\u00e4 \u00e4killisten tai ep\u00e4s\u00e4\u00e4nn\u00f6llisten liikkeiden todenn\u00e4k\u00f6isyytt\u00e4, mik\u00e4 on kriittist\u00e4 vaarallisissa ymp\u00e4rist\u00f6iss\u00e4.<\/li>\n<\/ul>\n<h3>3. Tehokkuuden lis\u00e4\u00e4ntyminen<\/h3>\n<ul>\n<li>Optimaalinen suorituskyky: Ohjausliikkeiden tarkkuus tarkoittaa tehokkaampaa toimintaa, mik\u00e4 v\u00e4hent\u00e4\u00e4 teht\u00e4vien suorittamiseen tarvittavaa aikaa ja vaivaa.<\/li>\n<li>V\u00e4hemm\u00e4n kuljettajan v\u00e4symyst\u00e4: Kun ohjausj\u00e4rjestelm\u00e4t reagoivat tarkasti, kuljettajat kokevat v\u00e4hemm\u00e4n rasitusta, mik\u00e4 parantaa keskittymiskyky\u00e4 ja tuottavuutta pitkill\u00e4 aikav\u00e4leill\u00e4.<\/li>\n<\/ul>\n<h3>4. Johdonmukainen hallinta<\/h3>\n<ul>\n<li>Ennakoitava k\u00e4sittely: Tarkkuusohjaus varmistaa, ett\u00e4 ohjaussylinteri k\u00e4ytt\u00e4ytyy ennustettavasti, jolloin kuljettajat oppivat k\u00e4sittelem\u00e4\u00e4n koneita paremmin.<\/li>\n<li>Sopeutumiskyky: Se mahdollistaa koneen mukautumisen vaihteleviin kuormiin ja maastoihin vaarantamatta hallintaa, mik\u00e4 on olennaista dynaamisissa ty\u00f6ymp\u00e4rist\u00f6iss\u00e4.<\/li>\n<\/ul>\n<h3>5. Parannettu suorituskyvyn seuranta<\/h3>\n<ul>\n<li>Tiedon tarkkuus: Nykyaikaisissa antureilla varustetuissa koneissa tarkkuusohjaus edist\u00e4\u00e4 tarkkojen tietojen tuottamista suorituskyvyn seurantaa ja diagnostiikkaa varten, mik\u00e4 helpottaa ennakoivaa huoltoa.<\/li>\n<\/ul>\n<h2>Ohjaussylinterin hinnan ymm\u00e4rt\u00e4minen:<\/h2>\n<p>Ningbo Bridgen integroitua ohjaussylinteri\u00e4 harkittaessa on t\u00e4rke\u00e4\u00e4 arvioida sen hintaa ominaisuuksien ja hy\u00f6tyjen perusteella. T\u00e4ss\u00e4 on syyt, miksi hinnoittelumme erottuu edukseen:<\/p>\n<p>Laatu kohtaa kohtuuhintaisuuden: Tarjoamme Ningbo Bridgen integroidun ohjaussylinterin hintaan, joka heijastaa sen korkeaa laatua ja suorituskyky\u00e4. Saat poikkeuksellista vastinetta rahalle tinkim\u00e4tt\u00e4 luotettavuudesta.<br \/>\nKustannustehokas investointi: Vaikka jotkut saattavat valita halvempia vaihtoehtoja, investoimalla korkealaatuiseen ohjaussylinteriin, kuten t\u00e4h\u00e4n, voit s\u00e4\u00e4st\u00e4\u00e4 rahaa pitk\u00e4ll\u00e4 aikav\u00e4lill\u00e4. Pienemm\u00e4t huoltokustannukset ja parempi kest\u00e4vyys tarkoittavat v\u00e4hemm\u00e4n vaihtoja ja korjauksia.<br \/>\nMarkkinoiden kilpailukyky: Hinnoittelumme pysyy kilpailukykyisen\u00e4, mink\u00e4 ansiosta l\u00f6yd\u00e4t budjettiisi sopivan tehokkaan ohjaussylinterin. Kannustamme sinua vertailemaan hintojamme muiden hintoihin n\u00e4hd\u00e4ksesi eron.<br \/>\nTakuu ja tuki: Hinnoitteluun sis\u00e4ltyy vankka takuu ja asiakastuki, mik\u00e4 varmistaa, ett\u00e4 sijoituksesi on suojattu ja ett\u00e4 saat apua aina tarvittaessa.<\/p>\n<h2>Ohjaushydraulisen sylinterin k\u00e4ytt\u00f6<\/h2>\n<p>Ohjaushydraulisylinterit ovat olennaisia \u200b\u200bosia ohjausj\u00e4rjestelmiss\u00e4 erityyppisiss\u00e4 ajoneuvoissa. N\u00e4m\u00e4 sylinterit, jotka tunnetaan my\u00f6s ohjaustoimilaitteina, auttavat muuntamaan ohjauspumpun tuottaman energian lineaariseksi liikkeeksi, jota voidaan k\u00e4ytt\u00e4\u00e4 ajoneuvon py\u00f6rien suunnan muuttamiseen. T\u00e4ss\u00e4 on joitakin ohjaushydraulisylinterien sovelluksia:<\/p>\n<ol>\n<li>Raskaat ajoneuvot:\n<p>Ohjaushydraulisylintereit\u00e4 k\u00e4ytet\u00e4\u00e4n yleisesti raskaissa ajoneuvoissa, kuten kuorma-autoissa, linja-autoissa ja rakennuskoneissa. N\u00e4m\u00e4 ajoneuvot vaativat paljon voimaa ohjaukseen, ja hydraulisylinteri voi tuottaa tarvittavan voiman py\u00f6rien k\u00e4\u00e4nt\u00e4miseen, vaikka ajoneuvo olisi kuormitettu. Hydraulij\u00e4rjestelm\u00e4 mahdollistaa my\u00f6s ohjausmekanismin tarkemman hallinnan, mik\u00e4 helpottaa kuljettajien navigointia suurissa ja k\u00f6mpel\u00f6iss\u00e4 ajoneuvoissa.<\/li>\n<li>Maastoajoneuvot:\n<p>My\u00f6s maastoajoneuvot, kuten m\u00f6nkij\u00e4t, hiekkarattaat ja motocross-py\u00f6r\u00e4t, hy\u00f6tyv\u00e4t ohjaushydraulisylintereist\u00e4. N\u00e4m\u00e4 ajoneuvot toimivat usein ep\u00e4tasaisessa maastossa, jossa perinteiset ohjausmekanismit eiv\u00e4t v\u00e4ltt\u00e4m\u00e4tt\u00e4 ole tehokkaita. Hydraulisylinterit voivat tarjota tarvittavaa tehoa ja tarkkuutta esteiden l\u00e4pi ohjaamiseen ja ajoneuvon hallinnan s\u00e4ilytt\u00e4miseen.<\/li>\n<li>Meri- ja ilmailusovellukset:\n<p>Ohjaushydraulisylintereit\u00e4 ei k\u00e4ytet\u00e4 vain maalla liikkuvissa ajoneuvoissa. Niit\u00e4 k\u00e4ytet\u00e4\u00e4n my\u00f6s merisovelluksissa, kuten veneiss\u00e4 ja laivoissa, sek\u00e4 ilmailu- ja avaruustekniikassa, kuten avaruusaluksissa ja lentokoneissa. N\u00e4iss\u00e4 olosuhteissa hydraulisylintereit\u00e4 k\u00e4ytet\u00e4\u00e4n per\u00e4simien, evien ja muiden ohjauspintojen suunnan manipulointiin, jotka auttavat ohjaamaan alusta tai lentokonetta.<\/li>\n<li>Teollisuuslaitteet:\n<p>Hydraulisylintereit\u00e4 k\u00e4ytet\u00e4\u00e4n my\u00f6s useissa teollisissa ymp\u00e4rist\u00f6iss\u00e4 ohjaukseen ja muihin sovelluksiin. Niit\u00e4 voidaan esimerkiksi k\u00e4ytt\u00e4\u00e4 nostureiden, trukkien tai muiden raskaiden koneiden ohjaamiseen. N\u00e4iss\u00e4 ymp\u00e4rist\u00f6iss\u00e4 hydraulisylinterit voivat tarjota tarvittavan tehon ja tarkkuuden suurten kuormien k\u00e4sittelyyn tai ahtaissa tiloissa ty\u00f6skentelyyn.<\/li>\n<li>Mukautetut sovellukset:\n<p>N\u00e4iden yleisten sovellusten lis\u00e4ksi ohjaushydraulisylintereit\u00e4 voidaan k\u00e4ytt\u00e4\u00e4 my\u00f6s erilaisissa r\u00e4\u00e4t\u00e4l\u00f6idyiss\u00e4 ymp\u00e4rist\u00f6iss\u00e4. Niit\u00e4 voidaan esimerkiksi k\u00e4ytt\u00e4\u00e4 kokeellisissa ajoneuvoissa tai prototyypeiss\u00e4, jotka vaativat ainutlaatuisen ohjausmekanismin. Niit\u00e4 voidaan k\u00e4ytt\u00e4\u00e4 my\u00f6s taiteellisissa installaatioissa tai kineettisiss\u00e4 veistoksissa, jotka vaativat tarkkaa ja hallittua liikett\u00e4.<\/li>\n<\/ol>\n<p>Kuten n\u00e4ette, ohjaushydraulisylintereill\u00e4 on laaja valikoima sovelluksia eri teollisuudenaloilla ja ymp\u00e4rist\u00f6iss\u00e4. K\u00e4ytettiinp\u00e4 niit\u00e4 sitten raskaissa ajoneuvoissa, maastoajoneuvoissa, meri- ja ilmailualan sovelluksissa, teollisuuslaitteissa tai r\u00e4\u00e4t\u00e4l\u00f6idyiss\u00e4 sovelluksissa, n\u00e4m\u00e4 sylinterit tarjoavat tarvittavan tehon, tarkkuuden ja hallinnan tehokkaaseen ohjaamiseen.<\/p>\n<h2>Tietoja FMP:st\u00e4<\/h2>\n<p>FMP on johtava korkealaatuisten hydraulisylintereiden, sylinterisarjojen ja rakennuskoneiden komponenttien valmistaja ja jakelija. Monivuotisen kokemuksemme alalta ja ammattitaitoisen tiimimme ansiosta olemme sitoutuneet tarjoamaan asiakkaillemme luotettavia ja tehokkaita ratkaisuja heid\u00e4n rakennuskoneisiinsa.<\/p>\n<p>T\u00e4ss\u00e4 on viisi syyt\u00e4, miksi sinun kannattaa valita FMP:n:<\/p>\n<ol>\n<li><strong>Korkealaatuiset hydraulisylinterit:<\/strong> K\u00e4yt\u00e4mme hydraulisylintereidemme valmistuksessa tarkkuustekniikkaa. Vahva sitoutumisemme laatuun varmistaa, ett\u00e4 k\u00e4yt\u00e4mme vain korkealaatuisimpia raaka-aineita ja suoritamme tiukkoja laatutarkastuksia valmiille tuotteille varmistaaksemme, ett\u00e4 ne t\u00e4ytt\u00e4v\u00e4t ja ylitt\u00e4v\u00e4t alan standardit.<\/li>\n<li><strong>Laaja tuotevalikoima:<\/strong> Tuotevalikoimamme kattaa kaikenlaiset rakennuskoneet ja niiden lis\u00e4varusteet. Tarjoamme erilaisia \u200b\u200bhydraulisylintereit\u00e4, vaihteistoja, ketjuja, ketjupy\u00f6ri\u00e4, moottorin lis\u00e4varusteita, hydraulij\u00e4rjestelm\u00e4n komponentteja, alustan lis\u00e4varusteita ja s\u00e4hk\u00f6j\u00e4rjestelm\u00e4n lis\u00e4varusteita.<\/li>\n<li><strong>Vakiintuneet kumppanuudet:<\/strong> Olemme luoneet pitk\u00e4aikaisia \u200b\u200bja vakaita kumppanuuksia monien korkealaatuisten kotimaisten ja ulkomaisten toimittajien kanssa. T\u00e4m\u00e4 varmistaa, ett\u00e4 kaikki toimitetut tarvikkeet t\u00e4ytt\u00e4v\u00e4t tiukat laatustandardimme.<\/li>\n<li><strong>Kokenut myyntitiimi:<\/strong> Myyntitiimill\u00e4mme on vuosien kokemus ja tiet\u00e4mys rakennuskonealalta. He voivat tarjota ammattimaista tuotekonsultointia ja \u00e4lykk\u00e4it\u00e4 osto-ohjeita auttaakseen sinua tekem\u00e4\u00e4n tietoon perustuvia p\u00e4\u00e4t\u00f6ksi\u00e4.<\/li>\n<li><strong>Tehokas logistiikka-jakeluj\u00e4rjestelm\u00e4:<\/strong> Meill\u00e4 on tehokas logistiikkaj\u00e4rjestelm\u00e4 varmistaaksemme, ett\u00e4 asiakkaamme saavat tarvitsemansa osat ajallaan ja t\u00e4sm\u00e4llisesti.<\/li>\n<\/ol>\n<p><img decoding=\"async\" src=\"https:\/\/fmp-components.com\/wp-content\/uploads\/2025\/01\/Dump-Truck-Trailer-Hydraulic-Cylinder-product-3-3.webp\" alt=\"Hydraulinen sylinteri\" width=\"800\" title=\"\"><\/p>\n<p>FMP:ll\u00e4 olemme sitoutuneet tarjoamaan asiakkaillemme korkealaatuisia ja luotettavia rakennuskoneiden lis\u00e4varusteita ja t\u00e4ydellisi\u00e4 koneratkaisuja. Nykyaikaisten tehdastilojen, CNC-ty\u00f6st\u00f6koneiden, tietokoneavusteisen suunnittelun, ammattitaitoisten ty\u00f6ntekij\u00f6idemme, hydrauliikkaj\u00e4rjestelmien asiantuntijoidemme, sylinterikokoonpanojemme ja j\u00e4lleenmyyjiemme ansiosta olemme ensisijainen kumppani hydraulisylintereiden, sylinterisarjojen ja komponenttien tarpeisiisi.<\/p>\n<p>Tekij\u00e4: CX<\/p>","protected":false},"excerpt":{"rendered":"<p>Ningbo Bridge Integrated-Type Steering Cylinder The Ningbo Bridge Integrated-Type Steering Cylinder is an essential component for steering systems in heavy machinery and vehicles, especially in bridge construction. This hydraulic actuator significantly enhances maneuverability and precision, making it a must-have for operators seeking reliability and efficiency. The cylinder features a robust design and exceptional performance in [&hellip;]<\/p>","protected":false},"featured_media":2968,"comment_status":"closed","ping_status":"closed","template":"","meta":{"_et_pb_use_builder":"","_et_pb_old_content":"","_et_gb_content_width":""},"product_brand":[],"product_cat":[67],"product_tag":[34,70],"class_list":{"0":"post-2967","1":"product","2":"type-product","3":"status-publish","4":"has-post-thumbnail","6":"product_cat-steering-hydraulic-cylinder","7":"product_tag-hydraulic-cylinder","8":"product_tag-steering-hydraulic-cylinder","10":"first","11":"instock","12":"product-type-simple"},"_links":{"self":[{"href":"https:\/\/fmp-components.com\/fi\/wp-json\/wp\/v2\/product\/2967","targetHints":{"allow":["GET"]}}],"collection":[{"href":"https:\/\/fmp-components.com\/fi\/wp-json\/wp\/v2\/product"}],"about":[{"href":"https:\/\/fmp-components.com\/fi\/wp-json\/wp\/v2\/types\/product"}],"replies":[{"embeddable":true,"href":"https:\/\/fmp-components.com\/fi\/wp-json\/wp\/v2\/comments?post=2967"}],"wp:featuredmedia":[{"embeddable":true,"href":"https:\/\/fmp-components.com\/fi\/wp-json\/wp\/v2\/media\/2968"}],"wp:attachment":[{"href":"https:\/\/fmp-components.com\/fi\/wp-json\/wp\/v2\/media?parent=2967"}],"wp:term":[{"taxonomy":"product_brand","embeddable":true,"href":"https:\/\/fmp-components.com\/fi\/wp-json\/wp\/v2\/product_brand?post=2967"},{"taxonomy":"product_cat","embeddable":true,"href":"https:\/\/fmp-components.com\/fi\/wp-json\/wp\/v2\/product_cat?post=2967"},{"taxonomy":"product_tag","embeddable":true,"href":"https:\/\/fmp-components.com\/fi\/wp-json\/wp\/v2\/product_tag?post=2967"}],"curies":[{"name":"wp","href":"https:\/\/api.w.org\/{rel}","templated":true}]}}