{"id":2965,"date":"2025-01-04T05:29:29","date_gmt":"2025-01-04T05:29:29","guid":{"rendered":"https:\/\/fmp-components.com\/product\/ningbo-bridge-split-type-steering-cylinder\/"},"modified":"2025-01-04T05:38:39","modified_gmt":"2025-01-04T05:38:39","slug":"ningbo-bridge-split-type-steering-cylinder","status":"publish","type":"product","link":"https:\/\/fmp-components.com\/fi\/product\/ningbo-bridge-split-type-steering-cylinder\/","title":{"rendered":"Ningbo Bridgen jaetun tyyppinen ohjaussylinteri"},"content":{"rendered":"<h2>Tuotteen kuvaus:<\/h2>\n<p>Ningbo Bridgen integroitu ohjaussylinteri on korkealaatuinen ohjauskomponentti, joka on suunniteltu raskaisiin ajoneuvoihin. Se on valmistettu tarkasti ja siin\u00e4 on edistyneit\u00e4 ominaisuuksia, jotka takaavat sujuvan ja luotettavan ohjauksen.<\/p>\n<p>T\u00e4m\u00e4 ohjaussylinteri on valmistettu huippuluokan materiaaleista ja suunniteltu kest\u00e4m\u00e4\u00e4n vaativimmatkin olosuhteet. Sen integroitu rakenne mahdollistaa helpon asennuksen ja huollon, ja sen kompakti koko tekee siit\u00e4 sopivan monenlaisiin k\u00e4ytt\u00f6tarkoituksiin.<\/p>\n<p>Edistyksellisen suunnittelunsa ja korkealaatuisen rakenteensa ansiosta Ningbo Bridgen integroitu ohjaussylinteri tarjoaa erinomaisen ohjauskokemuksen raskaille ajoneuvoille.<\/p>\n<p><img loading=\"lazy\" decoding=\"async\" class=\"aligncenter wp-image-1012825\" src=\"https:\/\/images.hzpt.com\/2024\/11\/steering-cylinder-split-1-300x300.webp\" alt=\"\" width=\"400\" height=\"400\" title=\"\"><\/p>\n<p>Ningbo Bridgen jaettu ohjaussylinteri erottuu edukseen innovatiivisella jaetulla rakenteellaan, joka yksinkertaistaa huoltoa ja tekee osien vaihtamisesta helppoa. Hydraulisen paineen avulla t\u00e4m\u00e4 sylinteri tarjoaa ohjaukseen tarvittavan voiman, mik\u00e4 tekee siit\u00e4 erityisen edullisen suuremmille ja raskaammille ajoneuvoille. T\u00e4m\u00e4 toiminnallisuus on ratkaisevan t\u00e4rke\u00e4\u00e4 tilanteissa, joissa tarkka ohjattavuus ja hallinta ovat ensiarvoisen t\u00e4rkeit\u00e4.<\/p>\n<p>Olennaisena komponenttina Ningbo Bridgen jaettu ohjaussylinteri parantaa merkitt\u00e4v\u00e4sti ajoneuvon hallintaa ja ajomukavuutta. Sen \u00e4lyk\u00e4s suunnittelu paitsi tehostaa huoltoteht\u00e4vi\u00e4 my\u00f6s takaa luotettavan ohjauskokemuksen. Ymm\u00e4rt\u00e4m\u00e4ll\u00e4 sen ainutlaatuiset ominaisuudet ja noudattamalla asianmukaisia \u200b\u200bhuoltok\u00e4yt\u00e4nt\u00f6j\u00e4 ajoneuvon omistajat voivat optimoida t\u00e4m\u00e4n t\u00e4rke\u00e4n komponentin suorituskyvyn ja pitk\u00e4ik\u00e4isyyden.<\/p>\n<p>P\u00e4ivit\u00e4 Ningbo Bridgen jaettuun ohjaussylinteriin jo t\u00e4n\u00e4\u00e4n saadaksesi ajokokemuksen, joka on paitsi turvallisempi my\u00f6s tasaisempi ja herkempi. \u00c4l\u00e4 missaa tilaisuutta parantaa ajoneuvosi ohjausdynamiikkaa!<\/p>\n<h3>Ningbo Bridgen jaetun ohjaussylinterin parametri:<\/h3>\n<p><strong>Sylinterin halkaisija:<\/strong> 50 mm<br \/>\n<strong>Tangon halkaisija:<\/strong> 25 mm<br \/>\n<strong>Matkustaa:<\/strong> 135 mm<br \/>\n<strong>Asennuset\u00e4isyys:<\/strong> 495 mm<\/p>\n<h2>Ningbo Bridgen jaetun ohjaussylinterin t\u00e4rkeimm\u00e4t ominaisuudet:<\/h2>\n<h4>Jaetun tyypin suunnittelu<\/h4>\n<p>Ningbo Bridgen ohjaussylinterin innovatiivinen jaettu rakenne mahdollistaa nopeat ja tehokkaat korjaukset. T\u00e4m\u00e4 ominaisuus minimoi seisokkiajat varmistaen, ett\u00e4 ajoneuvot ovat v\u00e4hemm\u00e4n aikaa poissa tielt\u00e4 ja enemm\u00e4n k\u00e4yt\u00f6ss\u00e4. Kun osa on vaihdettava, mekaanikot voivat helposti p\u00e4\u00e4st\u00e4 k\u00e4siksi sylinteriin ja huoltaa sit\u00e4, mik\u00e4 parantaa kokonaistuottavuutta.<\/p>\n<h4>Korkealaatuiset materiaalit<\/h4>\n<p>Korkealaatuisista ja kest\u00e4vist\u00e4 materiaaleista valmistettu ohjaussylinteri on rakennettu kest\u00e4m\u00e4\u00e4n p\u00e4ivitt\u00e4isen k\u00e4yt\u00f6n rasitukset. Sen kulumis- ja korroosionkest\u00e4vyys varmistaa pitk\u00e4n k\u00e4ytt\u00f6i\u00e4n jopa korkeissa paineissa. T\u00e4m\u00e4 kest\u00e4v\u00e4 rakenne ei ainoastaan \u200b\u200bparanna sylinterin luotettavuutta, vaan my\u00f6s edist\u00e4\u00e4 ajoneuvon turvallisuutta yll\u00e4pit\u00e4m\u00e4ll\u00e4 tasaista suorituskyky\u00e4 ajan kuluessa.<\/p>\n<h4>Parannettu ohjaustarkkuus<\/h4>\n<p>Ningbo Bridgen jaettu ohjaussylinteri parantaa merkitt\u00e4v\u00e4sti ohjauksen reagointikyky\u00e4 ja antaa kuljettajalle tarkan hallinnan. T\u00e4m\u00e4 parannettu ohjaustarkkuus on ratkaisevan t\u00e4rke\u00e4\u00e4 ajoneuvon k\u00e4sittelylle, erityisesti jyrkiss\u00e4 k\u00e4\u00e4nn\u00f6ksiss\u00e4 tai \u00e4killisiss\u00e4 liikkeiss\u00e4. Se mahdollistaa varman ajamisen erilaisissa olosuhteissa ja varmistaa turvallisemman kokemuksen kuljettajalle ja matkustajille.<\/p>\n<h4>Monipuolinen yhteensopivuus<\/h4>\n<p>Monipuolisuus mieless\u00e4 suunniteltu ohjaussylinteri on yhteensopiva monenlaisten hydrauliikkaj\u00e4rjestelmien kanssa. T\u00e4m\u00e4 mukautuvuus tekee siit\u00e4 ihanteellisen erilaisiin ajoneuvomalleihin, aina hy\u00f6tyajoneuvoista henkil\u00f6autoihin. Ningbo Bridgen ohjaussylinteri integroituu saumattomasti ajoneuvotyypist\u00e4 riippumatta varmistaen optimaalisen suorituskyvyn.<\/p>\n<h4>Kompakti ja kevyt<\/h4>\n<p>Ohjaussylinterin kompakti ja kevyt rakenne ei ainoastaan \u200b\u200bs\u00e4\u00e4st\u00e4 arvokasta tilaa ajoneuvon ohjausj\u00e4rjestelm\u00e4ss\u00e4 ja lis\u00e4\u00e4 kokonaistehokkuutta. V\u00e4hent\u00e4m\u00e4ll\u00e4 ohjauskokoonpanon painoa se parantaa polttoainetehokkuutta ja suorituskyky\u00e4, mik\u00e4 tekee siit\u00e4 erinomaisen valinnan nykyaikaisille ajoneuvoille, jotka pyrkiv\u00e4t optimaaliseen toimivuuteen.<\/p>\n<h2>Ningbo Bridgen jaetun ohjaussylinterin k\u00e4ytt\u00f6:<\/h2>\n<p><img loading=\"lazy\" decoding=\"async\" class=\"alignnone wp-image-1012826 size-full\" src=\"https:\/\/images.hzpt.com\/2024\/11\/steering-cylinder-split-application.webp\" alt=\"\" width=\"1072\" height=\"603\" title=\"\"><\/p>\n<h2>Ningbo Bridgen jaetun ohjaussylinterin k\u00e4ytt\u00f6tapa:<\/h2>\n<p>Ningbo Bridgen jaetun ohjaussylinterin k\u00e4ytt\u00f6 on yksinkertainen mutta tehokas prosessi sen edistyneen tekniikan ansiosta. T\u00e4ss\u00e4 on tarkempi katsaus sen toimintaan:<\/p>\n<h4>Ohjaustehostimen aktivointi<\/h4>\n<p>Kun kuljettaja k\u00e4\u00e4nt\u00e4\u00e4 ohjauspy\u00f6r\u00e4\u00e4, ohjaustehostimen pumppu aktivoituu ja tuottaa hydraulipainetta. T\u00e4m\u00e4 ensimm\u00e4inen vaihe on ratkaisevan t\u00e4rke\u00e4, sill\u00e4 se antaa hydraulij\u00e4rjestelm\u00e4lle signaalin valmistautua ohjausavustukseen. Pumppu muuntaa tehokkaasti ohjauspy\u00f6r\u00e4n mekaanisen energian hydrauliseksi energiaksi, mik\u00e4 luo pohjan sujuvalle ohjauskokemukselle.<\/p>\n<h4>Nesteen l\u00e4hett\u00e4minen<\/h4>\n<p>Hydraulisen paineen kasvaessa hydraulinestett\u00e4 ohjataan ohjaussylinteriin. T\u00e4ll\u00e4 nesteell\u00e4 on t\u00e4rke\u00e4 rooli j\u00e4rjestelm\u00e4ss\u00e4, kun se virtaa sylinteriin ja ty\u00f6nt\u00e4\u00e4 m\u00e4nt\u00e4\u00e4 sis\u00e4\u00e4np\u00e4in. Nesteen liikett\u00e4 ohjataan huolellisesti sen varmistamiseksi, ett\u00e4 paine on oikea, mik\u00e4 mahdollistaa tarkat s\u00e4\u00e4d\u00f6t kuljettajan antamien sy\u00f6tt\u00f6jen perusteella.<\/p>\n<h4>Ohjausapu<\/h4>\n<p>Sylinterin sis\u00e4ll\u00e4 olevan m\u00e4nn\u00e4n liike on se, miss\u00e4 taika tapahtuu. Kun hydraulineste ty\u00f6nt\u00e4\u00e4 m\u00e4nt\u00e4\u00e4, se luo tarvittavan voiman ohjausvaihteen k\u00e4\u00e4nt\u00e4miseksi. T\u00e4m\u00e4 toiminta v\u00e4hent\u00e4\u00e4 merkitt\u00e4v\u00e4sti kuljettajan vaatimaa vaivaa, mik\u00e4 helpottaa ajoneuvon ohjaamista, erityisesti ahtaissa tiloissa tai jyrkiss\u00e4 k\u00e4\u00e4nn\u00f6ksiss\u00e4. M\u00e4nn\u00e4n tasainen toiminta varmistaa, ett\u00e4 ohjaus tuntuu luonnolliselta ja herk\u00e4lt\u00e4.<\/p>\n<h2>Ohjaushydraulisen sylinterin k\u00e4ytt\u00f6<\/h2>\n<p>Ohjaushydraulisylinterit ovat olennaisia \u200b\u200bosia ohjausj\u00e4rjestelmiss\u00e4 erityyppisiss\u00e4 ajoneuvoissa. N\u00e4m\u00e4 sylinterit, jotka tunnetaan my\u00f6s ohjaustoimilaitteina, auttavat muuntamaan ohjauspumpun tuottaman energian lineaariseksi liikkeeksi, jota voidaan k\u00e4ytt\u00e4\u00e4 ajoneuvon py\u00f6rien suunnan muuttamiseen. T\u00e4ss\u00e4 on joitakin ohjaushydraulisylinterien sovelluksia:<\/p>\n<ol>\n<li>Raskaat ajoneuvot: Ohjaushydraulisylintereit\u00e4 k\u00e4ytet\u00e4\u00e4n yleisesti raskaissa ajoneuvoissa, kuten kuorma-autoissa, linja-autoissa ja rakennuskoneissa. N\u00e4m\u00e4 ajoneuvot vaativat paljon voimaa ohjaukseen, ja hydraulisylinteri voi tuottaa tarvittavan voiman py\u00f6rien k\u00e4\u00e4nt\u00e4miseen, vaikka ajoneuvo olisi kuormitettu. Hydraulij\u00e4rjestelm\u00e4 mahdollistaa my\u00f6s ohjausmekanismin tarkemman hallinnan, mik\u00e4 helpottaa kuljettajien navigointia suurissa ja k\u00f6mpel\u00f6iss\u00e4 ajoneuvoissa.<\/li>\n<li>Maastoajoneuvot: Maastoajoneuvot, kuten m\u00f6nkij\u00e4t, hiekkarattaat ja motocross-py\u00f6r\u00e4t, hy\u00f6tyv\u00e4t my\u00f6s ohjaushydraulisylintereist\u00e4. N\u00e4m\u00e4 ajoneuvot toimivat usein ep\u00e4tasaisessa maastossa, jossa perinteiset ohjausmekanismit eiv\u00e4t v\u00e4ltt\u00e4m\u00e4tt\u00e4 ole tehokkaita. Hydraulisylinterit voivat tarjota tarvittavan tehon ja tarkkuuden esteiden l\u00e4pi ohjaamiseen ja ajoneuvon hallinnan s\u00e4ilytt\u00e4miseen.<\/li>\n<li>Meri- ja ilmailusovellukset: Ohjaushydraulisylintereit\u00e4 ei k\u00e4ytet\u00e4 vain maalla liikkuvissa ajoneuvoissa. Niit\u00e4 k\u00e4ytet\u00e4\u00e4n my\u00f6s merisovelluksissa, kuten veneiss\u00e4 ja laivoissa, sek\u00e4 ilmailu- ja avaruustekniikassa, kuten avaruusaluksissa ja lentokoneissa. N\u00e4iss\u00e4 olosuhteissa hydraulisylintereit\u00e4 k\u00e4ytet\u00e4\u00e4n per\u00e4simien, evien ja muiden ohjauspintojen suunnan manipulointiin, jotka auttavat ohjaamaan alusta tai lentokonetta.<\/li>\n<li>Teollisuuslaitteet: Hydraulisylintereit\u00e4 k\u00e4ytet\u00e4\u00e4n my\u00f6s useissa teollisissa ymp\u00e4rist\u00f6iss\u00e4 ohjaukseen ja muihin sovelluksiin. Niit\u00e4 voidaan esimerkiksi k\u00e4ytt\u00e4\u00e4 nostureiden, trukkien tai muiden raskaiden koneiden ohjaamiseen. N\u00e4iss\u00e4 ymp\u00e4rist\u00f6iss\u00e4 hydraulisylinterit voivat tarjota tarvittavan tehon ja tarkkuuden suurten kuormien k\u00e4sittelyyn tai ahtaissa tiloissa toimimiseen.<\/li>\n<li>Mukautetut sovellukset: N\u00e4iden yleisten sovellusten lis\u00e4ksi ohjaushydraulisylintereit\u00e4 voidaan k\u00e4ytt\u00e4\u00e4 my\u00f6s erilaisissa mukautetuissa ymp\u00e4rist\u00f6iss\u00e4. Niit\u00e4 voidaan k\u00e4ytt\u00e4\u00e4 esimerkiksi kokeellisissa ajoneuvoissa tai prototyypeiss\u00e4, jotka vaativat ainutlaatuisen ohjausmekanismin. Niit\u00e4 voidaan k\u00e4ytt\u00e4\u00e4 my\u00f6s taiteellisissa installaatioissa tai kineettisiss\u00e4 veistoksissa, jotka vaativat tarkkaa ja hallittua liikett\u00e4.<\/li>\n<\/ol>\n<p>Kuten n\u00e4ette, ohjaushydraulisylintereill\u00e4 on laaja valikoima sovelluksia eri teollisuudenaloilla ja ymp\u00e4rist\u00f6iss\u00e4. K\u00e4ytettiinp\u00e4 niit\u00e4 sitten raskaissa ajoneuvoissa, maastoajoneuvoissa, meri- ja ilmailualan sovelluksissa, teollisuuslaitteissa tai r\u00e4\u00e4t\u00e4l\u00f6idyiss\u00e4 sovelluksissa, n\u00e4m\u00e4 sylinterit tarjoavat tarvittavan tehon, tarkkuuden ja hallinnan tehokkaaseen ohjaamiseen.<\/p>\n<h2>Tietoja FMP:st\u00e4<\/h2>\n<p>FMP on johtava korkealaatuisten hydraulisylintereiden, sylinterisarjojen ja rakennuskoneiden komponenttien valmistaja ja jakelija. Monivuotisen kokemuksemme alalta ja ammattitaitoisen tiimimme ansiosta olemme sitoutuneet tarjoamaan asiakkaillemme luotettavia ja tehokkaita ratkaisuja heid\u00e4n rakennuskoneisiinsa.<\/p>\n<p>T\u00e4ss\u00e4 on viisi syyt\u00e4, miksi sinun kannattaa valita FMP:n:<\/p>\n<ol>\n<li><strong>Korkealaatuiset hydraulisylinterit:<\/strong> K\u00e4yt\u00e4mme hydraulisylintereidemme valmistuksessa tarkkuustekniikkaa. Vahva sitoutumisemme laatuun varmistaa, ett\u00e4 k\u00e4yt\u00e4mme vain korkealaatuisimpia raaka-aineita ja suoritamme tiukkoja laatutarkastuksia valmiille tuotteille varmistaaksemme, ett\u00e4 ne t\u00e4ytt\u00e4v\u00e4t ja ylitt\u00e4v\u00e4t alan standardit.<\/li>\n<li><strong>Laaja tuotevalikoima:<\/strong> Tuotevalikoimamme kattaa kaikenlaiset rakennuskoneet ja niiden lis\u00e4varusteet. Tarjoamme erilaisia \u200b\u200bhydraulisylintereit\u00e4, vaihteistoja, ketjuja, ketjupy\u00f6ri\u00e4, moottorin lis\u00e4varusteita, hydraulij\u00e4rjestelm\u00e4n komponentteja, alustan lis\u00e4varusteita ja s\u00e4hk\u00f6j\u00e4rjestelm\u00e4n lis\u00e4varusteita.<\/li>\n<li><strong>Vakiintuneet kumppanuudet:<\/strong> Olemme luoneet pitk\u00e4aikaisia \u200b\u200bja vakaita kumppanuuksia monien korkealaatuisten kotimaisten ja ulkomaisten toimittajien kanssa. T\u00e4m\u00e4 varmistaa, ett\u00e4 kaikki toimitetut tarvikkeet t\u00e4ytt\u00e4v\u00e4t tiukat laatustandardimme.<\/li>\n<li><strong>Kokenut myyntitiimi:<\/strong> Myyntitiimill\u00e4mme on vuosien kokemus ja tiet\u00e4mys rakennuskonealalta. He voivat tarjota ammattimaista tuotekonsultointia ja \u00e4lykk\u00e4it\u00e4 osto-ohjeita auttaakseen sinua tekem\u00e4\u00e4n tietoon perustuvia p\u00e4\u00e4t\u00f6ksi\u00e4.<\/li>\n<li><strong>Tehokas logistiikka-jakeluj\u00e4rjestelm\u00e4:<\/strong> Meill\u00e4 on tehokas logistiikkaj\u00e4rjestelm\u00e4 varmistaaksemme, ett\u00e4 asiakkaamme saavat tarvitsemansa osat ajallaan ja t\u00e4sm\u00e4llisesti.<\/li>\n<\/ol>\n<p><img decoding=\"async\" src=\"https:\/\/fmp-components.com\/wp-content\/uploads\/2025\/01\/Dump-Truck-Trailer-Hydraulic-Cylinder-product-3-3.webp\" alt=\"Hydraulinen sylinteri\" width=\"800\" title=\"\"><\/p>\n<p>FMP:ll\u00e4 olemme sitoutuneet tarjoamaan asiakkaillemme korkealaatuisia ja luotettavia rakennuskoneiden lis\u00e4varusteita ja t\u00e4ydellisi\u00e4 koneratkaisuja. Nykyaikaisten tehdastilojen, CNC-ty\u00f6st\u00f6koneiden, tietokoneavusteisen suunnittelun, ammattitaitoisten ty\u00f6ntekij\u00f6idemme, hydrauliikkaj\u00e4rjestelmien asiantuntijoidemme, sylinterikokoonpanojemme ja j\u00e4lleenmyyjiemme ansiosta olemme ensisijainen kumppani hydraulisylintereiden, sylinterisarjojen ja komponenttien tarpeisiisi.<\/p>\n<p>Tekij\u00e4: CX<\/p>","protected":false},"excerpt":{"rendered":"<p>Product Description: Ningbo Bridge Integrated-Type Steering Cylinder is a high-quality steering component designed for heavy-duty vehicles. It is built with precision and incorporates advanced features that ensure smooth and reliable steering performance. This steering cylinder is made with top-grade materials and is engineered to withstand the toughest conditions. Its integrated design allows for easy installation [&hellip;]<\/p>","protected":false},"featured_media":2966,"comment_status":"closed","ping_status":"closed","template":"","meta":{"_et_pb_use_builder":"","_et_pb_old_content":"","_et_gb_content_width":""},"product_brand":[],"product_cat":[67],"product_tag":[34,70],"class_list":{"0":"post-2965","1":"product","2":"type-product","3":"status-publish","4":"has-post-thumbnail","6":"product_cat-steering-hydraulic-cylinder","7":"product_tag-hydraulic-cylinder","8":"product_tag-steering-hydraulic-cylinder","10":"first","11":"instock","12":"product-type-simple"},"_links":{"self":[{"href":"https:\/\/fmp-components.com\/fi\/wp-json\/wp\/v2\/product\/2965","targetHints":{"allow":["GET"]}}],"collection":[{"href":"https:\/\/fmp-components.com\/fi\/wp-json\/wp\/v2\/product"}],"about":[{"href":"https:\/\/fmp-components.com\/fi\/wp-json\/wp\/v2\/types\/product"}],"replies":[{"embeddable":true,"href":"https:\/\/fmp-components.com\/fi\/wp-json\/wp\/v2\/comments?post=2965"}],"wp:featuredmedia":[{"embeddable":true,"href":"https:\/\/fmp-components.com\/fi\/wp-json\/wp\/v2\/media\/2966"}],"wp:attachment":[{"href":"https:\/\/fmp-components.com\/fi\/wp-json\/wp\/v2\/media?parent=2965"}],"wp:term":[{"taxonomy":"product_brand","embeddable":true,"href":"https:\/\/fmp-components.com\/fi\/wp-json\/wp\/v2\/product_brand?post=2965"},{"taxonomy":"product_cat","embeddable":true,"href":"https:\/\/fmp-components.com\/fi\/wp-json\/wp\/v2\/product_cat?post=2965"},{"taxonomy":"product_tag","embeddable":true,"href":"https:\/\/fmp-components.com\/fi\/wp-json\/wp\/v2\/product_tag?post=2965"}],"curies":[{"name":"wp","href":"https:\/\/api.w.org\/{rel}","templated":true}]}}