{"id":292,"date":"2024-12-09T05:17:46","date_gmt":"2024-12-09T05:17:46","guid":{"rendered":"https:\/\/fmp-components.com\/?page_id=8"},"modified":"2025-11-03T03:04:27","modified_gmt":"2025-11-03T03:04:27","slug":"forklift-tilt-hydraulic-cylinder","status":"publish","type":"product","link":"https:\/\/fmp-components.com\/fi\/product\/forklift-tilt-hydraulic-cylinder\/","title":{"rendered":"Trukin kallistushydraulinen sylinteri"},"content":{"rendered":"<p style=\"text-align: center;\"><span style=\"font-size: 24pt;\">Trukin kallistushydraulinen sylinteri<\/span><\/p>\n<p><img loading=\"lazy\" decoding=\"async\" class=\"wp-image-300 aligncenter\" src=\"https:\/\/fmp-components.com\/wp-content\/uploads\/2024\/12\/Forklift-Tilt-Hydraulic-Cylinder-Parts-Product-1.webp\" alt=\"Trukin kallistushydrauliikan sylinterin osat Tuote 1\" width=\"837\" height=\"837\" title=\"\" srcset=\"https:\/\/fmp-components.com\/wp-content\/uploads\/2024\/12\/Forklift-Tilt-Hydraulic-Cylinder-Parts-Product-1.webp 837w, https:\/\/fmp-components.com\/wp-content\/uploads\/2024\/12\/Forklift-Tilt-Hydraulic-Cylinder-Parts-Product-1-480x480.webp 480w\" sizes=\"(min-width: 0px) and (max-width: 480px) 480px, (min-width: 481px) 837px, 100vw\" \/><\/p>\n<h2>Trukin kallistushydraulisen sylinterin osat:<\/h2>\n<p><img loading=\"lazy\" decoding=\"async\" class=\"alignnone size-full wp-image-297\" src=\"https:\/\/fmp-components.com\/wp-content\/uploads\/2024\/12\/Forklift-Tilt-Hydraulic-Cylinder-Parts.webp\" alt=\"Trukin kallistushydrauliikan sylinterin osat\" width=\"1007\" height=\"592\" title=\"\" srcset=\"https:\/\/fmp-components.com\/wp-content\/uploads\/2024\/12\/Forklift-Tilt-Hydraulic-Cylinder-Parts.webp 1007w, https:\/\/fmp-components.com\/wp-content\/uploads\/2024\/12\/Forklift-Tilt-Hydraulic-Cylinder-Parts-980x576.webp 980w, https:\/\/fmp-components.com\/wp-content\/uploads\/2024\/12\/Forklift-Tilt-Hydraulic-Cylinder-Parts-480x282.webp 480w\" sizes=\"(min-width: 0px) and (max-width: 480px) 480px, (min-width: 481px) and (max-width: 980px) 980px, (min-width: 981px) 1007px, 100vw\" \/><\/p>\n<div class=\"J_module\">\n<div class=\"ife-detail-decorate-table\">\n<table style=\"width: 100%;\" border=\"1\" width=\"100%\" cellspacing=\"0\" cellpadding=\"0\">\n<tbody>\n<tr>\n<td style=\"width: 6.06094%;\" colspan=\"1\" rowspan=\"1\">\n<div class=\"magic-28\" data-spm-anchor-id=\"a2700.details.0.i40.570d7c9a0SFB0n\">1<\/div>\n<\/td>\n<td style=\"width: 33.8854%;\" colspan=\"1\" rowspan=\"1\">\n<div class=\"magic-29\">Sylinterikotelo<\/div>\n<\/td>\n<td style=\"width: 6.81086%;\" colspan=\"1\" rowspan=\"1\">\n<div class=\"magic-30\">10<\/div>\n<\/td>\n<td style=\"width: 17.854%;\" colspan=\"1\" rowspan=\"1\">\n<div class=\"magic-31\">Opas Bush<\/div>\n<\/td>\n<td style=\"width: 7.34734%;\" colspan=\"1\" rowspan=\"1\">\n<div class=\"magic-32\">18<\/div>\n<\/td>\n<td style=\"width: 27.2371%;\" colspan=\"1\" rowspan=\"1\">\n<div class=\"magic-33\">Akselin lukkorenkaat<\/div>\n<\/td>\n<\/tr>\n<tr>\n<td style=\"width: 6.06094%;\" colspan=\"1\" rowspan=\"1\">\n<div class=\"magic-28\">2<\/div>\n<\/td>\n<td style=\"width: 33.8854%;\" colspan=\"1\" rowspan=\"1\">\n<div class=\"magic-29\">M\u00e4nn\u00e4nvarsi<\/div>\n<\/td>\n<td style=\"width: 6.81086%;\" colspan=\"1\" rowspan=\"1\">\n<div class=\"magic-30\">11<\/div>\n<\/td>\n<td style=\"width: 17.854%;\" colspan=\"1\" rowspan=\"1\">\n<div class=\"magic-31\">P\u00f6lynpyyhin<\/div>\n<\/td>\n<td style=\"width: 7.34734%;\" colspan=\"1\" rowspan=\"1\">\n<div class=\"magic-32\">19<\/div>\n<\/td>\n<td style=\"width: 27.2371%;\" colspan=\"1\" rowspan=\"1\">\n<div class=\"magic-33\">Pistoke<\/div>\n<\/td>\n<\/tr>\n<tr>\n<td style=\"width: 6.06094%;\" colspan=\"1\" rowspan=\"1\">\n<div class=\"magic-28\">3<\/div>\n<\/td>\n<td style=\"width: 33.8854%;\" colspan=\"1\" rowspan=\"1\">\n<div class=\"magic-29\">M\u00e4nt\u00e4<\/div>\n<\/td>\n<td style=\"width: 6.81086%;\" colspan=\"1\" rowspan=\"1\">\n<div class=\"magic-30\">12<\/div>\n<\/td>\n<td style=\"width: 17.854%;\" colspan=\"1\" rowspan=\"1\">\n<div class=\"magic-31\">U-rengas<\/div>\n<\/td>\n<td style=\"width: 7.34734%;\" colspan=\"1\" rowspan=\"1\">\n<div class=\"magic-32\">20<\/div>\n<\/td>\n<td style=\"width: 27.2371%;\" colspan=\"1\" rowspan=\"1\">\n<div class=\"magic-33\">Clevis<\/div>\n<\/td>\n<\/tr>\n<tr>\n<td style=\"width: 6.06094%;\" colspan=\"1\" rowspan=\"1\">\n<div class=\"magic-28\">4<\/div>\n<\/td>\n<td style=\"width: 33.8854%;\" colspan=\"1\" rowspan=\"1\">\n<div class=\"magic-29\">Kuusiokolomutteri<\/div>\n<\/td>\n<td style=\"width: 6.81086%;\" colspan=\"1\" rowspan=\"1\">\n<div class=\"magic-30\">13<\/div>\n<\/td>\n<td style=\"width: 17.854%;\" colspan=\"1\" rowspan=\"1\">\n<div class=\"magic-31\">Tangon tiiviste<\/div>\n<\/td>\n<td style=\"width: 7.34734%;\" colspan=\"1\" rowspan=\"1\">\n<div class=\"magic-32\" data-spm-anchor-id=\"a2700.details.0.i41.570d7c9a0SFB0n\">21<\/div>\n<\/td>\n<td style=\"width: 27.2371%;\" colspan=\"1\" rowspan=\"1\">\n<div class=\"magic-33\">Rasvanippa<\/div>\n<\/td>\n<\/tr>\n<tr>\n<td style=\"width: 6.06094%;\" colspan=\"1\" rowspan=\"1\">\n<div class=\"magic-28\">5<\/div>\n<\/td>\n<td style=\"width: 33.8854%;\" colspan=\"1\" rowspan=\"1\">\n<div class=\"magic-29\">Sokka-tapit<\/div>\n<\/td>\n<td style=\"width: 6.81086%;\" colspan=\"1\" rowspan=\"1\">\n<div class=\"magic-30\">14<\/div>\n<\/td>\n<td style=\"width: 17.854%;\" colspan=\"1\" rowspan=\"1\">\n<div class=\"magic-31\">Du Bush<\/div>\n<\/td>\n<td style=\"width: 7.34734%;\" colspan=\"1\" rowspan=\"1\">\n<div class=\"magic-32\">22<\/div>\n<\/td>\n<td style=\"width: 27.2371%;\" colspan=\"1\" rowspan=\"1\">\n<div class=\"magic-33\">Pultti<\/div>\n<\/td>\n<\/tr>\n<tr>\n<td style=\"width: 6.06094%;\" colspan=\"1\" rowspan=\"1\">\n<div class=\"magic-28\">6<\/div>\n<\/td>\n<td style=\"width: 33.8854%;\" colspan=\"1\" rowspan=\"1\">\n<div class=\"magic-29\">O-rengas<\/div>\n<\/td>\n<td style=\"width: 6.81086%;\" colspan=\"1\" rowspan=\"1\">\n<div class=\"magic-30\">15<\/div>\n<\/td>\n<td style=\"width: 17.854%;\" colspan=\"1\" rowspan=\"1\">\n<div class=\"magic-31\">O-rengas<\/div>\n<\/td>\n<td style=\"width: 7.34734%;\" colspan=\"1\" rowspan=\"1\">\n<div class=\"magic-32\">23<\/div>\n<\/td>\n<td style=\"width: 27.2371%;\" colspan=\"1\" rowspan=\"1\">\n<div class=\"magic-33\">Jousialuslevyt<\/div>\n<\/td>\n<\/tr>\n<tr>\n<td style=\"width: 6.06094%;\" colspan=\"1\" rowspan=\"1\">\n<div class=\"magic-28\">7<\/div>\n<\/td>\n<td style=\"width: 33.8854%;\" colspan=\"1\" rowspan=\"1\">\n<div class=\"magic-29\">Takarengas<\/div>\n<\/td>\n<td style=\"width: 6.81086%;\" colspan=\"1\" rowspan=\"1\">\n<div class=\"magic-30\">16<\/div>\n<\/td>\n<td style=\"width: 17.854%;\" colspan=\"1\" rowspan=\"1\">\n<div class=\"magic-31\">Py\u00f6re\u00e4 lanka<\/div>\n<\/td>\n<td style=\"width: 7.34734%;\" colspan=\"1\" rowspan=\"1\">\n<div class=\"magic-32\">24<\/div>\n<\/td>\n<td style=\"width: 27.2371%;\" colspan=\"1\" rowspan=\"1\">\n<div class=\"magic-33\">Mutteri<\/div>\n<\/td>\n<\/tr>\n<tr>\n<td style=\"width: 6.06094%;\" colspan=\"1\" rowspan=\"1\">\n<div class=\"magic-28\">8<\/div>\n<\/td>\n<td style=\"width: 33.8854%;\" colspan=\"1\" rowspan=\"1\">\n<div class=\"magic-29\">Rei\u00e4n tiiviste<\/div>\n<\/td>\n<td style=\"width: 6.81086%;\" colspan=\"1\" rowspan=\"1\">\n<div class=\"magic-30\">17<\/div>\n<\/td>\n<td style=\"width: 17.854%;\" colspan=\"1\" rowspan=\"1\">\n<div class=\"magic-31\">Avaimenper\u00e4<\/div>\n<\/td>\n<td style=\"width: 7.34734%;\" colspan=\"1\" rowspan=\"1\">\n<div class=\"magic-32\">25<\/div>\n<\/td>\n<td style=\"width: 27.2371%;\" colspan=\"1\" rowspan=\"1\">\n<div class=\"magic-33\">Pallomainen laakeri<\/div>\n<\/td>\n<\/tr>\n<tr>\n<td style=\"width: 6.06094%;\" colspan=\"1\" rowspan=\"1\">\n<div class=\"magic-28\">9<\/div>\n<\/td>\n<td style=\"width: 33.8854%;\" colspan=\"1\" rowspan=\"1\">\n<div class=\"magic-29\">Kulutusrengas<\/div>\n<\/td>\n<td style=\"width: 6.81086%;\" colspan=\"1\" rowspan=\"1\">\n<div class=\"magic-30\"><\/div>\n<\/td>\n<td style=\"width: 17.854%;\" colspan=\"1\" rowspan=\"1\">\n<div class=\"magic-31\"><\/div>\n<\/td>\n<td style=\"width: 7.34734%;\" colspan=\"1\" rowspan=\"1\">\n<div class=\"magic-32\"><\/div>\n<\/td>\n<td style=\"width: 27.2371%;\" colspan=\"1\" rowspan=\"1\">\n<div class=\"magic-33\"><\/div>\n<\/td>\n<\/tr>\n<\/tbody>\n<\/table>\n<\/div>\n<\/div>\n<h2>Trukin kallistushydraulisylinterin mitat:<\/h2>\n<table>\n<tbody>\n<tr>\n<td><img loading=\"lazy\" decoding=\"async\" class=\"alignnone size-full wp-image-294\" src=\"https:\/\/fmp-components.com\/wp-content\/uploads\/2024\/12\/Forklift-Tilt-Hydraulic-Cylinder-Dimensions-1.webp\" alt=\"Trukin kallistushydraulisen sylinterin mitat-1\" width=\"600\" height=\"600\" title=\"\" srcset=\"https:\/\/fmp-components.com\/wp-content\/uploads\/2024\/12\/Forklift-Tilt-Hydraulic-Cylinder-Dimensions-1.webp 600w, https:\/\/fmp-components.com\/wp-content\/uploads\/2024\/12\/Forklift-Tilt-Hydraulic-Cylinder-Dimensions-1-480x480.webp 480w\" sizes=\"(min-width: 0px) and (max-width: 480px) 480px, (min-width: 481px) 600px, 100vw\" \/><\/td>\n<td><img loading=\"lazy\" decoding=\"async\" class=\"alignnone size-full wp-image-295\" src=\"https:\/\/fmp-components.com\/wp-content\/uploads\/2024\/12\/Forklift-Tilt-Hydraulic-Cylinder-Dimensions-2.webp\" alt=\"Trukin kallistushydrauliikan sylinterin mitat\" width=\"600\" height=\"600\" title=\"\" srcset=\"https:\/\/fmp-components.com\/wp-content\/uploads\/2024\/12\/Forklift-Tilt-Hydraulic-Cylinder-Dimensions-2.webp 600w, https:\/\/fmp-components.com\/wp-content\/uploads\/2024\/12\/Forklift-Tilt-Hydraulic-Cylinder-Dimensions-2-480x480.webp 480w\" sizes=\"(min-width: 0px) and (max-width: 480px) 480px, (min-width: 481px) 600px, 100vw\" \/><\/td>\n<\/tr>\n<\/tbody>\n<\/table>\n<table border=\"1\" cellspacing=\"0\" cellpadding=\"0\">\n<tbody>\n<tr>\n<td width=\"246\">Sylinterin nimi<\/td>\n<td width=\"336\">piirustusnumero<\/td>\n<td width=\"126\">rei\u00e4n halkaisija (D)<\/td>\n<td width=\"123\">tangon halkaisija (d)<\/td>\n<td width=\"114\">aivohalvaus (S)<\/td>\n<td width=\"170\">Asennuset\u00e4isyys (L)<\/td>\n<td width=\"172\">ty\u00f6paine<\/td>\n<td width=\"366\">Liit\u00e4nn\u00e4n mitat (M)<\/td>\n<td width=\"96\">paino<\/td>\n<\/tr>\n<tr>\n<td width=\"246\">KALLISTUSSYLINTERI<\/td>\n<td>QA20V500-405000-000<\/td>\n<td>\u03a660<\/td>\n<td>\u03a630<\/td>\n<td>32<\/td>\n<td>109<\/td>\n<td>18MPa<\/td>\n<td>2-M14*1.5<\/td>\n<td>3,4 kg<\/td>\n<\/tr>\n<\/tbody>\n<\/table>\n<table>\n<tbody>\n<tr>\n<td><img loading=\"lazy\" decoding=\"async\" class=\"alignnone size-full wp-image-296\" src=\"https:\/\/fmp-components.com\/wp-content\/uploads\/2024\/12\/Forklift-Tilt-Hydraulic-Cylinder-Dimensions-3.webp\" alt=\"Trukin kallistushydrauliikan sylinterin mitat\" width=\"600\" height=\"250\" title=\"\" srcset=\"https:\/\/fmp-components.com\/wp-content\/uploads\/2024\/12\/Forklift-Tilt-Hydraulic-Cylinder-Dimensions-3.webp 600w, https:\/\/fmp-components.com\/wp-content\/uploads\/2024\/12\/Forklift-Tilt-Hydraulic-Cylinder-Dimensions-3-480x200.webp 480w\" sizes=\"(min-width: 0px) and (max-width: 480px) 480px, (min-width: 481px) 600px, 100vw\" \/><\/td>\n<td><img loading=\"lazy\" decoding=\"async\" class=\"alignnone size-full wp-image-299\" src=\"https:\/\/fmp-components.com\/wp-content\/uploads\/2024\/12\/ptAaMc7q-Forklift-Tilt-Hydraulic-Cylinder-Dimensions-4.webp\" alt=\"Trukin kallistushydrauliikan sylinterin mitat\" width=\"600\" height=\"250\" title=\"\" srcset=\"https:\/\/fmp-components.com\/wp-content\/uploads\/2024\/12\/ptAaMc7q-Forklift-Tilt-Hydraulic-Cylinder-Dimensions-4.webp 600w, https:\/\/fmp-components.com\/wp-content\/uploads\/2024\/12\/ptAaMc7q-Forklift-Tilt-Hydraulic-Cylinder-Dimensions-4-480x200.webp 480w\" sizes=\"(min-width: 0px) and (max-width: 480px) 480px, (min-width: 481px) 600px, 100vw\" \/><\/td>\n<\/tr>\n<\/tbody>\n<\/table>\n<table border=\"1\" width=\"100%\" cellspacing=\"0\" cellpadding=\"0\">\n<tbody>\n<tr>\n<td width=\"246\">Sylinterin nimi<\/td>\n<td width=\"336\">piirustusnumero<\/td>\n<td width=\"126\">rei\u00e4n halkaisija (D)<\/td>\n<td width=\"123\">tangon halkaisija (d)<\/td>\n<td width=\"114\">aivohalvaus (S)<\/td>\n<td width=\"170\">Asennuset\u00e4isyys (L)<\/td>\n<td width=\"172\">ty\u00f6paine<\/td>\n<td width=\"366\">Liit\u00e4nn\u00e4n mitat (M)<\/td>\n<td width=\"96\">paino<\/td>\n<\/tr>\n<tr>\n<td width=\"246\">KALLISTUSSYLINTERI<\/td>\n<td>S16N450-600000-001Z<\/td>\n<td>\u03a663<\/td>\n<td>\u03a625<\/td>\n<td>55<\/td>\n<td>368<\/td>\n<td>18,1 MPa<\/td>\n<td>2-G1\/4<\/td>\n<td>8,2 kg<\/td>\n<\/tr>\n<tr>\n<td width=\"246\">KALLISTUSSYLINTERI<\/td>\n<td>RTE35M300-600000-500<\/td>\n<td>\u03a685<\/td>\n<td>\u03a635<\/td>\n<td>180<\/td>\n<td>565<\/td>\n<td>18,1 MPa<\/td>\n<td>2-M16*1.5<\/td>\n<td>17 kg<\/td>\n<\/tr>\n<tr>\n<td width=\"246\">KALLISTUSSYLINTERI<\/td>\n<td>A15N450-600000AZ<\/td>\n<td>\u03a665<\/td>\n<td>\u03a625<\/td>\n<td>109<\/td>\n<td>514<\/td>\n<td>18,1 MPa<\/td>\n<td>2-G1\/4<\/td>\n<td>11,6 kg<\/td>\n<\/tr>\n<\/tbody>\n<\/table>\n<table>\n<tbody>\n<tr>\n<td><img loading=\"lazy\" decoding=\"async\" class=\"alignnone size-full wp-image-298\" src=\"https:\/\/fmp-components.com\/wp-content\/uploads\/2024\/12\/PNkfUFql-Forklift-Tilt-Hydraulic-Cylinder-Dimensions-5.webp\" alt=\"Trukin kallistushydraulisen sylinterin mitat-5\" width=\"600\" height=\"250\" title=\"\" srcset=\"https:\/\/fmp-components.com\/wp-content\/uploads\/2024\/12\/PNkfUFql-Forklift-Tilt-Hydraulic-Cylinder-Dimensions-5.webp 600w, https:\/\/fmp-components.com\/wp-content\/uploads\/2024\/12\/PNkfUFql-Forklift-Tilt-Hydraulic-Cylinder-Dimensions-5-480x200.webp 480w\" sizes=\"(min-width: 0px) and (max-width: 480px) 480px, (min-width: 481px) 600px, 100vw\" \/><\/td>\n<td><img loading=\"lazy\" decoding=\"async\" class=\"alignnone size-full wp-image-293\" src=\"https:\/\/fmp-components.com\/wp-content\/uploads\/2024\/12\/6Stw2LGy-Forklift-Tilt-Hydraulic-Cylinder-Dimensions-6.webp\" alt=\"Trukin kallistushydrauliikan sylinterin mitat\" width=\"600\" height=\"250\" title=\"\" srcset=\"https:\/\/fmp-components.com\/wp-content\/uploads\/2024\/12\/6Stw2LGy-Forklift-Tilt-Hydraulic-Cylinder-Dimensions-6.webp 600w, https:\/\/fmp-components.com\/wp-content\/uploads\/2024\/12\/6Stw2LGy-Forklift-Tilt-Hydraulic-Cylinder-Dimensions-6-480x200.webp 480w\" sizes=\"(min-width: 0px) and (max-width: 480px) 480px, (min-width: 481px) 600px, 100vw\" \/><\/td>\n<\/tr>\n<\/tbody>\n<\/table>\n<table border=\"1\" width=\"100%\" cellspacing=\"0\" cellpadding=\"0\">\n<tbody>\n<tr>\n<td width=\"246\">Sylinterin nimi<\/td>\n<td width=\"336\">piirustusnumero<\/td>\n<td width=\"126\">rei\u00e4n halkaisija (D)<\/td>\n<td width=\"123\">tangon halkaisija (d)<\/td>\n<td width=\"114\">aivohalvaus (S)<\/td>\n<td width=\"170\">Asennuset\u00e4isyys (L)<\/td>\n<td width=\"172\">ty\u00f6paine<\/td>\n<td width=\"366\">Liit\u00e4nn\u00e4n mitat (M)<\/td>\n<td width=\"96\">paino<\/td>\n<\/tr>\n<tr>\n<td>KALLISTUSSYLINTERI<\/td>\n<td>A30M300-600000-000B<\/td>\n<td>\u03a670<\/td>\n<td>\u03a630<\/td>\n<td>156<\/td>\n<td>453<\/td>\n<td>18,1 MPa<\/td>\n<td>2-G1\/4<\/td>\n<td>12 kg<\/td>\n<\/tr>\n<tr>\n<td>KALLISTUSSYLINTERI<\/td>\n<td>A35M300-600000-000C<\/td>\n<td>\u03a680<\/td>\n<td>\u03a630<\/td>\n<td>156<\/td>\n<td>456.5<\/td>\n<td>18,1 MPa<\/td>\n<td>2-G1\/4<\/td>\n<td>13 kg<\/td>\n<\/tr>\n<tr>\n<td>KALLISTUSSYLINTERI<\/td>\n<td>A45M300-600000Z<\/td>\n<td>\u03a6100<\/td>\n<td>\u03a640<\/td>\n<td>193<\/td>\n<td>498<\/td>\n<td>18,1 MPa<\/td>\n<td>2-M16*1.5<\/td>\n<td>22 kg<\/td>\n<\/tr>\n<\/tbody>\n<\/table>\n<h3 class=\"JlqpRe\"><span class=\"JCzEY tNxQIb\"><span class=\"CSkcDe\">Mit\u00e4 eroa on nostosylinterill\u00e4 ja kallistussylinterill\u00e4?<\/span><\/span><\/h3>\n<div class=\"p8Jhnd\">\n<div class=\"aj35ze\">\n<p>Nostosylinteri<br \/>\nNostosylinteri on ensisijaisesti suunniteltu tarjoamaan pystysuoraa liikett\u00e4 nostamalla ja laskemalla raskaita kuormia. Se toimii liikkumalla suoraan, lineaarisesti, yleens\u00e4 yl\u00f6s tai alas, nostaakseen tai laskeakseen laitteita, koneita tai materiaaleja. Nostosylinteri on v\u00e4ltt\u00e4m\u00e4t\u00f6n sovelluksissa, joissa tarvitaan pystysuoraa nostoliikett\u00e4, kuten nostureissa, trukeissa, kaivinkoneissa ja kuormaajissa. Sit\u00e4 k\u00e4ytet\u00e4\u00e4n usein raskaiden esineiden siirt\u00e4miseen tai komponenttien, kuten puomien, nostovarsien tai konttien, nostamiseen. Nostosylinterill\u00e4 on ratkaiseva rooli nostovoiman tarjoamisessa, mik\u00e4 tekee siit\u00e4 keskeisen komponentin rakennuskoneissa, materiaalink\u00e4sittelyj\u00e4rjestelmiss\u00e4 ja maatalouslaitteissa, joissa suoritetaan raskaita nostoteht\u00e4vi\u00e4.<\/p>\n<p>Kallistussylinteri<br \/>\nKallistussylinteri on puolestaan \u200b\u200bsuunniteltu luomaan py\u00f6riv\u00e4\u00e4 tai kulmaliikett\u00e4, joka mahdollistaa esineen tai mekanismin kallistumisen vaakasuoran akselin ymp\u00e4ri. Nostamisen tai laskemisen sijaan kallistussylinteri s\u00e4\u00e4t\u00e4\u00e4 kuorman tai lis\u00e4laitteen kulmaa, jolloin se voi kallistua eteen- tai taaksep\u00e4in. T\u00e4m\u00e4n tyyppist\u00e4 sylinteri\u00e4 k\u00e4ytet\u00e4\u00e4n yleisesti sovelluksissa, joissa tarvitaan tarkkoja kulman s\u00e4\u00e4t\u00f6j\u00e4, kuten kuormaajan kauhan, lumiauran tai kippiauton lavan kallistuksen s\u00e4\u00e4t\u00e4misess\u00e4. Kallistussylintereit\u00e4 l\u00f6ytyy usein laitteista, kuten liukuohjatuista kuormaajista, kaivinkoneista ja traktoreista, joissa kallistus on v\u00e4ltt\u00e4m\u00e4t\u00f6nt\u00e4 ty\u00f6kalujen, lis\u00e4laitteiden tai materiaalien tarkalle sijoittamiselle. N\u00e4m\u00e4 sylinterit toimivat tyypillisesti yhdess\u00e4 nostosylinterien kanssa, jotta ne tarjoavat t\u00e4yden liikeradan, jossa sek\u00e4 nosto- ett\u00e4 kallistusliikkeit\u00e4 tarvitaan teht\u00e4v\u00e4n suorittamiseen.<\/p>\n<p><img loading=\"lazy\" decoding=\"async\" class=\"alignnone size-full wp-image-302\" src=\"https:\/\/fmp-components.com\/wp-content\/uploads\/2024\/12\/What-is-the-difference-between-lift-cylinder-and-tilt-cylinder.webp\" alt=\"Mit\u00e4 eroa on nostosylinterill\u00e4 ja kallistussylinterill\u00e4?\" width=\"1282\" height=\"600\" title=\"\" srcset=\"https:\/\/fmp-components.com\/wp-content\/uploads\/2024\/12\/What-is-the-difference-between-lift-cylinder-and-tilt-cylinder.webp 1282w, https:\/\/fmp-components.com\/wp-content\/uploads\/2024\/12\/What-is-the-difference-between-lift-cylinder-and-tilt-cylinder-1280x599.webp 1280w, https:\/\/fmp-components.com\/wp-content\/uploads\/2024\/12\/What-is-the-difference-between-lift-cylinder-and-tilt-cylinder-980x459.webp 980w, https:\/\/fmp-components.com\/wp-content\/uploads\/2024\/12\/What-is-the-difference-between-lift-cylinder-and-tilt-cylinder-480x225.webp 480w\" sizes=\"(min-width: 0px) and (max-width: 480px) 480px, (min-width: 481px) and (max-width: 980px) 980px, (min-width: 981px) and (max-width: 1280px) 1280px, (min-width: 1281px) 1282px, 100vw\" \/><\/p>\n<h3>Trukin kallistushydraulisylinterin edut<\/h3>\n<p>Parannettu tarkkuus ja hallinta<br \/>\nThe <a href=\"https:\/\/cylinder-hydraulic.com\/product\/ep-hcyy11112001-forklift-tilt-cylinder-forklift-hydraulic-cylinder\/\" target=\"_blank\" rel=\"noopener\">trukin kallistushydraulinen sylinteri<\/a> tarjoaa tarkan hallinnan trukin maston tai lis\u00e4laitteiden kallistuskulmaan. T\u00e4m\u00e4 antaa kuljettajille mahdollisuuden s\u00e4\u00e4t\u00e4\u00e4 kuorman kulmaa optimaalisen vakauden saavuttamiseksi varmistaen, ett\u00e4 raskaat tai herk\u00e4t kuormat sijoitetaan turvallisesti ja tehokkaasti. Maston kallistamisen avulla kuljettajat voivat parantaa kyky\u00e4\u00e4n pinota, purkaa tai k\u00e4sitell\u00e4 kuormia ahtaissa tiloissa, mik\u00e4 lis\u00e4\u00e4 sek\u00e4 trukin toiminnan turvallisuutta ett\u00e4 tuottavuutta.<\/p>\n<p>Lis\u00e4\u00e4ntynyt kuormank\u00e4sittelyn monipuolisuus<br \/>\nYksi trukin kallistushydraulisen sylinterin keskeisist\u00e4 eduista on sen kyky parantaa kuormank\u00e4sittelyn monipuolisuutta. Se mahdollistaa trukin maston s\u00e4\u00e4t\u00e4misen eri kulmiin, mik\u00e4 helpottaa erilaisten kuormien k\u00e4sittely\u00e4. Se esimerkiksi helpottaa materiaalien lastaamista ja purkamista kuorma-autoista s\u00e4\u00e4t\u00e4m\u00e4ll\u00e4 maston kulmaa eri lavakorkeuksien tai -kulmien mukaan. T\u00e4m\u00e4 monipuolisuus on olennaista ymp\u00e4rist\u00f6iss\u00e4, joissa on erilaisia \u200b\u200bmateriaalink\u00e4sittelytarpeita, kuten varastoissa, jakelukeskuksissa ja tuotantolaitoksissa.<\/p>\n<p>Parempi vakaus ja turvallisuus<br \/>\nKallistushydraulinen sylinteri parantaa vakautta ja turvallisuutta trukin k\u00e4yt\u00f6n aikana. Antamalla trukin maston kallistua taaksep\u00e4in sylinteri auttaa tasapainottamaan raskaita kuormia paremmin ja est\u00e4m\u00e4\u00e4n kaatumisen tai kuorman hallinnan menett\u00e4misen riskin. Lis\u00e4ksi kallistettaessa eteenp\u00e4in se voi auttaa sijoittamaan kuorman turvallisesti l\u00e4hemm\u00e4s maata k\u00e4sittelyn aikana, mik\u00e4 minimoi ep\u00e4tasapainossa olevien kuormien tai kuorman virheellisen sijoittelun aiheuttamien onnettomuuksien riskin. T\u00e4m\u00e4 lis\u00e4vakaus varmistaa sek\u00e4 k\u00e4ytt\u00e4j\u00e4n ett\u00e4 ymp\u00e4r\u00f6iv\u00e4n ymp\u00e4rist\u00f6n turvallisuuden ja v\u00e4hent\u00e4\u00e4 tavaroiden, laitteiden ja ty\u00f6alueen mahdollisia vaurioita.<\/p>\n<p><img loading=\"lazy\" decoding=\"async\" class=\"wp-image-309 aligncenter\" src=\"https:\/\/fmp-components.com\/wp-content\/uploads\/2024\/12\/Forklift-Tilt-Hydraulic-Cylinder.webp\" alt=\"Trukin kallistushydraulinen sylinteri\" width=\"1247\" height=\"935\" title=\"\" srcset=\"https:\/\/fmp-components.com\/wp-content\/uploads\/2024\/12\/Forklift-Tilt-Hydraulic-Cylinder.webp 1247w, https:\/\/fmp-components.com\/wp-content\/uploads\/2024\/12\/Forklift-Tilt-Hydraulic-Cylinder-980x735.webp 980w, https:\/\/fmp-components.com\/wp-content\/uploads\/2024\/12\/Forklift-Tilt-Hydraulic-Cylinder-480x360.webp 480w\" sizes=\"(min-width: 0px) and (max-width: 480px) 480px, (min-width: 481px) and (max-width: 980px) 980px, (min-width: 981px) 1247px, 100vw\" \/><\/p>\n<h3>Tietoja FMP:st\u00e4<\/h3>\n<p>FMP on hydraulisylintereihin erikoistunut valmistaja, joka keskittyy vahvasti tutkimukseen ja tuotantoon. Perustamisestaan \u200b\u200bl\u00e4htien yritys on johdonmukaisesti keskittynyt hydraulisylintereiden kehitt\u00e4miseen ja kehittynyt erilaisten tuotteiden, kuten sadonkorjuu- ja rakennuskoneiden, tuotannosta maataloustraktorien komponentteihin erikoistumiseen. Yli vuosikymmenen valmistusosaamisen, johtamiskokemuksen ja edistyneen tuotantoteknologian ansiosta FMP takaa tuotteidensa korkeimman laadun.<\/p>\n<p>Yrityksen kasvaessa ammatillisesti se on perustanut kattavan koneistuslinjan, kokoonpanolinjan ja pinnoituslinjan. FMP:t\u00e4 tukee omistautunut tiimi, johon kuuluu kokeneita johtohenkil\u00f6it\u00e4, taitavia mekaanisia suunnittelijoita ja korkeasti koulutettuja teknisi\u00e4 ty\u00f6ntekij\u00f6it\u00e4. T\u00e4m\u00e4 varmistaa vakaan tuotteen laadun samalla, kun prosessin jatkuvuutta ja tuotannon yleist\u00e4 tehokkuutta hallitaan tehokkaasti.<\/p>\n<p>FMP noudattaa ydinarvoja, jotka ovat \u201dTeknologinen innovaatio edistyksen vauhdittajana, laatua luovat br\u00e4ndit, laadun varmistava k\u00e4sity\u00f6taito ja pitk\u00e4aikaisten, molempia osapuolia hy\u00f6dytt\u00e4vien suhteiden rakentaminen\u201d. Yritys on edelleen sitoutunut tarjoamaan korkealaatuisia tuotteita ja samalla erinomaista asiakaspalvelua pyrkien aina vastaamaan markkinoiden kehittyviin tarpeisiin.<\/p>\n<p><img loading=\"lazy\" decoding=\"async\" class=\"wp-image-303 aligncenter\" src=\"https:\/\/fmp-components.com\/wp-content\/uploads\/2024\/12\/hydraulic-cylinder-factory-11_1.webp\" alt=\"hydraulisylinteritehdas\" width=\"1203\" height=\"1316\" title=\"\" srcset=\"https:\/\/fmp-components.com\/wp-content\/uploads\/2024\/12\/hydraulic-cylinder-factory-11_1.webp 1203w, https:\/\/fmp-components.com\/wp-content\/uploads\/2024\/12\/hydraulic-cylinder-factory-11_1-480x525.webp 480w\" sizes=\"(min-width: 0px) and (max-width: 480px) 480px, (min-width: 481px) 1203px, 100vw\" \/><\/p>\n<p><img loading=\"lazy\" decoding=\"async\" class=\"wp-image-283 aligncenter\" src=\"https:\/\/fmp-components.com\/wp-content\/uploads\/2024\/12\/hydraulic-cylinder-factory-5.webp\" alt=\"hydraulisylinteritehdas\" width=\"1324\" height=\"762\" title=\"\" srcset=\"https:\/\/fmp-components.com\/wp-content\/uploads\/2024\/12\/hydraulic-cylinder-factory-5.webp 1324w, https:\/\/fmp-components.com\/wp-content\/uploads\/2024\/12\/hydraulic-cylinder-factory-5-480x276.webp 480w\" sizes=\"(min-width: 0px) and (max-width: 480px) 480px, (min-width: 481px) 1324px, 100vw\" \/><\/p>\n<p>Tekij\u00e4: CX<\/p>\n<\/div>\n<\/div>","protected":false},"excerpt":{"rendered":"<p>Trukin kallistussylinteri on suunniteltu ohjaamaan trukin maston tai lis\u00e4laitteen kallistusliikett\u00e4, jolloin k\u00e4ytt\u00e4j\u00e4 voi s\u00e4\u00e4t\u00e4\u00e4 kuorman kulmaa paremman vakauden ja tarkkuuden saavuttamiseksi. T\u00e4m\u00e4 sylinteri mahdollistaa maston kallistumisen eteen- tai taaksep\u00e4in varmistaen, ett\u00e4 kuormat ovat turvallisesti sijoitettuina noston, kuljetuksen tai purkamisen aikana. Tarjoamalla tasaisen ja hallitun kallistuksen trukin kallistussylinteri auttaa est\u00e4m\u00e4\u00e4n kuorman vaurioitumisen ja parantaa kuormank\u00e4sittely\u00e4 erilaisissa k\u00e4ytt\u00f6olosuhteissa. Se on erityisen hy\u00f6dyllinen sovelluksissa, joissa vaaditaan tarkkaa kuorman sijoittelua ja kulman s\u00e4\u00e4t\u00f6\u00e4, kuten tavaroiden pinoamisessa tai purkamisessa kuorma-autoista, mik\u00e4 tekee siit\u00e4 olennaisen osan trukin tehokkuuden ja turvallisuuden kannalta.<\/p>","protected":false},"featured_media":300,"comment_status":"open","ping_status":"closed","template":"","meta":{"_et_pb_use_builder":"","_et_pb_old_content":"","_et_gb_content_width":""},"product_brand":[],"product_cat":[20],"product_tag":[],"class_list":{"0":"post-292","1":"product","2":"type-product","3":"status-publish","4":"has-post-thumbnail","6":"product_cat-forklift-hydraulic-cylinders","8":"first","9":"instock","10":"shipping-taxable","11":"product-type-simple"},"_links":{"self":[{"href":"https:\/\/fmp-components.com\/fi\/wp-json\/wp\/v2\/product\/292","targetHints":{"allow":["GET"]}}],"collection":[{"href":"https:\/\/fmp-components.com\/fi\/wp-json\/wp\/v2\/product"}],"about":[{"href":"https:\/\/fmp-components.com\/fi\/wp-json\/wp\/v2\/types\/product"}],"replies":[{"embeddable":true,"href":"https:\/\/fmp-components.com\/fi\/wp-json\/wp\/v2\/comments?post=292"}],"wp:featuredmedia":[{"embeddable":true,"href":"https:\/\/fmp-components.com\/fi\/wp-json\/wp\/v2\/media\/300"}],"wp:attachment":[{"href":"https:\/\/fmp-components.com\/fi\/wp-json\/wp\/v2\/media?parent=292"}],"wp:term":[{"taxonomy":"product_brand","embeddable":true,"href":"https:\/\/fmp-components.com\/fi\/wp-json\/wp\/v2\/product_brand?post=292"},{"taxonomy":"product_cat","embeddable":true,"href":"https:\/\/fmp-components.com\/fi\/wp-json\/wp\/v2\/product_cat?post=292"},{"taxonomy":"product_tag","embeddable":true,"href":"https:\/\/fmp-components.com\/fi\/wp-json\/wp\/v2\/product_tag?post=292"}],"curies":[{"name":"wp","href":"https:\/\/api.w.org\/{rel}","templated":true}]}}