{"id":2877,"date":"2025-01-04T05:25:27","date_gmt":"2025-01-04T05:25:27","guid":{"rendered":"https:\/\/fmp-components.com\/product\/wholesale-customized-two-way-power-steering-cylinder-hydraulic-piston-cylinder-for-tractor\/"},"modified":"2025-01-04T06:23:24","modified_gmt":"2025-01-04T06:23:24","slug":"wholesale-customized-two-way-power-steering-cylinder-hydraulic-piston-cylinder-for-tractor","status":"publish","type":"product","link":"https:\/\/fmp-components.com\/fi\/product\/wholesale-customized-two-way-power-steering-cylinder-hydraulic-piston-cylinder-for-tractor\/","title":{"rendered":"Tukku r\u00e4\u00e4t\u00e4l\u00f6ity kaksisuuntainen ohjaustehostimen sylinteri hydraulinen m\u00e4nt\u00e4sylinteri traktoriin"},"content":{"rendered":"<div class=\"product-description\">\n<h2>Kuuma myynti Mini Trailer Hydraulinen M\u00e4nt\u00e4sylinteri Maatalouteen \u2013 T\u00e4ydellinen Ratkaisu Tarpeisiisi<\/h2>\n<p>Esittelyss\u00e4 kuumamyyntimme, miniper\u00e4vaunun hydraulinen m\u00e4nt\u00e4sylinteri maatalouteen, on t\u00e4ydellinen ratkaisu kaikkiin maatalouden tarpeisiisi. Tarkkuudella suunniteltu ja t\u00e4ydellisyyteen valmistettu hydraulinen m\u00e4nt\u00e4sylinteri on rakennettu tarjoamaan poikkeuksellista suorituskyky\u00e4 ja kest\u00e4vyytt\u00e4.<\/p>\n<h3>T\u00e4rkeimm\u00e4t ominaisuudet:<\/h3>\n<ul>\n<li>Korkealaatuiset materiaalit takaavat pitk\u00e4aikaisen luotettavuuden<\/li>\n<li>Kompakti koko helpottaa asennusta ja k\u00e4ytt\u00f6\u00e4<\/li>\n<li>Tehokas hydraulinen m\u00e4nt\u00e4 varmistaa tehokkaan toiminnan<\/li>\n<li>Suunniteltu erityisesti maatalousk\u00e4ytt\u00f6\u00f6n<\/li>\n<li>Voidaan helposti asentaa per\u00e4vaunuihin k\u00e4tev\u00e4\u00e4 kuljetusta varten<\/li>\n<\/ul>\n<h3>Edut:<\/h3>\n<ul>\n<li>Parantaa tuottavuutta minimoimalla seisokkiajat<\/li>\n<li>Parantaa maatalouskoneiden tehokkuutta ja suorituskyky\u00e4<\/li>\n<li>Lis\u00e4\u00e4 monipuolisuutta ja sopeutumiskyky\u00e4 erilaisissa maatalousteht\u00e4viss\u00e4<\/li>\n<li>Varmistaa sujuvan ja tarkan liikkeen saumattoman toiminnan takaamiseksi<\/li>\n<li>Luotettava ja kest\u00e4v\u00e4 rakenne takaa pitk\u00e4aikaisen k\u00e4yt\u00f6n<\/li>\n<\/ul>\n<\/div>\n<p><img decoding=\"async\" src=\"https:\/\/hzpt.com\/wp-content\/uploads\/2023\/11\/Steering-Hydraulic-Cylinder-1.webp\" alt=\"\" title=\"\"><\/p>\n<p>Voimayksikk\u00f6\u00e4 valittaessa on otettava huomioon tarvittava voima, nopeus ja voimanl\u00e4hde. On eritt\u00e4in t\u00e4rke\u00e4\u00e4 valita voimayksikk\u00f6, joka vastaa hydraulisylinterin teknisi\u00e4 tietoja optimaalisen suorituskyvyn varmistamiseksi.<\/p>\n<h2>Ohjaushydraulisen sylinterin k\u00e4ytt\u00f6<\/h2>\n<p>Ohjaushydraulisylinterit ovat olennaisia \u200b\u200bosia ohjausj\u00e4rjestelmiss\u00e4 erityyppisiss\u00e4 ajoneuvoissa. N\u00e4m\u00e4 sylinterit, jotka tunnetaan my\u00f6s ohjaustoimilaitteina, auttavat muuntamaan ohjauspumpun tuottaman energian lineaariseksi liikkeeksi, jota voidaan k\u00e4ytt\u00e4\u00e4 ajoneuvon py\u00f6rien suunnan muuttamiseen. T\u00e4ss\u00e4 on joitakin ohjaushydraulisylinterien sovelluksia:<\/p>\n<ol>\n<li>Raskaat ajoneuvot:\n<p>Ohjaushydraulisylintereit\u00e4 k\u00e4ytet\u00e4\u00e4n yleisesti raskaissa ajoneuvoissa, kuten kuorma-autoissa, linja-autoissa ja rakennuskoneissa. N\u00e4m\u00e4 ajoneuvot vaativat paljon voimaa ohjaukseen, ja hydraulisylinteri voi tuottaa tarvittavan voiman py\u00f6rien k\u00e4\u00e4nt\u00e4miseen, vaikka ajoneuvo olisi kuormitettu. Hydraulij\u00e4rjestelm\u00e4 mahdollistaa my\u00f6s ohjausmekanismin tarkemman hallinnan, mik\u00e4 helpottaa kuljettajien navigointia suurissa ja k\u00f6mpel\u00f6iss\u00e4 ajoneuvoissa.<\/li>\n<li>Maastoajoneuvot:\n<p>My\u00f6s maastoajoneuvot, kuten m\u00f6nkij\u00e4t, hiekkarattaat ja motocross-py\u00f6r\u00e4t, hy\u00f6tyv\u00e4t ohjaushydraulisylintereist\u00e4. N\u00e4m\u00e4 ajoneuvot toimivat usein ep\u00e4tasaisessa maastossa, jossa perinteiset ohjausmekanismit eiv\u00e4t v\u00e4ltt\u00e4m\u00e4tt\u00e4 ole tehokkaita. Hydraulisylinterit voivat tarjota tarvittavaa tehoa ja tarkkuutta esteiden l\u00e4pi ohjaamiseen ja ajoneuvon hallinnan s\u00e4ilytt\u00e4miseen.<\/li>\n<li>Meri- ja ilmailusovellukset:\n<p>Ohjaushydraulisylintereit\u00e4 ei k\u00e4ytet\u00e4 vain maalla liikkuvissa ajoneuvoissa. Niit\u00e4 k\u00e4ytet\u00e4\u00e4n my\u00f6s merisovelluksissa, kuten veneiss\u00e4 ja laivoissa, sek\u00e4 ilmailu- ja avaruustekniikassa, kuten avaruusaluksissa ja lentokoneissa. N\u00e4iss\u00e4 olosuhteissa hydraulisylintereit\u00e4 k\u00e4ytet\u00e4\u00e4n per\u00e4simien, evien ja muiden ohjauspintojen suunnan manipulointiin, jotka auttavat ohjaamaan alusta tai lentokonetta.<\/li>\n<li>Teollisuuslaitteet:\n<p>Hydraulisylintereit\u00e4 k\u00e4ytet\u00e4\u00e4n my\u00f6s useissa teollisissa ymp\u00e4rist\u00f6iss\u00e4 ohjaukseen ja muihin sovelluksiin. Niit\u00e4 voidaan esimerkiksi k\u00e4ytt\u00e4\u00e4 nostureiden, trukkien tai muiden raskaiden koneiden ohjaamiseen. N\u00e4iss\u00e4 ymp\u00e4rist\u00f6iss\u00e4 hydraulisylinterit voivat tarjota tarvittavan tehon ja tarkkuuden suurten kuormien k\u00e4sittelyyn tai ahtaissa tiloissa ty\u00f6skentelyyn.<\/li>\n<li>Mukautetut sovellukset:\n<p>N\u00e4iden yleisten sovellusten lis\u00e4ksi ohjaushydraulisylintereit\u00e4 voidaan k\u00e4ytt\u00e4\u00e4 my\u00f6s erilaisissa r\u00e4\u00e4t\u00e4l\u00f6idyiss\u00e4 ymp\u00e4rist\u00f6iss\u00e4. Niit\u00e4 voidaan esimerkiksi k\u00e4ytt\u00e4\u00e4 kokeellisissa ajoneuvoissa tai prototyypeiss\u00e4, jotka vaativat ainutlaatuisen ohjausmekanismin. Niit\u00e4 voidaan k\u00e4ytt\u00e4\u00e4 my\u00f6s taiteellisissa installaatioissa tai kineettisiss\u00e4 veistoksissa, jotka vaativat tarkkaa ja hallittua liikett\u00e4.<\/li>\n<\/ol>\n<p>Kuten n\u00e4ette, ohjaushydraulisylintereill\u00e4 on laaja valikoima sovelluksia eri teollisuudenaloilla ja ymp\u00e4rist\u00f6iss\u00e4. K\u00e4ytettiinp\u00e4 niit\u00e4 sitten raskaissa ajoneuvoissa, maastoajoneuvoissa, meri- ja ilmailualan sovelluksissa, teollisuuslaitteissa tai r\u00e4\u00e4t\u00e4l\u00f6idyiss\u00e4 sovelluksissa, n\u00e4m\u00e4 sylinterit tarjoavat tarvittavan tehon, tarkkuuden ja hallinnan tehokkaaseen ohjaamiseen.<\/p>\n<h2>Tietoja FMP:st\u00e4<\/h2>\n<p>FMP on johtava korkealaatuisten hydraulisylintereiden, sylinterisarjojen ja rakennuskoneiden komponenttien valmistaja ja jakelija. Monivuotisen kokemuksemme alalta ja ammattitaitoisen tiimimme ansiosta olemme sitoutuneet tarjoamaan asiakkaillemme luotettavia ja tehokkaita ratkaisuja heid\u00e4n rakennuskoneisiinsa.<\/p>\n<p>T\u00e4ss\u00e4 on viisi syyt\u00e4, miksi sinun kannattaa valita FMP:n:<\/p>\n<ol>\n<li><strong>Korkealaatuiset hydraulisylinterit:<\/strong> K\u00e4yt\u00e4mme hydraulisylintereidemme valmistuksessa tarkkuustekniikkaa. Vahva sitoutumisemme laatuun varmistaa, ett\u00e4 k\u00e4yt\u00e4mme vain korkealaatuisimpia raaka-aineita ja suoritamme tiukkoja laatutarkastuksia valmiille tuotteille varmistaaksemme, ett\u00e4 ne t\u00e4ytt\u00e4v\u00e4t ja ylitt\u00e4v\u00e4t alan standardit.<\/li>\n<li><strong>Laaja tuotevalikoima:<\/strong> Tuotevalikoimamme kattaa kaikenlaiset rakennuskoneet ja niiden lis\u00e4varusteet. Tarjoamme erilaisia \u200b\u200bhydraulisylintereit\u00e4, vaihteistoja, ketjuja, ketjupy\u00f6ri\u00e4, moottorin lis\u00e4varusteita, hydraulij\u00e4rjestelm\u00e4n komponentteja, alustan lis\u00e4varusteita ja s\u00e4hk\u00f6j\u00e4rjestelm\u00e4n lis\u00e4varusteita.<\/li>\n<li><strong>Vakiintuneet kumppanuudet:<\/strong> Olemme luoneet pitk\u00e4aikaisia \u200b\u200bja vakaita kumppanuuksia monien korkealaatuisten kotimaisten ja ulkomaisten toimittajien kanssa. T\u00e4m\u00e4 varmistaa, ett\u00e4 kaikki toimitetut tarvikkeet t\u00e4ytt\u00e4v\u00e4t tiukat laatustandardimme.<\/li>\n<li><strong>Kokenut myyntitiimi:<\/strong> Myyntitiimill\u00e4mme on vuosien kokemus ja tiet\u00e4mys rakennuskonealalta. He voivat tarjota ammattimaista tuotekonsultointia ja \u00e4lykk\u00e4it\u00e4 osto-ohjeita auttaakseen sinua tekem\u00e4\u00e4n tietoon perustuvia p\u00e4\u00e4t\u00f6ksi\u00e4.<\/li>\n<li><strong>Tehokas logistiikka-jakeluj\u00e4rjestelm\u00e4:<\/strong> Meill\u00e4 on tehokas logistiikkaj\u00e4rjestelm\u00e4 varmistaaksemme, ett\u00e4 asiakkaamme saavat tarvitsemansa osat ajallaan ja t\u00e4sm\u00e4llisesti.<\/li>\n<\/ol>\n<p><img decoding=\"async\" src=\"https:\/\/fmp-components.com\/wp-content\/uploads\/2025\/01\/Dump-Truck-Trailer-Hydraulic-Cylinder-product-3-3.webp\" alt=\"Hydraulinen sylinteri\" width=\"800\" title=\"\"><\/p>\n<p>FMP:ll\u00e4 olemme sitoutuneet tarjoamaan asiakkaillemme korkealaatuisia ja luotettavia rakennuskoneiden lis\u00e4varusteita ja t\u00e4ydellisi\u00e4 koneratkaisuja. Nykyaikaisten tehdastilojen, CNC-ty\u00f6st\u00f6koneiden, tietokoneavusteisen suunnittelun, ammattitaitoisten ty\u00f6ntekij\u00f6idemme, hydrauliikkaj\u00e4rjestelmien asiantuntijoidemme, sylinterikokoonpanojemme ja j\u00e4lleenmyyjiemme ansiosta olemme ensisijainen kumppani hydraulisylintereiden, sylinterisarjojen ja komponenttien tarpeisiisi.<\/p>\n<p>Tekij\u00e4: CX<\/p>","protected":false},"excerpt":{"rendered":"<p>Hot Sale Mini Trailer Hydraulic Piston Cylinder for Agriculture &#8211; The Perfect Solution for Your Needs Introducing our Hot Sale Mini Trailer Hydraulic Piston Cylinder for Agriculture, the ultimate solution for all your agricultural needs. Designed with precision and engineered to perfection, this hydraulic piston cylinder is built to deliver exceptional performance and durability. Key [&hellip;]<\/p>","protected":false},"featured_media":2878,"comment_status":"closed","ping_status":"closed","template":"","meta":{"_et_pb_use_builder":"","_et_pb_old_content":"","_et_gb_content_width":""},"product_brand":[],"product_cat":[67],"product_tag":[34,70],"class_list":{"0":"post-2877","1":"product","2":"type-product","3":"status-publish","4":"has-post-thumbnail","6":"product_cat-steering-hydraulic-cylinder","7":"product_tag-hydraulic-cylinder","8":"product_tag-steering-hydraulic-cylinder","10":"first","11":"instock","12":"product-type-simple"},"_links":{"self":[{"href":"https:\/\/fmp-components.com\/fi\/wp-json\/wp\/v2\/product\/2877","targetHints":{"allow":["GET"]}}],"collection":[{"href":"https:\/\/fmp-components.com\/fi\/wp-json\/wp\/v2\/product"}],"about":[{"href":"https:\/\/fmp-components.com\/fi\/wp-json\/wp\/v2\/types\/product"}],"replies":[{"embeddable":true,"href":"https:\/\/fmp-components.com\/fi\/wp-json\/wp\/v2\/comments?post=2877"}],"wp:featuredmedia":[{"embeddable":true,"href":"https:\/\/fmp-components.com\/fi\/wp-json\/wp\/v2\/media\/2878"}],"wp:attachment":[{"href":"https:\/\/fmp-components.com\/fi\/wp-json\/wp\/v2\/media?parent=2877"}],"wp:term":[{"taxonomy":"product_brand","embeddable":true,"href":"https:\/\/fmp-components.com\/fi\/wp-json\/wp\/v2\/product_brand?post=2877"},{"taxonomy":"product_cat","embeddable":true,"href":"https:\/\/fmp-components.com\/fi\/wp-json\/wp\/v2\/product_cat?post=2877"},{"taxonomy":"product_tag","embeddable":true,"href":"https:\/\/fmp-components.com\/fi\/wp-json\/wp\/v2\/product_tag?post=2877"}],"curies":[{"name":"wp","href":"https:\/\/api.w.org\/{rel}","templated":true}]}}