{"id":2845,"date":"2025-01-04T05:25:27","date_gmt":"2025-01-04T05:25:27","guid":{"rendered":"https:\/\/fmp-components.com\/product\/premium-quality-head-steering-cylinder-hydraulic-steering-cylinder-for-tractor\/"},"modified":"2025-01-04T06:24:32","modified_gmt":"2025-01-04T06:24:32","slug":"premium-quality-head-steering-cylinder-hydraulic-steering-cylinder-for-tractor","status":"publish","type":"product","link":"https:\/\/fmp-components.com\/fi\/product\/premium-quality-head-steering-cylinder-hydraulic-steering-cylinder-for-tractor\/","title":{"rendered":"Huippulaatuinen p\u00e4\u00e4n ohjaussylinteri: Traktorin hydraulinen ohjaussylinteri"},"content":{"rendered":"<h2>Valmistaja Toimittaja Mini Hydraulinen Ohjaussylinteri Maatalousper\u00e4vaunuun<\/h2>\n<p>Maatalousper\u00e4vaunujen minihydraulinen ohjaussylinteri on korkealaatuinen tuote, joka on suunniteltu parantamaan maatalousper\u00e4vaunujen ohjaustehoa. Kokeneiden ammattilaisten valmistama sylinteri tarjoaa luotettavan ja tehokkaan ohjauksen, varmistaen sujuvan ohjattavuuden erilaisissa maatalousteht\u00e4viss\u00e4.<\/p>\n<p>T\u00e4rkeimm\u00e4t ominaisuudet:<br \/>\n1. Kompakti muotoilu: T\u00e4m\u00e4n ohjaussylinterin pieni koko mahdollistaa helpon asennuksen ja integroinnin eri per\u00e4vaunumalleihin. Sen kevyt rakenne ei lis\u00e4\u00e4 per\u00e4vaunun painoa liikaa, mik\u00e4 edist\u00e4\u00e4 optimaalista kuormauskapasiteettia.<\/p>\n<p>2. Hydraulinen teho: Hydraulisella j\u00e4rjestelm\u00e4ll\u00e4 varustettu ohjaussylinteri tarjoaa erinomaisen tehon ja reagointikyvyn. Se mahdollistaa tarkan ohjauksen my\u00f6s haastavassa maastossa, mik\u00e4 varmistaa turvallisemman ja tehokkaamman toiminnan.<\/p>\n<p>3. Kest\u00e4v\u00e4 rakenne: Kest\u00e4vist\u00e4 materiaaleista valmistettu sylinteri on suunniteltu kest\u00e4m\u00e4\u00e4n kovaa k\u00e4ytt\u00f6\u00e4 maatalousymp\u00e4rist\u00f6iss\u00e4. Se on korroosionkest\u00e4v\u00e4, ruosteenkest\u00e4v\u00e4 ja kest\u00e4\u00e4 muita kulumismuotoja, mik\u00e4 varmistaa pitk\u00e4ik\u00e4isen suorituskyvyn ja luotettavuuden.<\/p>\n<p>4. Helppo huolto: Ohjaussylinterin rakenne mahdollistaa yksinkertaisen huollon ja yll\u00e4pidon. Rutiinitarkastukset ja korjaukset voidaan tehd\u00e4 nopeasti, mik\u00e4 minimoi seisokkiajat ja maksimoi tuottavuuden.<\/p>\n<p>5. Monipuolinen yhteensopivuus: Maatalousper\u00e4vaunujen minihydraulinen ohjaussylinteri on yhteensopiva monenlaisten per\u00e4vaunumallien kanssa. Se voidaan helposti integroida olemassa oleviin j\u00e4rjestelmiin, joten se on ihanteellinen valinta sek\u00e4 uusiin asennuksiin ett\u00e4 j\u00e4lkiasennusprojekteihin.<\/p>\n<p>Yhteenvetona voidaan todeta, ett\u00e4 maatalousper\u00e4vaunujen valmistajan ja toimittajan minihydraulinen ohjaussylinteri on luotettava ja kest\u00e4v\u00e4 ratkaisu maatalousper\u00e4vaunujen ohjausominaisuuksien parantamiseen. Sen kompakti rakenne, hydraulinen teho, kest\u00e4vyys ja monipuolisuus tekev\u00e4t siit\u00e4 erinomaisen valinnan maanviljelij\u00f6ille ja maatalousyrityksille, jotka haluavat optimoida per\u00e4vaunujensa suorituskyvyn.<\/p>\n<p><img decoding=\"async\" src=\"https:\/\/hzpt.com\/wp-content\/uploads\/2023\/11\/Steering-Hydraulic-Cylinder-2.webp\" alt=\"\" title=\"\"><\/p>\n<h2>Ohjaushydraulisen sylinterin k\u00e4ytt\u00f6<\/h2>\n<p>Ohjaushydraulisylinterit ovat olennaisia \u200b\u200bosia ohjausj\u00e4rjestelmiss\u00e4 erityyppisiss\u00e4 ajoneuvoissa. N\u00e4m\u00e4 sylinterit, jotka tunnetaan my\u00f6s ohjaustoimilaitteina, auttavat muuntamaan ohjauspumpun tuottaman energian lineaariseksi liikkeeksi, jota voidaan k\u00e4ytt\u00e4\u00e4 ajoneuvon py\u00f6rien suunnan muuttamiseen. T\u00e4ss\u00e4 on joitakin ohjaushydraulisylinterien sovelluksia:<\/p>\n<ol>\n<li>Raskaat ajoneuvot:\n<p>Ohjaushydraulisylintereit\u00e4 k\u00e4ytet\u00e4\u00e4n yleisesti raskaissa ajoneuvoissa, kuten kuorma-autoissa, linja-autoissa ja rakennuskoneissa. N\u00e4m\u00e4 ajoneuvot vaativat paljon voimaa ohjaukseen, ja hydraulisylinteri voi tuottaa tarvittavan voiman py\u00f6rien k\u00e4\u00e4nt\u00e4miseen, vaikka ajoneuvo olisi kuormitettu. Hydraulij\u00e4rjestelm\u00e4 mahdollistaa my\u00f6s ohjausmekanismin tarkemman hallinnan, mik\u00e4 helpottaa kuljettajien navigointia suurissa ja k\u00f6mpel\u00f6iss\u00e4 ajoneuvoissa.<\/li>\n<li>Maastoajoneuvot:\n<p>My\u00f6s maastoajoneuvot, kuten m\u00f6nkij\u00e4t, hiekkarattaat ja motocross-py\u00f6r\u00e4t, hy\u00f6tyv\u00e4t ohjaushydraulisylintereist\u00e4. N\u00e4m\u00e4 ajoneuvot toimivat usein ep\u00e4tasaisessa maastossa, jossa perinteiset ohjausmekanismit eiv\u00e4t v\u00e4ltt\u00e4m\u00e4tt\u00e4 ole tehokkaita. Hydraulisylinterit voivat tarjota tarvittavaa tehoa ja tarkkuutta esteiden l\u00e4pi ohjaamiseen ja ajoneuvon hallinnan s\u00e4ilytt\u00e4miseen.<\/li>\n<li>Meri- ja ilmailusovellukset:\n<p>Ohjaushydraulisylintereit\u00e4 ei k\u00e4ytet\u00e4 vain maalla liikkuvissa ajoneuvoissa. Niit\u00e4 k\u00e4ytet\u00e4\u00e4n my\u00f6s merisovelluksissa, kuten veneiss\u00e4 ja laivoissa, sek\u00e4 ilmailu- ja avaruustekniikassa, kuten avaruusaluksissa ja lentokoneissa. N\u00e4iss\u00e4 olosuhteissa hydraulisylintereit\u00e4 k\u00e4ytet\u00e4\u00e4n per\u00e4simien, evien ja muiden ohjauspintojen suunnan manipulointiin, jotka auttavat ohjaamaan alusta tai lentokonetta.<\/li>\n<li>Teollisuuslaitteet:\n<p>Hydraulisylintereit\u00e4 k\u00e4ytet\u00e4\u00e4n my\u00f6s useissa teollisissa ymp\u00e4rist\u00f6iss\u00e4 ohjaukseen ja muihin sovelluksiin. Niit\u00e4 voidaan esimerkiksi k\u00e4ytt\u00e4\u00e4 nostureiden, trukkien tai muiden raskaiden koneiden ohjaamiseen. N\u00e4iss\u00e4 ymp\u00e4rist\u00f6iss\u00e4 hydraulisylinterit voivat tarjota tarvittavan tehon ja tarkkuuden suurten kuormien k\u00e4sittelyyn tai ahtaissa tiloissa ty\u00f6skentelyyn.<\/li>\n<li>Mukautetut sovellukset:\n<p>N\u00e4iden yleisten sovellusten lis\u00e4ksi ohjaushydraulisylintereit\u00e4 voidaan k\u00e4ytt\u00e4\u00e4 my\u00f6s erilaisissa r\u00e4\u00e4t\u00e4l\u00f6idyiss\u00e4 ymp\u00e4rist\u00f6iss\u00e4. Niit\u00e4 voidaan esimerkiksi k\u00e4ytt\u00e4\u00e4 kokeellisissa ajoneuvoissa tai prototyypeiss\u00e4, jotka vaativat ainutlaatuisen ohjausmekanismin. Niit\u00e4 voidaan k\u00e4ytt\u00e4\u00e4 my\u00f6s taiteellisissa installaatioissa tai kineettisiss\u00e4 veistoksissa, jotka vaativat tarkkaa ja hallittua liikett\u00e4.<\/li>\n<\/ol>\n<p>Kuten n\u00e4ette, ohjaushydraulisylintereill\u00e4 on laaja valikoima sovelluksia eri teollisuudenaloilla ja ymp\u00e4rist\u00f6iss\u00e4. K\u00e4ytettiinp\u00e4 niit\u00e4 sitten raskaissa ajoneuvoissa, maastoajoneuvoissa, meri- ja ilmailualan sovelluksissa, teollisuuslaitteissa tai r\u00e4\u00e4t\u00e4l\u00f6idyiss\u00e4 sovelluksissa, n\u00e4m\u00e4 sylinterit tarjoavat tarvittavan tehon, tarkkuuden ja hallinnan tehokkaaseen ohjaamiseen.<\/p>\n<h2>Tietoja FMP:st\u00e4<\/h2>\n<p>FMP on johtava korkealaatuisten hydraulisylintereiden, sylinterisarjojen ja rakennuskoneiden komponenttien valmistaja ja jakelija. Monivuotisen kokemuksemme alalta ja ammattitaitoisen tiimimme ansiosta olemme sitoutuneet tarjoamaan asiakkaillemme luotettavia ja tehokkaita ratkaisuja heid\u00e4n rakennuskoneisiinsa.<\/p>\n<p>T\u00e4ss\u00e4 on viisi syyt\u00e4, miksi sinun kannattaa valita FMP:n:<\/p>\n<ol>\n<li><strong>Korkealaatuiset hydraulisylinterit:<\/strong> K\u00e4yt\u00e4mme hydraulisylintereidemme valmistuksessa tarkkuustekniikkaa. Vahva sitoutumisemme laatuun varmistaa, ett\u00e4 k\u00e4yt\u00e4mme vain korkealaatuisimpia raaka-aineita ja suoritamme tiukkoja laatutarkastuksia valmiille tuotteille varmistaaksemme, ett\u00e4 ne t\u00e4ytt\u00e4v\u00e4t ja ylitt\u00e4v\u00e4t alan standardit.<\/li>\n<li><strong>Laaja tuotevalikoima:<\/strong> Tuotevalikoimamme kattaa kaikenlaiset rakennuskoneet ja niiden lis\u00e4varusteet. Tarjoamme erilaisia \u200b\u200bhydraulisylintereit\u00e4, vaihteistoja, ketjuja, ketjupy\u00f6ri\u00e4, moottorin lis\u00e4varusteita, hydraulij\u00e4rjestelm\u00e4n komponentteja, alustan lis\u00e4varusteita ja s\u00e4hk\u00f6j\u00e4rjestelm\u00e4n lis\u00e4varusteita.<\/li>\n<li><strong>Vakiintuneet kumppanuudet:<\/strong> Olemme luoneet pitk\u00e4aikaisia \u200b\u200bja vakaita kumppanuuksia monien korkealaatuisten kotimaisten ja ulkomaisten toimittajien kanssa. T\u00e4m\u00e4 varmistaa, ett\u00e4 kaikki toimitetut tarvikkeet t\u00e4ytt\u00e4v\u00e4t tiukat laatustandardimme.<\/li>\n<li><strong>Kokenut myyntitiimi:<\/strong> Myyntitiimill\u00e4mme on vuosien kokemus ja tiet\u00e4mys rakennuskonealalta. He voivat tarjota ammattimaista tuotekonsultointia ja \u00e4lykk\u00e4it\u00e4 osto-ohjeita auttaakseen sinua tekem\u00e4\u00e4n tietoon perustuvia p\u00e4\u00e4t\u00f6ksi\u00e4.<\/li>\n<li><strong>Tehokas logistiikka-jakeluj\u00e4rjestelm\u00e4:<\/strong> Meill\u00e4 on tehokas logistiikkaj\u00e4rjestelm\u00e4 varmistaaksemme, ett\u00e4 asiakkaamme saavat tarvitsemansa osat ajallaan ja t\u00e4sm\u00e4llisesti.<\/li>\n<\/ol>\n<p><img decoding=\"async\" src=\"https:\/\/fmp-components.com\/wp-content\/uploads\/2025\/01\/Dump-Truck-Trailer-Hydraulic-Cylinder-product-3-3.webp\" alt=\"Hydraulinen sylinteri\" width=\"800\" title=\"\"><\/p>\n<p>FMP:ll\u00e4 olemme sitoutuneet tarjoamaan asiakkaillemme korkealaatuisia ja luotettavia rakennuskoneiden lis\u00e4varusteita ja t\u00e4ydellisi\u00e4 koneratkaisuja. Nykyaikaisten tehdastilojen, CNC-ty\u00f6st\u00f6koneiden, tietokoneavusteisen suunnittelun, ammattitaitoisten ty\u00f6ntekij\u00f6idemme, hydrauliikkaj\u00e4rjestelmien asiantuntijoidemme, sylinterikokoonpanojemme ja j\u00e4lleenmyyjiemme ansiosta olemme ensisijainen kumppani hydraulisylintereiden, sylinterisarjojen ja komponenttien tarpeisiisi.<\/p>\n<p>Tekij\u00e4: CX<\/p>","protected":false},"excerpt":{"rendered":"<p>Manufacturer Supplier Mini Hydraulic Steering Cylinder for Agriculture Trailer The Mini Hydraulic Steering Cylinder for Agriculture Trailer is a high-quality product designed to enhance the steering performance of agricultural trailers. Manufactured by experienced professionals, this cylinder offers reliable and efficient steering control, ensuring smooth maneuverability in various farming applications. Key Features: 1. Compact Design: The [&hellip;]<\/p>","protected":false},"featured_media":2846,"comment_status":"closed","ping_status":"closed","template":"","meta":{"_et_pb_use_builder":"","_et_pb_old_content":"","_et_gb_content_width":""},"product_brand":[],"product_cat":[67],"product_tag":[34,70],"class_list":{"0":"post-2845","1":"product","2":"type-product","3":"status-publish","4":"has-post-thumbnail","6":"product_cat-steering-hydraulic-cylinder","7":"product_tag-hydraulic-cylinder","8":"product_tag-steering-hydraulic-cylinder","10":"first","11":"instock","12":"product-type-simple"},"_links":{"self":[{"href":"https:\/\/fmp-components.com\/fi\/wp-json\/wp\/v2\/product\/2845","targetHints":{"allow":["GET"]}}],"collection":[{"href":"https:\/\/fmp-components.com\/fi\/wp-json\/wp\/v2\/product"}],"about":[{"href":"https:\/\/fmp-components.com\/fi\/wp-json\/wp\/v2\/types\/product"}],"replies":[{"embeddable":true,"href":"https:\/\/fmp-components.com\/fi\/wp-json\/wp\/v2\/comments?post=2845"}],"wp:featuredmedia":[{"embeddable":true,"href":"https:\/\/fmp-components.com\/fi\/wp-json\/wp\/v2\/media\/2846"}],"wp:attachment":[{"href":"https:\/\/fmp-components.com\/fi\/wp-json\/wp\/v2\/media?parent=2845"}],"wp:term":[{"taxonomy":"product_brand","embeddable":true,"href":"https:\/\/fmp-components.com\/fi\/wp-json\/wp\/v2\/product_brand?post=2845"},{"taxonomy":"product_cat","embeddable":true,"href":"https:\/\/fmp-components.com\/fi\/wp-json\/wp\/v2\/product_cat?post=2845"},{"taxonomy":"product_tag","embeddable":true,"href":"https:\/\/fmp-components.com\/fi\/wp-json\/wp\/v2\/product_tag?post=2845"}],"curies":[{"name":"wp","href":"https:\/\/api.w.org\/{rel}","templated":true}]}}