{"id":2813,"date":"2025-01-04T05:24:01","date_gmt":"2025-01-04T05:24:01","guid":{"rendered":"https:\/\/fmp-components.com\/product\/factory-provide-10-ton-piston-hydraulic-steering-cylinder\/"},"modified":"2025-03-18T02:05:19","modified_gmt":"2025-03-18T02:05:19","slug":"factory-provide-10-ton-piston-hydraulic-steering-cylinder","status":"publish","type":"product","link":"https:\/\/fmp-components.com\/fi\/product\/factory-provide-10-ton-piston-hydraulic-steering-cylinder\/","title":{"rendered":"Tehdas toimittaa 10 tonnin m\u00e4nn\u00e4n hydraulisen ohjaussylinterin"},"content":{"rendered":"<p>Tuotteen nimi: Italian tehtaan pitk\u00e4iskuinen kaksitoiminen traktorin hydraulinen ohjaussylinteri<\/p>\n<p>Kuvaus: Italiassa valmistettu pitk\u00e4iskuinen, kaksitoiminen traktorin hydraulinen ohjaussylinteri on korkealaatuinen komponentti, joka on suunniteltu tarjoamaan tarkkaa ohjausta traktoreissa. Se on valmistettu parhaista materiaaleista pitk\u00e4kestoisen suorituskyvyn ja kest\u00e4vyyden varmistamiseksi. Sylinteriss\u00e4 on kaksitoiminen toiminnallisuus, joka mahdollistaa sujuvan ja herk\u00e4n ohjauksen molempiin suuntiin. Pitk\u00e4iskuisen rakenteensa ansiosta t\u00e4m\u00e4 hydraulinen ohjaussylinteri tarjoaa paremman k\u00e4sitelt\u00e4vyyden ja vakauden, mik\u00e4 tekee siit\u00e4 ihanteellisen valinnan vaativiin traktorik\u00e4ytt\u00f6\u00f6n.<\/p>\n<p>HTML-muotoinen tulostus:<\/p>\n<h2>Tuotteen nimi:<\/h2>\n<p>Italian tehtaan pitk\u00e4iskuinen kaksitoiminen traktorin hydraulinen ohjaussylinteri<\/p>\n<h2>Kuvaus:<\/h2>\n<p>Italiassa valmistettu pitk\u00e4iskuinen, kaksitoiminen traktorin hydraulinen ohjaussylinteri on korkealaatuinen komponentti, joka on suunniteltu tarjoamaan tarkkaa ohjausta traktoreissa. Se on valmistettu parhaista materiaaleista pitk\u00e4kestoisen suorituskyvyn ja kest\u00e4vyyden varmistamiseksi. Sylinteriss\u00e4 on kaksitoiminen toiminnallisuus, joka mahdollistaa sujuvan ja herk\u00e4n ohjauksen molempiin suuntiin. Pitk\u00e4iskuisen rakenteensa ansiosta t\u00e4m\u00e4 hydraulinen ohjaussylinteri tarjoaa paremman k\u00e4sitelt\u00e4vyyden ja vakauden, mik\u00e4 tekee siit\u00e4 ihanteellisen valinnan vaativiin traktorik\u00e4ytt\u00f6\u00f6n.<\/p>\n<p>Koe Italian johtavan hydraulisylintereiden valmistajan FMP:n poikkeukselliset tuotantomahdollisuudet. Tutustu huippumoderniin VR-tehtaaseemme ja n\u00e4e innovatiivinen ja huipputeknologiamme toiminnassa.<\/p>\n<p>M\u00e4nt\u00e4hydraulinen ohjaussylinteri on olennainen osa useimpia mobiilihydraulij\u00e4rjestelmi\u00e4. Sill\u00e4 on pitk\u00e4 kehitys- ja innovaatiohistoria, ja se luokitellaan rakenteensa, tehonsa ja runkomateriaalinsa perusteella.<\/p>\n<p>Tehtaamme tarjoaa 10 tonnin m\u00e4nt\u00e4hydraulisen ohjaussylinterin, jolla on vakiorakenne ja -muotoilu, hydraulinen teho maksimaalisen hy\u00f6tysuhteen takaamiseksi, ter\u00e4srunko kest\u00e4vyyden parantamiseksi sek\u00e4 suuri maksimity\u00f6nt\u00f6voima ja -veto.<\/p>\n<p>Hydraulisten ohjaussylintereidemme asennus, korjaus ja huolto on tehty helpoksi kattavan oppaamme avulla. Suosittelemme kuitenkin ammattilaisen apua monimutkaisiin asennuksiin.<\/p>\n<p>Oikean hydrauliikka\u00f6ljyn ja \u00f6ljytiivisteen valinta on ratkaisevan t\u00e4rke\u00e4\u00e4 optimaalisen suorituskyvyn saavuttamiseksi. Ota huomioon sellaiset tekij\u00e4t kuin viskositeetti, l\u00e4mp\u00f6tila-alue ja tiivisteiden yhteensopivuus tuotetta valitessasi.<\/p>\n<p>S\u00e4\u00e4nn\u00f6llinen huolto ja tarkastus voivat auttaa m\u00e4\u00e4ritt\u00e4m\u00e4\u00e4n, milloin on aika vaihtaa hydraulinen ohjaussylinteri. Tarkkaile merkkej\u00e4, kuten vuotoja, heikentynytt\u00e4 suorituskyky\u00e4 ja ep\u00e4normaaleja \u00e4\u00e4ni\u00e4.<\/p>\n<p>FMP tarjoaa korkealaatuisia tuotteita, kilpailukykyiset hinnat ja erinomaista asiakaspalvelua. Hydraulisten ohjaussylintereiden lis\u00e4ksi toimitamme laajan valikoiman hydraulisylintereit\u00e4, mukaan lukien nostolaitteille tarkoitetut hydraulisylinterit, teollisuuskoneille tarkoitetut hydraulisylinterit, offshore-hydraulisylinterit, trukkien hydraulisylinterit, energiatekniikan hydraulisylinterit ja tunnelinporauskoneiden hydraulisylinterit. Otamme mielell\u00e4mme vastaan \u200b\u200br\u00e4\u00e4t\u00e4l\u00f6ityj\u00e4 tuotteita piirustusten tai n\u00e4ytteiden avulla.<\/p>\n<p>Tutustu kykyymme suunnitella ja valmistaa jopa 200 000 hydraulisylinterisarjaa. Tarjoamme 300 t\u00e4ysin automaattista CNC-tuotantolaitetta ja automaattista hydraulisylinterien kokoonpanolaitteistoa. Valitse FMP hydraulisylinteritarpeisiisi.<\/p>\n<h2>Ohjaushydraulisen sylinterin k\u00e4ytt\u00f6<\/h2>\n<p>Ohjaushydraulisylinterit ovat olennaisia \u200b\u200bosia ohjausj\u00e4rjestelmiss\u00e4 erityyppisiss\u00e4 ajoneuvoissa. N\u00e4m\u00e4 sylinterit, jotka tunnetaan my\u00f6s ohjaustoimilaitteina, auttavat muuntamaan ohjauspumpun tuottaman energian lineaariseksi liikkeeksi, jota voidaan k\u00e4ytt\u00e4\u00e4 ajoneuvon py\u00f6rien suunnan muuttamiseen. T\u00e4ss\u00e4 on joitakin ohjaushydraulisylinterien sovelluksia:<\/p>\n<ol>\n<li>Raskaat ajoneuvot:\n<p>Ohjaushydraulisylintereit\u00e4 k\u00e4ytet\u00e4\u00e4n yleisesti raskaissa ajoneuvoissa, kuten kuorma-autoissa, linja-autoissa ja rakennuskoneissa. N\u00e4m\u00e4 ajoneuvot vaativat paljon voimaa ohjaukseen, ja hydraulisylinteri voi tuottaa tarvittavan voiman py\u00f6rien k\u00e4\u00e4nt\u00e4miseen, vaikka ajoneuvo olisi kuormitettu. Hydraulij\u00e4rjestelm\u00e4 mahdollistaa my\u00f6s ohjausmekanismin tarkemman hallinnan, mik\u00e4 helpottaa kuljettajien navigointia suurissa ja k\u00f6mpel\u00f6iss\u00e4 ajoneuvoissa.<\/li>\n<li>Maastoajoneuvot:\n<p>My\u00f6s maastoajoneuvot, kuten m\u00f6nkij\u00e4t, hiekkarattaat ja motocross-py\u00f6r\u00e4t, hy\u00f6tyv\u00e4t ohjaushydraulisylintereist\u00e4. N\u00e4m\u00e4 ajoneuvot toimivat usein ep\u00e4tasaisessa maastossa, jossa perinteiset ohjausmekanismit eiv\u00e4t v\u00e4ltt\u00e4m\u00e4tt\u00e4 ole tehokkaita. Hydraulisylinterit voivat tarjota tarvittavaa tehoa ja tarkkuutta esteiden l\u00e4pi ohjaamiseen ja ajoneuvon hallinnan s\u00e4ilytt\u00e4miseen.<\/li>\n<li>Meri- ja ilmailusovellukset:\n<p>Ohjaushydraulisylintereit\u00e4 ei k\u00e4ytet\u00e4 vain maalla liikkuvissa ajoneuvoissa. Niit\u00e4 k\u00e4ytet\u00e4\u00e4n my\u00f6s merisovelluksissa, kuten veneiss\u00e4 ja laivoissa, sek\u00e4 ilmailu- ja avaruustekniikassa, kuten avaruusaluksissa ja lentokoneissa. N\u00e4iss\u00e4 olosuhteissa hydraulisylintereit\u00e4 k\u00e4ytet\u00e4\u00e4n per\u00e4simien, evien ja muiden ohjauspintojen suunnan manipulointiin, jotka auttavat ohjaamaan alusta tai lentokonetta.<\/li>\n<li>Teollisuuslaitteet:\n<p>Hydraulisylintereit\u00e4 k\u00e4ytet\u00e4\u00e4n my\u00f6s useissa teollisissa ymp\u00e4rist\u00f6iss\u00e4 ohjaukseen ja muihin sovelluksiin. Niit\u00e4 voidaan esimerkiksi k\u00e4ytt\u00e4\u00e4 nostureiden, trukkien tai muiden raskaiden koneiden ohjaamiseen. N\u00e4iss\u00e4 ymp\u00e4rist\u00f6iss\u00e4 hydraulisylinterit voivat tarjota tarvittavan tehon ja tarkkuuden suurten kuormien k\u00e4sittelyyn tai ahtaissa tiloissa ty\u00f6skentelyyn.<\/li>\n<li>Mukautetut sovellukset:\n<p>N\u00e4iden yleisten sovellusten lis\u00e4ksi ohjaushydraulisylintereit\u00e4 voidaan k\u00e4ytt\u00e4\u00e4 my\u00f6s erilaisissa r\u00e4\u00e4t\u00e4l\u00f6idyiss\u00e4 ymp\u00e4rist\u00f6iss\u00e4. Niit\u00e4 voidaan esimerkiksi k\u00e4ytt\u00e4\u00e4 kokeellisissa ajoneuvoissa tai prototyypeiss\u00e4, jotka vaativat ainutlaatuisen ohjausmekanismin. Niit\u00e4 voidaan k\u00e4ytt\u00e4\u00e4 my\u00f6s taiteellisissa installaatioissa tai kineettisiss\u00e4 veistoksissa, jotka vaativat tarkkaa ja hallittua liikett\u00e4.<\/li>\n<\/ol>\n<p>Kuten n\u00e4ette, ohjaushydraulisylintereill\u00e4 on laaja valikoima sovelluksia eri teollisuudenaloilla ja ymp\u00e4rist\u00f6iss\u00e4. K\u00e4ytettiinp\u00e4 niit\u00e4 sitten raskaissa ajoneuvoissa, maastoajoneuvoissa, meri- ja ilmailualan sovelluksissa, teollisuuslaitteissa tai r\u00e4\u00e4t\u00e4l\u00f6idyiss\u00e4 sovelluksissa, n\u00e4m\u00e4 sylinterit tarjoavat tarvittavan tehon, tarkkuuden ja hallinnan tehokkaaseen ohjaamiseen.<\/p>\n<h2>Tietoja FMP:st\u00e4<\/h2>\n<p>FMP on johtava korkealaatuisten hydraulisylintereiden, sylinterisarjojen ja rakennuskoneiden komponenttien valmistaja ja jakelija. Monivuotisen kokemuksemme alalta ja ammattitaitoisen tiimimme ansiosta olemme sitoutuneet tarjoamaan asiakkaillemme luotettavia ja tehokkaita ratkaisuja heid\u00e4n rakennuskoneisiinsa.<\/p>\n<p>T\u00e4ss\u00e4 on viisi syyt\u00e4, miksi sinun kannattaa valita FMP:n:<\/p>\n<ol>\n<li><strong>Korkealaatuiset hydraulisylinterit:<\/strong> K\u00e4yt\u00e4mme hydraulisylintereidemme valmistuksessa tarkkuustekniikkaa. Vahva sitoutumisemme laatuun varmistaa, ett\u00e4 k\u00e4yt\u00e4mme vain korkealaatuisimpia raaka-aineita ja suoritamme tiukkoja laatutarkastuksia valmiille tuotteille varmistaaksemme, ett\u00e4 ne t\u00e4ytt\u00e4v\u00e4t ja ylitt\u00e4v\u00e4t alan standardit.<\/li>\n<li><strong>Laaja tuotevalikoima:<\/strong> Tuotevalikoimamme kattaa kaikenlaiset rakennuskoneet ja niiden lis\u00e4varusteet. Tarjoamme erilaisia \u200b\u200bhydraulisylintereit\u00e4, vaihteistoja, ketjuja, ketjupy\u00f6ri\u00e4, moottorin lis\u00e4varusteita, hydraulij\u00e4rjestelm\u00e4n komponentteja, alustan lis\u00e4varusteita ja s\u00e4hk\u00f6j\u00e4rjestelm\u00e4n lis\u00e4varusteita.<\/li>\n<li><strong>Vakiintuneet kumppanuudet:<\/strong> Olemme luoneet pitk\u00e4aikaisia \u200b\u200bja vakaita kumppanuuksia monien korkealaatuisten kotimaisten ja ulkomaisten toimittajien kanssa. T\u00e4m\u00e4 varmistaa, ett\u00e4 kaikki toimitetut tarvikkeet t\u00e4ytt\u00e4v\u00e4t tiukat laatustandardimme.<\/li>\n<li><strong>Kokenut myyntitiimi:<\/strong> Myyntitiimill\u00e4mme on vuosien kokemus ja tiet\u00e4mys rakennuskonealalta. He voivat tarjota ammattimaista tuotekonsultointia ja \u00e4lykk\u00e4it\u00e4 osto-ohjeita auttaakseen sinua tekem\u00e4\u00e4n tietoon perustuvia p\u00e4\u00e4t\u00f6ksi\u00e4.<\/li>\n<li><strong>Tehokas logistiikka-jakeluj\u00e4rjestelm\u00e4:<\/strong> Meill\u00e4 on tehokas logistiikkaj\u00e4rjestelm\u00e4 varmistaaksemme, ett\u00e4 asiakkaamme saavat tarvitsemansa osat ajallaan ja t\u00e4sm\u00e4llisesti.<\/li>\n<\/ol>\n<p><img decoding=\"async\" src=\"https:\/\/fmp-components.com\/wp-content\/uploads\/2025\/01\/Dump-Truck-Trailer-Hydraulic-Cylinder-product-3-3.webp\" alt=\"Hydraulinen sylinteri\" width=\"800\" title=\"\"><\/p>\n<p>FMP:ll\u00e4 olemme sitoutuneet tarjoamaan asiakkaillemme korkealaatuisia ja luotettavia rakennuskoneiden lis\u00e4varusteita ja t\u00e4ydellisi\u00e4 koneratkaisuja. Nykyaikaisten tehdastilojen, CNC-ty\u00f6st\u00f6koneiden, tietokoneavusteisen suunnittelun, ammattitaitoisten ty\u00f6ntekij\u00f6idemme, hydrauliikkaj\u00e4rjestelmien asiantuntijoidemme, sylinterikokoonpanojemme ja j\u00e4lleenmyyjiemme ansiosta olemme ensisijainen kumppani hydraulisylintereiden, sylinterisarjojen ja komponenttien tarpeisiisi.<\/p>\n<p>Tekij\u00e4: CX<\/p>","protected":false},"excerpt":{"rendered":"<p>Product Name: Italy Factory Long Stroke Double Acting Tractor Hydraulic Steering Cylinder Description: The Italy Factory Long Stroke Double Acting Tractor Hydraulic Steering Cylinder is a high-quality component designed to provide precision steering control for tractors. It is constructed with the finest materials to ensure long-lasting performance and durability. The cylinder features double-acting functionality that [&hellip;]<\/p>","protected":false},"featured_media":2814,"comment_status":"closed","ping_status":"closed","template":"","meta":{"_et_pb_use_builder":"","_et_pb_old_content":"","_et_gb_content_width":""},"product_brand":[],"product_cat":[67],"product_tag":[34,70],"class_list":{"0":"post-2813","1":"product","2":"type-product","3":"status-publish","4":"has-post-thumbnail","6":"product_cat-steering-hydraulic-cylinder","7":"product_tag-hydraulic-cylinder","8":"product_tag-steering-hydraulic-cylinder","10":"first","11":"instock","12":"product-type-simple"},"_links":{"self":[{"href":"https:\/\/fmp-components.com\/fi\/wp-json\/wp\/v2\/product\/2813","targetHints":{"allow":["GET"]}}],"collection":[{"href":"https:\/\/fmp-components.com\/fi\/wp-json\/wp\/v2\/product"}],"about":[{"href":"https:\/\/fmp-components.com\/fi\/wp-json\/wp\/v2\/types\/product"}],"replies":[{"embeddable":true,"href":"https:\/\/fmp-components.com\/fi\/wp-json\/wp\/v2\/comments?post=2813"}],"wp:featuredmedia":[{"embeddable":true,"href":"https:\/\/fmp-components.com\/fi\/wp-json\/wp\/v2\/media\/2814"}],"wp:attachment":[{"href":"https:\/\/fmp-components.com\/fi\/wp-json\/wp\/v2\/media?parent=2813"}],"wp:term":[{"taxonomy":"product_brand","embeddable":true,"href":"https:\/\/fmp-components.com\/fi\/wp-json\/wp\/v2\/product_brand?post=2813"},{"taxonomy":"product_cat","embeddable":true,"href":"https:\/\/fmp-components.com\/fi\/wp-json\/wp\/v2\/product_cat?post=2813"},{"taxonomy":"product_tag","embeddable":true,"href":"https:\/\/fmp-components.com\/fi\/wp-json\/wp\/v2\/product_tag?post=2813"}],"curies":[{"name":"wp","href":"https:\/\/api.w.org\/{rel}","templated":true}]}}