{"id":2799,"date":"2025-01-04T05:22:33","date_gmt":"2025-01-04T05:22:33","guid":{"rendered":"https:\/\/fmp-components.com\/product\/italy-supplier-long-stroke-tractor-hydraulic-steering-cylinder-hydraulic-cylinder-double-acting\/"},"modified":"2025-03-18T02:07:21","modified_gmt":"2025-03-18T02:07:21","slug":"italy-supplier-long-stroke-tractor-hydraulic-steering-cylinder-hydraulic-cylinder-double-acting","status":"publish","type":"product","link":"https:\/\/fmp-components.com\/fi\/product\/italy-supplier-long-stroke-tractor-hydraulic-steering-cylinder-hydraulic-cylinder-double-acting\/","title":{"rendered":"Italia Toimittaja Pitk\u00e4iskuinen Traktorin Hydraulinen Ohjaussylinteri Hydraulinen Sylinteri Kaksitoiminen"},"content":{"rendered":"<h2>Ammattimainen pitk\u00e4iskuinen kaksisuuntainen hydraulinen m\u00e4nt\u00e4sylinteri traktorin ohjaustehostimen sylinteriin<\/h2>\n<p>Ammattimainen pitk\u00e4iskuinen kaksisuuntainen hydraulinen m\u00e4nt\u00e4sylinteri traktorin ohjaustehostimen sylinteri on korkealaatuinen hydraulisylinteri, joka on suunniteltu k\u00e4ytett\u00e4v\u00e4ksi traktoreissa. Ensiluokkaisista materiaaleista valmistettu sylinteri on kest\u00e4v\u00e4, pitk\u00e4ik\u00e4inen ja pystyy tarjoamaan luotettavaa suorituskyky\u00e4 vaativimmissakin olosuhteissa.<\/p>\n<p>Pitk\u00e4iskuinen hydraulinen m\u00e4nt\u00e4sylinteri tarjoaa lis\u00e4\u00e4 tehoa ja paranneltua suorituskyky\u00e4 traktoreille. Se on kaksisuuntainen sylinteri, mik\u00e4 tarkoittaa, ett\u00e4 se voi toimia molempiin suuntiin, mik\u00e4 antaa sille enemm\u00e4n monipuolisuutta ja joustavuutta useissa eri sovelluksissa.<\/p>\n<p>T\u00e4m\u00e4n sylinterin ohjaustehostusominaisuus varmistaa, ett\u00e4 traktoreita voidaan ohjata helposti ja tehokkaasti my\u00f6s haastavissa olosuhteissa. Hydraulinen m\u00e4nt\u00e4rakenne varmistaa, ett\u00e4 sylinteri liikkuu tasaisesti, tarkasti ja luotettavasti, mik\u00e4 tekee siit\u00e4 ihanteellisen k\u00e4ytett\u00e4v\u00e4ksi erilaisissa maatalous- ja teollisuussovelluksissa.<\/p>\n<p>Etsitp\u00e4 sitten korkealaatuista hydraulisylinteri\u00e4 traktoriisi tai luotettavaa ja kest\u00e4v\u00e4\u00e4 ohjaustehostimen sylinteri\u00e4 maatalous- tai teollisuuskoneisiisi, Professional Long Stroke Two Way Hydraulic Piston Cylinder -ohjaustehostimen sylinteri traktoriin on erinomainen valinta. Korkealaatuisen rakenteensa, edistyneiden ominaisuuksiensa ja poikkeuksellisen suorituskykyns\u00e4 ansiosta t\u00e4m\u00e4 sylinteri ylitt\u00e4\u00e4 varmasti odotuksesi ja tarjoaa poikkeuksellisia tuloksia.<\/p>\n<h2>Johdatus Italian toimittajaan Pitk\u00e4iskuinen traktorin hydraulinen ohjaussylinteri Hydraulinen sylinteri Kaksitoiminen<\/h2>\n<p>Hydraulisylinterit ovat olleet olennainen osa koneteollisuutta jo vuosia. Yksi t\u00e4llainen tuote, joka on mullistanut alan, on \"Italy Supplier Long Stroke Tractor Hydraulic Steering Cylinder Hydraulic Cylinder Double Acting\". T\u00e4m\u00e4 tuote on FMP:n, Italian hydraulisylinterien markkinoiden johtavan toimijan, laatumerkki.<\/p>\n<h2>Luokittelu ja edut<\/h2>\n<p>Tuotevalikoimaamme kuuluvat hydrauliset kallistussylinterit, hydrauliset ohjaussylinterit ja hydrauliset nostosylinterit. Jokaisella n\u00e4ist\u00e4 kategorioista on omat sovelluksensa ja etunsa. \u201dItalialaisen toimittajan pitk\u00e4iskuinen traktorin hydraulinen ohjaussylinteri, hydraulinen kaksitoiminen\u201d tunnetaan erityisesti poikkeuksellisesta tehostaan \u200b\u200bja tehokkuudestaan.<\/p>\n<h2>Asennus, korjaus ja huolto<\/h2>\n<p>Hydraulisylinteriemme asennus on suoraviivainen prosessi, ja tarjoamme siihen selke\u00e4t ohjeet. Tuotteemme on suunniteltu kest\u00e4viksi, mutta ongelmatilanteissa tarjoamme my\u00f6s korjaus- ja huoltopalveluita.<\/p>\n<h2>Oikeiden hydrauliikkatuotteiden valinta<\/h2>\n<p>Oikean hydrauli\u00f6ljyn ja \u00f6ljytiivisteen valinta on ratkaisevan t\u00e4rke\u00e4\u00e4 hydraulisylintereiden optimaalisen suorituskyvyn kannalta. Voimme opastaa sinua tekem\u00e4\u00e4n oikean valinnan erityistarpeidesi perusteella. Annamme my\u00f6s neuvoja n\u00e4iden komponenttien vaihtamisen ajankohdasta ja k\u00e4yt\u00e4nn\u00f6ist\u00e4.<\/p>\n<p><img decoding=\"async\" src=\"https:\/\/hzpt.com\/wp-content\/uploads\/2023\/11\/Steering-Hydraulic-Cylinder-4.webp\" alt=\"\" title=\"\"><\/p>\n<h2>Ohjaushydraulisen sylinterin k\u00e4ytt\u00f6<\/h2>\n<p>Ohjaushydraulisylinterit ovat olennaisia \u200b\u200bosia ohjausj\u00e4rjestelmiss\u00e4 erityyppisiss\u00e4 ajoneuvoissa. N\u00e4m\u00e4 sylinterit, jotka tunnetaan my\u00f6s ohjaustoimilaitteina, auttavat muuntamaan ohjauspumpun tuottaman energian lineaariseksi liikkeeksi, jota voidaan k\u00e4ytt\u00e4\u00e4 ajoneuvon py\u00f6rien suunnan muuttamiseen. T\u00e4ss\u00e4 on joitakin ohjaushydraulisylinterien sovelluksia:<\/p>\n<ol>\n<li>Raskaat ajoneuvot: Ohjaushydraulisylintereit\u00e4 k\u00e4ytet\u00e4\u00e4n yleisesti raskaissa ajoneuvoissa, kuten kuorma-autoissa, linja-autoissa ja rakennuskoneissa. N\u00e4m\u00e4 ajoneuvot vaativat paljon voimaa ohjaukseen, ja hydraulisylinteri voi tuottaa tarvittavan voiman py\u00f6rien k\u00e4\u00e4nt\u00e4miseen, vaikka ajoneuvo olisi kuormitettu. Hydraulij\u00e4rjestelm\u00e4 mahdollistaa my\u00f6s ohjausmekanismin tarkemman hallinnan, mik\u00e4 helpottaa kuljettajien navigointia suurissa ja k\u00f6mpel\u00f6iss\u00e4 ajoneuvoissa.<\/li>\n<li>Maastoajoneuvot: Maastoajoneuvot, kuten m\u00f6nkij\u00e4t, hiekkarattaat ja motocross-py\u00f6r\u00e4t, hy\u00f6tyv\u00e4t my\u00f6s ohjaushydraulisylintereist\u00e4. N\u00e4m\u00e4 ajoneuvot toimivat usein ep\u00e4tasaisessa maastossa, jossa perinteiset ohjausmekanismit eiv\u00e4t v\u00e4ltt\u00e4m\u00e4tt\u00e4 ole tehokkaita. Hydraulisylinterit voivat tarjota tarvittavan tehon ja tarkkuuden esteiden l\u00e4pi ohjaamiseen ja ajoneuvon hallinnan s\u00e4ilytt\u00e4miseen.<\/li>\n<li>Meri- ja ilmailusovellukset: Ohjaushydraulisylintereit\u00e4 ei k\u00e4ytet\u00e4 vain maalla liikkuvissa ajoneuvoissa. Niit\u00e4 k\u00e4ytet\u00e4\u00e4n my\u00f6s merisovelluksissa, kuten veneiss\u00e4 ja laivoissa, sek\u00e4 ilmailu- ja avaruustekniikassa, kuten avaruusaluksissa ja lentokoneissa. N\u00e4iss\u00e4 olosuhteissa hydraulisylintereit\u00e4 k\u00e4ytet\u00e4\u00e4n per\u00e4simien, evien ja muiden ohjauspintojen suunnan manipulointiin, jotka auttavat ohjaamaan alusta tai lentokonetta.<\/li>\n<li>Teollisuuslaitteet: Hydraulisylintereit\u00e4 k\u00e4ytet\u00e4\u00e4n my\u00f6s useissa teollisissa ymp\u00e4rist\u00f6iss\u00e4 ohjaukseen ja muihin sovelluksiin. Niit\u00e4 voidaan esimerkiksi k\u00e4ytt\u00e4\u00e4 nostureiden, trukkien tai muiden raskaiden koneiden ohjaamiseen. N\u00e4iss\u00e4 ymp\u00e4rist\u00f6iss\u00e4 hydraulisylinterit voivat tarjota tarvittavan tehon ja tarkkuuden suurten kuormien k\u00e4sittelyyn tai ahtaissa tiloissa toimimiseen.<\/li>\n<li>Mukautetut sovellukset: N\u00e4iden yleisten sovellusten lis\u00e4ksi ohjaushydraulisylintereit\u00e4 voidaan k\u00e4ytt\u00e4\u00e4 my\u00f6s erilaisissa mukautetuissa ymp\u00e4rist\u00f6iss\u00e4. Niit\u00e4 voidaan k\u00e4ytt\u00e4\u00e4 esimerkiksi kokeellisissa ajoneuvoissa tai prototyypeiss\u00e4, jotka vaativat ainutlaatuisen ohjausmekanismin. Niit\u00e4 voidaan k\u00e4ytt\u00e4\u00e4 my\u00f6s taiteellisissa installaatioissa tai kineettisiss\u00e4 veistoksissa, jotka vaativat tarkkaa ja hallittua liikett\u00e4.<\/li>\n<\/ol>\n<p>Kuten n\u00e4ette, ohjaushydraulisylintereill\u00e4 on laaja valikoima sovelluksia eri teollisuudenaloilla ja ymp\u00e4rist\u00f6iss\u00e4. K\u00e4ytettiinp\u00e4 niit\u00e4 sitten raskaissa ajoneuvoissa, maastoajoneuvoissa, meri- ja ilmailualan sovelluksissa, teollisuuslaitteissa tai r\u00e4\u00e4t\u00e4l\u00f6idyiss\u00e4 sovelluksissa, n\u00e4m\u00e4 sylinterit tarjoavat tarvittavan tehon, tarkkuuden ja hallinnan tehokkaaseen ohjaamiseen.<\/p>\n<h2>Tietoja FMP:st\u00e4<\/h2>\n<p>FMP on johtava korkealaatuisten hydraulisylintereiden, sylinterisarjojen ja rakennuskoneiden komponenttien valmistaja ja jakelija. Monivuotisen kokemuksemme alalta ja ammattitaitoisen tiimimme ansiosta olemme sitoutuneet tarjoamaan asiakkaillemme luotettavia ja tehokkaita ratkaisuja heid\u00e4n rakennuskoneisiinsa.<\/p>\n<p>T\u00e4ss\u00e4 on viisi syyt\u00e4, miksi sinun kannattaa valita FMP:n:<\/p>\n<ol>\n<li><strong>Korkealaatuiset hydraulisylinterit:<\/strong> K\u00e4yt\u00e4mme hydraulisylintereidemme valmistuksessa tarkkuustekniikkaa. Vahva sitoutumisemme laatuun varmistaa, ett\u00e4 k\u00e4yt\u00e4mme vain korkealaatuisimpia raaka-aineita ja suoritamme tiukkoja laatutarkastuksia valmiille tuotteille varmistaaksemme, ett\u00e4 ne t\u00e4ytt\u00e4v\u00e4t ja ylitt\u00e4v\u00e4t alan standardit.<\/li>\n<li><strong>Laaja tuotevalikoima:<\/strong> Tuotevalikoimamme kattaa kaikenlaiset rakennuskoneet ja niiden lis\u00e4varusteet. Tarjoamme erilaisia \u200b\u200bhydraulisylintereit\u00e4, vaihteistoja, ketjuja, ketjupy\u00f6ri\u00e4, moottorin lis\u00e4varusteita, hydraulij\u00e4rjestelm\u00e4n komponentteja, alustan lis\u00e4varusteita ja s\u00e4hk\u00f6j\u00e4rjestelm\u00e4n lis\u00e4varusteita.<\/li>\n<li><strong>Vakiintuneet kumppanuudet:<\/strong> Olemme luoneet pitk\u00e4aikaisia \u200b\u200bja vakaita kumppanuuksia monien korkealaatuisten kotimaisten ja ulkomaisten toimittajien kanssa. T\u00e4m\u00e4 varmistaa, ett\u00e4 kaikki toimitetut tarvikkeet t\u00e4ytt\u00e4v\u00e4t tiukat laatustandardimme.<\/li>\n<li><strong>Kokenut myyntitiimi:<\/strong> Myyntitiimill\u00e4mme on vuosien kokemus ja tiet\u00e4mys rakennuskonealalta. He voivat tarjota ammattimaista tuotekonsultointia ja \u00e4lykk\u00e4it\u00e4 osto-ohjeita auttaakseen sinua tekem\u00e4\u00e4n tietoon perustuvia p\u00e4\u00e4t\u00f6ksi\u00e4.<\/li>\n<li><strong>Tehokas logistiikka-jakeluj\u00e4rjestelm\u00e4:<\/strong> Meill\u00e4 on tehokas logistiikkaj\u00e4rjestelm\u00e4 varmistaaksemme, ett\u00e4 asiakkaamme saavat tarvitsemansa osat ajallaan ja t\u00e4sm\u00e4llisesti.<\/li>\n<\/ol>\n<p><img decoding=\"async\" src=\"https:\/\/fmp-components.com\/wp-content\/uploads\/2025\/01\/Dump-Truck-Trailer-Hydraulic-Cylinder-product-3-3.webp\" alt=\"Hydraulinen sylinteri\" width=\"800\" title=\"\"><\/p>\n<p>FMP:ll\u00e4 olemme sitoutuneet tarjoamaan asiakkaillemme korkealaatuisia ja luotettavia rakennuskoneiden lis\u00e4varusteita ja t\u00e4ydellisi\u00e4 koneratkaisuja. Nykyaikaisten tehdastilojen, CNC-ty\u00f6st\u00f6koneiden, tietokoneavusteisen suunnittelun, ammattitaitoisten ty\u00f6ntekij\u00f6idemme, hydrauliikkaj\u00e4rjestelmien asiantuntijoidemme, sylinterikokoonpanojemme ja j\u00e4lleenmyyjiemme ansiosta olemme ensisijainen kumppani hydraulisylintereiden, sylinterisarjojen ja komponenttien tarpeisiisi.<\/p>\n<p>Tekij\u00e4: CX<\/p>","protected":false},"excerpt":{"rendered":"<p>Professional Long Stroke Two Way Hydraulic Piston Cylinder Power Steering Cylinder for Tractor The Professional Long Stroke Two Way Hydraulic Piston Cylinder Power Steering Cylinder for Tractor is a high-quality hydraulic cylinder designed for use in tractors. Made from premium quality materials, this cylinder is durable, long-lasting, and capable of delivering reliable performance in the [&hellip;]<\/p>","protected":false},"featured_media":2800,"comment_status":"closed","ping_status":"closed","template":"","meta":{"_et_pb_use_builder":"","_et_pb_old_content":"","_et_gb_content_width":""},"product_brand":[],"product_cat":[67],"product_tag":[34,70],"class_list":{"0":"post-2799","1":"product","2":"type-product","3":"status-publish","4":"has-post-thumbnail","6":"product_cat-steering-hydraulic-cylinder","7":"product_tag-hydraulic-cylinder","8":"product_tag-steering-hydraulic-cylinder","10":"first","11":"instock","12":"product-type-simple"},"_links":{"self":[{"href":"https:\/\/fmp-components.com\/fi\/wp-json\/wp\/v2\/product\/2799","targetHints":{"allow":["GET"]}}],"collection":[{"href":"https:\/\/fmp-components.com\/fi\/wp-json\/wp\/v2\/product"}],"about":[{"href":"https:\/\/fmp-components.com\/fi\/wp-json\/wp\/v2\/types\/product"}],"replies":[{"embeddable":true,"href":"https:\/\/fmp-components.com\/fi\/wp-json\/wp\/v2\/comments?post=2799"}],"wp:featuredmedia":[{"embeddable":true,"href":"https:\/\/fmp-components.com\/fi\/wp-json\/wp\/v2\/media\/2800"}],"wp:attachment":[{"href":"https:\/\/fmp-components.com\/fi\/wp-json\/wp\/v2\/media?parent=2799"}],"wp:term":[{"taxonomy":"product_brand","embeddable":true,"href":"https:\/\/fmp-components.com\/fi\/wp-json\/wp\/v2\/product_brand?post=2799"},{"taxonomy":"product_cat","embeddable":true,"href":"https:\/\/fmp-components.com\/fi\/wp-json\/wp\/v2\/product_cat?post=2799"},{"taxonomy":"product_tag","embeddable":true,"href":"https:\/\/fmp-components.com\/fi\/wp-json\/wp\/v2\/product_tag?post=2799"}],"curies":[{"name":"wp","href":"https:\/\/api.w.org\/{rel}","templated":true}]}}