{"id":2791,"date":"2025-01-04T06:36:59","date_gmt":"2025-01-04T06:36:59","guid":{"rendered":"https:\/\/fmp-components.com\/?page_id=8"},"modified":"2025-01-04T06:36:59","modified_gmt":"2025-01-04T06:36:59","slug":"silage-machine-gearbox-fmp-qz-wrxl-for-german-champion-four-disc-type-3500","status":"publish","type":"product","link":"https:\/\/fmp-components.com\/fi\/product\/silage-machine-gearbox-fmp-qz-wrxl-for-german-champion-four-disc-type-3500\/","title":{"rendered":"S\u00e4il\u00f6rehukoneen vaihteisto FMP-QZ-WRXL German Champion Four Disc -malliin (tyyppi 3500)"},"content":{"rendered":"<h2>S\u00e4il\u00f6rehukoneen vaihteiston FMP-QZ-WRXL mitat<\/h2>\n<p><img loading=\"lazy\" decoding=\"async\" class=\"alignnone size-full wp-image-2970\" src=\"https:\/\/fmp-components.com\/wp-content\/uploads\/2025\/01\/Silage-Machine-Gearbox-EP-QZ-WRXL-Dimensions.webp\" alt=\"S\u00e4il\u00f6rehukoneen vaihteisto EP-QZ-WRXL-mitat\" width=\"1298\" height=\"902\" title=\"\" srcset=\"https:\/\/fmp-components.com\/wp-content\/uploads\/2025\/01\/Silage-Machine-Gearbox-EP-QZ-WRXL-Dimensions.webp 1298w, https:\/\/fmp-components.com\/wp-content\/uploads\/2025\/01\/Silage-Machine-Gearbox-EP-QZ-WRXL-Dimensions-1280x889.webp 1280w, https:\/\/fmp-components.com\/wp-content\/uploads\/2025\/01\/Silage-Machine-Gearbox-EP-QZ-WRXL-Dimensions-980x681.webp 980w, https:\/\/fmp-components.com\/wp-content\/uploads\/2025\/01\/Silage-Machine-Gearbox-EP-QZ-WRXL-Dimensions-480x334.webp 480w\" sizes=\"(min-width: 0px) and (max-width: 480px) 480px, (min-width: 481px) and (max-width: 980px) 980px, (min-width: 981px) and (max-width: 1280px) 1280px, (min-width: 1281px) 1298px, 100vw\" \/><\/p>\n<h2>S\u00e4il\u00f6rehukoneen vaihteiston FMP-QZ-WRXL tekniset tiedot<\/h2>\n<table style=\"width: 97.8953%; height: 54px;\" border=\"1\" cellspacing=\"0\" cellpadding=\"0\">\n<tbody>\n<tr>\n<td>Nimi<\/td>\n<td>Sopii<\/td>\n<td>K\u00e4\u00e4nny<\/td>\n<td>otsikkosarja<\/td>\n<td>Hammastus<\/td>\n<\/tr>\n<tr>\n<td>Ruokintalaatikko<\/td>\n<td>s\u00e4il\u00f6rehukoneet<\/td>\n<td>vasemmalle k\u00e4\u00e4ntyminen<\/td>\n<td>3-sarja<\/td>\n<td>Gleasonin kierukkahampaat<\/td>\n<\/tr>\n<tr>\n<td colspan=\"5\">Huomautus: Jos sinulla on erityisvaatimuksia, kerro siit\u00e4 minulle, hyv\u00e4ksymme my\u00f6s mittatilausty\u00f6n\u00e4 tehdyt tarjoukset.<\/td>\n<\/tr>\n<\/tbody>\n<\/table>\n<h2>S\u00e4il\u00f6rehukoneen vaihdelaatikon toimintaperiaate saksalaiselle Champion Four Disc -mallille (tyyppi 3500)<\/h2>\n<p>Saksalaisen Champion Four Disc (tyyppi 3500) -s\u00e4il\u00f6rehukoneen vaihteisto toimii siirt\u00e4m\u00e4ll\u00e4 voimaa traktorin voimanottoakselilta s\u00e4il\u00f6rehukoneen eri osiin, mink\u00e4 ansiosta kone pystyy suorittamaan tehokkaasti esimerkiksi s\u00e4il\u00f6rehun leikkaamisen, silppuamisen ja pilkkomisen. Vaihteiston ensisijainen teht\u00e4v\u00e4 on v\u00e4hent\u00e4\u00e4 voimanottoakselin py\u00f6rimisnopeutta ja samalla lis\u00e4t\u00e4 v\u00e4\u00e4nt\u00f6momenttia, jolloin kone pystyy k\u00e4sittelem\u00e4\u00e4n s\u00e4il\u00f6rehun k\u00e4sittelyyn liittyvi\u00e4 raskaita kuormia.<\/p>\n<p>T\u00e4ss\u00e4 on yksityiskohtainen kuvaus vaihteiston toimintaperiaatteesta saksalaisen Champion Four Disc (Type 3500) -vaihteiston yhteydess\u00e4:<\/p>\n<p>1. <strong>Tulo voimanottoakselilta<\/strong><\/p>\n<p>Vaihteisto saa voiman traktoriin kytketyst\u00e4 voimanottoakselista (PTO). Kun traktorin moottori k\u00e4ynnistyy, voimanottoakseli alkaa py\u00f6ri\u00e4. T\u00e4m\u00e4 py\u00f6rimisliike siirtyy vaihteistoon.<\/p>\n<p>2. <strong>V\u00e4\u00e4nt\u00f6momentin ja nopeuden alennus<\/strong><\/p>\n<p>Vaihteisto on suunniteltu hidastamaan traktorin voimanottoakselin korkeaa py\u00f6rimisnopeutta (usein noin 540 tai 1000 rpm voimanottoakselin tyypist\u00e4 riippuen) hitaampaan nopeuteen, joka sopii niittolevyjen k\u00e4ytt\u00f6\u00f6n. T\u00e4m\u00e4 saavutetaan hammaspy\u00f6r\u00e4j\u00e4rjestelm\u00e4ll\u00e4, johon tyypillisesti kuuluvat planeettapy\u00f6r\u00e4t tai vinohampaiset hammaspy\u00f6r\u00e4t, jotka s\u00e4\u00e4t\u00e4v\u00e4t py\u00f6rimisnopeutta samalla kun ne lis\u00e4\u00e4v\u00e4t l\u00e4ht\u00f6v\u00e4\u00e4nt\u00f6momenttia. T\u00e4m\u00e4 nopeuden aleneminen ja v\u00e4\u00e4nt\u00f6momentin kasvu varmistavat, ett\u00e4 kone toimii tehokkaasti raskaissa kuormitusolosuhteissa.<\/p>\n<p><strong>3. Tehonjako katkaisulaikoille<\/strong><\/p>\n<p>Vaihteisto v\u00e4litt\u00e4\u00e4 voiman <strong>nelj\u00e4 levy\u00e4<\/strong> jotka vastaavat s\u00e4il\u00f6rehun leikkaamisesta tai silppuamisesta. Kutakin kiekkoa k\u00e4ytt\u00e4\u00e4 akseli, joka on yhdistetty vaihteiston ulostuloon. N\u00e4m\u00e4 leikkuukiekot on usein asennettu tiettyyn kokoonpanoon (esim. t\u00e4hden muotoon tai py\u00f6re\u00e4\u00e4n j\u00e4rjestelyyn) ja py\u00f6riv\u00e4t paljon hitaammin kuin traktorin voimanottoakselin tulonopeus.<\/p>\n<p><strong>4. Mekaaninen tehokkuus ja kuormituksen hallinta<\/strong><\/p>\n<p>Vaihteisto auttaa yll\u00e4pit\u00e4m\u00e4\u00e4n mekaanista tehokkuutta jakamalla kuorman tasaisesti nelj\u00e4n lautasen kesken. Se tekee t\u00e4m\u00e4n varmistamalla, ett\u00e4 traktorin voimanottoakselin tuottama v\u00e4\u00e4nt\u00f6momentti v\u00e4littyy tehokkaasti jokaiselle lautaselle. T\u00e4m\u00e4 mahdollistaa sen, ett\u00e4 s\u00e4il\u00f6rehukone pystyy k\u00e4sittelem\u00e4\u00e4n suuria m\u00e4\u00e4ri\u00e4 materiaalia nopeasti ja tasaisesti ilman yksitt\u00e4isten komponenttien ylikuormitusta.<\/p>\n<p><strong>5. Voitelu ja j\u00e4\u00e4hdytys<\/strong><\/p>\n<p>Raskaiden kuormien ja jatkuvan k\u00e4yt\u00f6n vuoksi vaihteistossa on tyypillisesti voiteluj\u00e4rjestelm\u00e4, joka v\u00e4hent\u00e4\u00e4 kitkaa ja kulumista vaihteiden v\u00e4lill\u00e4. T\u00e4m\u00e4 j\u00e4rjestelm\u00e4 varmistaa sujuvan toiminnan ja pident\u00e4\u00e4 vaihteiston k\u00e4ytt\u00f6ik\u00e4\u00e4. Joissakin vaihteistoissa voi olla my\u00f6s j\u00e4\u00e4hdytysj\u00e4rjestelm\u00e4, joka est\u00e4\u00e4 ylikuumenemisen pitk\u00e4aikaisen k\u00e4yt\u00f6n aikana.<\/p>\n<p>Pohjimmiltaan saksalaisen Champion Four Disc (tyyppi 3500) -mallin s\u00e4il\u00f6rehunleikkuukoneen vaihteisto hallitsee tehokkaasti voimansiirtoa ja varmistaa, ett\u00e4 s\u00e4il\u00f6rehun leikkaaminen tapahtuu sujuvasti ja tehokkaasti my\u00f6s raskaissa k\u00e4ytt\u00f6olosuhteissa.<\/p>\n<p><img loading=\"lazy\" decoding=\"async\" class=\"alignnone size-full wp-image-2972\" src=\"https:\/\/fmp-components.com\/wp-content\/uploads\/2025\/01\/Silage-Machine-Gearbox-for-German-Champion-Four-Disc-Type-3500-Working-Principle-scaled.webp\" alt=\"S\u00e4il\u00f6rehukoneen vaihdelaatikko Saksan-mestarin-nelilevyiseen-tyyppiin-3500-toimintaperiaate\" width=\"2560\" height=\"1212\" title=\"\" srcset=\"https:\/\/fmp-components.com\/wp-content\/uploads\/2025\/01\/Silage-Machine-Gearbox-for-German-Champion-Four-Disc-Type-3500-Working-Principle-scaled.webp 2560w, https:\/\/fmp-components.com\/wp-content\/uploads\/2025\/01\/Silage-Machine-Gearbox-for-German-Champion-Four-Disc-Type-3500-Working-Principle-1280x606.webp 1280w, https:\/\/fmp-components.com\/wp-content\/uploads\/2025\/01\/Silage-Machine-Gearbox-for-German-Champion-Four-Disc-Type-3500-Working-Principle-980x464.webp 980w, https:\/\/fmp-components.com\/wp-content\/uploads\/2025\/01\/Silage-Machine-Gearbox-for-German-Champion-Four-Disc-Type-3500-Working-Principle-480x227.webp 480w\" sizes=\"(min-width: 0px) and (max-width: 480px) 480px, (min-width: 481px) and (max-width: 980px) 980px, (min-width: 981px) and (max-width: 1280px) 1280px, (min-width: 1281px) 2560px, 100vw\" \/><\/p>\n<h2>S\u00e4il\u00f6rehun koneen vaihdelaatikon sovellukset saksalaiselle Champion Four Disc -levylle (tyyppi 3500)<\/h2>\n<p>Saksalaisen Champion Four Disc (tyyppi 3500) -s\u00e4il\u00f6rehunkorjuukoneen vaihteistolla on ratkaiseva rooli s\u00e4il\u00f6rehunkorjuulaitteiden toiminnassa. T\u00e4t\u00e4 optimaaliseen voimansiirtoon suunniteltua vaihteistoa k\u00e4ytet\u00e4\u00e4n monissa maatalousteollisuuden sovelluksissa. Alla on lueteltu joitakin t\u00e4m\u00e4n vaihteiston t\u00e4rkeimpi\u00e4 sovelluksia:<\/p>\n<p>1. <strong>S\u00e4il\u00f6rehun korjuu<\/strong><\/p>\n<ul>\n<li><strong>Ensisijainen sovellus<\/strong>S\u00e4il\u00f6rehun leikkuukoneen vaihteiston ensisijainen teht\u00e4v\u00e4 on helpottaa rehun leikkaamista, silppuamista ja k\u00e4sittely\u00e4. Se k\u00e4ytt\u00e4\u00e4 koneen nelj\u00e4\u00e4 leikkuulevy\u00e4, joiden avulla ne voivat silputa rehukasveja (kuten maissia, ruohoa, sinimailasta tai palkokasveja) ja muuntaa ne hienoksi silputuksi el\u00e4inten rehuksi.<\/li>\n<li><strong>Kasvityypit<\/strong>T\u00e4m\u00e4 vaihteisto soveltuu useiden s\u00e4il\u00f6rehun tuotannossa k\u00e4ytett\u00e4vien kasvien, kuten maissin, hein\u00e4n, durran ja muiden viherrehukasvien, korjuuseen. Se voidaan sovittaa sek\u00e4 kosteille kasveille (kuten maissi) ett\u00e4 kuiville kasveille (kuten sinimailaselle).<\/li>\n<\/ul>\n<p>2. <strong>Rehun silppuaminen ja k\u00e4sittely<\/strong><\/p>\n<ul>\n<li>Vaihteisto k\u00e4ytt\u00e4\u00e4 leikkuu- ja silppuamismekanismeja, jotka ovat v\u00e4ltt\u00e4m\u00e4tt\u00f6mi\u00e4 suurten rehukorsien murskaamiseksi pienemmiksi paloiksi. Vaihteiston tehokas voimansiirto mahdollistaa koneen tarkan silppuamisen ja varmistaa tasaisen silpun pituuden. T\u00e4m\u00e4 prosessi on elint\u00e4rke\u00e4 <strong>k\u00e4yminen<\/strong> s\u00e4il\u00f6rehun varastoinnissa ja lopullisen rehutuotteen laadussa.<\/li>\n<\/ul>\n<p>3. <strong>Hein\u00e4ntuotanto<\/strong><\/p>\n<ul>\n<li>Vaikka vaihteistoa k\u00e4ytet\u00e4\u00e4n ensisijaisesti s\u00e4il\u00f6rehun tuotannossa, se on v\u00e4ltt\u00e4m\u00e4t\u00f6n my\u00f6s hein\u00e4rehun tuotannossa, jossa rehun kosteuden on oltava korkeampi kuin perinteisen hein\u00e4n. Hein\u00e4rehua k\u00e4ytet\u00e4\u00e4n usein karjan ruokintaan, ja vaihteisto varmistaa, ett\u00e4 kone leikkaa ja k\u00e4sittelee rehun tehokkaasti s\u00e4ilytt\u00e4en laadukkaan hein\u00e4rehun edellytt\u00e4m\u00e4t kosteustasot.<\/li>\n<\/ul>\n<p>4. <strong>Ruohojen ja palkokasvien s\u00e4il\u00f6rehu<\/strong><\/p>\n<ul>\n<li>Vaihteistoa k\u00e4ytet\u00e4\u00e4n ruoho- ja palkokasvis\u00e4il\u00f6rehun valmistuksessa, mik\u00e4 on erityisen t\u00e4rke\u00e4\u00e4 maidontuottajille ja karjankasvattajille. T\u00e4llaiset s\u00e4il\u00f6rehut tarjoavat korkealaatuista rehua, ja vaihteisto varmistaa tasaisen ja jatkuvan heinien, kuten timotein, raihein\u00e4n tai apilan, silppuamisen.<\/li>\n<\/ul>\n<p>5. <strong>T\u00e4sm\u00e4viljely<\/strong><\/p>\n<ul>\n<li>Nykyaikaisessa tarkkuusviljelyss\u00e4 k\u00e4ytet\u00e4\u00e4n kehittyneill\u00e4 vaihteistoilla, kuten saksalaisella Champion Four Disc (tyyppi 3500), varustettuja s\u00e4il\u00f6rehukoneita yhdess\u00e4 GPS- ja anturiteknologioiden kanssa sadonkorjuuprosessin optimoimiseksi. Vaihteisto varmistaa, ett\u00e4 kone toimii oikealla nopeudella ja teholla vaihtelevien sato-olosuhteiden k\u00e4sittelemiseksi, mik\u00e4 parantaa tehokkuutta ja v\u00e4hent\u00e4\u00e4 polttoaineenkulutusta.<\/li>\n<\/ul>\n<p>Yhteenvetona voidaan todeta, ett\u00e4 saksalaisen Champion Four Disc (tyyppi 3500) -s\u00e4il\u00f6rehun koneen vaihteistolla on olennainen rooli s\u00e4il\u00f6rehun tuotannossa, sill\u00e4 se mahdollistaa tehokkaan ja tasaisen sadonk\u00e4sittelyn. Se on monipuolinen, luotettava ja v\u00e4ltt\u00e4m\u00e4t\u00f6n erilaisissa nykyaikaisen maatalouden sovelluksissa, erityisesti laajamittaisessa s\u00e4il\u00f6rehun korjuussa, rehunk\u00e4sittelyss\u00e4 ja tarkkuusviljelyss\u00e4.<\/p>\n<p><img loading=\"lazy\" decoding=\"async\" class=\"alignnone size-full wp-image-2971\" src=\"https:\/\/fmp-components.com\/wp-content\/uploads\/2025\/01\/Silage-Machine-Gearbox-EP-QZ-WRXL-for-German-Champion-Four-Disc-Type-3500.webp\" alt=\"S\u00e4il\u00f6rehukoneen vaihteisto-EP-QZ-WRXL-Saksan-mestarin-nelilevyiselle-tyypille-3500\" width=\"1024\" height=\"607\" title=\"\" srcset=\"https:\/\/fmp-components.com\/wp-content\/uploads\/2025\/01\/Silage-Machine-Gearbox-EP-QZ-WRXL-for-German-Champion-Four-Disc-Type-3500.webp 1024w, https:\/\/fmp-components.com\/wp-content\/uploads\/2025\/01\/Silage-Machine-Gearbox-EP-QZ-WRXL-for-German-Champion-Four-Disc-Type-3500-980x581.webp 980w, https:\/\/fmp-components.com\/wp-content\/uploads\/2025\/01\/Silage-Machine-Gearbox-EP-QZ-WRXL-for-German-Champion-Four-Disc-Type-3500-480x285.webp 480w\" sizes=\"(min-width: 0px) and (max-width: 480px) 480px, (min-width: 481px) and (max-width: 980px) 980px, (min-width: 981px) 1024px, 100vw\" \/><\/p>\n<h3>Tietoja FMP:st\u00e4<\/h3>\n<p>Italiassa p\u00e4\u00e4konttoriaan pit\u00e4v\u00e4 FMP on johtava valmistaja, joka on erikoistunut tehokkaiden vaihteistojen suunnitteluun, kehitt\u00e4miseen ja tuotantoon, erityisesti maatalouskonesektorilla. Tarkkuudestaan, innovatiivisista ratkaisuistaan \u200b\u200bja horjumattomasta luotettavuudestaan \u200b\u200btunnettu FMP on rakentanut vahvan maineen luotettavana kumppanina sek\u00e4 maatalous- ett\u00e4 teollisuussektoreilla. Monipuolinen tuotevalikoimamme sis\u00e4lt\u00e4\u00e4 ruohonleikkureiden, nivelakseleiden ja monien muiden t\u00e4rkeiden komponenttien mittatilausty\u00f6n\u00e4 valmistettuja vaihteistoja, jotka kaikki on suunniteltu vastaamaan monenlaisten sovellusten erityisvaatimuksiin.<\/p>\n<p>FMP:ll\u00e4 ymm\u00e4rr\u00e4mme, ett\u00e4 jokainen asiakas kohtaa ainutlaatuisia haasteita. Siksi keskitymme r\u00e4\u00e4t\u00e4l\u00f6ityjen ratkaisujen tarjoamiseen, olipa kyse sitten yksitt\u00e4isist\u00e4 komponenteista tai t\u00e4ysin integroiduista j\u00e4rjestelmist\u00e4. Ty\u00f6skentelem\u00e4ll\u00e4 tiiviisti asiakkaidemme kanssa varmistamme, ett\u00e4 jokainen ratkaisu ei ainoastaan \u200b\u200bvastaa heid\u00e4n erityistarpeisiinsa, vaan my\u00f6s parantaa suorituskyky\u00e4 ja tarjoaa maksimaalisen arvon. Sitoutumisemme nopeaan ja ammattitaitoiseen palveluun yhdistettyn\u00e4 asiantuntevaan neuvontaan varmistaa, ett\u00e4 jokainen tiedustelu k\u00e4sitell\u00e4\u00e4n tarkasti ja huolellisesti, mik\u00e4 johtaa parhaisiin mahdollisiin tuloksiin.<\/p>\n<p>Avoin ja jatkuva viestint\u00e4 on l\u00e4hestymistapamme keskeist\u00e4. Omistautunut tiimimme tekee suoraa yhteisty\u00f6t\u00e4 asiakkaiden kanssa koko tuotekehityssyklin ajan ymm\u00e4rt\u00e4\u00e4kseen t\u00e4ysin heid\u00e4n vaatimuksiaan ja tarjotakseen arvokkaita n\u00e4kemyksi\u00e4 ja suosituksia optimaalisten tulosten varmistamiseksi. Olipa kyse sitten huippuluokan tuotteiden kehitt\u00e4misest\u00e4 tai toistuvien tilausten t\u00e4ytt\u00e4misest\u00e4, FMP on sitoutunut toimittamaan korkealaatuisia, tarkasti suunniteltuja ratkaisuja ajallaan, joka kerta. Missiomme on ylitt\u00e4\u00e4 asiakkaiden odotukset tarjoamalla jatkuvasti poikkeuksellista palvelua ja erinomaisia \u200b\u200btuloksia jokaisessa projektissa.<\/p>\n<p>Laatu on kaiken toimintamme kulmakivi. Noudatamme korkeimpia valmistusstandardeja ja k\u00e4yt\u00e4mme tiukkoja laadunvalvontamenettelyj\u00e4 varmistaaksemme, ett\u00e4 jokainen tuote t\u00e4ytt\u00e4\u00e4 ja usein ylitt\u00e4\u00e4 alan standardit. T\u00e4m\u00e4 v\u00e4sym\u00e4t\u00f6n pyrkimys huippuosaamiseen sek\u00e4 ydinarvomme, kuten rehellisyyden, tiimity\u00f6n ja sinnikkyyden, ovat mahdollistaneet pitk\u00e4aikaisten, luottamukseen perustuvien asiakassuhteiden kehitt\u00e4misen l\u00e4hes 30 maassa ymp\u00e4ri maailmaa.<\/p>\n<p>FMP on aina halukas rakentamaan ja vahvistamaan globaaleja kumppanuuksia. Olemme sitoutuneet tarjoamaan asiantuntevaa ohjausta ja r\u00e4\u00e4t\u00e4l\u00f6ityj\u00e4 ratkaisuja, jotka kehittyv\u00e4t asiakkaidemme tarpeiden mukana. Emme ainoastaan \u200b\u200btoimita tuotteita, vaan keskitymme luomaan kest\u00e4vi\u00e4 suhteita, jotka edist\u00e4v\u00e4t jokaisen projektin onnistumista. Tarvitsetpa sitten innovatiivisia ratkaisuja uuteen hankkeeseen tai jatkuvaa tukea olemassa olevalle j\u00e4rjestelm\u00e4lle, FMP on t\u00e4\u00e4ll\u00e4 vastaamassa teknisiin haasteisiisi ja varmistamassa jatkuvan menestyksesi.<\/p>\n<p><img loading=\"lazy\" decoding=\"async\" class=\"alignnone wp-image-2695\" src=\"https:\/\/fmp-components.com\/wp-content\/uploads\/2025\/01\/agricultural-gearbox3.webp\" alt=\"maatalousvaihteisto\" width=\"953\" height=\"951\" title=\"\" srcset=\"https:\/\/fmp-components.com\/wp-content\/uploads\/2025\/01\/agricultural-gearbox3.webp 953w, https:\/\/fmp-components.com\/wp-content\/uploads\/2025\/01\/agricultural-gearbox3-480x479.webp 480w\" sizes=\"(min-width: 0px) and (max-width: 480px) 480px, (min-width: 481px) 953px, 100vw\" \/><\/p>\n<p>Tekij\u00e4: CX<\/p>","protected":false},"excerpt":{"rendered":"<p>Silage Machine Gearbox FMP-QZ-WRXL Dimensions Silage Machine Gearbox FMP-QZ-WRXL Technical Data Name Suitable Turn header series Toothing Feeding box silage machines left turn 3 series Gleason Helical Teeth Remark: If you have any special require feel free let me know, we also accept custom. Working Principle of Silage Machine Gearbox for German Champion Four Disc [&hellip;]<\/p>","protected":false},"featured_media":2969,"comment_status":"open","ping_status":"closed","template":"","meta":{"_et_pb_use_builder":"","_et_pb_old_content":"","_et_gb_content_width":""},"product_brand":[],"product_cat":[69],"product_tag":[],"class_list":{"0":"post-2791","1":"product","2":"type-product","3":"status-publish","4":"has-post-thumbnail","6":"product_cat-silage-machine-gearbox","8":"first","9":"instock","10":"shipping-taxable","11":"product-type-simple"},"_links":{"self":[{"href":"https:\/\/fmp-components.com\/fi\/wp-json\/wp\/v2\/product\/2791","targetHints":{"allow":["GET"]}}],"collection":[{"href":"https:\/\/fmp-components.com\/fi\/wp-json\/wp\/v2\/product"}],"about":[{"href":"https:\/\/fmp-components.com\/fi\/wp-json\/wp\/v2\/types\/product"}],"replies":[{"embeddable":true,"href":"https:\/\/fmp-components.com\/fi\/wp-json\/wp\/v2\/comments?post=2791"}],"wp:featuredmedia":[{"embeddable":true,"href":"https:\/\/fmp-components.com\/fi\/wp-json\/wp\/v2\/media\/2969"}],"wp:attachment":[{"href":"https:\/\/fmp-components.com\/fi\/wp-json\/wp\/v2\/media?parent=2791"}],"wp:term":[{"taxonomy":"product_brand","embeddable":true,"href":"https:\/\/fmp-components.com\/fi\/wp-json\/wp\/v2\/product_brand?post=2791"},{"taxonomy":"product_cat","embeddable":true,"href":"https:\/\/fmp-components.com\/fi\/wp-json\/wp\/v2\/product_cat?post=2791"},{"taxonomy":"product_tag","embeddable":true,"href":"https:\/\/fmp-components.com\/fi\/wp-json\/wp\/v2\/product_tag?post=2791"}],"curies":[{"name":"wp","href":"https:\/\/api.w.org\/{rel}","templated":true}]}}