{"id":2763,"date":"2025-01-04T05:22:33","date_gmt":"2025-01-04T05:22:33","guid":{"rendered":"https:\/\/fmp-components.com\/product\/hot-sale-10-ton-power-steering-cylinder-tractor-hydraulic-cylinder\/"},"modified":"2025-03-18T01:35:53","modified_gmt":"2025-03-18T01:35:53","slug":"hot-sale-10-ton-power-steering-cylinder-tractor-hydraulic-cylinder","status":"publish","type":"product","link":"https:\/\/fmp-components.com\/fi\/product\/hot-sale-10-ton-power-steering-cylinder-tractor-hydraulic-cylinder\/","title":{"rendered":"Kuuma myynti 10 tonnin ohjaustehostimen sylinteri traktorin hydraulisylinteri"},"content":{"rendered":"<div>\n<h2>Italian tehtaan toimitustekniikka Hydraulinen sylinteri Traktorin ohjaustehostimen sylinteri<\/h2>\n<p>Italian tehtaan toimittama hydraulinen traktorin ohjaustehostimen sylinteri on korkealaatuinen hydraulinen ohjaussylinteri, joka on suunniteltu erityisesti k\u00e4ytett\u00e4v\u00e4ksi traktoreiden ohjaustehostimissa. T\u00e4m\u00e4 Italiassa valmistettu sylinteri on rakennettu korkeimpien laatu- ja suorituskykystandardien mukaisesti.<\/p>\n<p>Huipputeknisen suunnittelunsa ja tarkan rakenteensa ansiosta t\u00e4m\u00e4 sylinteri varmistaa traktoreiden sujuvan ja tehokkaan ohjaustehostimen toiminnan. Se kest\u00e4\u00e4 korkeita paineita ja tarjoaa luotettavaa suorituskyky\u00e4 my\u00f6s vaativissa olosuhteissa.<\/p>\n<p>Edistyksellisen hydrauliikkateknologian ansiosta t\u00e4m\u00e4 sylinteri tarjoaa tarkan hallinnan ja reagointikyvyn, jolloin traktorin kuljettaja voi hallita ohjausta optimaalisesti. Ty\u00f6skenteletp\u00e4 sitten pellolla tai ahtaissa tiloissa, t\u00e4m\u00e4 sylinteri parantaa traktorin ohjattavuutta ja yleist\u00e4 suorituskyky\u00e4.<\/p>\n<p>Italian tehtaan toimittaman hydraulisen m\u00e4nn\u00e4n sylinterin traktorin ohjaustehostimen sylinteri on suunniteltu helposti asennettavaksi ja yhteensopivaksi useiden traktorimallien kanssa. Se on luotettava valinta traktorivalmistajille, huoltoteknikoille ja traktorinomistajille.<\/p>\n<p>Investoi t\u00e4h\u00e4n korkealaatuiseen hydrauliseen sylinteriin ja koe traktorisi paremman ohjaustehostuksen suorituskyvyn ja tehokkuuden.<\/p>\n<\/div>\n<p><img decoding=\"async\" src=\"https:\/\/hzpt.com\/wp-content\/uploads\/2023\/11\/agricultural-machinery-hydraulic-cylinder-3.webp\" alt=\"\" title=\"\"><\/p>\n<h2>Ohjaustehostimen sylinterin traktorin hydraulisylinterin esittely<\/h2>\n<p>Ohjaustehostimen sylinterin traktorin hydraulisylinterill\u00e4 on rikas historia. Sen juuret teollisessa vallankumouksessa ovat kehittyneet olennaisiksi osina nykyaikaisia \u200b\u200bkoneita. Niit\u00e4 on saatavilla erityyppisin\u00e4 ja -luokituksina, joilla jokaisella on omat ainutlaatuiset etunsa. N\u00e4iden sylinterien asennus, korjaus ja huolto on suhteellisen yksinkertaista niiden kest\u00e4v\u00e4n ja k\u00e4ytt\u00e4j\u00e4yst\u00e4v\u00e4llisen rakenteen ansiosta.<\/p>\n<h2>Oikean hydrauliikka\u00f6ljyn ja \u00f6ljytiivisteen valinta<\/h2>\n<p>Oikean hydrauli\u00f6ljyn ja \u00f6ljytiivisteen valinta on ratkaisevan t\u00e4rke\u00e4\u00e4 hydraulisylinterin optimaalisen suorituskyvyn kannalta. Tekij\u00e4t, kuten viskositeetti, kemiallinen koostumus ja tiivisteiden yhteensopivuus, ovat merkitt\u00e4v\u00e4ss\u00e4 roolissa t\u00e4ss\u00e4 valintaprosessissa. \u00d6ljytiivisteiden ja hydrauli\u00f6ljyn s\u00e4\u00e4nn\u00f6llinen tarkastus ja vaihto voivat auttaa est\u00e4m\u00e4\u00e4n vuotoja, varmistamaan sujuvan toiminnan ja pident\u00e4\u00e4 sylinterin k\u00e4ytt\u00f6ik\u00e4\u00e4.<\/p>\n<h3>Milloin hydraulisylinteri on vaihdettava<\/h3>\n<p>Vaihdon tarve johtuu tyypillisesti jatkuvista vuodoista, heikentyneest\u00e4 suorituskyvyst\u00e4 tai sylinterin n\u00e4kyvist\u00e4 vaurioista. Vaihdon tulisi kuitenkin suorittaa p\u00e4tev\u00e4 ammattilainen valmistajan ohjeita noudattaen.<\/p>\n<h3>Sopivan virtal\u00e4hteen valinta<\/h3>\n<p>Hydraulisylinterin voimanl\u00e4hde tulee valita sen tarvitseman kuorman, k\u00e4ytt\u00f6nopeuden ja sovelluksesi erityisvaatimusten perusteella. Hydrauliikka-asiantuntijan konsultointi voi auttaa tekem\u00e4\u00e4n tietoon perustuvan p\u00e4\u00e4t\u00f6ksen.<\/p>\n<h2>Ohjaushydraulisen sylinterin k\u00e4ytt\u00f6<\/h2>\n<p>Ohjaushydraulisylinterit ovat olennaisia \u200b\u200bosia ohjausj\u00e4rjestelmiss\u00e4 erityyppisiss\u00e4 ajoneuvoissa. N\u00e4m\u00e4 sylinterit, jotka tunnetaan my\u00f6s ohjaustoimilaitteina, auttavat muuntamaan ohjauspumpun tuottaman energian lineaariseksi liikkeeksi, jota voidaan k\u00e4ytt\u00e4\u00e4 ajoneuvon py\u00f6rien suunnan muuttamiseen. T\u00e4ss\u00e4 on joitakin ohjaushydraulisylinterien sovelluksia:<\/p>\n<ol>\n<li>Raskaat ajoneuvot:\n<p>Ohjaushydraulisylintereit\u00e4 k\u00e4ytet\u00e4\u00e4n yleisesti raskaissa ajoneuvoissa, kuten kuorma-autoissa, linja-autoissa ja rakennuskoneissa. N\u00e4m\u00e4 ajoneuvot vaativat paljon voimaa ohjaukseen, ja hydraulisylinteri voi tuottaa tarvittavan voiman py\u00f6rien k\u00e4\u00e4nt\u00e4miseen, vaikka ajoneuvo olisi kuormitettu. Hydraulij\u00e4rjestelm\u00e4 mahdollistaa my\u00f6s ohjausmekanismin tarkemman hallinnan, mik\u00e4 helpottaa kuljettajien navigointia suurissa ja k\u00f6mpel\u00f6iss\u00e4 ajoneuvoissa.<\/li>\n<li>Maastoajoneuvot:\n<p>My\u00f6s maastoajoneuvot, kuten m\u00f6nkij\u00e4t, hiekkarattaat ja motocross-py\u00f6r\u00e4t, hy\u00f6tyv\u00e4t ohjaushydraulisylintereist\u00e4. N\u00e4m\u00e4 ajoneuvot toimivat usein ep\u00e4tasaisessa maastossa, jossa perinteiset ohjausmekanismit eiv\u00e4t v\u00e4ltt\u00e4m\u00e4tt\u00e4 ole tehokkaita. Hydraulisylinterit voivat tarjota tarvittavaa tehoa ja tarkkuutta esteiden l\u00e4pi ohjaamiseen ja ajoneuvon hallinnan s\u00e4ilytt\u00e4miseen.<\/li>\n<li>Meri- ja ilmailusovellukset:\n<p>Ohjaushydraulisylintereit\u00e4 ei k\u00e4ytet\u00e4 vain maalla liikkuvissa ajoneuvoissa. Niit\u00e4 k\u00e4ytet\u00e4\u00e4n my\u00f6s merisovelluksissa, kuten veneiss\u00e4 ja laivoissa, sek\u00e4 ilmailu- ja avaruustekniikassa, kuten avaruusaluksissa ja lentokoneissa. N\u00e4iss\u00e4 olosuhteissa hydraulisylintereit\u00e4 k\u00e4ytet\u00e4\u00e4n per\u00e4simien, evien ja muiden ohjauspintojen suunnan manipulointiin, jotka auttavat ohjaamaan alusta tai lentokonetta.<\/li>\n<li>Teollisuuslaitteet:\n<p>Hydraulisylintereit\u00e4 k\u00e4ytet\u00e4\u00e4n my\u00f6s useissa teollisissa ymp\u00e4rist\u00f6iss\u00e4 ohjaukseen ja muihin sovelluksiin. Niit\u00e4 voidaan esimerkiksi k\u00e4ytt\u00e4\u00e4 nostureiden, trukkien tai muiden raskaiden koneiden ohjaamiseen. N\u00e4iss\u00e4 ymp\u00e4rist\u00f6iss\u00e4 hydraulisylinterit voivat tarjota tarvittavan tehon ja tarkkuuden suurten kuormien k\u00e4sittelyyn tai ahtaissa tiloissa ty\u00f6skentelyyn.<\/li>\n<li>Mukautetut sovellukset:\n<p>N\u00e4iden yleisten sovellusten lis\u00e4ksi ohjaushydraulisylintereit\u00e4 voidaan k\u00e4ytt\u00e4\u00e4 my\u00f6s erilaisissa r\u00e4\u00e4t\u00e4l\u00f6idyiss\u00e4 ymp\u00e4rist\u00f6iss\u00e4. Niit\u00e4 voidaan esimerkiksi k\u00e4ytt\u00e4\u00e4 kokeellisissa ajoneuvoissa tai prototyypeiss\u00e4, jotka vaativat ainutlaatuisen ohjausmekanismin. Niit\u00e4 voidaan k\u00e4ytt\u00e4\u00e4 my\u00f6s taiteellisissa installaatioissa tai kineettisiss\u00e4 veistoksissa, jotka vaativat tarkkaa ja hallittua liikett\u00e4.<\/li>\n<\/ol>\n<p>Kuten n\u00e4ette, ohjaushydraulisylintereill\u00e4 on laaja valikoima sovelluksia eri teollisuudenaloilla ja ymp\u00e4rist\u00f6iss\u00e4. K\u00e4ytettiinp\u00e4 niit\u00e4 sitten raskaissa ajoneuvoissa, maastoajoneuvoissa, meri- ja ilmailualan sovelluksissa, teollisuuslaitteissa tai r\u00e4\u00e4t\u00e4l\u00f6idyiss\u00e4 sovelluksissa, n\u00e4m\u00e4 sylinterit tarjoavat tarvittavan tehon, tarkkuuden ja hallinnan tehokkaaseen ohjaamiseen.<\/p>\n<h2>Tietoja FMP:st\u00e4<\/h2>\n<p>FMP on johtava korkealaatuisten hydraulisylintereiden, sylinterisarjojen ja rakennuskoneiden komponenttien valmistaja ja jakelija. Monivuotisen kokemuksemme alalta ja ammattitaitoisen tiimimme ansiosta olemme sitoutuneet tarjoamaan asiakkaillemme luotettavia ja tehokkaita ratkaisuja heid\u00e4n rakennuskoneisiinsa.<\/p>\n<p>T\u00e4ss\u00e4 on viisi syyt\u00e4, miksi sinun kannattaa valita FMP:n:<\/p>\n<ol>\n<li><strong>Korkealaatuiset hydraulisylinterit:<\/strong> K\u00e4yt\u00e4mme hydraulisylintereidemme valmistuksessa tarkkuustekniikkaa. Vahva sitoutumisemme laatuun varmistaa, ett\u00e4 k\u00e4yt\u00e4mme vain korkealaatuisimpia raaka-aineita ja suoritamme tiukkoja laatutarkastuksia valmiille tuotteille varmistaaksemme, ett\u00e4 ne t\u00e4ytt\u00e4v\u00e4t ja ylitt\u00e4v\u00e4t alan standardit.<\/li>\n<li><strong>Laaja tuotevalikoima:<\/strong> Tuotevalikoimamme kattaa kaikenlaiset rakennuskoneet ja niiden lis\u00e4varusteet. Tarjoamme erilaisia \u200b\u200bhydraulisylintereit\u00e4, vaihteistoja, ketjuja, ketjupy\u00f6ri\u00e4, moottorin lis\u00e4varusteita, hydraulij\u00e4rjestelm\u00e4n komponentteja, alustan lis\u00e4varusteita ja s\u00e4hk\u00f6j\u00e4rjestelm\u00e4n lis\u00e4varusteita.<\/li>\n<li><strong>Vakiintuneet kumppanuudet:<\/strong> Olemme luoneet pitk\u00e4aikaisia \u200b\u200bja vakaita kumppanuuksia monien korkealaatuisten kotimaisten ja ulkomaisten toimittajien kanssa. T\u00e4m\u00e4 varmistaa, ett\u00e4 kaikki toimitetut tarvikkeet t\u00e4ytt\u00e4v\u00e4t tiukat laatustandardimme.<\/li>\n<li><strong>Kokenut myyntitiimi:<\/strong> Myyntitiimill\u00e4mme on vuosien kokemus ja tiet\u00e4mys rakennuskonealalta. He voivat tarjota ammattimaista tuotekonsultointia ja \u00e4lykk\u00e4it\u00e4 osto-ohjeita auttaakseen sinua tekem\u00e4\u00e4n tietoon perustuvia p\u00e4\u00e4t\u00f6ksi\u00e4.<\/li>\n<li><strong>Tehokas logistiikka-jakeluj\u00e4rjestelm\u00e4:<\/strong> Meill\u00e4 on tehokas logistiikkaj\u00e4rjestelm\u00e4 varmistaaksemme, ett\u00e4 asiakkaamme saavat tarvitsemansa osat ajallaan ja t\u00e4sm\u00e4llisesti.<\/li>\n<\/ol>\n<p><img decoding=\"async\" src=\"https:\/\/fmp-components.com\/wp-content\/uploads\/2025\/01\/Dump-Truck-Trailer-Hydraulic-Cylinder-product-3-3.webp\" alt=\"Hydraulinen sylinteri\" width=\"800\" title=\"\"><\/p>\n<p>FMP:ll\u00e4 olemme sitoutuneet tarjoamaan asiakkaillemme korkealaatuisia ja luotettavia rakennuskoneiden lis\u00e4varusteita ja t\u00e4ydellisi\u00e4 koneratkaisuja. Nykyaikaisten tehdastilojen, CNC-ty\u00f6st\u00f6koneiden, tietokoneavusteisen suunnittelun, ammattitaitoisten ty\u00f6ntekij\u00f6idemme, hydrauliikkaj\u00e4rjestelmien asiantuntijoidemme, sylinterikokoonpanojemme ja j\u00e4lleenmyyjiemme ansiosta olemme ensisijainen kumppani hydraulisylintereiden, sylinterisarjojen ja komponenttien tarpeisiisi.<\/p>\n<p>Tekij\u00e4: CX<\/p>","protected":false},"excerpt":{"rendered":"<p>Italy Factory Supply Engineering Hydraulic Ram Cylinder Tractor Power Steering Cylinder The Italy Factory Supply Engineering Hydraulic Ram Cylinder Tractor Power Steering Cylinder is a high-quality hydraulic ram cylinder designed specifically for use in tractors&#8217; power steering systems. Manufactured in Italy, this cylinder is built to the highest standards of quality and performance. With its [&hellip;]<\/p>","protected":false},"featured_media":2764,"comment_status":"closed","ping_status":"closed","template":"","meta":{"_et_pb_use_builder":"","_et_pb_old_content":"","_et_gb_content_width":""},"product_brand":[],"product_cat":[67],"product_tag":[34,70],"class_list":{"0":"post-2763","1":"product","2":"type-product","3":"status-publish","4":"has-post-thumbnail","6":"product_cat-steering-hydraulic-cylinder","7":"product_tag-hydraulic-cylinder","8":"product_tag-steering-hydraulic-cylinder","10":"first","11":"instock","12":"product-type-simple"},"_links":{"self":[{"href":"https:\/\/fmp-components.com\/fi\/wp-json\/wp\/v2\/product\/2763","targetHints":{"allow":["GET"]}}],"collection":[{"href":"https:\/\/fmp-components.com\/fi\/wp-json\/wp\/v2\/product"}],"about":[{"href":"https:\/\/fmp-components.com\/fi\/wp-json\/wp\/v2\/types\/product"}],"replies":[{"embeddable":true,"href":"https:\/\/fmp-components.com\/fi\/wp-json\/wp\/v2\/comments?post=2763"}],"wp:featuredmedia":[{"embeddable":true,"href":"https:\/\/fmp-components.com\/fi\/wp-json\/wp\/v2\/media\/2764"}],"wp:attachment":[{"href":"https:\/\/fmp-components.com\/fi\/wp-json\/wp\/v2\/media?parent=2763"}],"wp:term":[{"taxonomy":"product_brand","embeddable":true,"href":"https:\/\/fmp-components.com\/fi\/wp-json\/wp\/v2\/product_brand?post=2763"},{"taxonomy":"product_cat","embeddable":true,"href":"https:\/\/fmp-components.com\/fi\/wp-json\/wp\/v2\/product_cat?post=2763"},{"taxonomy":"product_tag","embeddable":true,"href":"https:\/\/fmp-components.com\/fi\/wp-json\/wp\/v2\/product_tag?post=2763"}],"curies":[{"name":"wp","href":"https:\/\/api.w.org\/{rel}","templated":true}]}}