{"id":2751,"date":"2025-01-04T05:11:17","date_gmt":"2025-01-04T05:11:17","guid":{"rendered":"https:\/\/fmp-components.com\/?page_id=8"},"modified":"2025-01-04T05:11:18","modified_gmt":"2025-01-04T05:11:18","slug":"grader-driven-rake-gearbox-ep-dx300-2-for-powered-harrow","status":"publish","type":"product","link":"https:\/\/fmp-components.com\/fi\/product\/grader-driven-rake-gearbox-ep-dx300-2-for-powered-harrow\/","title":{"rendered":"Tieh\u00f6yl\u00e4n ajettava karhottimen vaihteisto EP-DX300-2 moottoroituun \u00e4keeseen"},"content":{"rendered":"<h2><img loading=\"lazy\" decoding=\"async\" class=\"size-full wp-image-2756 aligncenter\" src=\"https:\/\/fmp-components.com\/wp-content\/uploads\/2025\/01\/Grader-Driven-Rake-Gearbox-EP-DX300-2-Features1.webp\" alt=\"Tieh\u00f6yl\u00e4k\u00e4ytt\u00f6inen haravavaihteisto EP-DX300-2:n ominaisuudet (1)\" width=\"1024\" height=\"828\" title=\"\" srcset=\"https:\/\/fmp-components.com\/wp-content\/uploads\/2025\/01\/Grader-Driven-Rake-Gearbox-EP-DX300-2-Features1.webp 1024w, https:\/\/fmp-components.com\/wp-content\/uploads\/2025\/01\/Grader-Driven-Rake-Gearbox-EP-DX300-2-Features1-980x792.webp 980w, https:\/\/fmp-components.com\/wp-content\/uploads\/2025\/01\/Grader-Driven-Rake-Gearbox-EP-DX300-2-Features1-480x388.webp 480w\" sizes=\"(min-width: 0px) and (max-width: 480px) 480px, (min-width: 481px) and (max-width: 980px) 980px, (min-width: 981px) 1024px, 100vw\" \/><\/h2>\n<h2>Tieh\u00f6yl\u00e4n k\u00e4ytt\u00e4m\u00e4n haravointivaihteiston FMP-DX300-2 mitat\u00a0<img loading=\"lazy\" decoding=\"async\" class=\"alignnone size-full wp-image-2752\" src=\"https:\/\/fmp-components.com\/wp-content\/uploads\/2025\/01\/Grader-Driven-Rake-Gearbox-EP-DX300-2-Dimensions.webp\" alt=\"Tieh\u00f6yl\u00e4k\u00e4ytt\u00f6inen-haravan-vaihteisto-EP-DX300-2-Mitat\" width=\"1137\" height=\"785\" title=\"\" srcset=\"https:\/\/fmp-components.com\/wp-content\/uploads\/2025\/01\/Grader-Driven-Rake-Gearbox-EP-DX300-2-Dimensions.webp 1137w, https:\/\/fmp-components.com\/wp-content\/uploads\/2025\/01\/Grader-Driven-Rake-Gearbox-EP-DX300-2-Dimensions-980x677.webp 980w, https:\/\/fmp-components.com\/wp-content\/uploads\/2025\/01\/Grader-Driven-Rake-Gearbox-EP-DX300-2-Dimensions-480x331.webp 480w\" sizes=\"(min-width: 0px) and (max-width: 480px) 480px, (min-width: 481px) and (max-width: 980px) 980px, (min-width: 981px) 1137px, 100vw\" \/> Tieh\u00f6yl\u00e4n ajettava karhottimen vaihdelaatikko FMP-DX300-2 k\u00e4\u00e4nn\u00f6s<\/h2>\n<h2><img loading=\"lazy\" decoding=\"async\" class=\"alignnone size-full wp-image-2753\" src=\"https:\/\/fmp-components.com\/wp-content\/uploads\/2025\/01\/32LBLUCr-Grader-Driven-Rake-Gearbox-EP-DX300-2-Turn.webp\" alt=\"32LBLUCr-Tieh\u00f6yl\u00e4n-Ajoneuvoinen-Haravan-Vaihteisto-EP-DX300-2-Kierroksen\" width=\"1303\" height=\"347\" title=\"\" srcset=\"https:\/\/fmp-components.com\/wp-content\/uploads\/2025\/01\/32LBLUCr-Grader-Driven-Rake-Gearbox-EP-DX300-2-Turn.webp 1303w, https:\/\/fmp-components.com\/wp-content\/uploads\/2025\/01\/32LBLUCr-Grader-Driven-Rake-Gearbox-EP-DX300-2-Turn-1280x341.webp 1280w, https:\/\/fmp-components.com\/wp-content\/uploads\/2025\/01\/32LBLUCr-Grader-Driven-Rake-Gearbox-EP-DX300-2-Turn-980x261.webp 980w, https:\/\/fmp-components.com\/wp-content\/uploads\/2025\/01\/32LBLUCr-Grader-Driven-Rake-Gearbox-EP-DX300-2-Turn-480x128.webp 480w\" sizes=\"(min-width: 0px) and (max-width: 480px) 480px, (min-width: 481px) and (max-width: 980px) 980px, (min-width: 981px) and (max-width: 1280px) 1280px, (min-width: 1281px) 1303px, 100vw\" \/><\/h2>\n<h2>Tieh\u00f6yl\u00e4n k\u00e4ytt\u00e4m\u00e4n haravointivaihteiston FMP-DX300-2 tekniset tiedot<\/h2>\n<table style=\"width: 101.518%; height: 166px;\" border=\"1\" cellspacing=\"0\" cellpadding=\"0\">\n<tbody>\n<tr>\n<td colspan=\"2\" rowspan=\"2\">min\u00e4<\/td>\n<td rowspan=\"2\">Sopii<\/td>\n<td>Kierroslukutulo<\/td>\n<td>Kierrosluku<\/td>\n<td>kW (nim.)<\/td>\n<td>kW (maks.)<\/td>\n<td rowspan=\"2\">Hammastus<\/td>\n<\/tr>\n<tr>\n<td>kierrosta minuutissa<\/td>\n<td>kierrosta minuutissa<\/td>\n<td>hv<\/td>\n<td>hv<\/td>\n<\/tr>\n<tr>\n<td>Hidasta<\/td>\n<td>2.47:1<\/td>\n<td rowspan=\"3\">S\u00e4hk\u00f6\u00e4es<\/td>\n<td>1000<\/td>\n<td>404<\/td>\n<td rowspan=\"3\">200<\/td>\n<td>3500<\/td>\n<td rowspan=\"3\">Gleason Helical<br \/>\nHampaat<\/td>\n<\/tr>\n<tr>\n<td>Hidasta<\/td>\n<td>2.63:1<\/td>\n<td>1000<\/td>\n<td>380<\/td>\n<td>3700<\/td>\n<\/tr>\n<tr>\n<td>Hidasta<\/td>\n<td>2.04:1<\/td>\n<td>850<\/td>\n<td>416<\/td>\n<td>3400<\/td>\n<\/tr>\n<tr>\n<td colspan=\"8\">Huomautus: Jos sinulla on erityisvaatimuksia, kerro siit\u00e4 minulle, hyv\u00e4ksymme my\u00f6s mittatilausty\u00f6n\u00e4 tehdyt tarjoukset.<\/td>\n<\/tr>\n<\/tbody>\n<\/table>\n<h2>Tieh\u00f6yl\u00e4n ajettavan haravavaihteiston FMP-DX300-2 ominaisuudet ja komponentit<\/h2>\n<p>Tieh\u00f6yl\u00e4n k\u00e4ytt\u00e4m\u00e4 karhotinvaihteisto FMP-DX300-2 on tehokas vaihteisto, joka on suunniteltu k\u00e4ytett\u00e4v\u00e4ksi maatalouskoneissa, erityisesti tieh\u00f6yliss\u00e4 ja karhottimissa. T\u00e4m\u00e4 vaihteisto on suunniteltu siirt\u00e4m\u00e4\u00e4n tehokkaasti voimaa traktorista karhottimeen, mik\u00e4 varmistaa optimaalisen suorituskyvyn raskaissa sovelluksissa, kuten hein\u00e4nteossa, maan tasoituksessa ja muissa maatalousteht\u00e4viss\u00e4.<\/p>\n<h3>FMP-DX300-2:n t\u00e4rkeimm\u00e4t ominaisuudet:<\/h3>\n<ol>\n<li><strong>Korkean v\u00e4\u00e4nt\u00f6momentin k\u00e4sittely<\/strong>FMP-DX300-2 on rakennettu kest\u00e4m\u00e4\u00e4n suuria v\u00e4\u00e4nt\u00f6momentteja, mik\u00e4 varmistaa luotettavan toiminnan my\u00f6s maatalousymp\u00e4rist\u00f6ille tyypillisiss\u00e4 raskaissa olosuhteissa.<\/li>\n<li><strong>Kest\u00e4vyys ja luotettavuus<\/strong>Vaihteisto on valmistettu eritt\u00e4in lujista materiaaleista ja suunniteltu kest\u00e4m\u00e4\u00e4n suorituskyky\u00e4. Se on kulutusta kest\u00e4v\u00e4, joten se sopii erinomaisesti jatkuvaan k\u00e4ytt\u00f6\u00f6n vaativissa maatalousymp\u00e4rist\u00f6iss\u00e4.<\/li>\n<li><strong>Optimoitu voimansiirto<\/strong>Vaihteisto varmistaa tehokkaan voimansiirron traktorin voimanotosta karhottimeen, mik\u00e4 parantaa koneen kokonaistehokkuutta ja v\u00e4hent\u00e4\u00e4 energiah\u00e4vi\u00f6it\u00e4 k\u00e4yt\u00f6n aikana.<\/li>\n<li><strong>Mukautettavat v\u00e4lityssuhteet<\/strong>Useilla vaihdev\u00e4lityksill\u00e4 saatavilla oleva FMP-DX300-2 voidaan r\u00e4\u00e4t\u00e4l\u00f6id\u00e4 sopimaan erilaisiin maataloussovelluksiin, mik\u00e4 varmistaa optimaalisen suorituskyvyn erityyppisille koneille ja k\u00e4ytt\u00f6tarpeille.<\/li>\n<li><strong>Kompakti ja kevyt muotoilu<\/strong>Vankasta rakenteestaan \u200b\u200bhuolimatta FMP-DX300-2 on suunniteltu kompaktiksi ja kevyeksi, mik\u00e4 mahdollistaa helpon asennuksen ja integroinnin erilaisiin maatalouskoneisiin tinkim\u00e4tt\u00e4 lujuudesta.<\/li>\n<\/ol>\n<h3>FMP-DX300-2:n t\u00e4rkeimm\u00e4t komponentit:<\/h3>\n<ol>\n<li><strong>Tuloakseli<\/strong>Tuloakseli vastaa py\u00f6rimisvoiman siirt\u00e4misest\u00e4 traktorin voimanottoakselilta vaihteistolle. Se on suunniteltu k\u00e4sittelem\u00e4\u00e4n suurta tulov\u00e4\u00e4nt\u00f6momenttia ja varmistamaan tasaisen voimansiirron.<\/li>\n<li><strong>Vaihdesarja<\/strong>Vaihteiston syd\u00e4n, hammaspy\u00f6r\u00e4st\u00f6, vastaa py\u00f6rimisnopeuden ja v\u00e4\u00e4nt\u00f6momentin s\u00e4\u00e4t\u00e4misest\u00e4. Tarkkuusvalmisteiset hammaspy\u00f6r\u00e4t varmistavat sujuvan kytkenn\u00e4n ja tehokkaan voimansiirron.<\/li>\n<li><strong>L\u00e4ht\u00f6akseli<\/strong>L\u00e4ht\u00f6akseli yhdist\u00e4\u00e4 vaihteiston haravaj\u00e4rjestelm\u00e4\u00e4n ja v\u00e4litt\u00e4\u00e4 laitteen k\u00e4ytt\u00e4miseen tarvittavan mekaanisen energian.<\/li>\n<li><strong>Laakerit<\/strong>Laadukkaat laakerit tukevat py\u00f6rivi\u00e4 komponentteja, v\u00e4hent\u00e4v\u00e4t kitkaa ja varmistavat sujuvan toiminnan. Laakerit on suunniteltu kest\u00e4m\u00e4\u00e4n raskaita kuormia ja suuria nopeuksia, mik\u00e4 varmistaa kest\u00e4vyyden ja luotettavuuden.<\/li>\n<li><strong>Asuminen<\/strong>Vaihteiston kotelo on valmistettu kest\u00e4vist\u00e4, korroosionkest\u00e4vist\u00e4 materiaaleista, jotka suojaavat sis\u00e4isi\u00e4 komponentteja. Se varmistaa rakenteellisen eheyden ja suojaa vaihteistoa ulkoisilta ymp\u00e4rist\u00f6tekij\u00f6ilt\u00e4, \u200b\u200bkuten p\u00f6lylt\u00e4, kosteudelta ja roskilta.<\/li>\n<\/ol>\n<p>The <strong>FMP-DX300-2 tieh\u00f6yl\u00e4n ajettava karhottimen vaihdelaatikko<\/strong> on eritt\u00e4in kest\u00e4v\u00e4, tehokas ja luotettava vaihteisto, joka on suunniteltu vaativiin maataloussovelluksiin. Suuren v\u00e4\u00e4nt\u00f6momentin, mukautettavien v\u00e4lityssuhteiden ja v\u00e4h\u00e4isten huoltotarpeiden ansiosta se tarjoaa optimaalisen voimansiirron ja varmistaa samalla pitk\u00e4aikaisen suorituskyvyn. Vaihteiston tarkka suunnittelu ja kest\u00e4v\u00e4t komponentit tekev\u00e4t siit\u00e4 ihanteellisen valinnan raskaisiin maatalouskoneisiin, sill\u00e4 se parantaa tuottavuutta ja minimoi seisokkiajat.<\/p>\n<h2><img loading=\"lazy\" decoding=\"async\" class=\"alignnone size-full wp-image-2754\" src=\"https:\/\/fmp-components.com\/wp-content\/uploads\/2025\/01\/ZIe4i3OO-Power-Driven-Harrow-Gearbox-EP-DX300-2-Lubrication-and-Maintenance-11.webp\" alt=\"ZIe4i3OO-Moottorik\u00e4ytt\u00f6inen \u00e4keen vaihdelaatikko-EP-DX300-2-Voitelu-ja-huolto-1(1)\" width=\"950\" height=\"715\" title=\"\" srcset=\"https:\/\/fmp-components.com\/wp-content\/uploads\/2025\/01\/ZIe4i3OO-Power-Driven-Harrow-Gearbox-EP-DX300-2-Lubrication-and-Maintenance-11.webp 950w, https:\/\/fmp-components.com\/wp-content\/uploads\/2025\/01\/ZIe4i3OO-Power-Driven-Harrow-Gearbox-EP-DX300-2-Lubrication-and-Maintenance-11-480x361.webp 480w\" sizes=\"(min-width: 0px) and (max-width: 480px) 480px, (min-width: 481px) 950px, 100vw\" \/><\/h2>\n<div class=\"flex-shrink-0 flex flex-col relative items-end\">\n<div>\n<div class=\"pt-0\">\n<div class=\"gizmo-bot-avatar flex h-8 w-8 items-center justify-center overflow-hidden rounded-full\">\n<div class=\"relative p-1 rounded-sm flex items-center justify-center bg-token-main-surface-primary text-token-text-primary h-8 w-8\">\n<h3>Moottorik\u00e4ytt\u00f6isen \u00e4esvaihteiston FMP-DX300-2 sovellukset:<\/h3>\n<\/div>\n<\/div>\n<\/div>\n<\/div>\n<\/div>\n<div class=\"group\/conversation-turn relative flex w-full min-w-0 flex-col agent-turn\">\n<div class=\"flex-col gap-1 md:gap-3\">\n<div class=\"flex max-w-full flex-col flex-grow\">\n<div class=\"min-h-8 text-message flex w-full flex-col items-end gap-2 whitespace-normal break-words text-start [.text-message+&amp;]:mt-5\" dir=\"auto\" data-message-author-role=\"assistant\" data-message-id=\"99c21c94-b9e3-4719-b75e-da3f57305c74\" data-message-model-slug=\"gpt-4o\">\n<div class=\"flex w-full flex-col gap-1 empty:hidden first:pt-[3px]\">\n<div class=\"markdown prose w-full break-words dark:prose-invert light\">\n<p>Moottorik\u00e4ytt\u00f6inen \u00e4keen vaihteisto FMP-DX300-2 on suunniteltu maatalouskoneisiin, erityisesti \u00e4est\u00f6- ja maanmuokkausteht\u00e4viin. Se tarjoaa luotettavan voimansiirron traktorin voimanottoakselilta \u00e4keelle varmistaen optimaalisen suorituskyvyn intensiivisess\u00e4 maatalousty\u00f6ss\u00e4. Alla on lueteltu FMP-DX300-2-vaihteiston t\u00e4rkeimm\u00e4t k\u00e4ytt\u00f6kohteet:<\/p>\n<ol>\n<li><strong>Maanmuokkaus ja maanmuokkaus<\/strong>:\n<ul>\n<li><strong>Ensisijainen ja toissijainen maanmuokkaus<\/strong>FMP-DX300-2:ta k\u00e4ytet\u00e4\u00e4n sek\u00e4 perus- ett\u00e4 jatkomuokkauksessa, ja se auttaa rikkomaan ja ilmastamaan maaper\u00e4\u00e4 optimaalisten kylv\u00f6olosuhteiden saavuttamiseksi. Sen kyky k\u00e4sitell\u00e4 suurta v\u00e4\u00e4nt\u00f6momenttia tekee siit\u00e4 tehokkaan sek\u00e4 matalassa ett\u00e4 syv\u00e4ss\u00e4 muokkauksessa.<\/li>\n<li><strong>Kylv\u00f6alustan valmistelu<\/strong>Vaihteisto k\u00e4ytt\u00e4\u00e4 \u00e4keit\u00e4, jotka ovat v\u00e4ltt\u00e4m\u00e4tt\u00f6mi\u00e4 hienojakoisen ja tasaisen kylv\u00f6alustan luomiseksi. T\u00e4m\u00e4 on kriittist\u00e4 esimerkiksi viljoille, vihanneksille ja muille kasveille, jotka vaativat tasaiset maaper\u00e4olosuhteet it\u00e4mist\u00e4 varten.<\/li>\n<\/ul>\n<\/li>\n<li><strong>Rikkakasvien torjunta \u00e4keill\u00e4<\/strong>:\n<ul>\n<li><strong>Rikkakasvien torjunta<\/strong>Vaihteisto antaa \u00e4keelle voiman muokata maata matalalla syvyydell\u00e4, kitke\u00e4 rikkaruohot juurineen ja valmistella maaper\u00e4\u00e4 parempaan sadon kasvuun. Se auttaa hajottamaan rikkaruohot ja minimoimaan vahingot halutuille sadoille.<\/li>\n<li><strong>Pintakierr\u00e4tys<\/strong>Ajamalla \u00e4keen oikealla nopeudella ja syvyydell\u00e4 vaihteisto varmistaa, ett\u00e4 pinnalla olevat rikkaruohot h\u00e4irit\u00e4\u00e4n, mik\u00e4 v\u00e4hent\u00e4\u00e4 kilpailua ravinteista ja kosteudesta.<\/li>\n<\/ul>\n<\/li>\n<li><strong>Sadonkorjuun j\u00e4lkeinen pellonhoito<\/strong>:\n<ul>\n<li><strong>Peltoj\u00e4tteiden hallinta<\/strong>Sadonkorjuun j\u00e4lkeen vaihteistok\u00e4ytt\u00f6inen \u00e4es auttaa hajottamaan kasvij\u00e4tteet ja levitt\u00e4m\u00e4\u00e4n ne tasaisesti pellolle. T\u00e4m\u00e4 prosessi on t\u00e4rke\u00e4 maaper\u00e4n hedelm\u00e4llisyyden ja lis\u00e4kemikaalik\u00e4sittelyjen tarpeen minimoimisen kannalta.<\/li>\n<li><strong>S\u00e4ngen multaaminen<\/strong>\u00c4keell\u00e4 voidaan my\u00f6s muokata s\u00e4nki, mik\u00e4 parantaa maaper\u00e4n rakennetta ja v\u00e4hent\u00e4\u00e4 eroosioriski\u00e4 peitt\u00e4m\u00e4ll\u00e4 kasvinj\u00e4\u00e4nteet mullalla.<\/li>\n<\/ul>\n<\/li>\n<li><strong>Tasoitus ja siloittaminen<\/strong>:\n<ul>\n<li><strong>Maaper\u00e4n tasoitus<\/strong>FMP-DX300-2-vaihteistoa k\u00e4ytet\u00e4\u00e4n usein maan tasoitusta suorittavien \u00e4keiden kanssa. \u00c4keen piikkej\u00e4 tai kiekkoja ohjaamalla vaihteisto varmistaa, ett\u00e4 maaper\u00e4 levi\u00e4\u00e4 tasaisesti, mik\u00e4 on t\u00e4rke\u00e4\u00e4 vedenpid\u00e4tyksen ja tehokkaan kastelun kannalta.<\/li>\n<li><strong>Pinnan tasoitus<\/strong>Vaihteisto mahdollistaa \u00e4keen tasaisen toiminnan, mik\u00e4 auttaa tasoittamaan maan pintaa tasaisten kylv\u00f6olosuhteiden saavuttamiseksi ja v\u00e4hent\u00e4\u00e4 ep\u00e4tasaisen kasvun riski\u00e4.<\/li>\n<\/ul>\n<\/li>\n<li><strong>Maan kunnostus<\/strong>:\n<ul>\n<li><strong>Heikentyneen maaper\u00e4n ennallistaminen<\/strong>Vaihteisto auttaa maanparannust\u00f6iss\u00e4 k\u00e4ytett\u00e4vi\u00e4 jyrsimi\u00e4, joissa tiivistynytt\u00e4, huonontunutta tai kovaa maaper\u00e4\u00e4 irrotetaan ja ilmastetaan uudelleenistutusta tai ennallistamista varten. T\u00e4m\u00e4 on yleist\u00e4 alueilla, joita on viljelty liikaa tai jotka ovat altistuneet eroosiolle.<\/li>\n<li><strong>Maaper\u00e4n ilmastuksen parantaminen<\/strong>Tarjoamalla tarvittavan tehon \u00e4estyslaitteille vaihteisto auttaa maaper\u00e4n ilmastamisessa, mik\u00e4 on ratkaisevan t\u00e4rke\u00e4\u00e4 veden imeytymisen, juurien kasvun ja maaper\u00e4n terveyden parantamiseksi.<\/li>\n<\/ul>\n<\/li>\n<\/ol>\n<p>FMP-DX300-2 -s\u00e4hk\u00f6k\u00e4ytt\u00f6inen \u00e4keen vaihteisto sopii erinomaisesti monenlaisiin maatalousteht\u00e4viin. Sen suuri v\u00e4\u00e4nt\u00f6momenttikapasiteetti ja luotettavuus tekev\u00e4t siit\u00e4 sopivan maanmuokkaukseen, rikkaruohojen torjuntaan, sadonkorjuun j\u00e4lkeiseen peltojen kunnossapitoon, tasoitukseen ja jopa maan kunnostust\u00f6ihin. K\u00e4ytettiinp\u00e4 sit\u00e4 sitten maanmuokkaukseen, kasvij\u00e4tteiden k\u00e4sittelyyn tai laidunten kunnostukseen, t\u00e4ll\u00e4 vaihteistolla on ratkaiseva rooli maaper\u00e4n terveyden parantamisessa, parempien satojen varmistamisessa ja maatilan kokonaistuottavuuden lis\u00e4\u00e4misess\u00e4. Sen monipuolisuus tekee siit\u00e4 arvokkaan osan nykyaikaisissa maatalouskoneissa sek\u00e4 laajamittaisessa kaupallisessa maataloudessa ett\u00e4 pienemmiss\u00e4 toiminnoissa.<\/p>\n<\/div>\n<\/div>\n<\/div>\n<\/div>\n<\/div>\n<\/div>\n<h2><img loading=\"lazy\" decoding=\"async\" class=\"alignnone size-full wp-image-2755\" src=\"https:\/\/fmp-components.com\/wp-content\/uploads\/2025\/01\/Power-Driven-Harrow-Gearbox-EP-DX300-2-Lubrication-and-Maintenance-21.webp\" alt=\"Moottorik\u00e4ytt\u00f6inen \u00e4keen vaihdelaatikko EP-DX300-2-Voitelu-ja-huolto-2(1)\" width=\"950\" height=\"715\" title=\"\" srcset=\"https:\/\/fmp-components.com\/wp-content\/uploads\/2025\/01\/Power-Driven-Harrow-Gearbox-EP-DX300-2-Lubrication-and-Maintenance-21.webp 950w, https:\/\/fmp-components.com\/wp-content\/uploads\/2025\/01\/Power-Driven-Harrow-Gearbox-EP-DX300-2-Lubrication-and-Maintenance-21-480x361.webp 480w\" sizes=\"(min-width: 0px) and (max-width: 480px) 480px, (min-width: 481px) 950px, 100vw\" \/><\/h2>\n<h2>Tietoja FMP:st\u00e4<\/h2>\n<p>Italiassa sijaitseva FMP on johtava valmistaja, joka tunnetaan asiantuntemuksestaan \u200b\u200bkorkean suorituskyvyn vaihteistojen suunnittelussa, kehitt\u00e4misess\u00e4 ja valmistuksessa, keskittyen erityisesti maatalouskonesektoriin. Tarkkuudestaan, innovatiivisista ratkaisuistaan \u200b\u200bja poikkeuksellisesta luotettavuudestaan \u200b\u200btunnettu FMP on ansainnut maineen luotettavana kumppanina sek\u00e4 maatalous- ett\u00e4 teollisuusaloille. Laaja tuotevalikoimamme sis\u00e4lt\u00e4\u00e4 r\u00e4\u00e4t\u00e4l\u00f6ityj\u00e4 vaihteistoja ruohonleikkureille, nivelakseleille ja monille muille t\u00e4rkeille komponenteille, jotka kaikki on suunniteltu vastaamaan monenlaisten sovellusten monipuolisiin vaatimuksiin.<\/p>\n<p>FMP:ll\u00e4 ymm\u00e4rr\u00e4mme, ett\u00e4 jokaisella asiakkaalla on ainutlaatuisia haasteita ja vaatimuksia. Siksi olemme erikoistuneet r\u00e4\u00e4t\u00e4l\u00f6ityjen ratkaisujen tarjoamiseen, olipa kyse sitten yksitt\u00e4isist\u00e4 komponenteista tai t\u00e4ysin integroiduista j\u00e4rjestelmist\u00e4. Tekem\u00e4ll\u00e4 tiivist\u00e4 yhteisty\u00f6t\u00e4 asiakkaidemme kanssa varmistamme, ett\u00e4 jokainen ratkaisu ei ainoastaan \u200b\u200bvastaa heid\u00e4n erityistarpeisiinsa, vaan my\u00f6s maksimoi suorituskyvyn ja arvon. Sitoutumisemme nopeiden ja ammattimaisten vastausten toimittamiseen yhdistettyn\u00e4 asiantuntevaan ohjaukseen varmistaa, ett\u00e4 jokainen tiedustelu k\u00e4sitell\u00e4\u00e4n huolellisesti ja tarkasti, mik\u00e4 johtaa parhaisiin mahdollisiin tuloksiin.<\/p>\n<p>L\u00e4pin\u00e4kyv\u00e4 ja jatkuva viestint\u00e4 on l\u00e4hestymistapamme ydin. Omistautunut tiimimme ty\u00f6skentelee suoraan asiakkaiden kanssa koko tuotekehitysprosessin ajan ymm\u00e4rt\u00e4\u00e4kseen heid\u00e4n vaatimuksiaan syv\u00e4llisesti. Tarjoamme arvokkaita n\u00e4kemyksi\u00e4 ja suosituksia optimaalisten tulosten varmistamiseksi. Olipa kyse sitten huippuluokan tuotteiden suunnittelusta tai jatkuvien tilausten t\u00e4ytt\u00e4misest\u00e4, FMP on sitoutunut toimittamaan korkealaatuisia ja tarkasti suunniteltuja ratkaisuja ajallaan, joka kerta. Missiomme on ylitt\u00e4\u00e4 asiakkaiden odotukset tarjoamalla poikkeuksellista palvelua ja tuloksia jokaisessa projektissa.<\/p>\n<p>Laatu on kaiken toimintamme perusta. Noudatamme korkeimpia valmistusstandardeja ja toteutamme tiukkoja laadunvalvontatoimenpiteit\u00e4 varmistaaksemme, ett\u00e4 jokainen tuote ei ainoastaan \u200b\u200bvastaa alan standardeja, vaan ylitt\u00e4\u00e4 ne. T\u00e4m\u00e4 sitoutuminen huippuosaamiseen sek\u00e4 ydinarvomme, kuten rehellisyys, tiimity\u00f6 ja sinnikkyys, ovat mahdollistaneet pitk\u00e4aikaisten ja luottamukseen perustuvien asiakassuhteiden rakentamisen l\u00e4hes 30 maassa maailmanlaajuisesti.<\/p>\n<p>FMP on aina halukas edist\u00e4m\u00e4\u00e4n globaaleja kumppanuuksia ja on omistautunut tarjoamaan asiantuntevaa neuvontaa ja r\u00e4\u00e4t\u00e4l\u00f6ityj\u00e4 ratkaisuja, jotka vastaavat asiakkaidemme kehittyviin tarpeisiin. Emme tyydy pelk\u00e4st\u00e4\u00e4n tuotteiden toimittamiseen; pyrimme luomaan kest\u00e4vi\u00e4 suhteita, jotka edist\u00e4v\u00e4t jokaisen projektin onnistumista. Tarvitsetpa sitten innovatiivisia ratkaisuja uuteen aloitteeseen tai jatkuvaa tukea olemassa olevalle j\u00e4rjestelm\u00e4lle, FMP on valmis vastaamaan teknisiin haasteisiisi ja varmistamaan jatkuvan menestyksesi.<\/p>\n<p><img loading=\"lazy\" decoding=\"async\" class=\"alignnone wp-image-2695\" src=\"https:\/\/fmp-components.com\/wp-content\/uploads\/2025\/01\/agricultural-gearbox3.webp\" alt=\"maatalousvaihteisto\" width=\"953\" height=\"951\" title=\"\" srcset=\"https:\/\/fmp-components.com\/wp-content\/uploads\/2025\/01\/agricultural-gearbox3.webp 953w, https:\/\/fmp-components.com\/wp-content\/uploads\/2025\/01\/agricultural-gearbox3-480x479.webp 480w\" sizes=\"(min-width: 0px) and (max-width: 480px) 480px, (min-width: 481px) 953px, 100vw\" \/><\/p>\n<p>Tekij\u00e4: CX<\/p>","protected":false},"excerpt":{"rendered":"<p>Tieh\u00f6yl\u00e4n k\u00e4ytt\u00e4m\u00e4 haravavaihteisto FMP-DX300-2 Mitat Tieh\u00f6yl\u00e4n k\u00e4ytt\u00e4m\u00e4 haravavaihteisto FMP-DX300-2 K\u00e4\u00e4nt\u00f6tiel\u00e4n k\u00e4ytt\u00e4m\u00e4 haravavaihteisto FMP-DX300-2 Tekniset tiedot i Sopiva kierroslukutulo Kierrosluku l\u00e4ht\u00f6 KW (nim.) KW (maks.) Hammastus r\/min r\/min hv hv Hidastus 2.47:1 S\u00e4hk\u00f6\u00e4es 1000 404 200 3500 Gleason-kierrehampaat Hidastus 2.63:1 1000 380 3700 Hidastus 2.04:1 850 416 3400 Huomautus: Jos [\u2026]<\/p>","protected":false},"featured_media":2757,"comment_status":"open","ping_status":"closed","template":"","meta":{"_et_pb_use_builder":"","_et_pb_old_content":"","_et_gb_content_width":""},"product_brand":[],"product_cat":[66],"product_tag":[],"class_list":{"0":"post-2751","1":"product","2":"type-product","3":"status-publish","4":"has-post-thumbnail","6":"product_cat-grader-driven-rake-gearbox","8":"first","9":"instock","10":"shipping-taxable","11":"product-type-simple"},"_links":{"self":[{"href":"https:\/\/fmp-components.com\/fi\/wp-json\/wp\/v2\/product\/2751","targetHints":{"allow":["GET"]}}],"collection":[{"href":"https:\/\/fmp-components.com\/fi\/wp-json\/wp\/v2\/product"}],"about":[{"href":"https:\/\/fmp-components.com\/fi\/wp-json\/wp\/v2\/types\/product"}],"replies":[{"embeddable":true,"href":"https:\/\/fmp-components.com\/fi\/wp-json\/wp\/v2\/comments?post=2751"}],"wp:featuredmedia":[{"embeddable":true,"href":"https:\/\/fmp-components.com\/fi\/wp-json\/wp\/v2\/media\/2757"}],"wp:attachment":[{"href":"https:\/\/fmp-components.com\/fi\/wp-json\/wp\/v2\/media?parent=2751"}],"wp:term":[{"taxonomy":"product_brand","embeddable":true,"href":"https:\/\/fmp-components.com\/fi\/wp-json\/wp\/v2\/product_brand?post=2751"},{"taxonomy":"product_cat","embeddable":true,"href":"https:\/\/fmp-components.com\/fi\/wp-json\/wp\/v2\/product_cat?post=2751"},{"taxonomy":"product_tag","embeddable":true,"href":"https:\/\/fmp-components.com\/fi\/wp-json\/wp\/v2\/product_tag?post=2751"}],"curies":[{"name":"wp","href":"https:\/\/api.w.org\/{rel}","templated":true}]}}