{"id":2735,"date":"2025-01-04T03:19:05","date_gmt":"2025-01-04T03:19:05","guid":{"rendered":"https:\/\/fmp-components.com\/?page_id=8"},"modified":"2025-01-04T03:19:05","modified_gmt":"2025-01-04T03:19:05","slug":"grader-driven-rake-gearbox-fmp112-for-variable-speed-rotary-tillers-and-beaters","status":"publish","type":"product","link":"https:\/\/fmp-components.com\/fi\/product\/grader-driven-rake-gearbox-fmp112-for-variable-speed-rotary-tillers-and-beaters\/","title":{"rendered":"Tieh\u00f6yl\u00e4n k\u00e4ytt\u00e4m\u00e4 haravointivaihteisto FMP112 muuttuvanopeuksisille jyrsin- ja purkukoneille"},"content":{"rendered":"<h2>Tieh\u00f6yl\u00e4n k\u00e4ytt\u00e4m\u00e4n haravointivaihteiston FMP112 mitat\u00a0<img loading=\"lazy\" decoding=\"async\" class=\"alignnone size-full wp-image-2743\" src=\"https:\/\/fmp-components.com\/wp-content\/uploads\/2025\/01\/Grader-Driven-Rake-Gearbox-EP112-Dimensions.webp\" alt=\"Tieh\u00f6yl\u00e4k\u00e4ytt\u00f6inen haravavaihteisto EP112:n mitat\" width=\"1173\" height=\"872\" title=\"\" srcset=\"https:\/\/fmp-components.com\/wp-content\/uploads\/2025\/01\/Grader-Driven-Rake-Gearbox-EP112-Dimensions.webp 1173w, https:\/\/fmp-components.com\/wp-content\/uploads\/2025\/01\/Grader-Driven-Rake-Gearbox-EP112-Dimensions-980x729.webp 980w, https:\/\/fmp-components.com\/wp-content\/uploads\/2025\/01\/Grader-Driven-Rake-Gearbox-EP112-Dimensions-480x357.webp 480w\" sizes=\"(min-width: 0px) and (max-width: 480px) 480px, (min-width: 481px) and (max-width: 980px) 980px, (min-width: 981px) 1173px, 100vw\" \/><\/h2>\n<h2>Tieh\u00f6yl\u00e4n k\u00e4ytt\u00e4m\u00e4n haravointivaihteiston FMP112 tekniset tiedot<\/h2>\n<table style=\"width: 99.845%;\" border=\"1\" cellspacing=\"0\" cellpadding=\"0\">\n<tbody>\n<tr>\n<td style=\"width: 17.2144%;\" colspan=\"2\" rowspan=\"2\">min\u00e4<\/td>\n<td style=\"width: 25.8216%;\" rowspan=\"2\">Sopii<\/td>\n<td style=\"width: 10.1721%;\">Kierroslukutulo<\/td>\n<td style=\"width: 11.5806%;\">Kierrosluku<\/td>\n<td style=\"width: 9.85915%;\">kW (nim.)<\/td>\n<td style=\"width: 9.38967%;\">kW (maks.)<\/td>\n<td style=\"width: 60.4771%;\" rowspan=\"2\">Hammastus<\/td>\n<\/tr>\n<tr>\n<td style=\"width: 10.1721%;\">kierrosta minuutissa<\/td>\n<td style=\"width: 11.5806%;\">kierrosta minuutissa<\/td>\n<td style=\"width: 9.85915%;\">hv<\/td>\n<td style=\"width: 9.38967%;\">hv<\/td>\n<\/tr>\n<tr>\n<td style=\"width: 10.7981%;\">Hidasta<\/td>\n<td style=\"width: 6.41628%;\">1.62:1<\/td>\n<td style=\"width: 25.8216%;\" rowspan=\"4\">Py\u00f6riv\u00e4t jyrsimet, vatkaimet jne.<\/td>\n<td style=\"width: 10.1721%;\">540<\/td>\n<td style=\"width: 11.5806%;\">333<\/td>\n<td style=\"width: 9.85915%;\">76<\/td>\n<td style=\"width: 9.38967%;\">116<\/td>\n<td style=\"width: 60.4771%;\" rowspan=\"4\">Gleason Helical<br \/>\nHampaat<\/td>\n<\/tr>\n<tr>\n<td style=\"width: 10.7981%;\">Hidasta<\/td>\n<td style=\"width: 6.41628%;\">1.82:1<\/td>\n<td style=\"width: 10.1721%;\">540<\/td>\n<td style=\"width: 11.5806%;\">296<\/td>\n<td style=\"width: 9.85915%;\">70<\/td>\n<td style=\"width: 9.38967%;\">120<\/td>\n<\/tr>\n<tr>\n<td style=\"width: 10.7981%;\">Hidasta<\/td>\n<td style=\"width: 6.41628%;\">2.03:1<\/td>\n<td style=\"width: 10.1721%;\">540<\/td>\n<td style=\"width: 11.5806%;\">266<\/td>\n<td style=\"width: 9.85915%;\">68<\/td>\n<td style=\"width: 9.38967%;\">114<\/td>\n<\/tr>\n<tr>\n<td style=\"width: 10.7981%;\">Hidasta<\/td>\n<td style=\"width: 6.41628%;\">2.28:1<\/td>\n<td style=\"width: 10.1721%;\">540<\/td>\n<td style=\"width: 11.5806%;\">236<\/td>\n<td style=\"width: 9.85915%;\">62<\/td>\n<td style=\"width: 9.38967%;\">105<\/td>\n<\/tr>\n<tr>\n<td style=\"width: 144.515%;\" colspan=\"8\">Huomautus: Jos sinulla on erityisvaatimuksia, kerro siit\u00e4 minulle, hyv\u00e4ksymme my\u00f6s mittatilausty\u00f6n\u00e4 tehdyt tarjoukset.<\/td>\n<\/tr>\n<\/tbody>\n<\/table>\n<h2>Tieh\u00f6yl\u00e4n k\u00e4ytt\u00e4m\u00e4n haravointivaihteiston FMP112 akselin mitat<\/h2>\n<p><img loading=\"lazy\" decoding=\"async\" class=\"alignnone size-full wp-image-2741\" src=\"https:\/\/fmp-components.com\/wp-content\/uploads\/2025\/01\/Grader-Driven-Rake-Gearbox-EP112-Shaft-Dimensions.webp\" alt=\"Tieh\u00f6yl\u00e4n k\u00e4ytt\u00e4m\u00e4n haravavaihteiston EP112-akselin mitat\" width=\"1077\" height=\"362\" title=\"\" srcset=\"https:\/\/fmp-components.com\/wp-content\/uploads\/2025\/01\/Grader-Driven-Rake-Gearbox-EP112-Shaft-Dimensions.webp 1077w, https:\/\/fmp-components.com\/wp-content\/uploads\/2025\/01\/Grader-Driven-Rake-Gearbox-EP112-Shaft-Dimensions-980x329.webp 980w, https:\/\/fmp-components.com\/wp-content\/uploads\/2025\/01\/Grader-Driven-Rake-Gearbox-EP112-Shaft-Dimensions-480x161.webp 480w\" sizes=\"(min-width: 0px) and (max-width: 480px) 480px, (min-width: 481px) and (max-width: 980px) 980px, (min-width: 981px) 1077px, 100vw\" \/><\/p>\n<h2>Tieh\u00f6yl\u00e4n ajettava haravavaihteisto FMP112 jatkoputki<\/h2>\n<p><img loading=\"lazy\" decoding=\"async\" class=\"alignnone size-full wp-image-2742\" src=\"https:\/\/fmp-components.com\/wp-content\/uploads\/2025\/01\/Grader-Driven-Rake-Gearbox-EP112-Extension-Pipe.webp\" alt=\"Tieh\u00f6yl\u00e4k\u00e4ytt\u00f6inen haravavaihteisto EP112-jatkoputki\" width=\"1143\" height=\"615\" title=\"\" srcset=\"https:\/\/fmp-components.com\/wp-content\/uploads\/2025\/01\/Grader-Driven-Rake-Gearbox-EP112-Extension-Pipe.webp 1143w, https:\/\/fmp-components.com\/wp-content\/uploads\/2025\/01\/Grader-Driven-Rake-Gearbox-EP112-Extension-Pipe-980x527.webp 980w, https:\/\/fmp-components.com\/wp-content\/uploads\/2025\/01\/Grader-Driven-Rake-Gearbox-EP112-Extension-Pipe-480x258.webp 480w\" sizes=\"(min-width: 0px) and (max-width: 480px) 480px, (min-width: 481px) and (max-width: 980px) 980px, (min-width: 981px) 1143px, 100vw\" \/><\/p>\n<h2>Tieh\u00f6yl\u00e4n ajettavan haravointivaihteiston FMP112 komponentit<\/h2>\n<p>Tieh\u00f6yl\u00e4n k\u00e4ytt\u00e4m\u00e4 karhottimen vaihteisto FMP112 koostuu tyypillisesti seuraavista keskeisist\u00e4 komponenteista, jotka on suunniteltu tarjoamaan tehokasta voimansiirtoa ja luotettavaa toimintaa maatalous- ja teollisuussovelluksissa:<\/p>\n<ol>\n<li><strong>Asuminen<\/strong>Vaihteiston ulkokotelo, joka on yleens\u00e4 valmistettu lujasta valuraudasta tai ter\u00e4ksest\u00e4, tarjoaa rakenteellista tukea ja sis\u00e4lt\u00e4\u00e4 sis\u00e4iset komponentit. Se on suunniteltu kest\u00e4m\u00e4\u00e4n raskaita kuormia ja suojaamaan sis\u00e4isi\u00e4 hammaspy\u00f6ri\u00e4 ulkoisilta tekij\u00f6ilt\u00e4.<\/li>\n<li><strong>Tuloakseli<\/strong>T\u00e4m\u00e4 akseli kytket\u00e4\u00e4n voimanl\u00e4hteeseen (esim. traktoriin tai muuhun laitteeseen) ja siirt\u00e4\u00e4 py\u00f6rimisenergian vaihteistoon. Sit\u00e4 k\u00e4ytt\u00e4\u00e4 tyypillisesti voimanottoakseli tai muu k\u00e4ytt\u00f6mekanismi.<\/li>\n<li><strong>L\u00e4ht\u00f6akseli<\/strong>Toisioakseli siirt\u00e4\u00e4 voiman vaihteistosta haravalle tai muulle k\u00e4ytett\u00e4v\u00e4lle koneelle. Se on suunniteltu k\u00e4sittelem\u00e4\u00e4n sovelluksen v\u00e4\u00e4nt\u00f6momentti- ja nopeusvaatimuksia.<\/li>\n<li><strong>Vaihteet<\/strong>N\u00e4m\u00e4 ovat vaihteiston syd\u00e4n, joka vastaa liikkeen v\u00e4litt\u00e4misest\u00e4 sek\u00e4 py\u00f6rimisnopeuden ja v\u00e4\u00e4nt\u00f6momentin s\u00e4\u00e4t\u00e4misest\u00e4. Rakenteesta riippuen vaihteistossa voi olla kartiopy\u00f6r\u00e4t, kierrepy\u00f6r\u00e4t tai matopy\u00f6r\u00e4t haluttujen l\u00e4ht\u00f6ominaisuuksien saavuttamiseksi.<\/li>\n<li><strong>Laakerit<\/strong>Laakerit tukevat vaihteiston py\u00f6rivi\u00e4 osia, mukaan lukien tulo-, l\u00e4ht\u00f6- ja v\u00e4liakselit. Ne v\u00e4hent\u00e4v\u00e4t kitkaa ja varmistavat tasaisen py\u00f6rimisen samalla kun ne ottavat vastaan \u200b\u200baksiaali- ja s\u00e4teitt\u00e4iskuormia.<\/li>\n<li><strong>Tiivisteet ja tiivisteet<\/strong>Tiivisteit\u00e4 ja tiivisteit\u00e4 k\u00e4ytet\u00e4\u00e4n est\u00e4m\u00e4\u00e4n voiteluaineiden ja ep\u00e4puhtauksien vuotaminen vaihteistoon tai siit\u00e4 ulos. Ne ovat ratkaisevan t\u00e4rkeit\u00e4 asianmukaisen voitelun yll\u00e4pit\u00e4miseksi ja sis\u00e4isten komponenttien pitk\u00e4ik\u00e4isyyden varmistamiseksi.<\/li>\n<li><strong>Voiteluj\u00e4rjestelm\u00e4<\/strong>Vaihteistossa on voiteluj\u00e4rjestelm\u00e4, joka tyypillisesti k\u00e4ytt\u00e4\u00e4 \u00f6ljy\u00e4 tai rasvaa, v\u00e4hent\u00e4m\u00e4\u00e4n liikkuvien osien v\u00e4list\u00e4 kitkaa ja haihduttamaan k\u00e4yt\u00f6n aikana syntyv\u00e4\u00e4 l\u00e4mp\u00f6\u00e4. T\u00e4m\u00e4 auttaa varmistamaan tehokkaan suorituskyvyn ja pident\u00e4\u00e4 vaihdelaatikon k\u00e4ytt\u00f6ik\u00e4\u00e4.<\/li>\n<li><strong>Vaihdemekanismi (jos sovellettavissa)<\/strong>Joissakin vaihteistoissa on vaihtomekanismi, jonka avulla k\u00e4ytt\u00e4j\u00e4 voi s\u00e4\u00e4t\u00e4\u00e4 nopeutta tai v\u00e4\u00e4nt\u00f6momenttia. T\u00e4m\u00e4 mekanismi koostuu tyypillisesti vivuista tai valitsimista, jotka kytkev\u00e4t eri vaihteita.<\/li>\n<li><strong>Hammaspy\u00f6r\u00e4- ja vaihdesarjat<\/strong>Hammaspy\u00f6r\u00e4 ja vastaavat hammaspy\u00f6r\u00e4t toimivat yhdess\u00e4 oikean v\u00e4\u00e4nt\u00f6momentin ja nopeussuhteen aikaansaamiseksi, mik\u00e4 on olennaista tehokkaalle toiminnalle haravoitussovelluksissa.<\/li>\n<li><strong>Kotelon kansi ja kiinnikkeet<\/strong>Kotelon kantta k\u00e4ytet\u00e4\u00e4n vaihteiston tiivist\u00e4miseen ja sis\u00e4isten komponenttien huoltoa varten. Kiinnittimet, kuten pultit tai ruuvit, pit\u00e4v\u00e4t kotelon ja kannen paikoillaan.<\/li>\n<\/ol>\n<p>N\u00e4m\u00e4 komponentit yhdess\u00e4 varmistavat, ett\u00e4 tieh\u00f6yl\u00e4n k\u00e4ytt\u00e4m\u00e4 karhotinvaihteisto FMP112 tarjoaa tarvittavan voimansiirron ja kest\u00e4vyyden, tukien tehokkaasti maatalouskoneiden teht\u00e4vi\u00e4, kuten haravointia, tasoitusta ja muita raskaita teht\u00e4vi\u00e4.<\/p>\n<p><img loading=\"lazy\" decoding=\"async\" class=\"alignnone size-full wp-image-2738\" src=\"https:\/\/fmp-components.com\/wp-content\/uploads\/2025\/01\/Grader-Driven-Rake-Gearbox-EP112-Components1-scaled.webp\" alt=\"Tieh\u00f6yl\u00e4n k\u00e4ytt\u00e4m\u00e4n haravointivaihteiston EP112-komponentit(1)\" width=\"2560\" height=\"1421\" title=\"\" srcset=\"https:\/\/fmp-components.com\/wp-content\/uploads\/2025\/01\/Grader-Driven-Rake-Gearbox-EP112-Components1-scaled.webp 2560w, https:\/\/fmp-components.com\/wp-content\/uploads\/2025\/01\/Grader-Driven-Rake-Gearbox-EP112-Components1-1280x711.webp 1280w, https:\/\/fmp-components.com\/wp-content\/uploads\/2025\/01\/Grader-Driven-Rake-Gearbox-EP112-Components1-980x544.webp 980w, https:\/\/fmp-components.com\/wp-content\/uploads\/2025\/01\/Grader-Driven-Rake-Gearbox-EP112-Components1-480x266.webp 480w\" sizes=\"(min-width: 0px) and (max-width: 480px) 480px, (min-width: 481px) and (max-width: 980px) 980px, (min-width: 981px) and (max-width: 1280px) 1280px, (min-width: 1281px) 2560px, 100vw\" \/><\/p>\n<h2>Tieh\u00f6yl\u00e4n ajettava haravavaihteisto FMP112 -sovellukset<\/h2>\n<p>Tieh\u00f6yl\u00e4n k\u00e4ytt\u00f6inen karhotinvaihteisto FMP112 on suunniteltu k\u00e4ytett\u00e4v\u00e4ksi erilaisissa maatalous- ja teollisuussovelluksissa, joissa tehokas voimansiirto ja luotettava suorituskyky ovat kriittisi\u00e4. Joitakin yleisi\u00e4 sovelluksia ovat:<\/p>\n<ol>\n<li><strong>Maatalouskoneet<\/strong>:\n<ul>\n<li><strong>Haravaj\u00e4rjestelm\u00e4t<\/strong>FMP112-vaihteistoa k\u00e4ytet\u00e4\u00e4n laajalti maatalouskarhottimissa, kuten hein\u00e4n, oljen tai ruohon haravointiin tarkoitetuissa koneissa. Se siirt\u00e4\u00e4 tehokkaasti voiman traktorista karhottimeen varmistaen tasaisen ja tehokkaan materiaalin muodostumisen ja levityksen.<\/li>\n<li><strong>Niittomurskaimet<\/strong>Niittomurskaimissa vaihteisto auttaa k\u00e4ytt\u00e4m\u00e4\u00e4n murskausj\u00e4rjestelm\u00e4\u00e4 parantaen korjatun sadon, kuten hein\u00e4n tai s\u00e4il\u00f6rehun, kuivumisprosessia.<\/li>\n<li><strong>P\u00f6yhimet<\/strong>Vaihteistoa k\u00e4ytet\u00e4\u00e4n hein\u00e4nkorjuukoneissa, jotka auttavat k\u00e4\u00e4nt\u00e4m\u00e4\u00e4n hein\u00e4\u00e4 tai ruohoa kuivumisen helpottamiseksi. Se varmistaa, ett\u00e4 kone toimii tehokkaasti vaaditulla nopeudella.<\/li>\n<\/ul>\n<\/li>\n<li><strong>Tasoitus- ja maisemointilaitteet<\/strong>:\n<ul>\n<li><strong>Tieh\u00f6yl\u00e4n ter\u00e4t<\/strong>Vaihteistoa k\u00e4ytet\u00e4\u00e4n tieh\u00f6yl\u00e4n teriss\u00e4, joita k\u00e4ytet\u00e4\u00e4n maaper\u00e4n tasoitukseen ja siloittamiseen rakennus- ja maisemointiprojekteissa. Vaihteisto v\u00e4litt\u00e4\u00e4 voiman ajoneuvon voimanottoakselista tieh\u00f6yl\u00e4n ter\u00e4\u00e4n varmistaen sen tehokkaan toiminnan.<\/li>\n<li><strong>Tienhoito<\/strong>Tienhoitolaitteissa FMP112-vaihteisto auttaa haravointi- ja tasaustoiminnoissa, mik\u00e4 avustaa teiden ja muun infrastruktuurin kunnossapidossa ja kunnostuksessa.<\/li>\n<\/ul>\n<\/li>\n<li><strong>Mets\u00e4koneet<\/strong>:\n<ul>\n<li><strong>Hakeharavat<\/strong>Vaihteistoa k\u00e4ytet\u00e4\u00e4n usein mets\u00e4koneissa, erityisesti hakkeen haravointij\u00e4rjestelmiss\u00e4, joissa se auttaa jakamaan hakkeen tasaisesti maahan tehokasta k\u00e4sittely\u00e4 tai kuivausta varten.<\/li>\n<li><strong>Raivauskoneet<\/strong>Sit\u00e4 k\u00e4ytet\u00e4\u00e4n risujenraivauskoneissa tehokkaaseen kasvillisuuden hallintaan ja varmistaa sujuvan toiminnan mets\u00e4talouden ja maank\u00e4yt\u00f6n raivaust\u00f6iden aikana.<\/li>\n<\/ul>\n<\/li>\n<li><strong>S\u00e4il\u00f6rehun ja hein\u00e4n korjuu<\/strong>:\n<ul>\n<li><strong>Karhottimet<\/strong>Hein\u00e4n ja s\u00e4il\u00f6rehun korjuussa vaihteistoa k\u00e4ytet\u00e4\u00e4n karhottimissa haravointimekanismin k\u00e4ytt\u00e4miseen, mink\u00e4 ansiosta kone voi karhottaa ja j\u00e4rjest\u00e4\u00e4 sadon tehokkaasti helppoa sadonkorjuuta tai paalausta varten.<\/li>\n<\/ul>\n<\/li>\n<li><strong>Kasteluj\u00e4rjestelm\u00e4t<\/strong>:\n<ul>\n<li style=\"list-style-type: none;\">\n<ul>\n<li><strong>Kastelulaitteet<\/strong>Joissakin kasteluj\u00e4rjestelmiss\u00e4 vaihteisto auttaa k\u00e4ytt\u00e4m\u00e4\u00e4n py\u00f6rivi\u00e4 haravointivarsia tai vastaavia mekanismeja, jotka jakavat veden tasaisesti pelloille varmistaen optimaalisen kasvun ja tehokkuuden.<\/li>\n<\/ul>\n<\/li>\n<\/ul>\n<\/li>\n<\/ol>\n<p>N\u00e4iss\u00e4 sovelluksissa tieh\u00f6yl\u00e4n k\u00e4ytt\u00f6inen haravointivaihteisto FMP112 varmistaa, ett\u00e4 kone toimii optimaalisilla nopeuksilla ja v\u00e4\u00e4nt\u00f6momentilla, mik\u00e4 tarjoaa tehokkuutta, kest\u00e4vyytt\u00e4 ja suorituskyky\u00e4 erilaisissa teht\u00e4viss\u00e4.<\/p>\n<table style=\"border-collapse: collapse; width: 100.078%; height: 52px;\" border=\"0\" width=\"128\" cellspacing=\"0\" cellpadding=\"0\">\n<tbody>\n<tr style=\"height: 13.8pt;\">\n<td style=\"height: 13.8pt; width: 48pt;\" align=\"right\" width=\"64\" height=\"18\"><img loading=\"lazy\" decoding=\"async\" class=\"alignnone size-full wp-image-2739\" src=\"https:\/\/fmp-components.com\/wp-content\/uploads\/2025\/01\/Grader-Driven-Rake-Gearbox-EP112-Applications1.webp\" alt=\"Tieh\u00f6yl\u00e4k\u00e4ytt\u00f6inen haravavaihteisto EP112-sovellukset(1)\" width=\"1200\" height=\"675\" title=\"\" srcset=\"https:\/\/fmp-components.com\/wp-content\/uploads\/2025\/01\/Grader-Driven-Rake-Gearbox-EP112-Applications1.webp 1200w, https:\/\/fmp-components.com\/wp-content\/uploads\/2025\/01\/Grader-Driven-Rake-Gearbox-EP112-Applications1-980x551.webp 980w, https:\/\/fmp-components.com\/wp-content\/uploads\/2025\/01\/Grader-Driven-Rake-Gearbox-EP112-Applications1-480x270.webp 480w\" sizes=\"(min-width: 0px) and (max-width: 480px) 480px, (min-width: 481px) and (max-width: 980px) 980px, (min-width: 981px) 1200px, 100vw\" \/><\/td>\n<td style=\"width: 48pt;\" align=\"right\" width=\"64\"><img loading=\"lazy\" decoding=\"async\" class=\"alignnone size-full wp-image-2737\" src=\"https:\/\/fmp-components.com\/wp-content\/uploads\/2025\/01\/Grader-Driven-Rake-Gearbox-EP112-Lubrication1.webp\" alt=\"Tieh\u00f6yl\u00e4n k\u00e4ytt\u00e4m\u00e4n harovan vaihteiston EP112 voitelu(1)\" width=\"980\" height=\"542\" title=\"\" srcset=\"https:\/\/fmp-components.com\/wp-content\/uploads\/2025\/01\/Grader-Driven-Rake-Gearbox-EP112-Lubrication1.webp 980w, https:\/\/fmp-components.com\/wp-content\/uploads\/2025\/01\/Grader-Driven-Rake-Gearbox-EP112-Lubrication1-480x265.webp 480w\" sizes=\"(min-width: 0px) and (max-width: 480px) 480px, (min-width: 481px) 980px, 100vw\" \/><\/td>\n<\/tr>\n<\/tbody>\n<\/table>\n<h2>Tietoja FMP:st\u00e4<\/h2>\n<p>Italiassa p\u00e4\u00e4konttoriaan pit\u00e4v\u00e4 FMP on johtava valmistaja, joka tunnetaan asiantuntemuksestaan \u200b\u200bkorkean suorituskyvyn vaihteistojen suunnittelussa, kehitt\u00e4misess\u00e4 ja tuotannossa, erityisesti maatalouskoneteollisuudessa. Tarkkuudestaan, innovatiivisista ratkaisuistaan \u200b\u200bja horjumattomasta luotettavuudestaan \u200b\u200btunnettu FMP on ansainnut maineen luotettavana kumppanina sek\u00e4 maatalous- ett\u00e4 teollisuussektoreilla. Laaja tuotevalikoimamme sis\u00e4lt\u00e4\u00e4 r\u00e4\u00e4t\u00e4l\u00f6ityj\u00e4 vaihteistoja ruohonleikkureille, nivelakseleille ja muille t\u00e4rkeille komponenteille, jotka kaikki on suunniteltu vastaamaan monenlaisten sovellusten monipuolisiin tarpeisiin.<\/p>\n<p>FMP:ll\u00e4 ymm\u00e4rr\u00e4mme, ett\u00e4 jokaisella asiakkaalla on ainutlaatuisia haasteita ja vaatimuksia. Siksi olemme erikoistuneet r\u00e4\u00e4t\u00e4l\u00f6ityjen ratkaisujen tarjoamiseen, olipa kyse sitten yksitt\u00e4isist\u00e4 komponenteista tai t\u00e4ysin integroiduista j\u00e4rjestelmist\u00e4. Ty\u00f6skentelem\u00e4ll\u00e4 tiiviisti asiakkaidemme kanssa varmistamme, ett\u00e4 jokainen ratkaisu ei ainoastaan \u200b\u200bvastaa heid\u00e4n erityistarpeitaan, vaan my\u00f6s parantaa sek\u00e4 suorituskyky\u00e4 ett\u00e4 arvoa. Sitoutumisemme nopeisiin ja ammattimaisiin vastauksiin sek\u00e4 asiantuntevaan ohjaukseen takaavat, ett\u00e4 jokaiseen tiedusteluun vastataan \u00e4\u00e4rimm\u00e4isen huolellisesti ja tarkasti, jolloin saadaan optimaaliset tulokset joka kerta.<\/p>\n<p>Priorisoimme l\u00e4pin\u00e4kyv\u00e4\u00e4 ja jatkuvaa viestint\u00e4\u00e4 koko tuotekehityssyklin ajan. Omistautunut tiimimme ty\u00f6skentelee suoraan asiakkaiden kanssa ymm\u00e4rt\u00e4\u00e4kseen t\u00e4ysin heid\u00e4n erityistarpeensa ja tarjotakseen oivaltavia suosituksia parhaan mahdollisen lopputuloksen varmistamiseksi. Olipa kyse sitten innovatiivisten tuotteiden suunnittelusta tai jatkuvien tilausten t\u00e4ytt\u00e4misest\u00e4, FMP on sitoutunut toimittamaan korkealaatuisia, tarkasti suunniteltuja ratkaisuja ajallaan, joka kerta. Tavoitteenamme on jatkuvasti ylitt\u00e4\u00e4 asiakkaiden odotukset ja tarjota poikkeuksellista palvelua ja tuloksia jokaisessa projektissa.<\/p>\n<p>Laatu on FMP:n toiminnan perusta. Noudatamme korkeimpia valmistusstandardeja ja toteutamme tiukkoja laadunvalvontatoimenpiteit\u00e4 varmistaaksemme, ett\u00e4 jokainen tuote ei ainoastaan \u200b\u200bvastaa alan standardeja, vaan ylitt\u00e4\u00e4 ne. T\u00e4m\u00e4 omistautuminen huippuosaamiseen yhdistettyn\u00e4 ydinarvoihimme, kuten rehellisyyteen, tiimity\u00f6h\u00f6n ja sinnikkyyteen, on mahdollistanut kest\u00e4vien ja luottamukseen perustuvien asiakassuhteiden rakentamisen l\u00e4hes 30 maassa maailmanlaajuisesti.<\/p>\n<p>FMP on aina halukas kehitt\u00e4m\u00e4\u00e4n globaaleja kumppanuuksia ja sitoutunut tarjoamaan asiantuntevaa neuvontaa ja r\u00e4\u00e4t\u00e4l\u00f6ityj\u00e4 ratkaisuja, jotka vastaavat asiakkaidemme kehittyviin tarpeisiin. Emme tyydy pelk\u00e4st\u00e4\u00e4n tuotteiden toimittamiseen \u2013 pyrimme luomaan kest\u00e4vi\u00e4 suhteita, jotka edist\u00e4v\u00e4t jokaisen projektin onnistumista. Tarvitsetpa sitten innovatiivisia ratkaisuja uuteen hankkeeseen tai jatkuvaa tukea olemassa olevalle j\u00e4rjestelm\u00e4lle, FMP on valmis vastaamaan teknisiin haasteisiisi ja varmistamaan jatkuvan menestyksesi.<\/p>\n<p><img loading=\"lazy\" decoding=\"async\" class=\"alignnone wp-image-2695\" src=\"https:\/\/fmp-components.com\/wp-content\/uploads\/2025\/01\/agricultural-gearbox3.webp\" alt=\"maatalousvaihteisto\" width=\"953\" height=\"951\" title=\"\" srcset=\"https:\/\/fmp-components.com\/wp-content\/uploads\/2025\/01\/agricultural-gearbox3.webp 953w, https:\/\/fmp-components.com\/wp-content\/uploads\/2025\/01\/agricultural-gearbox3-480x479.webp 480w\" sizes=\"(min-width: 0px) and (max-width: 480px) 480px, (min-width: 481px) 953px, 100vw\" \/><\/p>\n<p>Tekij\u00e4: CX<\/p>","protected":false},"excerpt":{"rendered":"<p>Grader Driven Rake Gearbox FMP112 Dimensions\u00a0 Grader Driven Rake Gearbox FMP112 Technical Data i Suitable Rpm input Rpm output KW(Nom) KW(Max) Toothing r\/min r\/min hp hp Decelerate 1.62:1 Rotary Tillers, Beaters, etc 540 333 76 116 Gleason Helical Teeth Decelerate 1.82:1 540 296 70 120 Decelerate 2.03:1 540 266 68 114 Decelerate 2.28:1 540 236 [&hellip;]<\/p>","protected":false},"featured_media":2740,"comment_status":"open","ping_status":"closed","template":"","meta":{"_et_pb_use_builder":"","_et_pb_old_content":"","_et_gb_content_width":""},"product_brand":[],"product_cat":[66],"product_tag":[],"class_list":{"0":"post-2735","1":"product","2":"type-product","3":"status-publish","4":"has-post-thumbnail","6":"product_cat-grader-driven-rake-gearbox","8":"first","9":"instock","10":"shipping-taxable","11":"product-type-simple"},"_links":{"self":[{"href":"https:\/\/fmp-components.com\/fi\/wp-json\/wp\/v2\/product\/2735","targetHints":{"allow":["GET"]}}],"collection":[{"href":"https:\/\/fmp-components.com\/fi\/wp-json\/wp\/v2\/product"}],"about":[{"href":"https:\/\/fmp-components.com\/fi\/wp-json\/wp\/v2\/types\/product"}],"replies":[{"embeddable":true,"href":"https:\/\/fmp-components.com\/fi\/wp-json\/wp\/v2\/comments?post=2735"}],"wp:featuredmedia":[{"embeddable":true,"href":"https:\/\/fmp-components.com\/fi\/wp-json\/wp\/v2\/media\/2740"}],"wp:attachment":[{"href":"https:\/\/fmp-components.com\/fi\/wp-json\/wp\/v2\/media?parent=2735"}],"wp:term":[{"taxonomy":"product_brand","embeddable":true,"href":"https:\/\/fmp-components.com\/fi\/wp-json\/wp\/v2\/product_brand?post=2735"},{"taxonomy":"product_cat","embeddable":true,"href":"https:\/\/fmp-components.com\/fi\/wp-json\/wp\/v2\/product_cat?post=2735"},{"taxonomy":"product_tag","embeddable":true,"href":"https:\/\/fmp-components.com\/fi\/wp-json\/wp\/v2\/product_tag?post=2735"}],"curies":[{"name":"wp","href":"https:\/\/api.w.org\/{rel}","templated":true}]}}