{"id":2725,"date":"2025-01-04T02:27:50","date_gmt":"2025-01-04T02:27:50","guid":{"rendered":"https:\/\/fmp-components.com\/?page_id=8"},"modified":"2025-01-04T02:27:50","modified_gmt":"2025-01-04T02:27:50","slug":"grader-driven-rake-gearbox-fmp225-for-variable-speed-rotary-tillers-and-beaters","status":"publish","type":"product","link":"https:\/\/fmp-components.com\/fi\/product\/grader-driven-rake-gearbox-fmp225-for-variable-speed-rotary-tillers-and-beaters\/","title":{"rendered":"Tieh\u00f6yl\u00e4n k\u00e4ytt\u00e4m\u00e4 haravointivaihteisto FMP225 muuttuvanopeuksisille jyrsin- ja purkukoneille"},"content":{"rendered":"<h2>Tieh\u00f6yl\u00e4n k\u00e4ytt\u00e4m\u00e4n karhottimen vaihdelaatikko FMP225 Mitat<\/h2>\n<p><img loading=\"lazy\" decoding=\"async\" class=\"alignnone size-full wp-image-2727\" src=\"https:\/\/fmp-components.com\/wp-content\/uploads\/2025\/01\/Grader-Driven-Rake-Gearbox-FMP225-Dimensions.webp\" alt=\"Tieh\u00f6yl\u00e4k\u00e4ytt\u00f6inen karhotinvaihteisto FMP225:n mitat\" width=\"1212\" height=\"716\" title=\"\" srcset=\"https:\/\/fmp-components.com\/wp-content\/uploads\/2025\/01\/Grader-Driven-Rake-Gearbox-FMP225-Dimensions.webp 1212w, https:\/\/fmp-components.com\/wp-content\/uploads\/2025\/01\/Grader-Driven-Rake-Gearbox-FMP225-Dimensions-980x579.webp 980w, https:\/\/fmp-components.com\/wp-content\/uploads\/2025\/01\/Grader-Driven-Rake-Gearbox-FMP225-Dimensions-480x284.webp 480w\" sizes=\"(min-width: 0px) and (max-width: 480px) 480px, (min-width: 481px) and (max-width: 980px) 980px, (min-width: 981px) 1212px, 100vw\" \/><\/p>\n<h2>Tieh\u00f6yl\u00e4n ajettava karhovaihteisto FMP225 Turn<\/h2>\n<h2><img loading=\"lazy\" decoding=\"async\" class=\"alignnone size-full wp-image-2728\" src=\"https:\/\/fmp-components.com\/wp-content\/uploads\/2025\/01\/Grader-Driven-Rake-Gearbox-FMP225-Turn.webp\" alt=\"Tieh\u00f6yl\u00e4k\u00e4ytt\u00f6inen-Haravavaihteisto-FMP225-K\u00e4\u00e4nt\u00f6\" width=\"1195\" height=\"275\" title=\"\" srcset=\"https:\/\/fmp-components.com\/wp-content\/uploads\/2025\/01\/Grader-Driven-Rake-Gearbox-FMP225-Turn.webp 1195w, https:\/\/fmp-components.com\/wp-content\/uploads\/2025\/01\/Grader-Driven-Rake-Gearbox-FMP225-Turn-980x226.webp 980w, https:\/\/fmp-components.com\/wp-content\/uploads\/2025\/01\/Grader-Driven-Rake-Gearbox-FMP225-Turn-480x110.webp 480w\" sizes=\"(min-width: 0px) and (max-width: 480px) 480px, (min-width: 481px) and (max-width: 980px) 980px, (min-width: 981px) 1195px, 100vw\" \/> \u00a0Tieh\u00f6yl\u00e4n k\u00e4ytt\u00e4m\u00e4n haravointivaihteiston FMP225 tekniset tiedot<\/h2>\n<table style=\"width: 101.462%; height: 154px;\" border=\"1\" cellspacing=\"0\" cellpadding=\"0\">\n<tbody>\n<tr>\n<td colspan=\"2\" rowspan=\"2\">min\u00e4<\/td>\n<td rowspan=\"2\">Sopii<\/td>\n<td>Kierroslukutulo<\/td>\n<td>Kierrosluku<\/td>\n<td>kW (nim.)<\/td>\n<td>kW (maks.)<\/td>\n<td rowspan=\"2\">Hammastus<\/td>\n<\/tr>\n<tr>\n<td>kierrosta minuutissa<\/td>\n<td>kierrosta minuutissa<\/td>\n<td>hv<\/td>\n<td>hv<\/td>\n<\/tr>\n<tr>\n<td>Hidasta<\/td>\n<td>1.93:1<\/td>\n<td rowspan=\"2\">Py\u00f6riv\u00e4t jyrsimet, vatkaimet jne.<\/td>\n<td>540<\/td>\n<td>280<\/td>\n<td>57<\/td>\n<td>75<\/td>\n<td rowspan=\"2\">Gleason Helical<br \/>\nHampaat<\/td>\n<\/tr>\n<tr>\n<td>Hidasta<\/td>\n<td>1.46: 1<\/td>\n<td>540<\/td>\n<td>370<\/td>\n<td>80<\/td>\n<td>110<\/td>\n<\/tr>\n<tr>\n<td colspan=\"8\">Huomautus: Jos sinulla on erityisvaatimuksia, kerro siit\u00e4 minulle, hyv\u00e4ksymme my\u00f6s mittatilausty\u00f6n\u00e4 tehdyt tarjoukset.<\/td>\n<\/tr>\n<\/tbody>\n<\/table>\n<h2>Tieh\u00f6yl\u00e4n k\u00e4ytt\u00e4m\u00e4n haravointivaihteiston FMP225 akselin mitat<\/h2>\n<p><img loading=\"lazy\" decoding=\"async\" class=\"alignnone size-full wp-image-2729\" src=\"https:\/\/fmp-components.com\/wp-content\/uploads\/2025\/01\/Grader-Driven-Rake-Gearbox-FMP225-Shaft-Dimensions.webp\" alt=\"Tieh\u00f6yl\u00e4n k\u00e4ytt\u00e4m\u00e4n haravointivaihteiston FMP225-akselin mitat\" width=\"1182\" height=\"422\" title=\"\" srcset=\"https:\/\/fmp-components.com\/wp-content\/uploads\/2025\/01\/Grader-Driven-Rake-Gearbox-FMP225-Shaft-Dimensions.webp 1182w, https:\/\/fmp-components.com\/wp-content\/uploads\/2025\/01\/Grader-Driven-Rake-Gearbox-FMP225-Shaft-Dimensions-980x350.webp 980w, https:\/\/fmp-components.com\/wp-content\/uploads\/2025\/01\/Grader-Driven-Rake-Gearbox-FMP225-Shaft-Dimensions-480x171.webp 480w\" sizes=\"(min-width: 0px) and (max-width: 480px) 480px, (min-width: 481px) and (max-width: 980px) 980px, (min-width: 981px) 1182px, 100vw\" \/><\/p>\n<h2>Tieh\u00f6yl\u00e4n ajettava haravavaihteisto FMP225 jatkoputki<\/h2>\n<p><img loading=\"lazy\" decoding=\"async\" class=\"alignnone size-full wp-image-2730\" src=\"https:\/\/fmp-components.com\/wp-content\/uploads\/2025\/01\/Grader-Driven-Rake-Gearbox-FMP225-Extension-Pipe.webp\" alt=\"Tieh\u00f6yl\u00e4k\u00e4ytt\u00f6inen haravavaihteisto FMP225-jatkoputki\" width=\"1146\" height=\"581\" title=\"\" srcset=\"https:\/\/fmp-components.com\/wp-content\/uploads\/2025\/01\/Grader-Driven-Rake-Gearbox-FMP225-Extension-Pipe.webp 1146w, https:\/\/fmp-components.com\/wp-content\/uploads\/2025\/01\/Grader-Driven-Rake-Gearbox-FMP225-Extension-Pipe-980x497.webp 980w, https:\/\/fmp-components.com\/wp-content\/uploads\/2025\/01\/Grader-Driven-Rake-Gearbox-FMP225-Extension-Pipe-480x243.webp 480w\" sizes=\"(min-width: 0px) and (max-width: 480px) 480px, (min-width: 481px) and (max-width: 980px) 980px, (min-width: 981px) 1146px, 100vw\" \/><\/p>\n<h2>Tieh\u00f6yl\u00e4n k\u00e4ytt\u00f6isen FMP225-haravaihteiston k\u00e4yt\u00f6n edut:<\/h2>\n<p>Tieh\u00f6yl\u00e4n k\u00e4ytt\u00e4m\u00e4 karhotinvaihteisto FMP225 tarjoaa lukuisia etuja, jotka tekev\u00e4t siit\u00e4 ensisijaisen valinnan maatalous-, teollisuus- ja maanhoitosovelluksiin. Alla on lueteltu t\u00e4m\u00e4n vaihteiston t\u00e4rkeimm\u00e4t edut:<\/p>\n<ol>\n<li><strong>Suuri v\u00e4\u00e4nt\u00f6momentti<\/strong>:\n<ul>\n<li>FMP225-vaihteisto on suunniteltu k\u00e4sittelem\u00e4\u00e4n suuria v\u00e4\u00e4nt\u00f6momentteja, joten se sopii raskaisiin k\u00e4ytt\u00f6tarkoituksiin, kuten tihe\u00e4n hein\u00e4n haravointiin, vaikeisiin maaper\u00e4olosuhteisiin tai jopa teiden tasoittamiseen. Sen suuri v\u00e4\u00e4nt\u00f6momentti varmistaa sujuvan ja tehokkaan toiminnan my\u00f6s kuormitettuna.<\/li>\n<\/ul>\n<\/li>\n<li><strong>Kest\u00e4v\u00e4 ja pitk\u00e4ik\u00e4inen<\/strong>:\n<ul>\n<li>Korkealaatuisista materiaaleista ja tarkalla suunnittelulla valmistettu FMP225-vaihteisto on poikkeuksellisen kest\u00e4v\u00e4. Sen vankka rakenne kest\u00e4\u00e4 jatkuvan k\u00e4yt\u00f6n kulumista vaativissa ymp\u00e4rist\u00f6iss\u00e4, mik\u00e4 v\u00e4hent\u00e4\u00e4 usein toistuvan huollon ja vaihdon tarvetta.<\/li>\n<li>Ihanteellinen vaativiin olosuhteisiin, kuten \u00e4\u00e4rimm\u00e4isiin s\u00e4\u00e4olosuhteisiin, raskaaseen maaper\u00e4\u00e4n ja ep\u00e4tasaiseen maastoon.<\/li>\n<\/ul>\n<\/li>\n<li><strong>Tehokas voimansiirto<\/strong>:\n<ul>\n<li>Vaihteisto varmistaa tehokkaan voimansiirron, optimoi suorituskyvyn ja v\u00e4hent\u00e4\u00e4 energiankulutusta. T\u00e4m\u00e4 johtaa parempaan polttoainetehokkuuteen, erityisesti laajamittaisissa maatalous- tai teollisuustoiminnoissa, joissa kustannustehokkuus on kriittist\u00e4.<\/li>\n<li>Sen kyky siirt\u00e4\u00e4 tehoa sujuvasti parantaa sen kanssa integroitujen koneiden kokonaistehokkuutta.<\/li>\n<\/ul>\n<\/li>\n<li><strong>Parannettu suorituskyky maataloussovelluksissa<\/strong>:\n<ul>\n<li><strong>Hein\u00e4n haravointi<\/strong>FMP225 on erityisen tehokas suurten hein\u00e4m\u00e4\u00e4rien haravoinnissa varmistaen tasaiset ja yhdenmukaiset karhot optimaalisen kuivumisen takaamiseksi. T\u00e4m\u00e4 auttaa parantamaan hein\u00e4ntekoprosessin tehokkuutta.<\/li>\n<li><strong>Rehun ja ruohon ker\u00e4\u00e4minen<\/strong>Ihanteellinen silppuajille ja ruohonker\u00e4ysj\u00e4rjestelmille, vaihteisto tarjoaa luotettavaa suorituskyky\u00e4 raskaiden ja paksujen materiaalien k\u00e4sittelyyn.<\/li>\n<\/ul>\n<\/li>\n<li><strong>Monipuolisuus erilaisissa sovelluksissa<\/strong>:\n<ul>\n<li><strong>Tien tasoitus<\/strong>FMP225 on eritt\u00e4in tehokas tieh\u00f6yliss\u00e4, sill\u00e4 se tarjoaa tasaisen tehon haravamekanismille. Se auttaa yll\u00e4pit\u00e4m\u00e4\u00e4n tasaista pintaa ja sit\u00e4 k\u00e4ytet\u00e4\u00e4n sek\u00e4 maaper\u00e4n tasoittamiseen ett\u00e4 soran levitykseen.<\/li>\n<li><strong>Maaper\u00e4n valmistelu<\/strong>Maanmuokkauksessa k\u00e4ytettyn\u00e4 vaihteisto pystyy helposti k\u00e4sittelem\u00e4\u00e4n maaper\u00e4n tasoittamiseen, muokkaamiseen tai haravointiin tarvittavia voimia. T\u00e4m\u00e4 tekee siit\u00e4 monipuolisen maatalouden, rakennusalan ja teollisuuden sovelluksissa.<\/li>\n<\/ul>\n<\/li>\n<\/ol>\n<p>Tieh\u00f6yl\u00e4n k\u00e4ytt\u00e4m\u00e4 karhotinvaihteisto FMP225 erottuu joukosta suuren v\u00e4\u00e4nt\u00f6momenttinsa, kest\u00e4vyytens\u00e4 ja tehokkuutensa ansiosta, mik\u00e4 tekee siit\u00e4 ihanteellisen maatalous-, teollisuus- ja maanhoitosovelluksiin. Se tarjoaa paremman suorituskyvyn, v\u00e4hent\u00e4\u00e4 huoltotarpeita ja on monipuolisia monenlaisissa koneissa. Kompaktin rakenteensa, helpon integroinnin ja minimaalisen melunsa ansiosta FMP225 varmistaa sujuvan, luotettavan ja kustannustehokkaan suorituskyvyn, hy\u00f6dytt\u00e4en k\u00e4ytt\u00e4ji\u00e4 eri toimialoilla.<\/p>\n<p><img loading=\"lazy\" decoding=\"async\" class=\"alignnone size-full wp-image-2731\" src=\"https:\/\/fmp-components.com\/wp-content\/uploads\/2025\/01\/Grader-Driven-Rake-Gearbox-FMP225-Maintainance1.webp\" alt=\"Tieh\u00f6yl\u00e4k\u00e4ytt\u00f6isen harovan vaihteiston FMP225 huolto(1)\" width=\"980\" height=\"664\" title=\"\" srcset=\"https:\/\/fmp-components.com\/wp-content\/uploads\/2025\/01\/Grader-Driven-Rake-Gearbox-FMP225-Maintainance1.webp 980w, https:\/\/fmp-components.com\/wp-content\/uploads\/2025\/01\/Grader-Driven-Rake-Gearbox-FMP225-Maintainance1-480x325.webp 480w\" sizes=\"(min-width: 0px) and (max-width: 480px) 480px, (min-width: 481px) 980px, 100vw\" \/><\/p>\n<h2>Tieh\u00f6yl\u00e4n ajettavan haravavaihteiston FMP225 sovellukset<\/h2>\n<p>Tieh\u00f6yl\u00e4n k\u00e4ytt\u00f6inen karhotinvaihteisto FMP225 on suunniteltu tarjoamaan luotettavaa ja tehokasta voimansiirtoa erilaisiin maatalous-, teollisuus- ja maanhoitosovelluksiin. T\u00e4ss\u00e4 on joitakin sen t\u00e4rkeimmist\u00e4 sovelluksista:<\/p>\n<p><strong>1. Maatalouskoneet:<\/strong><\/p>\n<ul>\n<li><strong>Hein\u00e4n haravointi:<\/strong> FMP225-laitetta k\u00e4ytet\u00e4\u00e4n laajalti hein\u00e4nharavoissa, ja se varmistaa hein\u00e4n tehokkaan ja tasaisen ker\u00e4\u00e4misen karhoiksi. Sill\u00e4 on ratkaiseva rooli sujuvan toiminnan yll\u00e4pit\u00e4misess\u00e4, erityisesti hein\u00e4ntekokaudella. Sen kyky k\u00e4sitell\u00e4 suurta v\u00e4\u00e4nt\u00f6momenttia varmistaa tehokkaan haravoinnin my\u00f6s suurilla hein\u00e4m\u00e4\u00e4rill\u00e4.<\/li>\n<li><strong>Silppurit:<\/strong> Vaihteistoa k\u00e4ytet\u00e4\u00e4n my\u00f6s silppuamiskoneissa, ja se auttaa rehun ker\u00e4\u00e4misess\u00e4 ja k\u00e4sittelyss\u00e4 s\u00e4il\u00f6rehuksi. Se varmistaa, ett\u00e4 haravointi- ja ker\u00e4ysmekanismit toimivat sujuvasti ja tehokkaasti, mik\u00e4 parantaa sadonkorjuun tehokkuutta.<\/li>\n<li><strong>Ruohikon ker\u00e4\u00e4minen ja karhoaminen:<\/strong> Vaihteistoa k\u00e4ytet\u00e4\u00e4n ruohonkeruussa ja karhotuksessa, ja se auttaa ruohon valmistelussa erilaisiin maatalousprosesseihin, kuten kuivaamiseen ja paalaamiseen.<\/li>\n<\/ul>\n<p><strong>2. Tien tasaus:<\/strong><\/p>\n<ul>\n<li><strong>Tieh\u00f6yl\u00e4t:<\/strong> FMP225 on ihanteellinen valinta tientasauskoneisiin, joissa se k\u00e4ytt\u00e4\u00e4 haramekanismia maan tasauksessa, soran levityksess\u00e4 ja tien kunnossapidossa. Sen kyky tuottaa tasaista ja tasaista tehoa tekee siit\u00e4 v\u00e4ltt\u00e4m\u00e4tt\u00f6m\u00e4n hyvin tasoitettujen tienpintojen luomiseksi sek\u00e4 maatalous- ett\u00e4 teollisuusymp\u00e4rist\u00f6iss\u00e4.<\/li>\n<li><strong>Maaper\u00e4n tasoitus:<\/strong> Vaihteisto varmistaa, ett\u00e4 tieh\u00f6yl\u00e4t voivat tehokkaasti levitt\u00e4\u00e4 maata ja soraa tasoittaen pinnan p\u00e4\u00e4llystyst\u00e4 tai muita k\u00e4sittelyj\u00e4 varten. Sen luotettavuus ja v\u00e4\u00e4nt\u00f6momentti tekev\u00e4t siit\u00e4 sopivan raskaisiin teht\u00e4viin.<\/li>\n<\/ul>\n<p><strong>3. Maaper\u00e4n valmistelu ja maan yll\u00e4pito:<\/strong><\/p>\n<ul>\n<li><strong>Maanmuokkaus ja maanmuokkaus:<\/strong> FMP225-vaihteistoa k\u00e4ytet\u00e4\u00e4n maanmuokkaukseen ja -tasaukseen suunnitelluissa laitteissa. Se auttaa maan valmistelussa istutusta tai rakentamista varten varmistamalla, ett\u00e4 maaper\u00e4 jakautuu ja tasoittuu tasaisesti. Sen v\u00e4\u00e4nt\u00f6momentin ansiosta se pystyy k\u00e4sittelem\u00e4\u00e4n haastavia maaper\u00e4olosuhteita.<\/li>\n<li><strong>Ojien ja salaojitusten huolto:<\/strong> Maanhoitoteht\u00e4viss\u00e4, kuten ojien raivauksessa ja kuivatusj\u00e4rjestelm\u00e4n kunnossapidossa, vaihteisto tukee koneita materiaalien siirt\u00e4misess\u00e4 ja tasoittamisessa varmistaen asianmukaisen veden virtauksen ja salaojituksen.<\/li>\n<\/ul>\n<p><strong>4. Teolliset sovellukset:<\/strong><\/p>\n<ul>\n<li><strong>Materiaalink\u00e4sittely:<\/strong> Vaihteistoa voidaan k\u00e4ytt\u00e4\u00e4 teollisuuskoneissa materiaalink\u00e4sittelyyn, jossa se k\u00e4ytt\u00e4\u00e4 mekanismeja, jotka siirt\u00e4v\u00e4t, haravoivat tai ker\u00e4\u00e4v\u00e4t erilaisia \u200b\u200bmateriaaleja, kuten hiekkaa, soraa ja muita irtotavaroita.<\/li>\n<li><strong>Rakennuslaitteet:<\/strong> Rakennusalalla FMP225-vaihteisto voidaan integroida maanrakennust\u00f6iss\u00e4, tasoituksessa ja ty\u00f6maan valmistelussa k\u00e4ytett\u00e4viin tasoitus- ja maanmuokkauskoneisiin, mik\u00e4 edist\u00e4\u00e4 tehokasta ty\u00f6maan hallintaa.<\/li>\n<\/ul>\n<p><strong>5. Lumenraivauskalusto:<\/strong><\/p>\n<ul>\n<li><strong>Lumiaurat ja lumiharavat:<\/strong> FMP225-vaihteistoa k\u00e4ytet\u00e4\u00e4n my\u00f6s lumenaurauslaitteissa, joissa se k\u00e4ytt\u00e4\u00e4 haravan tai auran teri\u00e4. T\u00e4m\u00e4 sovellus on erityisen hy\u00f6dyllinen alueilla, joilla lumen kertyminen vaatii s\u00e4\u00e4nn\u00f6llist\u00e4 lumenaurausta turvallisten ja esteett\u00f6mien teiden ja polkujen varmistamiseksi.<\/li>\n<\/ul>\n<p>Tieh\u00f6yl\u00e4n k\u00e4ytt\u00e4m\u00e4 karhotinvaihteisto FMP225 on monipuolinen ja tehokas vaihteisto, jota k\u00e4ytet\u00e4\u00e4n monenlaisissa sovelluksissa, kuten maataloudessa (hein\u00e4n haravointi, rehun korjuu, ruohonkeruu), teiden tasoituksessa, maanmuokkauksessa, teollisessa materiaalink\u00e4sittelyss\u00e4, lumenaurauksessa ja nurmikon hoidossa. Sen kest\u00e4v\u00e4 rakenne, suuri v\u00e4\u00e4nt\u00f6momentti ja luotettava toiminta tekev\u00e4t siit\u00e4 sopivan raskaisiin teht\u00e4viin sek\u00e4 maatalous- ett\u00e4 teollisuusymp\u00e4rist\u00f6iss\u00e4.<\/p>\n<table style=\"border-collapse: collapse; width: 100.406%; height: 53px;\" border=\"0\" width=\"128\" cellspacing=\"0\" cellpadding=\"0\">\n<tbody>\n<tr style=\"height: 13.8pt;\">\n<td style=\"height: 13.8pt; width: 48pt;\" align=\"right\" width=\"64\" height=\"18\"><img loading=\"lazy\" decoding=\"async\" class=\"alignnone size-full wp-image-2732\" src=\"https:\/\/fmp-components.com\/wp-content\/uploads\/2025\/01\/Grader-Driven-Rake-Gearbox-FMP225-Applications-21.webp\" alt=\"Tieh\u00f6yl\u00e4k\u00e4ytt\u00f6inen haravavaihteisto FMP225-sovellukset-2(1)\" width=\"1024\" height=\"576\" title=\"\" srcset=\"https:\/\/fmp-components.com\/wp-content\/uploads\/2025\/01\/Grader-Driven-Rake-Gearbox-FMP225-Applications-21.webp 1024w, https:\/\/fmp-components.com\/wp-content\/uploads\/2025\/01\/Grader-Driven-Rake-Gearbox-FMP225-Applications-21-980x551.webp 980w, https:\/\/fmp-components.com\/wp-content\/uploads\/2025\/01\/Grader-Driven-Rake-Gearbox-FMP225-Applications-21-480x270.webp 480w\" sizes=\"(min-width: 0px) and (max-width: 480px) 480px, (min-width: 481px) and (max-width: 980px) 980px, (min-width: 981px) 1024px, 100vw\" \/><\/td>\n<td style=\"width: 48pt;\" align=\"right\" width=\"64\"><img loading=\"lazy\" decoding=\"async\" class=\"alignnone size-full wp-image-2733\" src=\"https:\/\/fmp-components.com\/wp-content\/uploads\/2025\/01\/Grader-Driven-Rake-Gearbox-FMP225-Applications-11.webp\" alt=\"Tieh\u00f6yl\u00e4k\u00e4ytt\u00f6inen haravavaihteisto FMP225-sovellukset-1(1)\" width=\"1024\" height=\"576\" title=\"\" srcset=\"https:\/\/fmp-components.com\/wp-content\/uploads\/2025\/01\/Grader-Driven-Rake-Gearbox-FMP225-Applications-11.webp 1024w, https:\/\/fmp-components.com\/wp-content\/uploads\/2025\/01\/Grader-Driven-Rake-Gearbox-FMP225-Applications-11-980x551.webp 980w, https:\/\/fmp-components.com\/wp-content\/uploads\/2025\/01\/Grader-Driven-Rake-Gearbox-FMP225-Applications-11-480x270.webp 480w\" sizes=\"(min-width: 0px) and (max-width: 480px) 480px, (min-width: 481px) and (max-width: 980px) 980px, (min-width: 981px) 1024px, 100vw\" \/><\/td>\n<\/tr>\n<\/tbody>\n<\/table>\n<h2>Tietoja FMP:st\u00e4<\/h2>\n<p>Italiassa p\u00e4\u00e4konttoriaan pit\u00e4v\u00e4 FMP on merkitt\u00e4v\u00e4 valmistaja, joka on erikoistunut tehokkaiden vaihteistojen suunnitteluun, kehitt\u00e4miseen ja tuotantoon. Yrityksen painopiste on maatalouskonesektorilla. Tarkkuudestaan, innovatiivisista ratkaisuistaan \u200b\u200bja vankasta luotettavuudestaan \u200b\u200btunnettu FMP on ansainnut sek\u00e4 maatalous- ett\u00e4 teollisuusmarkkinoiden luottamuksen. Laaja tuotevalikoimamme sis\u00e4lt\u00e4\u00e4 ruohonleikkureiden, nivelakseleiden ja muiden t\u00e4rkeiden komponenttien erikoisvaihteistoja, jotka kaikki on huolellisesti suunniteltu tarjoamaan r\u00e4\u00e4t\u00e4l\u00f6ityj\u00e4 ratkaisuja erilaisiin k\u00e4ytt\u00f6tarkoituksiin.<\/p>\n<p>FMP:ll\u00e4 ymm\u00e4rr\u00e4mme, ett\u00e4 jokaisella asiakkaalla on ainutlaatuiset tarpeet ja haasteet. Siksi painotamme r\u00e4\u00e4t\u00e4l\u00f6ityjen ratkaisujen toimittamista \u2013 olipa kyse sitten yksitt\u00e4isist\u00e4 komponenteista tai t\u00e4ysin integroiduista j\u00e4rjestelmist\u00e4. Teemme tiivist\u00e4 yhteisty\u00f6t\u00e4 asiakkaidemme kanssa varmistaaksemme, ett\u00e4 jokainen ratkaisu on paitsi tehokas my\u00f6s tuloksellinen, optimoiden sek\u00e4 suorituskyvyn ett\u00e4 kustannustehokkuuden. Omistautumisemme nopeiden ja ammattimaisten vastausten tarjoamiseen sek\u00e4 asiantuntevaan ohjaukseen takaa, ett\u00e4 jokainen tiedustelu k\u00e4sitell\u00e4\u00e4n tarkasti, mik\u00e4 johtaa parhaisiin mahdollisiin tuloksiin.<\/p>\n<p>Avoin ja jatkuva viestint\u00e4 on l\u00e4hestymistapamme keskeinen periaate. Omistautunut tiimimme tekee yhteisty\u00f6t\u00e4 asiakkaiden kanssa koko tuotekehitysprosessin ajan ja pyrkii ymm\u00e4rt\u00e4m\u00e4\u00e4n heid\u00e4n erityistarpeitaan syv\u00e4llisesti. Tarjoamme arvokkaita n\u00e4kemyksi\u00e4 ja suosituksia varmistaaksemme, ett\u00e4 jokainen ratkaisu on optimoitu. Olipa kyse innovatiivisten tuotteiden suunnittelusta tai jatkuvien tilausten t\u00e4ytt\u00e4misest\u00e4, FMP on sitoutunut toimittamaan korkealaatuisia ja tarkasti suunniteltuja ratkaisuja ajallaan, joka kerta. Tavoitteenamme on ylitt\u00e4\u00e4 asiakkaiden odotukset tarjoamalla poikkeuksellista palvelua ja tuloksia jokaisessa projektissa.<\/p>\n<p>Laatu on FMP:n toiminnan kulmakivi. Noudatamme korkeimpia valmistusstandardeja ja k\u00e4yt\u00e4mme tiukkoja laadunvalvontaprosesseja varmistaaksemme, ett\u00e4 jokainen tuote t\u00e4ytt\u00e4\u00e4 tai ylitt\u00e4\u00e4 alan standardit. T\u00e4m\u00e4 horjumaton sitoutuminen huippuosaamiseen sek\u00e4 ydinarvomme, kuten rehellisyys, tiimity\u00f6 ja sinnikkyys, ovat mahdollistaneet FMP:lle pitk\u00e4aikaisten, luottamukseen perustuvien asiakassuhteiden luomisen l\u00e4hes 30 maassa.<\/p>\n<p>FMP on aina halukas edist\u00e4m\u00e4\u00e4n globaaleja kumppanuuksia ja sitoutunut tarjoamaan asiantuntevaa neuvontaa ja r\u00e4\u00e4t\u00e4l\u00f6ityj\u00e4 ratkaisuja, jotka vastaavat asiakkaidemme monimuotoisiin tarpeisiin. Emme ainoastaan \u200b\u200btoimita tuotteita, vaan pyrimme rakentamaan kest\u00e4vi\u00e4 suhteita, jotka edist\u00e4v\u00e4t jokaisen projektin pitk\u00e4n aikav\u00e4lin menestyst\u00e4. Tarvitsetpa sitten innovatiivisia ratkaisuja uuteen aloitteeseen tai jatkuvaa tukea olemassa olevalle j\u00e4rjestelm\u00e4lle, FMP on t\u00e4\u00e4ll\u00e4 vastaamassa teknisiin haasteisiisi ja varmistamassa jatkuvan menestyksesi.<\/p>\n<p><img loading=\"lazy\" decoding=\"async\" class=\"alignnone wp-image-2695\" src=\"https:\/\/fmp-components.com\/wp-content\/uploads\/2025\/01\/agricultural-gearbox3.webp\" alt=\"maatalousvaihteisto\" width=\"953\" height=\"951\" title=\"\" srcset=\"https:\/\/fmp-components.com\/wp-content\/uploads\/2025\/01\/agricultural-gearbox3.webp 953w, https:\/\/fmp-components.com\/wp-content\/uploads\/2025\/01\/agricultural-gearbox3-480x479.webp 480w\" sizes=\"(min-width: 0px) and (max-width: 480px) 480px, (min-width: 481px) 953px, 100vw\" \/><\/p>\n<p>Tekij\u00e4: CX<\/p>","protected":false},"excerpt":{"rendered":"<p>Grader Driven Rake Gearbox FMP225 Dimensions Grader Driven Rake Gearbox FMP225 Turn \u00a0Grader Driven Rake Gearbox FMP225 Technical Data i Suitable Rpm input Rpm output KW(Nom) KW(Max) Toothing r\/min r\/min hp hp Decelerate 1.93:1 Rotary Tillers, Beaters, etc 540 280 57 75 Gleason Helical Teeth Decelerate 1.46: 1 540 370 80 110 Remark: If you [&hellip;]<\/p>","protected":false},"featured_media":2734,"comment_status":"open","ping_status":"closed","template":"","meta":{"_et_pb_use_builder":"","_et_pb_old_content":"","_et_gb_content_width":""},"product_brand":[],"product_cat":[66],"product_tag":[],"class_list":{"0":"post-2725","1":"product","2":"type-product","3":"status-publish","4":"has-post-thumbnail","6":"product_cat-grader-driven-rake-gearbox","8":"first","9":"instock","10":"shipping-taxable","11":"product-type-simple"},"_links":{"self":[{"href":"https:\/\/fmp-components.com\/fi\/wp-json\/wp\/v2\/product\/2725","targetHints":{"allow":["GET"]}}],"collection":[{"href":"https:\/\/fmp-components.com\/fi\/wp-json\/wp\/v2\/product"}],"about":[{"href":"https:\/\/fmp-components.com\/fi\/wp-json\/wp\/v2\/types\/product"}],"replies":[{"embeddable":true,"href":"https:\/\/fmp-components.com\/fi\/wp-json\/wp\/v2\/comments?post=2725"}],"wp:featuredmedia":[{"embeddable":true,"href":"https:\/\/fmp-components.com\/fi\/wp-json\/wp\/v2\/media\/2734"}],"wp:attachment":[{"href":"https:\/\/fmp-components.com\/fi\/wp-json\/wp\/v2\/media?parent=2725"}],"wp:term":[{"taxonomy":"product_brand","embeddable":true,"href":"https:\/\/fmp-components.com\/fi\/wp-json\/wp\/v2\/product_brand?post=2725"},{"taxonomy":"product_cat","embeddable":true,"href":"https:\/\/fmp-components.com\/fi\/wp-json\/wp\/v2\/product_cat?post=2725"},{"taxonomy":"product_tag","embeddable":true,"href":"https:\/\/fmp-components.com\/fi\/wp-json\/wp\/v2\/product_tag?post=2725"}],"curies":[{"name":"wp","href":"https:\/\/api.w.org\/{rel}","templated":true}]}}