{"id":2696,"date":"2025-01-03T08:43:50","date_gmt":"2025-01-03T08:43:50","guid":{"rendered":"https:\/\/fmp-components.com\/?page_id=8"},"modified":"2025-01-03T08:44:42","modified_gmt":"2025-01-03T08:44:42","slug":"grader-driven-rake-gearbox-fmp-tbs128-for-crawler-rotary-cultivator","status":"publish","type":"product","link":"https:\/\/fmp-components.com\/fi\/product\/grader-driven-rake-gearbox-fmp-tbs128-for-crawler-rotary-cultivator\/","title":{"rendered":"Tieh\u00f6yl\u00e4n ajettava karhottimen vaihdelaatikko FMP-TBS128 telaketjupy\u00f6riv\u00e4lle kultivaattorille"},"content":{"rendered":"<h2>Tieh\u00f6yl\u00e4n k\u00e4ytt\u00e4m\u00e4n karhottimen vaihteiston FMP-TBS128 mitat<\/h2>\n<p><img loading=\"lazy\" decoding=\"async\" class=\"alignnone size-full wp-image-2697\" src=\"https:\/\/fmp-components.com\/wp-content\/uploads\/2025\/01\/Grader-Driven-Rake-Gearbox-FMP-TBS128-Dimensions-1.webp\" alt=\"Tieh\u00f6yl\u00e4k\u00e4ytt\u00f6inen-haravan-vaihteisto-FMP-TBS128-Mitat-1\" width=\"1431\" height=\"910\" title=\"\" srcset=\"https:\/\/fmp-components.com\/wp-content\/uploads\/2025\/01\/Grader-Driven-Rake-Gearbox-FMP-TBS128-Dimensions-1.webp 1431w, https:\/\/fmp-components.com\/wp-content\/uploads\/2025\/01\/Grader-Driven-Rake-Gearbox-FMP-TBS128-Dimensions-1-1280x814.webp 1280w, https:\/\/fmp-components.com\/wp-content\/uploads\/2025\/01\/Grader-Driven-Rake-Gearbox-FMP-TBS128-Dimensions-1-980x623.webp 980w, https:\/\/fmp-components.com\/wp-content\/uploads\/2025\/01\/Grader-Driven-Rake-Gearbox-FMP-TBS128-Dimensions-1-480x305.webp 480w\" sizes=\"(min-width: 0px) and (max-width: 480px) 480px, (min-width: 481px) and (max-width: 980px) 980px, (min-width: 981px) and (max-width: 1280px) 1280px, (min-width: 1281px) 1431px, 100vw\" \/><\/p>\n<h2>Tieh\u00f6yl\u00e4n k\u00e4ytt\u00e4m\u00e4n haravointivaihteiston FMP-TBS128 tekniset tiedot<\/h2>\n<table style=\"width: 99.6141%; height: 188px;\" border=\"1\" cellspacing=\"0\" cellpadding=\"0\">\n<tbody>\n<tr style=\"height: 47px;\">\n<td style=\"height: 70px; width: 12.8399%;\" colspan=\"2\" rowspan=\"2\">min\u00e4<\/td>\n<td style=\"height: 70px; width: 27.1903%;\" rowspan=\"2\">Sopii<\/td>\n<td style=\"height: 47px; width: 9.66767%;\">Kierroslukutulo<\/td>\n<td style=\"height: 47px; width: 11.0272%;\">Kierrosluku<\/td>\n<td style=\"height: 47px; width: 9.51662%;\">kW (nim.)<\/td>\n<td style=\"height: 47px; width: 9.06344%;\">kW (maks.)<\/td>\n<td style=\"height: 70px; width: 54.0785%;\" rowspan=\"2\">Hammastus<\/td>\n<\/tr>\n<tr style=\"height: 23px;\">\n<td style=\"height: 23px; width: 9.66767%;\">kierrosta minuutissa<\/td>\n<td style=\"height: 23px; width: 11.0272%;\">kierrosta minuutissa<\/td>\n<td style=\"height: 23px; width: 9.51662%;\">hv<\/td>\n<td style=\"height: 23px; width: 9.06344%;\">hv<\/td>\n<\/tr>\n<tr style=\"height: 47px;\">\n<td style=\"height: 47px; width: 6.19335%;\">vaihde 1<\/td>\n<td style=\"height: 47px; width: 6.64653%;\">3.69:1<\/td>\n<td style=\"height: 94px; width: 27.1903%;\" rowspan=\"2\">Telaketjupy\u00f6riv\u00e4 kultivaattori jne.<\/td>\n<td style=\"height: 47px; width: 9.66767%;\">2400<\/td>\n<td style=\"height: 47px; width: 11.0272%;\">650<\/td>\n<td style=\"height: 94px; width: 9.51662%;\" rowspan=\"2\">80<\/td>\n<td style=\"height: 94px; width: 9.06344%;\" rowspan=\"2\">100<\/td>\n<td style=\"height: 94px; width: 54.0785%;\" rowspan=\"2\">Gleasonin kierukkahampaat<\/td>\n<\/tr>\n<tr style=\"height: 47px;\">\n<td style=\"height: 47px; width: 6.19335%;\">vaihde 2<\/td>\n<td style=\"height: 47px; width: 6.64653%;\">2.81: 1<\/td>\n<td style=\"height: 47px; width: 9.66767%;\">2400<\/td>\n<td style=\"height: 47px; width: 11.0272%;\">850<\/td>\n<\/tr>\n<tr style=\"height: 23px;\">\n<td style=\"height: 23px; width: 133.384%;\" colspan=\"8\">Huomautus: Jos sinulla on erityisvaatimuksia, kerro siit\u00e4 minulle, hyv\u00e4ksymme my\u00f6s mittatilausty\u00f6n\u00e4 tehdyt tarjoukset.<\/td>\n<\/tr>\n<\/tbody>\n<\/table>\n<h2>Tieh\u00f6yl\u00e4n ajettavan haravavaihteiston FMP-TBS128 t\u00e4rkeimm\u00e4t ominaisuudet<\/h2>\n<p>Tieh\u00f6yl\u00e4n k\u00e4ytt\u00e4m\u00e4 karhotinvaihteisto FMP-TBS128 on suunniteltu tarjoamaan vankkaa voimansiirtoa maatalouskoneissa k\u00e4ytett\u00e4ville karhotinj\u00e4rjestelmille varmistaen tehokkaan ja luotettavan toiminnan. Alla on lueteltu t\u00e4m\u00e4n vaihteiston t\u00e4rkeimm\u00e4t ominaisuudet:<\/p>\n<p><strong>Suuren v\u00e4\u00e4nt\u00f6momentin vaihteisto<\/strong><\/p>\n<ul>\n<li>FMP-TBS128-vaihteisto on suunniteltu k\u00e4sittelem\u00e4\u00e4n suuria v\u00e4\u00e4nt\u00f6momentteja, mink\u00e4 ansiosta se voi k\u00e4ytt\u00e4\u00e4 karhottimia tehokkaasti my\u00f6s raskaissa kuormitusolosuhteissa. T\u00e4m\u00e4 suuri v\u00e4\u00e4nt\u00f6momenttikapasiteetti varmistaa, ett\u00e4 karhotin toimii sujuvasti my\u00f6s tihe\u00e4ss\u00e4 tai kovassa kasvustossa.<\/li>\n<\/ul>\n<p><strong>Kest\u00e4v\u00e4 rakenne<\/strong><\/p>\n<ul>\n<li>Eritt\u00e4in lujista materiaaleista valmistettu FMP-TBS128-vaihteisto on eritt\u00e4in kest\u00e4v\u00e4 kulumista vastaan. T\u00e4m\u00e4 kest\u00e4vyys on ratkaisevan t\u00e4rke\u00e4\u00e4 pitk\u00e4aikaisen toiminnan varmistamiseksi haastavissa maatalousymp\u00e4rist\u00f6iss\u00e4, mukaan lukien maatalousk\u00e4yt\u00f6ille tyypilliset kosteat ja p\u00f6lyiset olosuhteet.<\/li>\n<\/ul>\n<p><strong>Kompakti muotoilu<\/strong><\/p>\n<ul>\n<li>Vaihteiston kompakti ja tilaa s\u00e4\u00e4st\u00e4v\u00e4 rakenne tekee siit\u00e4 sopivan k\u00e4ytett\u00e4v\u00e4ksi ahtaissa tiloissa maatalouskoneissa. T\u00e4m\u00e4 rakenne varmistaa helpon asennuksen ja minimoi h\u00e4iritsev\u00e4t tekij\u00e4t karhottimessa tai traktorissa.<\/li>\n<\/ul>\n<p><strong>Luotettava voimansiirto<\/strong><\/p>\n<ul>\n<li>Tarkkuussuunniteltujen sis\u00e4isten komponenttien ansiosta FMP-TBS128 varmistaa luotettavan voimansiirron traktorin voimanotosta karhottimeen. T\u00e4m\u00e4 v\u00e4hent\u00e4\u00e4 tehoh\u00e4vi\u00f6iden riski\u00e4 ja lis\u00e4\u00e4 toiminnan tehokkuutta, mik\u00e4 tekee siit\u00e4 eritt\u00e4in luotettavan vaihteiston johdonmukaisten tulosten saavuttamiseksi.<\/li>\n<\/ul>\n<p><strong>Kest\u00e4v\u00e4 tiivistysj\u00e4rjestelm\u00e4<\/strong><\/p>\n<ul>\n<li>FMP-TBS128 on varustettu kest\u00e4v\u00e4ll\u00e4 tiivistysj\u00e4rjestelm\u00e4ll\u00e4, joka est\u00e4\u00e4 p\u00f6lyn, lian ja kosteuden p\u00e4\u00e4syn vaihteistoon. T\u00e4m\u00e4 ominaisuus auttaa yll\u00e4pit\u00e4m\u00e4\u00e4n sis\u00e4isten komponenttien eheytt\u00e4, mik\u00e4 v\u00e4hent\u00e4\u00e4 vaurioiden todenn\u00e4k\u00f6isyytt\u00e4 ja usein tapahtuvan huollon tarvetta.<\/li>\n<\/ul>\n<p>N\u00e4m\u00e4 keskeiset ominaisuudet tekev\u00e4t FMP-TBS128-tiehyell\u00e4 k\u00e4ytett\u00e4v\u00e4st\u00e4 karhottimesta ihanteellisen valinnan maatalousk\u00e4ytt\u00f6\u00f6n, sill\u00e4 se tarjoaa korkeaa tehokkuutta, kest\u00e4vyytt\u00e4 ja sopeutumiskyky\u00e4 erilaisiin k\u00e4ytt\u00f6tarkoituksiin.<\/p>\n<p><img loading=\"lazy\" decoding=\"async\" class=\"alignnone size-full wp-image-2698\" src=\"https:\/\/fmp-components.com\/wp-content\/uploads\/2025\/01\/uubxblFV-Grader-Driven-Rake-Gearbox-FMP-TBS128-Features1.webp\" alt=\"Tieh\u00f6yl\u00e4k\u00e4ytt\u00f6inen karhotinvaihteisto FMP TBS128:n ominaisuudet (1)\" width=\"952\" height=\"453\" title=\"\" srcset=\"https:\/\/fmp-components.com\/wp-content\/uploads\/2025\/01\/uubxblFV-Grader-Driven-Rake-Gearbox-FMP-TBS128-Features1.webp 952w, https:\/\/fmp-components.com\/wp-content\/uploads\/2025\/01\/uubxblFV-Grader-Driven-Rake-Gearbox-FMP-TBS128-Features1-480x228.webp 480w\" sizes=\"(min-width: 0px) and (max-width: 480px) 480px, (min-width: 481px) 952px, 100vw\" \/><\/p>\n<h2>Tieh\u00f6yl\u00e4n ajettavan haravavaihteiston FMP-TBS128 sovellukset<\/h2>\n<p>Tieh\u00f6yl\u00e4n k\u00e4ytt\u00e4m\u00e4 karhotinvaihteisto FMP-TBS128 on suunniteltu k\u00e4ytett\u00e4v\u00e4ksi erilaisissa maatalouskoneissa, joissa luotettava voimansiirto ja tehokas toiminta ovat olennaisia. Seuraavassa on lueteltu t\u00e4m\u00e4n vaihteiston yleisimm\u00e4t k\u00e4ytt\u00f6kohteet:<\/p>\n<p><strong>Hein\u00e4- ja olkiharavat<\/strong><\/p>\n<ul>\n<li>K\u00e4ytt\u00f6: FMP-TBS128-vaihteistoa k\u00e4ytet\u00e4\u00e4n laajalti hein\u00e4- ja olkiharavissa hein\u00e4n, oljen tai ruohon tehokkaaseen ker\u00e4\u00e4miseen ja j\u00e4rjest\u00e4miseen karhoiksi kuivausta tai jatkok\u00e4sittely\u00e4 varten.<\/li>\n<li>Hy\u00f6ty: Se varmistaa, ett\u00e4 karhotin toimii optimaalisilla nopeuksilla ja v\u00e4\u00e4nt\u00f6momentilla, jolloin se k\u00e4sittelee tehokkaasti raskaita hein\u00e4- ja olkikuormia ja s\u00e4ilytt\u00e4\u00e4 samalla tasaisen suorituskyvyn.<\/li>\n<\/ul>\n<p><strong>Karhottimet<\/strong><\/p>\n<ul>\n<li>K\u00e4ytt\u00f6: Karhokoneita k\u00e4ytet\u00e4\u00e4n karhojen luomiseen korjatusta sadosta (kuten hein\u00e4st\u00e4 tai oljesta). FMP-TBS128-vaihteisto auttaa siirt\u00e4m\u00e4\u00e4n voimaa traktorin voimanottoakselilta karhomekanismiin varmistaen karhokoneen tehokkaan toiminnan.<\/li>\n<li>Etu: Vaihteisto varmistaa sujuvan voimansiirron ja suuren v\u00e4\u00e4nt\u00f6momentin, mik\u00e4 tekee siit\u00e4 ihanteellisen siistien ja tasaisten karhojen muodostamiseen tehokasta kuivausta varten.<\/li>\n<\/ul>\n<p><strong>Py\u00f6riv\u00e4t haravat<\/strong><\/p>\n<ul>\n<li>K\u00e4ytt\u00f6: Py\u00f6rivi\u00e4 haravoita k\u00e4ytet\u00e4\u00e4n yleisesti hein\u00e4ntuotannossa hein\u00e4n k\u00e4\u00e4nt\u00e4miseen ja p\u00f6yhimiseen, mik\u00e4 edist\u00e4\u00e4 tasaista kuivumista. FMP-TBS128-vaihteisto k\u00e4ytt\u00e4\u00e4 py\u00f6r\u00f6haravaa varmistaen optimaalisen nopeuden ja v\u00e4\u00e4nt\u00f6momentin.<\/li>\n<li>Hy\u00f6ty: Se mahdollistaa hein\u00e4n tehokkaan ja tasaisen levitt\u00e4misen tai p\u00f6yhimisen varmistaen, ett\u00e4 hein\u00e4 on riitt\u00e4v\u00e4sti ilmastettua ja valmista paalattavaksi tai jatkojalostukseen.<\/li>\n<\/ul>\n<p><strong>Hein\u00e4koneet<\/strong><\/p>\n<ul>\n<li>K\u00e4ytt\u00f6: P\u00f6yhint\u00e4koneita k\u00e4ytet\u00e4\u00e4n hein\u00e4n ja ruohon levitt\u00e4miseen ja p\u00f6yhimiseen, mik\u00e4 parantaa ilmankiertoa ja nopeuttaa kuivumista. Vaihteisto k\u00e4ytt\u00e4\u00e4 p\u00f6yhint\u00e4mekanismia, mik\u00e4 mahdollistaa tasaisen toiminnan ja voimansiirron.<\/li>\n<li>Hy\u00f6ty: Vaihteisto varmistaa, ett\u00e4 p\u00f6yhinkone toimii tasaisesti, mik\u00e4 v\u00e4hent\u00e4\u00e4 hein\u00e4n sotkeutumisen riski\u00e4 ja parantaa kuivaustehokkuutta.<\/li>\n<\/ul>\n<p><strong>Maatalouden tieh\u00f6yl\u00e4t<\/strong><\/p>\n<ul>\n<li>K\u00e4ytt\u00f6: Maanmuokkaus- ja tasoituslaitteissa FMP-TBS128-vaihteistoa k\u00e4ytet\u00e4\u00e4n tieh\u00f6ylien voimanl\u00e4hteen\u00e4, jotka tasoittavat tai silottavat maan pintoja istutusta tai muokkausta varten.<\/li>\n<li>Hy\u00f6ty: Vaihteisto tarjoaa tarvittavan v\u00e4\u00e4nt\u00f6momentin ja vakauden tarkkaan maanmuokkaukseen, mik\u00e4 varmistaa tasaisen pellonmuokkauksen.<\/li>\n<\/ul>\n<p>N\u00e4m\u00e4 sovellukset osoittavat FMP-TBS128-tieh\u00f6yl\u00e4n k\u00e4ytt\u00f6isen karhotinvaihteiston monipuolisuuden, mik\u00e4 tekee siit\u00e4 sopivan monenlaisiin maatalousteht\u00e4viin, jotka vaativat luotettavaa voimansiirtoa, kest\u00e4vyytt\u00e4 ja tehokkuutta peltot\u00f6iss\u00e4.<\/p>\n<p><img loading=\"lazy\" decoding=\"async\" class=\"alignnone size-full wp-image-2700\" src=\"https:\/\/fmp-components.com\/wp-content\/uploads\/2025\/01\/Grader-Driven-Rake-Gearbox-EP-TBS128-Applications1.webp\" alt=\"Tieh\u00f6yl\u00e4k\u00e4ytt\u00f6inen haravavaihteisto FMP TBS128 -sovellukset (1)\" width=\"1000\" height=\"700\" title=\"\" srcset=\"https:\/\/fmp-components.com\/wp-content\/uploads\/2025\/01\/Grader-Driven-Rake-Gearbox-EP-TBS128-Applications1.webp 1000w, https:\/\/fmp-components.com\/wp-content\/uploads\/2025\/01\/Grader-Driven-Rake-Gearbox-EP-TBS128-Applications1-980x686.webp 980w, https:\/\/fmp-components.com\/wp-content\/uploads\/2025\/01\/Grader-Driven-Rake-Gearbox-EP-TBS128-Applications1-480x336.webp 480w\" sizes=\"(min-width: 0px) and (max-width: 480px) 480px, (min-width: 481px) and (max-width: 980px) 980px, (min-width: 981px) 1000px, 100vw\" \/><\/p>\n<h2>Tietoja FMP:st\u00e4<\/h2>\n<p>Italiassa sijaitseva FMP on johtava valmistaja, joka on erikoistunut tehokkaiden vaihteistojen suunnitteluun, kehitt\u00e4miseen ja tuotantoon, erityisesti maatalouskonesektorilla. Tarkkuudestaan, innovatiivisista ratkaisuistaan \u200b\u200bja horjumattomasta luotettavuudestaan \u200b\u200btunnettu FMP on tullut luotettu kumppani sek\u00e4 maatalous- ett\u00e4 teollisuussektoreille. Kattava tuotevalikoimamme sis\u00e4lt\u00e4\u00e4 ruohonleikkureiden, nivelakseleiden ja muiden keskeisten komponenttien erikoisvaihteistoja, jotka kaikki on huolellisesti valmistettu tarjoamaan r\u00e4\u00e4t\u00e4l\u00f6ityj\u00e4 ratkaisuja monenlaisiin k\u00e4ytt\u00f6tarkoituksiin.<\/p>\n<p>FMP:ll\u00e4 ymm\u00e4rr\u00e4mme, ett\u00e4 jokainen asiakas kohtaa ainutlaatuisia haasteita ja vaatimuksia. Siksi keskitymme r\u00e4\u00e4t\u00e4l\u00f6ityjen ratkaisujen toimittamiseen, olipa kyse sitten yksitt\u00e4isist\u00e4 komponenteista tai t\u00e4ysin integroiduista j\u00e4rjestelmist\u00e4. Teemme tiivist\u00e4 yhteisty\u00f6t\u00e4 asiakkaidemme kanssa varmistaaksemme, ett\u00e4 jokainen ratkaisu on paitsi tehokas my\u00f6s toimiva, optimoiden sek\u00e4 suorituskyvyn ett\u00e4 arvon. Sitoutumisemme tarjota nopeita ja ammattimaisia \u200b\u200b\u200b\u200bvastauksia yhdistettyn\u00e4 asiantuntevaan ohjaukseen takaa, ett\u00e4 jokainen tiedustelu k\u00e4sitell\u00e4\u00e4n \u00e4\u00e4rimm\u00e4isen huolellisesti, mik\u00e4 johtaa parhaisiin mahdollisiin tuloksiin.<\/p>\n<p>Avoin ja jatkuva viestint\u00e4 on l\u00e4hestymistapamme kulmakivi. Omistautunut tiimimme ty\u00f6skentelee tiiviisti asiakkaiden kanssa koko tuotekehitysprosessin ajan ymm\u00e4rt\u00e4\u00e4kseen heid\u00e4n erityistarpeitaan syv\u00e4llisesti. Tarjoamme arvokasta tietoa ja suosituksia optimaalisten ratkaisujen varmistamiseksi. Olipa kyse sitten uusien tuotteiden suunnittelusta tai jatkuvien tilausten t\u00e4ytt\u00e4misest\u00e4, FMP on sitoutunut toimittamaan korkealaatuisia, tarkasti suunniteltuja ratkaisuja aikataulussa, joka kerta. Missiomme on ylitt\u00e4\u00e4 asiakkaiden odotukset tarjoamalla erinomaista palvelua ja tuloksia jokaisessa projektissa.<\/p>\n<p>Laatu on kaiken toimintamme ytimess\u00e4. Noudatamme korkeimpia valmistusstandardeja ja toteutamme tiukkoja laadunvalvontamenettelyj\u00e4 varmistaaksemme, ett\u00e4 jokainen tuote t\u00e4ytt\u00e4\u00e4 ja ylitt\u00e4\u00e4 alan standardit. T\u00e4m\u00e4 sitoutuminen huippuosaamiseen yhdistettyn\u00e4 ydinarvoihimme, kuten rehellisyyteen, tiimity\u00f6h\u00f6n ja sinnikkyyteen, on auttanut FMP:t\u00e4 luomaan pitk\u00e4aikaisia, luottamukseen perustuvia asiakassuhteita l\u00e4hes 30 maassa maailmanlaajuisesti.<\/p>\n<p>FMP on aina halukas edist\u00e4m\u00e4\u00e4n globaaleja kumppanuuksia ja on sitoutunut tarjoamaan asiantuntevaa neuvontaa ja r\u00e4\u00e4t\u00e4l\u00f6ityj\u00e4 ratkaisuja, jotka vastaavat asiakkaidemme monimuotoisiin tarpeisiin. Emme ainoastaan \u200b\u200btoimita tuotteita \u2013 pyrimme rakentamaan kest\u00e4vi\u00e4 suhteita, jotka edist\u00e4v\u00e4t jokaisen projektin pitk\u00e4n aikav\u00e4lin menestyst\u00e4. Tarvitsetpa sitten innovatiivisia ratkaisuja uuteen aloitteeseen tai jatkuvaa tukea olemassa olevalle j\u00e4rjestelm\u00e4lle, FMP on valmis vastaamaan teknisiin haasteisiisi ja varmistamaan jatkuvan menestyksesi.<\/p>\n<p><img loading=\"lazy\" decoding=\"async\" class=\"alignnone wp-image-2695\" src=\"https:\/\/fmp-components.com\/wp-content\/uploads\/2025\/01\/agricultural-gearbox3.webp\" alt=\"maatalousvaihteisto\" width=\"953\" height=\"951\" title=\"\" srcset=\"https:\/\/fmp-components.com\/wp-content\/uploads\/2025\/01\/agricultural-gearbox3.webp 953w, https:\/\/fmp-components.com\/wp-content\/uploads\/2025\/01\/agricultural-gearbox3-480x479.webp 480w\" sizes=\"(min-width: 0px) and (max-width: 480px) 480px, (min-width: 481px) 953px, 100vw\" \/><\/p>\n<p>Tekij\u00e4: CX<\/p>","protected":false},"excerpt":{"rendered":"<p>Grader Driven Rake Gearbox FMP-TBS128 Dimensions Grader Driven Rake Gearbox FMP-TBS128 Technical Data i Suitable Rpm input Rpm output KW(Nom) KW(Max) Toothing r\/min r\/min hp hp gear 1 3.69:1 Crawler Rotary Cultivator, etc 2400 650 80 100 Gleason Helical Teeth gear 2 2.81: 1 2400 850 Remark: If you have any special require feel free [&hellip;]<\/p>","protected":false},"featured_media":2699,"comment_status":"open","ping_status":"closed","template":"","meta":{"_et_pb_use_builder":"","_et_pb_old_content":"","_et_gb_content_width":""},"product_brand":[],"product_cat":[66],"product_tag":[],"class_list":{"0":"post-2696","1":"product","2":"type-product","3":"status-publish","4":"has-post-thumbnail","6":"product_cat-grader-driven-rake-gearbox","8":"first","9":"instock","10":"shipping-taxable","11":"product-type-simple"},"_links":{"self":[{"href":"https:\/\/fmp-components.com\/fi\/wp-json\/wp\/v2\/product\/2696","targetHints":{"allow":["GET"]}}],"collection":[{"href":"https:\/\/fmp-components.com\/fi\/wp-json\/wp\/v2\/product"}],"about":[{"href":"https:\/\/fmp-components.com\/fi\/wp-json\/wp\/v2\/types\/product"}],"replies":[{"embeddable":true,"href":"https:\/\/fmp-components.com\/fi\/wp-json\/wp\/v2\/comments?post=2696"}],"wp:featuredmedia":[{"embeddable":true,"href":"https:\/\/fmp-components.com\/fi\/wp-json\/wp\/v2\/media\/2699"}],"wp:attachment":[{"href":"https:\/\/fmp-components.com\/fi\/wp-json\/wp\/v2\/media?parent=2696"}],"wp:term":[{"taxonomy":"product_brand","embeddable":true,"href":"https:\/\/fmp-components.com\/fi\/wp-json\/wp\/v2\/product_brand?post=2696"},{"taxonomy":"product_cat","embeddable":true,"href":"https:\/\/fmp-components.com\/fi\/wp-json\/wp\/v2\/product_cat?post=2696"},{"taxonomy":"product_tag","embeddable":true,"href":"https:\/\/fmp-components.com\/fi\/wp-json\/wp\/v2\/product_tag?post=2696"}],"curies":[{"name":"wp","href":"https:\/\/api.w.org\/{rel}","templated":true}]}}