{"id":2665,"date":"2025-01-03T05:45:44","date_gmt":"2025-01-03T05:45:44","guid":{"rendered":"https:\/\/fmp-components.com\/product\/professional-multi-stage-hydraulic-cylinder-for-dump-truck\/"},"modified":"2025-01-04T00:42:26","modified_gmt":"2025-01-04T00:42:26","slug":"professional-multi-stage-hydraulic-cylinder-for-dump-truck","status":"publish","type":"product","link":"https:\/\/fmp-components.com\/fi\/product\/professional-multi-stage-hydraulic-cylinder-for-dump-truck\/","title":{"rendered":"Ammattimainen monivaiheinen hydraulisylinteri kippiautoon"},"content":{"rendered":"<h2>Johdatus ammattimaiseen monivaiheiseen hydrauliseen sylinteriin kippiautolle<\/h2>\n<p>Ammattimainen monivaiheinen hydraulisylinteri kippiautoon on v\u00e4ltt\u00e4m\u00e4t\u00f6n hankinta jokaisessa kippiautossa. Se on suunniteltu tarjoamaan luotettavaa ja tehokasta raskaiden kuormien nostamista ja tyhjent\u00e4mist\u00e4, mik\u00e4 tekee siit\u00e4 olennaisen komponentin teollisuus- ja rakennusaloilla. T\u00e4m\u00e4 hydraulisylinteri on rakennettu kest\u00e4m\u00e4\u00e4n ankarimmatkin ty\u00f6olosuhteet ja on riitt\u00e4v\u00e4n kest\u00e4v\u00e4 k\u00e4sittelem\u00e4\u00e4n raskaita kuormia p\u00e4iv\u00e4st\u00e4 toiseen.<\/p>\n<h3>Ominaisuudet<\/h3>\n<ul>\n<li>Monivaiheinen hydraulisylinterin suunnittelu<\/li>\n<li>Korkean lujuuden omaava ter\u00e4srakenne<\/li>\n<li>Saumaton viimeistely<\/li>\n<li>Korroosionkest\u00e4v\u00e4<\/li>\n<li>Helppo asentaa ja huoltaa<\/li>\n<\/ul>\n<p>Ammattimainen monivaiheinen hydraulisylinteri kippiautoille on olennainen osa kippiautoja. Kest\u00e4v\u00e4n rakenteensa ja suuren nostokapasiteettinsa ansiosta se tarjoaa luotettavan ja tehokkaan raskaiden kuormien nostamisen ja tyhjent\u00e4misen, mik\u00e4 tekee siit\u00e4 suositun valinnan teollisuus- ja rakennusaloilla. Helppo huolto ja sujuva toiminta tekev\u00e4t siit\u00e4 kustannustehokkaan vaihtoehdon kippiauton omistajille, jotka tarvitsevat luotettavan hydraulisylinterin, joka pystyy k\u00e4sittelem\u00e4\u00e4n raskaita kuormia p\u00e4iv\u00e4st\u00e4 toiseen.<\/p>\n<h2>Tuotteen yleiskatsaus<\/h2>\n<p>Ammattimainen monivaiheinen hydraulisylinteri kippiautoille on korkealaatuinen, standardin mukainen ja upouusi tuote. Sit\u00e4 voidaan k\u00e4ytt\u00e4\u00e4 useilla eri teollisuudenaloilla, kuten tuotantolaitoksissa, konepajoissa, maatiloilla, energia-alalla ja kaivosteollisuudessa. T\u00e4m\u00e4 hydraulisylinteri on valmistettu korkealaatuisesta 20#\/45#-ter\u00e4ksest\u00e4, mik\u00e4 tekee siit\u00e4 kest\u00e4v\u00e4n ja lujan. 12 kg:n painolla sen maksimity\u00f6nt\u00f6voima on 3000 ja maksimivetovoima 600.<\/p>\n<h2>Ominaisuudet ja edut<\/h2>\n<ul>\n<li>Hydraulinen voima: T\u00e4m\u00e4 hydraulisylinteri k\u00e4ytt\u00e4\u00e4 nestepaineen voimaa voiman luomiseen, mik\u00e4 tekee siit\u00e4 eritt\u00e4in tehokkaan ja luotettavan.<\/li>\n<li>Digitaalinen rakenne: Digitaalinen sylinterirakenne varmistaa tarkkuuden ja helpon ohjattavuuden.<\/li>\n<li>Energians\u00e4\u00e4st\u00f6: Nerokkaan suunnittelunsa ansiosta se auttaa s\u00e4\u00e4st\u00e4m\u00e4\u00e4n energiaa ja on ymp\u00e4rist\u00f6yst\u00e4v\u00e4llinen ratkaisu.<\/li>\n<li>Turvallisuus: Valmistettu korkealaatuisesta ter\u00e4ksest\u00e4, se takaa turvallisuuden, kest\u00e4vyyden ja pitk\u00e4ik\u00e4isyyden.<\/li>\n<\/ul>\n<h2>Tekniset tiedot<\/h2>\n<table style=\"width: 90.7998%; height: 160px;\" border=\"1\">\n<tbody>\n<tr style=\"height: 23px;\">\n<td style=\"height: 23px;\"><i>Rei\u00e4n koko<\/i><\/td>\n<td style=\"height: 23px;\">2\u20136 tuumaa<\/td>\n<\/tr>\n<tr style=\"height: 23px;\">\n<td style=\"height: 23px;\"><i>Tangon koko<\/i><\/td>\n<td style=\"height: 23px;\">1,125\u20134 tuumaa<\/td>\n<\/tr>\n<tr style=\"height: 23px;\">\n<td style=\"height: 23px;\"><i>Iskun koko<\/i><\/td>\n<td style=\"height: 23px;\">4\u2013100 tuumaa<\/td>\n<\/tr>\n<tr style=\"height: 23px;\">\n<td style=\"height: 23px;\"><i>Tapin koko<\/i><\/td>\n<td style=\"height: 23px;\">0,5\u20132 tuumaa<\/td>\n<\/tr>\n<tr style=\"height: 23px;\">\n<td style=\"height: 23px;\"><i>Portit<\/i><\/td>\n<td style=\"height: 23px;\">G\/SAE\/NPT\/M<\/td>\n<\/tr>\n<\/tbody>\n<\/table>\n<h2>Kippiauton ja per\u00e4vaunun hydraulisylinterin edut<\/h2>\n<ul>\n<li><strong>Lis\u00e4\u00e4ntynyt tehokkuus:<\/strong> Hydraulisylintereill\u00e4 varustetut kippiautot ja per\u00e4vaunut voivat toimia tehokkaammin kuin ilman niit\u00e4 olevat. Hydraulij\u00e4rjestelm\u00e4 tarjoaa tasaisen ja luotettavan voimansiirron, joka mahdollistaa materiaalien nopeamman ja tarkemman tyhjennyksen. T\u00e4m\u00e4 s\u00e4\u00e4st\u00e4\u00e4 aikaa ja ty\u00f6voimakustannuksia samalla, kun se lis\u00e4\u00e4 kokonaistuottavuutta. Lis\u00e4ksi hydrauliset j\u00e4rjestelm\u00e4t ovat eritt\u00e4in tehokkaita energiankulutuksen suhteen. Ne vaativat v\u00e4hemm\u00e4n energiaa toimiakseen verrattuna mekaanisiin j\u00e4rjestelmiin, mik\u00e4 tarkoittaa alhaisempia polttoainekustannuksia ja pienemp\u00e4\u00e4 ymp\u00e4rist\u00f6vaikutusta. Lis\u00e4ksi hydraulisylinterit on suunniteltu pitk\u00e4ik\u00e4iseen suorituskykyyn, mik\u00e4 v\u00e4hent\u00e4\u00e4 usein tapahtuvan huollon ja korjausten tarvetta.<\/li>\n<li><strong>Parannettu turvallisuus:<\/strong> Kippiautot ja per\u00e4vaunut voivat olla vaarallisia, jos niit\u00e4 ei k\u00e4ytet\u00e4 oikein. Hydraulisylinterit voivat kuitenkin parantaa turvallisuutta v\u00e4hent\u00e4m\u00e4ll\u00e4 kaatumis- tai vuotoriski\u00e4 kippiprosessin aikana. Hydraulij\u00e4rjestelm\u00e4 tarjoaa vakaan ja tasaisen voimansiirron est\u00e4en \u00e4killiset liikkeet tai nyk\u00e4ykset, jotka voisivat horjuttaa ajoneuvoa. Lis\u00e4ksi hydrauliikkaj\u00e4rjestelmiin voidaan asentaa turvaominaisuuksia, kuten paineenalennusventtiilej\u00e4 ja ylikuormitussuojaa, jotka varmistavat, ett\u00e4 j\u00e4rjestelm\u00e4 ei ylit\u00e4 maksimikapasiteettiaan. Parantamalla turvallisuutta hydraulisylinterit voivat auttaa v\u00e4hent\u00e4m\u00e4\u00e4n onnettomuuksien ja loukkaantumisten riski\u00e4 suojellen sek\u00e4 ty\u00f6ntekij\u00f6it\u00e4 ett\u00e4 laitteita.<\/li>\n<li><strong>Lis\u00e4\u00e4ntynyt monipuolisuus:<\/strong> Hydraulisylintereill\u00e4 varustettuja kippiautoja ja per\u00e4vaunuja voidaan k\u00e4ytt\u00e4\u00e4 monenlaisiin k\u00e4ytt\u00f6tarkoituksiin. Hydraulij\u00e4rjestelm\u00e4t ovat eritt\u00e4in mukautuvia ja ne voidaan r\u00e4\u00e4t\u00e4l\u00f6id\u00e4 eri teollisuudenalojen ja sovellusten erityistarpeisiin. Esimerkiksi hydraulisylinterit voidaan suunnitella toimimaan eri paineilla ja nopeuksilla, mik\u00e4 mahdollistaa tarkan kippiprosessin hallinnan. Niit\u00e4 voidaan k\u00e4ytt\u00e4\u00e4 my\u00f6s raskaiden kuormien nostamiseen tai materiaalien ty\u00f6nt\u00e4miseen sivuun, mik\u00e4 tekee niist\u00e4 hy\u00f6dyllisi\u00e4 rakennusalalla, kaivosteollisuudessa ja maataloudessa.<\/li>\n<li><strong>Parempi mukavuus:<\/strong> Kippiautojen ja per\u00e4vaunujen kuljettajat voivat hy\u00f6ty\u00e4 hydraulisten j\u00e4rjestelmien tarjoamasta parantuneesta mukavuudesta. Hydraulisylinterien tasainen toiminta v\u00e4hent\u00e4\u00e4 t\u00e4rin\u00e4\u00e4 ja t\u00e4rin\u00e4\u00e4, mik\u00e4 v\u00e4hent\u00e4\u00e4 kuljettajan v\u00e4symist\u00e4 ja parantaa yleist\u00e4 mukavuutta. Lis\u00e4ksi hydrauliset j\u00e4rjestelm\u00e4t voidaan suunnitella toimimaan hiljaisesti, mik\u00e4 v\u00e4hent\u00e4\u00e4 melusaastetta ja luo mukavamman ty\u00f6ymp\u00e4rist\u00f6n. T\u00e4m\u00e4 voi olla erityisen t\u00e4rke\u00e4\u00e4 sovelluksissa, joissa ty\u00f6ntekij\u00e4t ovat pitki\u00e4 aikoja l\u00e4hell\u00e4 laitteita.<\/li>\n<li><strong>Lis\u00e4\u00e4ntynyt hallinta:<\/strong> Hydraulisylinterit tarjoavat tarkan hallinnan tyhjennysprosessille, jolloin k\u00e4ytt\u00e4j\u00e4t voivat s\u00e4\u00e4t\u00e4\u00e4 tyhjennysnopeutta ja -kulmaa. T\u00e4m\u00e4 hallinnan taso voi olla erityisen hy\u00f6dyllinen sovelluksissa, joissa tyhjennett\u00e4v\u00e4 materiaali on herkk\u00e4 tai vaatii tarkkaa paikannusta. Lis\u00e4ksi hydraulisylintereit\u00e4 voidaan k\u00e4ytt\u00e4\u00e4 et\u00e4n\u00e4, mik\u00e4 tarjoaa entist\u00e4 paremman hallinnan ja joustavuuden. T\u00e4m\u00e4 voi olla hy\u00f6dyllist\u00e4 sovelluksissa, joissa k\u00e4ytt\u00e4j\u00e4n on oltava eri paikassa kuin laitteet tai joissa n\u00e4kyvyys on rajoitettu.<\/li>\n<\/ul>\n<p><img loading=\"lazy\" decoding=\"async\" class=\"alignnone size-full wp-image-2676\" src=\"https:\/\/fmp-components.com\/wp-content\/uploads\/2025\/01\/hydraulic-cylinder-workshop.webp\" alt=\"hydraulisylinterity\u00f6paja\" width=\"914\" height=\"733\" title=\"\" srcset=\"https:\/\/fmp-components.com\/wp-content\/uploads\/2025\/01\/hydraulic-cylinder-workshop.webp 914w, https:\/\/fmp-components.com\/wp-content\/uploads\/2025\/01\/hydraulic-cylinder-workshop-480x385.webp 480w\" sizes=\"(min-width: 0px) and (max-width: 480px) 480px, (min-width: 481px) 914px, 100vw\" \/><\/p>\n<h2>Tietoja FMP:st\u00e4<\/h2>\n<p>FMP on johtava italialainen yritys, joka on erikoistunut rakennuskoneiden lis\u00e4varusteiden ja kokonaisten koneiden myyntiin ja huoltoon. Yrityksell\u00e4mme on laaja kokemus alalta ja ammattitaitoinen tiimi, joka on sitoutunut tarjoamaan asiakkaille korkealaatuisia ja luotettavia rakennuskoneratkaisuja.<\/p>\n<p>T\u00e4ss\u00e4 on viisi syyt\u00e4, miksi sinun kannattaa valita FMP:n:<\/p>\n<p>1. Korkealaatuiset tarkkuustekniikan hydraulisylinterit<br \/>\nFMP:ll\u00e4 olemme sitoutuneet laatuun liiketoimintamme kaikilla tasoilla. Hydraulisylinterimme on tarkasti suunniteltu t\u00e4ytt\u00e4m\u00e4\u00e4n alan korkeimmat standardit. K\u00e4yt\u00e4mme vain korkealaatuisia raaka-aineita ja suoritamme tiukkoja laatutarkastuksia valmiille tuotteille varmistaaksemme, ett\u00e4 asiakkaamme saavat parhaat mahdolliset tuotteet.<\/p>\n<p>2. Laaja tuotevalikoima<br \/>\nTarjoamme laajan valikoiman rakennuskoneiden lis\u00e4varusteita ja kokonaisia \u200b\u200bkoneita, mukaan lukien erilaisia \u200b\u200bhydraulisylintereit\u00e4, vaihteistoja, ketjuja ja ketjupy\u00f6ri\u00e4. Tuotevalikoimamme kattaa kaikenlaiset rakennuskoneet ja lis\u00e4varusteet, mukaan lukien moottorin lis\u00e4varusteet, hydrauliikkaj\u00e4rjestelmien komponentit, alustan lis\u00e4varusteet ja s\u00e4hk\u00f6j\u00e4rjestelmien lis\u00e4varusteet.<\/p>\n<p>3. Pitk\u00e4aikaiset ja vakaat yhteisty\u00f6suhteet toimittajien kanssa<br \/>\nFMP on luonut pitk\u00e4aikaisia \u200b\u200bja vakaita yhteisty\u00f6suhteita monien korkealaatuisten kotimaisten ja ulkomaisten toimittajien kanssa. T\u00e4m\u00e4 varmistaa, ett\u00e4 kaikki toimitetut tarvikkeet t\u00e4ytt\u00e4v\u00e4t tiukat laatustandardit ja asiakkaamme saavat parhaat mahdolliset tuotteet.<\/p>\n<p>4. Kokenut ja taitava myyntitiimi<br \/>\nMyyntitiimimme on kokenut ja taitava rakennuskonealalla. He tuntevat uusimmat kehitystrendit ja asiakkaiden tarpeet ja voivat tarjota ammattimaista tuotekonsultointia ja \u00e4lykk\u00e4it\u00e4 osto-ohjeita varmistaakseen, ett\u00e4 asiakkaamme saavat tarpeisiinsa sopivat tuotteet.<\/p>\n<p>5. Tehokas logistiikka- ja jakeluj\u00e4rjestelm\u00e4<br \/>\nMeill\u00e4 on tehokas logistiikkaj\u00e4rjestelm\u00e4, joka varmistaa, ett\u00e4 asiakkaamme saavat tarvittavat osat ajallaan ja t\u00e4sm\u00e4llisesti. Logistiikkatiimimme on sitoutunut tarjoamaan parasta mahdollista palvelua asiakkaidemme tyytyv\u00e4isyyden varmistamiseksi.<\/p>\n<p>Jos etsit korkealaatuisia rakennuskoneiden lis\u00e4varusteita ja kokonaisia \u200b\u200bkoneita, FMP on paras valintasi. Ota meihin yhteytt\u00e4 jo t\u00e4n\u00e4\u00e4n saadaksesi lis\u00e4tietoja tuotteistamme ja siit\u00e4, miten voimme auttaa sinua t\u00e4ytt\u00e4m\u00e4\u00e4n rakennuskonetarpeesi.<\/p>\n<p><img loading=\"lazy\" decoding=\"async\" class=\"alignnone wp-image-2672\" src=\"https:\/\/fmp-components.com\/wp-content\/uploads\/2025\/01\/Dump-Truck-Trailer-Hydraulic-Cylinder-product-3-2.webp\" alt=\"Kippiauton ja per\u00e4vaunun hydraulisylinteri-tuote-3\" width=\"921\" height=\"675\" title=\"\" srcset=\"https:\/\/fmp-components.com\/wp-content\/uploads\/2025\/01\/Dump-Truck-Trailer-Hydraulic-Cylinder-product-3-2.webp 921w, https:\/\/fmp-components.com\/wp-content\/uploads\/2025\/01\/Dump-Truck-Trailer-Hydraulic-Cylinder-product-3-2-480x352.webp 480w\" sizes=\"(min-width: 0px) and (max-width: 480px) 480px, (min-width: 481px) 921px, 100vw\" \/><br \/>\nTekij\u00e4: CX<\/p>","protected":false},"excerpt":{"rendered":"<p>Johdatus ammattimaiseen monivaiheiseen hydrauliseen sylinteriin kippiautolle Ammattimainen monivaiheinen hydraulinen sylinteri kippiautolle on v\u00e4ltt\u00e4m\u00e4t\u00f6n hankinta jokaiselle kippiautolle. Se on suunniteltu tarjoamaan raskaiden kuormien luotettavaa ja tehokasta nostamista ja tyhjent\u00e4mist\u00e4, mik\u00e4 tekee siit\u00e4 olennaisen komponentin teollisuus- ja rakennusalalla. T\u00e4m\u00e4 hydraulinen sylinteri on [\u2026]<\/p>","protected":false},"featured_media":2666,"comment_status":"closed","ping_status":"closed","template":"","meta":{"_et_pb_use_builder":"","_et_pb_old_content":"","_et_gb_content_width":""},"product_brand":[],"product_cat":[63],"product_tag":[65,34],"class_list":{"0":"post-2665","1":"product","2":"type-product","3":"status-publish","4":"has-post-thumbnail","6":"product_cat-dump-truck-trailer-hydraulic-cylinder","7":"product_tag-dump-truck-trailer-hydraulic-cylinder","8":"product_tag-hydraulic-cylinder","10":"first","11":"instock","12":"product-type-simple"},"_links":{"self":[{"href":"https:\/\/fmp-components.com\/fi\/wp-json\/wp\/v2\/product\/2665","targetHints":{"allow":["GET"]}}],"collection":[{"href":"https:\/\/fmp-components.com\/fi\/wp-json\/wp\/v2\/product"}],"about":[{"href":"https:\/\/fmp-components.com\/fi\/wp-json\/wp\/v2\/types\/product"}],"replies":[{"embeddable":true,"href":"https:\/\/fmp-components.com\/fi\/wp-json\/wp\/v2\/comments?post=2665"}],"wp:featuredmedia":[{"embeddable":true,"href":"https:\/\/fmp-components.com\/fi\/wp-json\/wp\/v2\/media\/2666"}],"wp:attachment":[{"href":"https:\/\/fmp-components.com\/fi\/wp-json\/wp\/v2\/media?parent=2665"}],"wp:term":[{"taxonomy":"product_brand","embeddable":true,"href":"https:\/\/fmp-components.com\/fi\/wp-json\/wp\/v2\/product_brand?post=2665"},{"taxonomy":"product_cat","embeddable":true,"href":"https:\/\/fmp-components.com\/fi\/wp-json\/wp\/v2\/product_cat?post=2665"},{"taxonomy":"product_tag","embeddable":true,"href":"https:\/\/fmp-components.com\/fi\/wp-json\/wp\/v2\/product_tag?post=2665"}],"curies":[{"name":"wp","href":"https:\/\/api.w.org\/{rel}","templated":true}]}}