{"id":2627,"date":"2025-01-03T03:21:09","date_gmt":"2025-01-03T03:21:09","guid":{"rendered":"https:\/\/fmp-components.com\/?page_id=8"},"modified":"2025-01-03T03:25:57","modified_gmt":"2025-01-03T03:25:57","slug":"square-baler-gearbox-fmp-dfk192-for-big-square-baler","status":"publish","type":"product","link":"https:\/\/fmp-components.com\/fi\/product\/square-baler-gearbox-fmp-dfk192-for-big-square-baler\/","title":{"rendered":"Kanttipaalaimen vaihteisto FMP-DFK192 isolle kanttipaalaimelle"},"content":{"rendered":"<h2>Kanttipaalaimen vaihteiston FMP-DFK192 mitat<\/h2>\n<p><img loading=\"lazy\" decoding=\"async\" class=\"alignnone size-full wp-image-2635\" src=\"https:\/\/fmp-components.com\/wp-content\/uploads\/2025\/01\/Square-Baler-Gearbox-EP-DFK192-Dimensions.webp\" alt=\"Neli\u00f6paalaimen-vaihteisto-FMP-DFK192-Mitat\" width=\"979\" height=\"1024\" title=\"\" srcset=\"https:\/\/fmp-components.com\/wp-content\/uploads\/2025\/01\/Square-Baler-Gearbox-EP-DFK192-Dimensions.webp 979w, https:\/\/fmp-components.com\/wp-content\/uploads\/2025\/01\/Square-Baler-Gearbox-EP-DFK192-Dimensions-480x502.webp 480w\" sizes=\"(min-width: 0px) and (max-width: 480px) 480px, (min-width: 481px) 979px, 100vw\" \/><\/p>\n<h2>Kanttipaalaimen vaihteiston FMP-DFK192 tekniset tiedot<\/h2>\n<table style=\"width: 99.0645%; height: 101px;\" border=\"1\" cellspacing=\"0\" cellpadding=\"0\">\n<tbody>\n<tr style=\"height: 23px;\">\n<td style=\"height: 46px;\" colspan=\"3\" rowspan=\"2\">min\u00e4<\/td>\n<td style=\"height: 46px;\" rowspan=\"2\">Sopii<\/td>\n<td style=\"height: 23px;\">Kierroslukutulo<\/td>\n<td style=\"height: 23px;\">kW (nim.)<\/td>\n<td style=\"height: 23px;\">Nimellisv\u00e4\u00e4nt\u00f6momentti<\/td>\n<td style=\"height: 23px;\">Maksimikuormitus<\/td>\n<td style=\"height: 46px;\" rowspan=\"2\">X-akselin tyyppi<\/td>\n<\/tr>\n<tr style=\"height: 23px;\">\n<td style=\"height: 23px;\">kierrosta minuutissa<\/td>\n<td style=\"height: 23px;\">kW<\/td>\n<td style=\"height: 23px;\">Nm<\/td>\n<td style=\"height: 23px;\">Nm<\/td>\n<\/tr>\n<tr style=\"height: 23px;\">\n<td style=\"height: 23px;\">XY<\/td>\n<td style=\"height: 23px;\">XZ<\/td>\n<td style=\"height: 23px;\">XE<\/td>\n<td style=\"height: 23px;\">Iso neli\u00f6paalain<\/td>\n<td style=\"height: 23px;\">1000<\/td>\n<td style=\"height: 23px;\">192<\/td>\n<td style=\"height: 23px;\">1825<\/td>\n<td style=\"height: 23px;\">4000<\/td>\n<td style=\"height: 23px;\">2 tyyppi\u00e4<\/td>\n<\/tr>\n<tr style=\"height: 23px;\">\n<td style=\"height: 23px;\" colspan=\"9\">Huomautus: Jos sinulla on erityisvaatimuksia, kerro siit\u00e4 minulle, hyv\u00e4ksymme my\u00f6s mittatilausty\u00f6n\u00e4 tehdyt tarjoukset.<\/td>\n<\/tr>\n<\/tbody>\n<\/table>\n<h2>Kanttipaalaimen FMP-DFK192-vaihteiston edut isoille kanttipaalaimille<\/h2>\n<p>Kanttipaalaimen vaihteisto FMP-DFK192 on suunniteltu erityisesti k\u00e4ytett\u00e4v\u00e4ksi suurten kanttipaalainten kanssa, ja se tarjoaa useita etuja, jotka parantavat suorituskyky\u00e4, kest\u00e4vyytt\u00e4 ja tehokkuutta laajamittaisissa maatalousoperaatioissa. Alla on lueteltu FMP-DFK192-kanttipaalaimen vaihteiston t\u00e4rkeimm\u00e4t edut:<\/p>\n<p><strong>Suuri v\u00e4\u00e4nt\u00f6momentti<\/strong><\/p>\n<ul>\n<li>Hy\u00f6ty: FMP-DFK192-vaihteisto on suunniteltu tuottamaan suuri v\u00e4\u00e4nt\u00f6momentti, mik\u00e4 on olennaista suuren neli\u00f6paalaimen vaativien tehovaatimusten k\u00e4sittelyss\u00e4. T\u00e4m\u00e4 on ratkaisevan t\u00e4rke\u00e4\u00e4 sen varmistamiseksi, ett\u00e4 suuret olki-, hein\u00e4- tai muut materiaalim\u00e4\u00e4r\u00e4t puristetaan ja paalataan tehokkaasti ilman j\u00e4rjestelm\u00e4n ylikuormitusta.<\/li>\n<li>Miksi sill\u00e4 on merkityst\u00e4: Suuret neli\u00f6paalaimet vaativat merkitt\u00e4v\u00e4\u00e4 v\u00e4\u00e4nt\u00f6momenttia tiivistys- ja sidontamekanismien k\u00e4ytt\u00e4miseen, ja t\u00e4m\u00e4n vaihteiston tarjoama suuri v\u00e4\u00e4nt\u00f6momentti varmistaa optimaalisen suorituskyvyn ja est\u00e4\u00e4 heikon suorituskyvyn tai jumiutumisen.<\/li>\n<\/ul>\n<p><strong>Parannettu kest\u00e4vyys ja pitk\u00e4ik\u00e4isyys<\/strong><\/p>\n<ul>\n<li>Etu: Korkealaatuisista materiaaleista ja kest\u00e4vist\u00e4 komponenteista valmistettu FMP-DFK192-vaihteisto on suunniteltu kest\u00e4m\u00e4\u00e4n raskaiden maataloust\u00f6iden rasitukset ja varmistamaan pitk\u00e4n k\u00e4ytt\u00f6i\u00e4n.<\/li>\n<li>Miksi sill\u00e4 on merkityst\u00e4: Laajamittaisessa paalauksessa seisokkiajat ovat kalliita. FMP-DFK192-vaihteiston kest\u00e4vyys v\u00e4hent\u00e4\u00e4 vikojen todenn\u00e4k\u00f6isyytt\u00e4, mik\u00e4 johtaa harvempiin korjauksiin, alhaisempiin yll\u00e4pitokustannuksiin ja parempaan luotettavuuteen sadonkorjuun huippuaikoina.<\/li>\n<\/ul>\n<p><strong>Tehokas voimansiirto<\/strong><\/p>\n<ul>\n<li>Hy\u00f6ty: Vaihteisto on suunniteltu siirt\u00e4m\u00e4\u00e4n tehokkaasti voimaa traktorin voimanottoakselilta paalaimen mekanismeihin, optimoiden energianmuunnosprosessin ja minimoiden h\u00e4vi\u00f6t.<\/li>\n<li>Miksi sill\u00e4 on merkityst\u00e4: Tehokas voimansiirto v\u00e4hent\u00e4\u00e4 polttoaineenkulutusta, mik\u00e4 on t\u00e4rke\u00e4\u00e4 laajamittaisissa toiminnoissa, joissa polttoainekustannukset voivat nousta nopeasti. T\u00e4m\u00e4 ominaisuus auttaa yll\u00e4pit\u00e4m\u00e4\u00e4n korkeaa toiminnan tehokkuutta ja alentaa k\u00e4ytt\u00f6kustannuksia.<\/li>\n<\/ul>\n<p><strong>Tarkka nopeuden s\u00e4\u00e4t\u00f6<\/strong><\/p>\n<ul>\n<li>Hy\u00f6ty: FMP-DFK192-vaihteisto tarjoaa tarkan nopeudens\u00e4\u00e4d\u00f6n, joka on olennaista paalaimen suorituskyvyn s\u00e4\u00e4telyss\u00e4. Hallitsemalla tiivistys- ja sidontamekanismien nopeutta se varmistaa, ett\u00e4 paalit muodostuvat oikein ja tasaisesti.<\/li>\n<li>Miksi sill\u00e4 on merkityst\u00e4: Tarkka nopeudens\u00e4\u00e4t\u00f6 varmistaa tasaisen paalin laadun, minimoi tuoteh\u00e4vikin ja parantaa paalausprosessin kokonaistehokkuutta. T\u00e4m\u00e4 on erityisen t\u00e4rke\u00e4\u00e4 laajamittaisissa toiminnoissa, joissa tasainen paalikoko ja -laatu ovat ratkaisevan t\u00e4rkeit\u00e4.<\/li>\n<\/ul>\n<p><img loading=\"lazy\" decoding=\"async\" class=\"alignnone size-full wp-image-2629\" src=\"https:\/\/fmp-components.com\/wp-content\/uploads\/2025\/01\/Square-Baler-Gearbox-321.webp\" alt=\"Neli\u00f6paalaimen vaihteisto-32(1)\" width=\"1920\" height=\"1115\" title=\"\" srcset=\"https:\/\/fmp-components.com\/wp-content\/uploads\/2025\/01\/Square-Baler-Gearbox-321.webp 1920w, https:\/\/fmp-components.com\/wp-content\/uploads\/2025\/01\/Square-Baler-Gearbox-321-1280x743.webp 1280w, https:\/\/fmp-components.com\/wp-content\/uploads\/2025\/01\/Square-Baler-Gearbox-321-980x569.webp 980w, https:\/\/fmp-components.com\/wp-content\/uploads\/2025\/01\/Square-Baler-Gearbox-321-480x279.webp 480w\" sizes=\"(min-width: 0px) and (max-width: 480px) 480px, (min-width: 481px) and (max-width: 980px) 980px, (min-width: 981px) and (max-width: 1280px) 1280px, (min-width: 1281px) 1920px, 100vw\" \/><\/p>\n<p><strong>Suojaus ylikuormitusta vastaan<\/strong><\/p>\n<ul>\n<li>Etu: FMP-DFK192-vaihteistossa on ylikuormitussuojausominaisuudet, kuten v\u00e4\u00e4nt\u00f6momentin rajoitin tai liukukytkin, jotka est\u00e4v\u00e4t vaihdelaatikon vaurioitumisen liiallisten voimien vaikutuksesta.<\/li>\n<li>Miksi sill\u00e4 on merkityst\u00e4: Ylikuormitussuoja auttaa suojaamaan vaihteistoa ja muita kytkettyj\u00e4 komponentteja \u00e4killisen vastuksen mahdollisesti haitallisilta vaikutuksilta, kuten silloin, kun suuri materiaalimassa aiheuttaa tukoksen. T\u00e4m\u00e4 minimoi seisokkiajat ja yll\u00e4pitokustannukset.<\/li>\n<\/ul>\n<p>FMP-DFK192-kanttipaalaimen vaihteisto suurille kanttipaalaimille tarjoaa useita etuja, jotka parantavat toiminnan tehokkuutta, v\u00e4hent\u00e4v\u00e4t huoltotarpeita ja parantavat laajamittaisten maatalouden paalaustoimintojen kokonaissuorituskyky\u00e4. Tarjoamalla suuren v\u00e4\u00e4nt\u00f6momentin, kest\u00e4vyyden, tarkan nopeudens\u00e4\u00e4d\u00f6n ja ylikuormitussuojan se mahdollistaa paalainten selviytymisen raskaista teht\u00e4vist\u00e4 ja varmistaa samalla tasalaatuisten ja korkealaatuisten paalien tuotannon. Toimitpa sitten suurilla kaupallisilla tiloilla tai tarjoatpa paalauspalveluita, FMP-DFK192-vaihteisto on luotettava ja tehokas ratkaisu paalaustarpeisiisi.<img loading=\"lazy\" decoding=\"async\" class=\"alignnone size-full wp-image-2631\" src=\"https:\/\/fmp-components.com\/wp-content\/uploads\/2025\/01\/Square-Baler-Gearbox-EP-DFK192-Benefits1.webp\" alt=\"Neli\u00f6paalaimen-vaihteisto-EP-DFK192-Edut(1)\" width=\"980\" height=\"340\" title=\"\" srcset=\"https:\/\/fmp-components.com\/wp-content\/uploads\/2025\/01\/Square-Baler-Gearbox-EP-DFK192-Benefits1.webp 980w, https:\/\/fmp-components.com\/wp-content\/uploads\/2025\/01\/Square-Baler-Gearbox-EP-DFK192-Benefits1-480x167.webp 480w\" sizes=\"(min-width: 0px) and (max-width: 480px) 480px, (min-width: 481px) 980px, 100vw\" \/><\/p>\n<article class=\"w-full scroll-mb-[var(--thread-trailing-height,150px)] text-token-text-primary focus-visible:outline-2 focus-visible:outline-offset-[-4px]\" dir=\"auto\" data-testid=\"conversation-turn-42\" data-scroll-anchor=\"false\">\n<div class=\"m-auto text-base py-[18px] px-3 md:px-4 w-full md:px-5 lg:px-4 xl:px-5\">\n<div class=\"mx-auto flex flex-1 gap-4 text-base md:gap-5 lg:gap-6 md:max-w-3xl lg:max-w-[40rem] xl:max-w-[48rem]\">\n<div class=\"group\/conversation-turn relative flex w-full min-w-0 flex-col\">\n<div class=\"flex-col gap-1 md:gap-3\">\n<div class=\"flex max-w-full flex-col flex-grow\">\n<div class=\"min-h-8 text-message flex w-full flex-col items-end gap-2 whitespace-normal break-words text-start [.text-message+&amp;]:mt-5\" dir=\"auto\" data-message-author-role=\"user\" data-message-id=\"aaa2e9e4-5469-438b-aa2c-1351bf6585ed\">\n<div class=\"flex w-full flex-col gap-1 empty:hidden items-end rtl:items-start\">\n<div class=\"relative max-w-[var(--user-chat-width,70%)] rounded-3xl bg-token-message-surface px-5 py-2.5\">\n<h2 class=\"whitespace-pre-wrap\">Valitse oikea neli\u00f6paalaimen vaihteisto isolle neli\u00f6paalaimelle<\/h2>\n<\/div>\n<\/div>\n<\/div>\n<\/div>\n<\/div>\n<\/div>\n<\/div>\n<\/div>\n<\/article>\n<p>Oikean kanttipaalaimen vaihteiston valinta isolle kanttipaalaimelle on ratkaisevan t\u00e4rke\u00e4\u00e4 optimaalisen suorituskyvyn, kest\u00e4vyyden ja tehokkuuden varmistamiseksi laajamittaisissa maataloust\u00f6iss\u00e4. Vaihteisto on keskeinen osa, joka siirt\u00e4\u00e4 voiman traktorin voimanottoakselista paalaimen mekanismeihin, kuten tiivistys- ja sidontaj\u00e4rjestelmiin. T\u00e4ss\u00e4 on joitakin tekij\u00f6it\u00e4, jotka on otettava huomioon oikeaa vaihteistoa valittaessa:<\/p>\n<p><strong>Teho- ja v\u00e4\u00e4nt\u00f6momenttivaatimukset<\/strong><\/p>\n<ul>\n<li>Miksi sill\u00e4 on merkityst\u00e4: Suuret neli\u00f6paalaimet tarvitsevat suuren v\u00e4\u00e4nt\u00f6momentin puristaakseen suuria m\u00e4\u00e4ri\u00e4 olkea, hein\u00e4\u00e4 tai muita materiaaleja tasaisiksi paaleiksi. Vaihteiston on kyett\u00e4v\u00e4 k\u00e4sittelem\u00e4\u00e4n paalaimen teho- ja v\u00e4\u00e4nt\u00f6momenttivaatimukset varmistaen tasaisen toiminnan ja est\u00e4en ylikuormituksen.<\/li>\n<li>Huomioitavaa: Tarkista paalaimen vaadittu voimanottoakselin teho ja v\u00e4\u00e4nt\u00f6momentti teknisist\u00e4 tiedoista. Valitse vaihteisto, joka vastaa paalainmallisi v\u00e4\u00e4nt\u00f6momentti- ja tehovaatimuksia tai ylitt\u00e4\u00e4 ne hieman.<\/li>\n<\/ul>\n<p><strong>Vaihteiston v\u00e4lityssuhde (nopeuden ja v\u00e4\u00e4nt\u00f6momentin muunnos)<\/strong><\/p>\n<ul>\n<li>Miksi sill\u00e4 on merkityst\u00e4: Vaihteiston v\u00e4lityssuhde m\u00e4\u00e4ritt\u00e4\u00e4 nopeuden ja v\u00e4\u00e4nt\u00f6momentin muunnoksen traktorin voimanottoakselilta paalaimen j\u00e4rjestelmiin. Oikea v\u00e4lityssuhde varmistaa, ett\u00e4 paalain toimii oikealla nopeudella tehokkaan paalauksen ja materiaalin asianmukaisen tiivistymisen takaamiseksi.<\/li>\n<li>Huomioitavaa: Valitse vaihteisto, jonka v\u00e4lityssuhde on sopiva paalaimellesi. T\u00e4m\u00e4 riippuu tekij\u00f6ist\u00e4, kuten paalaimen koosta, paalattavan materiaalin tyypist\u00e4 sek\u00e4 halutusta paalin koosta ja tiheydest\u00e4.<\/li>\n<\/ul>\n<p><strong>Kest\u00e4vyys ja rakennusmateriaalit<\/strong><\/p>\n<ul>\n<li>Miksi sill\u00e4 on merkityst\u00e4: Vaihteiston on kestett\u00e4v\u00e4 laajamittaisen paalauksen ankarat k\u00e4ytt\u00f6olosuhteet, kuten raskas k\u00e4ytt\u00f6 sek\u00e4 altistuminen p\u00f6lylle, kosteudelle ja muille ymp\u00e4rist\u00f6tekij\u00f6ille. Korkealaatuiset rakennusmateriaalit varmistavat, ett\u00e4 vaihdelaatikko kest\u00e4\u00e4 pidemp\u00e4\u00e4n ja vaatii v\u00e4hemm\u00e4n huoltoa.<\/li>\n<li>Huomioitavaa: Valitse kest\u00e4vist\u00e4 materiaaleista, kuten kulutusta kest\u00e4v\u00e4st\u00e4 erikoislujuuster\u00e4ksest\u00e4, valmistettu vaihdelaatikko. Etsi vaihdelaatikoita, joissa on suljetut laakerit ja suojapinnoitteet kest\u00e4vyyden parantamiseksi.<\/li>\n<\/ul>\n<p><img loading=\"lazy\" decoding=\"async\" class=\"alignnone size-full wp-image-2630\" src=\"https:\/\/fmp-components.com\/wp-content\/uploads\/2025\/01\/Square-Baler-Gearbox-EP-DFK192-Applications1.webp\" alt=\"Neli\u00f6paalaimen vaihteisto EP-DFK192-sovellukset(1)\" width=\"1000\" height=\"620\" title=\"\" srcset=\"https:\/\/fmp-components.com\/wp-content\/uploads\/2025\/01\/Square-Baler-Gearbox-EP-DFK192-Applications1.webp 1000w, https:\/\/fmp-components.com\/wp-content\/uploads\/2025\/01\/Square-Baler-Gearbox-EP-DFK192-Applications1-980x608.webp 980w, https:\/\/fmp-components.com\/wp-content\/uploads\/2025\/01\/Square-Baler-Gearbox-EP-DFK192-Applications1-480x298.webp 480w\" sizes=\"(min-width: 0px) and (max-width: 480px) 480px, (min-width: 481px) and (max-width: 980px) 980px, (min-width: 981px) 1000px, 100vw\" \/><\/p>\n<p><strong>Ylikuormitussuoja<\/strong><\/p>\n<ul>\n<li>Miksi sill\u00e4 on merkityst\u00e4: Ylikuormitussuoja on v\u00e4ltt\u00e4m\u00e4t\u00f6n vaihteiston ja muiden kytkettyjen komponenttien vaurioitumisen est\u00e4miseksi paalauksen aikana ilmenev\u00e4n tukoksen tai liiallisen vastuksen sattuessa.<\/li>\n<li>Huomioitavaa: Etsi vaihteistoja, joissa on ylikuormitussuojausmekanismeja, kuten v\u00e4\u00e4nt\u00f6momentin rajoittimet, liukukytkimet tai murtotapit, jotka irrottavat vaihteiston, kun havaitaan liiallista voimaa, est\u00e4en mahdolliset vauriot.<\/li>\n<\/ul>\n<p><strong>Tehokkuus ja voimansiirto<\/strong><\/p>\n<ul>\n<li>Miksi sill\u00e4 on merkityst\u00e4: Tehokas voimansiirto v\u00e4hent\u00e4\u00e4 energiah\u00e4vi\u00f6it\u00e4 ja auttaa optimoimaan polttoaineenkulutusta, mik\u00e4 on t\u00e4rke\u00e4\u00e4 k\u00e4ytt\u00f6kustannusten minimoimiseksi, erityisesti laajamittaisessa toiminnassa.<\/li>\n<li>Huomioitavaa: Valitse vaihteisto, jossa on tehokkaat vaihteet, jotka minimoivat tehoh\u00e4vi\u00f6n ja varmistavat maksimaalisen v\u00e4\u00e4nt\u00f6momentin siirron traktorin voimanottoakselilta paalaimen osiin.<\/li>\n<\/ul>\n<p>Kun valitset kanttipaalaimen vaihteistoa isoon kanttipaalaimeen, on t\u00e4rke\u00e4\u00e4 ottaa huomioon edell\u00e4 mainitut keskeiset tekij\u00e4t. Keskittym\u00e4ll\u00e4 teho- ja v\u00e4\u00e4nt\u00f6momenttivaatimuksiin, v\u00e4lityssuhteeseen, kest\u00e4vyyteen, ylikuormitussuojaukseen ja huollon helppouteen voit valita tarpeisiisi parhaiten sopivan vaihteiston.<\/p>\n<p>Optimaalisen suorituskyvyn saavuttamiseksi varmista, ett\u00e4 vaihteisto on r\u00e4\u00e4t\u00e4l\u00f6ity paalainmallisi erityisvaatimuksiin ja tarjoaa tehokkaan voimansiirron suurella v\u00e4\u00e4nt\u00f6momentilla. Muista tarkistaa yhteensopivuus, huoltovaatimukset ja valmistajan maine varmistaaksesi pitk\u00e4aikaisen luotettavuuden ja minimaaliset seisokkiajat toiminnassasi.<\/p>\n<p><img loading=\"lazy\" decoding=\"async\" class=\"alignnone size-full wp-image-2628\" src=\"https:\/\/fmp-components.com\/wp-content\/uploads\/2025\/01\/Square-Baler-Gearbox-29-11.webp\" alt=\"Neli\u00f6paalaimen vaihdelaatikko-29-1(1)\" width=\"1203\" height=\"586\" title=\"\" srcset=\"https:\/\/fmp-components.com\/wp-content\/uploads\/2025\/01\/Square-Baler-Gearbox-29-11.webp 1203w, https:\/\/fmp-components.com\/wp-content\/uploads\/2025\/01\/Square-Baler-Gearbox-29-11-980x477.webp 980w, https:\/\/fmp-components.com\/wp-content\/uploads\/2025\/01\/Square-Baler-Gearbox-29-11-480x234.webp 480w\" sizes=\"(min-width: 0px) and (max-width: 480px) 480px, (min-width: 481px) and (max-width: 980px) 980px, (min-width: 981px) 1203px, 100vw\" \/><\/p>\n<h3>Tietoja FMP:st\u00e4<\/h3>\n<p>Italiassa p\u00e4\u00e4konttoriaan pit\u00e4v\u00e4 FMP on johtava valmistaja, joka tunnetaan edistyneest\u00e4 suunnittelustaan, suunnittelustaan \u200b\u200bja suorituskykyisten vaihteistojen tuotannostaan. Yrityksen erikoispaino on maatalouskoneteollisuudessa. Tarkkuudestaan, innovaatioistaan \u200b\u200bja poikkeuksellisesta luotettavuudestaan \u200b\u200btunnettu FMP on tullut luotettavaksi kumppaniksi sek\u00e4 maatalous- ett\u00e4 teollisuussektorin kehittyviin tarpeisiin. Laaja tuotevalikoimamme sis\u00e4lt\u00e4\u00e4 ruohonleikkureiden, nivelakseleiden ja muiden t\u00e4rkeiden mekaanisten komponenttien erikoisvaihteistoja \u2013 jokainen huolellisesti valmistettu tarjoamaan r\u00e4\u00e4t\u00e4l\u00f6ityj\u00e4 ratkaisuja monenlaisiin k\u00e4ytt\u00f6tarkoituksiin.<\/p>\n<p>FMP:ll\u00e4 ymm\u00e4rr\u00e4mme, ett\u00e4 jokainen asiakas kohtaa ainutlaatuisia haasteita ja vaatimuksia. Siksi olemme erikoistuneet r\u00e4\u00e4t\u00e4l\u00f6ityjen ratkaisujen tarjoamiseen, olipa kyse sitten yksitt\u00e4isist\u00e4 komponenteista tai t\u00e4ysin integroiduista j\u00e4rjestelmist\u00e4. Ty\u00f6skentelem\u00e4ll\u00e4 tiiviisti asiakkaidemme kanssa varmistamme, ett\u00e4 jokainen ratkaisu ei ainoastaan \u200b\u200bvastaa heid\u00e4n tarpeisiinsa, vaan my\u00f6s optimoi suorituskyvyn ja maksimoi arvon. Sitoutumisemme nopeisiin ja ammattimaisiin vastauksiin sek\u00e4 asiantuntevaan ohjaukseen varmistaa, ett\u00e4 jokainen tiedustelu k\u00e4sitell\u00e4\u00e4n korkeimmalla mahdollisella huolenpidolla ja tarkkuudella, mik\u00e4 johtaa optimaalisiin tuloksiin.<\/p>\n<p>Pid\u00e4mme eritt\u00e4in t\u00e4rke\u00e4n\u00e4 avointa ja jatkuvaa viestint\u00e4\u00e4 tuotekehitysprosessin jokaisessa vaiheessa. Asiantuntijatiimimme tekee suoraa yhteisty\u00f6t\u00e4 asiakkaiden kanssa ymm\u00e4rt\u00e4\u00e4kseen t\u00e4ysin heid\u00e4n erityistarpeensa ja tarjotakseen arvokkaita n\u00e4kemyksi\u00e4 ja r\u00e4\u00e4t\u00e4l\u00f6ityj\u00e4 suosituksia tehokkaimpien ratkaisujen varmistamiseksi. Olipa kyse sitten innovatiivisten tuotteiden suunnittelusta tai jatkuvien tilausten t\u00e4ytt\u00e4misest\u00e4, FMP on omistautunut toimittamaan tarkasti suunniteltuja, korkealaatuisia ratkaisuja ajallaan, joka kerta. Missiomme on tarjota asiakkaille erinomaista palvelua ja tuloksia, jotka ylitt\u00e4v\u00e4t jatkuvasti odotukset jokaisessa projektissa.<\/p>\n<p>FMP:n toiminnan ytimess\u00e4 on horjumaton sitoutuminen laatuun. Noudatamme korkeimpia valmistusstandardeja ja k\u00e4yt\u00e4mme tiukkoja laadunvalvontatoimenpiteit\u00e4 varmistaaksemme, ett\u00e4 jokainen tuote ei ainoastaan \u200b\u200b\u200b\u200bt\u00e4yt\u00e4 alan standardeja, vaan my\u00f6s ylitt\u00e4\u00e4 ne. T\u00e4m\u00e4 sitoutuminen laatuun yhdistettyn\u00e4 ydinarvoihimme, kuten rehellisyyteen, tiimity\u00f6h\u00f6n ja sinnikkyyteen, on mahdollistanut kest\u00e4vien ja luottamukseen perustuvien asiakassuhteiden luomisen l\u00e4hes 30 maassa maailmanlaajuisesti.<\/p>\n<p>FMP on aina avoin globaalien kumppanuuksien edist\u00e4miselle ja on edelleen sitoutunut tarjoamaan asiantuntevaa neuvontaa ja r\u00e4\u00e4t\u00e4l\u00f6ityj\u00e4 ratkaisuja asiakkaidemme erilaisiin tarpeisiin. Emme tyydy pelk\u00e4st\u00e4\u00e4n tuotteiden toimittamiseen; tavoitteemme on rakentaa kest\u00e4vi\u00e4 suhteita, jotka edist\u00e4v\u00e4t jokaisen projektin onnistumista. Tarvitsetpa sitten innovatiivisia ratkaisuja uuteen aloitteeseen tai jatkuvaa tukea olemassa olevalle j\u00e4rjestelm\u00e4lle, FMP on t\u00e4\u00e4ll\u00e4 vastaamassa teknisiin haasteisiisi ja varmistamassa jatkuvan menestyksesi.<\/p>\n<p><img loading=\"lazy\" decoding=\"async\" class=\"alignnone size-full wp-image-1861\" src=\"https:\/\/fmp-components.com\/wp-content\/uploads\/2024\/12\/Other-Agricultural-Gearboxes.webp\" sizes=\"(min-width: 0px) and (max-width: 480px) 480px, (min-width: 481px) and (max-width: 980px) 980px, (min-width: 981px) 1200px, 100vw\" srcset=\"https:\/\/fmp-components.com\/wp-content\/uploads\/2024\/12\/Other-Agricultural-Gearboxes.webp 1200w, https:\/\/fmp-components.com\/wp-content\/uploads\/2024\/12\/Other-Agricultural-Gearboxes-980x1143.webp 980w, https:\/\/fmp-components.com\/wp-content\/uploads\/2024\/12\/Other-Agricultural-Gearboxes-480x560.webp 480w\" alt=\"Altri-cambi-agricoli\" width=\"1200\" height=\"1400\" title=\"\"><\/p>\n<p>Tekij\u00e4: CX<\/p>","protected":false},"excerpt":{"rendered":"<p>Square Baler Gearbox FMP-DFK192 Dimensions Square Baler Gearbox FMP-DFK192 Technical Data i Suitable Rpm input KW(Nom) Rated torque Maximum Load X-axis type r\/min kw N.m N.m X-Y X-Z X-E Big Square Baler 1000 192 1825 4000 2 types Remark: If you have any special require feel free let me know, we also accept custom. Benefits [&hellip;]<\/p>","protected":false},"featured_media":2632,"comment_status":"open","ping_status":"closed","template":"","meta":{"_et_pb_use_builder":"","_et_pb_old_content":"","_et_gb_content_width":""},"product_brand":[],"product_cat":[62],"product_tag":[],"class_list":{"0":"post-2627","1":"product","2":"type-product","3":"status-publish","4":"has-post-thumbnail","6":"product_cat-square-baler-gearbox","8":"first","9":"instock","10":"shipping-taxable","11":"product-type-simple"},"_links":{"self":[{"href":"https:\/\/fmp-components.com\/fi\/wp-json\/wp\/v2\/product\/2627","targetHints":{"allow":["GET"]}}],"collection":[{"href":"https:\/\/fmp-components.com\/fi\/wp-json\/wp\/v2\/product"}],"about":[{"href":"https:\/\/fmp-components.com\/fi\/wp-json\/wp\/v2\/types\/product"}],"replies":[{"embeddable":true,"href":"https:\/\/fmp-components.com\/fi\/wp-json\/wp\/v2\/comments?post=2627"}],"wp:featuredmedia":[{"embeddable":true,"href":"https:\/\/fmp-components.com\/fi\/wp-json\/wp\/v2\/media\/2632"}],"wp:attachment":[{"href":"https:\/\/fmp-components.com\/fi\/wp-json\/wp\/v2\/media?parent=2627"}],"wp:term":[{"taxonomy":"product_brand","embeddable":true,"href":"https:\/\/fmp-components.com\/fi\/wp-json\/wp\/v2\/product_brand?post=2627"},{"taxonomy":"product_cat","embeddable":true,"href":"https:\/\/fmp-components.com\/fi\/wp-json\/wp\/v2\/product_cat?post=2627"},{"taxonomy":"product_tag","embeddable":true,"href":"https:\/\/fmp-components.com\/fi\/wp-json\/wp\/v2\/product_tag?post=2627"}],"curies":[{"name":"wp","href":"https:\/\/api.w.org\/{rel}","templated":true}]}}