{"id":2622,"date":"2025-01-03T03:07:12","date_gmt":"2025-01-03T03:07:12","guid":{"rendered":"https:\/\/fmp-components.com\/?page_id=8"},"modified":"2025-01-03T03:24:45","modified_gmt":"2025-01-03T03:24:45","slug":"square-baler-gearbox-fmp-fk157-for-straw-chopper","status":"publish","type":"product","link":"https:\/\/fmp-components.com\/fi\/product\/square-baler-gearbox-fmp-fk157-for-straw-chopper\/","title":{"rendered":"Neli\u00f6paalaimen vaihteisto FMP-FK157 olkisilppuriin"},"content":{"rendered":"<h2>Kanttipaalaimen vaihteiston FMP-FK157 mitat<\/h2>\n<p><img loading=\"lazy\" decoding=\"async\" class=\"alignnone size-full wp-image-2623\" src=\"https:\/\/fmp-components.com\/wp-content\/uploads\/2025\/01\/Square-Baler-Gearbox-FMP-FK157-Dimensions.webp\" alt=\"Neli\u00f6paalaimen vaihteisto FMP FK157 Mitat\" width=\"1186\" height=\"816\" title=\"\" srcset=\"https:\/\/fmp-components.com\/wp-content\/uploads\/2025\/01\/Square-Baler-Gearbox-FMP-FK157-Dimensions.webp 1186w, https:\/\/fmp-components.com\/wp-content\/uploads\/2025\/01\/Square-Baler-Gearbox-FMP-FK157-Dimensions-980x674.webp 980w, https:\/\/fmp-components.com\/wp-content\/uploads\/2025\/01\/Square-Baler-Gearbox-FMP-FK157-Dimensions-480x330.webp 480w\" sizes=\"(min-width: 0px) and (max-width: 480px) 480px, (min-width: 481px) and (max-width: 980px) 980px, (min-width: 981px) 1186px, 100vw\" \/><\/p>\n<h2>Kanttipaalaimen vaihteiston FMP-FK157 akselin mitat<\/h2>\n<p><img loading=\"lazy\" decoding=\"async\" class=\"alignnone size-full wp-image-2624\" src=\"https:\/\/fmp-components.com\/wp-content\/uploads\/2025\/01\/Square-Baler-Gearbox-FMP-FK157-Shaft-Dimensions.webp\" alt=\"Neli\u00f6paalaimen vaihteiston FMP-FK157 akselin mitat\" width=\"1371\" height=\"414\" title=\"\" srcset=\"https:\/\/fmp-components.com\/wp-content\/uploads\/2025\/01\/Square-Baler-Gearbox-FMP-FK157-Shaft-Dimensions.webp 1371w, https:\/\/fmp-components.com\/wp-content\/uploads\/2025\/01\/Square-Baler-Gearbox-FMP-FK157-Shaft-Dimensions-1280x387.webp 1280w, https:\/\/fmp-components.com\/wp-content\/uploads\/2025\/01\/Square-Baler-Gearbox-FMP-FK157-Shaft-Dimensions-980x296.webp 980w, https:\/\/fmp-components.com\/wp-content\/uploads\/2025\/01\/Square-Baler-Gearbox-FMP-FK157-Shaft-Dimensions-480x145.webp 480w\" sizes=\"(min-width: 0px) and (max-width: 480px) 480px, (min-width: 481px) and (max-width: 980px) 980px, (min-width: 981px) and (max-width: 1280px) 1280px, (min-width: 1281px) 1371px, 100vw\" \/><\/p>\n<h2>Kanttipaalaimen vaihteisto FMP-FK157 Tekniset tiedot<\/h2>\n<table style=\"width: 100.77%; height: 141px;\" border=\"1\" cellspacing=\"0\" cellpadding=\"0\">\n<tbody>\n<tr>\n<td colspan=\"2\" rowspan=\"2\">min\u00e4<\/td>\n<td rowspan=\"2\">Sopii<\/td>\n<td>Kierroslukutulo<\/td>\n<td>Kierrosluku<\/td>\n<td>kW (nim.)<\/td>\n<td>kW (maks.)<\/td>\n<td rowspan=\"2\">Hammastus<\/td>\n<\/tr>\n<tr>\n<td>kierrosta minuutissa<\/td>\n<td>kierrosta minuutissa<\/td>\n<td>hv<\/td>\n<td>hv<\/td>\n<\/tr>\n<tr>\n<td>Nopeuden lis\u00e4ys<\/td>\n<td>1:2.46<\/td>\n<td rowspan=\"2\">Olkisilppuri yms.<\/td>\n<td>540<\/td>\n<td>1328.4<\/td>\n<td>180<\/td>\n<td>700<\/td>\n<td rowspan=\"2\">Gleason Helical<br \/>\nHampaat<\/td>\n<\/tr>\n<tr>\n<td>Nopeuden lis\u00e4ys<\/td>\n<td>1:2.07<\/td>\n<td>720<\/td>\n<td>1190.4<\/td>\n<td>180<\/td>\n<td>700<\/td>\n<\/tr>\n<tr>\n<td colspan=\"8\">Huomautus: Jos sinulla on erityisvaatimuksia, kerro siit\u00e4 minulle, hyv\u00e4ksymme my\u00f6s mittatilausty\u00f6n\u00e4 tehdyt tarjoukset.<\/td>\n<\/tr>\n<\/tbody>\n<\/table>\n<h3>Olkisilppurin neli\u00f6paalaimen vaihdelaatikon FMP-FK157 osat<\/h3>\n<p>Kanttipaalaimen vaihteisto FMP-FK157 on suunniteltu esimerkiksi olkien silppuamiseen ja paalaamiseen, joissa kest\u00e4vyys, tehokkuus ja tarkkuus ovat kriittisi\u00e4. Alla on lueteltu t\u00e4rkeimm\u00e4t komponentit, joita tyypillisesti l\u00f6ytyy FMP-FK157-kanttipaalaimen vaihteistosta, joka on erityisesti suunniteltu toimimaan olkien silppurin kanssa:<\/p>\n<ol>\n<li>Tuloakseli\n<ul>\n<li>Toiminto: Tuloakseli yhdist\u00e4\u00e4 vaihteiston traktoriin tai voimanottoj\u00e4rjestelm\u00e4\u00e4n (PTO). Se v\u00e4litt\u00e4\u00e4 py\u00f6rimisvoiman traktorin moottorista vaihteistoon, jolloin olkisilppuri toimii.<\/li>\n<li>Materiaali: Valmistettu tyypillisesti erikoislujuuster\u00e4ksest\u00e4 kest\u00e4vyyden ja jatkuvan maatalousk\u00e4yt\u00f6n rasituksen kest\u00e4vyyden takaamiseksi.<\/li>\n<\/ul>\n<\/li>\n<li>L\u00e4ht\u00f6akseli\n<ul>\n<li>Toiminta: Ulostuloakseli siirt\u00e4\u00e4 mekaanisen voiman vaihteistosta kytkettyihin olkisilppurin osiin, kuten leikkuuteriin tai varstaleikkureihin.<\/li>\n<li>Materiaali: Ter\u00e4s- tai seosmateriaaleja k\u00e4ytet\u00e4\u00e4n kest\u00e4m\u00e4\u00e4n kulumista ja rasitusta oljen silppuamisen raskaassa k\u00e4yt\u00f6ss\u00e4.<\/li>\n<\/ul>\n<\/li>\n<li>Vaihdesarja (kierre- tai lieri\u00f6py\u00f6r\u00e4t)\n<ul>\n<li>Toiminto: Vaihteisto on kriittinen komponentti, joka s\u00e4\u00e4t\u00e4\u00e4 py\u00f6rimisnopeutta ja v\u00e4\u00e4nt\u00f6momenttia tulo- ja l\u00e4ht\u00f6akselien v\u00e4lill\u00e4. Se varmistaa tehokkaan tehonsiirron hakkurimekanismiin.<\/li>\n<li>Tyyppi: Vaihteistossa voidaan suunnittelusta riippuen k\u00e4ytt\u00e4\u00e4 kierre- tai lieri\u00f6hammaspy\u00f6ri\u00e4 v\u00e4\u00e4nt\u00f6momentin optimoimiseksi ja melun ja t\u00e4rin\u00e4n v\u00e4hent\u00e4miseksi k\u00e4yt\u00f6n aikana.<\/li>\n<li>Materiaali: Karkaistu ter\u00e4s lujuuden ja kest\u00e4vyyden takaamiseksi.<\/li>\n<\/ul>\n<\/li>\n<li>Laakerit\n<ul>\n<li>Toiminto: Laakerit tukevat akseleita, v\u00e4hent\u00e4v\u00e4t kitkaa ja varmistavat tasaisen py\u00f6rimisen. Ne ovat v\u00e4ltt\u00e4m\u00e4tt\u00f6mi\u00e4 vaihteiston pitk\u00e4n aikav\u00e4lin tehokkuuden ja vakauden yll\u00e4pit\u00e4miseksi.<\/li>\n<li>Tyyppi: Kuula- tai rullalaakerit, rakenteesta ja k\u00e4ytt\u00f6tarkoituksesta riippuen.<\/li>\n<\/ul>\n<\/li>\n<li>Tiivisteet\n<ul>\n<li>Toiminto: Tiivisteet est\u00e4v\u00e4t \u00f6ljyn tai voiteluaineen vuotamisen ja suojaavat vaihteiston sis\u00e4isi\u00e4 osia lialta, kosteudelta ja muilta ep\u00e4puhtauksilta.<\/li>\n<li>Materiaali: Kumia, nitriili\u00e4 tai muita synteettisi\u00e4 materiaaleja k\u00e4ytet\u00e4\u00e4n pitk\u00e4aikaiseen suojaan ymp\u00e4rist\u00f6tekij\u00f6it\u00e4 vastaan.<\/li>\n<\/ul>\n<\/li>\n<\/ol>\n<p>FMP-FK157-kanttipaalaimen vaihteisto on suunniteltu raskaaseen maatalousk\u00e4ytt\u00f6\u00f6n, kuten olkien silppuamiseen. Kest\u00e4vien materiaalien, tarkkojen vaihteistojen, tehokkaan voitelun ja suojaavien komponenttien yhdistelm\u00e4 varmistaa optimaalisen suorituskyvyn ja pitk\u00e4n k\u00e4ytt\u00f6i\u00e4n maatalousk\u00e4yt\u00f6n haastavissa olosuhteissa. Jokaisella komponentilla on t\u00e4rke\u00e4 rooli vaihteiston luotettavassa ja tehokkaassa toiminnassa, mik\u00e4 helpottaa sujuvaa ja tehokasta olkien silppuamista ja paalaamista.<\/p>\n<p><img loading=\"lazy\" decoding=\"async\" class=\"alignnone size-full wp-image-2625\" src=\"https:\/\/fmp-components.com\/wp-content\/uploads\/2025\/01\/Square-Baler-Gearbox-391.jpg\" alt=\"Neli\u00f6paalaimen vaihteisto-39(1)\" width=\"2152\" height=\"1061\" title=\"\" srcset=\"https:\/\/fmp-components.com\/wp-content\/uploads\/2025\/01\/Square-Baler-Gearbox-391.jpg 2152w, https:\/\/fmp-components.com\/wp-content\/uploads\/2025\/01\/Square-Baler-Gearbox-391-1280x631.jpg 1280w, https:\/\/fmp-components.com\/wp-content\/uploads\/2025\/01\/Square-Baler-Gearbox-391-980x483.jpg 980w, https:\/\/fmp-components.com\/wp-content\/uploads\/2025\/01\/Square-Baler-Gearbox-391-480x237.jpg 480w\" sizes=\"(min-width: 0px) and (max-width: 480px) 480px, (min-width: 481px) and (max-width: 980px) 980px, (min-width: 981px) and (max-width: 1280px) 1280px, (min-width: 1281px) 2152px, 100vw\" \/><\/p>\n<h3>Olkisilppurin neli\u00f6paalaimen vaihdelaatikon vaiheittainen k\u00e4ytt\u00f6<\/h3>\n<p>Olkisilppurin neli\u00f6paalaimen vaihteisto on t\u00e4rke\u00e4 mekaaninen komponentti, joka siirt\u00e4\u00e4 tehokkaasti voiman traktorin voimanottoj\u00e4rjestelm\u00e4st\u00e4 (PTO) olkisilppuriin, mahdollistaen sen teht\u00e4vien tehokkaan suorittamisen. N\u00e4in vaihteisto toimii olkisilppurin yhteydess\u00e4:<\/p>\n<ol>\n<li>Voimansiirto voimanulosotosta sis\u00e4\u00e4ntuloakseliin\n<ul>\n<li>Vaihteisto on kytketty traktorin voimanottoakseliin, joka v\u00e4litt\u00e4\u00e4 py\u00f6rimisvoiman traktorin moottorista.<\/li>\n<li>Kun traktori aktivoidaan, se py\u00f6ritt\u00e4\u00e4 voimanottoakselia, joka puolestaan \u200b\u200bsiirt\u00e4\u00e4 t\u00e4m\u00e4n py\u00f6rimisvoiman vaihteiston tuloakselin kautta.<\/li>\n<\/ul>\n<\/li>\n<li>Alennus tai nopeuden s\u00e4\u00e4t\u00f6 vaihdelaatikon avulla\n<ul>\n<li>Vaihteiston sis\u00e4ll\u00e4 hammaspy\u00f6r\u00e4st\u00f6 (joko kierre- tai lieri\u00f6hammaspy\u00f6r\u00e4t) s\u00e4\u00e4t\u00e4\u00e4 py\u00f6rimisnopeutta ja v\u00e4\u00e4nt\u00f6momenttia. Hammaspy\u00f6r\u00e4t v\u00e4hent\u00e4v\u00e4t voimanottoakselin suurta py\u00f6rimisnopeutta muuttamalla sen hitaammaksi ja suuremmaksi v\u00e4\u00e4nt\u00f6momentiksi, joka sopii olkisilppurin toimintaan.<\/li>\n<li>T\u00e4m\u00e4 alennusvaihde varmistaa, ett\u00e4 olkisilppuri toimii oikealla nopeudella silppuaakseen oljet tehokkaasti ja sy\u00f6tt\u00e4\u00e4kseen ne paalauskammioon.<\/li>\n<\/ul>\n<\/li>\n<li>Voimansiirto ulostuloakselille\n<ul>\n<li>Kun vaihteet ovat s\u00e4\u00e4t\u00e4neet nopeutta ja v\u00e4\u00e4nt\u00f6momenttia, ulostuloakseli siirt\u00e4\u00e4 muutetun tehon olkisilppuriin.<\/li>\n<li>L\u00e4ht\u00f6akseli on kytketty suoraan olkisilppurin leikkuumekanismiin, joka sis\u00e4lt\u00e4\u00e4 py\u00f6riv\u00e4t ter\u00e4t tai varstat, jotka leikkaavat tai silppuavat oljen pienemmiksi paloiksi.<\/li>\n<\/ul>\n<\/li>\n<li>Hakkurimekanismin liike\n<ul>\n<li>Kun ulostuloakseli py\u00f6rii, se py\u00f6ritt\u00e4\u00e4 olkisilppurin teri\u00e4 tai varstoja, jotka vastaavat olkien silppuamisesta pieniksi, tasaisiksi paloiksi.<\/li>\n<li>Silputtu olki sy\u00f6tet\u00e4\u00e4n sitten paalauskammioon tai levitet\u00e4\u00e4n k\u00e4ytt\u00f6tarkoituksesta riippuen (esim. multaamiseen tai kompostointiin).<\/li>\n<\/ul>\n<\/li>\n<li>Voitelu ja j\u00e4\u00e4hdytys\n<ul>\n<li>Vaihteisto k\u00e4ytt\u00e4\u00e4 voiteluj\u00e4rjestelm\u00e4\u00e4 (\u00f6ljy\u00e4 tai rasvaa), joka kiert\u00e4\u00e4 sis\u00e4isiss\u00e4 komponenteissa (vaihteissa ja laakereissa) kitkan minimoimiseksi, kulumisen v\u00e4hent\u00e4miseksi ja j\u00e4rjestelm\u00e4n sujuvan toiminnan varmistamiseksi.<\/li>\n<li>Joissakin malleissa j\u00e4\u00e4hdytysripoja tai muita j\u00e4\u00e4hdytysmekanismeja voidaan k\u00e4ytt\u00e4\u00e4 vaihteiston ja katkaisijamekanismin jatkuvan liikkeen tuottaman l\u00e4mm\u00f6n poistamiseen.<\/li>\n<\/ul>\n<\/li>\n<\/ol>\n<p>Olkisilppurin neli\u00f6paalaimen vaihteistolla on keskeinen rooli traktorin voimanottoakselin tehon muuntamisessa oikeaan nopeuteen ja v\u00e4\u00e4nt\u00f6momenttiin, jota tarvitaan olkien tehokkaaseen silppuamiseen ja paalaamiseen. Se tekee t\u00e4m\u00e4n k\u00e4ytt\u00e4m\u00e4ll\u00e4 sis\u00e4\u00e4n- ja ulostuloakseleiden, hammaspy\u00f6r\u00e4sarjojen ja suojakomponenttien yhdistelm\u00e4\u00e4 samalla varmistaen voitelun ja suojan liialliselta kuormitukselta. T\u00e4m\u00e4 mekaaninen prosessi varmistaa, ett\u00e4 olkisilppuri toimii luotettavasti, mik\u00e4 v\u00e4hent\u00e4\u00e4 seisokkiaikoja ja parantaa maataloustoiminnan kokonaistuottavuutta.<\/p>\n<p><img loading=\"lazy\" decoding=\"async\" class=\"alignnone size-full wp-image-2615\" src=\"https:\/\/fmp-components.com\/wp-content\/uploads\/2025\/01\/Square-Baler-Gearbox-EP-FK150-Application-Area-1-1024x6861-1.webp\" alt=\"Neli\u00f6paalaimen-vaihteisto-EP-FK150-sovellusalue-1-1024x686(1)\" width=\"1024\" height=\"686\" title=\"\" srcset=\"https:\/\/fmp-components.com\/wp-content\/uploads\/2025\/01\/Square-Baler-Gearbox-EP-FK150-Application-Area-1-1024x6861-1.webp 1024w, https:\/\/fmp-components.com\/wp-content\/uploads\/2025\/01\/Square-Baler-Gearbox-EP-FK150-Application-Area-1-1024x6861-1-980x657.webp 980w, https:\/\/fmp-components.com\/wp-content\/uploads\/2025\/01\/Square-Baler-Gearbox-EP-FK150-Application-Area-1-1024x6861-1-480x322.webp 480w\" sizes=\"(min-width: 0px) and (max-width: 480px) 480px, (min-width: 481px) and (max-width: 980px) 980px, (min-width: 981px) 1024px, 100vw\" \/><\/p>\n<h3>Tietoja FMP:st\u00e4<\/h3>\n<p>Italiassa p\u00e4\u00e4konttoriaan pit\u00e4v\u00e4 FMP on johtava valmistaja, joka tunnetaan asiantuntemuksestaan \u200b\u200btehokkaiden vaihteistojen suunnittelussa, kehitt\u00e4misess\u00e4 ja tuotannossa, keskittyen erityisesti maatalouskonesektoriin. Tarkkuuden, innovatiivisten ratkaisujen ja horjumattoman luotettavuuden ansiosta FMP:st\u00e4 on tullut luotettava kumppani sek\u00e4 maatalous- ett\u00e4 teollisuussektorin kehittyviin tarpeisiin. Monipuolinen tuotevalikoimamme sis\u00e4lt\u00e4\u00e4 ruohonleikkureiden, nivelakseleiden ja muiden t\u00e4rkeiden komponenttien erikoisvaihteistoja, jotka kaikki on huolellisesti suunniteltu tarjoamaan r\u00e4\u00e4t\u00e4l\u00f6ityj\u00e4 ratkaisuja laajaan k\u00e4ytt\u00f6tarkoitukseen.<\/p>\n<p>FMP:ll\u00e4 ymm\u00e4rr\u00e4mme, ett\u00e4 jokaisella asiakkaalla on ainutlaatuiset vaatimukset ja haasteet. Siksi olemme erikoistuneet r\u00e4\u00e4t\u00e4l\u00f6ityjen ratkaisujen tarjoamiseen, olipa kyse sitten yksitt\u00e4isist\u00e4 komponenteista tai t\u00e4ysin integroiduista j\u00e4rjestelmist\u00e4. Teemme tiivist\u00e4 yhteisty\u00f6t\u00e4 asiakkaidemme kanssa varmistaaksemme, ett\u00e4 jokainen ratkaisu on paitsi tehokas my\u00f6s tuloksellinen, optimoiden sek\u00e4 suorituskyvyn ett\u00e4 arvon. Sitoutumisemme tarjoamaan nopeita ja ammattimaisia \u200b\u200bvastauksia sek\u00e4 asiantuntevaa ohjausta varmistaa, ett\u00e4 jokaista tiedustelua k\u00e4sitell\u00e4\u00e4n \u00e4\u00e4rimm\u00e4isen huolellisesti ja tarkasti, mik\u00e4 johtaa parhaisiin mahdollisiin tuloksiin.<\/p>\n<p>Priorisoimme avointa ja jatkuvaa viestint\u00e4\u00e4 koko tuotekehitysprosessin ajan. Omistautunut tiimimme ty\u00f6skentelee suoraan asiakkaiden kanssa ymm\u00e4rt\u00e4\u00e4kseen t\u00e4ysin heid\u00e4n erityistarpeensa ja tarjoaa arvokkaita n\u00e4kemyksi\u00e4 ja suosituksia optimaalisten ratkaisujen varmistamiseksi. Olipa kyse innovatiivisten tuotteiden suunnittelusta tai jatkuvien tilausten t\u00e4ytt\u00e4misest\u00e4, FMP on sitoutunut toimittamaan korkealaatuisia ja tarkasti suunniteltuja ratkaisuja ajallaan, joka kerta. Tavoitteenamme on tarjota asiakkaille parasta mahdollista palvelua ja tuloksia, jotka ylitt\u00e4v\u00e4t odotukset jokaisessa projektissa.<\/p>\n<p>Laatu on FMP:n toiminnan kulmakivi. Noudatamme korkeimpia valmistusstandardeja ja toteutamme tiukkoja laadunvalvontatoimenpiteit\u00e4 varmistaaksemme, ett\u00e4 jokainen tuote ei ainoastaan \u200b\u200b\u200b\u200bt\u00e4ytt\u00e4\u00e4 alan standardeja, vaan my\u00f6s ylitt\u00e4\u00e4 ne. T\u00e4m\u00e4 horjumaton sitoutuminen laatuun yhdistettyn\u00e4 ydinarvoihimme, kuten rehellisyyteen, tiimity\u00f6h\u00f6n ja sinnikkyyteen, on mahdollistanut pitk\u00e4aikaisten ja luottamukseen perustuvien asiakassuhteiden rakentamisen l\u00e4hes 30 maassa maailmanlaajuisesti.<\/p>\n<p>FMP on aina avoin globaalien kumppanuuksien edist\u00e4miselle ja on edelleen sitoutunut tarjoamaan asiantuntevaa neuvontaa ja r\u00e4\u00e4t\u00e4l\u00f6ityj\u00e4 ratkaisuja, jotka vastaavat asiakkaidemme monimuotoisiin tarpeisiin. Emme tyydy pelk\u00e4st\u00e4\u00e4n tuotteiden toimittamiseen; pyrimme rakentamaan kest\u00e4vi\u00e4 suhteita, jotka edist\u00e4v\u00e4t jokaisen projektin onnistumista. Tarvitsetpa sitten innovatiivisia ratkaisuja uuteen aloitteeseen tai jatkuvaa tukea olemassa olevalle j\u00e4rjestelm\u00e4lle, FMP on t\u00e4\u00e4ll\u00e4 ratkaisemassa tekniset haasteesi ja varmistamassa jatkuvan menestyksesi.<\/p>\n<p><img loading=\"lazy\" decoding=\"async\" class=\"alignnone size-full wp-image-1861\" src=\"https:\/\/fmp-components.com\/wp-content\/uploads\/2024\/12\/Other-Agricultural-Gearboxes.webp\" sizes=\"(min-width: 0px) and (max-width: 480px) 480px, (min-width: 481px) and (max-width: 980px) 980px, (min-width: 981px) 1200px, 100vw\" srcset=\"https:\/\/fmp-components.com\/wp-content\/uploads\/2024\/12\/Other-Agricultural-Gearboxes.webp 1200w, https:\/\/fmp-components.com\/wp-content\/uploads\/2024\/12\/Other-Agricultural-Gearboxes-980x1143.webp 980w, https:\/\/fmp-components.com\/wp-content\/uploads\/2024\/12\/Other-Agricultural-Gearboxes-480x560.webp 480w\" alt=\"Altri-cambi-agricoli\" width=\"1200\" height=\"1400\" title=\"\"><\/p>\n<p>Tekij\u00e4: CX<\/p>","protected":false},"excerpt":{"rendered":"<p>Square Baler Gearbox FMP-FK157 Dimensions Square Baler Gearbox FMP-FK157 Shaft Dimensions Square Baler Gearbox FMP-FK157 Technical Data i Suitable Rpm input Rpm output KW(Nom) KW(Max) Toothing r\/min r\/min hp hp Speed increase 1:2.46 Straw chopper, etc 540 1328.4 180 700 Gleason Helical Teeth Speed increase 1:2.07 720 1190.4 180 700 Remark: If you have any [&hellip;]<\/p>","protected":false},"featured_media":2626,"comment_status":"open","ping_status":"closed","template":"","meta":{"_et_pb_use_builder":"","_et_pb_old_content":"","_et_gb_content_width":""},"product_brand":[],"product_cat":[62],"product_tag":[],"class_list":{"0":"post-2622","1":"product","2":"type-product","3":"status-publish","4":"has-post-thumbnail","6":"product_cat-square-baler-gearbox","8":"first","9":"instock","10":"shipping-taxable","11":"product-type-simple"},"_links":{"self":[{"href":"https:\/\/fmp-components.com\/fi\/wp-json\/wp\/v2\/product\/2622","targetHints":{"allow":["GET"]}}],"collection":[{"href":"https:\/\/fmp-components.com\/fi\/wp-json\/wp\/v2\/product"}],"about":[{"href":"https:\/\/fmp-components.com\/fi\/wp-json\/wp\/v2\/types\/product"}],"replies":[{"embeddable":true,"href":"https:\/\/fmp-components.com\/fi\/wp-json\/wp\/v2\/comments?post=2622"}],"wp:featuredmedia":[{"embeddable":true,"href":"https:\/\/fmp-components.com\/fi\/wp-json\/wp\/v2\/media\/2626"}],"wp:attachment":[{"href":"https:\/\/fmp-components.com\/fi\/wp-json\/wp\/v2\/media?parent=2622"}],"wp:term":[{"taxonomy":"product_brand","embeddable":true,"href":"https:\/\/fmp-components.com\/fi\/wp-json\/wp\/v2\/product_brand?post=2622"},{"taxonomy":"product_cat","embeddable":true,"href":"https:\/\/fmp-components.com\/fi\/wp-json\/wp\/v2\/product_cat?post=2622"},{"taxonomy":"product_tag","embeddable":true,"href":"https:\/\/fmp-components.com\/fi\/wp-json\/wp\/v2\/product_tag?post=2622"}],"curies":[{"name":"wp","href":"https:\/\/api.w.org\/{rel}","templated":true}]}}