{"id":2616,"date":"2025-01-03T02:57:42","date_gmt":"2025-01-03T02:57:42","guid":{"rendered":"https:\/\/fmp-components.com\/?page_id=8"},"modified":"2025-01-03T02:57:42","modified_gmt":"2025-01-03T02:57:42","slug":"square-baler-gearbox-fmp-fk155-for-automatic-feed-baler","status":"publish","type":"product","link":"https:\/\/fmp-components.com\/fi\/product\/square-baler-gearbox-fmp-fk155-for-automatic-feed-baler\/","title":{"rendered":"Neli\u00f6paalaimen vaihteisto FMP-FK155 automaattiseen sy\u00f6tt\u00f6paalaimeen"},"content":{"rendered":"<p><img loading=\"lazy\" decoding=\"async\" class=\"size-full wp-image-2619 aligncenter\" src=\"https:\/\/fmp-components.com\/wp-content\/uploads\/2025\/01\/Square-Baler-Gearbox-FMP-FK1551.webp\" alt=\"Neli\u00f6paalaimen-vaihteisto-FMP-FK155(1)\" width=\"600\" height=\"600\" title=\"\" srcset=\"https:\/\/fmp-components.com\/wp-content\/uploads\/2025\/01\/Square-Baler-Gearbox-FMP-FK1551.webp 600w, https:\/\/fmp-components.com\/wp-content\/uploads\/2025\/01\/Square-Baler-Gearbox-FMP-FK1551-480x480.webp 480w\" sizes=\"(min-width: 0px) and (max-width: 480px) 480px, (min-width: 481px) 600px, 100vw\" \/><\/p>\n<h2>Kanttipaalaimen vaihteiston FMP-FK155 mitat<\/h2>\n<p><img loading=\"lazy\" decoding=\"async\" class=\"alignnone size-full wp-image-2617\" src=\"https:\/\/fmp-components.com\/wp-content\/uploads\/2025\/01\/Square-Baler-Gearbox-FMP-FK155-Dimensions-1.webp\" alt=\"Neli\u00f6paalaimen-vaihteisto-FMP-FK155-Mitat-1\" width=\"1268\" height=\"840\" title=\"\" srcset=\"https:\/\/fmp-components.com\/wp-content\/uploads\/2025\/01\/Square-Baler-Gearbox-FMP-FK155-Dimensions-1.webp 1268w, https:\/\/fmp-components.com\/wp-content\/uploads\/2025\/01\/Square-Baler-Gearbox-FMP-FK155-Dimensions-1-980x649.webp 980w, https:\/\/fmp-components.com\/wp-content\/uploads\/2025\/01\/Square-Baler-Gearbox-FMP-FK155-Dimensions-1-480x318.webp 480w\" sizes=\"(min-width: 0px) and (max-width: 480px) 480px, (min-width: 481px) and (max-width: 980px) 980px, (min-width: 981px) 1268px, 100vw\" \/> <img loading=\"lazy\" decoding=\"async\" class=\"alignnone size-full wp-image-2618\" src=\"https:\/\/fmp-components.com\/wp-content\/uploads\/2025\/01\/Square-Baler-Gearbox-EP-FK155-Dimensions-2.webp\" alt=\"Neli\u00f6paalaimen-vaihteisto-EP-FK155-Mitat-2\" width=\"1198\" height=\"362\" title=\"\" srcset=\"https:\/\/fmp-components.com\/wp-content\/uploads\/2025\/01\/Square-Baler-Gearbox-EP-FK155-Dimensions-2.webp 1198w, https:\/\/fmp-components.com\/wp-content\/uploads\/2025\/01\/Square-Baler-Gearbox-EP-FK155-Dimensions-2-980x296.webp 980w, https:\/\/fmp-components.com\/wp-content\/uploads\/2025\/01\/Square-Baler-Gearbox-EP-FK155-Dimensions-2-480x145.webp 480w\" sizes=\"(min-width: 0px) and (max-width: 480px) 480px, (min-width: 481px) and (max-width: 980px) 980px, (min-width: 981px) 1198px, 100vw\" \/><\/p>\n<h2>Kanttipaalaimen vaihteiston FMP-FK155 tekniset tiedot<\/h2>\n<table style=\"width: 99.2395%; height: 129px;\" border=\"1\" cellspacing=\"0\" cellpadding=\"0\">\n<tbody>\n<tr>\n<td colspan=\"2\" rowspan=\"2\">min\u00e4<\/td>\n<td rowspan=\"2\">Sopii<\/td>\n<td>Kierroslukutulo<\/td>\n<td>Kierrosluku<\/td>\n<td>kW (nim.)<\/td>\n<td>kW (maks.)<\/td>\n<td rowspan=\"2\">Hammastus<\/td>\n<\/tr>\n<tr>\n<td>kierrosta minuutissa<\/td>\n<td>kierrosta minuutissa<\/td>\n<td>hv<\/td>\n<td>hv<\/td>\n<\/tr>\n<tr>\n<td>Vasen ja valoteho<\/td>\n<td>1:2.46<\/td>\n<td rowspan=\"2\">Automaattinen sy\u00f6tt\u00f6paalain jne.<\/td>\n<td>540<\/td>\n<td>1328<\/td>\n<td>180<\/td>\n<td>1080<\/td>\n<td rowspan=\"2\">Gleason Helical<br \/>\nHampaat<\/td>\n<\/tr>\n<tr>\n<td>Seurantatulos<\/td>\n<td>1.24:1<\/td>\n<td>1328<\/td>\n<td>1070<\/td>\n<td>130<\/td>\n<td>1100<\/td>\n<\/tr>\n<tr>\n<td colspan=\"8\">Huomautus: Jos sinulla on erityisvaatimuksia, kerro siit\u00e4 minulle, hyv\u00e4ksymme my\u00f6s mittatilausty\u00f6n\u00e4 tehdyt tarjoukset.<\/td>\n<\/tr>\n<\/tbody>\n<\/table>\n<h3>Neli\u00f6paalaimen vaihdelaatikon FMP-FK155 edut<\/h3>\n<p>Kanttipaalaimen vaihteisto FMP-FK155 on tehokas vaihteisto, joka on erityisesti suunniteltu k\u00e4ytett\u00e4v\u00e4ksi kanttipaalaimissa. Se tarjoaa useita etuja, jotka tekev\u00e4t siit\u00e4 ihanteellisen valinnan maatalousk\u00e4ytt\u00f6\u00f6n, erityisesti sellaisiin, jotka vaativat tehokasta ja luotettavaa paalausta. Alla on lueteltu FMP-FK155-kanttipaalaimen vaihteiston t\u00e4rkeimm\u00e4t edut:<\/p>\n<p><strong>Suuri v\u00e4\u00e4nt\u00f6momentti<\/strong><\/p>\n<ul>\n<li>Etu: FMP-FK155-vaihteisto on suunniteltu k\u00e4sittelem\u00e4\u00e4n suuria v\u00e4\u00e4nt\u00f6momentteja, joten se sopii vaativiin k\u00e4ytt\u00f6tarkoituksiin, kuten tiheiden materiaalien, kuten hein\u00e4n, oljen ja s\u00e4il\u00f6rehun, paalaamiseen.<\/li>\n<li>Etu: T\u00e4m\u00e4 suuri v\u00e4\u00e4nt\u00f6momentti varmistaa luotettavan suorituskyvyn raskaissa olosuhteissa, jolloin paalain pystyy muodostamaan tiiviit\u00e4 ja tasaisia \u200b\u200bpaaleja rasittamatta vaihteistoa.<\/li>\n<\/ul>\n<p><strong>Kest\u00e4vyys ja pitk\u00e4ik\u00e4isyys<\/strong><\/p>\n<ul>\n<li>Etu: Korkealaatuisista materiaaleista ja tarkkuusteknisist\u00e4 komponenteista valmistettu FMP-FK155-vaihteisto on rakennettu kest\u00e4m\u00e4\u00e4n maatalousymp\u00e4rist\u00f6jen ankarissa olosuhteissa.<\/li>\n<li>Hy\u00f6ty: Sen kest\u00e4vyys v\u00e4hent\u00e4\u00e4 usein toistuvan huollon tai vaihdon tarvetta, mik\u00e4 varmistaa pitk\u00e4n aikav\u00e4lin toiminnan tehokkuuden ja alentaa k\u00e4ytt\u00e4jien kokonaisvaltaisia \u200b\u200byll\u00e4pitokustannuksia.<\/li>\n<\/ul>\n<p><strong>Kompakti ja tilaa s\u00e4\u00e4st\u00e4v\u00e4 muotoilu<\/strong><\/p>\n<ul>\n<li>Etu: Tehokkaasta suorituskyvyst\u00e4\u00e4n huolimatta FMP-FK155-vaihteisto on kompakti, mik\u00e4 optimoi tilank\u00e4yt\u00f6n paalainkoneissa.<\/li>\n<li>Hy\u00f6ty: T\u00e4m\u00e4 tilaa s\u00e4\u00e4st\u00e4v\u00e4 rakenne mahdollistaa helpon integroinnin erilaisiin paalainmalleihin suorituskyvyst\u00e4 tinkim\u00e4tt\u00e4, mik\u00e4 tekee siit\u00e4 monipuolisen valinnan erilaisiin maatalousymp\u00e4rist\u00f6ihin.<\/li>\n<\/ul>\n<p><strong>Tarkkuustekniikka<\/strong><\/p>\n<ul>\n<li>Etu: FMP-FK155:n vaihteet ja sis\u00e4iset komponentit on suunniteltu tarkasti, mik\u00e4 varmistaa sujuvan voimansiirron ja minimoi vaihteiden kulumisen.<\/li>\n<li>Hy\u00f6ty: T\u00e4m\u00e4 tehostaa paalausta pienemm\u00e4ll\u00e4 energiah\u00e4vi\u00f6ll\u00e4, parantaa kokonaistuottavuutta ja varmistaa, ett\u00e4 vaihteisto toimii hiljaisesti ja minimoi t\u00e4rin\u00e4n.<\/li>\n<\/ul>\n<p>Neli\u00f6paalaimen vaihteisto FMP-FK155 tarjoaa useita etuja, jotka tekev\u00e4t siit\u00e4 erinomaisen valinnan maatalousk\u00e4ytt\u00f6\u00f6n. Sen suuri v\u00e4\u00e4nt\u00f6momentti, kest\u00e4vyys ja tehokkuus ovat keskeisi\u00e4 etuja niille, jotka etsiv\u00e4t luotettavaa ja v\u00e4h\u00e4n huoltoa vaativaa vaihteistoa, joka kest\u00e4\u00e4 paalaustoimintojen rasitukset. Kompakti, korroosionkest\u00e4v\u00e4 ja monipuolinen rakenne varmistaa, ett\u00e4 vaihteisto soveltuu erilaisiin paalausj\u00e4rjestelmiin ja sovelluksiin, kun taas sen hiljainen k\u00e4ynti\u00e4\u00e4ni ja v\u00e4h\u00e4inen huoltotarve tekev\u00e4t siit\u00e4 kustannustehokkaan ja k\u00e4ytt\u00e4j\u00e4yst\u00e4v\u00e4llisen ratkaisun nykyaikaisiin maatalousk\u00e4ytt\u00f6\u00f6n.<\/p>\n<p><img loading=\"lazy\" decoding=\"async\" class=\"alignnone size-full wp-image-2620\" src=\"https:\/\/fmp-components.com\/wp-content\/uploads\/2025\/01\/Square-Baler-Gearbox-EP-FK155-Advantages1.webp\" alt=\"Neli\u00f6paalaimen-vaihteisto-EP-FK155-Edut(1)\" width=\"883\" height=\"360\" title=\"\" srcset=\"https:\/\/fmp-components.com\/wp-content\/uploads\/2025\/01\/Square-Baler-Gearbox-EP-FK155-Advantages1.webp 883w, https:\/\/fmp-components.com\/wp-content\/uploads\/2025\/01\/Square-Baler-Gearbox-EP-FK155-Advantages1-480x196.webp 480w\" sizes=\"(min-width: 0px) and (max-width: 480px) 480px, (min-width: 481px) 883px, 100vw\" \/><\/p>\n<h2>Neli\u00f6paalaimen vaihdelaatikon FMP-FK155 sovellukset maataloudessa<\/h2>\n<div class=\"flex max-w-full flex-col flex-grow\">\n<div class=\"min-h-8 text-message flex w-full flex-col items-end gap-2 whitespace-normal break-words text-start [.text-message+&amp;]:mt-5\" dir=\"auto\" data-message-author-role=\"assistant\" data-message-id=\"fec87163-3921-4a88-9fd0-dcaf569f414b\" data-message-model-slug=\"gpt-4o\">\n<div class=\"flex w-full flex-col gap-1 empty:hidden first:pt-[3px]\">\n<div class=\"markdown prose w-full break-words dark:prose-invert light\">\n<p>Neli\u00f6paalaimen vaihteisto FMP-FK155 on olennainen osa nykyaikaisia \u200b\u200bmaatalouskoneita, ja se on erityisesti suunniteltu parantamaan paalauksen tehokkuutta ja luotettavuutta. Sen kest\u00e4v\u00e4 rakenne ja tehokas muotoilu tekev\u00e4t siit\u00e4 eritt\u00e4in sopivan monenlaisiin maataloussovelluksiin. Alla on lueteltu FMP-FK155-neli\u00f6paalaimen vaihteiston t\u00e4rkeimm\u00e4t k\u00e4ytt\u00f6kohteet maataloudessa:<\/p>\n<p><strong>Hein\u00e4n paalaaminen<\/strong><\/p>\n<ul>\n<li>K\u00e4ytt\u00f6: FMP-FK155-vaihteistoa k\u00e4ytet\u00e4\u00e4n laajalti hein\u00e4paalaimissa tiiviisti pakattujen kuivan ruohon neli\u00f6paalien muodostamiseen.<\/li>\n<li>Etu: Sen suuri v\u00e4\u00e4nt\u00f6momentti varmistaa sujuvan toiminnan my\u00f6s suurilla hein\u00e4m\u00e4\u00e4rill\u00e4, jolloin syntyy tasaisia \u200b\u200bja tiheit\u00e4 paaleja, joita on helppo varastoida ja kuljettaa el\u00e4inten rehuksi tai muuhun k\u00e4ytt\u00f6\u00f6n.<\/li>\n<\/ul>\n<p><strong>Olkipaalaukset<\/strong><\/p>\n<ul>\n<li>K\u00e4ytt\u00f6: Kun viljakasvit, kuten vehn\u00e4 tai ohra, on korjattu, j\u00e4ljelle j\u00e4\u00e4nyt olki usein paalataan k\u00e4ytett\u00e4v\u00e4ksi karjan kuivikkeena, katteeksi tai bioenergian tuotantoon.<\/li>\n<li>Hy\u00f6ty: Vaihteisto tarjoaa tarvittavan mekaanisen edun sitke\u00e4n, kuituisen oljen k\u00e4sittelyyn varmistaen, ett\u00e4 paalain tuottaa tasalaatuisia, vahvoja ja tiiviit\u00e4 neli\u00f6paaleja.<\/li>\n<\/ul>\n<p><strong>S\u00e4il\u00f6rehun paalaaminen<\/strong><\/p>\n<ul>\n<li>K\u00e4ytt\u00f6: S\u00e4il\u00f6rehun tuotannossa FMP-FK155-vaihteistoa k\u00e4ytet\u00e4\u00e4n paalaimissa kosteiden rehumateriaalien, kuten ruohon, maissin tai sinimailasen, tiivist\u00e4miseen tiiviiksi, suljetuiksi neli\u00f6paaleiksi.<\/li>\n<li>Hy\u00f6ty: Kyky k\u00e4sitell\u00e4 kosteita ja raskaita materiaaleja varmistaa korkealaatuiset s\u00e4il\u00f6rehupaalit, jotka sopivat ihanteellisesti varastointiin ja my\u00f6hemp\u00e4\u00e4n ruokintaan s\u00e4ilytt\u00e4en ravintoarvonsa.<\/li>\n<\/ul>\n<p><strong>Rehun paalaaminen<\/strong><\/p>\n<ul>\n<li>K\u00e4ytt\u00f6: Rehukasvit, kuten alfalfa tai apila, paalataan FMP-FK155-vaihteistoilla korkealaatuiseksi el\u00e4inten rehuksi.<\/li>\n<li>Hy\u00f6ty: Vaihteiston tarkka suunnittelu takaa tiiviisti pakattujen ja hyvin muotoiltujen neli\u00f6paalien muodostumisen, jotka s\u00e4ilytt\u00e4v\u00e4t rehun laadun varastoinnin ja kuljetuksen aikana.<\/li>\n<\/ul>\n<p>Neli\u00f6paalaimen vaihteisto FMP-FK155 on v\u00e4ltt\u00e4m\u00e4t\u00f6n ty\u00f6kalu nykyaikaisessa maataloudessa, sill\u00e4 se tarjoaa luotettavuutta, kest\u00e4vyytt\u00e4 ja monipuolisuutta erilaisissa paalaust\u00f6iss\u00e4. Hein\u00e4n ja olkien paalauksesta s\u00e4il\u00f6rehun tuotantoon ja maatalousj\u00e4tteen k\u00e4sittelyyn, t\u00e4m\u00e4 vaihteisto varmistaa optimaalisen suorituskyvyn ja tehokkuuden. Sen suuri v\u00e4\u00e4nt\u00f6momentti, tarkka rakenne ja v\u00e4h\u00e4iset huoltovaatimukset tekev\u00e4t siit\u00e4 ihanteellisen sek\u00e4 pienille maatiloille ett\u00e4 suurille kaupallisille toiminnoille, mik\u00e4 edist\u00e4\u00e4 merkitt\u00e4v\u00e4sti paalauksessa k\u00e4ytett\u00e4vien maatalouskoneiden menestyst\u00e4 ja tehokkuutta.<\/p>\n<p><img loading=\"lazy\" decoding=\"async\" class=\"alignnone size-full wp-image-2608\" src=\"https:\/\/fmp-components.com\/wp-content\/uploads\/2025\/01\/Square-Baler-Gearbox-EP-FK136-Common-Applications1.webp\" alt=\"Neli\u00f6paalaimen vaihteisto-FMP-FK136-yleisi\u00e4-sovelluksia(1)\" width=\"1024\" height=\"564\" title=\"\" srcset=\"https:\/\/fmp-components.com\/wp-content\/uploads\/2025\/01\/Square-Baler-Gearbox-EP-FK136-Common-Applications1.webp 1024w, https:\/\/fmp-components.com\/wp-content\/uploads\/2025\/01\/Square-Baler-Gearbox-EP-FK136-Common-Applications1-980x540.webp 980w, https:\/\/fmp-components.com\/wp-content\/uploads\/2025\/01\/Square-Baler-Gearbox-EP-FK136-Common-Applications1-480x264.webp 480w\" sizes=\"(min-width: 0px) and (max-width: 480px) 480px, (min-width: 481px) and (max-width: 980px) 980px, (min-width: 981px) 1024px, 100vw\" \/><\/p>\n<h3>Tietoja FMP:st\u00e4<\/h3>\n<p>Italiassa p\u00e4\u00e4konttoriaan pit\u00e4v\u00e4 FMP on johtava valmistaja, joka tunnetaan asiantuntemuksestaan \u200b\u200btehokkaiden vaihteistojen suunnittelussa, kehitt\u00e4misess\u00e4 ja tuotannossa. Yrityksen painopiste on maatalouskonesektorilla. Tarkkuuden, innovatiivisten ratkaisujen ja horjumattoman luotettavuuden ansiosta FMP on vakiinnuttanut asemansa luotettavana kumppanina sek\u00e4 maatalous- ett\u00e4 teollisuussektoreilla. Laaja tuotevalikoimamme sis\u00e4lt\u00e4\u00e4 ruohonleikkureiden, nivelakseleiden ja muiden t\u00e4rkeiden komponenttien erikoisvaihteistoja, jotka kaikki on asiantuntevasti suunniteltu tarjoamaan r\u00e4\u00e4t\u00e4l\u00f6ityj\u00e4 ratkaisuja monenlaisiin sovelluksiin.<\/p>\n<p>FMP:ll\u00e4 ymm\u00e4rr\u00e4mme, ett\u00e4 jokaisella asiakkaalla on ainutlaatuiset vaatimukset ja haasteet. Siksi olemme erikoistuneet r\u00e4\u00e4t\u00e4l\u00f6ityjen ratkaisujen toimittamiseen, olipa kyse sitten yksitt\u00e4isist\u00e4 komponenteista tai t\u00e4ysin integroiduista j\u00e4rjestelmist\u00e4. Ty\u00f6skentelem\u00e4ll\u00e4 tiiviisti asiakkaidemme kanssa varmistamme, ett\u00e4 jokainen ratkaisu on sek\u00e4 tehokas ett\u00e4 tuloksellinen, optimoiden suorituskyvyn ja arvon. Sitoutumisemme tarjota nopeita ja ammattimaisia \u200b\u200b\u200b\u200bvastauksia \u2013 asiantuntijaohjauksen tuella \u2013 varmistaa, ett\u00e4 jokainen tiedustelu k\u00e4sitell\u00e4\u00e4n \u00e4\u00e4rimm\u00e4isen huolellisesti ja tarkasti, mik\u00e4 johtaa parhaisiin mahdollisiin tuloksiin.<\/p>\n<p>Priorisoimme avointa ja jatkuvaa viestint\u00e4\u00e4 koko tuotekehitysprosessin ajan. Omistautunut tiimimme ty\u00f6skentelee suoraan asiakkaiden kanssa ymm\u00e4rt\u00e4\u00e4kseen t\u00e4ysin heid\u00e4n erityistarpeensa ja tarjoaa arvokkaita n\u00e4kemyksi\u00e4 ja suosituksia optimaalisten ratkaisujen varmistamiseksi. Olipa kyse innovatiivisten tuotteiden suunnittelusta tai jatkuvien tilausten t\u00e4ytt\u00e4misest\u00e4, FMP on sitoutunut toimittamaan korkealaatuisia ja tarkasti suunniteltuja ratkaisuja ajallaan, joka kerta. Tavoitteenamme on ylitt\u00e4\u00e4 odotukset ja tarjota parasta mahdollista palvelua ja tuloksia jokaisessa projektissa.<\/p>\n<p>Laatu on FMP:n toiminnan perusta. Noudatamme korkeimpia valmistusstandardeja ja toteutamme tiukkoja laadunvalvontatoimenpiteit\u00e4 varmistaaksemme, ett\u00e4 jokainen tuote ei ainoastaan \u200b\u200bvastaa alan odotuksia, vaan ylitt\u00e4\u00e4 ne. T\u00e4m\u00e4 v\u00e4sym\u00e4t\u00f6n sitoutuminen laatuun yhdistettyn\u00e4 ydinarvoihimme, kuten rehellisyyteen, tiimity\u00f6h\u00f6n ja sinnikkyyteen, on mahdollistanut pitk\u00e4aikaisten ja luottamukseen perustuvien asiakassuhteiden rakentamisen l\u00e4hes 30 maassa ymp\u00e4ri maailmaa.<\/p>\n<p>FMP on omistautunut edist\u00e4m\u00e4\u00e4n globaaleja kumppanuuksia ja tarjoamaan asiantuntevaa neuvontaa ja r\u00e4\u00e4t\u00e4l\u00f6ityj\u00e4 ratkaisuja, jotka vastaavat asiakkaidemme moninaisiin tarpeisiin. Emme tyydy pelk\u00e4st\u00e4\u00e4n tuotteiden toimittamiseen, vaan keskitymme kest\u00e4vien suhteiden rakentamiseen, jotka edist\u00e4v\u00e4t jokaisen projektin onnistumista. Tarvitsetpa sitten innovatiivisia ratkaisuja uuteen aloitteeseen tai jatkuvaa tukea olemassa olevalle j\u00e4rjestelm\u00e4lle, FMP on t\u00e4\u00e4ll\u00e4 vastaamassa teknisiin haasteisiisi ja varmistamassa jatkuvan menestyksesi.<\/p>\n<p><img loading=\"lazy\" decoding=\"async\" class=\"alignnone size-full wp-image-1861\" src=\"https:\/\/fmp-components.com\/wp-content\/uploads\/2024\/12\/Other-Agricultural-Gearboxes.webp\" sizes=\"(min-width: 0px) and (max-width: 480px) 480px, (min-width: 481px) and (max-width: 980px) 980px, (min-width: 981px) 1200px, 100vw\" srcset=\"https:\/\/fmp-components.com\/wp-content\/uploads\/2024\/12\/Other-Agricultural-Gearboxes.webp 1200w, https:\/\/fmp-components.com\/wp-content\/uploads\/2024\/12\/Other-Agricultural-Gearboxes-980x1143.webp 980w, https:\/\/fmp-components.com\/wp-content\/uploads\/2024\/12\/Other-Agricultural-Gearboxes-480x560.webp 480w\" alt=\"Altri-cambi-agricoli\" width=\"1200\" height=\"1400\" title=\"\"><\/p>\n<p>Tekij\u00e4: CX<\/p>\n<\/div>\n<\/div>\n<\/div>\n<\/div>","protected":false},"excerpt":{"rendered":"<p>Square Baler Gearbox FMP-FK155 Dimensions Square Baler Gearbox FMP-FK155 Technical Data i Suitable Rpm input Rpm output KW(Nom) KW(Max) Toothing r\/min r\/min hp hp Left and Light output 1:2.46 Automatic feed baler, etc 540 1328 180 1080 Gleason Helical Teeth Follow-up output 1.24:1 1328 1070 130 1100 Remark: If you have any special require feel [&hellip;]<\/p>","protected":false},"featured_media":2619,"comment_status":"open","ping_status":"closed","template":"","meta":{"_et_pb_use_builder":"","_et_pb_old_content":"","_et_gb_content_width":""},"product_brand":[],"product_cat":[62],"product_tag":[],"class_list":{"0":"post-2616","1":"product","2":"type-product","3":"status-publish","4":"has-post-thumbnail","6":"product_cat-square-baler-gearbox","8":"first","9":"instock","10":"shipping-taxable","11":"product-type-simple"},"_links":{"self":[{"href":"https:\/\/fmp-components.com\/fi\/wp-json\/wp\/v2\/product\/2616","targetHints":{"allow":["GET"]}}],"collection":[{"href":"https:\/\/fmp-components.com\/fi\/wp-json\/wp\/v2\/product"}],"about":[{"href":"https:\/\/fmp-components.com\/fi\/wp-json\/wp\/v2\/types\/product"}],"replies":[{"embeddable":true,"href":"https:\/\/fmp-components.com\/fi\/wp-json\/wp\/v2\/comments?post=2616"}],"wp:featuredmedia":[{"embeddable":true,"href":"https:\/\/fmp-components.com\/fi\/wp-json\/wp\/v2\/media\/2619"}],"wp:attachment":[{"href":"https:\/\/fmp-components.com\/fi\/wp-json\/wp\/v2\/media?parent=2616"}],"wp:term":[{"taxonomy":"product_brand","embeddable":true,"href":"https:\/\/fmp-components.com\/fi\/wp-json\/wp\/v2\/product_brand?post=2616"},{"taxonomy":"product_cat","embeddable":true,"href":"https:\/\/fmp-components.com\/fi\/wp-json\/wp\/v2\/product_cat?post=2616"},{"taxonomy":"product_tag","embeddable":true,"href":"https:\/\/fmp-components.com\/fi\/wp-json\/wp\/v2\/product_tag?post=2616"}],"curies":[{"name":"wp","href":"https:\/\/api.w.org\/{rel}","templated":true}]}}