{"id":2597,"date":"2025-01-03T02:08:14","date_gmt":"2025-01-03T02:08:14","guid":{"rendered":"https:\/\/fmp-components.com\/?page_id=8"},"modified":"2025-01-03T02:08:14","modified_gmt":"2025-01-03T02:08:14","slug":"square-baler-gearbox-fmp-fk270","status":"publish","type":"product","link":"https:\/\/fmp-components.com\/fi\/product\/square-baler-gearbox-fmp-fk270\/","title":{"rendered":"Kanttipaalaimen vaihteisto FMP-FK270"},"content":{"rendered":"<p><img loading=\"lazy\" decoding=\"async\" class=\"size-full wp-image-2600 aligncenter\" src=\"https:\/\/fmp-components.com\/wp-content\/uploads\/2025\/01\/Square-Baler-Gearbox-FMP-FK2701.webp\" alt=\"Neli\u00f6paalaimen-vaihteisto-FMP-FK270(1)\" width=\"600\" height=\"600\" title=\"\" srcset=\"https:\/\/fmp-components.com\/wp-content\/uploads\/2025\/01\/Square-Baler-Gearbox-FMP-FK2701.webp 600w, https:\/\/fmp-components.com\/wp-content\/uploads\/2025\/01\/Square-Baler-Gearbox-FMP-FK2701-480x480.webp 480w\" sizes=\"(min-width: 0px) and (max-width: 480px) 480px, (min-width: 481px) 600px, 100vw\" \/><\/p>\n<h2>Kanttipaalaimen vaihteiston FMP-FK270 mitat<\/h2>\n<p><img loading=\"lazy\" decoding=\"async\" class=\"alignnone size-full wp-image-2598\" src=\"https:\/\/fmp-components.com\/wp-content\/uploads\/2025\/01\/Square-Baler-Gearbox-FMP-FK270-Dimensions.webp\" alt=\"Neli\u00f6paalaimen-vaihteisto-FMP-FK270-Mitat\" width=\"1391\" height=\"899\" title=\"\" srcset=\"https:\/\/fmp-components.com\/wp-content\/uploads\/2025\/01\/Square-Baler-Gearbox-FMP-FK270-Dimensions.webp 1391w, https:\/\/fmp-components.com\/wp-content\/uploads\/2025\/01\/Square-Baler-Gearbox-FMP-FK270-Dimensions-1280x827.webp 1280w, https:\/\/fmp-components.com\/wp-content\/uploads\/2025\/01\/Square-Baler-Gearbox-FMP-FK270-Dimensions-980x633.webp 980w, https:\/\/fmp-components.com\/wp-content\/uploads\/2025\/01\/Square-Baler-Gearbox-FMP-FK270-Dimensions-480x310.webp 480w\" sizes=\"(min-width: 0px) and (max-width: 480px) 480px, (min-width: 481px) and (max-width: 980px) 980px, (min-width: 981px) and (max-width: 1280px) 1280px, (min-width: 1281px) 1391px, 100vw\" \/><\/p>\n<h2>Kanttipaalaimen vaihteiston FMP-FK270 akselin mitat<\/h2>\n<p><img loading=\"lazy\" decoding=\"async\" class=\"alignnone size-full wp-image-2599\" src=\"https:\/\/fmp-components.com\/wp-content\/uploads\/2025\/01\/Square-Baler-Gearbox-EP-FK270-Shaft-Dimensions.webp\" alt=\"Neli\u00f6paalaimen vaihteiston FMP FK270 akselin mitat\" width=\"1363\" height=\"413\" title=\"\" srcset=\"https:\/\/fmp-components.com\/wp-content\/uploads\/2025\/01\/Square-Baler-Gearbox-EP-FK270-Shaft-Dimensions.webp 1363w, https:\/\/fmp-components.com\/wp-content\/uploads\/2025\/01\/Square-Baler-Gearbox-EP-FK270-Shaft-Dimensions-1280x388.webp 1280w, https:\/\/fmp-components.com\/wp-content\/uploads\/2025\/01\/Square-Baler-Gearbox-EP-FK270-Shaft-Dimensions-980x297.webp 980w, https:\/\/fmp-components.com\/wp-content\/uploads\/2025\/01\/Square-Baler-Gearbox-EP-FK270-Shaft-Dimensions-480x145.webp 480w\" sizes=\"(min-width: 0px) and (max-width: 480px) 480px, (min-width: 481px) and (max-width: 980px) 980px, (min-width: 981px) and (max-width: 1280px) 1280px, (min-width: 1281px) 1363px, 100vw\" \/><\/p>\n<h2>Kanttipaalaimen vaihteisto FMP-FK270 Tekniset tiedot<\/h2>\n<table style=\"width: 97.1951%; height: 150px;\" border=\"1\" cellspacing=\"0\" cellpadding=\"0\">\n<tbody>\n<tr>\n<td colspan=\"2\" rowspan=\"2\">min\u00e4<\/td>\n<td rowspan=\"2\">Sopii<\/td>\n<td>Kierroslukutulo<\/td>\n<td>Kierrosluku<\/td>\n<td>kW (nim.)<\/td>\n<td>kW (maks.)<\/td>\n<td rowspan=\"2\">Hammastus<\/td>\n<\/tr>\n<tr>\n<td>kierrosta minuutissa<\/td>\n<td>kierrosta minuutissa<\/td>\n<td>hv<\/td>\n<td>hv<\/td>\n<\/tr>\n<tr>\n<td>Hidasta<\/td>\n<td>1:1<\/td>\n<td>Neli\u00f6paalain jne.<\/td>\n<td>540<\/td>\n<td>540<\/td>\n<td>120<\/td>\n<td>140<\/td>\n<td>Gleason Straight<br \/>\nHampaat<\/td>\n<\/tr>\n<tr>\n<td colspan=\"8\">Huomautus: Jos sinulla on erityisvaatimuksia, kerro siit\u00e4 minulle, hyv\u00e4ksymme my\u00f6s mittatilausty\u00f6n\u00e4 tehdyt tarjoukset.<\/td>\n<\/tr>\n<\/tbody>\n<\/table>\n<h2>Neli\u00f6paalaimen vaihteiston FMP-FK270 ominaisuudet<\/h2>\n<p>FMP-FK270-kanttipaalaimen vaihteisto on tehokas vaihteisto, joka on suunniteltu k\u00e4ytett\u00e4v\u00e4ksi maatalouskoneissa. Se on suunniteltu vastaamaan nykyaikaisen maataloustoiminnan vaativiin vaatimuksiin ja varmistamaan sujuvan ja tehokkaan voimansiirron traktorin voimanotosta (voimanottoakselista) kanttipaalaimen eri osiin. Alla on lueteltu FMP-FK270-kanttipaalaimen vaihteiston t\u00e4rkeimm\u00e4t ominaisuudet:<\/p>\n<ol>\n<li><strong>Suuri v\u00e4\u00e4nt\u00f6momentin k\u00e4sittelykapasiteetti<\/strong>\n<ul>\n<li>The <strong>FMP-FK270<\/strong> on suunniteltu k\u00e4sittelem\u00e4\u00e4n suuria v\u00e4\u00e4nt\u00f6momentteja, mik\u00e4 on olennaista neli\u00f6paalainten tehokkaalle toiminnalle. Se varmistaa, ett\u00e4 paalain pystyy suorittamaan teht\u00e4vi\u00e4, kuten hein\u00e4n, oljen ja kasvij\u00e4tteiden tiivist\u00e4mist\u00e4 ja sitomista, minimaalisella tehoh\u00e4vi\u00f6ll\u00e4.<\/li>\n<\/ul>\n<\/li>\n<li><strong>Tehokas voimansiirto<\/strong>\n<ul>\n<li>T\u00e4m\u00e4 vaihteisto siirt\u00e4\u00e4 tehokkaasti voiman traktorin voimanottoakselilta paalaimen toiminnallisiin osiin, kuten noukkimeen, sy\u00f6tt\u00f6j\u00e4rjestelm\u00e4\u00e4n, puristuskammioon ja solmimisj\u00e4rjestelm\u00e4\u00e4n. Tehokas voimansiirto varmistaa, ett\u00e4 kaikki komponentit toimivat synkronoidusti maksimaalisen suorituskyvyn saavuttamiseksi.<\/li>\n<\/ul>\n<\/li>\n<li><strong>Tarkkuustekniikka sujuvaa toimintaa varten<\/strong>\n<ul>\n<li>Tarkkuusteknisill\u00e4 vaihteilla rakennettu <strong>FMP-FK270<\/strong> varmistaa tasaisen ja hiljaisen toiminnan. Huolellisesti suunnitellut v\u00e4lityssuhteet auttavat optimoimaan paalaimen suorituskyvyn ja takaavat luotettavan ja tasaisen toiminnan kaikissa olosuhteissa.<\/li>\n<\/ul>\n<\/li>\n<li><strong>Kest\u00e4v\u00e4 rakenne<\/strong>\n<ul>\n<li>Vaihteisto on valmistettu korkealaatuisista materiaaleista, jotka kest\u00e4v\u00e4t kulumista, iskuja ja ymp\u00e4rist\u00f6rasituksia. Sen kest\u00e4v\u00e4 rakenne varmistaa, ett\u00e4 vaihteisto kest\u00e4\u00e4 maatalousymp\u00e4rist\u00f6n ankarat olosuhteet ja tarjoaa pitk\u00e4n k\u00e4ytt\u00f6i\u00e4n.<\/li>\n<\/ul>\n<\/li>\n<li><strong>Mukautettavissa erilaisiin sovelluksiin<\/strong>\n<ul>\n<li>The <strong>FMP-FK270<\/strong> Vaihteisto on monipuolinen ja sit\u00e4 voidaan mukauttaa vastaamaan eri paalainmallien ja maataloussovellusten erityisvaatimuksia. Sit\u00e4 voidaan s\u00e4\u00e4t\u00e4\u00e4 sopimaan eri satotyypeille, paalaimen kapasiteeteille ja k\u00e4ytt\u00f6olosuhteille, mik\u00e4 varmistaa optimaalisen suorituskyvyn jokaisessa teht\u00e4v\u00e4ss\u00e4.<\/li>\n<\/ul>\n<\/li>\n<\/ol>\n<p>FMP-FK270-kanttipaalaimen vaihteisto on kest\u00e4v\u00e4 ja tehokas vaihteisto, joka on r\u00e4\u00e4t\u00e4l\u00f6ity maatalouskoneiden paalaukseen. Sen suuren v\u00e4\u00e4nt\u00f6momentin, kest\u00e4v\u00e4n rakenteen, energiatehokkuuden ja helpon huollon yhdistelm\u00e4 tekee siit\u00e4 ihanteellisen valinnan viljelij\u00f6ille, jotka haluavat parantaa kanttipaalaimiensa tuottavuutta ja luotettavuutta. Olipa kyseess\u00e4 hein\u00e4, olki tai muu rehu, FMP-FK270 varmistaa, ett\u00e4 paalausprosessi sujuu sujuvasti ja tehokkaasti, mik\u00e4 edist\u00e4\u00e4 maataloustoiminnan onnistumista.<\/p>\n<p><img loading=\"lazy\" decoding=\"async\" class=\"alignnone size-full wp-image-2601\" src=\"https:\/\/fmp-components.com\/wp-content\/uploads\/2025\/01\/Square-Baler-Gearbox-EP-FK270-Installation-and-Maintenance1.webp\" alt=\"Neli\u00f6paalaimen-vaihteisto-FMP-FK270-asennus-ja-huolto(1)\" width=\"1000\" height=\"500\" title=\"\" srcset=\"https:\/\/fmp-components.com\/wp-content\/uploads\/2025\/01\/Square-Baler-Gearbox-EP-FK270-Installation-and-Maintenance1.webp 1000w, https:\/\/fmp-components.com\/wp-content\/uploads\/2025\/01\/Square-Baler-Gearbox-EP-FK270-Installation-and-Maintenance1-980x490.webp 980w, https:\/\/fmp-components.com\/wp-content\/uploads\/2025\/01\/Square-Baler-Gearbox-EP-FK270-Installation-and-Maintenance1-480x240.webp 480w\" sizes=\"(min-width: 0px) and (max-width: 480px) 480px, (min-width: 481px) and (max-width: 980px) 980px, (min-width: 981px) 1000px, 100vw\" \/><\/p>\n<h2>Neli\u00f6paalaimen vaihdelaatikon FMP-FK270 sovellukset<\/h2>\n<p>FMP-FK270-kanttipaalaimen vaihteisto on maatalouskoneiden kriittinen komponentti, joka on suunniteltu voimanl\u00e4hteeksi kanttipaalaimille, joita k\u00e4ytet\u00e4\u00e4n erilaisten sadon paalaamiseen. Sen ominaisuudet, kuten suuri v\u00e4\u00e4nt\u00f6momentin k\u00e4sittely, kest\u00e4vyys ja tehokas voimansiirto, tekev\u00e4t siit\u00e4 eritt\u00e4in sopivan useisiin maataloussovelluksiin. Alla on lueteltu FMP-FK270-kanttipaalaimen vaihteiston t\u00e4rkeimm\u00e4t k\u00e4ytt\u00f6kohteet:<\/p>\n<p>1. <strong>Hein\u00e4n paalaaminen<\/strong><\/p>\n<ul>\n<li><strong>Ensisijainen sovellus<\/strong>FMP-FK270-laitetta k\u00e4ytet\u00e4\u00e4n laajalti hein\u00e4n paalauksessa, jossa se auttaa tehokkaasti tiivist\u00e4m\u00e4\u00e4n ja sitomaan irtohein\u00e4\u00e4 tiukasti sidotuiksi paaleiksi. Sen kyky v\u00e4litt\u00e4\u00e4 suurta v\u00e4\u00e4nt\u00f6momenttia varmistaa, ett\u00e4 my\u00f6s tihe\u00e4 ja kuiva hein\u00e4 k\u00e4sitell\u00e4\u00e4n tehokkaasti, jolloin tuloksena on tasalaatuisia ja helppoja k\u00e4sitell\u00e4.<\/li>\n<li><strong>Edut<\/strong>Varmistaa korkealaatuiset paalit, jotka on helppo varastoida ja kuljettaa s\u00e4ilytt\u00e4en hein\u00e4n ravintoarvon karjan ruokintaan.<\/li>\n<\/ul>\n<p>2. <strong>Olkipaalaukset<\/strong><\/p>\n<ul>\n<li>The <strong>FMP-FK270<\/strong> Vaihteisto on v\u00e4ltt\u00e4m\u00e4t\u00f6n oljen paalauksessa, jota k\u00e4ytet\u00e4\u00e4n p\u00e4\u00e4asiassa vehn\u00e4n, ohran tai muiden viljakasvien sadonkorjuun j\u00e4lkeen. Se auttaa jalostamaan oljen tiiviiksi paaleiksi, joita voidaan sitten k\u00e4ytt\u00e4\u00e4 kuivikkeena, el\u00e4inten rehuna tai jopa bioenergian tuotannon raaka-aineena.<\/li>\n<li><strong>Edut<\/strong>Vaihteisto tarjoaa luotettavan voimansiirron ja kest\u00e4vyyden, k\u00e4sittelee oljen kuituisen ja sitke\u00e4n luonteen suorituskyvyst\u00e4 tinkim\u00e4tt\u00e4.<\/li>\n<\/ul>\n<p>3. <strong>S\u00e4il\u00f6rehun paalaaminen<\/strong><\/p>\n<ul>\n<li><strong>S\u00e4il\u00f6rehu<\/strong> valmistetaan puristamalla rehukasveja (kuten maissia tai sinimailasta) paaleiksi ja k\u00e4ym\u00e4ll\u00e4 niist\u00e4 el\u00e4inten rehuksi. FMP-FK270-vaihteisto sopii hyvin s\u00e4il\u00f6rehun paalaukseen, koska se pystyy k\u00e4sittelem\u00e4\u00e4n m\u00e4rki\u00e4 ja tiheit\u00e4 materiaaleja varmistaen tasaisen paalin muodostumisen my\u00f6s haastavissa olosuhteissa.<\/li>\n<li><strong>Edut<\/strong>Vaihteiston j\u00e4\u00e4hdytys- ja voiteluj\u00e4rjestelm\u00e4t varmistavat sujuvan toiminnan my\u00f6s s\u00e4il\u00f6rehun paalauksen kosteassa ymp\u00e4rist\u00f6ss\u00e4, mik\u00e4 v\u00e4hent\u00e4\u00e4 ylikuumenemisen riski\u00e4 ja yll\u00e4pit\u00e4\u00e4 tehokkuutta.<\/li>\n<\/ul>\n<p>4. <strong>Kasvij\u00e4tteiden paalaaminen<\/strong><\/p>\n<ul>\n<li>The <strong>FMP-FK270<\/strong> Vaihteisto sopii erinomaisesti kasvij\u00e4tteiden paalaamiseen, jossa ker\u00e4t\u00e4\u00e4n ja tiivistet\u00e4\u00e4n j\u00e4ljelle j\u00e4\u00e4nyt kasvimateriaali p\u00e4\u00e4kasvin korjuun j\u00e4lkeen. T\u00e4m\u00e4 on yleist\u00e4 kasvij\u00e4tteiden, kuten maissinvarsien, vehn\u00e4nolkien, riisinkuorien ja muiden sivutuotteiden, kanssa.<\/li>\n<li><strong>Edut<\/strong>Kest\u00e4v\u00e4n rakenteensa ansiosta vaihteisto pystyy k\u00e4sittelem\u00e4\u00e4n monipuolisia ja usein haastavia kasvij\u00e4tteit\u00e4 ja muuttamaan ne arvokkaiksi sivutuotteiksi varastointia tai bioenergian tuotantoa varten.<\/li>\n<\/ul>\n<p>5. <strong>Alfalfa-paalaaminen<\/strong><\/p>\n<ul>\n<li>Alfalfa, runsasproteiininen rehukasvi, paalataan usein karjanrehuksi. FMP-FK270-vaihteisto k\u00e4sittelee tehokkaasti alfalfan herkk\u00e4\u00e4 mutta tihe\u00e4\u00e4 luonnetta varmistaen tasalaatuiset ja tiiviit paalit, jotka s\u00e4ilytt\u00e4v\u00e4t sadon ravintoarvon.<\/li>\n<li><strong>Edut<\/strong>Vaihteisto varmistaa tasaisen paalitiheyden, mik\u00e4 on kriittist\u00e4 alfalfan laadun yll\u00e4pit\u00e4miseksi, kun sit\u00e4 varastoidaan el\u00e4inten rehuksi.<\/li>\n<\/ul>\n<p>FMP-FK270-kanttipaalaimen vaihteisto on olennainen osa erilaisia \u200b\u200bmaataloussovelluksia hein\u00e4n ja oljen paalauksesta bioenergian tuotantoon. Sen suuren v\u00e4\u00e4nt\u00f6momentin, tehokkaan voimansiirron ja kest\u00e4vyyden yhdistelm\u00e4 varmistaa, ett\u00e4 se pystyy k\u00e4sittelem\u00e4\u00e4n monenlaisia \u200b\u200bpaalaust\u00f6it\u00e4 erilaisissa maatalousymp\u00e4rist\u00f6iss\u00e4. Olipa kyseess\u00e4 sitten pienet maatilat tai laajamittainen maataloustoiminta, FMP-FK270-vaihteisto on suunniteltu parantamaan tuottavuutta, v\u00e4hent\u00e4m\u00e4\u00e4n seisokkiaikoja ja varmistamaan luotettava suorituskyky.<\/p>\n<table style=\"border-collapse: collapse; width: 97.125%; height: 33px;\" border=\"0\" width=\"128\" cellspacing=\"0\" cellpadding=\"0\">\n<tbody>\n<tr style=\"height: 13.8pt;\">\n<td style=\"height: 13.8pt; width: 48pt;\" align=\"right\" width=\"64\" height=\"18\"><img loading=\"lazy\" decoding=\"async\" class=\"alignnone size-full wp-image-2602\" src=\"https:\/\/fmp-components.com\/wp-content\/uploads\/2025\/01\/Square-Baler-Gearbox-EP-FK270-Applications-21.webp\" alt=\"Neli\u00f6paalaimen-vaihteisto-FMP-FK270-sovellukset-2\" width=\"1024\" height=\"669\" title=\"\" srcset=\"https:\/\/fmp-components.com\/wp-content\/uploads\/2025\/01\/Square-Baler-Gearbox-EP-FK270-Applications-21.webp 1024w, https:\/\/fmp-components.com\/wp-content\/uploads\/2025\/01\/Square-Baler-Gearbox-EP-FK270-Applications-21-980x640.webp 980w, https:\/\/fmp-components.com\/wp-content\/uploads\/2025\/01\/Square-Baler-Gearbox-EP-FK270-Applications-21-480x314.webp 480w\" sizes=\"(min-width: 0px) and (max-width: 480px) 480px, (min-width: 481px) and (max-width: 980px) 980px, (min-width: 981px) 1024px, 100vw\" \/><\/td>\n<td style=\"width: 48pt;\" align=\"right\" width=\"64\"><img loading=\"lazy\" decoding=\"async\" class=\"alignnone size-full wp-image-2603\" src=\"https:\/\/fmp-components.com\/wp-content\/uploads\/2025\/01\/Square-Baler-Gearbox-EP-FK270-Applications-11.webp\" alt=\"Neli\u00f6paalaimen-vaihteisto-FMP-FK270-sovellukset-\" width=\"1024\" height=\"669\" title=\"\" srcset=\"https:\/\/fmp-components.com\/wp-content\/uploads\/2025\/01\/Square-Baler-Gearbox-EP-FK270-Applications-11.webp 1024w, https:\/\/fmp-components.com\/wp-content\/uploads\/2025\/01\/Square-Baler-Gearbox-EP-FK270-Applications-11-980x640.webp 980w, https:\/\/fmp-components.com\/wp-content\/uploads\/2025\/01\/Square-Baler-Gearbox-EP-FK270-Applications-11-480x314.webp 480w\" sizes=\"(min-width: 0px) and (max-width: 480px) 480px, (min-width: 481px) and (max-width: 980px) 980px, (min-width: 981px) 1024px, 100vw\" \/><\/td>\n<\/tr>\n<\/tbody>\n<\/table>\n<h3>Tietoja FMP:st\u00e4<\/h3>\n<p>Italiassa p\u00e4\u00e4konttoriaan pit\u00e4v\u00e4 FMP on johtava valmistaja, joka tunnetaan asiantuntemuksestaan \u200b\u200btehokkaiden vaihteistojen suunnittelussa, kehitt\u00e4misess\u00e4 ja tuotannossa, keskittyen erityisesti maatalouskonesektoriin. Tarkkuuden, innovatiivisten ratkaisujen ja horjumattoman luotettavuuden ansiosta FMP:st\u00e4 on tullut luotettava kumppani sek\u00e4 maatalous- ett\u00e4 teollisuussektorin kehittyviin tarpeisiin. Monipuolinen tuotevalikoimamme sis\u00e4lt\u00e4\u00e4 ruohonleikkureiden, nivelakseleiden ja muiden t\u00e4rkeiden komponenttien erikoisvaihteistoja, jotka kaikki on huolellisesti suunniteltu tarjoamaan r\u00e4\u00e4t\u00e4l\u00f6ityj\u00e4 ratkaisuja laajaan k\u00e4ytt\u00f6tarkoitukseen.<\/p>\n<p>FMP:ll\u00e4 ymm\u00e4rr\u00e4mme, ett\u00e4 jokaisella asiakkaalla on ainutlaatuiset vaatimukset ja haasteet. Siksi olemme erikoistuneet r\u00e4\u00e4t\u00e4l\u00f6ityjen ratkaisujen tarjoamiseen, olipa kyse sitten yksitt\u00e4isist\u00e4 komponenteista tai t\u00e4ysin integroiduista j\u00e4rjestelmist\u00e4. Teemme tiivist\u00e4 yhteisty\u00f6t\u00e4 asiakkaidemme kanssa varmistaaksemme, ett\u00e4 jokainen ratkaisu on paitsi tehokas my\u00f6s tuloksellinen, optimoiden sek\u00e4 suorituskyvyn ett\u00e4 arvon. Sitoutumisemme tarjoamaan nopeita ja ammattimaisia \u200b\u200bvastauksia sek\u00e4 asiantuntevaa ohjausta varmistaa, ett\u00e4 jokaista tiedustelua k\u00e4sitell\u00e4\u00e4n \u00e4\u00e4rimm\u00e4isen huolellisesti ja tarkasti, mik\u00e4 johtaa parhaisiin mahdollisiin tuloksiin.<\/p>\n<p>Priorisoimme avointa ja jatkuvaa viestint\u00e4\u00e4 koko tuotekehitysprosessin ajan. Omistautunut tiimimme ty\u00f6skentelee suoraan asiakkaiden kanssa ymm\u00e4rt\u00e4\u00e4kseen t\u00e4ysin heid\u00e4n erityistarpeensa ja tarjoaa arvokkaita n\u00e4kemyksi\u00e4 ja suosituksia optimaalisten ratkaisujen varmistamiseksi. Olipa kyse innovatiivisten tuotteiden suunnittelusta tai jatkuvien tilausten t\u00e4ytt\u00e4misest\u00e4, FMP on sitoutunut toimittamaan korkealaatuisia ja tarkasti suunniteltuja ratkaisuja ajallaan, joka kerta. Tavoitteenamme on tarjota asiakkaille parasta mahdollista palvelua ja tuloksia, jotka ylitt\u00e4v\u00e4t odotukset jokaisessa projektissa.<\/p>\n<p>Laatu on FMP:n toiminnan kulmakivi. Noudatamme korkeimpia valmistusstandardeja ja toteutamme tiukkoja laadunvalvontatoimenpiteit\u00e4 varmistaaksemme, ett\u00e4 jokainen tuote ei ainoastaan \u200b\u200b\u200b\u200bt\u00e4ytt\u00e4\u00e4 alan standardeja, vaan my\u00f6s ylitt\u00e4\u00e4 ne. T\u00e4m\u00e4 horjumaton sitoutuminen laatuun yhdistettyn\u00e4 ydinarvoihimme, kuten rehellisyyteen, tiimity\u00f6h\u00f6n ja sinnikkyyteen, on mahdollistanut pitk\u00e4aikaisten ja luottamukseen perustuvien asiakassuhteiden rakentamisen l\u00e4hes 30 maassa maailmanlaajuisesti.<\/p>\n<p>FMP on aina avoin globaalien kumppanuuksien edist\u00e4miselle ja on edelleen sitoutunut tarjoamaan asiantuntevaa neuvontaa ja r\u00e4\u00e4t\u00e4l\u00f6ityj\u00e4 ratkaisuja, jotka vastaavat asiakkaidemme monimuotoisiin tarpeisiin. Emme tyydy pelk\u00e4st\u00e4\u00e4n tuotteiden toimittamiseen; pyrimme rakentamaan kest\u00e4vi\u00e4 suhteita, jotka edist\u00e4v\u00e4t jokaisen projektin onnistumista. Tarvitsetpa sitten innovatiivisia ratkaisuja uuteen aloitteeseen tai jatkuvaa tukea olemassa olevalle j\u00e4rjestelm\u00e4lle, FMP on t\u00e4\u00e4ll\u00e4 ratkaisemassa tekniset haasteesi ja varmistamassa jatkuvan menestyksesi.<\/p>\n<p><img loading=\"lazy\" decoding=\"async\" class=\"alignnone size-full wp-image-1861\" src=\"https:\/\/fmp-components.com\/wp-content\/uploads\/2024\/12\/Other-Agricultural-Gearboxes.webp\" sizes=\"(min-width: 0px) and (max-width: 480px) 480px, (min-width: 481px) and (max-width: 980px) 980px, (min-width: 981px) 1200px, 100vw\" srcset=\"https:\/\/fmp-components.com\/wp-content\/uploads\/2024\/12\/Other-Agricultural-Gearboxes.webp 1200w, https:\/\/fmp-components.com\/wp-content\/uploads\/2024\/12\/Other-Agricultural-Gearboxes-980x1143.webp 980w, https:\/\/fmp-components.com\/wp-content\/uploads\/2024\/12\/Other-Agricultural-Gearboxes-480x560.webp 480w\" alt=\"Altri-cambi-agricoli\" width=\"1200\" height=\"1400\" title=\"\"><\/p>\n<p>Tekij\u00e4: CX<\/p>","protected":false},"excerpt":{"rendered":"<p>Square Baler Gearbox FMP-FK270 Dimensions Square Baler Gearbox FMP-FK270 Shaft Dimensions Square Baler Gearbox FMP-FK270 Technical Data i Suitable Rpm input Rpm output KW(Nom) KW(Max) Toothing r\/min r\/min hp hp Decelerate 1:1 Square Baler, etc 540 540 120 140 Gleason Straight Teeth Remark: If you have any special require feel free let me know, we [&hellip;]<\/p>","protected":false},"featured_media":2600,"comment_status":"open","ping_status":"closed","template":"","meta":{"_et_pb_use_builder":"","_et_pb_old_content":"","_et_gb_content_width":""},"product_brand":[],"product_cat":[62],"product_tag":[],"class_list":{"0":"post-2597","1":"product","2":"type-product","3":"status-publish","4":"has-post-thumbnail","6":"product_cat-square-baler-gearbox","8":"first","9":"instock","10":"shipping-taxable","11":"product-type-simple"},"_links":{"self":[{"href":"https:\/\/fmp-components.com\/fi\/wp-json\/wp\/v2\/product\/2597","targetHints":{"allow":["GET"]}}],"collection":[{"href":"https:\/\/fmp-components.com\/fi\/wp-json\/wp\/v2\/product"}],"about":[{"href":"https:\/\/fmp-components.com\/fi\/wp-json\/wp\/v2\/types\/product"}],"replies":[{"embeddable":true,"href":"https:\/\/fmp-components.com\/fi\/wp-json\/wp\/v2\/comments?post=2597"}],"wp:featuredmedia":[{"embeddable":true,"href":"https:\/\/fmp-components.com\/fi\/wp-json\/wp\/v2\/media\/2600"}],"wp:attachment":[{"href":"https:\/\/fmp-components.com\/fi\/wp-json\/wp\/v2\/media?parent=2597"}],"wp:term":[{"taxonomy":"product_brand","embeddable":true,"href":"https:\/\/fmp-components.com\/fi\/wp-json\/wp\/v2\/product_brand?post=2597"},{"taxonomy":"product_cat","embeddable":true,"href":"https:\/\/fmp-components.com\/fi\/wp-json\/wp\/v2\/product_cat?post=2597"},{"taxonomy":"product_tag","embeddable":true,"href":"https:\/\/fmp-components.com\/fi\/wp-json\/wp\/v2\/product_tag?post=2597"}],"curies":[{"name":"wp","href":"https:\/\/api.w.org\/{rel}","templated":true}]}}