{"id":2590,"date":"2025-01-03T01:47:42","date_gmt":"2025-01-03T01:47:42","guid":{"rendered":"https:\/\/fmp-components.com\/?page_id=8"},"modified":"2025-01-03T01:50:37","modified_gmt":"2025-01-03T01:50:37","slug":"square-baler-gearbox-fmp-fk263","status":"publish","type":"product","link":"https:\/\/fmp-components.com\/fi\/product\/square-baler-gearbox-fmp-fk263\/","title":{"rendered":"Kanttipaalaimen vaihdelaatikko FMP-FK263"},"content":{"rendered":"<p><img loading=\"lazy\" decoding=\"async\" class=\"size-full wp-image-2595 aligncenter\" src=\"https:\/\/fmp-components.com\/wp-content\/uploads\/2025\/01\/Square-Baler-Gearbox-EP-FK2631.webp\" alt=\"Neli\u00f6paalaimen vaihteisto-EP-FK263\" width=\"600\" height=\"600\" title=\"\" srcset=\"https:\/\/fmp-components.com\/wp-content\/uploads\/2025\/01\/Square-Baler-Gearbox-EP-FK2631.webp 600w, https:\/\/fmp-components.com\/wp-content\/uploads\/2025\/01\/Square-Baler-Gearbox-EP-FK2631-480x480.webp 480w\" sizes=\"(min-width: 0px) and (max-width: 480px) 480px, (min-width: 481px) 600px, 100vw\" \/><\/p>\n<h2>Kanttipaalaimen vaihteiston FMP-FK263 mitat<\/h2>\n<p><img loading=\"lazy\" decoding=\"async\" class=\"alignnone size-full wp-image-2591\" src=\"https:\/\/fmp-components.com\/wp-content\/uploads\/2025\/01\/Square-Baler-Gearbox-EP-FK263-Dimensions.webp\" alt=\"Neli\u00f6paalaimen-vaihteisto-FMP-FK263-Mitat\" width=\"1456\" height=\"890\" title=\"\" srcset=\"https:\/\/fmp-components.com\/wp-content\/uploads\/2025\/01\/Square-Baler-Gearbox-EP-FK263-Dimensions.webp 1456w, https:\/\/fmp-components.com\/wp-content\/uploads\/2025\/01\/Square-Baler-Gearbox-EP-FK263-Dimensions-1280x782.webp 1280w, https:\/\/fmp-components.com\/wp-content\/uploads\/2025\/01\/Square-Baler-Gearbox-EP-FK263-Dimensions-980x599.webp 980w, https:\/\/fmp-components.com\/wp-content\/uploads\/2025\/01\/Square-Baler-Gearbox-EP-FK263-Dimensions-480x293.webp 480w\" sizes=\"(min-width: 0px) and (max-width: 480px) 480px, (min-width: 481px) and (max-width: 980px) 980px, (min-width: 981px) and (max-width: 1280px) 1280px, (min-width: 1281px) 1456px, 100vw\" \/> <img loading=\"lazy\" decoding=\"async\" class=\"alignnone size-full wp-image-2592\" src=\"https:\/\/fmp-components.com\/wp-content\/uploads\/2025\/01\/Square-Baler-Gearbox-EP-FK263-Shaft-Dimensions.webp\" alt=\"Neli\u00f6paalaimen vaihteiston FMP-FK263 akselin mitat\" width=\"1370\" height=\"414\" title=\"\" srcset=\"https:\/\/fmp-components.com\/wp-content\/uploads\/2025\/01\/Square-Baler-Gearbox-EP-FK263-Shaft-Dimensions.webp 1370w, https:\/\/fmp-components.com\/wp-content\/uploads\/2025\/01\/Square-Baler-Gearbox-EP-FK263-Shaft-Dimensions-1280x387.webp 1280w, https:\/\/fmp-components.com\/wp-content\/uploads\/2025\/01\/Square-Baler-Gearbox-EP-FK263-Shaft-Dimensions-980x296.webp 980w, https:\/\/fmp-components.com\/wp-content\/uploads\/2025\/01\/Square-Baler-Gearbox-EP-FK263-Shaft-Dimensions-480x145.webp 480w\" sizes=\"(min-width: 0px) and (max-width: 480px) 480px, (min-width: 481px) and (max-width: 980px) 980px, (min-width: 981px) and (max-width: 1280px) 1280px, (min-width: 1281px) 1370px, 100vw\" \/><\/p>\n<h2>Kanttipaalaimen vaihteisto FMP-FK263 Tekniset tiedot<\/h2>\n<table style=\"width: 100.066%; height: 144px;\" border=\"1\" cellspacing=\"0\" cellpadding=\"0\">\n<tbody>\n<tr>\n<td colspan=\"2\" rowspan=\"2\">min\u00e4<\/td>\n<td rowspan=\"2\">Sopii<\/td>\n<td>Kierroslukutulo<\/td>\n<td>Kierrosluku<\/td>\n<td>kW (nim.)<\/td>\n<td>kW (maks.)<\/td>\n<td rowspan=\"2\">Hammastus<\/td>\n<\/tr>\n<tr>\n<td>kierrosta minuutissa<\/td>\n<td>kierrosta minuutissa<\/td>\n<td>hv<\/td>\n<td>hv<\/td>\n<\/tr>\n<tr>\n<td>Nopeuden lis\u00e4ys<\/td>\n<td>1:2.69<\/td>\n<td>Neli\u00f6paalain jne.<\/td>\n<td>760<\/td>\n<td>2045<\/td>\n<td>180<\/td>\n<td>250<\/td>\n<td>Gleason Straight<br \/>\nHampaat<\/td>\n<\/tr>\n<tr>\n<td colspan=\"8\">Huomautus: Jos sinulla on erityisvaatimuksia, kerro siit\u00e4 minulle, hyv\u00e4ksymme my\u00f6s mittatilausty\u00f6n\u00e4 tehdyt tarjoukset.<\/td>\n<\/tr>\n<\/tbody>\n<\/table>\n<h2>Miten neli\u00f6paalaimen vaihteisto FMP-FK263 toimii?<\/h2>\n<p>FMP-FK263-kanttipaalaimen vaihteistolla on ratkaiseva rooli kanttipaalaimen tehokkaassa toiminnassa, sill\u00e4 se siirt\u00e4\u00e4 voiman traktorin voimanottoakselilta paalaimen eri mekaanisiin j\u00e4rjestelmiin, jolloin se voi suorittaa tarvittavat toiminnot: ker\u00e4t\u00e4, puristaa ja sitoa materiaalit paaleiksi. T\u00e4ss\u00e4 on yleiskatsaus FMP-FK263-vaihteiston toiminnasta paalauksessa:<\/p>\n<p><strong>Voimansiirto voimanottoakselilta<\/strong><\/p>\n<ul>\n<li>The <strong>FMP-FK263 Vaihteisto<\/strong> saa voiman traktorin voimanottoakselilta. Voimanottoakseli v\u00e4litt\u00e4\u00e4 py\u00f6rimisvoiman traktorin moottorista vaihteistoon, joka sijaitsee tyypillisesti paalaimessa.<\/li>\n<li>The <strong>sis\u00e4\u00e4ntuloakseli<\/strong> Vaihteiston osa vastaanottaa t\u00e4m\u00e4n voiman ja k\u00e4ynnist\u00e4\u00e4 liikkeen vaihteiston l\u00e4pi.<\/li>\n<\/ul>\n<p><strong>Vaihteiston sis\u00e4inen mekanismi<\/strong><\/p>\n<ul>\n<li>Vaihteisto sis\u00e4lt\u00e4\u00e4 sarjan hammaspy\u00f6ri\u00e4, mukaan lukien lieri\u00f6py\u00f6r\u00e4t, kartiopy\u00f6r\u00e4t ja planeettapy\u00f6r\u00e4t (rakenteesta riippuen), jotka v\u00e4litt\u00e4v\u00e4t py\u00f6rimisliikkeen tuloakselilta l\u00e4ht\u00f6akselille.<\/li>\n<li><strong>Kartiohammaspy\u00f6r\u00e4t<\/strong> voidaan k\u00e4ytt\u00e4\u00e4 voiman virtauksen suunnan muuttamiseen, kun taas lieri\u00f6py\u00f6r\u00e4t k\u00e4sittelev\u00e4t v\u00e4\u00e4nt\u00f6momentin suoraa siirtoa. N\u00e4m\u00e4 rattaat on suunniteltu k\u00e4sittelem\u00e4\u00e4n suuria v\u00e4\u00e4nt\u00f6momenttikuormia ja varmistamaan tasaisen ja luotettavan tehonsiirron.<\/li>\n<li>Sis\u00e4\u00e4n <strong>FMP-FK263<\/strong>Vaihteiden j\u00e4rjestely on erityisesti suunniteltu yll\u00e4pit\u00e4m\u00e4\u00e4n optimaalista nopeutta ja v\u00e4\u00e4nt\u00f6momenttia varmistaen, ett\u00e4 paalain toimii oikealla suoritustasolla puristettaessa esimerkiksi hein\u00e4\u00e4, olkea tai kasvij\u00e4tteit\u00e4.<\/li>\n<\/ul>\n<p>Nopeuden ja v\u00e4\u00e4nt\u00f6momentin s\u00e4\u00e4t\u00f6<\/p>\n<ul>\n<li>Vaihteisto s\u00e4\u00e4t\u00e4\u00e4 voimanottoakselin py\u00f6rimisnopeutta ja v\u00e4\u00e4nt\u00f6momenttia paalauksen erityisvaatimusten mukaan.<\/li>\n<li>Esimerkiksi vaihdelaatikon nopeudenalennusmekanismi voi varmistaa, ett\u00e4 paalaimen rullat ja muut komponentit py\u00f6riv\u00e4t oikealla nopeudella tehokkaan materiaalin tiivist\u00e4misen ja paalinmuodostuksen varmistamiseksi.<\/li>\n<li>Joissakin tapauksissa vaihteistossa voi olla alennusvaihteisto, joka hidastaa voimanottoakselin suurta nopeutta paalaimen mekanismien hitaammaksi ja hallitummaksi nopeudeksi.<\/li>\n<\/ul>\n<p>Tehonsiirto operatiivisille komponenteille<\/p>\n<ul>\n<li>The <strong>ulostuloakseli<\/strong> Vaihteiston teho siirt\u00e4\u00e4 k\u00e4sitellyn voiman kanttipaalaimen k\u00e4ytt\u00f6j\u00e4rjestelmiin, kuten:\n<ul>\n<li><strong>Noutomekanismi<\/strong>Ker\u00e4\u00e4m\u00e4\u00e4n satomateriaalia pellolta.<\/li>\n<li><strong>Ruokintaj\u00e4rjestelm\u00e4<\/strong>: Ker\u00e4tyn materiaalin sy\u00f6tt\u00e4miseksi puristuskammioon.<\/li>\n<li><strong>Puristusrullat<\/strong>: Materiaalin tiivist\u00e4miseksi haluttuun paalikokoon.<\/li>\n<li><strong>Solmuj\u00e4rjestelm\u00e4<\/strong>Paalien sitominen niiden muodostamisen j\u00e4lkeen.<\/li>\n<\/ul>\n<\/li>\n<li>Paalaimen suunnittelusta riippuen vaihteisto voi my\u00f6s k\u00e4ytt\u00e4\u00e4 lis\u00e4ominaisuuksia, kuten hydrauliikkaj\u00e4rjestelmi\u00e4 tai paalaimen kuljetinj\u00e4rjestelm\u00e4\u00e4.<\/li>\n<\/ul>\n<h3>FMP-FK263-kanttipaalaimen vaihteiston t\u00e4rkeimm\u00e4t ominaisuudet:<\/h3>\n<ul>\n<li><strong>Suuri v\u00e4\u00e4nt\u00f6momentti<\/strong>Vaihteisto on suunniteltu k\u00e4sittelem\u00e4\u00e4n neli\u00f6paalainten suuria v\u00e4\u00e4nt\u00f6momenttivaatimuksia.<\/li>\n<li><strong>Tehokas voimansiirto<\/strong>Varmistaa sujuvan ja tehokkaan voimansiirron voimanottoakselilta paalaimeen.<\/li>\n<li><strong>Kest\u00e4vyys<\/strong>Rakennettu kest\u00e4vist\u00e4 materiaaleista kest\u00e4m\u00e4\u00e4n maatalousk\u00e4yt\u00f6ss\u00e4 tyypillisi\u00e4 raskaita kuormia ja ankaria olosuhteita.<\/li>\n<li><strong>Mukautusvaihtoehdot<\/strong>Se voidaan sovittaa erilaisiin paalainkoneisiin, joilla on vaihtelevat tehovaatimukset ja ominaisuudet.<\/li>\n<li><strong>Voitelu ja j\u00e4\u00e4hdytys<\/strong>Integroidut j\u00e4rjestelm\u00e4t toiminnan tehokkuuden yll\u00e4pit\u00e4miseksi ja ylikuumenemisen est\u00e4miseksi.<\/li>\n<\/ul>\n<p>FMP-FK263-kanttipaalaimen vaihteisto toimii muuntamalla traktorin voimanottoakselin nopean py\u00f6rimisvoiman hallituksi, k\u00e4ytt\u00f6kelpoiseksi voimaksi, joka k\u00e4ytt\u00e4\u00e4 paalaimen eri osia. Se varmistaa, ett\u00e4 paalausprosessi \u2013 olipa kyseess\u00e4 hein\u00e4, olki tai muut materiaalit \u2013 on tehokas, sujuva ja luotettava, ja tuottaa korkealaatuisia paaleja ajallaan. Vaihteiston suunnittelussa on painotettu kest\u00e4vyytt\u00e4, tehokkuutta ja optimaalista tehonjakoa, mik\u00e4 tekee siit\u00e4 olennaisen osan tehokkaissa paalaimissa.<\/p>\n<p><img loading=\"lazy\" decoding=\"async\" class=\"alignnone size-full wp-image-2596\" src=\"https:\/\/fmp-components.com\/wp-content\/uploads\/2025\/01\/FMP-FK215-Square-Baler-Gearbox-Applications-2.webp\" alt=\"FMP-FK215-kanttipaalaimen-vaihteiston-sovellukset\" width=\"980\" height=\"483\" title=\"\" srcset=\"https:\/\/fmp-components.com\/wp-content\/uploads\/2025\/01\/FMP-FK215-Square-Baler-Gearbox-Applications-2.webp 980w, https:\/\/fmp-components.com\/wp-content\/uploads\/2025\/01\/FMP-FK215-Square-Baler-Gearbox-Applications-2-480x237.webp 480w\" sizes=\"(min-width: 0px) and (max-width: 480px) 480px, (min-width: 481px) 980px, 100vw\" \/><\/p>\n<article class=\"w-full scroll-mb-[var(--thread-trailing-height,150px)] text-token-text-primary focus-visible:outline-2 focus-visible:outline-offset-[-4px]\" dir=\"auto\" data-testid=\"conversation-turn-12\" data-scroll-anchor=\"false\">\n<div class=\"m-auto text-base py-[18px] px-3 md:px-4 w-full md:px-5 lg:px-4 xl:px-5\">\n<div class=\"mx-auto flex flex-1 gap-4 text-base md:gap-5 lg:gap-6 md:max-w-3xl lg:max-w-[40rem] xl:max-w-[48rem]\">\n<div class=\"group\/conversation-turn relative flex w-full min-w-0 flex-col\">\n<div class=\"flex-col gap-1 md:gap-3\">\n<div class=\"flex max-w-full flex-col flex-grow\">\n<div class=\"min-h-8 text-message flex w-full flex-col items-end gap-2 whitespace-normal break-words text-start [.text-message+&amp;]:mt-5\" dir=\"auto\" data-message-author-role=\"user\" data-message-id=\"aaa2e9bf-cefc-4209-a50b-03bfd714e422\">\n<div class=\"flex w-full flex-col gap-1 empty:hidden items-end rtl:items-start\">\n<div class=\"relative max-w-[var(--user-chat-width,70%)] rounded-3xl bg-token-message-surface px-5 py-2.5\">\n<h2 class=\"whitespace-pre-wrap\">Neli\u00f6paalaimen vaihteisto FMP-FK263 maatalouteen<\/h2>\n<p>FMP-FK263-kanttipaalaimen vaihteisto on olennainen osa maatalouskoneita, ja se on erityisesti suunniteltu tarjoamaan luotettavaa ja tehokasta voimansiirtoa kanttipaalaimille. T\u00e4m\u00e4 vaihteisto on rakennettu vastaamaan nykyaikaisen maatalouden vaativiin vaatimuksiin varmistaen, ett\u00e4 paalausprosessi on tehokas, tasainen ja kest\u00e4v\u00e4. Alla on esitetty FMP-FK263-kanttipaalaimen vaihteiston t\u00e4rkeimm\u00e4t tiedot ja edut maataloussovelluksissa:<\/p>\n<h3>FMP-FK263-kanttipaalaimen vaihteiston t\u00e4rkeimm\u00e4t ominaisuudet:<\/h3>\n<ol>\n<li><strong>Suuri v\u00e4\u00e4nt\u00f6momentti<\/strong>\n<ul>\n<li>The <strong>FMP-FK263<\/strong> Vaihteisto on suunniteltu k\u00e4sittelem\u00e4\u00e4n maatalouden paalauksessa tyypillisi\u00e4 suuria v\u00e4\u00e4nt\u00f6momentteja. T\u00e4m\u00e4 ominaisuus varmistaa, ett\u00e4 paalain pystyy tehokkaasti tiivist\u00e4m\u00e4\u00e4n ja sitomaan monenlaisia \u200b\u200bmateriaaleja, kuten hein\u00e4\u00e4, olkea, kasvij\u00e4tteit\u00e4 ja muita rehumateriaaleja, tiiviiksi paaleiksi.<\/li>\n<\/ul>\n<\/li>\n<li><strong>Tehokas voimansiirto<\/strong>\n<ul>\n<li>Suunniteltu siirt\u00e4m\u00e4\u00e4n voimaa traktorin voimanottoakselilta paalaimen eri mekaanisiin j\u00e4rjestelmiin. <strong>FMP-FK263<\/strong> varmistaa tasaisen ja tehokkaan voimansiirron. Vaihteisto varmistaa, ett\u00e4 paalaimen noukinmekanismi, sy\u00f6tt\u00f6j\u00e4rjestelm\u00e4, puristuskammio ja solmimisj\u00e4rjestelm\u00e4 saavat kaikki voimansa tehokkaasti optimaalisen suorituskyvyn saavuttamiseksi.<\/li>\n<\/ul>\n<\/li>\n<li><strong>Kest\u00e4vyys ja pitk\u00e4ik\u00e4isyys<\/strong>\n<ul>\n<li>Vaihteisto on valmistettu eritt\u00e4in lujista ja kest\u00e4vist\u00e4 materiaaleista, mik\u00e4 varmistaa, ett\u00e4 se kest\u00e4\u00e4 maatalousymp\u00e4rist\u00f6jen ankaria olosuhteita. Se on rakennettu kest\u00e4m\u00e4\u00e4n suurta v\u00e4\u00e4nt\u00f6momenttia, toistuvaa k\u00e4ytt\u00f6\u00e4 sek\u00e4 altistumista p\u00f6lylle, kosteudelle ja muille pellolla esiintyville haasteille.<\/li>\n<li>Sen kest\u00e4v\u00e4 rakenne takaa pitk\u00e4ik\u00e4isen suorituskyvyn, mik\u00e4 v\u00e4hent\u00e4\u00e4 korjausten ja yll\u00e4pitokustannusten tarvetta.<\/li>\n<\/ul>\n<\/li>\n<li><strong>Tarkka vaihdesuunnittelu<\/strong>\n<ul>\n<li>The <strong>FMP-FK263<\/strong> Vaihteistossa on tarkasti suunnitellut vaihteet, kuten <strong>lieri\u00f6py\u00f6r\u00e4t<\/strong>, <strong>kartiohammaspy\u00f6r\u00e4t<\/strong>ja mahdollisesti <strong>planeettavaihteet<\/strong>, joka on suunniteltu k\u00e4sittelem\u00e4\u00e4n maatalouspaalainten vaatimia suuria kuormia ja nopeuksia. Huolellinen suunnittelu varmistaa sujuvan toiminnan minimoimalla melun ja t\u00e4rin\u00e4n, mik\u00e4 edist\u00e4\u00e4 tehokkaampaa ja mukavampaa ty\u00f6ymp\u00e4rist\u00f6\u00e4.<\/li>\n<\/ul>\n<\/li>\n<li><strong>Mukautettavat vaihtoehdot<\/strong>\n<ul>\n<li>The <strong>FMP-FK263<\/strong> Vaihteistoa voidaan mukauttaa eri paalainmalleihin ja maatalouden erityistarpeisiin. Paalaatpa sitten hein\u00e4\u00e4, olkea tai muita rehumateriaaleja, vaihdelaatikkoa voidaan mukauttaa erilaisiin kokoonpanoihin, mik\u00e4 auttaa optimoimaan paalaimen suorituskyvyn materiaalityypin ja pelto-olosuhteiden mukaan.<\/li>\n<\/ul>\n<\/li>\n<\/ol>\n<p>FMP-FK263-kanttipaalaimen vaihteisto on olennainen osa maatalouden paalainlaitteita, ja se tarjoaa vankan ja tehokkaan ratkaisun kanttipaalaimiin. Sen kyky k\u00e4sitell\u00e4 suurta v\u00e4\u00e4nt\u00f6momenttia, siirt\u00e4\u00e4 tehoa tehokkaasti ja kest\u00e4\u00e4 maatalousymp\u00e4rist\u00f6n ankaria olosuhteita tekee siit\u00e4 luotettavan valinnan maanviljelij\u00f6ille maailmanlaajuisesti. K\u00e4ytettiinp\u00e4 sit\u00e4 sitten hein\u00e4n, oljen, s\u00e4il\u00f6rehun tai kasvij\u00e4tteiden paalaukseen, FMP-FK263-vaihteisto auttaa varmistamaan, ett\u00e4 paalausprosessi suoritetaan tehokkaasti, laadukkailla tuloksilla ja minimoimalla seisokkiajat.<\/p>\n<table style=\"border-collapse: collapse; width: 101.391%; height: 36px;\" border=\"0\" width=\"128\" cellspacing=\"0\" cellpadding=\"0\">\n<tbody>\n<tr style=\"height: 13.8pt;\">\n<td style=\"height: 13.8pt; width: 48pt;\" align=\"right\" width=\"64\" height=\"18\"><img loading=\"lazy\" decoding=\"async\" class=\"alignnone size-full wp-image-2593\" src=\"https:\/\/fmp-components.com\/wp-content\/uploads\/2025\/01\/Square-Baler-Gearbox-EP-FK263-Agricultural-Applications-21.webp\" alt=\"Neli\u00f6paalaimen vaihteisto EP-FK263 maatalousk\u00e4ytt\u00f6\u00f6n\" width=\"980\" height=\"569\" title=\"\" srcset=\"https:\/\/fmp-components.com\/wp-content\/uploads\/2025\/01\/Square-Baler-Gearbox-EP-FK263-Agricultural-Applications-21.webp 980w, https:\/\/fmp-components.com\/wp-content\/uploads\/2025\/01\/Square-Baler-Gearbox-EP-FK263-Agricultural-Applications-21-480x279.webp 480w\" sizes=\"(min-width: 0px) and (max-width: 480px) 480px, (min-width: 481px) 980px, 100vw\" \/><\/td>\n<td style=\"width: 48pt;\" align=\"right\" width=\"64\"><img loading=\"lazy\" decoding=\"async\" class=\"alignnone size-full wp-image-2594\" src=\"https:\/\/fmp-components.com\/wp-content\/uploads\/2025\/01\/Square-Baler-Gearbox-EP-FK263-Agricultural-Applications-11.webp\" alt=\"Neli\u00f6paalaimen vaihteisto EP-FK263 maatalousk\u00e4ytt\u00f6\u00f6n\" width=\"980\" height=\"569\" title=\"\" srcset=\"https:\/\/fmp-components.com\/wp-content\/uploads\/2025\/01\/Square-Baler-Gearbox-EP-FK263-Agricultural-Applications-11.webp 980w, https:\/\/fmp-components.com\/wp-content\/uploads\/2025\/01\/Square-Baler-Gearbox-EP-FK263-Agricultural-Applications-11-480x279.webp 480w\" sizes=\"(min-width: 0px) and (max-width: 480px) 480px, (min-width: 481px) 980px, 100vw\" \/><\/td>\n<\/tr>\n<\/tbody>\n<\/table>\n<div class=\"absolute bottom-0 right-full top-0 -mr-3.5 hidden pr-5 pt-1 [.group\\\/conversation-turn:hover_&amp;]:block\">\n<h2>Tietoja FMP:st\u00e4<\/h2>\n<p>Italiassa p\u00e4\u00e4konttoriaan pit\u00e4v\u00e4 FMP on johtava valmistaja, joka tunnetaan asiantuntemuksestaan \u200b\u200btehokkaiden vaihteistojen suunnittelussa, kehitt\u00e4misess\u00e4 ja tuotannossa. Yrityksen painopiste on maatalouskonesektorilla. Tarkkuuden, innovatiivisten ratkaisujen ja vankan luotettavuuden ansiosta FMP on ansainnut sek\u00e4 maatalous- ett\u00e4 teollisuussektorin luottamuksen. Laaja tuotevalikoimamme sis\u00e4lt\u00e4\u00e4 ruohonleikkureiden, nivelakseleiden ja muiden kriittisten komponenttien erikoisvaihteistoja, jotka kaikki on huolellisesti suunniteltu tarjoamaan r\u00e4\u00e4t\u00e4l\u00f6ityj\u00e4 ratkaisuja laajaan k\u00e4ytt\u00f6alueeseen.<\/p>\n<p>FMP:ll\u00e4 ymm\u00e4rr\u00e4mme, ett\u00e4 jokaisella asiakkaalla on ainutlaatuiset vaatimukset ja haasteet. Siksi olemme erikoistuneet r\u00e4\u00e4t\u00e4l\u00f6ityjen ratkaisujen tarjoamiseen, olipa kyse sitten yksitt\u00e4isist\u00e4 komponenteista tai t\u00e4ysin integroiduista j\u00e4rjestelmist\u00e4. Teemme tiivist\u00e4 yhteisty\u00f6t\u00e4 asiakkaidemme kanssa varmistaaksemme, ett\u00e4 jokainen ratkaisu on paitsi tehokas my\u00f6s tuloksellinen, maksimoiden sek\u00e4 suorituskyvyn ett\u00e4 arvon. Sitoutumisemme nopeisiin ja ammattimaisiin vastauksiin yhdistettyn\u00e4 asiantuntevaan ohjaukseen varmistaa, ett\u00e4 jokainen tiedustelu k\u00e4sitell\u00e4\u00e4n tarkasti ja huolellisesti, mik\u00e4 johtaa parhaisiin mahdollisiin tuloksiin.<\/p>\n<p>Painotamme vahvasti avointa ja jatkuvaa viestint\u00e4\u00e4 koko tuotekehitysprosessin ajan. Omistautunut tiimimme ty\u00f6skentelee suoraan asiakkaiden kanssa ymm\u00e4rt\u00e4\u00e4kseen perusteellisesti heid\u00e4n erityistarpeensa ja tarjotakseen arvokkaita n\u00e4kemyksi\u00e4 ja suosituksia optimaalisen ratkaisun varmistamiseksi. Olipa kyse uusien tuotteiden suunnittelusta tai jatkuvien tilausten t\u00e4ytt\u00e4misest\u00e4, FMP on sitoutunut toimittamaan korkealaatuisia, tarkasti suunniteltuja ratkaisuja ajallaan, joka kerta. Tavoitteenamme on ylitt\u00e4\u00e4 odotukset ja tarjota poikkeuksellista palvelua ja tuloksia jokaisessa projektissa.<\/p>\n<p>Laatu on FMP:n toiminnan kulmakivi. Noudatamme korkeimpia valmistusstandardeja ja toteutamme tiukkoja laadunvalvontatoimenpiteit\u00e4 varmistaaksemme, ett\u00e4 jokainen tuote t\u00e4ytt\u00e4\u00e4 tai ylitt\u00e4\u00e4 alan standardit. T\u00e4m\u00e4 horjumaton sitoutuminen laatuun sek\u00e4 ydinarvomme, kuten rehellisyys, tiimity\u00f6 ja sinnikkyys, ovat mahdollistaneet pitk\u00e4aikaisten ja luottamukseen perustuvien asiakassuhteiden rakentamisen l\u00e4hes 30 maassa maailmanlaajuisesti.<\/p>\n<p>FMP on aina avoin globaalien kumppanuuksien edist\u00e4miselle ja on edelleen omistautunut tarjoamaan asiantuntevaa neuvontaa ja r\u00e4\u00e4t\u00e4l\u00f6ityj\u00e4 ratkaisuja, jotka vastaavat asiakkaidemme monimuotoisiin tarpeisiin. Emme tyydy pelk\u00e4st\u00e4\u00e4n tuotteiden toimittamiseen, vaan pyrimme rakentamaan kest\u00e4vi\u00e4 suhteita, jotka edist\u00e4v\u00e4t jokaisen projektin onnistumista. Tarvitsetpa sitten innovatiivisia ratkaisuja uuteen aloitteeseen tai jatkuvaa tukea olemassa olevalle j\u00e4rjestelm\u00e4lle, FMP on t\u00e4\u00e4ll\u00e4 ratkaisemassa tekniset haasteesi ja varmistamassa jatkuvan menestyksesi.<\/p>\n<p><img loading=\"lazy\" decoding=\"async\" class=\"alignnone size-full wp-image-1861\" src=\"https:\/\/fmp-components.com\/wp-content\/uploads\/2024\/12\/Other-Agricultural-Gearboxes.webp\" sizes=\"(min-width: 0px) and (max-width: 480px) 480px, (min-width: 481px) and (max-width: 980px) 980px, (min-width: 981px) 1200px, 100vw\" srcset=\"https:\/\/fmp-components.com\/wp-content\/uploads\/2024\/12\/Other-Agricultural-Gearboxes.webp 1200w, https:\/\/fmp-components.com\/wp-content\/uploads\/2024\/12\/Other-Agricultural-Gearboxes-980x1143.webp 980w, https:\/\/fmp-components.com\/wp-content\/uploads\/2024\/12\/Other-Agricultural-Gearboxes-480x560.webp 480w\" alt=\"Altri-cambi-agricoli\" width=\"1200\" height=\"1400\" title=\"\"><\/p>\n<p>Tekij\u00e4: CX<\/p>\n<\/div>\n<\/div>\n<\/div>\n<\/div>\n<\/div>\n<\/div>\n<\/div>\n<\/div>\n<\/div>\n<\/article>\n<article class=\"w-full scroll-mb-[var(--thread-trailing-height,150px)] text-token-text-primary focus-visible:outline-2 focus-visible:outline-offset-[-4px]\" dir=\"auto\" data-testid=\"conversation-turn-13\" data-scroll-anchor=\"true\">\n<h6 class=\"sr-only\"><\/h6>\n<\/article>","protected":false},"excerpt":{"rendered":"<p>Square Baler Gearbox FMP-FK263 Dimensions Square Baler Gearbox FMP-FK263 Technical Data i Suitable Rpm input Rpm output KW(Nom) KW(Max) Toothing r\/min r\/min hp hp Speed increase 1:2.69 Square Baler, etc 760 2045 180 250 Gleason Straight Teeth Remark: If you have any special require feel free let me know, we also accept custom. How Does [&hellip;]<\/p>","protected":false},"featured_media":2595,"comment_status":"open","ping_status":"closed","template":"","meta":{"_et_pb_use_builder":"","_et_pb_old_content":"","_et_gb_content_width":""},"product_brand":[],"product_cat":[62],"product_tag":[],"class_list":{"0":"post-2590","1":"product","2":"type-product","3":"status-publish","4":"has-post-thumbnail","6":"product_cat-square-baler-gearbox","8":"first","9":"instock","10":"shipping-taxable","11":"product-type-simple"},"_links":{"self":[{"href":"https:\/\/fmp-components.com\/fi\/wp-json\/wp\/v2\/product\/2590","targetHints":{"allow":["GET"]}}],"collection":[{"href":"https:\/\/fmp-components.com\/fi\/wp-json\/wp\/v2\/product"}],"about":[{"href":"https:\/\/fmp-components.com\/fi\/wp-json\/wp\/v2\/types\/product"}],"replies":[{"embeddable":true,"href":"https:\/\/fmp-components.com\/fi\/wp-json\/wp\/v2\/comments?post=2590"}],"wp:featuredmedia":[{"embeddable":true,"href":"https:\/\/fmp-components.com\/fi\/wp-json\/wp\/v2\/media\/2595"}],"wp:attachment":[{"href":"https:\/\/fmp-components.com\/fi\/wp-json\/wp\/v2\/media?parent=2590"}],"wp:term":[{"taxonomy":"product_brand","embeddable":true,"href":"https:\/\/fmp-components.com\/fi\/wp-json\/wp\/v2\/product_brand?post=2590"},{"taxonomy":"product_cat","embeddable":true,"href":"https:\/\/fmp-components.com\/fi\/wp-json\/wp\/v2\/product_cat?post=2590"},{"taxonomy":"product_tag","embeddable":true,"href":"https:\/\/fmp-components.com\/fi\/wp-json\/wp\/v2\/product_tag?post=2590"}],"curies":[{"name":"wp","href":"https:\/\/api.w.org\/{rel}","templated":true}]}}