{"id":2573,"date":"2025-01-03T01:07:52","date_gmt":"2025-01-03T01:07:52","guid":{"rendered":"https:\/\/fmp-components.com\/?page_id=8"},"modified":"2025-01-03T01:14:05","modified_gmt":"2025-01-03T01:14:05","slug":"square-baler-gearbox-fmp-fk215","status":"publish","type":"product","link":"https:\/\/fmp-components.com\/fi\/product\/square-baler-gearbox-fmp-fk215\/","title":{"rendered":"Kanttipaalaimen vaihdelaatikko FMP-FK215"},"content":{"rendered":"<p><img loading=\"lazy\" decoding=\"async\" class=\"size-full wp-image-2587 aligncenter\" src=\"https:\/\/fmp-components.com\/wp-content\/uploads\/2025\/01\/FMP-FK215-Square-Baler-Gearbox-Components1.webp\" alt=\"FMP-FK215-kanttipaalaimen-vaihteiston-osat(1)\" width=\"684\" height=\"425\" title=\"\" srcset=\"https:\/\/fmp-components.com\/wp-content\/uploads\/2025\/01\/FMP-FK215-Square-Baler-Gearbox-Components1.webp 684w, https:\/\/fmp-components.com\/wp-content\/uploads\/2025\/01\/FMP-FK215-Square-Baler-Gearbox-Components1-480x298.webp 480w\" sizes=\"(min-width: 0px) and (max-width: 480px) 480px, (min-width: 481px) 684px, 100vw\" \/><\/p>\n<h2>Neli\u00f6paalaimen vaihteiston FMP-FK215 mitat<\/h2>\n<p><img loading=\"lazy\" decoding=\"async\" class=\"alignnone size-full wp-image-2583\" src=\"https:\/\/fmp-components.com\/wp-content\/uploads\/2025\/01\/FMP-FK215-Square-Baler-Gearbox-Dimensions.webp\" alt=\"FMP-FK215-kanttipaalaimen-vaihteiston-mitat\" width=\"1207\" height=\"743\" title=\"\" srcset=\"https:\/\/fmp-components.com\/wp-content\/uploads\/2025\/01\/FMP-FK215-Square-Baler-Gearbox-Dimensions.webp 1207w, https:\/\/fmp-components.com\/wp-content\/uploads\/2025\/01\/FMP-FK215-Square-Baler-Gearbox-Dimensions-980x603.webp 980w, https:\/\/fmp-components.com\/wp-content\/uploads\/2025\/01\/FMP-FK215-Square-Baler-Gearbox-Dimensions-480x295.webp 480w\" sizes=\"(min-width: 0px) and (max-width: 480px) 480px, (min-width: 481px) and (max-width: 980px) 980px, (min-width: 981px) 1207px, 100vw\" \/><\/p>\n<h2>FMP-FK215 neli\u00f6paalaimen vaihteiston akselin mitat<\/h2>\n<p><img loading=\"lazy\" decoding=\"async\" class=\"alignnone size-full wp-image-2584\" src=\"https:\/\/fmp-components.com\/wp-content\/uploads\/2025\/01\/FMP-FK215-Square-Baler-Gearbox-Shaft-Dimensions.webp\" alt=\"FMP-FK215-Neli\u00f6paalaimen-Vaihteiston-Akselin-Mitat\" width=\"1537\" height=\"456\" title=\"\" srcset=\"https:\/\/fmp-components.com\/wp-content\/uploads\/2025\/01\/FMP-FK215-Square-Baler-Gearbox-Shaft-Dimensions.webp 1537w, https:\/\/fmp-components.com\/wp-content\/uploads\/2025\/01\/FMP-FK215-Square-Baler-Gearbox-Shaft-Dimensions-1280x380.webp 1280w, https:\/\/fmp-components.com\/wp-content\/uploads\/2025\/01\/FMP-FK215-Square-Baler-Gearbox-Shaft-Dimensions-980x291.webp 980w, https:\/\/fmp-components.com\/wp-content\/uploads\/2025\/01\/FMP-FK215-Square-Baler-Gearbox-Shaft-Dimensions-480x142.webp 480w\" sizes=\"(min-width: 0px) and (max-width: 480px) 480px, (min-width: 481px) and (max-width: 980px) 980px, (min-width: 981px) and (max-width: 1280px) 1280px, (min-width: 1281px) 1537px, 100vw\" \/><\/p>\n<h2>FMP-FK215 neli\u00f6paalaimen vaihteiston tekniset tiedot<\/h2>\n<table style=\"width: 99.5102%; height: 122px;\" border=\"1\" cellspacing=\"0\" cellpadding=\"0\">\n<tbody>\n<tr style=\"height: 23px;\">\n<td style=\"height: 46px;\" colspan=\"2\" rowspan=\"2\">min\u00e4<\/td>\n<td style=\"height: 46px;\" rowspan=\"2\">Sopii<\/td>\n<td style=\"height: 23px;\">Kierroslukutulo<\/td>\n<td style=\"height: 23px;\">Kierrosluku<\/td>\n<td style=\"height: 23px;\">kW (nim.)<\/td>\n<td style=\"height: 23px;\">kW (maks.)<\/td>\n<td style=\"height: 46px;\" rowspan=\"2\">Hammastus<\/td>\n<\/tr>\n<tr style=\"height: 23px;\">\n<td style=\"height: 23px;\">kierrosta minuutissa<\/td>\n<td style=\"height: 23px;\">kierrosta minuutissa<\/td>\n<td style=\"height: 23px;\">hv<\/td>\n<td style=\"height: 23px;\">hv<\/td>\n<\/tr>\n<tr style=\"height: 47px;\">\n<td style=\"height: 47px;\">Nopeuden lis\u00e4ys<\/td>\n<td style=\"height: 47px;\">1:1.33<\/td>\n<td style=\"height: 47px;\">Neli\u00f6paalain jne.<\/td>\n<td style=\"height: 47px;\">540<\/td>\n<td style=\"height: 47px;\">718.2<\/td>\n<td style=\"height: 47px;\">80<\/td>\n<td style=\"height: 47px;\">120<\/td>\n<td style=\"height: 47px;\">Gleason Straight<br \/>\nHampaat<\/td>\n<\/tr>\n<tr style=\"height: 23px;\">\n<td style=\"height: 23px;\" colspan=\"8\">Huomautus: Jos sinulla on erityisvaatimuksia, kerro siit\u00e4 minulle, hyv\u00e4ksymme my\u00f6s mittatilausty\u00f6n\u00e4 tehdyt tarjoukset.<\/td>\n<\/tr>\n<\/tbody>\n<\/table>\n<h2>Neli\u00f6paalaimen vaihdelaatikon FMP-FK215 komponentit<\/h2>\n<p>FMP-FK215-kanttipaalaimen vaihteisto on suunniteltu vastaamaan kanttipaalainten erityisvaatimuksiin varmistaen tehokkaan voimansiirron, luotettavan suorituskyvyn ja pitk\u00e4aikaisen kest\u00e4vyyden. Vaihteisto koostuu useista keskeisist\u00e4 osista, jotka toimivat yhdess\u00e4 paalaimen toiminnallisuuden ja pitk\u00e4ik\u00e4isyyden optimoimiseksi. T\u00e4ss\u00e4 ovat FMP-FK215-kanttipaalaimen vaihteiston p\u00e4\u00e4osat:<\/p>\n<p><strong>Asuminen<\/strong><\/p>\n<ul>\n<li><strong>Materiaali<\/strong>Tyypillisesti eritt\u00e4in lujasta valuraudasta tai ter\u00e4ksest\u00e4 valmistettu kotelo suojaa sis\u00e4isi\u00e4 komponentteja ja varmistaa rakenteellisen eheyden.<\/li>\n<li><strong>Design<\/strong>Tarkkuussuunnittelulla valmistettu kest\u00e4m\u00e4\u00e4n paalauksen rasitukset ja samalla tarjoamaan tehokasta l\u00e4mm\u00f6npoistoa.<\/li>\n<\/ul>\n<p><strong>Tuloakseli<\/strong><\/p>\n<ul>\n<li><strong>Toiminto<\/strong>: Liitet\u00e4\u00e4n voimanl\u00e4hteeseen (yleens\u00e4 traktorin voimanottoakseliin) ja v\u00e4litt\u00e4\u00e4 v\u00e4\u00e4nt\u00f6momentin vaihteistoon.<\/li>\n<li><strong>Design<\/strong>Valmistettu kest\u00e4v\u00e4st\u00e4 ter\u00e4ksest\u00e4, suunniteltu kest\u00e4m\u00e4\u00e4n suuria v\u00e4\u00e4nt\u00f6momentteja.<\/li>\n<\/ul>\n<p><strong>Kartiopy\u00f6r\u00e4t<\/strong><\/p>\n<ul>\n<li><strong>Toiminto<\/strong>FMP-FK215:n kartiopy\u00f6r\u00e4st\u00f6j\u00e4 k\u00e4ytet\u00e4\u00e4n usein voimansiirtoon suorassa kulmassa, ja ne helpottavat voimansiirron suunnanmuutosta, jolloin vaihteisto voi k\u00e4ytt\u00e4\u00e4 useita paalaimen osia.<\/li>\n<li><strong>Materiaali<\/strong>Korkealaatuinen, l\u00e4mp\u00f6k\u00e4sitelty ter\u00e4s parantaa kest\u00e4vyytt\u00e4.<\/li>\n<\/ul>\n<p><strong>Lieripy\u00f6r\u00e4t<\/strong><\/p>\n<ul>\n<li><strong>Toiminto<\/strong>Vaihteistossa k\u00e4ytet\u00e4\u00e4n lieri\u00f6py\u00f6r\u00e4st\u00f6j\u00e4 py\u00f6rimisvoiman siirt\u00e4miseen akselilta toiselle, jolloin v\u00e4\u00e4nt\u00f6momentti ja nopeus pysyv\u00e4t samana.<\/li>\n<li><strong>Design<\/strong>Tarkkuusleikkaus varmistaa sujuvan toiminnan ja korkean hy\u00f6tysuhteen.<\/li>\n<\/ul>\n<p><strong>L\u00e4ht\u00f6akseli<\/strong><\/p>\n<ul>\n<li><strong>Toiminto<\/strong>: Siirt\u00e4\u00e4 voiman vaihteistosta paalaimen toiminnallisiin osiin, kuten noukkimeen tai solmimisj\u00e4rjestelm\u00e4\u00e4n.<\/li>\n<li><strong>Materiaali<\/strong>Ter\u00e4sseos, karkaistu lujuuden ja kulutuskest\u00e4vyyden parantamiseksi.<\/li>\n<\/ul>\n<p>N\u00e4m\u00e4 komponentit toimivat saumattomasti yhdess\u00e4 tehokkaan ja luotettavan suorituskyvyn takaamiseksi, mik\u00e4 tekee FMP-FK215-kanttipaalaimen vaihteistosta olennaisen osan kanttipaalainprosessia. Vaihteisto on suunniteltu kest\u00e4m\u00e4\u00e4n, lujaksi ja tarkasti, mik\u00e4 varmistaa, ett\u00e4 se pystyy k\u00e4sittelem\u00e4\u00e4n maatalouskoneiden tiukat vaatimukset erilaisissa olosuhteissa.<\/p>\n<p><img loading=\"lazy\" decoding=\"async\" class=\"alignnone size-full wp-image-2588\" src=\"https:\/\/fmp-components.com\/wp-content\/uploads\/2025\/01\/FMP-FK215-Square-Baler-Gearbox-Applications-980x4831-1.webp\" alt=\"FMP-FK215-Neli\u00f6paalaimen-Vaihteiston-Sovellukset-980x483(1)\" width=\"980\" height=\"483\" title=\"\" srcset=\"https:\/\/fmp-components.com\/wp-content\/uploads\/2025\/01\/FMP-FK215-Square-Baler-Gearbox-Applications-980x4831-1.webp 980w, https:\/\/fmp-components.com\/wp-content\/uploads\/2025\/01\/FMP-FK215-Square-Baler-Gearbox-Applications-980x4831-1-480x237.webp 480w\" sizes=\"(min-width: 0px) and (max-width: 480px) 480px, (min-width: 481px) 980px, 100vw\" \/><\/p>\n<h2>Neli\u00f6paalaimen vaihdelaatikon FMP-FK215 sovellukset<\/h2>\n<div class=\"flex max-w-full flex-col flex-grow\">\n<div class=\"min-h-8 text-message flex w-full flex-col items-end gap-2 whitespace-normal break-words text-start [.text-message+&amp;]:mt-5\" dir=\"auto\" data-message-author-role=\"assistant\" data-message-id=\"3c7df252-c509-4480-9f6e-9203a002b444\" data-message-model-slug=\"gpt-4o\">\n<div class=\"flex w-full flex-col gap-1 empty:hidden first:pt-[3px]\">\n<div class=\"markdown prose w-full break-words dark:prose-invert light\">\n<p>FMP-FK215-kanttipaalaimen vaihteisto on erityisesti suunniteltu tarjoamaan luotettavaa voimansiirtoa ja tehokasta toimintaa kanttipaalaimissa maatalousk\u00e4yt\u00f6ss\u00e4. Sen kest\u00e4v\u00e4 rakenne ja tarkka suunnittelu tekev\u00e4t siit\u00e4 sopivan monenlaisiin teht\u00e4viin maataloussektorilla. T\u00e4ss\u00e4 ovat FMP-FK215-kanttipaalaimen vaihteiston t\u00e4rkeimm\u00e4t k\u00e4ytt\u00f6kohteet:<\/p>\n<p><strong>Hein\u00e4n ja oljen paalaaminen<\/strong><\/p>\n<ul>\n<li><strong>Hakemus<\/strong>FMP-FK215-kanttipaalaimen vaihteistoa k\u00e4ytet\u00e4\u00e4n yleisesti hein\u00e4n ja oljen paalaimessa. Se auttaa k\u00e4ytt\u00e4m\u00e4\u00e4n paalainmekanismia varmistaen hein\u00e4n, oljen tai muiden rehukasvien tehokkaan ker\u00e4\u00e4misen ja tiivist\u00e4misen tiiviisti sidotuiksi suorakaiteen muotoisiksi paaleiksi.<\/li>\n<li><strong>Edut<\/strong>Varmistaa sujuvan ja yhdenmukaisen toiminnan, parantaa tuottavuutta ja v\u00e4hent\u00e4\u00e4 seisokkiaikoja hein\u00e4n ja oljen korjuun aikana.<\/li>\n<\/ul>\n<p><strong>S\u00e4il\u00f6rehun paalaaminen<\/strong><\/p>\n<ul>\n<li><strong>Hakemus<\/strong>T\u00e4t\u00e4 vaihteistoa k\u00e4ytet\u00e4\u00e4n my\u00f6s s\u00e4il\u00f6rehun paalaimissa el\u00e4inten rehuna k\u00e4ytett\u00e4v\u00e4n s\u00e4il\u00f6rehun ker\u00e4\u00e4miseen ja tiivist\u00e4miseen. FMP-FK215 auttaa k\u00e4sittelem\u00e4\u00e4n m\u00e4rk\u00e4\u00e4 ja tihe\u00e4\u00e4 materiaalia varmistaen, ett\u00e4 paalain toimii tehokkaasti my\u00f6s raskaamman ja kosteamman materiaalin kanssa.<\/li>\n<li><strong>Edut<\/strong>Tarjoaa tasaisen v\u00e4\u00e4nt\u00f6momentin my\u00f6s raskaissa kuormitusolosuhteissa, mik\u00e4 varmistaa tasaisen paalin koon ja v\u00e4hent\u00e4\u00e4 paalaimen muiden osien rasitusta.<\/li>\n<\/ul>\n<p><strong>Alfalfa-paalaaminen<\/strong><\/p>\n<ul>\n<li><strong>Hakemus<\/strong>Koska alfalfa on runsasproteiininen rehukasvi, se usein korjataan ja paalataan el\u00e4inten rehuksi. FMP-FK215-vaihteistolla on keskeinen rooli paalauksessa, sill\u00e4 se varmistaa, ett\u00e4 kone pystyy k\u00e4sittelem\u00e4\u00e4n alfalfan suuria m\u00e4\u00e4ri\u00e4 ja tiheytt\u00e4.<\/li>\n<li><strong>Edut<\/strong>Vaihteisto varmistaa sujuvan voimansiirron ja tehokkaan toiminnan jopa nopeasti liikkuvien ja tiheiden sinimailasen kasvien kanssa.<\/li>\n<\/ul>\n<p><strong>Kasvij\u00e4tteiden paalaaminen<\/strong><\/p>\n<ul>\n<li><strong>Hakemus<\/strong>Kun p\u00e4\u00e4sato on korjattu, kasvij\u00e4tteet (kuten vehn\u00e4n, ohran tai maissin varret) ker\u00e4t\u00e4\u00e4n ja paalataan k\u00e4ytett\u00e4v\u00e4ksi karjan kuivikkeena, katteeksi tai bioenergian tuotantoon. FMP-FK215-vaihteisto sopii n\u00e4ihin sovelluksiin, koska se tukee t\u00e4llaisten materiaalien paalaamisen raskaita vaatimuksia.<\/li>\n<li><strong>Edut<\/strong>Varmistaa, ett\u00e4 paalain pystyy k\u00e4sittelem\u00e4\u00e4n joskus sitkeit\u00e4 ja kuitumaisia \u200b\u200bkasvij\u00e4tteit\u00e4, mik\u00e4 tehostaa kasvij\u00e4tteiden k\u00e4sittely\u00e4 maataloustoiminnassa.<\/li>\n<\/ul>\n<h3>FMP-FK215-kanttipaalaimen vaihteiston k\u00e4yt\u00f6n t\u00e4rkeimm\u00e4t edut n\u00e4iss\u00e4 sovelluksissa:<\/h3>\n<ul>\n<li><strong>Luotettavuus<\/strong>Suunniteltu kest\u00e4m\u00e4\u00e4n raskaissa sovelluksissa minimaalisella huollolla.<\/li>\n<li><strong>Tehokkuus<\/strong>Varmistaa tasaisen suorituskyvyn optimoimalla paalauksen nopeuden ja tarkkuuden.<\/li>\n<li><strong>Kest\u00e4vyys<\/strong>Valmistettu korkealaatuisista materiaaleista ja tarkasti suunnitelluista komponenteista vaativiin maatalousteht\u00e4viin.<\/li>\n<li><strong>Mukauttaminen<\/strong>Sopii monenlaisille satotyypeille ja paalausolosuhteille, tarjoten joustavuutta erilaisiin viljelytoimintoihin.<\/li>\n<\/ul>\n<p>FMP-FK215-kanttipaalaimen vaihteisto on monipuolinen ja luotettava komponentti, jolla on ratkaiseva rooli kanttipaalainten tehokkaassa toiminnassa erilaisissa maataloussovelluksissa. Sen vankka suorituskyky varmistaa, ett\u00e4 maanviljelij\u00e4t ja maatalousyritykset voivat yll\u00e4pit\u00e4\u00e4 korkeaa tuottavuutta ja toiminnan tehokkuutta erilaisissa paalausteht\u00e4viss\u00e4.<\/p>\n<p><img loading=\"lazy\" decoding=\"async\" class=\"alignnone size-full wp-image-2585\" src=\"https:\/\/fmp-components.com\/wp-content\/uploads\/2025\/01\/Square-Baler-Gearbox-FMP-FK215-Maintenance1.webp\" alt=\"Neli\u00f6paalaimen-vaihteisto-FMP-FK215-Huolto(1)\" width=\"1090\" height=\"864\" title=\"\" srcset=\"https:\/\/fmp-components.com\/wp-content\/uploads\/2025\/01\/Square-Baler-Gearbox-FMP-FK215-Maintenance1.webp 1090w, https:\/\/fmp-components.com\/wp-content\/uploads\/2025\/01\/Square-Baler-Gearbox-FMP-FK215-Maintenance1-980x777.webp 980w, https:\/\/fmp-components.com\/wp-content\/uploads\/2025\/01\/Square-Baler-Gearbox-FMP-FK215-Maintenance1-480x380.webp 480w\" sizes=\"(min-width: 0px) and (max-width: 480px) 480px, (min-width: 481px) and (max-width: 980px) 980px, (min-width: 981px) 1090px, 100vw\" \/><\/p>\n<h2>Tietoja FMP:st\u00e4<\/h2>\n<p>Italiassa p\u00e4\u00e4konttoriaan pit\u00e4v\u00e4 FMP on johtava valmistaja, joka on erikoistunut tehokkaiden vaihteistojen suunnitteluun, kehitt\u00e4miseen ja tuotantoon. Yrityksen painopiste on maatalouskonesektorilla. Tarkkuudestaan, innovatiivisista ratkaisuistaan \u200b\u200bja horjumattomasta luotettavuudestaan \u200b\u200btunnettu FMP on ansainnut asiakkaiden luottamuksen sek\u00e4 maatalous- ett\u00e4 teollisuusmarkkinoilla. Laaja tuotevalikoimamme sis\u00e4lt\u00e4\u00e4 ruohonleikkureiden, nivelakseleiden ja muiden kriittisten komponenttien erikoisvaihteistoja, jotka kaikki on huolellisesti suunniteltu tarjoamaan r\u00e4\u00e4t\u00e4l\u00f6ityj\u00e4 ratkaisuja monenlaisiin sovelluksiin.<\/p>\n<p>FMP:ll\u00e4 ymm\u00e4rr\u00e4mme, ett\u00e4 jokaisen asiakkaan tarpeet ja haasteet ovat ainutlaatuisia. Siksi olemme erikoistuneet r\u00e4\u00e4t\u00e4l\u00f6ityjen ratkaisujen tarjoamiseen, olipa kyse sitten yksitt\u00e4isist\u00e4 komponenteista tai t\u00e4ysin integroiduista j\u00e4rjestelmist\u00e4. Teemme tiivist\u00e4 yhteisty\u00f6t\u00e4 asiakkaidemme kanssa varmistaaksemme, ett\u00e4 jokainen ratkaisu ei ainoastaan \u200b\u200bt\u00e4yt\u00e4 heid\u00e4n vaatimuksiaan, vaan my\u00f6s optimoi sek\u00e4 suorituskyvyn ett\u00e4 arvon. Sitoutumisemme nopeisiin ja ammattimaisiin vastauksiin yhdistettyn\u00e4 asiantuntevaan ohjaukseen varmistaa, ett\u00e4 jokainen tiedustelu k\u00e4sitell\u00e4\u00e4n \u00e4\u00e4rimm\u00e4isen huolellisesti, mik\u00e4 johtaa optimaalisiin tuloksiin.<\/p>\n<p>Pid\u00e4mme eritt\u00e4in t\u00e4rke\u00e4n\u00e4 avointa ja jatkuvaa viestint\u00e4\u00e4 koko tuotekehityksen elinkaaren ajan. Omistautunut tiimimme on suoraan yhteydess\u00e4 asiakkaisiin ymm\u00e4rt\u00e4\u00e4kseen heid\u00e4n erityistarpeensa t\u00e4ysin ja tarjotakseen arvokkaita n\u00e4kemyksi\u00e4 ja suosituksia tehokkaimpien ratkaisujen varmistamiseksi. Olipa kyse innovatiivisten tuotteiden suunnittelusta tai jatkuvien tilausten t\u00e4ytt\u00e4misest\u00e4, FMP on sitoutunut toimittamaan korkealaatuisia ja tarkasti suunniteltuja ratkaisuja ajallaan, joka kerta. Tavoitteenamme on ylitt\u00e4\u00e4 asiakkaiden odotukset ja varmistaa poikkeuksellinen palvelu ja tulokset jokaisessa projektissa.<\/p>\n<p>Laatu on FMP:n toiminnan perusta. Noudatamme korkeimpia valmistusstandardeja ja k\u00e4yt\u00e4mme tiukkoja laadunvalvontaprosesseja varmistaaksemme, ett\u00e4 jokainen tuote ei ainoastaan \u200b\u200bvastaa alan standardeja, vaan my\u00f6s ylitt\u00e4\u00e4 ne. T\u00e4m\u00e4 horjumaton sitoutuminen huippuosaamiseen yhdistettyn\u00e4 ydinarvoihimme, kuten rehellisyyteen, tiimity\u00f6h\u00f6n ja sinnikkyyteen, on mahdollistanut pitk\u00e4aikaisten ja luottamukseen perustuvien asiakassuhteiden rakentamisen l\u00e4hes 30 maassa maailmanlaajuisesti.<\/p>\n<p>FMP on aina avoin globaalien kumppanuuksien rakentamiselle ja sitoutunut tarjoamaan asiantuntevaa neuvontaa ja r\u00e4\u00e4t\u00e4l\u00f6ityj\u00e4 ratkaisuja, jotka vastaavat asiakkaidemme monipuolisiin tarpeisiin. Emme ainoastaan \u200b\u200btarjoa tuotteita, vaan luomme kest\u00e4vi\u00e4 suhteita, jotka edist\u00e4v\u00e4t jokaisen projektin onnistumista. Etsitp\u00e4 sitten innovatiivisia ratkaisuja uuteen hankkeeseen tai jatkuvaa tukea olemassa olevalle j\u00e4rjestelm\u00e4lle, FMP on omistautunut voittamaan tekniset haasteesi ja varmistamaan kest\u00e4v\u00e4n menestyksesi.<\/p>\n<p><img loading=\"lazy\" decoding=\"async\" class=\"alignnone size-full wp-image-1861\" src=\"https:\/\/fmp-components.com\/wp-content\/uploads\/2024\/12\/Other-Agricultural-Gearboxes.webp\" sizes=\"(min-width: 0px) and (max-width: 480px) 480px, (min-width: 481px) and (max-width: 980px) 980px, (min-width: 981px) 1200px, 100vw\" srcset=\"https:\/\/fmp-components.com\/wp-content\/uploads\/2024\/12\/Other-Agricultural-Gearboxes.webp 1200w, https:\/\/fmp-components.com\/wp-content\/uploads\/2024\/12\/Other-Agricultural-Gearboxes-980x1143.webp 980w, https:\/\/fmp-components.com\/wp-content\/uploads\/2024\/12\/Other-Agricultural-Gearboxes-480x560.webp 480w\" alt=\"Altri-cambi-agricoli\" width=\"1200\" height=\"1400\" title=\"\"><\/p>\n<p>Tekij\u00e4: CX<\/p>\n<\/div>\n<\/div>\n<\/div>\n<\/div>","protected":false},"excerpt":{"rendered":"<p>Dimensions of Square Baler Gearbox FMP-FK215 FMP-FK215 Square Baler Gearbox Shaft\u00a0Dimensions FMP-FK215 Square Baler Gearbox Technical Data i Suitable Rpm input Rpm output KW(Nom) KW(Max) Toothing r\/min r\/min hp hp Speed increase 1:1.33 Square Baler, etc 540 718.2 80 120 Gleason Straight Teeth Remark: If you have any special require feel free let me know, [&hellip;]<\/p>","protected":false},"featured_media":2586,"comment_status":"open","ping_status":"closed","template":"","meta":{"_et_pb_use_builder":"","_et_pb_old_content":"","_et_gb_content_width":""},"product_brand":[],"product_cat":[62],"product_tag":[],"class_list":{"0":"post-2573","1":"product","2":"type-product","3":"status-publish","4":"has-post-thumbnail","6":"product_cat-square-baler-gearbox","8":"first","9":"instock","10":"shipping-taxable","11":"product-type-simple"},"_links":{"self":[{"href":"https:\/\/fmp-components.com\/fi\/wp-json\/wp\/v2\/product\/2573","targetHints":{"allow":["GET"]}}],"collection":[{"href":"https:\/\/fmp-components.com\/fi\/wp-json\/wp\/v2\/product"}],"about":[{"href":"https:\/\/fmp-components.com\/fi\/wp-json\/wp\/v2\/types\/product"}],"replies":[{"embeddable":true,"href":"https:\/\/fmp-components.com\/fi\/wp-json\/wp\/v2\/comments?post=2573"}],"wp:featuredmedia":[{"embeddable":true,"href":"https:\/\/fmp-components.com\/fi\/wp-json\/wp\/v2\/media\/2586"}],"wp:attachment":[{"href":"https:\/\/fmp-components.com\/fi\/wp-json\/wp\/v2\/media?parent=2573"}],"wp:term":[{"taxonomy":"product_brand","embeddable":true,"href":"https:\/\/fmp-components.com\/fi\/wp-json\/wp\/v2\/product_brand?post=2573"},{"taxonomy":"product_cat","embeddable":true,"href":"https:\/\/fmp-components.com\/fi\/wp-json\/wp\/v2\/product_cat?post=2573"},{"taxonomy":"product_tag","embeddable":true,"href":"https:\/\/fmp-components.com\/fi\/wp-json\/wp\/v2\/product_tag?post=2573"}],"curies":[{"name":"wp","href":"https:\/\/api.w.org\/{rel}","templated":true}]}}