{"id":2559,"date":"2025-01-03T00:49:42","date_gmt":"2025-01-03T00:49:42","guid":{"rendered":"https:\/\/fmp-components.com\/?page_id=8"},"modified":"2025-01-03T00:49:42","modified_gmt":"2025-01-03T00:49:42","slug":"fertilizer-mixer-gearboxes-replacement-of-comer-code-mr-90-11","status":"publish","type":"product","link":"https:\/\/fmp-components.com\/fi\/product\/fertilizer-mixer-gearboxes-replacement-of-comer-code-mr-90-11\/","title":{"rendered":"Lannoitteensekoittimien vaihteistot \u2013 Comer-koodin MR-90 1:1 vaihto"},"content":{"rendered":"<table style=\"border-collapse: collapse; width: 100.381%; height: 37px;\" border=\"0\" width=\"128\" cellspacing=\"0\" cellpadding=\"0\">\n<tbody>\n<tr style=\"height: 13.8pt;\">\n<td style=\"height: 37px; width: 49.6183%;\" align=\"right\" width=\"64\" height=\"18\"><img loading=\"lazy\" decoding=\"async\" class=\"alignnone size-full wp-image-2577\" src=\"https:\/\/fmp-components.com\/wp-content\/uploads\/2025\/01\/Fertilizer-Mixer-Gearboxes-Replacement-of-Comer-Code-MR-90.webp\" alt=\"Lannoitteensekoittimen vaihteistot - Comer-koodin MR-90 vaihto\" width=\"600\" height=\"600\" title=\"\" srcset=\"https:\/\/fmp-components.com\/wp-content\/uploads\/2025\/01\/Fertilizer-Mixer-Gearboxes-Replacement-of-Comer-Code-MR-90.webp 600w, https:\/\/fmp-components.com\/wp-content\/uploads\/2025\/01\/Fertilizer-Mixer-Gearboxes-Replacement-of-Comer-Code-MR-90-480x480.webp 480w\" sizes=\"(min-width: 0px) and (max-width: 480px) 480px, (min-width: 481px) 600px, 100vw\" \/><\/td>\n<td style=\"width: 571.348%; height: 37px;\" align=\"right\" width=\"64\"><img loading=\"lazy\" decoding=\"async\" class=\"alignnone size-full wp-image-2578\" src=\"https:\/\/fmp-components.com\/wp-content\/uploads\/2025\/01\/Fertilizer-Mixer-Gearboxes-Replacement-of-Comer-Gearbox-MR-90.webp\" alt=\"Lannoitteensekoittimen vaihteistot - Comer-vaihteiston-MR-90 vaihto\" width=\"600\" height=\"600\" title=\"\" srcset=\"https:\/\/fmp-components.com\/wp-content\/uploads\/2025\/01\/Fertilizer-Mixer-Gearboxes-Replacement-of-Comer-Gearbox-MR-90.webp 600w, https:\/\/fmp-components.com\/wp-content\/uploads\/2025\/01\/Fertilizer-Mixer-Gearboxes-Replacement-of-Comer-Gearbox-MR-90-480x480.webp 480w\" sizes=\"(min-width: 0px) and (max-width: 480px) 480px, (min-width: 481px) 600px, 100vw\" \/><\/td>\n<\/tr>\n<\/tbody>\n<\/table>\n<h2>Lannoitteen sekoittimen vaihteiston MR-90 (1:1) tekniset tiedot<\/h2>\n<p><img loading=\"lazy\" decoding=\"async\" class=\"alignnone size-full wp-image-2579\" src=\"https:\/\/fmp-components.com\/wp-content\/uploads\/2025\/01\/Fertilizer-Mixer-Gearbox-MR-90-Specifications.webp\" alt=\"Lannoitesekoittimen vaihteiston MR-90 tekniset tiedot\" width=\"1901\" height=\"1075\" title=\"\" srcset=\"https:\/\/fmp-components.com\/wp-content\/uploads\/2025\/01\/Fertilizer-Mixer-Gearbox-MR-90-Specifications.webp 1901w, https:\/\/fmp-components.com\/wp-content\/uploads\/2025\/01\/Fertilizer-Mixer-Gearbox-MR-90-Specifications-1280x724.webp 1280w, https:\/\/fmp-components.com\/wp-content\/uploads\/2025\/01\/Fertilizer-Mixer-Gearbox-MR-90-Specifications-980x554.webp 980w, https:\/\/fmp-components.com\/wp-content\/uploads\/2025\/01\/Fertilizer-Mixer-Gearbox-MR-90-Specifications-480x271.webp 480w\" sizes=\"(min-width: 0px) and (max-width: 480px) 480px, (min-width: 481px) and (max-width: 980px) 980px, (min-width: 981px) and (max-width: 1280px) 1280px, (min-width: 1281px) 1901px, 100vw\" \/><\/p>\n<table class=\"kh-1xzm1su\" border=\"1\" cellspacing=\"0\" cellpadding=\"0\" data-intent=\"lists-product-attributes\" data-test-id=\"attributes-list\">\n<tbody class=\"kh-1ago99h\">\n<tr id=\"alexis#custom#item-id\" class=\"kh-bwvum6\" data-test-id=\"attribute-row\">\n<th class=\"kh-10oizfy\"><strong>Tuotekuvaus<\/strong><\/th>\n<td class=\"kh-1f5nhat\">\n<div class=\"kh-pkx4zo\">Lannoitteensekoittimien vaihteistot \u2013 Comer-vaihteiston MR-90 1:1 vaihto<\/div>\n<\/td>\n<\/tr>\n<tr id=\"attProductDetails\" class=\"kh-bwvum6\" data-test-id=\"attribute-row\">\n<th class=\"kh-10oizfy\">Tuotetiedot<\/th>\n<td class=\"kh-1f5nhat\">\n<ul>\n<li class=\"kh-16zd49f\">Ota yhteytt\u00e4 saadaksesi tehoa eri kierrosluvulla<\/li>\n<li class=\"kh-16zd49f\">Vaihteisto toimitetaan ilman \u00f6ljy\u00e4 ja se on t\u00e4ytett\u00e4v\u00e4 ennen ensimm\u00e4ist\u00e4 k\u00e4ytt\u00f6kertaa.<\/li>\n<li class=\"kh-16zd49f\">Ensin \u00f6ljynvaihto 50\u201370 k\u00e4ytt\u00f6tunnin j\u00e4lkeen, sitten 500\u2013700 k\u00e4ytt\u00f6tunnin j\u00e4lkeen tai v\u00e4hint\u00e4\u00e4n kerran vuodessa.<\/li>\n<\/ul>\n<\/td>\n<\/tr>\n<tr id=\"attApplicationRange\" class=\"kh-bwvum6\" data-test-id=\"attribute-row\">\n<th class=\"kh-10oizfy\">K\u00e4ytt\u00f6alue<\/th>\n<td class=\"kh-1f5nhat\">\n<ul>\n<li class=\"kh-16zd49f\">Erilaisia \u200b\u200b(maatalouden) sovelluksia<\/li>\n<li class=\"kh-16zd49f\">Lannoitesekoitin<\/li>\n<\/ul>\n<\/td>\n<\/tr>\n<tr id=\"attConsistsOf\" class=\"kh-bwvum6\" data-test-id=\"attribute-row\">\n<th class=\"kh-10oizfy\">Koostuu<\/th>\n<td class=\"kh-1f5nhat\">\n<ul>\n<li class=\"kh-16zd49f\">Vaihteisto<\/li>\n<li class=\"kh-16zd49f\">Ilman \u00f6ljy\u00e4<\/li>\n<\/ul>\n<\/td>\n<\/tr>\n<tr id=\"taMaxInputPowerKw\" class=\"kh-bwvum6\" data-test-id=\"attribute-row\">\n<th class=\"kh-10oizfy\">Suurin tuloteho<\/th>\n<td class=\"kh-1f5nhat\">\n<div class=\"kh-pkx4zo\">62,6 kW<\/div>\n<\/td>\n<\/tr>\n<tr id=\"taMaxOutputTorqueNm_\" class=\"kh-bwvum6\" data-test-id=\"attribute-row\">\n<th class=\"kh-10oizfy\">Suurin l\u00e4ht\u00f6momentti<\/th>\n<td class=\"kh-1f5nhat\">\n<div class=\"kh-pkx4zo\">1071 nm<\/div>\n<\/td>\n<\/tr>\n<tr id=\"taMaxOutputTorqueDaNm\" class=\"kh-bwvum6\" data-test-id=\"attribute-row\">\n<th class=\"kh-10oizfy\">Suurin l\u00e4ht\u00f6momentti<\/th>\n<td class=\"kh-1f5nhat\">\n<div class=\"kh-pkx4zo\">107,1 daNm<\/div>\n<\/td>\n<\/tr>\n<tr id=\"taContainsOil\" class=\"kh-bwvum6\" data-test-id=\"attribute-row\">\n<th class=\"kh-10oizfy\">Sis\u00e4lt\u00e4\u00e4 \u00f6ljy\u00e4<\/th>\n<td class=\"kh-1f5nhat\">\n<div class=\"kh-pkx4zo\">Ei<\/div>\n<\/td>\n<\/tr>\n<tr id=\"taMaxOilCapacityL\" class=\"kh-bwvum6\" data-test-id=\"attribute-row\">\n<th class=\"kh-10oizfy\">\u00d6ljyn enimm\u00e4istilavuus<\/th>\n<td class=\"kh-1f5nhat\">\n<div class=\"kh-pkx4zo\">0,8 litraa<\/div>\n<\/td>\n<\/tr>\n<tr id=\"taMaxOilChangeIntervalH\" class=\"kh-bwvum6\" data-test-id=\"attribute-row\">\n<th class=\"kh-10oizfy\">\u00d6ljynvaihtov\u00e4li (maks.)<\/th>\n<td class=\"kh-1f5nhat\">\n<div class=\"kh-pkx4zo\">500 tuntia<\/div>\n<\/td>\n<\/tr>\n<tr id=\"taOilSAEViscosityGrade\" class=\"kh-bwvum6\" data-test-id=\"attribute-row\">\n<th class=\"kh-10oizfy\">\u00d6ljyn SAE-viskositeettiluokka<\/th>\n<td class=\"kh-1f5nhat\">\n<div class=\"kh-pkx4zo\">80W-90<\/div>\n<\/td>\n<\/tr>\n<tr id=\"taHousingMaterial_16\" class=\"kh-bwvum6\" data-test-id=\"attribute-row\">\n<th class=\"kh-10oizfy\">Kotelon materiaali<\/th>\n<td class=\"kh-1f5nhat\">\n<div class=\"kh-pkx4zo\">Valurauta GG25<\/div>\n<\/td>\n<\/tr>\n<tr id=\"taWeightKg_75\" class=\"kh-bwvum6\" data-test-id=\"attribute-row\">\n<th class=\"kh-10oizfy\">Paino<\/th>\n<td class=\"kh-1f5nhat\">\n<div class=\"kh-pkx4zo\">27,5 kg<\/div>\n<\/td>\n<\/tr>\n<tr id=\"taGearArrangement\" class=\"kh-bwvum6\" data-test-id=\"attribute-row\">\n<th class=\"kh-10oizfy\">Vaihteistoj\u00e4rjestely<\/th>\n<td class=\"kh-1f5nhat\">\n<div class=\"kh-pkx4zo\">43 &#8211; 44<\/div>\n<\/td>\n<\/tr>\n<tr id=\"taRatio\" class=\"kh-bwvum6\" data-test-id=\"attribute-row\">\n<th class=\"kh-10oizfy\">Suhde<\/th>\n<td class=\"kh-1f5nhat\">\n<div class=\"kh-pkx4zo\">1:1<\/div>\n<\/td>\n<\/tr>\n<tr id=\"taSPLITInputSection\" class=\"kh-bwvum6\" data-test-id=\"attribute-row\">\n<th class=\"kh-10oizfy\">Sy\u00f6tt\u00f6osio<\/th>\n<td class=\"kh-1f5nhat\">\n<div class=\"kh-pkx4zo\">Y<\/div>\n<\/td>\n<\/tr>\n<tr id=\"taSPLITInputShaft\" class=\"kh-bwvum6\" data-test-id=\"attribute-row\">\n<th class=\"kh-10oizfy\">Sis\u00e4\u00e4ntuloakseli<\/th>\n<td class=\"kh-1f5nhat\">\n<div class=\"kh-pkx4zo\">Y<\/div>\n<\/td>\n<\/tr>\n<tr id=\"taShaftX\" class=\"kh-bwvum6\" data-test-id=\"attribute-row\">\n<th class=\"kh-10oizfy\">Akseli X<\/th>\n<td class=\"kh-1f5nhat\">\n<div class=\"kh-pkx4zo\">1 3\/8\u2033 (6) (C)<\/div>\n<\/td>\n<\/tr>\n<tr id=\"taShaftY\" class=\"kh-bwvum6\" data-test-id=\"attribute-row\">\n<th class=\"kh-10oizfy\">Akseli Y<\/th>\n<td class=\"kh-1f5nhat\">\n<div class=\"kh-pkx4zo\">1 3\/8\u2033 (6) (A)<\/div>\n<\/td>\n<\/tr>\n<tr id=\"taShaftZ\" class=\"kh-bwvum6\" data-test-id=\"attribute-row\">\n<th class=\"kh-10oizfy\">Akseli Z<\/th>\n<td class=\"kh-1f5nhat\">\n<div class=\"kh-pkx4zo\">1 3\/8\u2033 (6) (A)<\/div>\n<\/td>\n<\/tr>\n<\/tbody>\n<\/table>\n<h2>Lannoitteensekoittimen vaihteiston MR-90 (1:1) edut<\/h2>\n<p>Lannoitteensekoittimen vaihteisto MR-90 on suunniteltu optimaaliseen suorituskykyyn maataloussovelluksissa, erityisesti lannoitteiden sekoittamisessa. Alla on lueteltu MR-90-vaihteiston t\u00e4rkeimm\u00e4t edut:<\/p>\n<p><strong>Tehokas voimansiirto<\/strong><\/p>\n<ul>\n<li>MR-90-vaihteisto siirt\u00e4\u00e4 tehokkaasti voiman tuloakselilta (voimanottoakselilta tai moottorilta) sekoitusmekanismille minimaalisella energiah\u00e4vi\u00f6ll\u00e4. T\u00e4m\u00e4 hy\u00f6tysuhde varmistaa, ett\u00e4 moottori tai traktorin moottori toimii optimaalisesti lannoitesekoitinta k\u00e4ytett\u00e4ess\u00e4.<\/li>\n<li>1:1-v\u00e4lityssuhde tarjoaa tasapainoisen nopeuden ja v\u00e4\u00e4nt\u00f6momentin, mik\u00e4 mahdollistaa tasaisen ja hallitun toiminnan, mik\u00e4 on ratkaisevan t\u00e4rke\u00e4\u00e4 sekoitettaessa herkki\u00e4 materiaaleja, kuten lannoitteita.<\/li>\n<\/ul>\n<p><strong>Kest\u00e4v\u00e4 ja luotettava suorituskyky<\/strong><\/p>\n<ul>\n<li>Korkealaatuisista materiaaleista ja tarkalla suunnittelulla valmistettu MR-90-vaihteisto on suunniteltu kest\u00e4m\u00e4\u00e4n raskaiden maataloust\u00f6iden rasitukset.<\/li>\n<li>Vaihteisto tarjoaa erinomaisen kest\u00e4vyyden jatkuvassa k\u00e4yt\u00f6ss\u00e4 varmistaen luotettavan suorituskyvyn pitki\u00e4 aikoja ilman toistuvia h\u00e4iri\u00f6it\u00e4, mik\u00e4 on olennaista laajamittaisessa lannoitteiden sekoituksessa.<\/li>\n<\/ul>\n<h4>Sujuva toiminta ja minimaalinen t\u00e4rin\u00e4<\/h4>\n<ul>\n<li>MR-90-vaihteiston tarkkuusvaihteet varmistavat tasaisen ja hiljaisen toiminnan minimoiden t\u00e4rin\u00e4n ja melun. T\u00e4m\u00e4 v\u00e4hent\u00e4\u00e4 koneiston kulumista ja tarjoaa mukavamman ty\u00f6ymp\u00e4rist\u00f6n.<\/li>\n<li>T\u00e4rin\u00e4n v\u00e4heneminen edist\u00e4\u00e4 my\u00f6s vaihteiston ja muiden siihen liitettyjen komponenttien yleist\u00e4 k\u00e4ytt\u00f6ik\u00e4\u00e4.<\/li>\n<\/ul>\n<p><strong>Kompakti muotoilu ja helppo integrointi<\/strong><\/p>\n<ul>\n<li>MR-90-vaihteisto on kompaktin rakenteensa ansiosta helppo integroida erilaisiin lannoitteiden sekoituskoneisiin. Tilaa s\u00e4\u00e4st\u00e4v\u00e4 rakenne tekee siit\u00e4 ihanteellisen maatalouskoneisiin, joissa tilaa on rajoitetusti.<\/li>\n<li>T\u00e4m\u00e4 kompaktius yksinkertaistaa my\u00f6s asennusta ja v\u00e4hent\u00e4\u00e4 seisokkiaikaa koneen asennuksen tai huollon aikana.<\/li>\n<\/ul>\n<p><strong>Parannettu sekoituksen tasaisuus<\/strong><\/p>\n<ul>\n<li>Tarjoamalla tasaisen py\u00f6rimisnopeuden ja v\u00e4\u00e4nt\u00f6momentin MR-90-vaihteisto varmistaa, ett\u00e4 lannoitemateriaalit sekoittuvat perusteellisesti, mik\u00e4 johtaa tasaiseen jakautumiseen.<\/li>\n<li>Tasainen sekoittaminen johtaa parempaan lannoiteseoksen laatuun, mik\u00e4 on ratkaisevan t\u00e4rke\u00e4\u00e4 optimaalisen sadon tuoton ja tehokkaan ravinteiden kulkeutumisen kannalta.<\/li>\n<\/ul>\n<p>Yhteenvetona voidaan todeta, ett\u00e4 lannoitesekoittimen vaihteisto MR-90 (1:1) erottuu edukseen tehokkaan voimansiirron, kest\u00e4vyyden, tasaisen toiminnan ja monipuolisuuden ansiosta. Se auttaa parantamaan sekoituksen tasaisuutta, v\u00e4hent\u00e4m\u00e4\u00e4n t\u00e4rin\u00e4\u00e4 ja pienent\u00e4m\u00e4\u00e4n huoltotarvetta, mik\u00e4 tekee siit\u00e4 kustannustehokkaan ja luotettavan valinnan maatalousk\u00e4ytt\u00f6\u00f6n.<\/p>\n<table style=\"border-collapse: collapse; width: 101.281%; height: 5px;\" border=\"0\" width=\"128\" cellspacing=\"0\" cellpadding=\"0\">\n<tbody>\n<tr style=\"height: 13.8pt;\">\n<td style=\"height: 13.8pt; width: 48pt;\" align=\"right\" width=\"64\" height=\"18\"><img loading=\"lazy\" decoding=\"async\" class=\"alignnone size-full wp-image-2580\" src=\"https:\/\/fmp-components.com\/wp-content\/uploads\/2025\/01\/Fertilizer-Mixer-Gearbox-MR-90-Applications-21.webp\" alt=\"Lannoitteen-sekoittimen-vaihteisto-MR-90-sovellukset-2(1)\" width=\"964\" height=\"667\" title=\"\" srcset=\"https:\/\/fmp-components.com\/wp-content\/uploads\/2025\/01\/Fertilizer-Mixer-Gearbox-MR-90-Applications-21.webp 964w, https:\/\/fmp-components.com\/wp-content\/uploads\/2025\/01\/Fertilizer-Mixer-Gearbox-MR-90-Applications-21-480x332.webp 480w\" sizes=\"(min-width: 0px) and (max-width: 480px) 480px, (min-width: 481px) 964px, 100vw\" \/><\/td>\n<td style=\"width: 48pt;\" align=\"right\" width=\"64\"><img loading=\"lazy\" decoding=\"async\" class=\"alignnone size-full wp-image-2581\" src=\"https:\/\/fmp-components.com\/wp-content\/uploads\/2025\/01\/Fertilizer-Mixer-Gearbox-MR-90-Applications-11.webp\" alt=\"Lannoitteen sekoittimen vaihteisto MR-90-sovellukset\" width=\"964\" height=\"667\" title=\"\" srcset=\"https:\/\/fmp-components.com\/wp-content\/uploads\/2025\/01\/Fertilizer-Mixer-Gearbox-MR-90-Applications-11.webp 964w, https:\/\/fmp-components.com\/wp-content\/uploads\/2025\/01\/Fertilizer-Mixer-Gearbox-MR-90-Applications-11-480x332.webp 480w\" sizes=\"(min-width: 0px) and (max-width: 480px) 480px, (min-width: 481px) 964px, 100vw\" \/><\/td>\n<\/tr>\n<\/tbody>\n<\/table>\n<h2>Maatalouden nivelakseli lannoitesekoittimen vaihdelaatikolle<\/h2>\n<p>Maatalouden voimanottoakselilla on ratkaiseva rooli mekaanisen voiman siirt\u00e4misess\u00e4 traktorista tai moottorista lannoitesekoittimen vaihteistoon. T\u00e4ss\u00e4 on yleiskatsaus lannoitesekoittimien vaihteistoissa k\u00e4ytett\u00e4vien voimanottoakseleiden ominaisuuksiin ja etuihin:<\/p>\n<p><strong>Tehokas voimansiirto<\/strong><\/p>\n<ul>\n<li>Voimansiirtoakseli siirt\u00e4\u00e4 tehokkaasti voiman traktorin moottorista lannoitesekoittimen vaihteistoon. T\u00e4m\u00e4 mahdollistaa sekoittimen toiminnan halutulla nopeudella ja v\u00e4\u00e4nt\u00f6momentilla.<\/li>\n<li>Hyvin suunniteltu voimansiirtoakseli varmistaa tehokkaan voimansiirron, minimoi energiah\u00e4vi\u00f6n ja optimoi sekoituslaitteiden suorituskyvyn.<\/li>\n<\/ul>\n<p><strong>Kest\u00e4v\u00e4 rakenne<\/strong><\/p>\n<ul>\n<li>Nivelakselit on tyypillisesti valmistettu eritt\u00e4in lujasta ter\u00e4ksest\u00e4 tai muista kest\u00e4vist\u00e4 materiaaleista kest\u00e4m\u00e4\u00e4n jatkuvan maatalousk\u00e4yt\u00f6n rasitusta ja rasitusta.<\/li>\n<li>Raskaaseen k\u00e4ytt\u00f6\u00f6n suunniteltu akseli kest\u00e4\u00e4 vaihtelevia kuormia ja s\u00e4ilytt\u00e4\u00e4 eheytens\u00e4 my\u00f6s haastavissa kentt\u00e4olosuhteissa.<\/li>\n<\/ul>\n<p><strong>Mukautettavissa erilaisiin koneisiin<\/strong><\/p>\n<ul>\n<li>Maatalouden nivelakselit ovat monipuolisia ja niit\u00e4 voidaan k\u00e4ytt\u00e4\u00e4 monenlaisissa maatalouskoneissa, kuten lannoitesekoittimissa, rehunsekoittimissa ja muissa ty\u00f6koneissa.<\/li>\n<li>Voimanottoakseli on suunniteltu kytkeytym\u00e4\u00e4n saumattomasti lannoitesekoittimen vaihteistoon, mik\u00e4 varmistaa sujuvan toiminnan ja luotettavan suorituskyvyn erilaisissa k\u00e4ytt\u00f6tarkoituksissa.<\/li>\n<\/ul>\n<p><strong>Joustava ja s\u00e4\u00e4dett\u00e4v\u00e4 pituus<\/strong><\/p>\n<ul>\n<li>Nivelakseleita on saatavana s\u00e4\u00e4dett\u00e4vill\u00e4 pituuksilla, mik\u00e4 mahdollistaa niiden r\u00e4\u00e4t\u00e4l\u00f6innin erilaisiin koneisiin, mukaan lukien erikokoiset ja -kokoonpanoiset lannoitesekoittimet.<\/li>\n<li>S\u00e4\u00e4dett\u00e4vyys varmistaa, ett\u00e4 voimanottoakseli voidaan kohdistaa oikein turvallisen ja tehokkaan voimansiirron varmistamiseksi.<\/li>\n<\/ul>\n<p><strong>Helppo yhteyden muodostaminen ja irrottaminen<\/strong><\/p>\n<ul>\n<li>Nivelakseli on suunniteltu nopeaan kytkent\u00e4\u00e4n ja irrotukseen sek\u00e4 traktorista ett\u00e4 vaihteistosta. T\u00e4m\u00e4 mahdollistaa helpon kiinnityksen ja irrotuksen, mik\u00e4 s\u00e4\u00e4st\u00e4\u00e4 aikaa koneen asennuksessa ja huollossa.<\/li>\n<li>Joissakin nivelakseleissa on suojakilvet tai turvaominaisuudet, jotka est\u00e4v\u00e4t vahingossa tapahtuvan irtoamisen ja varmistavat k\u00e4ytt\u00e4j\u00e4n turvallisuuden.<\/li>\n<\/ul>\n<p><strong>Sujuva toiminta<\/strong><\/p>\n<ul>\n<li>Korkealaatuinen nivelakseli tarjoaa tasaisen ja keskeytym\u00e4tt\u00f6m\u00e4n voimansiirron lannoitesekoittimen vaihteistolle. T\u00e4m\u00e4 varmistaa, ett\u00e4 vaihteisto toimii tehokkaasti ja tuottaa tarvittavan v\u00e4\u00e4nt\u00f6momentin sekoitusterien py\u00f6ritt\u00e4miseen oikealla nopeudella.<\/li>\n<li>Tasainen toiminta v\u00e4hent\u00e4\u00e4 my\u00f6s vaihteiston kulumista, mik\u00e4 minimoi huoltotarpeen ja pident\u00e4\u00e4 laitteiden k\u00e4ytt\u00f6ik\u00e4\u00e4.<\/li>\n<\/ul>\n<p>Lannoitesekoittimen vaihteiston maatalouden nivelakseli on olennainen osa voiman siirt\u00e4misess\u00e4 traktorista tai moottorista sekoituslaitteistoon. Akseli varmistaa lannoitesekoittimen tasaisen, tehokkaan ja luotettavan toiminnan s\u00e4ilytt\u00e4en samalla joustavuuden, turvallisuuden ja kest\u00e4vyyden. K\u00e4ytitp\u00e4 nivelakselia sitten laajamittaisiin maataloust\u00f6ihin tai pienempiin, erikoistuneempiin teht\u00e4viin, se on suunniteltu parantamaan lannoitesekoittimen vaihteiston suorituskyky\u00e4 ja edist\u00e4m\u00e4\u00e4n lopulta tehokkaampaa ja kustannustehokkaampaa lannoitteiden sekoitusta.<\/p>\n<p><img loading=\"lazy\" decoding=\"async\" class=\"alignnone size-full wp-image-2582\" src=\"https:\/\/fmp-components.com\/wp-content\/uploads\/2025\/01\/Agricultural-PTO-Shaft-for-Fertilizer-Mixer-Gearbox1.webp\" alt=\"Maatalouden-voimanottoakseli-lannoitesekoittimen-vaihteistolle\" width=\"1194\" height=\"540\" title=\"\" srcset=\"https:\/\/fmp-components.com\/wp-content\/uploads\/2025\/01\/Agricultural-PTO-Shaft-for-Fertilizer-Mixer-Gearbox1.webp 1194w, https:\/\/fmp-components.com\/wp-content\/uploads\/2025\/01\/Agricultural-PTO-Shaft-for-Fertilizer-Mixer-Gearbox1-980x443.webp 980w, https:\/\/fmp-components.com\/wp-content\/uploads\/2025\/01\/Agricultural-PTO-Shaft-for-Fertilizer-Mixer-Gearbox1-480x217.webp 480w\" sizes=\"(min-width: 0px) and (max-width: 480px) 480px, (min-width: 481px) and (max-width: 980px) 980px, (min-width: 981px) 1194px, 100vw\" \/><\/p>\n<h2>Tietoja FMP:st\u00e4<\/h2>\n<p>Italiassa p\u00e4\u00e4konttoriaan pit\u00e4v\u00e4 FMP on johtava valmistaja, joka tunnetaan asiantuntemuksestaan \u200b\u200bkorkean suorituskyvyn vaihteistojen suunnittelussa, kehitt\u00e4misess\u00e4 ja tuotannossa, erityisesti maatalouskonesektorilla. Tarkkuudestaan, innovatiivisista ratkaisuistaan \u200b\u200bja vertaansa vailla olevasta luotettavuudestaan \u200b\u200btunnettu FMP on vakiinnuttanut asemansa luotettavana kumppanina sek\u00e4 maatalous- ett\u00e4 teollisuussektorin kehittyviin tarpeisiin vastaamisessa. Laaja tuotevalikoimamme sis\u00e4lt\u00e4\u00e4 ruohonleikkureiden, nivelakseleiden ja muiden t\u00e4rkeiden komponenttien erikoisvaihteistoja, joista jokainen on huolellisesti valmistettu tarjoamaan r\u00e4\u00e4t\u00e4l\u00f6ityj\u00e4 ratkaisuja monenlaisiin k\u00e4ytt\u00f6tarkoituksiin.<\/p>\n<p>FMP:ll\u00e4 ymm\u00e4rr\u00e4mme, ett\u00e4 jokaisella asiakkaalla on ainutlaatuisia haasteita ja vaatimuksia. T\u00e4m\u00e4 ymm\u00e4rrys ohjaa sitoutumistamme r\u00e4\u00e4t\u00e4l\u00f6ityjen ratkaisujen tarjoamiseen, olipa kyse sitten yksitt\u00e4isist\u00e4 komponenteista tai t\u00e4ysin integroiduista j\u00e4rjestelmist\u00e4. Teemme tiivist\u00e4 yhteisty\u00f6t\u00e4 asiakkaidemme kanssa varmistaaksemme, ett\u00e4 jokainen ratkaisu on paitsi tehokas my\u00f6s toimiva, optimoiden sek\u00e4 suorituskyvyn ett\u00e4 arvon. L\u00e4hestymistapamme \u2013 nopeat ja ammattimaiset vastaukset yhdistettyn\u00e4 asiantuntevaan ohjaukseen \u2013 varmistaa, ett\u00e4 jokainen tiedustelu k\u00e4sitell\u00e4\u00e4n \u00e4\u00e4rimm\u00e4isen huolellisesti, mik\u00e4 johtaa parhaisiin mahdollisiin tuloksiin jokaiselle asiakkaalle.<\/p>\n<p>Korostamme avointa ja jatkuvaa viestint\u00e4\u00e4 koko tuotekehitysprosessin ajan. Omistautunut tiimimme ty\u00f6skentelee tiiviisti asiakkaiden kanssa ymm\u00e4rt\u00e4\u00e4kseen t\u00e4ysin heid\u00e4n erityistarpeensa ja tarjotakseen arvokkaita n\u00e4kemyksi\u00e4 ja suosituksia, jotka johtavat optimaalisiin ratkaisuihin. Olipa kyse uusien tuotteiden kehitt\u00e4misest\u00e4 tai jatkuvien tilausten t\u00e4ytt\u00e4misest\u00e4, FMP on sitoutunut toimittamaan korkealaatuisia, tarkasti suunniteltuja ratkaisuja aikataulussa, joka kerta. Tavoitteenamme on ylitt\u00e4\u00e4 asiakkaiden odotukset ja varmistaa poikkeuksellinen palvelu ja tulokset jokaisessa projektissa.<\/p>\n<p>FMP:n toiminnan ytimess\u00e4 on vankkumaton sitoutuminen laatuun. Noudatamme korkeimpia valmistusstandardeja ja k\u00e4yt\u00e4mme tiukkoja laadunvalvontamenettelyj\u00e4 varmistaaksemme, ett\u00e4 jokainen tuote ylitt\u00e4\u00e4 alan vertailuarvot. T\u00e4m\u00e4 sitoutuminen laatuun yhdistettyn\u00e4 rehellisyyden, tiimity\u00f6n ja sinnikkyyden arvoihin on mahdollistanut kest\u00e4vien ja luottamukseen perustuvien asiakassuhteiden rakentamisen l\u00e4hes 30 maassa ymp\u00e4ri maailmaa.<\/p>\n<p>FMP on aina avoin globaalien kumppanuuksien edist\u00e4miselle ja on edelleen sitoutunut tarjoamaan asiantuntevaa neuvontaa ja r\u00e4\u00e4t\u00e4l\u00f6ityj\u00e4 ratkaisuja asiakkaidemme moninaisten tarpeiden t\u00e4ytt\u00e4miseksi. Pyrimme tekem\u00e4\u00e4n enemm\u00e4n kuin toimittamaan tuotteita \u2013 pyrimme vaalimaan kest\u00e4vi\u00e4 suhteita, jotka edist\u00e4v\u00e4t jokaisen projektin onnistumista. Etsitp\u00e4 sitten innovatiivisia ratkaisuja uuteen hankkeeseen tai jatkuvaa tukea olemassa olevalle j\u00e4rjestelm\u00e4lle, FMP on kumppanisi teknisten haasteiden voittamisessa ja kest\u00e4v\u00e4n menestyksen varmistamisessa.<\/p>\n<p><img loading=\"lazy\" decoding=\"async\" class=\"alignnone size-full wp-image-1861\" src=\"https:\/\/fmp-components.com\/wp-content\/uploads\/2024\/12\/Other-Agricultural-Gearboxes.webp\" sizes=\"(min-width: 0px) and (max-width: 480px) 480px, (min-width: 481px) and (max-width: 980px) 980px, (min-width: 981px) 1200px, 100vw\" srcset=\"https:\/\/fmp-components.com\/wp-content\/uploads\/2024\/12\/Other-Agricultural-Gearboxes.webp 1200w, https:\/\/fmp-components.com\/wp-content\/uploads\/2024\/12\/Other-Agricultural-Gearboxes-980x1143.webp 980w, https:\/\/fmp-components.com\/wp-content\/uploads\/2024\/12\/Other-Agricultural-Gearboxes-480x560.webp 480w\" alt=\"Altri-cambi-agricoli\" width=\"1200\" height=\"1400\" title=\"\"><\/p>\n<p>Tekij\u00e4: CX<\/p>","protected":false},"excerpt":{"rendered":"<p>Specifications of Fertilizer Mixer Gearbox MR-90 (1:1) Product\u00a0 Description Fertilizer Mixer Gearboxes &#8211; Replacement of Comer Gearbox MR-90 1:1 Product details Contact us for power at a different RPM The gearbox is delivered without oil and must be filled before first use. First, the oil change after 50-70 operating hours, then after 500-700 operating hours [&hellip;]<\/p>","protected":false},"featured_media":2577,"comment_status":"open","ping_status":"closed","template":"","meta":{"_et_pb_use_builder":"","_et_pb_old_content":"","_et_gb_content_width":""},"product_brand":[],"product_cat":[61],"product_tag":[],"class_list":{"0":"post-2559","1":"product","2":"type-product","3":"status-publish","4":"has-post-thumbnail","6":"product_cat-fertilizer-mixer-gearbox","8":"first","9":"instock","10":"shipping-taxable","11":"product-type-simple"},"_links":{"self":[{"href":"https:\/\/fmp-components.com\/fi\/wp-json\/wp\/v2\/product\/2559","targetHints":{"allow":["GET"]}}],"collection":[{"href":"https:\/\/fmp-components.com\/fi\/wp-json\/wp\/v2\/product"}],"about":[{"href":"https:\/\/fmp-components.com\/fi\/wp-json\/wp\/v2\/types\/product"}],"replies":[{"embeddable":true,"href":"https:\/\/fmp-components.com\/fi\/wp-json\/wp\/v2\/comments?post=2559"}],"wp:featuredmedia":[{"embeddable":true,"href":"https:\/\/fmp-components.com\/fi\/wp-json\/wp\/v2\/media\/2577"}],"wp:attachment":[{"href":"https:\/\/fmp-components.com\/fi\/wp-json\/wp\/v2\/media?parent=2559"}],"wp:term":[{"taxonomy":"product_brand","embeddable":true,"href":"https:\/\/fmp-components.com\/fi\/wp-json\/wp\/v2\/product_brand?post=2559"},{"taxonomy":"product_cat","embeddable":true,"href":"https:\/\/fmp-components.com\/fi\/wp-json\/wp\/v2\/product_cat?post=2559"},{"taxonomy":"product_tag","embeddable":true,"href":"https:\/\/fmp-components.com\/fi\/wp-json\/wp\/v2\/product_tag?post=2559"}],"curies":[{"name":"wp","href":"https:\/\/api.w.org\/{rel}","templated":true}]}}