{"id":2536,"date":"2025-01-02T06:00:51","date_gmt":"2025-01-02T06:00:51","guid":{"rendered":"https:\/\/fmp-components.com\/?page_id=8"},"modified":"2025-01-02T06:00:51","modified_gmt":"2025-01-02T06:00:51","slug":"pga1202vm-mixing-wagon-gearboxes-replacement-of-comer-code-pga-1202","status":"publish","type":"product","link":"https:\/\/fmp-components.com\/fi\/product\/pga1202vm-mixing-wagon-gearboxes-replacement-of-comer-code-pga-1202\/","title":{"rendered":"PGA1202VM Sekoitinvaunujen vaihteistot \u2013 Comer-koodin PGA-1202 korvaaminen"},"content":{"rendered":"<h2>PGA1202VM sekoitusvaunun vaihteistojen tekniset tiedot<\/h2>\n<table style=\"width: 100%;\" border=\"1\" width=\"100%\" cellspacing=\"0\" cellpadding=\"0\">\n<tbody>\n<tr>\n<th>Kuvaus<\/th>\n<td>PGA1202VM sekoitusvaunujen vaihteistot \u2013 Comer-koodin PGA-1202 korvaaminen<\/td>\n<\/tr>\n<tr>\n<th>Tekniset tiedot<\/th>\n<td>Siin\u00e4 on erityinen laakeri, johon ruuvikara voidaan liitt\u00e4\u00e4 suoraan.<\/td>\n<\/tr>\n<tr>\n<th>Edut<\/th>\n<td>Vinssi ei vaadi erillist\u00e4 laakeria.<\/td>\n<\/tr>\n<tr>\n<th>Hakemus<\/th>\n<td>Sekoitusvaunu<\/td>\n<\/tr>\n<tr>\n<th>Sopii<\/th>\n<td>Yksitt\u00e4inen sekoitin 10\u201314 kuutiometri\u00e4, kaksoissekoitin 16\u201324 kuutiometri\u00e4<\/td>\n<\/tr>\n<tr>\n<th>Koostuu<\/th>\n<td>Vaihteisto<\/td>\n<\/tr>\n<tr>\n<th>Tilaa \u00f6ljy\u00e4<\/th>\n<td>Tilaa \u00f6ljy erikseen<\/td>\n<\/tr>\n<tr>\n<th>Sis\u00e4lt\u00e4\u00e4 \u00f6ljy\u00e4<\/th>\n<td>Ei<\/td>\n<\/tr>\n<\/tbody>\n<\/table>\n<h2>Rehunsekoittimien vaihdelaatikoiden ominaisuudet<\/h2>\n<p>Rehunsekoituskoneiden vaihteistot ovat olennaisia \u200b\u200bkomponentteja, jotka varmistavat rehun ainesosien asianmukaisen sekoittumisen maataloustoiminnassa. N\u00e4m\u00e4 vaihteistot on suunniteltu vaativiin olosuhteisiin ja tarjoamaan tehokasta voimansiirtoa, mik\u00e4 tekee niist\u00e4 kriittisi\u00e4 rehunvalmistuksen optimoinnissa. T\u00e4ss\u00e4 ovat rehunsekoituskoneiden vaihteistojen t\u00e4rkeimm\u00e4t ominaisuudet:<\/p>\n<p><strong>Korkea tehonsiirtotehokkuus<\/strong><\/p>\n<ul>\n<li><strong>Tehokas ja tehokas voimansiirto:<\/strong> Rehunsekoittimien vaihteistot on suunniteltu siirt\u00e4m\u00e4\u00e4n voimaa traktorin voimanottoakselilta tai moottorilta sekoituskomponentteihin (kuten ruuvien tai lapojen) minimoimalla energiah\u00e4vi\u00f6. T\u00e4m\u00e4 varmistaa, ett\u00e4 sekoitin toimii optimaalisesti ja tuottaa vaaditun py\u00f6rimisnopeuden ja v\u00e4\u00e4nt\u00f6momentin.<\/li>\n<li><strong>Merkitys:<\/strong> Energiatehokkuuden maksimointi varmistaa sujuvan ja tasaisen toiminnan, mik\u00e4 v\u00e4hent\u00e4\u00e4 polttoaineenkulutusta ja k\u00e4ytt\u00f6kustannuksia.<\/li>\n<\/ul>\n<p><strong>S\u00e4\u00e4dett\u00e4v\u00e4 nopeuden ja v\u00e4\u00e4nt\u00f6momentin s\u00e4\u00e4t\u00f6<\/strong><\/p>\n<ul>\n<li><strong>Muuttuvan nopeuden ja v\u00e4\u00e4nt\u00f6momentin asetukset:<\/strong> Monissa rehunsekoittimien vaihteistoissa on s\u00e4\u00e4dett\u00e4v\u00e4 nopeus ja v\u00e4\u00e4nt\u00f6momentti. T\u00e4m\u00e4 joustavuus antaa k\u00e4ytt\u00e4j\u00e4lle mahdollisuuden r\u00e4\u00e4t\u00e4l\u00f6id\u00e4 sekoitusnopeutta eri rehutyypeille, karkeasta kuiva-aineesta m\u00e4rkiin, kuituisiin aineksiin.<\/li>\n<li><strong>Merkitys:<\/strong> Tarkka nopeuden ja v\u00e4\u00e4nt\u00f6momentin s\u00e4\u00e4t\u00f6 varmistaa perusteellisen sekoittumisen, mik\u00e4 johtaa tasaisempaan rehuseokseen, mik\u00e4 on olennaista tasapainoisen el\u00e4inten ravitsemuksen kannalta.<\/li>\n<\/ul>\n<p><strong>Kest\u00e4vyys ja vankka rakenne<\/strong><\/p>\n<ul>\n<li><strong>Raskas rakenne:<\/strong> Rehunsekoittimien vaihteistot on rakennettu kest\u00e4m\u00e4\u00e4n raskaita kuormia ja maataloudessa tyypillisi\u00e4 ankaria k\u00e4ytt\u00f6olosuhteita. Ne on valmistettu kest\u00e4vist\u00e4 materiaaleista, kuten korkealaatuisesta ter\u00e4ksest\u00e4 ja vahvistetuista vaihteista, pitk\u00e4aikaisen suorituskyvyn varmistamiseksi.<\/li>\n<li><strong>Merkitys:<\/strong> Kest\u00e4vyys varmistaa, ett\u00e4 vaihteisto kest\u00e4\u00e4 jatkuvaa k\u00e4ytt\u00f6\u00e4 ja maatalousymp\u00e4rist\u00f6jen kulumista, mik\u00e4 v\u00e4hent\u00e4\u00e4 huoltojen ja korjausten tarvetta.<\/li>\n<\/ul>\n<p><strong>Kompakti ja tilaa s\u00e4\u00e4st\u00e4v\u00e4 muotoilu<\/strong><\/p>\n<ul>\n<li><strong>Kompakti rakenne:<\/strong> Rehunsekoittimien vaihteistot on suunniteltu tilaa s\u00e4\u00e4st\u00e4v\u00e4ksi, joten ne sopivat saumattomasti sekoitusvaunun rajalliseen tilaan. Kompaktista koostaan \u200b\u200bhuolimatta n\u00e4m\u00e4 vaihteistot tarjoavat huomattavaa tehoa ja v\u00e4\u00e4nt\u00f6\u00e4 tehokasta sekoittamista varten.<\/li>\n<li><strong>Merkitys:<\/strong> Kompakti muotoilu mahdollistaa helpon asennuksen ja huollon, erityisesti koneissa, joissa on rajoitetusti tilaa.<\/li>\n<\/ul>\n<p><strong>Sujuva ja hiljainen toiminta<\/strong><\/p>\n<ul>\n<li><strong>Hiljainen k\u00e4ytt\u00f6:<\/strong> Nykyaikaiset rehunsekoittimien vaihteistot on suunniteltu sujuvaa ja hiljaista toimintaa varten. Melun v\u00e4hent\u00e4minen saavutetaan tarkalla suunnittelulla, paremmalla voitelulla ja optimoiduilla vaihteistorakenteilla.<\/li>\n<li><strong>Merkitys:<\/strong> Hiljaisempi melutaso ei ainoastaan \u200b\u200bparanna kuljettajan mukavuutta, vaan my\u00f6s v\u00e4hent\u00e4\u00e4 vaihteiston kulumista, mik\u00e4 pident\u00e4\u00e4 sen k\u00e4ytt\u00f6ik\u00e4\u00e4 ja v\u00e4hent\u00e4\u00e4 huoltotarvetta.<\/li>\n<\/ul>\n<p>Rehunsekoittimien vaihteistot on suunniteltu lukuisilla edistyneill\u00e4 ominaisuuksilla, jotka varmistavat niiden tehokkaan ja luotettavan toiminnan vaativissa maatalousolosuhteissa. Korkeasta voimansiirron hy\u00f6tysuhteesta ja s\u00e4\u00e4dett\u00e4v\u00e4st\u00e4 nopeuden s\u00e4\u00e4d\u00f6st\u00e4 kest\u00e4vyyteen, turvamekanismeihin ja helppoon huoltoon, n\u00e4m\u00e4 ominaisuudet tekev\u00e4t rehunsekoittimien vaihteistoista v\u00e4ltt\u00e4m\u00e4tt\u00f6mi\u00e4 tehokkaan rehuntuotannon kannalta. Niiden kyky tarjota tasainen ja tasainen sekoitus samalla varmistaen turvallisuuden ja luotettavuuden on avainasemassa optimaalisen el\u00e4inten ravitsemuksen yll\u00e4pit\u00e4misess\u00e4 ja maatilan tuottavuuden parantamisessa.<\/p>\n<p><img loading=\"lazy\" decoding=\"async\" class=\"alignnone size-full wp-image-2539\" src=\"https:\/\/fmp-components.com\/wp-content\/uploads\/2025\/01\/Feed-Mixer-Gearboxes-in-Mixing-Wagon-21.webp\" alt=\"Rehunsekoittimen vaihteistot sekoitusvaunussa\" width=\"1024\" height=\"683\" title=\"\" srcset=\"https:\/\/fmp-components.com\/wp-content\/uploads\/2025\/01\/Feed-Mixer-Gearboxes-in-Mixing-Wagon-21.webp 1024w, https:\/\/fmp-components.com\/wp-content\/uploads\/2025\/01\/Feed-Mixer-Gearboxes-in-Mixing-Wagon-21-980x654.webp 980w, https:\/\/fmp-components.com\/wp-content\/uploads\/2025\/01\/Feed-Mixer-Gearboxes-in-Mixing-Wagon-21-480x320.webp 480w\" sizes=\"(min-width: 0px) and (max-width: 480px) 480px, (min-width: 481px) and (max-width: 980px) 980px, (min-width: 981px) 1024px, 100vw\" \/><\/p>\n<h2>Maatalouden nivelakseli rehunsekoittimien vaihteistoille<\/h2>\n<p>Voimanottoakseli on t\u00e4rke\u00e4 osa, joka yhdist\u00e4\u00e4 traktorin tai muut voimanl\u00e4hteet maatalouskoneisiin, mukaan lukien rehunsekoittimet. Voimanottoakseli v\u00e4litt\u00e4\u00e4 mekaanista voimaa rehunsekoittimen vaihdelaatikkoon, mik\u00e4 mahdollistaa sekoitusprosessin optimaalisen rehunvalmistuksen saavuttamiseksi. T\u00e4ss\u00e4 on yksityiskohtainen katsaus maatalouden voimanottoakseliin ja sen rooliin rehunsekoittimissa:<\/p>\n<p><strong>Tehokas voimansiirto<\/strong><\/p>\n<ul>\n<li><strong>Toiminnallisuus:<\/strong> Voimanottoakselin ensisijainen teht\u00e4v\u00e4 on siirt\u00e4\u00e4 voima traktorista tai muusta p\u00e4\u00e4koneesta rehunsekoittimen vaihteistoon. T\u00e4m\u00e4 varmistaa, ett\u00e4 vaihteisto saa tarvittavan py\u00f6rimisenergian sekoittimen ruuvien tai lapojen k\u00e4ytt\u00e4miseen.<\/li>\n<li><strong>Merkitys:<\/strong> Tehokas voimansiirto varmistaa, ett\u00e4 sekoitin toimii oikealla nopeudella ja v\u00e4\u00e4nt\u00f6momentilla optimaalisen sekoitustehon saavuttamiseksi. Se auttaa est\u00e4m\u00e4\u00e4n energiah\u00e4vikki\u00e4, mik\u00e4 johtaa parempaan polttoainetehokkuuteen ja sekoitusj\u00e4rjestelm\u00e4n yleiseen suorituskykyyn.<\/li>\n<\/ul>\n<p><strong>Raskas rakenne<\/strong><\/p>\n<ul>\n<li><strong>Kest\u00e4vyys:<\/strong> Maatalouden nivelakselit on rakennettu kest\u00e4m\u00e4\u00e4n raskaita kuormia, t\u00e4rin\u00e4\u00e4 ja ankaria ymp\u00e4rist\u00f6olosuhteita, joita usein esiintyy maataloustoiminnassa. Ne on valmistettu eritt\u00e4in lujasta ter\u00e4ksest\u00e4 ja suunniteltu kest\u00e4m\u00e4\u00e4n jatkuvaa k\u00e4ytt\u00f6\u00e4 vaativissa maatalousymp\u00e4rist\u00f6iss\u00e4.<\/li>\n<li><strong>Merkitys:<\/strong> Vankka rakenne varmistaa, ett\u00e4 nivelakseli kest\u00e4\u00e4 sekoittimeen sy\u00f6tett\u00e4v\u00e4n materiaalin rasituksen ja s\u00e4ilytt\u00e4\u00e4 samalla luotettavan voimansiirron, mik\u00e4 v\u00e4hent\u00e4\u00e4 rikkoutumisriski\u00e4 ja pident\u00e4\u00e4 k\u00e4ytt\u00f6ik\u00e4\u00e4.<\/li>\n<\/ul>\n<p><strong>Helppo kytkent\u00e4 ja irrotus<\/strong><\/p>\n<ul>\n<li><strong>Sopivuus:<\/strong> Nivelakseli on suunniteltu nopeaa ja helppoa kytkent\u00e4\u00e4 varten sek\u00e4 traktoriin ett\u00e4 rehunsekoittimen vaihteistoon. Monissa malleissa on pikalukitusmekanismi, joka varmistaa turvallisen liit\u00e4nn\u00e4n ja yksinkertaistaa akselin kytkemist\u00e4 ja irrottamista.<\/li>\n<li><strong>Merkitys:<\/strong> T\u00e4m\u00e4 helppok\u00e4ytt\u00f6isyys v\u00e4hent\u00e4\u00e4 seisokkiaikoja, jolloin k\u00e4ytt\u00e4jien on helppo asentaa ja irrottaa voimanottoakseli tarvittaessa, mik\u00e4 parantaa yleist\u00e4 toiminnan tehokkuutta.<\/li>\n<\/ul>\n<p><strong>S\u00e4\u00e4dett\u00e4v\u00e4 pituus monipuolisuutta varten<\/strong><\/p>\n<ul>\n<li><strong>Mukauttaminen:<\/strong> Nivelakseleita on saatavilla eri pituisina erilaisille maatalouskoneille. S\u00e4\u00e4dett\u00e4v\u00e4n pituuden ansiosta akselista tulee yhteensopiva erilaisten rehunsekoitinmallien ja erikokoisten traktorien kanssa.<\/li>\n<li><strong>Merkitys:<\/strong> T\u00e4m\u00e4 joustavuus mahdollistaa nivelakselin k\u00e4yt\u00f6n monenlaisissa rehunsekoittimissa ja traktoreissa, mik\u00e4 tekee siit\u00e4 monipuolisen ja mukautuvan komponentin erilaisiin maatalousteht\u00e4viin.<\/li>\n<\/ul>\n<p><strong>Sujuva toiminta<\/strong><\/p>\n<ul>\n<li><strong>Tasapaino ja t\u00e4rin\u00e4nvaimennus:<\/strong> Nivelakselit on suunniteltu tarkasti varmistamaan sujuva toiminta minimoimalla t\u00e4rin\u00e4t ja s\u00e4ilytt\u00e4m\u00e4ll\u00e4 tasapainon k\u00e4yt\u00f6n aikana. Joissakin akseleissa on murrosnivelet, jotka vaimentavat iskuja ja tuottavat tasaisen v\u00e4\u00e4nt\u00f6momentin rehunsekoittimen vaihteistolle.<\/li>\n<li><strong>Merkitys:<\/strong> Tasainen toiminta v\u00e4hent\u00e4\u00e4 koneiden kulumista, parantaa kuljettajan mukavuutta ja pident\u00e4\u00e4 sek\u00e4 nivelakselin ett\u00e4 rehunsekoittimen vaihteiston k\u00e4ytt\u00f6ik\u00e4\u00e4.<\/li>\n<\/ul>\n<p>Rehunsekoittimien vaihteistojen maatalouden nivelakseli on olennainen osa voimansiirtoa traktorista sekoitusyksikk\u00f6\u00f6n. Se varmistaa, ett\u00e4 rehunsekoitin toimii tehokkaasti ja tuloksellisesti, ja ett\u00e4 rehun ainesosat sekoittuvat tasaisesti ja perusteellisesti. Kest\u00e4v\u00e4n rakenteensa, helppok\u00e4ytt\u00f6isyytens\u00e4, monipuolisuutensa ja turvaominaisuuksiensa ansiosta nivelakselilla on keskeinen rooli rehunsekoitusj\u00e4rjestelm\u00e4n kest\u00e4vyyden, suorituskyvyn ja luotettavuuden varmistamisessa. Valitsemalla oikean nivelakselin viljelij\u00e4t voivat parantaa tuottavuutta, v\u00e4hent\u00e4\u00e4 yll\u00e4pitokustannuksia ja varmistaa rehunvalmistuksen sujuvan toiminnan.<\/p>\n<p><img loading=\"lazy\" decoding=\"async\" class=\"alignnone size-full wp-image-2540\" src=\"https:\/\/fmp-components.com\/wp-content\/uploads\/2025\/01\/Feed-Mixer-Gearbox-for-Mixing-Wagon-Working-Principle.webp\" alt=\"Rehunsekoittimen vaihteisto sekoitusvaunua varten -toimintaperiaate\" width=\"1024\" height=\"592\" title=\"\" srcset=\"https:\/\/fmp-components.com\/wp-content\/uploads\/2025\/01\/Feed-Mixer-Gearbox-for-Mixing-Wagon-Working-Principle.webp 1024w, https:\/\/fmp-components.com\/wp-content\/uploads\/2025\/01\/Feed-Mixer-Gearbox-for-Mixing-Wagon-Working-Principle-980x567.webp 980w, https:\/\/fmp-components.com\/wp-content\/uploads\/2025\/01\/Feed-Mixer-Gearbox-for-Mixing-Wagon-Working-Principle-480x278.webp 480w\" sizes=\"(min-width: 0px) and (max-width: 480px) 480px, (min-width: 481px) and (max-width: 980px) 980px, (min-width: 981px) 1024px, 100vw\" \/><\/p>\n<h3>Tietoja FMP:st\u00e4<\/h3>\n<p>Italiassa p\u00e4\u00e4konttoriaan pit\u00e4v\u00e4 FMP on johtava valmistaja, joka tunnetaan asiantuntemuksestaan \u200b\u200btehokkaiden vaihteistojen suunnittelussa, kehitt\u00e4misess\u00e4 ja tuotannossa, keskittyen erityisesti maatalouskonesektoriin. Tarkkuuden, innovatiivisten ratkaisujen ja horjumattoman luotettavuuden ansiosta FMP:st\u00e4 on tullut luotettava kumppani sek\u00e4 maatalous- ett\u00e4 teollisuussektorin kehittyviin tarpeisiin. Monipuolinen tuotevalikoimamme sis\u00e4lt\u00e4\u00e4 ruohonleikkureiden, nivelakseleiden ja muiden t\u00e4rkeiden komponenttien erikoisvaihteistoja, jotka kaikki on huolellisesti suunniteltu tarjoamaan r\u00e4\u00e4t\u00e4l\u00f6ityj\u00e4 ratkaisuja laajaan k\u00e4ytt\u00f6tarkoitukseen.<\/p>\n<p>FMP:ll\u00e4 ymm\u00e4rr\u00e4mme, ett\u00e4 jokaisella asiakkaalla on ainutlaatuiset vaatimukset ja haasteet. Siksi olemme erikoistuneet r\u00e4\u00e4t\u00e4l\u00f6ityjen ratkaisujen tarjoamiseen, olipa kyse sitten yksitt\u00e4isist\u00e4 komponenteista tai t\u00e4ysin integroiduista j\u00e4rjestelmist\u00e4. Teemme tiivist\u00e4 yhteisty\u00f6t\u00e4 asiakkaidemme kanssa varmistaaksemme, ett\u00e4 jokainen ratkaisu on paitsi tehokas my\u00f6s tuloksellinen, optimoiden sek\u00e4 suorituskyvyn ett\u00e4 arvon. Sitoutumisemme tarjoamaan nopeita ja ammattimaisia \u200b\u200bvastauksia sek\u00e4 asiantuntevaa ohjausta varmistaa, ett\u00e4 jokaista tiedustelua k\u00e4sitell\u00e4\u00e4n \u00e4\u00e4rimm\u00e4isen huolellisesti ja tarkasti, mik\u00e4 johtaa parhaisiin mahdollisiin tuloksiin.<\/p>\n<p>Priorisoimme avointa ja jatkuvaa viestint\u00e4\u00e4 koko tuotekehitysprosessin ajan. Omistautunut tiimimme ty\u00f6skentelee suoraan asiakkaiden kanssa ymm\u00e4rt\u00e4\u00e4kseen t\u00e4ysin heid\u00e4n erityistarpeensa ja tarjoaa arvokkaita n\u00e4kemyksi\u00e4 ja suosituksia optimaalisten ratkaisujen varmistamiseksi. Olipa kyse innovatiivisten tuotteiden suunnittelusta tai jatkuvien tilausten t\u00e4ytt\u00e4misest\u00e4, FMP on sitoutunut toimittamaan korkealaatuisia ja tarkasti suunniteltuja ratkaisuja ajallaan, joka kerta. Tavoitteenamme on tarjota asiakkaille parasta mahdollista palvelua ja tuloksia, jotka ylitt\u00e4v\u00e4t odotukset jokaisessa projektissa.<\/p>\n<p>Laatu on FMP:n toiminnan kulmakivi. Noudatamme korkeimpia valmistusstandardeja ja toteutamme tiukkoja laadunvalvontatoimenpiteit\u00e4 varmistaaksemme, ett\u00e4 jokainen tuote ei ainoastaan \u200b\u200b\u200b\u200bt\u00e4ytt\u00e4\u00e4 alan standardeja, vaan my\u00f6s ylitt\u00e4\u00e4 ne. T\u00e4m\u00e4 horjumaton sitoutuminen laatuun yhdistettyn\u00e4 ydinarvoihimme, kuten rehellisyyteen, tiimity\u00f6h\u00f6n ja sinnikkyyteen, on mahdollistanut pitk\u00e4aikaisten ja luottamukseen perustuvien asiakassuhteiden rakentamisen l\u00e4hes 30 maassa maailmanlaajuisesti.<\/p>\n<p>FMP on aina avoin globaalien kumppanuuksien edist\u00e4miselle ja on edelleen sitoutunut tarjoamaan asiantuntevaa neuvontaa ja r\u00e4\u00e4t\u00e4l\u00f6ityj\u00e4 ratkaisuja, jotka vastaavat asiakkaidemme monimuotoisiin tarpeisiin. Emme tyydy pelk\u00e4st\u00e4\u00e4n tuotteiden toimittamiseen; pyrimme rakentamaan kest\u00e4vi\u00e4 suhteita, jotka edist\u00e4v\u00e4t jokaisen projektin onnistumista. Tarvitsetpa sitten innovatiivisia ratkaisuja uuteen aloitteeseen tai jatkuvaa tukea olemassa olevalle j\u00e4rjestelm\u00e4lle, FMP on t\u00e4\u00e4ll\u00e4 ratkaisemassa tekniset haasteesi ja varmistamassa jatkuvan menestyksesi.<\/p>\n<p><img loading=\"lazy\" decoding=\"async\" class=\"alignnone size-full wp-image-1861\" src=\"https:\/\/fmp-components.com\/wp-content\/uploads\/2024\/12\/Other-Agricultural-Gearboxes.webp\" sizes=\"(min-width: 0px) and (max-width: 480px) 480px, (min-width: 481px) and (max-width: 980px) 980px, (min-width: 981px) 1200px, 100vw\" srcset=\"https:\/\/fmp-components.com\/wp-content\/uploads\/2024\/12\/Other-Agricultural-Gearboxes.webp 1200w, https:\/\/fmp-components.com\/wp-content\/uploads\/2024\/12\/Other-Agricultural-Gearboxes-980x1143.webp 980w, https:\/\/fmp-components.com\/wp-content\/uploads\/2024\/12\/Other-Agricultural-Gearboxes-480x560.webp 480w\" alt=\"Altri-cambi-agricoli\" width=\"1200\" height=\"1400\" title=\"\"><\/p>\n<p>Tekij\u00e4: CX<\/p>","protected":false},"excerpt":{"rendered":"<p>PGA1202VM Mixing wagon Gearboxes Specification Description PGA1202VM Mixing Wagon Gearboxes &#8211; Replacement of Comer Code PGA-1202 Specifications Has a special bearing complete where the screw spindle can be directly connected. Benefits No separate bearing complete required for the winch. Application Mixing wagon Suitable For Single mixer 10\u201314 cubic metres, Double mixer 16\u201324 cubic metres Consists [&hellip;]<\/p>","protected":false},"featured_media":2544,"comment_status":"open","ping_status":"closed","template":"","meta":{"_et_pb_use_builder":"","_et_pb_old_content":"","_et_gb_content_width":""},"product_brand":[],"product_cat":[60],"product_tag":[],"class_list":{"0":"post-2536","1":"product","2":"type-product","3":"status-publish","4":"has-post-thumbnail","6":"product_cat-feed-mixer-gearbox","8":"first","9":"instock","10":"shipping-taxable","11":"product-type-simple"},"_links":{"self":[{"href":"https:\/\/fmp-components.com\/fi\/wp-json\/wp\/v2\/product\/2536","targetHints":{"allow":["GET"]}}],"collection":[{"href":"https:\/\/fmp-components.com\/fi\/wp-json\/wp\/v2\/product"}],"about":[{"href":"https:\/\/fmp-components.com\/fi\/wp-json\/wp\/v2\/types\/product"}],"replies":[{"embeddable":true,"href":"https:\/\/fmp-components.com\/fi\/wp-json\/wp\/v2\/comments?post=2536"}],"wp:featuredmedia":[{"embeddable":true,"href":"https:\/\/fmp-components.com\/fi\/wp-json\/wp\/v2\/media\/2544"}],"wp:attachment":[{"href":"https:\/\/fmp-components.com\/fi\/wp-json\/wp\/v2\/media?parent=2536"}],"wp:term":[{"taxonomy":"product_brand","embeddable":true,"href":"https:\/\/fmp-components.com\/fi\/wp-json\/wp\/v2\/product_brand?post=2536"},{"taxonomy":"product_cat","embeddable":true,"href":"https:\/\/fmp-components.com\/fi\/wp-json\/wp\/v2\/product_cat?post=2536"},{"taxonomy":"product_tag","embeddable":true,"href":"https:\/\/fmp-components.com\/fi\/wp-json\/wp\/v2\/product_tag?post=2536"}],"curies":[{"name":"wp","href":"https:\/\/api.w.org\/{rel}","templated":true}]}}