{"id":2523,"date":"2025-01-02T03:45:19","date_gmt":"2025-01-02T03:45:19","guid":{"rendered":"https:\/\/fmp-components.com\/?page_id=8"},"modified":"2025-01-02T03:59:23","modified_gmt":"2025-01-02T03:59:23","slug":"round-baler-gearbox-fmp2100-t3-for-round-baler-and-harvester","status":"publish","type":"product","link":"https:\/\/fmp-components.com\/fi\/product\/round-baler-gearbox-fmp2100-t3-for-round-baler-and-harvester\/","title":{"rendered":"Py\u00f6r\u00f6paalaimen vaihteisto FMP2100-T3 py\u00f6r\u00f6paalaimelle ja puimurille"},"content":{"rendered":"<p><img loading=\"lazy\" decoding=\"async\" class=\"size-full wp-image-2524 aligncenter\" src=\"https:\/\/fmp-components.com\/wp-content\/uploads\/2025\/01\/Round-Baler-Gearbox-EP2100-T31.webp\" alt=\"Py\u00f6r\u00f6paalaimen-vaihteisto-FMP2100-T3(1)\" width=\"600\" height=\"600\" title=\"\" srcset=\"https:\/\/fmp-components.com\/wp-content\/uploads\/2025\/01\/Round-Baler-Gearbox-EP2100-T31.webp 600w, https:\/\/fmp-components.com\/wp-content\/uploads\/2025\/01\/Round-Baler-Gearbox-EP2100-T31-480x480.webp 480w\" sizes=\"(min-width: 0px) and (max-width: 480px) 480px, (min-width: 481px) 600px, 100vw\" \/><\/p>\n<h2>Py\u00f6r\u00f6paalaimen vaihteiston FMP2100-T3 tekniset tiedot<\/h2>\n<table style=\"width: 93.8969%; height: 116px;\" border=\"1\" cellspacing=\"0\" cellpadding=\"0\">\n<tbody>\n<tr style=\"height: 23px;\">\n<td style=\"height: 46px; width: 15.8921%;\" colspan=\"2\" rowspan=\"2\">min\u00e4<\/td>\n<td style=\"height: 46px; width: 25.3373%;\" rowspan=\"2\">Sopii<\/td>\n<td style=\"height: 23px; width: 9.89505%;\">Kierroslukutulo<\/td>\n<td style=\"height: 23px; width: 11.0945%;\">Kierrosluku<\/td>\n<td style=\"height: 23px; width: 9.44528%;\">kW (nim.)<\/td>\n<td style=\"height: 23px; width: 13.0435%;\">L\u00e4ht\u00f6momentti<\/td>\n<td style=\"height: 46px; width: 45.2774%;\" rowspan=\"2\">Hammastus<\/td>\n<\/tr>\n<tr style=\"height: 23px;\">\n<td style=\"height: 23px; width: 9.89505%;\">kierrosta minuutissa<\/td>\n<td style=\"height: 23px; width: 11.0945%;\">kierrosta minuutissa<\/td>\n<td style=\"height: 23px; width: 9.44528%;\">hv<\/td>\n<td style=\"height: 23px; width: 13.0435%;\">Nm<\/td>\n<\/tr>\n<tr style=\"height: 47px;\">\n<td style=\"height: 47px; width: 10.3448%;\">Hidasta<\/td>\n<td style=\"height: 47px; width: 5.54723%;\">2.1 :1<\/td>\n<td style=\"height: 47px; width: 25.3373%;\">Py\u00f6r\u00f6paalain, leikkuupuimuri jne.<\/td>\n<td style=\"height: 47px; width: 9.89505%;\">540<\/td>\n<td style=\"height: 47px; width: 11.0945%;\">257<\/td>\n<td style=\"height: 47px; width: 9.44528%;\">80<\/td>\n<td style=\"height: 47px; width: 13.0435%;\">100<\/td>\n<td style=\"height: 47px; width: 45.2774%;\">Gleason Helical<br \/>\nHampaat<\/td>\n<\/tr>\n<tr style=\"height: 23px;\">\n<td style=\"height: 23px; width: 129.985%;\" colspan=\"8\">Huomautus: Jos sinulla on erityisvaatimuksia, kerro siit\u00e4 minulle, hyv\u00e4ksymme my\u00f6s mittatilausty\u00f6n\u00e4 tehdyt tarjoukset.<\/td>\n<\/tr>\n<\/tbody>\n<\/table>\n<h2>Py\u00f6r\u00f6paalaimen vaihteisto FMP2100-T3 komponenttirakenne<\/h2>\n<p>Py\u00f6r\u00f6paalaimen vaihteisto FMP2100-T3 on suunniteltu tarjoamaan korkeaa suorituskyky\u00e4 ja luotettavuutta vaativissa maatalousk\u00e4yt\u00f6iss\u00e4. Vaihteistossa on hyvin suunniteltu komponenttirakenne, joka varmistaa optimaalisen toiminnan ja kest\u00e4vyyden. Alla on yleiskuvaus sen t\u00e4rkeimmist\u00e4 osista:<\/p>\n<p><strong>Vaihteiston kotelo<\/strong><\/p>\n<ul>\n<li>Materiaali: Valmistettu eritt\u00e4in lujasta valuraudasta tai ter\u00e4ksest\u00e4, mik\u00e4 takaa kest\u00e4vyyden ja kulumis- ja rasituskest\u00e4vyyden.<\/li>\n<li>Toiminto: Sis\u00e4lt\u00e4\u00e4 sis\u00e4iset komponentit, suojaa ulkoisilta vaurioilta ja varmistaa sujuvan toiminnan.<\/li>\n<\/ul>\n<p><strong>Tuloakseli<\/strong><\/p>\n<ul>\n<li>Materiaali: Eritt\u00e4in lujaa ter\u00e4st\u00e4.<\/li>\n<li>Toiminto: Siirt\u00e4\u00e4 py\u00f6rimisvoiman traktorin voimanottoakselilta vaihteiston sis\u00e4isille hammaspy\u00f6rille.<\/li>\n<\/ul>\n<p><strong>L\u00e4ht\u00f6akseli<\/strong><\/p>\n<ul>\n<li>Materiaali: Karkaistu ter\u00e4s.<\/li>\n<li>Toiminto: Siirt\u00e4\u00e4 voiman vaihteistosta paalaimen ty\u00f6mekanismeihin varmistaen tehokkaan energiansiirron esimerkiksi paalinmuodostuksessa.<\/li>\n<\/ul>\n<p><strong>Vaihteet<\/strong><\/p>\n<ul>\n<li>Materiaali: Seoster\u00e4s, k\u00e4sitelty kest\u00e4vyyden ja kulumisenkest\u00e4vyyden parantamiseksi.<\/li>\n<li>Toiminto: Sis\u00e4iset hammaspy\u00f6r\u00e4t (esim. kartio- tai lieri\u00f6hammaspy\u00f6r\u00e4t) helpottavat voiman ja v\u00e4\u00e4nt\u00f6momentin siirtoa mahdollistaen paalaimen osien oikeat py\u00f6rimisnopeudet.<\/li>\n<\/ul>\n<p><strong>Laakerit<\/strong><\/p>\n<ul>\n<li>Materiaali: Korkealaatuiset maatalouskoneisiin suunnitellut laakerit.<\/li>\n<li>Toiminto: Tukee akseleita ja hammaspy\u00f6ri\u00e4 varmistaen sujuvan toiminnan ja v\u00e4hent\u00e4en kitkaa pident\u00e4en k\u00e4ytt\u00f6ik\u00e4\u00e4.<\/li>\n<\/ul>\n<p>FMP2100-T3-py\u00f6r\u00f6paalaimen vaihteiston komponenttirakenne on huolellisesti suunniteltu k\u00e4sittelem\u00e4\u00e4n maataloustoiminnan haastavia olosuhteita ja samalla tarjoamaan tehokkaan voimansiirron optimaalisen paalaimen suorituskyvyn saavuttamiseksi.<\/p>\n<table style=\"width: 101.691%; height: 5px;\" width=\"136\">\n<tbody>\n<tr style=\"height: 23px;\">\n<td style=\"height: 23px; width: 49.5218%;\" width=\"72\"><img loading=\"lazy\" decoding=\"async\" class=\"alignnone size-full wp-image-2526\" src=\"https:\/\/fmp-components.com\/wp-content\/uploads\/2025\/01\/Round-Baler-Gearbox-EP2100-T3-Agricultural-Applications-2-980x6321-1.webp\" alt=\"Py\u00f6r\u00f6paalaimen vaihdelaatikko\" width=\"980\" height=\"632\" title=\"\" srcset=\"https:\/\/fmp-components.com\/wp-content\/uploads\/2025\/01\/Round-Baler-Gearbox-EP2100-T3-Agricultural-Applications-2-980x6321-1.webp 980w, https:\/\/fmp-components.com\/wp-content\/uploads\/2025\/01\/Round-Baler-Gearbox-EP2100-T3-Agricultural-Applications-2-980x6321-1-480x310.webp 480w\" sizes=\"(min-width: 0px) and (max-width: 480px) 480px, (min-width: 481px) 980px, 100vw\" \/><\/td>\n<td style=\"height: 23px; width: 49.8406%;\" width=\"64\"><img loading=\"lazy\" decoding=\"async\" class=\"alignnone size-full wp-image-2525\" src=\"https:\/\/fmp-components.com\/wp-content\/uploads\/2025\/01\/Round-Baler-Gearbox-EP2100-T3-Agricultural-Applications-1-980x6321-1.webp\" alt=\"Py\u00f6r\u00f6paalaimen-vaihteisto-EP2100-T3-Maataloussovellukset-1\" width=\"980\" height=\"632\" title=\"\" srcset=\"https:\/\/fmp-components.com\/wp-content\/uploads\/2025\/01\/Round-Baler-Gearbox-EP2100-T3-Agricultural-Applications-1-980x6321-1.webp 980w, https:\/\/fmp-components.com\/wp-content\/uploads\/2025\/01\/Round-Baler-Gearbox-EP2100-T3-Agricultural-Applications-1-980x6321-1-480x310.webp 480w\" sizes=\"(min-width: 0px) and (max-width: 480px) 480px, (min-width: 481px) 980px, 100vw\" \/><\/td>\n<\/tr>\n<\/tbody>\n<\/table>\n<h2>Py\u00f6r\u00f6paalaimen vaihteiston FMP2100-T3 k\u00e4yt\u00f6n edut<\/h2>\n<p>Py\u00f6r\u00f6paalaimen vaihteisto FMP2100-T3 tarjoaa useita etuja, jotka tekev\u00e4t siit\u00e4 ihanteellisen valinnan maatalousk\u00e4ytt\u00f6\u00f6n, erityisesti py\u00f6r\u00f6paalainten tehokkaaseen k\u00e4ytt\u00f6\u00f6n. Alla on lueteltu t\u00e4rkeimm\u00e4t edut:<\/p>\n<p><strong>Korkea kest\u00e4vyys ja luotettavuus<\/strong><\/p>\n<ul>\n<li>Hy\u00f6ty: Kest\u00e4v\u00e4 rakenne ja korkealaatuiset materiaalit, kuten seoster\u00e4s ja valurauta, varmistavat, ett\u00e4 vaihteisto kest\u00e4\u00e4 ankaria maatalousolosuhteita, mik\u00e4 v\u00e4hent\u00e4\u00e4 kulumisen ja vikaantumisen todenn\u00e4k\u00f6isyytt\u00e4.<\/li>\n<li>Etu: T\u00e4m\u00e4 parantaa vaihteiston k\u00e4ytt\u00f6ik\u00e4\u00e4 ja mahdollistaa jatkuvan k\u00e4yt\u00f6n ilman usein tapahtuvia vaihtoja tai korjauksia.<\/li>\n<\/ul>\n<p><strong>Tehokas voimansiirto<\/strong><\/p>\n<ul>\n<li>Etu: Hyvin suunnitellut vaihteet ja eritt\u00e4in lujat akselit varmistavat tehokkaan voimansiirron traktorin voimanottoakselilta paalaimelle.<\/li>\n<li>Etu: T\u00e4m\u00e4 johtaa tasaiseen ja tasaiseen paalinmuodostukseen, mik\u00e4 v\u00e4hent\u00e4\u00e4 laitteiden k\u00e4ytt\u00f6rasitusta ja parantaa kokonaistuottavuutta.<\/li>\n<\/ul>\n<p><strong>Kompakti ja tilaa s\u00e4\u00e4st\u00e4v\u00e4 muotoilu<\/strong><\/p>\n<ul>\n<li>Etu: FMP2100-T3-vaihteiston kompakti rakenne mahdollistaa helpon integroinnin py\u00f6r\u00f6paalaimeen viem\u00e4tt\u00e4 liikaa tilaa.<\/li>\n<li>Etu: Se varmistaa virtaviivaisen ja tehokkaan kokoonpanon, mik\u00e4 on ratkaisevan t\u00e4rke\u00e4\u00e4 maatalouskoneiden kokonaiskoon pienent\u00e4miseksi ja ohjattavuuden parantamiseksi.<\/li>\n<\/ul>\n<p><strong>Helppo huolto<\/strong><\/p>\n<ul>\n<li>Etu: Vaihteisto on suunniteltu k\u00e4ytt\u00e4j\u00e4yst\u00e4v\u00e4llisell\u00e4 voiteluj\u00e4rjestelm\u00e4ll\u00e4, tiivisteill\u00e4 ja helposti saatavilla olevilla osilla helppoa huoltoa varten.<\/li>\n<li>Etu: T\u00e4m\u00e4 yksinkertaistaa rutiinihuoltoteht\u00e4vi\u00e4, v\u00e4hent\u00e4\u00e4 seisokkiaikoja ja alentaa omistuskustannuksia.<\/li>\n<\/ul>\n<p><strong>Optimaalinen suorituskyky raskaissa kuormissa<\/strong><\/p>\n<ul>\n<li>Hy\u00f6ty: FMP2100-T3 on rakennettu toimimaan tehokkaasti raskaiden kuormien alla, ja se tarjoaa suuren v\u00e4\u00e4nt\u00f6momentin ja minimaalisen tehoh\u00e4vi\u00f6n.<\/li>\n<li>Etu: T\u00e4m\u00e4 tekee siit\u00e4 ihanteellisen ratkaisun suurten materiaalim\u00e4\u00e4rien, kuten hein\u00e4n ja oljen, k\u00e4sittelyyn, ja se tarjoaa korkean suorituskyvyn my\u00f6s haastavissa olosuhteissa.<\/li>\n<\/ul>\n<p>FMP2100-T3-py\u00f6r\u00f6paalaimen vaihteisto tarjoaa yhdistelm\u00e4n luotettavuutta, tehokkuutta ja helppok\u00e4ytt\u00f6isyytt\u00e4, mik\u00e4 tekee siit\u00e4 erinomaisen valinnan maatalouden py\u00f6r\u00f6paalainten suorituskyvyn parantamiseen.<\/p>\n<table style=\"width: 98.0248%; height: 103px;\" width=\"136\">\n<tbody>\n<tr style=\"height: 45px;\">\n<td style=\"height: 45px; width: 49.7243%;\" width=\"72\"><img loading=\"lazy\" decoding=\"async\" class=\"alignnone size-full wp-image-2531\" src=\"https:\/\/fmp-components.com\/wp-content\/uploads\/2025\/01\/Round-Baler-Gearbox-EP2100-T3-Agricultural-Applications-3.webp\" alt=\"Py\u00f6r\u00f6paalaimen-vaihteisto-FMP2100-T3-Maataloussovellukset-3\" width=\"980\" height=\"632\" title=\"\" srcset=\"https:\/\/fmp-components.com\/wp-content\/uploads\/2025\/01\/Round-Baler-Gearbox-EP2100-T3-Agricultural-Applications-3.webp 980w, https:\/\/fmp-components.com\/wp-content\/uploads\/2025\/01\/Round-Baler-Gearbox-EP2100-T3-Agricultural-Applications-3-480x310.webp 480w\" sizes=\"(min-width: 0px) and (max-width: 480px) 480px, (min-width: 481px) 980px, 100vw\" \/><\/td>\n<td style=\"height: 45px; width: 49.6141%;\" width=\"64\"><img loading=\"lazy\" decoding=\"async\" class=\"alignnone size-full wp-image-2527\" src=\"https:\/\/fmp-components.com\/wp-content\/uploads\/2025\/01\/Round-Baler-Gearbox-EP2100-T3-Agricultural-Applications-4-980x6321-1.webp\" alt=\"Py\u00f6r\u00f6paalaimen vaihdelaatikko\" width=\"980\" height=\"632\" title=\"\" srcset=\"https:\/\/fmp-components.com\/wp-content\/uploads\/2025\/01\/Round-Baler-Gearbox-EP2100-T3-Agricultural-Applications-4-980x6321-1.webp 980w, https:\/\/fmp-components.com\/wp-content\/uploads\/2025\/01\/Round-Baler-Gearbox-EP2100-T3-Agricultural-Applications-4-980x6321-1-480x310.webp 480w\" sizes=\"(min-width: 0px) and (max-width: 480px) 480px, (min-width: 481px) 980px, 100vw\" \/><\/td>\n<\/tr>\n<\/tbody>\n<\/table>\n<h2>Py\u00f6r\u00f6paalaimen vaihteisto FMP2100-T3 Maataloussovellukset<\/h2>\n<p>Py\u00f6r\u00f6paalaimen vaihteisto FMP2100-T3 on suunniteltu erityisesti maatalouskoneisiin, ja siin\u00e4 keskityt\u00e4\u00e4n py\u00f6r\u00f6paalainten toiminnan optimointiin. Seuraavassa on lueteltu t\u00e4m\u00e4n vaihteiston t\u00e4rkeimm\u00e4t k\u00e4ytt\u00f6kohteet maataloudessa:<\/p>\n<p><strong>Py\u00f6r\u00f6paalaukset<\/strong><\/p>\n<ul>\n<li>K\u00e4ytt\u00f6: FMP2100-T3-vaihteistoa k\u00e4ytet\u00e4\u00e4n p\u00e4\u00e4asiassa py\u00f6r\u00f6paalaimissa, jotka ovat keskeisi\u00e4 laitteita maatalousk\u00e4yt\u00f6ss\u00e4, jossa korjataan esimerkiksi hein\u00e4\u00e4, olkea ja s\u00e4il\u00f6rehua.<\/li>\n<li>Hy\u00f6ty: Se varmistaa tasaisten py\u00f6reiden paalien tehokkaan muodostumisen, mik\u00e4 parantaa tuottavuutta ja mahdollistaa viljelij\u00f6ille satomateriaalin nopean ja tehokkaan ker\u00e4\u00e4misen ja varastoinnin my\u00f6hemp\u00e4\u00e4 k\u00e4ytt\u00f6\u00e4 tai myynti\u00e4 varten.<\/li>\n<\/ul>\n<p><strong>Hein\u00e4n ja rehun korjuu<\/strong><\/p>\n<ul>\n<li>K\u00e4ytt\u00f6: Vaihteisto sopii erinomaisesti hein\u00e4n- ja rehunkorjuukoneiden k\u00e4ytt\u00f6\u00f6n, joissa voimanottoakselilla toimiva py\u00f6r\u00f6paalain puristaa leikatun ruohon paaleiksi varastointia tai kuljetusta varten.<\/li>\n<li>Hy\u00f6ty: Vaihteisto siirt\u00e4\u00e4 voimaa tehokkaasti vaihtelevien sato-olosuhteiden mukaisesti varmistaen kuivan hein\u00e4n, s\u00e4il\u00f6rehun ja muiden rehumateriaalien tehokkaan k\u00e4sittelyn.<\/li>\n<\/ul>\n<p><strong>S\u00e4il\u00f6rehun tuotanto<\/strong><\/p>\n<ul>\n<li>K\u00e4ytt\u00f6: S\u00e4il\u00f6rehun tuotannossa vaihteistolla on ratkaiseva rooli py\u00f6r\u00f6paalaimien k\u00e4yt\u00f6ss\u00e4, joita k\u00e4ytet\u00e4\u00e4n s\u00e4il\u00f6rehun tiivist\u00e4miseen ja varastointiin.<\/li>\n<li>Hy\u00f6ty: S\u00e4il\u00f6rehupaalit ovat v\u00e4ltt\u00e4m\u00e4tt\u00f6mi\u00e4 el\u00e4inten rehuksi, erityisesti alueilla, joilla laidunkausi on lyhyt, ja vaihteisto varmistaa paalauksen luotettavan ja tehokkaan toiminnan my\u00f6s m\u00e4rill\u00e4 ja tiheill\u00e4 materiaaleilla.<\/li>\n<\/ul>\n<p><strong>Olkikokoelma<\/strong><\/p>\n<ul>\n<li>K\u00e4ytt\u00f6: Sadonkorjuun j\u00e4lkeisiss\u00e4 toimissa FMP2100-T3-vaihteistoa k\u00e4ytet\u00e4\u00e4n oljen ker\u00e4\u00e4miseen vilja- ja viljapelloilla.<\/li>\n<li>Hy\u00f6ty: Vaihteisto mahdollistaa olkien tehokkaan tiivist\u00e4misen paaleiksi, joita voidaan k\u00e4ytt\u00e4\u00e4 kuivikkeena, el\u00e4inten rehuna tai biopolttoaineena, mik\u00e4 parantaa korjatun sadon arvoa.<\/li>\n<\/ul>\n<p><strong>Sekasadon korjuu<\/strong><\/p>\n<ul>\n<li>K\u00e4ytt\u00f6: Vaihteisto on monipuolinen ja sit\u00e4 voidaan k\u00e4ytt\u00e4\u00e4 sekaviljelmien korjuussa, jossa erityyppist\u00e4 materiaalia (ruohoa, hein\u00e4\u00e4, olkea jne.) paalataan samalla py\u00f6r\u00f6paalaimella.<\/li>\n<li>Hy\u00f6ty: FMP2100-T3 varmistaa yhteensopivuuden useiden eri viljelykasvien kanssa, joten se on ihanteellinen valinta viljelij\u00f6ille, jotka hoitavat monipuolisia maataloustoimia ja tarvitsevat mukautuvia laitteita.<\/li>\n<\/ul>\n<p>FMP2100-T3-py\u00f6r\u00f6paalaimen vaihteisto on eritt\u00e4in monipuolinen ja luotettava komponentti monenlaisiin maataloussovelluksiin, erityisesti rehun, s\u00e4il\u00f6rehun, oljen ja biomassan tuotannossa. Sen tehokkuus ja kest\u00e4vyys varmistavat, ett\u00e4 py\u00f6r\u00f6paalaimet toimivat sujuvasti, parantaen tuottavuutta ja optimoiden sadon varastoinnin erilaisiin maatalouden tarpeisiin.<\/p>\n<p><img loading=\"lazy\" decoding=\"async\" class=\"alignnone size-full wp-image-2528\" src=\"https:\/\/fmp-components.com\/wp-content\/uploads\/2025\/01\/Using-the-Round-Baler-Gearbox-EP2100-T3-Advantages1-scaled.webp\" alt=\"Py\u00f6r\u00f6paalaimen vaihteisto-FMP2100-T3\" width=\"2560\" height=\"1421\" title=\"\" srcset=\"https:\/\/fmp-components.com\/wp-content\/uploads\/2025\/01\/Using-the-Round-Baler-Gearbox-EP2100-T3-Advantages1-scaled.webp 2560w, https:\/\/fmp-components.com\/wp-content\/uploads\/2025\/01\/Using-the-Round-Baler-Gearbox-EP2100-T3-Advantages1-1280x711.webp 1280w, https:\/\/fmp-components.com\/wp-content\/uploads\/2025\/01\/Using-the-Round-Baler-Gearbox-EP2100-T3-Advantages1-980x544.webp 980w, https:\/\/fmp-components.com\/wp-content\/uploads\/2025\/01\/Using-the-Round-Baler-Gearbox-EP2100-T3-Advantages1-480x266.webp 480w\" sizes=\"(min-width: 0px) and (max-width: 480px) 480px, (min-width: 481px) and (max-width: 980px) 980px, (min-width: 981px) and (max-width: 1280px) 1280px, (min-width: 1281px) 2560px, 100vw\" \/><\/p>\n<h3>Tietoja FMP:st\u00e4<\/h3>\n<p>Italiassa p\u00e4\u00e4konttoriaan pit\u00e4v\u00e4 FMP on johtava valmistaja, joka tunnetaan asiantuntemuksestaan \u200b\u200btehokkaiden vaihteistojen suunnittelussa, kehitt\u00e4misess\u00e4 ja tuotannossa, keskittyen erityisesti maatalouskonesektoriin. Tarkkuuden, innovatiivisten ratkaisujen ja horjumattoman luotettavuuden ansiosta FMP:st\u00e4 on tullut luotettava kumppani sek\u00e4 maatalous- ett\u00e4 teollisuussektorin kehittyviin tarpeisiin. Monipuolinen tuotevalikoimamme sis\u00e4lt\u00e4\u00e4 ruohonleikkureiden, nivelakseleiden ja muiden t\u00e4rkeiden komponenttien erikoisvaihteistoja, jotka kaikki on huolellisesti suunniteltu tarjoamaan r\u00e4\u00e4t\u00e4l\u00f6ityj\u00e4 ratkaisuja laajaan k\u00e4ytt\u00f6tarkoitukseen.<\/p>\n<p>FMP:ll\u00e4 ymm\u00e4rr\u00e4mme, ett\u00e4 jokaisella asiakkaalla on ainutlaatuiset vaatimukset ja haasteet. Siksi olemme erikoistuneet r\u00e4\u00e4t\u00e4l\u00f6ityjen ratkaisujen tarjoamiseen, olipa kyse sitten yksitt\u00e4isist\u00e4 komponenteista tai t\u00e4ysin integroiduista j\u00e4rjestelmist\u00e4. Teemme tiivist\u00e4 yhteisty\u00f6t\u00e4 asiakkaidemme kanssa varmistaaksemme, ett\u00e4 jokainen ratkaisu on paitsi tehokas my\u00f6s tuloksellinen, optimoiden sek\u00e4 suorituskyvyn ett\u00e4 arvon. Sitoutumisemme tarjoamaan nopeita ja ammattimaisia \u200b\u200bvastauksia sek\u00e4 asiantuntevaa ohjausta varmistaa, ett\u00e4 jokaista tiedustelua k\u00e4sitell\u00e4\u00e4n \u00e4\u00e4rimm\u00e4isen huolellisesti ja tarkasti, mik\u00e4 johtaa parhaisiin mahdollisiin tuloksiin.<\/p>\n<p>Priorisoimme avointa ja jatkuvaa viestint\u00e4\u00e4 koko tuotekehitysprosessin ajan. Omistautunut tiimimme ty\u00f6skentelee suoraan asiakkaiden kanssa ymm\u00e4rt\u00e4\u00e4kseen t\u00e4ysin heid\u00e4n erityistarpeensa ja tarjoaa arvokkaita n\u00e4kemyksi\u00e4 ja suosituksia optimaalisten ratkaisujen varmistamiseksi. Olipa kyse innovatiivisten tuotteiden suunnittelusta tai jatkuvien tilausten t\u00e4ytt\u00e4misest\u00e4, FMP on sitoutunut toimittamaan korkealaatuisia ja tarkasti suunniteltuja ratkaisuja ajallaan, joka kerta. Tavoitteenamme on tarjota asiakkaille parasta mahdollista palvelua ja tuloksia, jotka ylitt\u00e4v\u00e4t odotukset jokaisessa projektissa.<\/p>\n<p>Laatu on FMP:n toiminnan kulmakivi. Noudatamme korkeimpia valmistusstandardeja ja toteutamme tiukkoja laadunvalvontatoimenpiteit\u00e4 varmistaaksemme, ett\u00e4 jokainen tuote ei ainoastaan \u200b\u200b\u200b\u200bt\u00e4ytt\u00e4\u00e4 alan standardeja, vaan my\u00f6s ylitt\u00e4\u00e4 ne. T\u00e4m\u00e4 horjumaton sitoutuminen laatuun yhdistettyn\u00e4 ydinarvoihimme, kuten rehellisyyteen, tiimity\u00f6h\u00f6n ja sinnikkyyteen, on mahdollistanut pitk\u00e4aikaisten ja luottamukseen perustuvien asiakassuhteiden rakentamisen l\u00e4hes 30 maassa maailmanlaajuisesti.<\/p>\n<p>FMP on aina avoin globaalien kumppanuuksien edist\u00e4miselle ja on edelleen sitoutunut tarjoamaan asiantuntevaa neuvontaa ja r\u00e4\u00e4t\u00e4l\u00f6ityj\u00e4 ratkaisuja, jotka vastaavat asiakkaidemme monimuotoisiin tarpeisiin. Emme tyydy pelk\u00e4st\u00e4\u00e4n tuotteiden toimittamiseen; pyrimme rakentamaan kest\u00e4vi\u00e4 suhteita, jotka edist\u00e4v\u00e4t jokaisen projektin onnistumista. Tarvitsetpa sitten innovatiivisia ratkaisuja uuteen aloitteeseen tai jatkuvaa tukea olemassa olevalle j\u00e4rjestelm\u00e4lle, FMP on t\u00e4\u00e4ll\u00e4 ratkaisemassa tekniset haasteesi ja varmistamassa jatkuvan menestyksesi.<\/p>\n<p><img loading=\"lazy\" decoding=\"async\" class=\"alignnone size-full wp-image-1861\" src=\"https:\/\/fmp-components.com\/wp-content\/uploads\/2024\/12\/Other-Agricultural-Gearboxes.webp\" sizes=\"(min-width: 0px) and (max-width: 480px) 480px, (min-width: 481px) and (max-width: 980px) 980px, (min-width: 981px) 1200px, 100vw\" srcset=\"https:\/\/fmp-components.com\/wp-content\/uploads\/2024\/12\/Other-Agricultural-Gearboxes.webp 1200w, https:\/\/fmp-components.com\/wp-content\/uploads\/2024\/12\/Other-Agricultural-Gearboxes-980x1143.webp 980w, https:\/\/fmp-components.com\/wp-content\/uploads\/2024\/12\/Other-Agricultural-Gearboxes-480x560.webp 480w\" alt=\"Altri-cambi-agricoli\" width=\"1200\" height=\"1400\" title=\"\"><\/p>\n<p>Tekij\u00e4: CX<\/p>","protected":false},"excerpt":{"rendered":"<p>Round Baler Gearbox FMP2100-T3 Technical Data i Suitable Rpm input Rpm output KW(Nom) Output torque Toothing r\/min r\/min hp N.m Decelerate 2.1 :1 Round baler, harvester, etc 540 257 80 100 Gleason Helical Teeth Remark: If you have any special require feel free let me know, we also accept custom. Round Baler Gearbox FMP2100-T3 Component [&hellip;]<\/p>","protected":false},"featured_media":2524,"comment_status":"open","ping_status":"closed","template":"","meta":{"_et_pb_use_builder":"","_et_pb_old_content":"","_et_gb_content_width":""},"product_brand":[],"product_cat":[59],"product_tag":[],"class_list":{"0":"post-2523","1":"product","2":"type-product","3":"status-publish","4":"has-post-thumbnail","6":"product_cat-round-baler-gearbox","8":"first","9":"instock","10":"shipping-taxable","11":"product-type-simple"},"_links":{"self":[{"href":"https:\/\/fmp-components.com\/fi\/wp-json\/wp\/v2\/product\/2523","targetHints":{"allow":["GET"]}}],"collection":[{"href":"https:\/\/fmp-components.com\/fi\/wp-json\/wp\/v2\/product"}],"about":[{"href":"https:\/\/fmp-components.com\/fi\/wp-json\/wp\/v2\/types\/product"}],"replies":[{"embeddable":true,"href":"https:\/\/fmp-components.com\/fi\/wp-json\/wp\/v2\/comments?post=2523"}],"wp:featuredmedia":[{"embeddable":true,"href":"https:\/\/fmp-components.com\/fi\/wp-json\/wp\/v2\/media\/2524"}],"wp:attachment":[{"href":"https:\/\/fmp-components.com\/fi\/wp-json\/wp\/v2\/media?parent=2523"}],"wp:term":[{"taxonomy":"product_brand","embeddable":true,"href":"https:\/\/fmp-components.com\/fi\/wp-json\/wp\/v2\/product_brand?post=2523"},{"taxonomy":"product_cat","embeddable":true,"href":"https:\/\/fmp-components.com\/fi\/wp-json\/wp\/v2\/product_cat?post=2523"},{"taxonomy":"product_tag","embeddable":true,"href":"https:\/\/fmp-components.com\/fi\/wp-json\/wp\/v2\/product_tag?post=2523"}],"curies":[{"name":"wp","href":"https:\/\/api.w.org\/{rel}","templated":true}]}}