{"id":2515,"date":"2025-01-02T03:12:18","date_gmt":"2025-01-02T03:12:18","guid":{"rendered":"https:\/\/fmp-components.com\/?page_id=8"},"modified":"2025-01-02T03:14:23","modified_gmt":"2025-01-02T03:14:23","slug":"round-baler-gearbox-fmp246-for-round-baler-and-harvester","status":"publish","type":"product","link":"https:\/\/fmp-components.com\/fi\/product\/round-baler-gearbox-fmp246-for-round-baler-and-harvester\/","title":{"rendered":"Py\u00f6r\u00f6paalaimen vaihteisto FMP246 py\u00f6r\u00f6paalaimelle ja puimurille"},"content":{"rendered":"<p><img loading=\"lazy\" decoding=\"async\" class=\"size-full wp-image-2521 aligncenter\" src=\"https:\/\/fmp-components.com\/wp-content\/uploads\/2025\/01\/Round-Baler-Gearbox-EP246.webp\" alt=\"Py\u00f6r\u00f6paalaimen vaihteisto-FMP246\" width=\"600\" height=\"600\" title=\"\" srcset=\"https:\/\/fmp-components.com\/wp-content\/uploads\/2025\/01\/Round-Baler-Gearbox-EP246.webp 600w, https:\/\/fmp-components.com\/wp-content\/uploads\/2025\/01\/Round-Baler-Gearbox-EP246-480x480.webp 480w\" sizes=\"(min-width: 0px) and (max-width: 480px) 480px, (min-width: 481px) 600px, 100vw\" \/><\/p>\n<h2>Py\u00f6r\u00f6paalaimen vaihdelaatikko EP246 Kaksoisl\u00e4ht\u00f6mitat<\/h2>\n<p><img loading=\"lazy\" decoding=\"async\" class=\"alignnone size-full wp-image-2519\" src=\"https:\/\/fmp-components.com\/wp-content\/uploads\/2025\/01\/Round-Baler-Gearbox-EP246-Double-Output-Dimensions.webp\" alt=\"Py\u00f6r\u00f6paalaimen-vaihteisto-EP246-kaksoisl\u00e4ht\u00f6-mitat\" width=\"1662\" height=\"834\" title=\"\" srcset=\"https:\/\/fmp-components.com\/wp-content\/uploads\/2025\/01\/Round-Baler-Gearbox-EP246-Double-Output-Dimensions.webp 1662w, https:\/\/fmp-components.com\/wp-content\/uploads\/2025\/01\/Round-Baler-Gearbox-EP246-Double-Output-Dimensions-1280x642.webp 1280w, https:\/\/fmp-components.com\/wp-content\/uploads\/2025\/01\/Round-Baler-Gearbox-EP246-Double-Output-Dimensions-980x492.webp 980w, https:\/\/fmp-components.com\/wp-content\/uploads\/2025\/01\/Round-Baler-Gearbox-EP246-Double-Output-Dimensions-480x241.webp 480w\" sizes=\"(min-width: 0px) and (max-width: 480px) 480px, (min-width: 481px) and (max-width: 980px) 980px, (min-width: 981px) and (max-width: 1280px) 1280px, (min-width: 1281px) 1662px, 100vw\" \/><\/p>\n<h2>Py\u00f6r\u00f6paalaimen vaihteisto FMP246 Yksitt\u00e4isen ulostulon mitat<\/h2>\n<p><img loading=\"lazy\" decoding=\"async\" class=\"alignnone size-full wp-image-2518\" src=\"https:\/\/fmp-components.com\/wp-content\/uploads\/2025\/01\/Round-Baler-Gearbox-EP246-Single-Output-Dimensions.webp\" alt=\"Py\u00f6r\u00f6paalaimen vaihteisto EP246-yksiulotteisen vaihteiston mitat\" width=\"1425\" height=\"695\" title=\"\" srcset=\"https:\/\/fmp-components.com\/wp-content\/uploads\/2025\/01\/Round-Baler-Gearbox-EP246-Single-Output-Dimensions.webp 1425w, https:\/\/fmp-components.com\/wp-content\/uploads\/2025\/01\/Round-Baler-Gearbox-EP246-Single-Output-Dimensions-1280x624.webp 1280w, https:\/\/fmp-components.com\/wp-content\/uploads\/2025\/01\/Round-Baler-Gearbox-EP246-Single-Output-Dimensions-980x478.webp 980w, https:\/\/fmp-components.com\/wp-content\/uploads\/2025\/01\/Round-Baler-Gearbox-EP246-Single-Output-Dimensions-480x234.webp 480w\" sizes=\"(min-width: 0px) and (max-width: 480px) 480px, (min-width: 481px) and (max-width: 980px) 980px, (min-width: 981px) and (max-width: 1280px) 1280px, (min-width: 1281px) 1425px, 100vw\" \/><\/p>\n<h2>Py\u00f6r\u00f6paalaimen vaihteiston FMP246 tekniset tiedot<\/h2>\n<table style=\"width: 98.4538%; height: 211px;\" border=\"1\" cellspacing=\"0\" cellpadding=\"0\">\n<tbody>\n<tr style=\"height: 47px;\">\n<td style=\"height: 70px;\" colspan=\"2\" rowspan=\"2\">min\u00e4<\/td>\n<td style=\"height: 70px;\" rowspan=\"2\">Sopii<\/td>\n<td style=\"height: 47px;\">Kierroslukutulo<\/td>\n<td style=\"height: 47px;\">Kierrosluku<\/td>\n<td style=\"height: 47px;\">kW (nim.)<\/td>\n<td style=\"height: 47px;\">L\u00e4ht\u00f6momentti<\/td>\n<td style=\"height: 70px;\" rowspan=\"2\">Hammastus<\/td>\n<\/tr>\n<tr style=\"height: 23px;\">\n<td style=\"height: 23px;\">kierrosta minuutissa<\/td>\n<td style=\"height: 23px;\">kierrosta minuutissa<\/td>\n<td style=\"height: 23px;\">hv<\/td>\n<td style=\"height: 23px;\">Nm<\/td>\n<\/tr>\n<tr style=\"height: 71px;\">\n<td style=\"height: 71px;\">Hidasta<\/td>\n<td style=\"height: 71px;\">1.92:1<\/td>\n<td style=\"height: 71px;\">Py\u00f6r\u00f6paalain, leikkuupuimuri jne.<\/td>\n<td style=\"height: 71px;\">540<\/td>\n<td style=\"height: 71px;\">282<\/td>\n<td style=\"height: 71px;\">100<\/td>\n<td style=\"height: 71px;\">2000<\/td>\n<td style=\"height: 71px;\">Gleason Helical<br \/>\nHampaat<\/td>\n<\/tr>\n<tr style=\"height: 23px;\">\n<td style=\"height: 23px;\" colspan=\"8\">Huomautus: Jos sinulla on erityisvaatimuksia, kerro siit\u00e4 minulle, hyv\u00e4ksymme my\u00f6s mittatilausty\u00f6n\u00e4 tehdyt tarjoukset.<\/td>\n<\/tr>\n<\/tbody>\n<\/table>\n<h2>Py\u00f6r\u00f6paalaimen vaihteiston FMP246 akselin mitat<\/h2>\n<p><img loading=\"lazy\" decoding=\"async\" class=\"alignnone size-full wp-image-2517\" src=\"https:\/\/fmp-components.com\/wp-content\/uploads\/2025\/01\/Round-Baler-Gearbox-EP246-Shaft-Dimensions.webp\" alt=\"Py\u00f6r\u00f6paalaimen vaihdelaatikko EP246, akselin mitat\" width=\"1573\" height=\"474\" title=\"\" srcset=\"https:\/\/fmp-components.com\/wp-content\/uploads\/2025\/01\/Round-Baler-Gearbox-EP246-Shaft-Dimensions.webp 1573w, https:\/\/fmp-components.com\/wp-content\/uploads\/2025\/01\/Round-Baler-Gearbox-EP246-Shaft-Dimensions-1280x386.webp 1280w, https:\/\/fmp-components.com\/wp-content\/uploads\/2025\/01\/Round-Baler-Gearbox-EP246-Shaft-Dimensions-980x295.webp 980w, https:\/\/fmp-components.com\/wp-content\/uploads\/2025\/01\/Round-Baler-Gearbox-EP246-Shaft-Dimensions-480x145.webp 480w\" sizes=\"(min-width: 0px) and (max-width: 480px) 480px, (min-width: 481px) and (max-width: 980px) 980px, (min-width: 981px) and (max-width: 1280px) 1280px, (min-width: 1281px) 1573px, 100vw\" \/><\/p>\n<h2>Py\u00f6r\u00f6paalaimen vaihteiston FMP246 jatkoputken mitat<\/h2>\n<p><img loading=\"lazy\" decoding=\"async\" class=\"alignnone size-full wp-image-2516\" src=\"https:\/\/fmp-components.com\/wp-content\/uploads\/2025\/01\/Round-Baler-Gearbox-EP246-Extension-Pipe-Dimensions.webp\" alt=\"Py\u00f6r\u00f6paalaimen vaihteisto EP246, jatkoputken mitat\" width=\"1554\" height=\"820\" title=\"\" srcset=\"https:\/\/fmp-components.com\/wp-content\/uploads\/2025\/01\/Round-Baler-Gearbox-EP246-Extension-Pipe-Dimensions.webp 1554w, https:\/\/fmp-components.com\/wp-content\/uploads\/2025\/01\/Round-Baler-Gearbox-EP246-Extension-Pipe-Dimensions-1280x675.webp 1280w, https:\/\/fmp-components.com\/wp-content\/uploads\/2025\/01\/Round-Baler-Gearbox-EP246-Extension-Pipe-Dimensions-980x517.webp 980w, https:\/\/fmp-components.com\/wp-content\/uploads\/2025\/01\/Round-Baler-Gearbox-EP246-Extension-Pipe-Dimensions-480x253.webp 480w\" sizes=\"(min-width: 0px) and (max-width: 480px) 480px, (min-width: 481px) and (max-width: 980px) 980px, (min-width: 981px) and (max-width: 1280px) 1280px, (min-width: 1281px) 1554px, 100vw\" \/><\/p>\n<h3>Py\u00f6r\u00f6paalaimen vaihteisto FMP246 komponenttirakenne<\/h3>\n<p>Py\u00f6r\u00f6paalaimen vaihteisto FMP246 on kest\u00e4v\u00e4, tarkasti suunniteltu komponentti, joka on suunniteltu erityisesti py\u00f6r\u00f6paalaimille. Sill\u00e4 on ratkaiseva rooli maatalouskoneiden tehokkaassa toiminnassa varmistamalla asianmukaisen voimansiirron, nopeuden alentamisen ja mekaanisen synkronoinnin. Alla on yksityiskohtainen erittely FMP246-py\u00f6r\u00f6paalaimen vaihteiston komponenttirakenteesta:<\/p>\n<p><strong>Asuminen<\/strong><\/p>\n<ul>\n<li>Materiaali ja toiminta: Kotelo on tyypillisesti valmistettu eritt\u00e4in lujasta valuraudasta tai ter\u00e4ksest\u00e4, mik\u00e4 tarjoaa kest\u00e4vyytt\u00e4 ja suojaa sis\u00e4isi\u00e4 komponentteja ulkoisilta iskuilta, p\u00f6lylt\u00e4 ja kosteudelta.<\/li>\n<li>Tarkoitus: Se sis\u00e4lt\u00e4\u00e4 kaikki sis\u00e4iset hammaspy\u00f6r\u00e4t, akselit ja laakerit varmistaen samalla, ett\u00e4 vaihteisto kest\u00e4\u00e4 ankaria kentt\u00e4olosuhteita ja mekaanisia rasituksia.<\/li>\n<li>Hy\u00f6ty: Varmistaa vaihteiston pitk\u00e4aikaisen vakauden ja suojaa sen sis\u00e4ll\u00e4 olevia tarkkuuskomponentteja.<\/li>\n<\/ul>\n<p><strong>Tuloakseli<\/strong><\/p>\n<ul>\n<li>Materiaali ja toiminta: Tuloakseli on yleens\u00e4 valmistettu korkealaatuisesta ter\u00e4ksest\u00e4 ja se kytket\u00e4\u00e4n suoraan traktorin voimanottoj\u00e4rjestelm\u00e4\u00e4n.<\/li>\n<li>Tarkoitus: Vastaa py\u00f6rimisliikkeen ja v\u00e4\u00e4nt\u00f6momentin vastaanottamisesta traktorista ja niiden siirt\u00e4misest\u00e4 vaihteistoj\u00e4rjestelm\u00e4\u00e4n.<\/li>\n<li>Hy\u00f6ty: Varmistaa, ett\u00e4 teho siirtyy tehokkaasti traktorista vaihteistoon ja h\u00e4vikki on mahdollisimman pieni.<\/li>\n<\/ul>\n<p><strong>L\u00e4ht\u00f6akseli<\/strong><\/p>\n<ul>\n<li>Materiaali ja toiminta: Samoin kuin tuloakseli, my\u00f6s l\u00e4ht\u00f6akseli on valmistettu eritt\u00e4in lujasta ter\u00e4ksest\u00e4 kest\u00e4m\u00e4\u00e4n vaihteiston mekaanisen kuormituksen.<\/li>\n<li>Tarkoitus: Se siirt\u00e4\u00e4 voiman vaihteistosta py\u00f6r\u00f6paalaimen sis\u00e4isiin mekanismeihin, kuten teloihin, puristusj\u00e4rjestelm\u00e4\u00e4n ja sidontamekanismiin.<\/li>\n<li>Hy\u00f6ty: Tarjoaa tasaisen ja tasaisen tehon tehokkaan paalauksen varmistamiseksi.<\/li>\n<\/ul>\n<p><strong>Planeettavaihteistoj\u00e4rjestelm\u00e4<\/strong><\/p>\n<ul>\n<li>Materiaali ja toiminta: Planeettapy\u00f6r\u00e4st\u00f6 on karkaistusta ter\u00e4ksest\u00e4 tai seosmateriaaleista valmistettu hammaspy\u00f6r\u00e4sarja, johon kuuluvat aurinkopy\u00f6r\u00e4, planeettapy\u00f6r\u00e4t ja keh\u00e4py\u00f6r\u00e4.<\/li>\n<li>Tarkoitus: T\u00e4m\u00e4 vaihteistoj\u00e4rjestelm\u00e4 moninkertaistaa v\u00e4\u00e4nt\u00f6momentin ja v\u00e4hent\u00e4\u00e4 nopeutta muuttamalla voimanottoakselin suuren py\u00f6rimisnopeuden paalaimen optimaaliseksi py\u00f6rimisnopeudeksi.<\/li>\n<li>Hy\u00f6ty: Varmistaa tehokkaan toiminnan tarjoamalla tarvittavan v\u00e4\u00e4nt\u00f6momentin raskaiden paalausteht\u00e4vien k\u00e4sittelyyn ja samalla yll\u00e4pit\u00e4\u00e4 toiminnan tehokkuutta.<\/li>\n<\/ul>\n<p><strong>Laakerit ja tiivisteet<\/strong><\/p>\n<ul>\n<li>Materiaali ja toiminta: Laakerit on tyypillisesti valmistettu korkealaatuisesta ter\u00e4ksest\u00e4 tai keraamisesta materiaalista, kun taas tiivisteet on valmistettu kest\u00e4v\u00e4st\u00e4 kumista tai synteettisist\u00e4 materiaaleista.<\/li>\n<li>Tarkoitus: Laakerit tukevat py\u00f6rivi\u00e4 akseleita ja hammaspy\u00f6ri\u00e4, v\u00e4hent\u00e4en kitkaa ja varmistaen tasaisen py\u00f6rimisen. Tiivisteet est\u00e4v\u00e4t lian, kosteuden ja ep\u00e4puhtauksien p\u00e4\u00e4syn vaihteistoon, mik\u00e4 yll\u00e4pit\u00e4\u00e4 sen sis\u00e4ist\u00e4 puhtautta ja suorituskyky\u00e4.<\/li>\n<li>Hy\u00f6ty: V\u00e4hent\u00e4\u00e4 kulumista, varmistaa pitk\u00e4n k\u00e4ytt\u00f6i\u00e4n ja parantaa vaihteiston tehokkuutta minimoimalla kitkaa ja est\u00e4m\u00e4ll\u00e4 likaantumista.<\/li>\n<\/ul>\n<p>Py\u00f6r\u00f6paalaimen vaihteisto FMP246 on eritt\u00e4in j\u00e4sennelty ja huolellisesti suunniteltu, mik\u00e4 varmistaa tehokkaan, luotettavan ja sujuvan toiminnan vaativissa maatalousymp\u00e4rist\u00f6iss\u00e4. Sen komponentit \u2013 mukaan lukien kotelo, tulo- ja l\u00e4ht\u00f6akselit, planeettapy\u00f6r\u00e4t, laakerit ja voiteluj\u00e4rjestelm\u00e4 \u2013 toimivat harmonisesti varmistaen, ett\u00e4 teho siirtyy tehokkaasti, v\u00e4\u00e4nt\u00f6momentti on optimoitu ja vaihteisto toimii sujuvasti pitki\u00e4 aikoja. T\u00e4m\u00e4 rakenne tekee FMP246:sta ihanteellisen valinnan raskaisiin py\u00f6r\u00f6paalaust\u00f6ihin, sill\u00e4 se tarjoaa kest\u00e4vyytt\u00e4, tehokkuutta ja helppoa huoltoa.<\/p>\n<p><img loading=\"lazy\" decoding=\"async\" class=\"alignnone size-full wp-image-2520\" src=\"https:\/\/fmp-components.com\/wp-content\/uploads\/2025\/01\/Round-Baler-Gearbox-EP246-Component-Structure-scaled.webp\" alt=\"Py\u00f6r\u00f6paalaimen vaihteisto-FMP246-komponenttirakenne\" width=\"2560\" height=\"2544\" title=\"\" srcset=\"https:\/\/fmp-components.com\/wp-content\/uploads\/2025\/01\/Round-Baler-Gearbox-EP246-Component-Structure-scaled.webp 2560w, https:\/\/fmp-components.com\/wp-content\/uploads\/2025\/01\/Round-Baler-Gearbox-EP246-Component-Structure-1280x1272.webp 1280w, https:\/\/fmp-components.com\/wp-content\/uploads\/2025\/01\/Round-Baler-Gearbox-EP246-Component-Structure-980x974.webp 980w, https:\/\/fmp-components.com\/wp-content\/uploads\/2025\/01\/Round-Baler-Gearbox-EP246-Component-Structure-480x477.webp 480w\" sizes=\"(min-width: 0px) and (max-width: 480px) 480px, (min-width: 481px) and (max-width: 980px) 980px, (min-width: 981px) and (max-width: 1280px) 1280px, (min-width: 1281px) 2560px, 100vw\" \/><\/p>\n<h2>Py\u00f6r\u00f6paalaimen vaihdelaatikon FMP246 edut<\/h2>\n<p>Py\u00f6r\u00f6paalaimen vaihteisto FMP246 on erityisesti suunniteltu vastaamaan maatalouspaalainten vaativiin tarpeisiin. Kest\u00e4v\u00e4n rakenteensa ja innovatiivisten ominaisuuksiensa ansiosta se tarjoaa useita keskeisi\u00e4 etuja, jotka parantavat tehokkuutta, kest\u00e4vyytt\u00e4 ja suorituskyky\u00e4. Alla on lueteltu FMP246-py\u00f6r\u00f6paalaimen vaihteiston t\u00e4rkeimm\u00e4t k\u00e4yt\u00f6n edut:<\/p>\n<p><strong>Suuri v\u00e4\u00e4nt\u00f6momentti ja voimansiirron hy\u00f6tysuhde<\/strong><\/p>\n<ul>\n<li>Etu: FMP246-vaihteisto on suunniteltu k\u00e4sittelem\u00e4\u00e4n suurta v\u00e4\u00e4nt\u00f6momenttia minimaalisella tehoh\u00e4vi\u00f6ll\u00e4, mik\u00e4 varmistaa py\u00f6r\u00f6paalaimen tehokkaan toiminnan my\u00f6s raskaissa kuormitusolosuhteissa.<\/li>\n<li>Vaikutus: T\u00e4m\u00e4 mahdollistaa tiheiden materiaalien tehokkaan paalaamisen, mik\u00e4 lis\u00e4\u00e4 tuottavuutta ja v\u00e4hent\u00e4\u00e4 polttoaineenkulutusta optimoimalla voimansiirron traktorista.<\/li>\n<\/ul>\n<p><strong>Kest\u00e4vyys ja pitk\u00e4ik\u00e4isyys<\/strong><\/p>\n<ul>\n<li>Etu: FMP246-vaihteisto on valmistettu eritt\u00e4in lujista materiaaleista, kuten karkaistusta ter\u00e4ksest\u00e4 ja valuraudasta, ja se on rakennettu kest\u00e4m\u00e4\u00e4n jatkuvan k\u00e4yt\u00f6n rasitukset ankarissa kentt\u00e4olosuhteissa.<\/li>\n<li>Vaikutus: Sen kest\u00e4v\u00e4 rakenne varmistaa pitk\u00e4ik\u00e4isyyden, v\u00e4hent\u00e4\u00e4 usein teht\u00e4vien korjausten tai vaihtojen tarvetta ja auttaa alentamaan yll\u00e4pitokustannuksia.<\/li>\n<\/ul>\n<p><strong>Sujuva voimansiirto ja v\u00e4hentynyt t\u00e4rin\u00e4<\/strong><\/p>\n<ul>\n<li>Hy\u00f6ty: FMP246:ssa on edistyneet planeettavaihteistoj\u00e4rjestelm\u00e4t, jotka v\u00e4hent\u00e4v\u00e4t t\u00e4rin\u00e4\u00e4 ja takaavat tasaisen ja tasaisen voimansiirron.<\/li>\n<li>Vaikutus: T\u00e4m\u00e4 johtaa hiljaisempaan toimintaan ja tasaisempaan paalaukseen, mik\u00e4 minimoi sek\u00e4 vaihteiston ett\u00e4 kytketyn koneiston kulumisen ja pident\u00e4\u00e4 k\u00e4ytt\u00f6ik\u00e4\u00e4.<\/li>\n<\/ul>\n<p><strong>Helppo integrointi erilaisiin paalainmalleihin<\/strong><\/p>\n<ul>\n<li>Etu: FMP246-vaihteisto on suunniteltu monipuolisuutta ajatellen, ja siin\u00e4 on standardoidut kiinnitysvaihtoehdot ja se on yhteensopiva monenlaisten py\u00f6r\u00f6paalainten kanssa.<\/li>\n<li>Vaikutus: T\u00e4m\u00e4 joustavuus mahdollistaa helpon integroinnin olemassa oleviin laitteisiin, mik\u00e4 tekee siit\u00e4 kustannustehokkaan vaihtoehdon viljelij\u00f6ille, jotka haluavat vaihtaa tai p\u00e4ivitt\u00e4\u00e4 paalainkoneitaan.<\/li>\n<\/ul>\n<p><strong>V\u00e4h\u00e4iset huoltovaatimukset<\/strong><\/p>\n<ul>\n<li>Hy\u00f6ty: Korkealaatuisten laakereiden, tiivisteiden ja voiteluj\u00e4rjestelm\u00e4n ansiosta FMP246-vaihteisto vaatii vain v\u00e4h\u00e4n huoltoa. S\u00e4\u00e4nn\u00f6lliset tarkastukset ja \u00f6ljynvaihdot riitt\u00e4v\u00e4t yleens\u00e4 pit\u00e4m\u00e4\u00e4n vaihteiston toiminnassa sujuvasti.<\/li>\n<li>Vaikutus: T\u00e4m\u00e4 v\u00e4hent\u00e4\u00e4 seisokkiaikoja ja yll\u00e4pitokustannuksia, mik\u00e4 tekee siit\u00e4 ihanteellisen ratkaisun viljelij\u00f6ille, jotka tarvitsevat luotettavia ja v\u00e4h\u00e4n huoltoa vaativia laitteita p\u00e4ivitt\u00e4iseen toimintaansa.<\/li>\n<\/ul>\n<p>Py\u00f6r\u00f6paalaimen vaihteisto FMP246 tarjoaa lukuisia etuja, jotka tekev\u00e4t siit\u00e4 arvokkaan lis\u00e4n maatalouskoneisiin. Sen kest\u00e4vyys, tehokkuus ja sujuva toiminta varmistavat, ett\u00e4 maanviljelij\u00e4t voivat luottaa sen tasaiseen suorituskykyyn erilaisissa paalaust\u00f6iss\u00e4. Etsitp\u00e4 sitten lyhyempi\u00e4 seisokkiaikoja, parannettua voimansiirtoa tai pidemp\u00e4\u00e4n kest\u00e4vi\u00e4 laitteita, FMP246-vaihteisto on suunniteltu vastaamaan nykyaikaisen maatalouden korkeisiin vaatimuksiin.<\/p>\n<p><img loading=\"lazy\" decoding=\"async\" class=\"alignnone size-full wp-image-2505\" src=\"https:\/\/fmp-components.com\/wp-content\/uploads\/2025\/01\/Round-Baler-Gearbox-191-scaled.webp\" alt=\"Py\u00f6r\u00f6paalaimen vaihdelaatikko-19(1)\" width=\"2560\" height=\"1920\" title=\"\" srcset=\"https:\/\/fmp-components.com\/wp-content\/uploads\/2025\/01\/Round-Baler-Gearbox-191-scaled.webp 2560w, https:\/\/fmp-components.com\/wp-content\/uploads\/2025\/01\/Round-Baler-Gearbox-191-1280x960.webp 1280w, https:\/\/fmp-components.com\/wp-content\/uploads\/2025\/01\/Round-Baler-Gearbox-191-980x735.webp 980w, https:\/\/fmp-components.com\/wp-content\/uploads\/2025\/01\/Round-Baler-Gearbox-191-480x360.webp 480w\" sizes=\"(min-width: 0px) and (max-width: 480px) 480px, (min-width: 481px) and (max-width: 980px) 980px, (min-width: 981px) and (max-width: 1280px) 1280px, (min-width: 1281px) 2560px, 100vw\" \/><\/p>\n<h3>Tietoja FMP:st\u00e4<\/h3>\n<p>Italiassa p\u00e4\u00e4konttoriaan pit\u00e4v\u00e4 FMP on johtava valmistaja, joka tunnetaan asiantuntemuksestaan \u200b\u200btehokkaiden vaihteistojen suunnittelussa, kehitt\u00e4misess\u00e4 ja tuotannossa, keskittyen erityisesti maatalouskonesektoriin. Tarkkuuden, innovatiivisten ratkaisujen ja horjumattoman luotettavuuden ansiosta FMP:st\u00e4 on tullut luotettava kumppani sek\u00e4 maatalous- ett\u00e4 teollisuussektorin kehittyviin tarpeisiin. Monipuolinen tuotevalikoimamme sis\u00e4lt\u00e4\u00e4 ruohonleikkureiden, nivelakseleiden ja muiden t\u00e4rkeiden komponenttien erikoisvaihteistoja, jotka kaikki on huolellisesti suunniteltu tarjoamaan r\u00e4\u00e4t\u00e4l\u00f6ityj\u00e4 ratkaisuja laajaan k\u00e4ytt\u00f6tarkoitukseen.<\/p>\n<p>FMP:ll\u00e4 ymm\u00e4rr\u00e4mme, ett\u00e4 jokaisella asiakkaalla on ainutlaatuiset vaatimukset ja haasteet. Siksi olemme erikoistuneet r\u00e4\u00e4t\u00e4l\u00f6ityjen ratkaisujen tarjoamiseen, olipa kyse sitten yksitt\u00e4isist\u00e4 komponenteista tai t\u00e4ysin integroiduista j\u00e4rjestelmist\u00e4. Teemme tiivist\u00e4 yhteisty\u00f6t\u00e4 asiakkaidemme kanssa varmistaaksemme, ett\u00e4 jokainen ratkaisu on paitsi tehokas my\u00f6s tuloksellinen, optimoiden sek\u00e4 suorituskyvyn ett\u00e4 arvon. Sitoutumisemme tarjoamaan nopeita ja ammattimaisia \u200b\u200bvastauksia sek\u00e4 asiantuntevaa ohjausta varmistaa, ett\u00e4 jokaista tiedustelua k\u00e4sitell\u00e4\u00e4n \u00e4\u00e4rimm\u00e4isen huolellisesti ja tarkasti, mik\u00e4 johtaa parhaisiin mahdollisiin tuloksiin.<\/p>\n<p>Priorisoimme avointa ja jatkuvaa viestint\u00e4\u00e4 koko tuotekehitysprosessin ajan. Omistautunut tiimimme ty\u00f6skentelee suoraan asiakkaiden kanssa ymm\u00e4rt\u00e4\u00e4kseen t\u00e4ysin heid\u00e4n erityistarpeensa ja tarjoaa arvokkaita n\u00e4kemyksi\u00e4 ja suosituksia optimaalisten ratkaisujen varmistamiseksi. Olipa kyse innovatiivisten tuotteiden suunnittelusta tai jatkuvien tilausten t\u00e4ytt\u00e4misest\u00e4, FMP on sitoutunut toimittamaan korkealaatuisia ja tarkasti suunniteltuja ratkaisuja ajallaan, joka kerta. Tavoitteenamme on tarjota asiakkaille parasta mahdollista palvelua ja tuloksia, jotka ylitt\u00e4v\u00e4t odotukset jokaisessa projektissa.<\/p>\n<p>Laatu on FMP:n toiminnan kulmakivi. Noudatamme korkeimpia valmistusstandardeja ja toteutamme tiukkoja laadunvalvontatoimenpiteit\u00e4 varmistaaksemme, ett\u00e4 jokainen tuote ei ainoastaan \u200b\u200b\u200b\u200bt\u00e4ytt\u00e4\u00e4 alan standardeja, vaan my\u00f6s ylitt\u00e4\u00e4 ne. T\u00e4m\u00e4 horjumaton sitoutuminen laatuun yhdistettyn\u00e4 ydinarvoihimme, kuten rehellisyyteen, tiimity\u00f6h\u00f6n ja sinnikkyyteen, on mahdollistanut pitk\u00e4aikaisten ja luottamukseen perustuvien asiakassuhteiden rakentamisen l\u00e4hes 30 maassa maailmanlaajuisesti.<\/p>\n<p>FMP on aina avoin globaalien kumppanuuksien edist\u00e4miselle ja on edelleen sitoutunut tarjoamaan asiantuntevaa neuvontaa ja r\u00e4\u00e4t\u00e4l\u00f6ityj\u00e4 ratkaisuja, jotka vastaavat asiakkaidemme monimuotoisiin tarpeisiin. Emme tyydy pelk\u00e4st\u00e4\u00e4n tuotteiden toimittamiseen; pyrimme rakentamaan kest\u00e4vi\u00e4 suhteita, jotka edist\u00e4v\u00e4t jokaisen projektin onnistumista. Tarvitsetpa sitten innovatiivisia ratkaisuja uuteen aloitteeseen tai jatkuvaa tukea olemassa olevalle j\u00e4rjestelm\u00e4lle, FMP on t\u00e4\u00e4ll\u00e4 ratkaisemassa tekniset haasteesi ja varmistamassa jatkuvan menestyksesi.<\/p>\n<p><img loading=\"lazy\" decoding=\"async\" class=\"alignnone size-full wp-image-1861\" src=\"https:\/\/fmp-components.com\/wp-content\/uploads\/2024\/12\/Other-Agricultural-Gearboxes.webp\" sizes=\"(min-width: 0px) and (max-width: 480px) 480px, (min-width: 481px) and (max-width: 980px) 980px, (min-width: 981px) 1200px, 100vw\" srcset=\"https:\/\/fmp-components.com\/wp-content\/uploads\/2024\/12\/Other-Agricultural-Gearboxes.webp 1200w, https:\/\/fmp-components.com\/wp-content\/uploads\/2024\/12\/Other-Agricultural-Gearboxes-980x1143.webp 980w, https:\/\/fmp-components.com\/wp-content\/uploads\/2024\/12\/Other-Agricultural-Gearboxes-480x560.webp 480w\" alt=\"Altri-cambi-agricoli\" width=\"1200\" height=\"1400\" title=\"\"><\/p>\n<p>Tekij\u00e4: CX<\/p>","protected":false},"excerpt":{"rendered":"<p>Round Baler Gearbox EP246 Double Output Dimensions Round Baler Gearbox FMP246 Single Output Dimensions Round Baler Gearbox FMP246 Technical Data i Suitable Rpm input Rpm output KW(Nom) Output torque Toothing r\/min r\/min hp N.m Decelerate 1.92:1 Round baler, harvester, etc 540 282 100 2000 Gleason Helical Teeth Remark: If you have any special require feel [&hellip;]<\/p>","protected":false},"featured_media":2521,"comment_status":"open","ping_status":"closed","template":"","meta":{"_et_pb_use_builder":"","_et_pb_old_content":"","_et_gb_content_width":""},"product_brand":[],"product_cat":[59],"product_tag":[],"class_list":{"0":"post-2515","1":"product","2":"type-product","3":"status-publish","4":"has-post-thumbnail","6":"product_cat-round-baler-gearbox","8":"first","9":"instock","10":"shipping-taxable","11":"product-type-simple"},"_links":{"self":[{"href":"https:\/\/fmp-components.com\/fi\/wp-json\/wp\/v2\/product\/2515","targetHints":{"allow":["GET"]}}],"collection":[{"href":"https:\/\/fmp-components.com\/fi\/wp-json\/wp\/v2\/product"}],"about":[{"href":"https:\/\/fmp-components.com\/fi\/wp-json\/wp\/v2\/types\/product"}],"replies":[{"embeddable":true,"href":"https:\/\/fmp-components.com\/fi\/wp-json\/wp\/v2\/comments?post=2515"}],"wp:featuredmedia":[{"embeddable":true,"href":"https:\/\/fmp-components.com\/fi\/wp-json\/wp\/v2\/media\/2521"}],"wp:attachment":[{"href":"https:\/\/fmp-components.com\/fi\/wp-json\/wp\/v2\/media?parent=2515"}],"wp:term":[{"taxonomy":"product_brand","embeddable":true,"href":"https:\/\/fmp-components.com\/fi\/wp-json\/wp\/v2\/product_brand?post=2515"},{"taxonomy":"product_cat","embeddable":true,"href":"https:\/\/fmp-components.com\/fi\/wp-json\/wp\/v2\/product_cat?post=2515"},{"taxonomy":"product_tag","embeddable":true,"href":"https:\/\/fmp-components.com\/fi\/wp-json\/wp\/v2\/product_tag?post=2515"}],"curies":[{"name":"wp","href":"https:\/\/api.w.org\/{rel}","templated":true}]}}