{"id":2501,"date":"2025-01-02T02:44:16","date_gmt":"2025-01-02T02:44:16","guid":{"rendered":"https:\/\/fmp-components.com\/?page_id=8"},"modified":"2025-01-02T02:46:27","modified_gmt":"2025-01-02T02:46:27","slug":"round-baler-gearbox-fmp9-0-hl01-for-round-baler-and-harvester","status":"publish","type":"product","link":"https:\/\/fmp-components.com\/fi\/product\/round-baler-gearbox-fmp9-0-hl01-for-round-baler-and-harvester\/","title":{"rendered":"Py\u00f6r\u00f6paalaimen vaihteisto FMP9.0-HL01 py\u00f6r\u00f6paalaimelle ja puimurille"},"content":{"rendered":"<p><img loading=\"lazy\" decoding=\"async\" class=\"alignnone size-full wp-image-2506\" src=\"https:\/\/fmp-components.com\/wp-content\/uploads\/2025\/01\/Round-Baler-Gearbox-FMP9.0-HL01-Features1.webp\" alt=\"Py\u00f6r\u00f6paalaimen-vaihteisto-FMP9.0-HL01-Ominaisuudet(1)\" width=\"1340\" height=\"773\" title=\"\" srcset=\"https:\/\/fmp-components.com\/wp-content\/uploads\/2025\/01\/Round-Baler-Gearbox-FMP9.0-HL01-Features1.webp 1340w, https:\/\/fmp-components.com\/wp-content\/uploads\/2025\/01\/Round-Baler-Gearbox-FMP9.0-HL01-Features1-1280x738.webp 1280w, https:\/\/fmp-components.com\/wp-content\/uploads\/2025\/01\/Round-Baler-Gearbox-FMP9.0-HL01-Features1-980x565.webp 980w, https:\/\/fmp-components.com\/wp-content\/uploads\/2025\/01\/Round-Baler-Gearbox-FMP9.0-HL01-Features1-480x277.webp 480w\" sizes=\"(min-width: 0px) and (max-width: 480px) 480px, (min-width: 481px) and (max-width: 980px) 980px, (min-width: 981px) and (max-width: 1280px) 1280px, (min-width: 1281px) 1340px, 100vw\" \/><\/p>\n<h2>Py\u00f6r\u00f6paalaimen vaihteiston FMP9.0-HL01 mitat<\/h2>\n<p><img loading=\"lazy\" decoding=\"async\" class=\"alignnone size-full wp-image-2508\" src=\"https:\/\/fmp-components.com\/wp-content\/uploads\/2025\/01\/Round-Baler-Gearbox-EP9.0-HL01-Dimensions-2.webp\" alt=\"Py\u00f6r\u00f6paalaimen-vaihteisto-FMP9.0-HL01-Mitat-2\" width=\"1380\" height=\"893\" title=\"\" srcset=\"https:\/\/fmp-components.com\/wp-content\/uploads\/2025\/01\/Round-Baler-Gearbox-EP9.0-HL01-Dimensions-2.webp 1380w, https:\/\/fmp-components.com\/wp-content\/uploads\/2025\/01\/Round-Baler-Gearbox-EP9.0-HL01-Dimensions-2-1280x828.webp 1280w, https:\/\/fmp-components.com\/wp-content\/uploads\/2025\/01\/Round-Baler-Gearbox-EP9.0-HL01-Dimensions-2-980x634.webp 980w, https:\/\/fmp-components.com\/wp-content\/uploads\/2025\/01\/Round-Baler-Gearbox-EP9.0-HL01-Dimensions-2-480x311.webp 480w\" sizes=\"(min-width: 0px) and (max-width: 480px) 480px, (min-width: 481px) and (max-width: 980px) 980px, (min-width: 981px) and (max-width: 1280px) 1280px, (min-width: 1281px) 1380px, 100vw\" \/> <img loading=\"lazy\" decoding=\"async\" class=\"alignnone size-full wp-image-2509\" src=\"https:\/\/fmp-components.com\/wp-content\/uploads\/2025\/01\/Round-Baler-Gearbox-EP9.0-HL01-Dimensions-1.webp\" alt=\"Py\u00f6r\u00f6paalaimen-vaihteisto-FMP9.0-HL01-Mitat-1\" width=\"1386\" height=\"437\" title=\"\" srcset=\"https:\/\/fmp-components.com\/wp-content\/uploads\/2025\/01\/Round-Baler-Gearbox-EP9.0-HL01-Dimensions-1.webp 1386w, https:\/\/fmp-components.com\/wp-content\/uploads\/2025\/01\/Round-Baler-Gearbox-EP9.0-HL01-Dimensions-1-1280x404.webp 1280w, https:\/\/fmp-components.com\/wp-content\/uploads\/2025\/01\/Round-Baler-Gearbox-EP9.0-HL01-Dimensions-1-980x309.webp 980w, https:\/\/fmp-components.com\/wp-content\/uploads\/2025\/01\/Round-Baler-Gearbox-EP9.0-HL01-Dimensions-1-480x151.webp 480w\" sizes=\"(min-width: 0px) and (max-width: 480px) 480px, (min-width: 481px) and (max-width: 980px) 980px, (min-width: 981px) and (max-width: 1280px) 1280px, (min-width: 1281px) 1386px, 100vw\" \/><\/p>\n<h2>Py\u00f6r\u00f6paalaimen vaihteiston FMP9.0-HL01 tekniset tiedot<\/h2>\n<table style=\"width: 99.6064%; height: 141px;\" border=\"1\" cellspacing=\"0\" cellpadding=\"0\">\n<tbody>\n<tr>\n<td colspan=\"2\" rowspan=\"2\">min\u00e4<\/td>\n<td rowspan=\"2\">Sopii<\/td>\n<td>Kierroslukutulo<\/td>\n<td>Kierrosluku<\/td>\n<td>kW (nim.)<\/td>\n<td>kW (maks.)<\/td>\n<td rowspan=\"2\">Hammastus<\/td>\n<\/tr>\n<tr>\n<td>kierrosta minuutissa<\/td>\n<td>kierrosta minuutissa<\/td>\n<td>hv<\/td>\n<td>hv<\/td>\n<\/tr>\n<tr>\n<td>Hidasta<\/td>\n<td>1.92:1<\/td>\n<td>Py\u00f6r\u00f6paalain,<br \/>\nleikkuupuimuri jne.<\/td>\n<td>540<\/td>\n<td>282<\/td>\n<td>120<\/td>\n<td>3000<\/td>\n<td>Gleason Helical<br \/>\nHampaat<\/td>\n<\/tr>\n<tr>\n<td colspan=\"8\">Huomautus: Jos sinulla on erityisvaatimuksia, kerro siit\u00e4 minulle, hyv\u00e4ksymme my\u00f6s mittatilausty\u00f6n\u00e4 tehdyt tarjoukset.<\/td>\n<\/tr>\n<\/tbody>\n<\/table>\n<h2>Py\u00f6r\u00f6paalaimen vaihteisto FMP9.0-HL01 Ominaisuudet<\/h2>\n<p>FMP9.0-HL01-py\u00f6r\u00f6paalaimen vaihteisto on tehokas vaihteisto, joka on suunniteltu erityisesti maatalouden py\u00f6r\u00f6paalaimiin. Kest\u00e4vyytt\u00e4, tehokkuutta ja monipuolisuutta silm\u00e4ll\u00e4 pit\u00e4en suunniteltu vaihteisto sopii monenlaisiin paalaust\u00f6ihin hein\u00e4st\u00e4 ja oljesta s\u00e4il\u00f6rehuun ja maatalousj\u00e4tteisiin. Alla on lueteltu FMP9.0-HL01-vaihteiston t\u00e4rkeimm\u00e4t ominaisuudet:<\/p>\n<p><strong>Suuren v\u00e4\u00e4nt\u00f6momentin vaihteisto<\/strong><\/p>\n<ul>\n<li>Ominaisuus: FMP9.0-HL01-vaihteisto on suunniteltu k\u00e4sittelem\u00e4\u00e4n suurta v\u00e4\u00e4nt\u00f6momenttia, mik\u00e4 varmistaa tehokkaan voimansiirron traktorista paalainmekanismiin.<\/li>\n<li>Hy\u00f6ty: T\u00e4m\u00e4n ominaisuuden ansiosta vaihteisto pystyy hallitsemaan vaativia paalaust\u00f6j\u00e4 varmistaen hein\u00e4n, oljen ja s\u00e4il\u00f6rehun kaltaisten materiaalien tasaisen ja luotettavan tiivistymisen jopa vaikeissa olosuhteissa.<\/li>\n<\/ul>\n<p><strong>Tarkkuustekniikkaa pitk\u00e4ik\u00e4isyyden takaamiseksi<\/strong><\/p>\n<ul>\n<li>Ominaisuus: Korkealaatuisista materiaaleista ja tarkkuudella valmistettu FMP9.0-HL01 on rakennettu kest\u00e4v\u00e4\u00e4n suorituskykyyn raskaassa k\u00e4yt\u00f6ss\u00e4.<\/li>\n<li>Hy\u00f6ty: Kest\u00e4v\u00e4 rakenne v\u00e4hent\u00e4\u00e4 kulumista, pident\u00e4\u00e4 vaihteiston k\u00e4ytt\u00f6ik\u00e4\u00e4 ja varmistaa luotettavan toiminnan ajan my\u00f6t\u00e4, mik\u00e4 minimoi usein tarvittavien korjausten tai osien vaihtojen tarpeen.<\/li>\n<\/ul>\n<p><strong>Kompakti ja tilaa s\u00e4\u00e4st\u00e4v\u00e4 muotoilu<\/strong><\/p>\n<ul>\n<li>Ominaisuus: FMP9.0-HL01-vaihteisto on kompakti ja tilaa s\u00e4\u00e4st\u00e4v\u00e4, joten se on helppo integroida erilaisiin py\u00f6r\u00f6paalainmalleihin viem\u00e4tt\u00e4 tarpeetonta tilaa.<\/li>\n<li>Hy\u00f6ty: Pieni koko auttaa optimoimaan paalaimen yleist\u00e4 suunnittelua, v\u00e4hent\u00e4en painoa ja mahdollistaen paremman ohjattavuuden pellolla s\u00e4ilytt\u00e4en samalla korkean suorituskyvyn.<\/li>\n<\/ul>\n<p><img loading=\"lazy\" decoding=\"async\" class=\"alignnone size-full wp-image-2507\" src=\"https:\/\/fmp-components.com\/wp-content\/uploads\/2025\/01\/Round-Baler-Gearbox-EP9.0-HL01-for-Agricultural-21.webp\" alt=\"Py\u00f6r\u00f6paalaimen-vaihteisto-FMP9.0-HL01-maatalouteen-2(1)\" width=\"980\" height=\"653\" title=\"\" srcset=\"https:\/\/fmp-components.com\/wp-content\/uploads\/2025\/01\/Round-Baler-Gearbox-EP9.0-HL01-for-Agricultural-21.webp 980w, https:\/\/fmp-components.com\/wp-content\/uploads\/2025\/01\/Round-Baler-Gearbox-EP9.0-HL01-for-Agricultural-21-480x320.webp 480w\" sizes=\"(min-width: 0px) and (max-width: 480px) 480px, (min-width: 481px) 980px, 100vw\" \/><\/p>\n<p><strong>Sujuva toiminta ja alhainen melutaso<\/strong><\/p>\n<ul>\n<li>Ominaisuus: Vaihteisto on suunniteltu sujuvaa toimintaa varten, ja siin\u00e4 on edistykselliset sis\u00e4iset komponentit, jotka minimoivat kitkan ja melun k\u00e4yt\u00f6n aikana.<\/li>\n<li>Hy\u00f6ty: T\u00e4m\u00e4 varmistaa hiljaisemman k\u00e4yt\u00f6n, parantaa kuljettajan mukavuutta ja v\u00e4hent\u00e4\u00e4 melusaastetta maatiloilla ja maatalousymp\u00e4rist\u00f6iss\u00e4.<\/li>\n<\/ul>\n<p><strong>Korkea tehokkuus voimansiirrossa<\/strong><\/p>\n<ul>\n<li>Ominaisuus: FMP9.0-HL01-vaihteisto siirt\u00e4\u00e4 tehokkaasti voiman traktorista paalausj\u00e4rjestelm\u00e4\u00e4n, mik\u00e4 v\u00e4hent\u00e4\u00e4 energiah\u00e4vi\u00f6t\u00e4 ja varmistaa tehokkaamman paalauksen.<\/li>\n<li>Hy\u00f6ty: Korkeampi tehokkuus tarkoittaa, ett\u00e4 paalauksen aikana hukkaan menee v\u00e4hemm\u00e4n energiaa, mik\u00e4 johtaa tehokkaampaan polttoaineenk\u00e4ytt\u00f6\u00f6n, parempaan tuottavuuteen ja alhaisempiin k\u00e4ytt\u00f6kustannuksiin.<\/li>\n<\/ul>\n<p>FMP9.0-HL01-py\u00f6r\u00f6paalaimen vaihteisto yhdist\u00e4\u00e4 kest\u00e4vyyden, tehokkuuden ja monipuolisuuden tarjotakseen optimaalisen suorituskyvyn vaativissa maatalousk\u00e4yt\u00f6iss\u00e4. Ominaisuuksiensa, kuten suuren v\u00e4\u00e4nt\u00f6momentin, kompaktin rakenteen, helpon huollon ja alhaisen melutason, ansiosta se on ihanteellinen valinta maanviljelij\u00f6ille, jotka haluavat parantaa paalauksensa tehokkuutta ja luotettavuutta. K\u00e4ytettiinp\u00e4 sit\u00e4 hein\u00e4n, oljen, s\u00e4il\u00f6rehun tai maatalousj\u00e4tteen paalaukseen, FMP9.0-HL01 on suunniteltu vastaamaan nykyaikaisen maatalouden tarpeisiin ja tarjoaa pitk\u00e4kestoista vastinetta rahalle ja suorituskyky\u00e4.<\/p>\n<p><img loading=\"lazy\" decoding=\"async\" class=\"alignnone size-full wp-image-2505\" src=\"https:\/\/fmp-components.com\/wp-content\/uploads\/2025\/01\/Round-Baler-Gearbox-191-scaled.webp\" alt=\"\" width=\"2560\" height=\"1920\" title=\"\" srcset=\"https:\/\/fmp-components.com\/wp-content\/uploads\/2025\/01\/Round-Baler-Gearbox-191-scaled.webp 2560w, https:\/\/fmp-components.com\/wp-content\/uploads\/2025\/01\/Round-Baler-Gearbox-191-1280x960.webp 1280w, https:\/\/fmp-components.com\/wp-content\/uploads\/2025\/01\/Round-Baler-Gearbox-191-980x735.webp 980w, https:\/\/fmp-components.com\/wp-content\/uploads\/2025\/01\/Round-Baler-Gearbox-191-480x360.webp 480w\" sizes=\"(min-width: 0px) and (max-width: 480px) 480px, (min-width: 481px) and (max-width: 980px) 980px, (min-width: 981px) and (max-width: 1280px) 1280px, (min-width: 1281px) 2560px, 100vw\" \/><\/p>\n<h2>Py\u00f6r\u00f6paalaimen vaihdelaatikko FMP9.0-HL01 maatalousk\u00e4ytt\u00f6\u00f6n<\/h2>\n<p>FMP9.0-HL01-py\u00f6r\u00f6paalaimen vaihteisto on kest\u00e4v\u00e4 ja tehokas vaihteisto, joka on erityisesti suunniteltu maatalouden py\u00f6r\u00f6paalaimiin. T\u00e4m\u00e4 vaihteisto on suunniteltu maksimaalista tehokkuutta, kest\u00e4vyytt\u00e4 ja monipuolisuutta ajatellen, ja se sopii erinomaisesti monenlaisiin paalaust\u00f6ihin, kuten hein\u00e4n, oljen, s\u00e4il\u00f6rehun ja muiden maatalousmateriaalien paalaukseen. Alla on lueteltu FMP9.0-HL01-vaihteiston t\u00e4rkeimm\u00e4t ominaisuudet ja edut:<\/p>\n<h3>Suuri v\u00e4\u00e4nt\u00f6momenttikapasiteetti raskaisiin sovelluksiin<\/h3>\n<ul>\n<li>Ominaisuus: FMP9.0-HL01 on suunniteltu k\u00e4sittelem\u00e4\u00e4n suuria v\u00e4\u00e4nt\u00f6momentteja, mik\u00e4 varmistaa tehokkaan voimansiirron paalainmekanismiin.<\/li>\n<li>Hy\u00f6ty: T\u00e4m\u00e4 mahdollistaa vaihteiston toiminnan raskaissa olosuhteissa ja mahdollistaa kovien materiaalien, kuten s\u00e4il\u00f6rehun, hein\u00e4n ja oljen, vaivattoman k\u00e4sittelyn varmistaen sujuvan paalauksen my\u00f6s haastavissa ymp\u00e4rist\u00f6iss\u00e4.<\/li>\n<\/ul>\n<p><strong>Kompakti ja tehokas muotoilu<\/strong><\/p>\n<ul>\n<li>Ominaisuus: Vaihteiston kompakti rakenne tekee siit\u00e4 ihanteellisen k\u00e4ytett\u00e4v\u00e4ksi ahtaissa tiloissa ja tarjoaa silti tehokkaan suorituskyvyn.<\/li>\n<li>Hy\u00f6ty: Sen tilaa s\u00e4\u00e4st\u00e4v\u00e4 rakenne auttaa v\u00e4hent\u00e4m\u00e4\u00e4n paalaimen kokonaispainoa ja parantamaan ohjattavuutta suorituskyvyst\u00e4 tinkim\u00e4tt\u00e4. Se auttaa my\u00f6s optimoimaan paalausj\u00e4rjestelm\u00e4n suunnittelua, mik\u00e4 tekee siit\u00e4 tehokkaamman.<\/li>\n<\/ul>\n<p><strong>Erinomainen kest\u00e4vyys ja pitk\u00e4ik\u00e4isyys<\/strong><\/p>\n<ul>\n<li>Ominaisuus: Korkealaatuisista materiaaleista ja tarkkuudella valmistettu FMP9.0-HL01-vaihteisto on suunniteltu kest\u00e4v\u00e4\u00e4 suorituskyky\u00e4 ja luotettavuutta varten.<\/li>\n<li>Etu: Vaihteiston kest\u00e4v\u00e4 rakenne varmistaa pitk\u00e4n k\u00e4ytt\u00f6i\u00e4n, minimoi usein tapahtuvan huollon tai vaihdon tarpeen ja tarjoaa luotettavaa palvelua useiden raskaan k\u00e4yt\u00f6n kausien ajan.<\/li>\n<\/ul>\n<p><strong>Alhainen melu ja t\u00e4rin\u00e4 parantavat mukavuutta<\/strong><\/p>\n<ul>\n<li>Ominaisuus: FMP9.0-HL01-vaihteisto on suunniteltu toimimaan hiljaisella ja minimoimaan t\u00e4rin\u00e4n, mik\u00e4 v\u00e4hent\u00e4\u00e4 h\u00e4iri\u00f6it\u00e4 k\u00e4yt\u00f6n aikana.<\/li>\n<li>Hy\u00f6ty: T\u00e4m\u00e4 luo kuljettajalle hiljaisemman ty\u00f6ymp\u00e4rist\u00f6n, parantaa mukavuutta ja v\u00e4hent\u00e4\u00e4 v\u00e4symyst\u00e4 pitkien paalaust\u00f6iden aikana sek\u00e4 minimoi melusaasteen tilalla.<\/li>\n<\/ul>\n<p><strong>Tehokas tehonsiirto<\/strong><\/p>\n<ul>\n<li>Ominaisuus: Vaihteisto on suunniteltu siirt\u00e4m\u00e4\u00e4n tehoa tehokkaasti traktorista paalaimeen, mik\u00e4 minimoi energiah\u00e4vi\u00f6n.<\/li>\n<li>Hy\u00f6ty: Tehonsiirron korkea hy\u00f6tysuhde mahdollistaa paalaimen optimaalisen toiminnan, mik\u00e4 s\u00e4\u00e4st\u00e4\u00e4 polttoaineenkulutusta ja varmistaa kustannustehokkaamman toiminnan.<\/li>\n<\/ul>\n<p>FMP9.0-HL01-py\u00f6r\u00f6paalaimen vaihteisto on tehokas ja luotettava vaihteisto, joka on suunniteltu maatalousk\u00e4ytt\u00f6\u00f6n. Suuren v\u00e4\u00e4nt\u00f6momenttinsa, tehokkuutensa, kest\u00e4vyytens\u00e4 ja v\u00e4h\u00e4isten huoltotarpeidensa ansiosta se on erinomainen valinta maanviljelij\u00f6ille, jotka haluavat optimoida py\u00f6r\u00f6paalauksensa. Sen kompakti rakenne, tasainen toiminta ja edistyneet ominaisuudet tekev\u00e4t siit\u00e4 huippuluokan vaihteiston, joka varmistaa erinomaisen suorituskyvyn, pitk\u00e4ik\u00e4isyyden ja kustannustehokkuuden, mik\u00e4 edist\u00e4\u00e4 maatalouden paalausteht\u00e4vien kokonaisvaltaista onnistumista.<\/p>\n<p><img loading=\"lazy\" decoding=\"async\" class=\"alignnone size-full wp-image-2503\" src=\"https:\/\/fmp-components.com\/wp-content\/uploads\/2025\/01\/Round-Baler-Gearbox-EP9.0-HL01-for-Agricultural-11.webp\" alt=\"Py\u00f6r\u00f6paalaimen-vaihteisto-FMP9.0-HL01-maatalouteen-1(1)\" width=\"980\" height=\"653\" title=\"\" srcset=\"https:\/\/fmp-components.com\/wp-content\/uploads\/2025\/01\/Round-Baler-Gearbox-EP9.0-HL01-for-Agricultural-11.webp 980w, https:\/\/fmp-components.com\/wp-content\/uploads\/2025\/01\/Round-Baler-Gearbox-EP9.0-HL01-for-Agricultural-11-480x320.webp 480w\" sizes=\"(min-width: 0px) and (max-width: 480px) 480px, (min-width: 481px) 980px, 100vw\" \/><\/p>","protected":false},"excerpt":{"rendered":"<p>Round Baler Gearbox FMP9.0-HL01 Dimensions Round Baler Gearbox FMP9.0-HL01 Technical Data i Suitable Rpm input Rpm output KW(Nom) KW(Max) Toothing r\/min r\/min hp hp Decelerate 1.92:1 Round baler, harvester, etc 540 282 120 3000 Gleason Helical Teeth Remark: If you have any special require feel free let me know, we also accept custom. Round Baler [&hellip;]<\/p>","protected":false},"featured_media":2504,"comment_status":"open","ping_status":"closed","template":"","meta":{"_et_pb_use_builder":"","_et_pb_old_content":"","_et_gb_content_width":""},"product_brand":[],"product_cat":[59],"product_tag":[],"class_list":{"0":"post-2501","1":"product","2":"type-product","3":"status-publish","4":"has-post-thumbnail","6":"product_cat-round-baler-gearbox","8":"first","9":"instock","10":"shipping-taxable","11":"product-type-simple"},"_links":{"self":[{"href":"https:\/\/fmp-components.com\/fi\/wp-json\/wp\/v2\/product\/2501","targetHints":{"allow":["GET"]}}],"collection":[{"href":"https:\/\/fmp-components.com\/fi\/wp-json\/wp\/v2\/product"}],"about":[{"href":"https:\/\/fmp-components.com\/fi\/wp-json\/wp\/v2\/types\/product"}],"replies":[{"embeddable":true,"href":"https:\/\/fmp-components.com\/fi\/wp-json\/wp\/v2\/comments?post=2501"}],"wp:featuredmedia":[{"embeddable":true,"href":"https:\/\/fmp-components.com\/fi\/wp-json\/wp\/v2\/media\/2504"}],"wp:attachment":[{"href":"https:\/\/fmp-components.com\/fi\/wp-json\/wp\/v2\/media?parent=2501"}],"wp:term":[{"taxonomy":"product_brand","embeddable":true,"href":"https:\/\/fmp-components.com\/fi\/wp-json\/wp\/v2\/product_brand?post=2501"},{"taxonomy":"product_cat","embeddable":true,"href":"https:\/\/fmp-components.com\/fi\/wp-json\/wp\/v2\/product_cat?post=2501"},{"taxonomy":"product_tag","embeddable":true,"href":"https:\/\/fmp-components.com\/fi\/wp-json\/wp\/v2\/product_tag?post=2501"}],"curies":[{"name":"wp","href":"https:\/\/api.w.org\/{rel}","templated":true}]}}