{"id":2494,"date":"2025-01-02T02:23:31","date_gmt":"2025-01-02T02:23:31","guid":{"rendered":"https:\/\/fmp-components.com\/?page_id=8"},"modified":"2025-01-02T02:27:07","modified_gmt":"2025-01-02T02:27:07","slug":"round-baler-gearbox-fmp9-0-for-round-baler-and-harvester","status":"publish","type":"product","link":"https:\/\/fmp-components.com\/fi\/product\/round-baler-gearbox-fmp9-0-for-round-baler-and-harvester\/","title":{"rendered":"Py\u00f6r\u00f6paalaimen vaihteisto FMP9.0 py\u00f6r\u00f6paalaimelle ja leikkuupuimurille"},"content":{"rendered":"<p><img loading=\"lazy\" decoding=\"async\" class=\"alignnone size-full wp-image-2498\" src=\"https:\/\/fmp-components.com\/wp-content\/uploads\/2025\/01\/Round-Baler-Gearbox-EP9.0-Components-and-Features1.webp\" alt=\"Py\u00f6r\u00f6paalaimen vaihdelaatikko EP9.0:n komponentit ja ominaisuudet (1)\" width=\"1140\" height=\"865\" title=\"\" srcset=\"https:\/\/fmp-components.com\/wp-content\/uploads\/2025\/01\/Round-Baler-Gearbox-EP9.0-Components-and-Features1.webp 1140w, https:\/\/fmp-components.com\/wp-content\/uploads\/2025\/01\/Round-Baler-Gearbox-EP9.0-Components-and-Features1-980x744.webp 980w, https:\/\/fmp-components.com\/wp-content\/uploads\/2025\/01\/Round-Baler-Gearbox-EP9.0-Components-and-Features1-480x364.webp 480w\" sizes=\"(min-width: 0px) and (max-width: 480px) 480px, (min-width: 481px) and (max-width: 980px) 980px, (min-width: 981px) 1140px, 100vw\" \/><\/p>\n<h2>Py\u00f6r\u00f6paalaimen vaihteiston FMP9.0 mitat\u00a0<img loading=\"lazy\" decoding=\"async\" class=\"alignnone size-full wp-image-2497\" src=\"https:\/\/fmp-components.com\/wp-content\/uploads\/2025\/01\/Round-Baler-Gearbox-EP9.0-Dimensions-1.webp\" alt=\"Py\u00f6r\u00f6paalaimen vaihdelaatikko EP9.0, mitat\" width=\"1381\" height=\"458\" title=\"\" srcset=\"https:\/\/fmp-components.com\/wp-content\/uploads\/2025\/01\/Round-Baler-Gearbox-EP9.0-Dimensions-1.webp 1381w, https:\/\/fmp-components.com\/wp-content\/uploads\/2025\/01\/Round-Baler-Gearbox-EP9.0-Dimensions-1-1280x425.webp 1280w, https:\/\/fmp-components.com\/wp-content\/uploads\/2025\/01\/Round-Baler-Gearbox-EP9.0-Dimensions-1-980x325.webp 980w, https:\/\/fmp-components.com\/wp-content\/uploads\/2025\/01\/Round-Baler-Gearbox-EP9.0-Dimensions-1-480x159.webp 480w\" sizes=\"(min-width: 0px) and (max-width: 480px) 480px, (min-width: 481px) and (max-width: 980px) 980px, (min-width: 981px) and (max-width: 1280px) 1280px, (min-width: 1281px) 1381px, 100vw\" \/><\/h2>\n<p><img loading=\"lazy\" decoding=\"async\" class=\"alignnone size-full wp-image-2496\" src=\"https:\/\/fmp-components.com\/wp-content\/uploads\/2025\/01\/Round-Baler-Gearbox-EP9.0-Dimensions-2.webp\" alt=\"Py\u00f6r\u00f6paalaimen vaihdelaatikko EP9.0, mitat\" width=\"1363\" height=\"812\" title=\"\" srcset=\"https:\/\/fmp-components.com\/wp-content\/uploads\/2025\/01\/Round-Baler-Gearbox-EP9.0-Dimensions-2.webp 1363w, https:\/\/fmp-components.com\/wp-content\/uploads\/2025\/01\/Round-Baler-Gearbox-EP9.0-Dimensions-2-1280x763.webp 1280w, https:\/\/fmp-components.com\/wp-content\/uploads\/2025\/01\/Round-Baler-Gearbox-EP9.0-Dimensions-2-980x584.webp 980w, https:\/\/fmp-components.com\/wp-content\/uploads\/2025\/01\/Round-Baler-Gearbox-EP9.0-Dimensions-2-480x286.webp 480w\" sizes=\"(min-width: 0px) and (max-width: 480px) 480px, (min-width: 481px) and (max-width: 980px) 980px, (min-width: 981px) and (max-width: 1280px) 1280px, (min-width: 1281px) 1363px, 100vw\" \/><\/p>\n<h2>Py\u00f6r\u00f6paalaimen vaihteiston FMP9.0 tekniset tiedot<\/h2>\n<table style=\"width: 100.25%; height: 134px;\" border=\"1\" cellspacing=\"0\" cellpadding=\"0\">\n<tbody>\n<tr>\n<td colspan=\"2\" rowspan=\"2\">min\u00e4<\/td>\n<td rowspan=\"2\">Sopii<\/td>\n<td>Kierroslukutulo<\/td>\n<td>Kierrosluku<\/td>\n<td>kW (nim.)<\/td>\n<td>kW (maks.)<\/td>\n<td rowspan=\"2\">Hammastus<\/td>\n<\/tr>\n<tr>\n<td>kierrosta minuutissa<\/td>\n<td>kierrosta minuutissa<\/td>\n<td>hv<\/td>\n<td>hv<\/td>\n<\/tr>\n<tr>\n<td>Hidasta<\/td>\n<td>1.92:1<\/td>\n<td>Py\u00f6r\u00f6paalain,<br \/>\nleikkuupuimuri jne.<\/td>\n<td>540<\/td>\n<td>282<\/td>\n<td>120<\/td>\n<td>3000<\/td>\n<td>Gleason Helical<br \/>\nHampaat<\/td>\n<\/tr>\n<tr>\n<td colspan=\"8\">Huomautus: Jos sinulla on erityisvaatimuksia, kerro siit\u00e4 minulle, hyv\u00e4ksymme my\u00f6s mittatilausty\u00f6n\u00e4 tehdyt tarjoukset.<\/td>\n<\/tr>\n<\/tbody>\n<\/table>\n<h3>Py\u00f6r\u00f6paalaimen vaihteisto FMP9.0, osat ja ominaisuudet<\/h3>\n<p>FMP9.0-py\u00f6r\u00f6paalaimen vaihteisto on suunniteltu erityisesti maatalouden paalaukseen, ja se tarjoaa korkean luotettavuuden ja poikkeuksellisen suorituskyvyn. Se on suunniteltu kest\u00e4m\u00e4\u00e4n paalainkoneiden vaativia olosuhteita ja samalla tarjoamaan optimaalisen voimansiirron ja kest\u00e4vyyden. Alla on lueteltu FMP9.0-vaihteiston t\u00e4rkeimm\u00e4t komponentit ja ominaisuudet:<\/p>\n<p><strong>Vaihteiston kotelo<\/strong><\/p>\n<ul>\n<li>Materiaali: FMP9.0-vaihteiston kotelo on tyypillisesti valmistettu eritt\u00e4in lujasta valuraudasta tai ter\u00e4ksest\u00e4, mik\u00e4 varmistaa kest\u00e4vyyden ja pitk\u00e4ik\u00e4isyyden raskaissa k\u00e4ytt\u00f6kuormissa.<\/li>\n<li>Rakenne: Kotelo on suunniteltu kompaktiksi ja kest\u00e4v\u00e4ksi ulkoista kulumista ja korroosiota vastaan, mik\u00e4 suojaa sis\u00e4isi\u00e4 komponentteja ja varmistaa luotettavan suorituskyvyn ankarissa maatalousymp\u00e4rist\u00f6iss\u00e4.<\/li>\n<\/ul>\n<p>Ominaisuus: Kest\u00e4vyys ja suojaus<br \/>\nVarmistaa vaihteiston pitk\u00e4n k\u00e4ytt\u00f6i\u00e4n suojaamalla sis\u00e4isi\u00e4 komponentteja kulumiselta, korroosiolta ja iskuilta.<\/p>\n<p><strong>Vaihteet ja vaihdemekanismit<\/strong><\/p>\n<ul>\n<li>Tarkat vaihteet: FMP9.0-vaihteisto on varustettu tarkkuusleikatuilla vaihteilla, jotka on valmistettu korkealaatuisista materiaaleista, tyypillisesti hiiletetyst\u00e4 ter\u00e4ksest\u00e4 tai seoster\u00e4ksest\u00e4. N\u00e4m\u00e4 vaihteet on suunniteltu siirt\u00e4m\u00e4\u00e4n tehokkaasti tehoa ja kest\u00e4m\u00e4\u00e4n py\u00f6r\u00f6paalainten suuret v\u00e4\u00e4nt\u00f6momenttivaatimukset.<\/li>\n<li>Vaihteistosuhteet: Vaihteistossa on erityiset v\u00e4lityssuhteet (kuten 1:3, 1:4 jne.), jotka on optimoitu halutulle l\u00e4ht\u00f6nopeudelle ja v\u00e4\u00e4nt\u00f6momentille, mik\u00e4 tarjoaa tasapainon tehon ja tehokkuuden v\u00e4lill\u00e4 paalausprosessissa.<\/li>\n<\/ul>\n<p>Ominaisuus: Huipputehokas voimansiirto<br \/>\nVarmistaa paalainlaitteiden sujuvan toiminnan ja maksimoi niiden tehokkuuden, mik\u00e4 v\u00e4hent\u00e4\u00e4 energiankulutusta ja kulumista.<\/p>\n<p><strong>Laakerit ja akselit<\/strong><\/p>\n<ul>\n<li>Kest\u00e4v\u00e4t laakerit: FMP9.0-vaihteistossa on korkealaatuiset laakerit, jotka on tyypillisesti valmistettu kromiter\u00e4ksest\u00e4 tai keraamisista materiaaleista, kitkan v\u00e4hent\u00e4miseksi ja hammaspy\u00f6rien tasaisen py\u00f6rimisen varmistamiseksi.<\/li>\n<li>Akselin rakenne: Akselit on suunniteltu kest\u00e4v\u00e4sti siirt\u00e4m\u00e4\u00e4n voimaa voimanulosotosta (PTO) paalaimen eri osiin, kuten sy\u00f6tt\u00f6laitteeseen ja tiivistysj\u00e4rjestelmiin. Ne on suunniteltu kest\u00e4m\u00e4\u00e4n suuria py\u00f6rimisnopeuksia ja raskaita kuormia.<\/li>\n<\/ul>\n<p>Ominaisuus: Sujuva toiminta ja suuri kuormituskapasiteetti<br \/>\nVarmistaa hiljaisen toiminnan ja v\u00e4hent\u00e4\u00e4 t\u00e4rin\u00e4\u00e4, mik\u00e4 osaltaan pident\u00e4\u00e4 vaihteiston ja paalaimen k\u00e4ytt\u00f6ik\u00e4\u00e4.<\/p>\n<p><strong>Voiteluj\u00e4rjestelm\u00e4<\/strong><\/p>\n<ul>\n<li>Automaattinen voitelu: FMP9.0-vaihteisto on varustettu edistyneell\u00e4 voiteluj\u00e4rjestelm\u00e4ll\u00e4, joka varmistaa optimaalisen \u00f6ljynkierron koko vaihteistossa. Se auttaa v\u00e4hent\u00e4m\u00e4\u00e4n kitkaa, j\u00e4\u00e4hdytt\u00e4m\u00e4\u00e4n sis\u00e4isi\u00e4 komponentteja ja est\u00e4m\u00e4\u00e4n ennenaikaista kulumista.<\/li>\n<li>\u00d6ljytiivisteet: Korkealaatuisia \u00f6ljytiivisteit\u00e4 k\u00e4ytet\u00e4\u00e4n vuotojen est\u00e4miseksi, mik\u00e4 varmistaa voitelun s\u00e4ilymisen ja pident\u00e4\u00e4 vaihteiston k\u00e4ytt\u00f6ik\u00e4\u00e4.<\/li>\n<\/ul>\n<p>Ominaisuus: Optimaalinen voitelu pitk\u00e4ik\u00e4isyyteen<br \/>\nMinimoi sis\u00e4isten komponenttien kulumisen, mik\u00e4 varmistaa sujuvan toiminnan ja v\u00e4hent\u00e4\u00e4 usein toistuvan huollon tarvetta.<\/p>\n<p><strong>Ulostulolaippa ja voimanottoakselin kytkent\u00e4<\/strong><\/p>\n<ul>\n<li>Voimanottoakselin liit\u00e4nt\u00e4: FMP9.0-vaihteistossa on voimanottoakselin kytkent\u00e4, joka kytket\u00e4\u00e4n traktorin voimanottoj\u00e4rjestelm\u00e4\u00e4n. Ulostulolaippa on suunniteltu kiinnittym\u00e4\u00e4n tukevasti paalainlaitteeseen, mik\u00e4 varmistaa turvallisen ja tehokkaan voimansiirron.<\/li>\n<li>Turvaominaisuudet: Vaihteistossa on sis\u00e4\u00e4nrakennetut turvamekanismit, jotka est\u00e4v\u00e4t koneen vaurioitumisen \u00e4killisen ylikuormituksen tai linjausvirheen sattuessa. N\u00e4m\u00e4 turvaominaisuudet auttavat suojaamaan sek\u00e4 vaihteistoa ett\u00e4 traktoria mahdollisilta vaurioilta.<\/li>\n<\/ul>\n<p>Ominaisuus: Turvallinen voimansiirto ja turvallisuus<br \/>\nTarjoaa turvallisen ja vakaan yhteyden traktorin ja paalaimen v\u00e4lille, mik\u00e4 v\u00e4hent\u00e4\u00e4 mekaanisten vikojen riski\u00e4 ja parantaa k\u00e4ytt\u00f6turvallisuutta.<\/p>\n<p>FMP9.0-py\u00f6r\u00f6paalaimen vaihteisto on suunniteltu tarjoamaan tehokasta ja luotettavaa maatalouden paalausta. Kest\u00e4viksi suunnitellut komponentit, tehokas voimansiirto ja optimoitu voitelu takaavat FMP9.0:n sujuvan ja tehokkaan paalauksen my\u00f6s raskaissa kuormissa. Sen kest\u00e4v\u00e4 rakenne, turvaominaisuudet ja huoltoyst\u00e4v\u00e4llinen muotoilu tekev\u00e4t siit\u00e4 erinomaisen valinnan vaativiin maatalousymp\u00e4rist\u00f6ihin, tarjoten sek\u00e4 luotettavuutta ett\u00e4 mielenrauhaa k\u00e4ytt\u00e4jille.<\/p>\n<p><img loading=\"lazy\" decoding=\"async\" class=\"alignnone size-full wp-image-2499\" src=\"https:\/\/fmp-components.com\/wp-content\/uploads\/2025\/01\/Round-Baler-Gearbox-EP9.0-Applications-Area1-scaled.webp\" alt=\"Py\u00f6r\u00f6paalaimen-vaihteisto-EP9.0-k\u00e4ytt\u00f6alue(1)\" width=\"2560\" height=\"1461\" title=\"\" srcset=\"https:\/\/fmp-components.com\/wp-content\/uploads\/2025\/01\/Round-Baler-Gearbox-EP9.0-Applications-Area1-scaled.webp 2560w, https:\/\/fmp-components.com\/wp-content\/uploads\/2025\/01\/Round-Baler-Gearbox-EP9.0-Applications-Area1-1280x731.webp 1280w, https:\/\/fmp-components.com\/wp-content\/uploads\/2025\/01\/Round-Baler-Gearbox-EP9.0-Applications-Area1-980x559.webp 980w, https:\/\/fmp-components.com\/wp-content\/uploads\/2025\/01\/Round-Baler-Gearbox-EP9.0-Applications-Area1-480x274.webp 480w\" sizes=\"(min-width: 0px) and (max-width: 480px) 480px, (min-width: 481px) and (max-width: 980px) 980px, (min-width: 981px) and (max-width: 1280px) 1280px, (min-width: 1281px) 2560px, 100vw\" \/><\/p>\n<h2>Py\u00f6r\u00f6paalaimen vaihdelaatikko FMP9.0 Sovellusalue<\/h2>\n<p>FMP9.0-py\u00f6r\u00f6paalaimen vaihteisto on suunniteltu tehokkaaseen k\u00e4ytt\u00f6\u00f6n monenlaisissa maataloussovelluksissa. Sen kest\u00e4v\u00e4 rakenne, tehokas voimansiirto ja kest\u00e4vyys tekev\u00e4t siit\u00e4 ihanteellisen valinnan vaativiin paalainkoneisiin. Alla on lueteltu t\u00e4rkeimm\u00e4t alueet, joilla FMP9.0-vaihteistoa k\u00e4ytet\u00e4\u00e4n yleisesti:<\/p>\n<p><strong>Hein\u00e4n ja oljen paalaaminen<\/strong><\/p>\n<ul>\n<li>K\u00e4ytt\u00f6: FMP9.0-vaihteistoa k\u00e4ytet\u00e4\u00e4n laajalti hein\u00e4- ja olkipaalaimissa, joissa sill\u00e4 on ratkaiseva rooli hein\u00e4n tai oljen puristamisessa ja sitomisessa tasakokoisiksi paaleiksi helppoa k\u00e4sittely\u00e4 ja varastointia varten.<\/li>\n<li>Hy\u00f6ty: Vaihteisto varmistaa tehokkaan voimansiirron paalaimen sy\u00f6tt\u00f6laitteelle ja tiivistysmekanismeille, mik\u00e4 tuottaa tasaisen paalin muodostumisen my\u00f6s vaihtelevissa kuormitusolosuhteissa.<\/li>\n<\/ul>\n<p>Ominaisuus: Tehokas paalaintoiminto<br \/>\nParantaa tasaisten paalien tuotantoa, minimoi j\u00e4tteen m\u00e4\u00e4r\u00e4n ja maksimoi tuottavuuden hein\u00e4n ja oljen korjuussa.<\/p>\n<p><strong>S\u00e4il\u00f6rehun paalaaminen<\/strong><\/p>\n<ul>\n<li>K\u00e4ytt\u00f6: FMP9.0-vaihteistoa k\u00e4ytet\u00e4\u00e4n my\u00f6s s\u00e4il\u00f6rehun paalauksessa, jossa se auttaa tiivist\u00e4m\u00e4\u00e4n silputtua rehua (kuten maissia tai ruohoa) paaleiksi k\u00e4ymist\u00e4 ja varastointia varten el\u00e4inten rehuna.<\/li>\n<li>Hy\u00f6ty: Vaihteisto tarjoaa luotettavaa suorituskyky\u00e4 vaativissa olosuhteissa, sill\u00e4 se k\u00e4sittelee raskaita kuormia ja nopeita toimintoja, joita tarvitaan s\u00e4il\u00f6rehun paaluun, mik\u00e4 v\u00e4hent\u00e4\u00e4 seisokkiaikoja ja parantaa toiminnan tehokkuutta.<\/li>\n<\/ul>\n<p>Ominaisuus: Luotettava toiminta raskaissa kuormissa<br \/>\nVarmistaa sujuvan toiminnan my\u00f6s kosteiden materiaalien, kuten s\u00e4il\u00f6rehun, kanssa, mik\u00e4 edist\u00e4\u00e4 tasaista tuotosta ja pitk\u00e4aikaista kest\u00e4vyytt\u00e4.<\/p>\n<p><strong>Maatalousj\u00e4tteen kierr\u00e4tys<\/strong><\/p>\n<ul>\n<li>K\u00e4ytt\u00f6: Vaihteisto on v\u00e4ltt\u00e4m\u00e4t\u00f6n maatalousj\u00e4tteen kierr\u00e4tyksess\u00e4 k\u00e4ytett\u00e4ville py\u00f6r\u00f6paalaimille, sill\u00e4 se auttaa tiivist\u00e4m\u00e4\u00e4n ja sitomaan orgaanista j\u00e4tett\u00e4 hallittaviksi paaleiksi kompostointia tai h\u00e4vitt\u00e4mist\u00e4 varten.<\/li>\n<li>Hy\u00f6ty: FMP9.0-vaihteiston ansiosta paalaimet voivat k\u00e4sitell\u00e4 tehokkaasti erilaisia \u200b\u200borgaanisia materiaaleja, mik\u00e4 lis\u00e4\u00e4 kierr\u00e4tystoimintojen monipuolisuutta maatiloilla ja suurissa maatalousyrityksiss\u00e4.<\/li>\n<\/ul>\n<p>Ominaisuus: Monipuolisuus maatalousj\u00e4tteen k\u00e4sittelyss\u00e4<br \/>\nVarmistaa erilaisten orgaanisten j\u00e4tteiden luotettavan ja tehokkaan paalauksen, tukien kest\u00e4v\u00e4n kehityksen pyrkimyksi\u00e4 ja j\u00e4tehuoltoa maataloudessa.<\/p>\n<p><strong>Laajamittainen maatalous ja karjankasvatus<\/strong><\/p>\n<ul>\n<li>K\u00e4ytt\u00f6: Suurilla tiloilla tai karjankasvatuksissa FMP9.0-vaihteistoa k\u00e4ytet\u00e4\u00e4n usein suuren kapasiteetin paalaimissa suurten hein\u00e4-, olki- tai s\u00e4il\u00f6rehum\u00e4\u00e4rien tuottamiseen karjan ruokintaan.<\/li>\n<li>Hy\u00f6ty: Sen kest\u00e4vyys ja luotettavuus ovat olennaisia \u200b\u200b\u200b\u200blaajamittaisen toiminnan sujuvuuden varmistamiseksi, seisokkiaikojen minimoimiseksi ja sadonkorjuukausien tuottavuuden maksimoimiseksi.<\/li>\n<\/ul>\n<p>Ominaisuus: Kest\u00e4vyys suurtuotantoon<br \/>\nIhanteellinen suuriin operaatioihin, FMP9.0-vaihteisto k\u00e4sittelee raskaan liikenteen syklej\u00e4 varmistaen korkean tuottavuuden ja minimaaliset huoltotarpeet.<\/p>\n<p><strong>Kaupalliset hein\u00e4- ja rehupalvelut<\/strong><\/p>\n<ul>\n<li>K\u00e4ytt\u00f6: Monet kaupalliset hein\u00e4- ja rehupalvelut k\u00e4ytt\u00e4v\u00e4t paalainkalustossaan FMP9.0-vaihteistoa vastatakseen erilaisten asiakkaiden tarpeisiin pienist\u00e4 perhetiloista suurempiin kaupallisiin yrityksiin.<\/li>\n<li>Hy\u00f6ty: Vaihteiston tehokas voimansiirto ja helppo huolto tekev\u00e4t siit\u00e4 ihanteellisen valinnan palveluntarjoajille, jotka tarvitsevat luotettavia ja tehokkaita laitteita erilaisten rehu- ja paalausolosuhteiden k\u00e4sittelyyn.<\/li>\n<\/ul>\n<p>Ominaisuus: Luotettava ja palvelukeskeinen suunnittelu<br \/>\nTukee palveluntarjoajia tarjoamalla luotettavuutta ja helppok\u00e4ytt\u00f6isyytt\u00e4 varmistaen, ett\u00e4 asiakkaat saavat jatkuvasti korkealaatuisia paaleja.<\/p>\n<p><strong>Bioenergian tuotanto<\/strong><\/p>\n<ul>\n<li>K\u00e4ytt\u00f6: FMP9.0-vaihteistoa k\u00e4ytet\u00e4\u00e4n paalaimissa, jotka tuottavat biomassapaaleja bioenergian tuotantoon ja muuttavat orgaanisia materiaaleja, kuten olkea tai ruohoa, polttoaineeksi energiantuotantoon.<\/li>\n<li>Hy\u00f6ty: Vaihteisto varmistaa tehokkaan voimansiirron paalauksen aikana, mik\u00e4 auttaa tuottamaan tasaisia \u200b\u200bpaaleja, jotka voidaan helposti jalostaa bioenergiaksi.<\/li>\n<\/ul>\n<p>Ominaisuus: Kest\u00e4v\u00e4 kehitys ja energiatehokkuus<br \/>\nTukee bioenergia-alan kest\u00e4vi\u00e4 k\u00e4yt\u00e4nt\u00f6j\u00e4 varmistaen uusiutuvien orgaanisten materiaalien tehokkaan paalauksen energiantuotantoa varten.<\/p>\n<p>FMP9.0-py\u00f6r\u00f6paalaimen vaihteistoa k\u00e4ytet\u00e4\u00e4n p\u00e4\u00e4asiassa hein\u00e4n, oljen, s\u00e4il\u00f6rehun, maatalousj\u00e4tteen kierr\u00e4tyksen, laajamittaisen maatalouden ja bioenergian tuotannon parissa. Sen kest\u00e4vyyden, luotettavuuden ja tehokkaan suorituskyvyn yhdistelm\u00e4 tekee siit\u00e4 erinomaisen valinnan erilaisiin maatalous- ja teollisuussovelluksiin, varmistaen korkealaatuiset tulokset ja tukien paalainten tehokasta toimintaa eri sektoreilla.<\/p>\n<p><img loading=\"lazy\" decoding=\"async\" class=\"alignnone size-full wp-image-2500\" src=\"https:\/\/fmp-components.com\/wp-content\/uploads\/2025\/01\/Round-Baler-Gearbox-131-scaled.webp\" alt=\"Py\u00f6r\u00f6paalaimen vaihdelaatikko-13(1)\" width=\"2560\" height=\"1459\" title=\"\" srcset=\"https:\/\/fmp-components.com\/wp-content\/uploads\/2025\/01\/Round-Baler-Gearbox-131-scaled.webp 2560w, https:\/\/fmp-components.com\/wp-content\/uploads\/2025\/01\/Round-Baler-Gearbox-131-1280x730.webp 1280w, https:\/\/fmp-components.com\/wp-content\/uploads\/2025\/01\/Round-Baler-Gearbox-131-980x559.webp 980w, https:\/\/fmp-components.com\/wp-content\/uploads\/2025\/01\/Round-Baler-Gearbox-131-480x274.webp 480w\" sizes=\"(min-width: 0px) and (max-width: 480px) 480px, (min-width: 481px) and (max-width: 980px) 980px, (min-width: 981px) and (max-width: 1280px) 1280px, (min-width: 1281px) 2560px, 100vw\" \/><\/p>\n<h3>Tietoja FMP:st\u00e4<\/h3>\n<p>Italiassa p\u00e4\u00e4konttoriaan pit\u00e4v\u00e4 FMP on johtava valmistaja, joka tunnetaan asiantuntemuksestaan \u200b\u200btehokkaiden vaihteistojen suunnittelussa, kehitt\u00e4misess\u00e4 ja tuotannossa, keskittyen erityisesti maatalouskonesektoriin. Tarkkuuden, innovatiivisten ratkaisujen ja horjumattoman luotettavuuden ansiosta FMP:st\u00e4 on tullut luotettava kumppani sek\u00e4 maatalous- ett\u00e4 teollisuussektorin kehittyviin tarpeisiin. Monipuolinen tuotevalikoimamme sis\u00e4lt\u00e4\u00e4 ruohonleikkureiden, nivelakseleiden ja muiden t\u00e4rkeiden komponenttien erikoisvaihteistoja, jotka kaikki on huolellisesti suunniteltu tarjoamaan r\u00e4\u00e4t\u00e4l\u00f6ityj\u00e4 ratkaisuja laajaan k\u00e4ytt\u00f6tarkoitukseen.<\/p>\n<p>FMP:ll\u00e4 ymm\u00e4rr\u00e4mme, ett\u00e4 jokaisella asiakkaalla on ainutlaatuiset vaatimukset ja haasteet. Siksi olemme erikoistuneet r\u00e4\u00e4t\u00e4l\u00f6ityjen ratkaisujen tarjoamiseen, olipa kyse sitten yksitt\u00e4isist\u00e4 komponenteista tai t\u00e4ysin integroiduista j\u00e4rjestelmist\u00e4. Teemme tiivist\u00e4 yhteisty\u00f6t\u00e4 asiakkaidemme kanssa varmistaaksemme, ett\u00e4 jokainen ratkaisu on paitsi tehokas my\u00f6s tuloksellinen, optimoiden sek\u00e4 suorituskyvyn ett\u00e4 arvon. Sitoutumisemme tarjoamaan nopeita ja ammattimaisia \u200b\u200bvastauksia sek\u00e4 asiantuntevaa ohjausta varmistaa, ett\u00e4 jokaista tiedustelua k\u00e4sitell\u00e4\u00e4n \u00e4\u00e4rimm\u00e4isen huolellisesti ja tarkasti, mik\u00e4 johtaa parhaisiin mahdollisiin tuloksiin.<\/p>\n<p>Priorisoimme avointa ja jatkuvaa viestint\u00e4\u00e4 koko tuotekehitysprosessin ajan. Omistautunut tiimimme ty\u00f6skentelee suoraan asiakkaiden kanssa ymm\u00e4rt\u00e4\u00e4kseen t\u00e4ysin heid\u00e4n erityistarpeensa ja tarjoaa arvokkaita n\u00e4kemyksi\u00e4 ja suosituksia optimaalisten ratkaisujen varmistamiseksi. Olipa kyse innovatiivisten tuotteiden suunnittelusta tai jatkuvien tilausten t\u00e4ytt\u00e4misest\u00e4, FMP on sitoutunut toimittamaan korkealaatuisia ja tarkasti suunniteltuja ratkaisuja ajallaan, joka kerta. Tavoitteenamme on tarjota asiakkaille parasta mahdollista palvelua ja tuloksia, jotka ylitt\u00e4v\u00e4t odotukset jokaisessa projektissa.<\/p>\n<p>Laatu on FMP:n toiminnan kulmakivi. Noudatamme korkeimpia valmistusstandardeja ja toteutamme tiukkoja laadunvalvontatoimenpiteit\u00e4 varmistaaksemme, ett\u00e4 jokainen tuote ei ainoastaan \u200b\u200b\u200b\u200bt\u00e4ytt\u00e4\u00e4 alan standardeja, vaan my\u00f6s ylitt\u00e4\u00e4 ne. T\u00e4m\u00e4 horjumaton sitoutuminen laatuun yhdistettyn\u00e4 ydinarvoihimme, kuten rehellisyyteen, tiimity\u00f6h\u00f6n ja sinnikkyyteen, on mahdollistanut pitk\u00e4aikaisten ja luottamukseen perustuvien asiakassuhteiden rakentamisen l\u00e4hes 30 maassa maailmanlaajuisesti.<\/p>\n<p>FMP on aina avoin globaalien kumppanuuksien edist\u00e4miselle ja on edelleen sitoutunut tarjoamaan asiantuntevaa neuvontaa ja r\u00e4\u00e4t\u00e4l\u00f6ityj\u00e4 ratkaisuja, jotka vastaavat asiakkaidemme monimuotoisiin tarpeisiin. Emme tyydy pelk\u00e4st\u00e4\u00e4n tuotteiden toimittamiseen; pyrimme rakentamaan kest\u00e4vi\u00e4 suhteita, jotka edist\u00e4v\u00e4t jokaisen projektin onnistumista. Tarvitsetpa sitten innovatiivisia ratkaisuja uuteen aloitteeseen tai jatkuvaa tukea olemassa olevalle j\u00e4rjestelm\u00e4lle, FMP on t\u00e4\u00e4ll\u00e4 ratkaisemassa tekniset haasteesi ja varmistamassa jatkuvan menestyksesi.<\/p>\n<p><img loading=\"lazy\" decoding=\"async\" class=\"alignnone size-full wp-image-1861\" src=\"https:\/\/fmp-components.com\/wp-content\/uploads\/2024\/12\/Other-Agricultural-Gearboxes.webp\" sizes=\"(min-width: 0px) and (max-width: 480px) 480px, (min-width: 481px) and (max-width: 980px) 980px, (min-width: 981px) 1200px, 100vw\" srcset=\"https:\/\/fmp-components.com\/wp-content\/uploads\/2024\/12\/Other-Agricultural-Gearboxes.webp 1200w, https:\/\/fmp-components.com\/wp-content\/uploads\/2024\/12\/Other-Agricultural-Gearboxes-980x1143.webp 980w, https:\/\/fmp-components.com\/wp-content\/uploads\/2024\/12\/Other-Agricultural-Gearboxes-480x560.webp 480w\" alt=\"Altri-cambi-agricoli\" width=\"1200\" height=\"1400\" title=\"\"><\/p>\n<p>Tekij\u00e4: CX<\/p>\n<p>&nbsp;<\/p>","protected":false},"excerpt":{"rendered":"<p>Round Baler Gearbox FMP9.0 Dimensions\u00a0 Round Baler Gearbox FMP9.0 Technical Data i Suitable Rpm input Rpm output KW(Nom) KW(Max) Toothing r\/min r\/min hp hp Decelerate 1.92:1 Round baler, harvester, etc 540 282 120 3000 Gleason Helical Teeth Remark: If you have any special require feel free let me know, we also accept custom. Round Baler [&hellip;]<\/p>","protected":false},"featured_media":2502,"comment_status":"open","ping_status":"closed","template":"","meta":{"_et_pb_use_builder":"","_et_pb_old_content":"","_et_gb_content_width":""},"product_brand":[],"product_cat":[59],"product_tag":[],"class_list":{"0":"post-2494","1":"product","2":"type-product","3":"status-publish","4":"has-post-thumbnail","6":"product_cat-round-baler-gearbox","8":"first","9":"instock","10":"shipping-taxable","11":"product-type-simple"},"_links":{"self":[{"href":"https:\/\/fmp-components.com\/fi\/wp-json\/wp\/v2\/product\/2494","targetHints":{"allow":["GET"]}}],"collection":[{"href":"https:\/\/fmp-components.com\/fi\/wp-json\/wp\/v2\/product"}],"about":[{"href":"https:\/\/fmp-components.com\/fi\/wp-json\/wp\/v2\/types\/product"}],"replies":[{"embeddable":true,"href":"https:\/\/fmp-components.com\/fi\/wp-json\/wp\/v2\/comments?post=2494"}],"wp:featuredmedia":[{"embeddable":true,"href":"https:\/\/fmp-components.com\/fi\/wp-json\/wp\/v2\/media\/2502"}],"wp:attachment":[{"href":"https:\/\/fmp-components.com\/fi\/wp-json\/wp\/v2\/media?parent=2494"}],"wp:term":[{"taxonomy":"product_brand","embeddable":true,"href":"https:\/\/fmp-components.com\/fi\/wp-json\/wp\/v2\/product_brand?post=2494"},{"taxonomy":"product_cat","embeddable":true,"href":"https:\/\/fmp-components.com\/fi\/wp-json\/wp\/v2\/product_cat?post=2494"},{"taxonomy":"product_tag","embeddable":true,"href":"https:\/\/fmp-components.com\/fi\/wp-json\/wp\/v2\/product_tag?post=2494"}],"curies":[{"name":"wp","href":"https:\/\/api.w.org\/{rel}","templated":true}]}}