{"id":2486,"date":"2025-01-02T01:55:50","date_gmt":"2025-01-02T01:55:50","guid":{"rendered":"https:\/\/fmp-components.com\/?page_id=8"},"modified":"2025-01-02T01:59:39","modified_gmt":"2025-01-02T01:59:39","slug":"round-baler-gearbox-fmp250-yj-for-round-baler-and-harvester","status":"publish","type":"product","link":"https:\/\/fmp-components.com\/fi\/product\/round-baler-gearbox-fmp250-yj-for-round-baler-and-harvester\/","title":{"rendered":"Py\u00f6r\u00f6paalaimen vaihteisto FMP250-YJ py\u00f6r\u00f6paalaimeen ja puimuriin"},"content":{"rendered":"<p><img loading=\"lazy\" decoding=\"async\" class=\"alignnone size-full wp-image-2492\" src=\"https:\/\/fmp-components.com\/wp-content\/uploads\/2025\/01\/Round-Baler-Gearbox-EP250-YJ-Part-Structure.webp\" alt=\"Py\u00f6r\u00f6paalaimen vaihteisto-EP250-YJ-osarakenne\" width=\"1281\" height=\"726\" title=\"\" srcset=\"https:\/\/fmp-components.com\/wp-content\/uploads\/2025\/01\/Round-Baler-Gearbox-EP250-YJ-Part-Structure.webp 1281w, https:\/\/fmp-components.com\/wp-content\/uploads\/2025\/01\/Round-Baler-Gearbox-EP250-YJ-Part-Structure-980x555.webp 980w, https:\/\/fmp-components.com\/wp-content\/uploads\/2025\/01\/Round-Baler-Gearbox-EP250-YJ-Part-Structure-480x272.webp 480w\" sizes=\"(min-width: 0px) and (max-width: 480px) 480px, (min-width: 481px) and (max-width: 980px) 980px, (min-width: 981px) 1281px, 100vw\" \/><\/p>\n<h2>Py\u00f6r\u00f6paalaimen vaihteiston FMP250-YJ mitat <img loading=\"lazy\" decoding=\"async\" class=\"alignnone size-full wp-image-2488\" src=\"https:\/\/fmp-components.com\/wp-content\/uploads\/2025\/01\/Round-Baler-Gearbox-EP250-YJ-Dimensions-1.webp\" alt=\"Py\u00f6r\u00f6paalaimen-vaihteisto-EP250-YJ-Mitat-1\" width=\"1608\" height=\"739\" title=\"\" srcset=\"https:\/\/fmp-components.com\/wp-content\/uploads\/2025\/01\/Round-Baler-Gearbox-EP250-YJ-Dimensions-1.webp 1608w, https:\/\/fmp-components.com\/wp-content\/uploads\/2025\/01\/Round-Baler-Gearbox-EP250-YJ-Dimensions-1-1280x588.webp 1280w, https:\/\/fmp-components.com\/wp-content\/uploads\/2025\/01\/Round-Baler-Gearbox-EP250-YJ-Dimensions-1-980x450.webp 980w, https:\/\/fmp-components.com\/wp-content\/uploads\/2025\/01\/Round-Baler-Gearbox-EP250-YJ-Dimensions-1-480x221.webp 480w\" sizes=\"(min-width: 0px) and (max-width: 480px) 480px, (min-width: 481px) and (max-width: 980px) 980px, (min-width: 981px) and (max-width: 1280px) 1280px, (min-width: 1281px) 1608px, 100vw\" \/><\/h2>\n<p><img loading=\"lazy\" decoding=\"async\" class=\"alignnone size-full wp-image-2487\" src=\"https:\/\/fmp-components.com\/wp-content\/uploads\/2025\/01\/Round-Baler-Gearbox-EP250-YJ-Dimensions-2.webp\" alt=\"Py\u00f6r\u00f6paalaimen-vaihteisto-EP250-YJ-Mitat-2\" width=\"1506\" height=\"663\" title=\"\" srcset=\"https:\/\/fmp-components.com\/wp-content\/uploads\/2025\/01\/Round-Baler-Gearbox-EP250-YJ-Dimensions-2.webp 1506w, https:\/\/fmp-components.com\/wp-content\/uploads\/2025\/01\/Round-Baler-Gearbox-EP250-YJ-Dimensions-2-1280x564.webp 1280w, https:\/\/fmp-components.com\/wp-content\/uploads\/2025\/01\/Round-Baler-Gearbox-EP250-YJ-Dimensions-2-980x431.webp 980w, https:\/\/fmp-components.com\/wp-content\/uploads\/2025\/01\/Round-Baler-Gearbox-EP250-YJ-Dimensions-2-480x211.webp 480w\" sizes=\"(min-width: 0px) and (max-width: 480px) 480px, (min-width: 481px) and (max-width: 980px) 980px, (min-width: 981px) and (max-width: 1280px) 1280px, (min-width: 1281px) 1506px, 100vw\" \/><\/p>\n<h2>Py\u00f6r\u00f6paalaimen vaihteiston FMP250-YJ tekniset tiedot<\/h2>\n<table style=\"width: 98.6837%; height: 177px;\" border=\"1\" cellspacing=\"0\" cellpadding=\"0\">\n<tbody>\n<tr style=\"height: 47px;\">\n<td style=\"height: 70px;\" colspan=\"2\" rowspan=\"2\">min\u00e4<\/td>\n<td style=\"height: 70px;\" rowspan=\"2\">Sopii<\/td>\n<td style=\"height: 47px;\">Kierroslukutulo<\/td>\n<td style=\"height: 47px;\">Kierrosluku<\/td>\n<td style=\"height: 47px;\">kW (nim.)<\/td>\n<td style=\"height: 47px;\">kW (maks.)<\/td>\n<td style=\"height: 70px;\" rowspan=\"2\">Hammastus<\/td>\n<\/tr>\n<tr style=\"height: 23px;\">\n<td style=\"height: 23px;\">kierrosta minuutissa<\/td>\n<td style=\"height: 23px;\">kierrosta minuutissa<\/td>\n<td style=\"height: 23px;\">hv<\/td>\n<td style=\"height: 23px;\">hv<\/td>\n<\/tr>\n<tr style=\"height: 71px;\">\n<td style=\"height: 71px;\">Hidasta<\/td>\n<td style=\"height: 71px;\">1.92:1<\/td>\n<td style=\"height: 71px;\">Py\u00f6r\u00f6paalain,<br \/>\nleikkuupuimuri jne.<\/td>\n<td style=\"height: 71px;\">540<\/td>\n<td style=\"height: 71px;\">282<\/td>\n<td style=\"height: 71px;\">80<\/td>\n<td style=\"height: 71px;\">1800<\/td>\n<td style=\"height: 71px;\">Gleason Helical<br \/>\nHampaat<\/td>\n<\/tr>\n<tr style=\"height: 23px;\">\n<td style=\"height: 23px;\" colspan=\"8\">Huomautus: Jos sinulla on erityisvaatimuksia, kerro siit\u00e4 minulle, hyv\u00e4ksymme my\u00f6s mittatilausty\u00f6n\u00e4 tehdyt tarjoukset.<\/td>\n<\/tr>\n<\/tbody>\n<\/table>\n<h2>Py\u00f6r\u00f6paalaimen vaihteisto FMP250-YJ Osarakenne<\/h2>\n<p>FMP250-YJ-py\u00f6r\u00f6paalaimen vaihteisto on suunniteltu vastaamaan maatalouspaalainten tiukkoihin vaatimuksiin ja varmistamaan tehokkaan ja luotettavan suorituskyvyn pellolla. Alla on erittely FMP250-YJ-vaihteiston t\u00e4rkeimmist\u00e4 komponenteista ja osien rakenteesta, korostaen sen toiminnallisuutta ja kunkin osan merkityst\u00e4 optimaalisen toiminnan kannalta:<\/p>\n<p><strong>Asuminen<\/strong><\/p>\n<p>FMP250-YJ-vaihteiston kotelo on valmistettu korkealaatuisesta valuraudasta tai ter\u00e4ksest\u00e4, mik\u00e4 varmistaa lujuuden ja kest\u00e4vyyden. Se muodostaa ulkokuoren, joka pit\u00e4\u00e4 kaikki sis\u00e4iset komponentit paikoillaan ja suojaa niit\u00e4 ulkoisilta tekij\u00f6ilt\u00e4, \u200b\u200bkuten p\u00f6lylt\u00e4, roskilta ja kosteudelta. Kotelo mahdollistaa my\u00f6s asianmukaisen l\u00e4mm\u00f6npoiston, mik\u00e4 on v\u00e4ltt\u00e4m\u00e4t\u00f6nt\u00e4 vaihteiston k\u00e4ytt\u00f6l\u00e4mp\u00f6tilan yll\u00e4pit\u00e4miseksi k\u00e4yt\u00f6n aikana.<\/p>\n<ul>\n<li>Materiaali: Valurauta tai ter\u00e4s.<\/li>\n<li>Toiminto: Suojaa sis\u00e4isi\u00e4 komponentteja ja varmistaa rakenteellisen eheyden.<\/li>\n<li>Hy\u00f6ty: Kest\u00e4vyys ja kest\u00e4vyys ymp\u00e4rist\u00f6olosuhteille.<\/li>\n<\/ul>\n<p><strong>Tuloakseli<\/strong><\/p>\n<p>Tuloakseli vastaanottaa py\u00f6rimisvoiman traktorin voimanottoj\u00e4rjestelm\u00e4st\u00e4. Se v\u00e4litt\u00e4\u00e4 t\u00e4m\u00e4n voiman vaihteistoon, joka k\u00e4ynnist\u00e4\u00e4 paalainmekanismia k\u00e4ytt\u00e4v\u00e4n mekaanisen prosessin. Tuloakselilla on tyypillisesti uraliitos traktorin voimanottoon, mik\u00e4 varmistaa turvallisen ja tehokkaan voimansiirron.<\/p>\n<ul>\n<li>Materiaali: Karkaistu ter\u00e4s tai seos.<\/li>\n<li>Toiminto: Siirt\u00e4\u00e4 voiman voimanottoakselij\u00e4rjestelm\u00e4st\u00e4 vaihteistoon.<\/li>\n<li>Etu: Suuri v\u00e4\u00e4nt\u00f6momenttikapasiteetti, joka mahdollistaa tehokkaan k\u00e4yt\u00f6n raskaalla kuormituksella.<\/li>\n<\/ul>\n<p><img loading=\"lazy\" decoding=\"async\" class=\"alignnone size-full wp-image-2489\" src=\"https:\/\/fmp-components.com\/wp-content\/uploads\/2025\/01\/Round-Baler-Gearbox-13-scaled.webp\" alt=\"Py\u00f6r\u00f6paalaimen vaihdelaatikko\" width=\"2560\" height=\"1459\" title=\"\" srcset=\"https:\/\/fmp-components.com\/wp-content\/uploads\/2025\/01\/Round-Baler-Gearbox-13-scaled.webp 2560w, https:\/\/fmp-components.com\/wp-content\/uploads\/2025\/01\/Round-Baler-Gearbox-13-1280x730.webp 1280w, https:\/\/fmp-components.com\/wp-content\/uploads\/2025\/01\/Round-Baler-Gearbox-13-980x559.webp 980w, https:\/\/fmp-components.com\/wp-content\/uploads\/2025\/01\/Round-Baler-Gearbox-13-480x274.webp 480w\" sizes=\"(min-width: 0px) and (max-width: 480px) 480px, (min-width: 481px) and (max-width: 980px) 980px, (min-width: 981px) and (max-width: 1280px) 1280px, (min-width: 1281px) 2560px, 100vw\" \/><\/p>\n<p><strong>L\u00e4ht\u00f6akseli<\/strong><\/p>\n<p>Ulostuloakseli on kytketty py\u00f6r\u00f6paalaimen k\u00e4ytt\u00f6mekanismiin, kuten paalainteloihin tai solmimisj\u00e4rjestelm\u00e4\u00e4n. Se siirt\u00e4\u00e4 vaihteiston tuottaman py\u00f6rimisenergian paalauskomponentteihin, mik\u00e4 mahdollistaa paalien muodostumisen. Ulostuloakseli on suunniteltu kest\u00e4m\u00e4\u00e4n paalauksen aikana syntyv\u00e4n huomattavan kuormituksen.<\/p>\n<ul>\n<li>Materiaali: Eritt\u00e4in lujaa ter\u00e4st\u00e4.<\/li>\n<li>Toiminto: Siirt\u00e4\u00e4 voimaa paalaimen k\u00e4ytt\u00f6mekanismeihin.<\/li>\n<li>Hy\u00f6ty: Varmistaa tehokkaan energiansiirron ja paalausprosessin sujuvan toiminnan.<\/li>\n<\/ul>\n<p><strong>Vaihteet ja vaihdesarjat<\/strong><\/p>\n<p>FMP250-YJ-vaihteiston sis\u00e4ll\u00e4 olevat hammaspy\u00f6r\u00e4t ovat keskeisi\u00e4 komponentteja, jotka s\u00e4\u00e4telev\u00e4t nopeutta ja v\u00e4\u00e4nt\u00f6momenttia tulo- ja l\u00e4ht\u00f6akselien v\u00e4lill\u00e4. Vaihteisto on suunniteltu huolellisesti optimaalisen suorituskyvyn varmistamiseksi erilaisissa paalaust\u00f6iss\u00e4. Vaihteiston rakenteesta riippuen hammaspy\u00f6r\u00e4t voivat olla kartiopy\u00f6r\u00e4st\u00f6j\u00e4, planeettapy\u00f6r\u00e4st\u00f6j\u00e4 tai vinohampaisia \u200b\u200bhammaspy\u00f6ri\u00e4.<\/p>\n<ul>\n<li>Materiaali: Karkaistu ter\u00e4s tai seos, jossa on l\u00e4mp\u00f6k\u00e4sittely kulutuskest\u00e4vyyden parantamiseksi.<\/li>\n<li>Toiminto: S\u00e4\u00e4t\u00e4\u00e4 nopeutta ja v\u00e4\u00e4nt\u00f6momenttia paalaimen vaatimusten mukaan.<\/li>\n<li>Hy\u00f6ty: Tarjoaa tarkan tehons\u00e4\u00e4d\u00f6n, mik\u00e4 varmistaa tasaisen ja tehokkaan paalauksen.<\/li>\n<\/ul>\n<p><strong>Laakerit<\/strong><\/p>\n<p>FMP250-YJ-vaihteiston laakerit auttavat tukemaan akseleita ja mahdollistavat tasaisen py\u00f6rimisen ilman liiallista kitkaa. Ne ovat ratkaisevan t\u00e4rkeit\u00e4 vaihteiston osien kulumisen minimoimiseksi, mik\u00e4 parantaa pitk\u00e4ik\u00e4isyytt\u00e4 ja toiminnan tehokkuutta. Laakerit koostuvat tyypillisesti rulla- tai kuulalaakereista kuormituksesta ja py\u00f6rimisvaatimuksista riippuen.<\/p>\n<ul>\n<li>Materiaali: Ter\u00e4s tai keramiikka suuria kuormia kest\u00e4viin sovelluksiin.<\/li>\n<li>Toiminto: Tukee akseleita ja v\u00e4hent\u00e4\u00e4 kitkaa.<\/li>\n<li>Hy\u00f6ty: Pidentynyt k\u00e4ytt\u00f6ik\u00e4 ja pienemm\u00e4t yll\u00e4pitokustannukset.<\/li>\n<\/ul>\n<p><strong>Voiteluj\u00e4rjestelm\u00e4<\/strong><\/p>\n<p>FMP250-YJ-vaihteiston voiteluj\u00e4rjestelm\u00e4 on suunniteltu v\u00e4hent\u00e4m\u00e4\u00e4n liikkuvien osien v\u00e4list\u00e4 kitkaa, varmistaen tasaisen toiminnan ja est\u00e4en ylikuumenemisen. Vaihteisto on tyypillisesti t\u00e4ytetty korkealaatuisella \u00f6ljyll\u00e4, joka kiert\u00e4\u00e4 voidellen hammaspy\u00f6ri\u00e4, akseleita ja laakereita. Oikea voitelu on ratkaisevan t\u00e4rke\u00e4\u00e4 tehokkuuden yll\u00e4pit\u00e4miseksi ja kulumisen v\u00e4hent\u00e4miseksi.<\/p>\n<ul>\n<li>Tyyppi: \u00d6ljypohjainen voitelu.<\/li>\n<li>Toiminto: V\u00e4hent\u00e4\u00e4 kitkaa ja pit\u00e4\u00e4 vaihteiston k\u00e4ynniss\u00e4 optimaalisissa l\u00e4mp\u00f6tiloissa.<\/li>\n<li>Hy\u00f6ty: Est\u00e4\u00e4 ylikuumenemisen, pident\u00e4\u00e4 komponenttien k\u00e4ytt\u00f6ik\u00e4\u00e4 ja v\u00e4hent\u00e4\u00e4 huoltotarvetta.<\/li>\n<\/ul>\n<p>FMP250-YJ-py\u00f6r\u00f6paalaimen vaihteisto on hienostunut kone, joka on suunniteltu tehokkaasti k\u00e4sittelem\u00e4\u00e4n maatalouden paalainlaitteiden vaativia tarpeita. Vaihteiston jokainen osa kotelosta hammaspy\u00f6riin ja laakereihin on t\u00e4rke\u00e4ss\u00e4 roolissa sujuvan toiminnan, voimansiirron ja kest\u00e4vyyden varmistamisessa. FMP250-YJ-vaihteiston rakenteen ymm\u00e4rt\u00e4minen on v\u00e4ltt\u00e4m\u00e4t\u00f6nt\u00e4 asianmukaisen huollon, optimaalisen suorituskyvyn varmistamiseksi ja laitteiden k\u00e4ytt\u00f6i\u00e4n pident\u00e4miseksi maatalousymp\u00e4rist\u00f6iss\u00e4.<\/p>\n<p><img loading=\"lazy\" decoding=\"async\" class=\"alignnone size-full wp-image-2491\" src=\"https:\/\/fmp-components.com\/wp-content\/uploads\/2025\/01\/Round-Baler-Gearbox-EP250-YJ-Applications-980x583-1.webp\" alt=\"Py\u00f6r\u00f6paalaimen-vaihteisto-EP250-YJ-sovellukset-980x583\" width=\"980\" height=\"583\" title=\"\" srcset=\"https:\/\/fmp-components.com\/wp-content\/uploads\/2025\/01\/Round-Baler-Gearbox-EP250-YJ-Applications-980x583-1.webp 980w, https:\/\/fmp-components.com\/wp-content\/uploads\/2025\/01\/Round-Baler-Gearbox-EP250-YJ-Applications-980x583-1-480x286.webp 480w\" sizes=\"(min-width: 0px) and (max-width: 480px) 480px, (min-width: 481px) 980px, 100vw\" \/><\/p>\n<h2>Py\u00f6r\u00f6paalaimen vaihdelaatikon FMP250-YJ yleisi\u00e4 sovelluksia<\/h2>\n<p>Py\u00f6r\u00f6paalaimen vaihteisto FMP250-YJ on erityisesti suunniteltu k\u00e4sittelem\u00e4\u00e4n maatalouspaalainten vaativia olosuhteita. Sen kest\u00e4v\u00e4 rakenne ja luotettava suorituskyky tekev\u00e4t siit\u00e4 sopivan monenlaisiin maatalousteollisuuden sovelluksiin. Alla on joitakin yleisi\u00e4 sovelluksia, joissa FMP250-YJ-vaihteistoa k\u00e4ytet\u00e4\u00e4n:<\/p>\n<p><strong>Py\u00f6r\u00f6paalaimet<\/strong><\/p>\n<p>Ensisijainen sovellus:<br \/>\nFMP250-YJ-vaihteistoa k\u00e4ytet\u00e4\u00e4n yleisimmin py\u00f6r\u00f6paalaimissa. N\u00e4m\u00e4 koneet ovat v\u00e4ltt\u00e4m\u00e4tt\u00f6mi\u00e4 maatalousteollisuudessa kompaktien hein\u00e4-, olki- tai muiden satojen paalien luomiseksi. Vaihteisto vastaa voimansiirrosta traktorin voimanottoakselij\u00e4rjestelm\u00e4st\u00e4 paalaimeen ja k\u00e4ytt\u00e4\u00e4 mekanismeja, jotka muodostavat, puristavat ja sitovat paalit.<\/p>\n<ul>\n<li>Hy\u00f6ty: Varmistaa py\u00f6r\u00f6paalauksen tehokkaan ja sujuvan toiminnan, parantaa tuottavuutta ja v\u00e4hent\u00e4\u00e4 seisokkiaikoja.<\/li>\n<\/ul>\n<p><strong>Laajamittainen hein\u00e4n ja oljen paalaaminen<\/strong><\/p>\n<p>Suuret volyymit:<br \/>\nLaajamittaisessa hein\u00e4- ja olkipaalauksessa FMP250-YJ-vaihteisto on olennainen osa suurten paalim\u00e4\u00e4rien tuotantoon k\u00e4ytett\u00e4v\u00e4\u00e4 koneistoa. Se pystyy k\u00e4sittelem\u00e4\u00e4n raskaan kuormituksen ja jatkuvan k\u00e4yt\u00f6n, jota tarvitaan kaupallisessa paalauksessa, jossa on ker\u00e4tt\u00e4v\u00e4 ja varastoitava suuria m\u00e4\u00e4ri\u00e4 hein\u00e4\u00e4 tai olkea.<\/p>\n<ul>\n<li>Hy\u00f6ty: Parantaa suurten paalausm\u00e4\u00e4rien tehokkuutta varmistaen tasaisen suorituskyvyn my\u00f6s raskaissa k\u00e4ytt\u00f6olosuhteissa.<\/li>\n<\/ul>\n<p><strong>S\u00e4il\u00f6rehun ja rehun paalaaminen<\/strong><\/p>\n<p>Rehunkorjuu:<br \/>\nFMP250-YJ-vaihteistoa k\u00e4ytet\u00e4\u00e4n my\u00f6s s\u00e4il\u00f6rehun ja rehun paalaamisessa. S\u00e4il\u00f6rehun paalaimet puristavat satoa, kuten ruohoa, sinimailasta tai maissia, tiiviisti pakatuiksi paaleiksi varastointia ja my\u00f6hemmin el\u00e4inten rehuna k\u00e4ytt\u00f6\u00e4 varten. Vaihteistolla on ratkaiseva rooli n\u00e4iden paalainten puristus- ja sidontamekanismien k\u00e4yt\u00f6ss\u00e4.<\/p>\n<ul>\n<li>Hy\u00f6ty: Mahdollistaa paalauksen tarkan hallinnan, mik\u00e4 varmistaa korkealaatuiset paalit, jotka s\u00e4ilytt\u00e4v\u00e4t rehun ravintoarvon.<\/li>\n<\/ul>\n<p><strong>Mittatilausty\u00f6n\u00e4 tehdyt paalauslaitteet<\/strong><\/p>\n<p>Mukautetut sovellukset:<br \/>\nFMP250-YJ-vaihteisto tarjoaa joustavan ratkaisun valmistajille tai k\u00e4ytt\u00e4jille, jotka tarvitsevat r\u00e4\u00e4t\u00e4l\u00f6ityj\u00e4 paalaimia. Vaihteisto voidaan integroida erityisesti suunniteltuihin paalaimiin vastaamaan erityisi\u00e4 k\u00e4ytt\u00f6tarpeita, kuten suurempaa paalikokoa tai korkeampaa puristustasoa.<\/p>\n<ul>\n<li>Hy\u00f6ty: Tarjoaa monipuolisuutta ja r\u00e4\u00e4t\u00e4l\u00f6intivaihtoehtoja erikoistuneisiin paalaust\u00f6ihin varmistaen ainutlaatuisia vaatimuksia vastaavan suorituskyvyn.<\/li>\n<\/ul>\n<p><strong>Maatalous ja maataloustoiminta<\/strong><\/p>\n<p>Yleinen maatalousk\u00e4ytt\u00f6:<br \/>\nFMP250-YJ-vaihteistoa k\u00e4ytet\u00e4\u00e4n yleisesti erilaisissa maatalousteht\u00e4viss\u00e4, joissa py\u00f6r\u00f6paalit ovat keskeinen osa tilanhoitoa. N\u00e4ihin sovelluksiin voi kuulua hein\u00e4n, oljen tai muiden satomateriaalien ker\u00e4\u00e4minen ja varastointi karjanrehuksi, kuivikkeeksi tai jatkojalostukseksi.<\/p>\n<ul>\n<li>Hy\u00f6ty: Tukee tehokasta resurssienhallintaa maataloudessa ja auttaa viljelij\u00f6it\u00e4 virtaviivaistamaan prosessejaan paremman sadon ja laadun saavuttamiseksi.<\/li>\n<\/ul>\n<p><strong>Karja- ja maitotilat<\/strong><\/p>\n<p>Rehun s\u00e4ilytys:<br \/>\nKarja- ja maitotiloilla, joilla hein\u00e4 tai s\u00e4il\u00f6rehu on kriittinen rehunl\u00e4hde, FMP250-YJ-vaihteistoa k\u00e4ytet\u00e4\u00e4n paalaimissa, jotka tuottavat hyvin pakattuja ja helposti varastoitavia paaleja. Kyky tuottaa ja varastoida rehua tehokkaasti auttaa v\u00e4hent\u00e4m\u00e4\u00e4n j\u00e4tett\u00e4 ja varmistaa el\u00e4inten tasaisen saannin ymp\u00e4ri vuoden.<\/p>\n<ul>\n<li>Hy\u00f6ty: Auttaa yll\u00e4pit\u00e4m\u00e4\u00e4n korkeaa rehun laatua ja varmistaa rehun luotettavan saatavuuden, mik\u00e4 v\u00e4hent\u00e4\u00e4 viljelij\u00f6iden toimintakustannuksia.<\/li>\n<\/ul>\n<p>Py\u00f6r\u00f6paalaimen vaihteisto FMP250-YJ on maatalousteollisuuden t\u00e4rke\u00e4 osa, jota k\u00e4ytet\u00e4\u00e4n yleisesti esimerkiksi py\u00f6r\u00f6paalauksessa, s\u00e4il\u00f6rehun ja rehun korjuussa sek\u00e4 laajamittaisessa hein\u00e4ntuotannossa. Sen kest\u00e4vyys, tehokas voimansiirto ja joustavuus tekev\u00e4t siit\u00e4 sopivan sek\u00e4 kaupalliseen toimintaan ett\u00e4 r\u00e4\u00e4t\u00e4l\u00f6ityihin maataloussovelluksiin. K\u00e4ytettiinp\u00e4 sit\u00e4 maitotiloilla, hein\u00e4ntuotannossa tai erikoislaitteissa, FMP250-YJ-vaihteisto varmistaa luotettavan ja tehokkaan paalauksen.<\/p>\n<p><img loading=\"lazy\" decoding=\"async\" class=\"alignnone size-full wp-image-2490\" src=\"https:\/\/fmp-components.com\/wp-content\/uploads\/2025\/01\/Round-Baler-Gearbox-EP250-YJ-Installation-Operation.webp\" alt=\"Py\u00f6r\u00f6paalaimen-vaihteisto-EP250-YJ-Asennus-K\u00e4ytt\u00f6\" width=\"1000\" height=\"640\" title=\"\" srcset=\"https:\/\/fmp-components.com\/wp-content\/uploads\/2025\/01\/Round-Baler-Gearbox-EP250-YJ-Installation-Operation.webp 1000w, https:\/\/fmp-components.com\/wp-content\/uploads\/2025\/01\/Round-Baler-Gearbox-EP250-YJ-Installation-Operation-980x627.webp 980w, https:\/\/fmp-components.com\/wp-content\/uploads\/2025\/01\/Round-Baler-Gearbox-EP250-YJ-Installation-Operation-480x307.webp 480w\" sizes=\"(min-width: 0px) and (max-width: 480px) 480px, (min-width: 481px) and (max-width: 980px) 980px, (min-width: 981px) 1000px, 100vw\" \/><\/p>\n<h3>Tietoja FMP:st\u00e4<\/h3>\n<p>Italiassa p\u00e4\u00e4konttoriaan pit\u00e4v\u00e4 FMP on johtava valmistaja, joka tunnetaan asiantuntemuksestaan \u200b\u200btehokkaiden vaihteistojen suunnittelussa, kehitt\u00e4misess\u00e4 ja tuotannossa, keskittyen erityisesti maatalouskonesektoriin. Tarkkuuden, innovatiivisten ratkaisujen ja horjumattoman luotettavuuden ansiosta FMP:st\u00e4 on tullut luotettava kumppani sek\u00e4 maatalous- ett\u00e4 teollisuussektorin kehittyviin tarpeisiin. Monipuolinen tuotevalikoimamme sis\u00e4lt\u00e4\u00e4 ruohonleikkureiden, nivelakseleiden ja muiden t\u00e4rkeiden komponenttien erikoisvaihteistoja, jotka kaikki on huolellisesti suunniteltu tarjoamaan r\u00e4\u00e4t\u00e4l\u00f6ityj\u00e4 ratkaisuja laajaan k\u00e4ytt\u00f6tarkoitukseen.<\/p>\n<p>FMP:ll\u00e4 ymm\u00e4rr\u00e4mme, ett\u00e4 jokaisella asiakkaalla on ainutlaatuiset vaatimukset ja haasteet. Siksi olemme erikoistuneet r\u00e4\u00e4t\u00e4l\u00f6ityjen ratkaisujen tarjoamiseen, olipa kyse sitten yksitt\u00e4isist\u00e4 komponenteista tai t\u00e4ysin integroiduista j\u00e4rjestelmist\u00e4. Teemme tiivist\u00e4 yhteisty\u00f6t\u00e4 asiakkaidemme kanssa varmistaaksemme, ett\u00e4 jokainen ratkaisu on paitsi tehokas my\u00f6s tuloksellinen, optimoiden sek\u00e4 suorituskyvyn ett\u00e4 arvon. Sitoutumisemme tarjoamaan nopeita ja ammattimaisia \u200b\u200bvastauksia sek\u00e4 asiantuntevaa ohjausta varmistaa, ett\u00e4 jokaista tiedustelua k\u00e4sitell\u00e4\u00e4n \u00e4\u00e4rimm\u00e4isen huolellisesti ja tarkasti, mik\u00e4 johtaa parhaisiin mahdollisiin tuloksiin.<\/p>\n<p>Priorisoimme avointa ja jatkuvaa viestint\u00e4\u00e4 koko tuotekehitysprosessin ajan. Omistautunut tiimimme ty\u00f6skentelee suoraan asiakkaiden kanssa ymm\u00e4rt\u00e4\u00e4kseen t\u00e4ysin heid\u00e4n erityistarpeensa ja tarjoaa arvokkaita n\u00e4kemyksi\u00e4 ja suosituksia optimaalisten ratkaisujen varmistamiseksi. Olipa kyse innovatiivisten tuotteiden suunnittelusta tai jatkuvien tilausten t\u00e4ytt\u00e4misest\u00e4, FMP on sitoutunut toimittamaan korkealaatuisia ja tarkasti suunniteltuja ratkaisuja ajallaan, joka kerta. Tavoitteenamme on tarjota asiakkaille parasta mahdollista palvelua ja tuloksia, jotka ylitt\u00e4v\u00e4t odotukset jokaisessa projektissa.<\/p>\n<p>Laatu on FMP:n toiminnan kulmakivi. Noudatamme korkeimpia valmistusstandardeja ja toteutamme tiukkoja laadunvalvontatoimenpiteit\u00e4 varmistaaksemme, ett\u00e4 jokainen tuote ei ainoastaan \u200b\u200b\u200b\u200bt\u00e4ytt\u00e4\u00e4 alan standardeja, vaan my\u00f6s ylitt\u00e4\u00e4 ne. T\u00e4m\u00e4 horjumaton sitoutuminen laatuun yhdistettyn\u00e4 ydinarvoihimme, kuten rehellisyyteen, tiimity\u00f6h\u00f6n ja sinnikkyyteen, on mahdollistanut pitk\u00e4aikaisten ja luottamukseen perustuvien asiakassuhteiden rakentamisen l\u00e4hes 30 maassa maailmanlaajuisesti.<\/p>\n<p>FMP on aina avoin globaalien kumppanuuksien edist\u00e4miselle ja on edelleen sitoutunut tarjoamaan asiantuntevaa neuvontaa ja r\u00e4\u00e4t\u00e4l\u00f6ityj\u00e4 ratkaisuja, jotka vastaavat asiakkaidemme monimuotoisiin tarpeisiin. Emme tyydy pelk\u00e4st\u00e4\u00e4n tuotteiden toimittamiseen; pyrimme rakentamaan kest\u00e4vi\u00e4 suhteita, jotka edist\u00e4v\u00e4t jokaisen projektin onnistumista. Tarvitsetpa sitten innovatiivisia ratkaisuja uuteen aloitteeseen tai jatkuvaa tukea olemassa olevalle j\u00e4rjestelm\u00e4lle, FMP on t\u00e4\u00e4ll\u00e4 ratkaisemassa tekniset haasteesi ja varmistamassa jatkuvan menestyksesi.<\/p>\n<p><img loading=\"lazy\" decoding=\"async\" class=\"alignnone size-full wp-image-1861\" src=\"https:\/\/fmp-components.com\/wp-content\/uploads\/2024\/12\/Other-Agricultural-Gearboxes.webp\" sizes=\"(min-width: 0px) and (max-width: 480px) 480px, (min-width: 481px) and (max-width: 980px) 980px, (min-width: 981px) 1200px, 100vw\" srcset=\"https:\/\/fmp-components.com\/wp-content\/uploads\/2024\/12\/Other-Agricultural-Gearboxes.webp 1200w, https:\/\/fmp-components.com\/wp-content\/uploads\/2024\/12\/Other-Agricultural-Gearboxes-980x1143.webp 980w, https:\/\/fmp-components.com\/wp-content\/uploads\/2024\/12\/Other-Agricultural-Gearboxes-480x560.webp 480w\" alt=\"Altri-cambi-agricoli\" width=\"1200\" height=\"1400\" title=\"\"><\/p>\n<p>Tekij\u00e4: CX<\/p>","protected":false},"excerpt":{"rendered":"<p>Round Baler Gearbox FMP250-YJ Dimensions Round Baler Gearbox FMP250-YJ Technical Data i Suitable Rpm input Rpm output KW(Nom) KW(Max) Toothing r\/min r\/min hp hp Decelerate 1.92:1 Round baler, harvester, etc 540 282 80 1800 Gleason Helical Teeth Remark: If you have any special require feel free let me know, we also accept custom. Round Baler [&hellip;]<\/p>","protected":false},"featured_media":2493,"comment_status":"open","ping_status":"closed","template":"","meta":{"_et_pb_use_builder":"","_et_pb_old_content":"","_et_gb_content_width":""},"product_brand":[],"product_cat":[59],"product_tag":[],"class_list":{"0":"post-2486","1":"product","2":"type-product","3":"status-publish","4":"has-post-thumbnail","6":"product_cat-round-baler-gearbox","8":"first","9":"instock","10":"shipping-taxable","11":"product-type-simple"},"_links":{"self":[{"href":"https:\/\/fmp-components.com\/fi\/wp-json\/wp\/v2\/product\/2486","targetHints":{"allow":["GET"]}}],"collection":[{"href":"https:\/\/fmp-components.com\/fi\/wp-json\/wp\/v2\/product"}],"about":[{"href":"https:\/\/fmp-components.com\/fi\/wp-json\/wp\/v2\/types\/product"}],"replies":[{"embeddable":true,"href":"https:\/\/fmp-components.com\/fi\/wp-json\/wp\/v2\/comments?post=2486"}],"wp:featuredmedia":[{"embeddable":true,"href":"https:\/\/fmp-components.com\/fi\/wp-json\/wp\/v2\/media\/2493"}],"wp:attachment":[{"href":"https:\/\/fmp-components.com\/fi\/wp-json\/wp\/v2\/media?parent=2486"}],"wp:term":[{"taxonomy":"product_brand","embeddable":true,"href":"https:\/\/fmp-components.com\/fi\/wp-json\/wp\/v2\/product_brand?post=2486"},{"taxonomy":"product_cat","embeddable":true,"href":"https:\/\/fmp-components.com\/fi\/wp-json\/wp\/v2\/product_cat?post=2486"},{"taxonomy":"product_tag","embeddable":true,"href":"https:\/\/fmp-components.com\/fi\/wp-json\/wp\/v2\/product_tag?post=2486"}],"curies":[{"name":"wp","href":"https:\/\/api.w.org\/{rel}","templated":true}]}}