{"id":2482,"date":"2025-01-02T01:34:55","date_gmt":"2025-01-02T01:34:55","guid":{"rendered":"https:\/\/fmp-components.com\/?page_id=8"},"modified":"2025-01-02T01:34:55","modified_gmt":"2025-01-02T01:34:55","slug":"round-baler-gearbox-replacement-of-comer-code-t-290hd","status":"publish","type":"product","link":"https:\/\/fmp-components.com\/fi\/product\/round-baler-gearbox-replacement-of-comer-code-t-290hd\/","title":{"rendered":"Py\u00f6r\u00f6paalaimen vaihteisto \u2013 Comer-koodin T-290HD vaihto"},"content":{"rendered":"<p><img loading=\"lazy\" decoding=\"async\" class=\"size-full wp-image-2484 aligncenter\" src=\"https:\/\/fmp-components.com\/wp-content\/uploads\/2025\/01\/round-baler-gearbox-t290hd1.webp\" alt=\"py\u00f6r\u00f6paalaimen vaihteisto-t290hd\" width=\"500\" height=\"500\" title=\"\" srcset=\"https:\/\/fmp-components.com\/wp-content\/uploads\/2025\/01\/round-baler-gearbox-t290hd1.webp 500w, https:\/\/fmp-components.com\/wp-content\/uploads\/2025\/01\/round-baler-gearbox-t290hd1-480x480.webp 480w\" sizes=\"(min-width: 0px) and (max-width: 480px) 480px, (min-width: 481px) 500px, 100vw\" \/><\/p>\n<h2>Py\u00f6r\u00f6paalaimen vaihteiston T-290HD tekniset tiedot<\/h2>\n<p><img loading=\"lazy\" decoding=\"async\" class=\"alignnone size-full wp-image-2483\" src=\"https:\/\/fmp-components.com\/wp-content\/uploads\/2025\/01\/round-baler-gearbox-details-t290hd.webp\" alt=\"py\u00f6r\u00f6paalaimen vaihteiston tiedot-t290hd\" width=\"891\" height=\"512\" title=\"\" srcset=\"https:\/\/fmp-components.com\/wp-content\/uploads\/2025\/01\/round-baler-gearbox-details-t290hd.webp 891w, https:\/\/fmp-components.com\/wp-content\/uploads\/2025\/01\/round-baler-gearbox-details-t290hd-480x276.webp 480w\" sizes=\"(min-width: 0px) and (max-width: 480px) 480px, (min-width: 481px) 891px, 100vw\" \/><\/p>\n<table style=\"width: 95.2683%; height: 332px;\" border=\"1\">\n<tbody>\n<tr style=\"height: 27px;\">\n<td style=\"height: 27px;\"><strong>min\u00e4<\/strong><\/td>\n<td style=\"height: 27px;\">1.63\/3.0<\/td>\n<\/tr>\n<tr style=\"height: 27px;\">\n<td style=\"height: 27px;\"><strong>N<sub>1<\/sub>[rpm]<\/strong><\/td>\n<td style=\"height: 27px;\">540\/1000<\/td>\n<\/tr>\n<tr style=\"height: 27px;\">\n<td style=\"height: 27px;\"><strong>P<sub>1<\/sub>[kW]<\/strong><\/td>\n<td style=\"height: 27px;\">78\/58<\/td>\n<\/tr>\n<tr style=\"height: 27px;\">\n<td style=\"height: 27px;\"><strong>M<sub>2<\/sub>[Nm]<\/strong><\/td>\n<td style=\"height: 27px;\">2180\/1694<\/td>\n<\/tr>\n<tr style=\"height: 73px;\">\n<td style=\"height: 73px;\"><strong>Akseli X<img loading=\"lazy\" decoding=\"async\" class=\"size-full wp-image-2472 aligncenter\" src=\"https:\/\/fmp-components.com\/wp-content\/uploads\/2025\/01\/shaft.webp\" alt=\"akseli\" width=\"64\" height=\"57\" title=\"\" srcset=\"https:\/\/fmp-components.com\/wp-content\/uploads\/2025\/01\/shaft.webp 64w, https:\/\/fmp-components.com\/wp-content\/uploads\/2025\/01\/shaft-13x12.webp 13w\" sizes=\"(max-width: 64px) 100vw, 64px\" \/>\u00a0<\/strong><\/td>\n<td style=\"height: 73px;\">40*2*18<\/td>\n<\/tr>\n<tr style=\"height: 27px;\">\n<td style=\"height: 27px;\"><strong>Akseli Y<img loading=\"lazy\" decoding=\"async\" class=\"size-full wp-image-2472 aligncenter\" src=\"https:\/\/fmp-components.com\/wp-content\/uploads\/2025\/01\/shaft.webp\" alt=\"akseli\" width=\"64\" height=\"57\" title=\"\" srcset=\"https:\/\/fmp-components.com\/wp-content\/uploads\/2025\/01\/shaft.webp 64w, https:\/\/fmp-components.com\/wp-content\/uploads\/2025\/01\/shaft-13x12.webp 13w\" sizes=\"(max-width: 64px) 100vw, 64px\" \/><\/strong><\/td>\n<td style=\"height: 27px;\">40*2*18<\/td>\n<\/tr>\n<tr style=\"height: 97px;\">\n<td style=\"height: 97px;\"><strong>Akseli Z<img loading=\"lazy\" decoding=\"async\" class=\"size-full wp-image-2473 aligncenter\" src=\"https:\/\/fmp-components.com\/wp-content\/uploads\/2025\/01\/shaft-x.webp\" alt=\"akseli-x\" width=\"81\" height=\"78\" title=\"\" srcset=\"https:\/\/fmp-components.com\/wp-content\/uploads\/2025\/01\/shaft-x.webp 81w, https:\/\/fmp-components.com\/wp-content\/uploads\/2025\/01\/shaft-x-12x12.webp 12w\" sizes=\"(max-width: 81px) 100vw, 81px\" \/><\/strong><\/td>\n<td style=\"height: 97px;\">1\u201d 3\/8 Z6<\/td>\n<\/tr>\n<tr style=\"height: 27px;\">\n<td style=\"height: 27px;\"><strong>Sy\u00f6tt\u00f6<\/strong><\/td>\n<td style=\"height: 27px;\">Z<\/td>\n<\/tr>\n<\/tbody>\n<\/table>\n<h3>Py\u00f6r\u00f6paalainten vaihteistojen tyypit<\/h3>\n<p>Py\u00f6r\u00f6paalainten vaihteistot ovat ratkaisevan t\u00e4rkeit\u00e4 osia, jotka ohjaavat paalaimen eri toimintoja, kuten rullien py\u00f6rimist\u00e4, paalin sidontaa ja koneen yleist\u00e4 tehokkuutta. Erilaiset py\u00f6r\u00f6paalainten vaihteistot vastaavat tiettyihin k\u00e4ytt\u00f6vaatimuksiin, ja jokainen on suunniteltu ainutlaatuisilla ominaisuuksilla vastaamaan erilaisiin maatalouden tarpeisiin. Alla on joitakin yleisi\u00e4 py\u00f6r\u00f6paalainten vaihteistotyyppej\u00e4:<\/p>\n<p><strong>Vakiovaihteistot<\/strong><\/p>\n<p>Vakiokokoiset py\u00f6r\u00f6paalainten vaihteistot on suunniteltu yleisiin paalaust\u00f6ihin ja sopivat pienempiin ja keskisuuriin t\u00f6ihin. N\u00e4iss\u00e4 vaihteistoissa on usein yksivaihteinen k\u00e4ytt\u00f6, jonka v\u00e4lityssuhteet vaihtelevat yleens\u00e4 1:3:sta 1:4:\u00e4\u00e4n paalainmallista riippuen.<\/p>\n<ul>\n<li>Ominaisuudet: Yksinkertaisuus, luotettavuus ja helppo huolto.<\/li>\n<li>K\u00e4ytt\u00f6kohteet: K\u00e4ytet\u00e4\u00e4n tyypilliseen hein\u00e4n, oljen ja ruohon paalaukseen.<\/li>\n<li>Edut: Kustannustehokas ja kest\u00e4v\u00e4 kevyempiin ja keskisuuriin ty\u00f6kuormiin.<\/li>\n<\/ul>\n<p><strong>Korkean v\u00e4\u00e4nt\u00f6momentin vaihteistot<\/strong><\/p>\n<p>Suuriv\u00e4\u00e4nt\u00f6iset vaihteistot on erityisesti suunniteltu tarjoamaan parannettua tehoa vaativiin teht\u00e4viin, kuten m\u00e4rkien tai tiheiden materiaalien, kuten s\u00e4il\u00f6rehun, raskaaseen paalaukseen. N\u00e4m\u00e4 vaihteistot on rakennettu k\u00e4sittelem\u00e4\u00e4n suurempia kuormituskapasiteetteja ja suurempaa vastusta.<\/p>\n<ul>\n<li>Ominaisuudet: Suuri v\u00e4\u00e4nt\u00f6momentti raskaisiin sovelluksiin, kest\u00e4v\u00e4 rakenne.<\/li>\n<li>K\u00e4ytt\u00f6kohteet: Ihanteellinen s\u00e4il\u00f6rehun tai sitkeiden, kosteiden materiaalien paalaamiseen.<\/li>\n<li>Edut: Varmistaa tasaisen suorituskyvyn raskaissa kuormissa ja v\u00e4hent\u00e4\u00e4 vaihteiston vikaantumisriski\u00e4.<\/li>\n<\/ul>\n<p><strong>Monivaihteiset vaihteistot<\/strong><\/p>\n<p>Monivaihteiset py\u00f6r\u00f6paalainten vaihteistot mahdollistavat portaattomien nopeuden s\u00e4\u00e4t\u00f6jen, mik\u00e4 tarjoaa enemm\u00e4n joustavuutta k\u00e4yt\u00f6n aikana. N\u00e4iden vaihteistojen avulla k\u00e4ytt\u00e4j\u00e4t voivat s\u00e4\u00e4t\u00e4\u00e4 paalinmuodostusprosessin nopeutta sadon tyypin tai ymp\u00e4rist\u00f6olosuhteiden mukaan.<\/p>\n<ul>\n<li>Ominaisuudet: S\u00e4\u00e4dett\u00e4v\u00e4t nopeusasetukset, parempi paalauksen hallinta.<\/li>\n<li>K\u00e4ytt\u00f6kohteet: K\u00e4ytet\u00e4\u00e4n sek\u00e4 kevyiss\u00e4 ett\u00e4 raskaissa paalauksissa, erityisesti vaihtelevissa sato-olosuhteissa.<\/li>\n<li>Edut: Tarjoaa monipuolisuutta ja optimoitua suorituskyky\u00e4 erityyppisille viljelykasveille.<\/li>\n<\/ul>\n<p><strong>Planeettavaihteistot<\/strong><\/p>\n<p>Planeettavaihteistoja k\u00e4ytet\u00e4\u00e4n usein tehokkaissa py\u00f6r\u00f6paalaimissa niiden kompaktin rakenteen ja korkean hy\u00f6tysuhteen ansiosta. Vaihteet toimivat planeettaliikkeess\u00e4 jakaen kuorman tasaisesti, mik\u00e4 parantaa vaihteiston kest\u00e4vyytt\u00e4 ja v\u00e4hent\u00e4\u00e4 usein toistuvan huollon tarvetta.<\/p>\n<ul>\n<li>Ominaisuudet: Kompakti, eritt\u00e4in tehokas ja pystyy tuottamaan suuren tehon minimaalisessa koossa.<\/li>\n<li>K\u00e4ytt\u00f6kohteet: Sopii raskaaseen kaupalliseen ja maatalouden paalaust\u00f6ihin.<\/li>\n<li>Edut: Suurempi v\u00e4\u00e4nt\u00f6momentti, pidempi k\u00e4ytt\u00f6ik\u00e4 ja v\u00e4hemm\u00e4n huoltoa.<\/li>\n<\/ul>\n<p><strong>Kaksiakseliset vaihteistot<\/strong><\/p>\n<p>Kaksiakselisissa vaihteistoissa on kaksi akselia kaksoisk\u00e4ytt\u00f6toimintoa varten. N\u00e4it\u00e4 k\u00e4ytet\u00e4\u00e4n yleisesti kaksitoimisissa paalaimissa tai suuritehoisissa malleissa, joissa kahta eri j\u00e4rjestelm\u00e4\u00e4, kuten noukinj\u00e4rjestelm\u00e4\u00e4 ja tiivistysj\u00e4rjestelm\u00e4\u00e4, on k\u00e4ytett\u00e4v\u00e4 samanaikaisesti.<\/p>\n<ul>\n<li>Ominaisuudet: Kaksoisvetomahdollisuus, entist\u00e4 monipuolisempi.<\/li>\n<li>K\u00e4ytt\u00f6kohteet: Suuritehoiset tai kaksitoimiset paalausj\u00e4rjestelm\u00e4t.<\/li>\n<li>Edut: Tarjoaa suuremman toiminnan joustavuuden ja tehokkuuden monimutkaisissa paalausj\u00e4rjestelmiss\u00e4.<\/li>\n<\/ul>\n<p>Valitsemasi py\u00f6r\u00f6paalaimen vaihteiston tyyppi riippuu pitk\u00e4lti toimintasi erityistarpeista, kuten paalattavan materiaalin tyypist\u00e4, halutusta tuotosta ja maataloustoimintasi laajuudesta. Tarvitsetpa sitten yksinkertaisen ja luotettavan vaihteiston kevyisiin teht\u00e4viin tai suuren v\u00e4\u00e4nt\u00f6momentin omaavan, monivaihteisen vaihteiston raskaaseen ty\u00f6h\u00f6n, oikea vaihteisto voi vaikuttaa merkitt\u00e4v\u00e4sti py\u00f6r\u00f6paalaimesi tehokkuuteen ja k\u00e4ytt\u00f6ik\u00e4\u00e4n.<\/p>\n<p><img loading=\"lazy\" decoding=\"async\" class=\"alignnone  wp-image-2464\" src=\"https:\/\/fmp-components.com\/wp-content\/uploads\/2025\/01\/PTO-Shaft-for-Round-Baler-Gearbox-11.webp\" alt=\"Py\u00f6r\u00f6paalaimen vaihteiston nivelakseli-1(1)\" width=\"912\" height=\"806\" title=\"\" srcset=\"https:\/\/fmp-components.com\/wp-content\/uploads\/2025\/01\/PTO-Shaft-for-Round-Baler-Gearbox-11.webp 912w, https:\/\/fmp-components.com\/wp-content\/uploads\/2025\/01\/PTO-Shaft-for-Round-Baler-Gearbox-11-480x424.webp 480w\" sizes=\"(min-width: 0px) and (max-width: 480px) 480px, (min-width: 481px) 912px, 100vw\" \/><\/p>\n<h2>Py\u00f6r\u00f6paalaimen vaihteiston nivelakselit<\/h2>\n<p>Voimanottoakselit ovat olennaisia \u200b\u200bosia voiman siirt\u00e4misess\u00e4 traktorista py\u00f6r\u00f6paalaimen vaihteistoon, mik\u00e4 mahdollistaa paalaimen tehokkaan toiminnan. Voimanottoakseli yhdist\u00e4\u00e4 traktorin voimanottoj\u00e4rjestelm\u00e4n vaihteistoon, mahdollistaen paalauksessa tarvittavan mekaanisen energian siirron. Alla on lueteltu py\u00f6r\u00f6paalainten vaihteistoihin suunniteltujen voimanottoakseleiden t\u00e4rkeimm\u00e4t huomioon otettavat seikat, ominaisuudet ja edut:<\/p>\n<p><strong>Korkea hy\u00f6tysuhde ja tehonsiirto<\/strong><\/p>\n<p>Py\u00f6r\u00f6paalainten vaihteistojen nivelakselit on suunniteltu siirt\u00e4m\u00e4\u00e4n tehokkaasti voimaa traktorin moottorista paalaimen vaihteistoon. N\u00e4iden akseleiden suuri v\u00e4\u00e4nt\u00f6momenttikapasiteetti varmistaa, ett\u00e4 energia siirtyy h\u00e4vi\u00f6tt\u00f6m\u00e4sti ja yll\u00e4pit\u00e4\u00e4 paalaimen suorituskyky\u00e4.<\/p>\n<ul>\n<li>Keskeinen ominaisuus: Tehokas voimansiirto minimaalisella energiah\u00e4vi\u00f6ll\u00e4.<\/li>\n<li>Hy\u00f6ty: Varmistaa paalaimen tasaisen toiminnan, v\u00e4hent\u00e4\u00e4 polttoaineenkulutusta ja maksimoi tuottavuuden.<\/li>\n<\/ul>\n<p><strong>Kest\u00e4vyys ja lujuus<\/strong><\/p>\n<p>Py\u00f6r\u00f6paalainten nivelakselit on valmistettu korkealaatuisista ja kest\u00e4vist\u00e4 materiaaleista, jotka kest\u00e4v\u00e4t maatalousk\u00e4yt\u00f6n vaativat olosuhteet. N\u00e4m\u00e4 akselit on suunniteltu kest\u00e4m\u00e4\u00e4n suuria v\u00e4\u00e4nt\u00f6momentteja ja pellolla usein esiintyvi\u00e4 ankaria ymp\u00e4rist\u00f6j\u00e4, kuten kosteutta, p\u00f6ly\u00e4 ja roskia.<\/p>\n<ul>\n<li>T\u00e4rkein ominaisuus: Eritt\u00e4in luja rakenne, kest\u00e4\u00e4 kulutusta ja repe\u00e4mist\u00e4.<\/li>\n<li>Hy\u00f6ty: Pitk\u00e4ik\u00e4inen ja kest\u00e4v\u00e4, v\u00e4hent\u00e4\u00e4 huoltojen ja osien vaihtotarvetta.<\/li>\n<\/ul>\n<p><strong>Mukautettavat pituudet ja kokoonpanot<\/strong><\/p>\n<p>Py\u00f6r\u00f6paalainten nivelakseleita on saatavana eri pituisina ja kokoonpanoina, jotta ne sopivat eri paalainmallien ja traktorikokoonpanojen erityisvaatimuksiin. Nivelakselin pituus on ratkaisevan t\u00e4rke\u00e4 oikean liit\u00e4nn\u00e4n varmistamiseksi ja vaurioiden est\u00e4miseksi k\u00e4yt\u00f6n aikana.<\/p>\n<ul>\n<li>T\u00e4rkein ominaisuus: Saatavilla s\u00e4\u00e4dett\u00e4vill\u00e4 pituuksilla ja kokoonpanoilla.<\/li>\n<li>Etu: Mukautettavissa sopimaan erilaisiin traktori- ja paalainyhdistelmiin, mik\u00e4 varmistaa optimaalisen tehokkuuden ja turvallisuuden.<\/li>\n<\/ul>\n<p><strong>Turvaominaisuudet<\/strong><\/p>\n<p>Turvallisuus on ensiarvoisen t\u00e4rke\u00e4\u00e4 nivelakseleiden kanssa ty\u00f6skennelt\u00e4ess\u00e4, koska ne toimivat suurilla nopeuksilla. Nykyaikaiset py\u00f6r\u00f6paalainten vaihteistojen nivelakselit on varustettu turvaominaisuuksilla, kuten murtopulteilla, suojuksilla ja kilpill\u00e4, onnettomuuksien ja vammojen est\u00e4miseksi k\u00e4yt\u00f6n aikana.<\/p>\n<ul>\n<li>T\u00e4rkeimm\u00e4t ominaisuudet: Turvasuojukset, murtopultit ja suojakilvet.<\/li>\n<li>Hy\u00f6ty: Minimoi loukkaantumisriskin ja suojaa akselia liiallisen kuormituksen tai ulkoisten iskujen aiheuttamilta vaurioilta.<\/li>\n<\/ul>\n<p><strong>Helppok\u00e4ytt\u00f6isyys ja yll\u00e4pito<\/strong><\/p>\n<p>Py\u00f6r\u00f6paalainten nivelakselit on suunniteltu helppok\u00e4ytt\u00f6isiksi ja huollettaviksi. Ne on varustettu pikaliittimill\u00e4, joiden avulla akseli on helppo kiinnitt\u00e4\u00e4 ja irrottaa sek\u00e4 traktorista ett\u00e4 paalaimesta. S\u00e4\u00e4nn\u00f6llinen voitelu ja m\u00e4\u00e4r\u00e4aikaistarkastukset varmistavat sujuvan toiminnan ja est\u00e4v\u00e4t kulumiseen liittyvi\u00e4 ongelmia.<\/p>\n<ul>\n<li><strong>Keskeinen ominaisuus<\/strong>Pikaliittimet ja v\u00e4h\u00e4n huoltoa vaativa rakenne.<\/li>\n<li><strong>Hy\u00f6ty<\/strong>Yksinkertaistaa asennusta ja yll\u00e4pitoa, mik\u00e4 tehostaa ajan ja resurssien k\u00e4ytt\u00f6\u00e4.<\/li>\n<\/ul>\n<p>Nivelakselit ovat kriittisi\u00e4 osia, jotka yhdist\u00e4v\u00e4t traktorin voimanottoj\u00e4rjestelm\u00e4n py\u00f6r\u00f6paalaimen vaihteistoon ja tarjoavat tarvittavan tehon paalaukseen. Oikean nivelakselin valitseminen py\u00f6r\u00f6paalaimellesi varmistaa tehokkaan voimansiirron, turvallisuuden ja pitk\u00e4kestoisen suorituskyvyn. Nivelakselia valittaessa on t\u00e4rke\u00e4\u00e4 ottaa huomioon yhteensopivuus, kest\u00e4vyys ja turvallisuusominaisuudet, jotka vastaavat paalainlaitteistosi erityisvaatimuksia ja pelto-olosuhteita.<\/p>\n<p><img loading=\"lazy\" decoding=\"async\" class=\"alignnone  wp-image-2485\" src=\"https:\/\/fmp-components.com\/wp-content\/uploads\/2025\/01\/pto-shaft-for-sale.webp\" alt=\"\" width=\"909\" height=\"680\" title=\"\" srcset=\"https:\/\/fmp-components.com\/wp-content\/uploads\/2025\/01\/pto-shaft-for-sale.webp 909w, https:\/\/fmp-components.com\/wp-content\/uploads\/2025\/01\/pto-shaft-for-sale-480x359.webp 480w\" sizes=\"(min-width: 0px) and (max-width: 480px) 480px, (min-width: 481px) 909px, 100vw\" \/><\/p>\n<h3>Tietoja FMP:st\u00e4<\/h3>\n<p>Italiassa p\u00e4\u00e4konttoriaan pit\u00e4v\u00e4 FMP on johtava valmistaja, joka tunnetaan asiantuntemuksestaan \u200b\u200btehokkaiden vaihteistojen suunnittelussa, kehitt\u00e4misess\u00e4 ja tuotannossa, keskittyen erityisesti maatalouskonesektoriin. Tarkkuuden, innovatiivisten ratkaisujen ja horjumattoman luotettavuuden ansiosta FMP:st\u00e4 on tullut luotettava kumppani sek\u00e4 maatalous- ett\u00e4 teollisuussektorin kehittyviin tarpeisiin. Monipuolinen tuotevalikoimamme sis\u00e4lt\u00e4\u00e4 ruohonleikkureiden, nivelakseleiden ja muiden t\u00e4rkeiden komponenttien erikoisvaihteistoja, jotka kaikki on huolellisesti suunniteltu tarjoamaan r\u00e4\u00e4t\u00e4l\u00f6ityj\u00e4 ratkaisuja laajaan k\u00e4ytt\u00f6tarkoitukseen.<\/p>\n<p>FMP:ll\u00e4 ymm\u00e4rr\u00e4mme, ett\u00e4 jokaisella asiakkaalla on ainutlaatuiset vaatimukset ja haasteet. Siksi olemme erikoistuneet r\u00e4\u00e4t\u00e4l\u00f6ityjen ratkaisujen tarjoamiseen, olipa kyse sitten yksitt\u00e4isist\u00e4 komponenteista tai t\u00e4ysin integroiduista j\u00e4rjestelmist\u00e4. Teemme tiivist\u00e4 yhteisty\u00f6t\u00e4 asiakkaidemme kanssa varmistaaksemme, ett\u00e4 jokainen ratkaisu on paitsi tehokas my\u00f6s tuloksellinen, optimoiden sek\u00e4 suorituskyvyn ett\u00e4 arvon. Sitoutumisemme tarjoamaan nopeita ja ammattimaisia \u200b\u200bvastauksia sek\u00e4 asiantuntevaa ohjausta varmistaa, ett\u00e4 jokaista tiedustelua k\u00e4sitell\u00e4\u00e4n \u00e4\u00e4rimm\u00e4isen huolellisesti ja tarkasti, mik\u00e4 johtaa parhaisiin mahdollisiin tuloksiin.<\/p>\n<p>Priorisoimme avointa ja jatkuvaa viestint\u00e4\u00e4 koko tuotekehitysprosessin ajan. Omistautunut tiimimme ty\u00f6skentelee suoraan asiakkaiden kanssa ymm\u00e4rt\u00e4\u00e4kseen t\u00e4ysin heid\u00e4n erityistarpeensa ja tarjoaa arvokkaita n\u00e4kemyksi\u00e4 ja suosituksia optimaalisten ratkaisujen varmistamiseksi. Olipa kyse innovatiivisten tuotteiden suunnittelusta tai jatkuvien tilausten t\u00e4ytt\u00e4misest\u00e4, FMP on sitoutunut toimittamaan korkealaatuisia ja tarkasti suunniteltuja ratkaisuja ajallaan, joka kerta. Tavoitteenamme on tarjota asiakkaille parasta mahdollista palvelua ja tuloksia, jotka ylitt\u00e4v\u00e4t odotukset jokaisessa projektissa.<\/p>\n<p>Laatu on FMP:n toiminnan kulmakivi. Noudatamme korkeimpia valmistusstandardeja ja toteutamme tiukkoja laadunvalvontatoimenpiteit\u00e4 varmistaaksemme, ett\u00e4 jokainen tuote ei ainoastaan \u200b\u200b\u200b\u200bt\u00e4ytt\u00e4\u00e4 alan standardeja, vaan my\u00f6s ylitt\u00e4\u00e4 ne. T\u00e4m\u00e4 horjumaton sitoutuminen laatuun yhdistettyn\u00e4 ydinarvoihimme, kuten rehellisyyteen, tiimity\u00f6h\u00f6n ja sinnikkyyteen, on mahdollistanut pitk\u00e4aikaisten ja luottamukseen perustuvien asiakassuhteiden rakentamisen l\u00e4hes 30 maassa maailmanlaajuisesti.<\/p>\n<p>FMP on aina avoin globaalien kumppanuuksien edist\u00e4miselle ja on edelleen sitoutunut tarjoamaan asiantuntevaa neuvontaa ja r\u00e4\u00e4t\u00e4l\u00f6ityj\u00e4 ratkaisuja, jotka vastaavat asiakkaidemme monimuotoisiin tarpeisiin. Emme tyydy pelk\u00e4st\u00e4\u00e4n tuotteiden toimittamiseen; pyrimme rakentamaan kest\u00e4vi\u00e4 suhteita, jotka edist\u00e4v\u00e4t jokaisen projektin onnistumista. Tarvitsetpa sitten innovatiivisia ratkaisuja uuteen aloitteeseen tai jatkuvaa tukea olemassa olevalle j\u00e4rjestelm\u00e4lle, FMP on t\u00e4\u00e4ll\u00e4 ratkaisemassa tekniset haasteesi ja varmistamassa jatkuvan menestyksesi.<\/p>\n<p><img loading=\"lazy\" decoding=\"async\" class=\"alignnone size-full wp-image-1861\" src=\"https:\/\/fmp-components.com\/wp-content\/uploads\/2024\/12\/Other-Agricultural-Gearboxes.webp\" sizes=\"(min-width: 0px) and (max-width: 480px) 480px, (min-width: 481px) and (max-width: 980px) 980px, (min-width: 981px) 1200px, 100vw\" srcset=\"https:\/\/fmp-components.com\/wp-content\/uploads\/2024\/12\/Other-Agricultural-Gearboxes.webp 1200w, https:\/\/fmp-components.com\/wp-content\/uploads\/2024\/12\/Other-Agricultural-Gearboxes-980x1143.webp 980w, https:\/\/fmp-components.com\/wp-content\/uploads\/2024\/12\/Other-Agricultural-Gearboxes-480x560.webp 480w\" alt=\"Altri-cambi-agricoli\" width=\"1200\" height=\"1400\" title=\"\"><\/p>\n<p>Tekij\u00e4: CX<\/p>","protected":false},"excerpt":{"rendered":"<p>Specification of Round Baler Gearbox T-290HD i 1.63\/3.0 N1[rpm] 540\/1000 P1[kW] 78\/58 M2[Nm] 2180\/1694 Shaft X\u00a0 40*2*18 Shaft Y 40*2*18 Shaft Z 1&#8221; 3\/8 Z6 Input Z Types of Round Baler Gearboxes Round baler gearboxes are crucial components that drive the baler\u2019s various functions, including the rotation of the rollers, the binding of the bale, [&hellip;]<\/p>","protected":false},"featured_media":2484,"comment_status":"open","ping_status":"closed","template":"","meta":{"_et_pb_use_builder":"","_et_pb_old_content":"","_et_gb_content_width":""},"product_brand":[],"product_cat":[59],"product_tag":[],"class_list":{"0":"post-2482","1":"product","2":"type-product","3":"status-publish","4":"has-post-thumbnail","6":"product_cat-round-baler-gearbox","8":"first","9":"instock","10":"shipping-taxable","11":"product-type-simple"},"_links":{"self":[{"href":"https:\/\/fmp-components.com\/fi\/wp-json\/wp\/v2\/product\/2482","targetHints":{"allow":["GET"]}}],"collection":[{"href":"https:\/\/fmp-components.com\/fi\/wp-json\/wp\/v2\/product"}],"about":[{"href":"https:\/\/fmp-components.com\/fi\/wp-json\/wp\/v2\/types\/product"}],"replies":[{"embeddable":true,"href":"https:\/\/fmp-components.com\/fi\/wp-json\/wp\/v2\/comments?post=2482"}],"wp:featuredmedia":[{"embeddable":true,"href":"https:\/\/fmp-components.com\/fi\/wp-json\/wp\/v2\/media\/2484"}],"wp:attachment":[{"href":"https:\/\/fmp-components.com\/fi\/wp-json\/wp\/v2\/media?parent=2482"}],"wp:term":[{"taxonomy":"product_brand","embeddable":true,"href":"https:\/\/fmp-components.com\/fi\/wp-json\/wp\/v2\/product_brand?post=2482"},{"taxonomy":"product_cat","embeddable":true,"href":"https:\/\/fmp-components.com\/fi\/wp-json\/wp\/v2\/product_cat?post=2482"},{"taxonomy":"product_tag","embeddable":true,"href":"https:\/\/fmp-components.com\/fi\/wp-json\/wp\/v2\/product_tag?post=2482"}],"curies":[{"name":"wp","href":"https:\/\/api.w.org\/{rel}","templated":true}]}}