{"id":2476,"date":"2025-01-01T08:57:07","date_gmt":"2025-01-01T08:57:07","guid":{"rendered":"https:\/\/fmp-components.com\/?page_id=8"},"modified":"2025-01-02T01:23:56","modified_gmt":"2025-01-02T01:23:56","slug":"round-baler-gearbox-replacement-of-comer-code-t-292e","status":"publish","type":"product","link":"https:\/\/fmp-components.com\/fi\/product\/round-baler-gearbox-replacement-of-comer-code-t-292e\/","title":{"rendered":"Py\u00f6r\u00f6paalaimen vaihteisto \u2013 Comer-koodin T-292E vaihto"},"content":{"rendered":"<p><img loading=\"lazy\" decoding=\"async\" class=\"size-full wp-image-2477 aligncenter\" src=\"https:\/\/fmp-components.com\/wp-content\/uploads\/2025\/01\/round-baler-gearbox-t292e-11.webp\" alt=\"py\u00f6r\u00f6paalaimen vaihteisto-t292e-1(1)\" width=\"372\" height=\"300\" title=\"\" srcset=\"https:\/\/fmp-components.com\/wp-content\/uploads\/2025\/01\/round-baler-gearbox-t292e-11.webp 372w, https:\/\/fmp-components.com\/wp-content\/uploads\/2025\/01\/round-baler-gearbox-t292e-11-300x242.webp 300w, https:\/\/fmp-components.com\/wp-content\/uploads\/2025\/01\/round-baler-gearbox-t292e-11-15x12.webp 15w\" sizes=\"(max-width: 372px) 100vw, 372px\" \/><\/p>\n<h2>Py\u00f6r\u00f6paalaimen vaihteiston T292E tekniset tiedot<\/h2>\n<p><img loading=\"lazy\" decoding=\"async\" class=\"alignnone wp-image-2478\" src=\"https:\/\/fmp-components.com\/wp-content\/uploads\/2025\/01\/china-round-baler-gearbox-details-T292E.webp\" alt=\"china-round-baler-vaihteiston-details-T292E\" width=\"911\" height=\"811\" title=\"\" srcset=\"https:\/\/fmp-components.com\/wp-content\/uploads\/2025\/01\/china-round-baler-gearbox-details-T292E.webp 911w, https:\/\/fmp-components.com\/wp-content\/uploads\/2025\/01\/china-round-baler-gearbox-details-T292E-480x427.webp 480w\" sizes=\"(min-width: 0px) and (max-width: 480px) 480px, (min-width: 481px) 911px, 100vw\" \/><\/p>\n<table style=\"width: 98.5091%; height: 503px;\" border=\"1\">\n<tbody>\n<tr>\n<td><strong>min\u00e4<\/strong><\/td>\n<td>1.86<\/td>\n<\/tr>\n<tr>\n<td><strong>N<sub>1<\/sub>[rpm]<\/strong><\/td>\n<td>540<\/td>\n<\/tr>\n<tr>\n<td><strong>P<sub>1<\/sub>[kW]<\/strong><\/td>\n<td>47.7<\/td>\n<\/tr>\n<tr>\n<td><strong>M<sub>2<\/sub>[Nm]<\/strong><\/td>\n<td>&#8211;<\/td>\n<\/tr>\n<tr>\n<td><strong>Akseli X<br \/>\n<img loading=\"lazy\" decoding=\"async\" class=\"size-full wp-image-2473 aligncenter\" src=\"https:\/\/fmp-components.com\/wp-content\/uploads\/2025\/01\/shaft-x.webp\" alt=\"akseli-x\" width=\"81\" height=\"78\" title=\"\" srcset=\"https:\/\/fmp-components.com\/wp-content\/uploads\/2025\/01\/shaft-x.webp 81w, https:\/\/fmp-components.com\/wp-content\/uploads\/2025\/01\/shaft-x-12x12.webp 12w\" sizes=\"(max-width: 81px) 100vw, 81px\" \/><br \/>\n<\/strong><\/td>\n<td>\u00a01\u201d 3\/8 Z6<\/td>\n<\/tr>\n<tr>\n<td><strong>Akseli Y<img loading=\"lazy\" decoding=\"async\" class=\"size-full wp-image-2473 aligncenter\" src=\"https:\/\/fmp-components.com\/wp-content\/uploads\/2025\/01\/shaft-x.webp\" alt=\"akseli-x\" width=\"81\" height=\"78\" title=\"\" srcset=\"https:\/\/fmp-components.com\/wp-content\/uploads\/2025\/01\/shaft-x.webp 81w, https:\/\/fmp-components.com\/wp-content\/uploads\/2025\/01\/shaft-x-12x12.webp 12w\" sizes=\"(max-width: 81px) 100vw, 81px\" \/><\/strong><\/td>\n<td>1\u201d 3\/8 Z6<\/td>\n<\/tr>\n<tr>\n<td><strong>Akseli Z<img loading=\"lazy\" decoding=\"async\" class=\"size-full wp-image-2480 aligncenter\" src=\"https:\/\/fmp-components.com\/wp-content\/uploads\/2025\/01\/shaft1.webp\" alt=\"akseli\" width=\"83\" height=\"83\" title=\"\" srcset=\"https:\/\/fmp-components.com\/wp-content\/uploads\/2025\/01\/shaft1.webp 83w, https:\/\/fmp-components.com\/wp-content\/uploads\/2025\/01\/shaft1-12x12.webp 12w\" sizes=\"(max-width: 83px) 100vw, 83px\" \/><\/strong><\/td>\n<td>L200 \u03a655<\/td>\n<\/tr>\n<tr>\n<td><strong>Sy\u00f6tt\u00f6<\/strong><\/td>\n<td>X<\/td>\n<\/tr>\n<\/tbody>\n<\/table>\n<h2>Py\u00f6r\u00f6paalaimen vaihteiston ominaisuudet<\/h2>\n<p>Py\u00f6r\u00f6paalaimen vaihteisto on maatalouskoneiden paalaamisessa t\u00e4rke\u00e4 osa, joka varmistaa py\u00f6r\u00f6paalainten tehokkaan toiminnan. Alla on lueteltu tyypillisen py\u00f6r\u00f6paalaimen vaihteiston t\u00e4rkeimm\u00e4t ominaisuudet, jotka on suunniteltu parantamaan suorituskyky\u00e4, kest\u00e4vyytt\u00e4 ja luotettavuutta:<\/p>\n<p><strong>Suuri v\u00e4\u00e4nt\u00f6momentti<\/strong><\/p>\n<p>Py\u00f6r\u00f6paalaimen vaihteistot on suunniteltu tuottamaan suurta v\u00e4\u00e4nt\u00f6momenttia, jonka avulla paalain pystyy tehokkaasti k\u00e4sittelem\u00e4\u00e4n suuria m\u00e4\u00e4ri\u00e4 satoa, kuten hein\u00e4\u00e4, olkea ja s\u00e4il\u00f6rehua. Suuri v\u00e4\u00e4nt\u00f6momentti varmistaa, ett\u00e4 paalain toimii sujuvasti my\u00f6s raskaissa kuormitusolosuhteissa.<\/p>\n<ul>\n<li>Hy\u00f6ty: Tarjoaa tasaista ja luotettavaa tehoa tiheille ja kosteille sadoille, mik\u00e4 v\u00e4hent\u00e4\u00e4 ylikuormitusriski\u00e4.<\/li>\n<\/ul>\n<p><strong>Kest\u00e4v\u00e4 rakenne<\/strong><\/p>\n<p>Py\u00f6r\u00f6paalainten vaihteistot on valmistettu eritt\u00e4in lujista materiaaleista, jotka kest\u00e4v\u00e4t maatalousk\u00e4yt\u00f6n vaativat olosuhteet. Kest\u00e4v\u00e4 kotelo ja vaihteet takaavat pitk\u00e4kestoisen suorituskyvyn my\u00f6s vaativissa ymp\u00e4rist\u00f6iss\u00e4, kuten ankarassa s\u00e4\u00e4ss\u00e4, kosteudessa ja korkeassa paineessa.<\/p>\n<ul>\n<li>Hy\u00f6ty: Maksimoi kest\u00e4vyyden ja minimoi rikkoutumisriskin, mik\u00e4 v\u00e4hent\u00e4\u00e4 seisokkiaikoja ja yll\u00e4pitokustannuksia.<\/li>\n<\/ul>\n<p><strong>Tarkka v\u00e4lityssuhde (esim. 1:3 tai 1:4)<\/strong><\/p>\n<p>Py\u00f6r\u00f6paalaimen vaihteiston v\u00e4lityssuhde on optimoitu tasapainottamaan v\u00e4\u00e4nt\u00f6momentti ja nopeus. Yleiset v\u00e4lityssuhteet, kuten 1:3 tai 1:4, tarjoavat oikean m\u00e4\u00e4r\u00e4n tehoa kompaktien ja tasaisten paalien muodostamiseksi rasittamatta j\u00e4rjestelm\u00e4\u00e4. Oikea v\u00e4lityssuhde auttaa paalainta toimimaan tehokkaasti eri satotyypeill\u00e4.<\/p>\n<ul>\n<li>Hy\u00f6ty: Varmistaa sujuvan toiminnan ja tasaisen paalin muodostumisen erilaisista materiaaleista ja pelto-olosuhteista riippumatta.<\/li>\n<\/ul>\n<p><strong>Sujuva toiminta ja v\u00e4h\u00e4inen t\u00e4rin\u00e4<\/strong><\/p>\n<p>Py\u00f6r\u00f6paalainten vaihteistot on suunniteltu sujuvaa toimintaa varten, ja niiden edistyneet rakenteet minimoivat t\u00e4rin\u00e4n ja mekaanisen rasituksen. T\u00e4m\u00e4 johtaa hiljaisempaan k\u00e4yntiin ja v\u00e4hent\u00e4\u00e4 sek\u00e4 vaihteiston ett\u00e4 muiden liitettyjen osien kulumista.<\/p>\n<ul>\n<li>Hy\u00f6ty: Parantaa vaihteiston ja siihen liitettyjen komponenttien k\u00e4ytt\u00f6ik\u00e4\u00e4 ja tekee paalauksesta hiljaisempaa ja tehokkaampaa.<\/li>\n<\/ul>\n<p><strong>Helppo huolto<\/strong><\/p>\n<p>Vaihteisto on suunniteltu helposti huollettavaksi, ja siin\u00e4 on p\u00e4\u00e4sykohdat voitelua, tarkastusta ja huoltoa varten. S\u00e4\u00e4nn\u00f6lliset huoltoteht\u00e4v\u00e4t on yksinkertaistettu, mik\u00e4 varmistaa, ett\u00e4 k\u00e4ytt\u00e4j\u00e4t voivat pit\u00e4\u00e4 vaihdelaatikon toiminnassa tehokkaasti ilman liiallisia seisokkeja.<\/p>\n<ul>\n<li>Hy\u00f6ty: V\u00e4hent\u00e4\u00e4 yll\u00e4pidon monimutkaisuutta ja siihen kuluvaa aikaa, mik\u00e4 lis\u00e4\u00e4 k\u00e4ytt\u00f6aikaa.<\/li>\n<\/ul>\n<p>Py\u00f6r\u00f6paalaimen vaihteisto on olennainen osa paalainten tehokasta toimintaa. Sen suuri v\u00e4\u00e4nt\u00f6momentti, kest\u00e4v\u00e4 rakenne, tarkat v\u00e4lityssuhteet ja helppo huolto takaavat optimaalisen suorituskyvyn, luotettavuuden ja pitk\u00e4n k\u00e4ytt\u00f6i\u00e4n maataloust\u00f6iss\u00e4. Olipa kyseess\u00e4 hein\u00e4n, oljen tai s\u00e4il\u00f6rehun paalaaminen, py\u00f6r\u00f6paalaimen vaihteisto tukee sujuvaa, tehokasta ja kustannustehokasta toimintaa, mik\u00e4 tekee siit\u00e4 arvokkaan investoinnin maanviljelij\u00f6ille ja urakoitsijoille.<\/p>\n<p><img loading=\"lazy\" decoding=\"async\" class=\"size-full wp-image-2479 aligncenter\" src=\"https:\/\/fmp-components.com\/wp-content\/uploads\/2025\/01\/round-baler-gearbox-T292E-e1.webp\" alt=\"py\u00f6r\u00f6paalaimen vaihteisto-T292E-e(1)\" width=\"500\" height=\"500\" title=\"\" srcset=\"https:\/\/fmp-components.com\/wp-content\/uploads\/2025\/01\/round-baler-gearbox-T292E-e1.webp 500w, https:\/\/fmp-components.com\/wp-content\/uploads\/2025\/01\/round-baler-gearbox-T292E-e1-480x480.webp 480w\" sizes=\"(min-width: 0px) and (max-width: 480px) 480px, (min-width: 481px) 500px, 100vw\" \/><\/p>\n<h3>Tietoja FMP:st\u00e4<\/h3>\n<p>Italiassa p\u00e4\u00e4konttoriaan pit\u00e4v\u00e4 FMP on tunnustettu johtaja tehokkaiden vaihteistojen suunnittelussa, kehitt\u00e4misess\u00e4 ja valmistuksessa, ja yritys keskittyy vahvasti maatalouskoneisiin. Tarkkuudestaan, innovatiivisista ratkaisuistaan \u200b\u200bja tinkim\u00e4tt\u00f6m\u00e4st\u00e4 luotettavuudestaan \u200b\u200btunnettu FMP on ansainnut sek\u00e4 maatalous- ett\u00e4 teollisuussektorin luottamuksen. Kattava tuotevalikoimamme sis\u00e4lt\u00e4\u00e4 ruohonleikkureiden, nivelakseleiden ja muiden t\u00e4rkeiden komponenttien erikoisvaihteistoja, jotka kaikki on suunniteltu tarjoamaan r\u00e4\u00e4t\u00e4l\u00f6ityj\u00e4 ratkaisuja monenlaisiin sovelluksiin.<\/p>\n<p>FMP:ll\u00e4 ymm\u00e4rr\u00e4mme, ett\u00e4 jokaisella asiakkaalla on ainutlaatuisia haasteita ja vaatimuksia. Siksi olemme erikoistuneet r\u00e4\u00e4t\u00e4l\u00f6ityjen ratkaisujen tarjoamiseen, olipa kyse sitten yksitt\u00e4isist\u00e4 komponenteista tai kokonaisista integroiduista j\u00e4rjestelmist\u00e4. Teemme tiivist\u00e4 yhteisty\u00f6t\u00e4 asiakkaidemme kanssa varmistaaksemme, ett\u00e4 jokainen ratkaisu on paitsi tehokas my\u00f6s tuloksellinen, optimoiden suorituskyvyn ja arvon. Sitoutumisemme nopeisiin ja ammattimaisiin vastauksiin sek\u00e4 asiantuntevaan ohjaukseen takaa, ett\u00e4 jokainen kysely hallitaan tarkasti, mik\u00e4 johtaa parhaisiin mahdollisiin tuloksiin.<\/p>\n<p>Painotamme avointa ja jatkuvaa viestint\u00e4\u00e4 koko tuotekehitysprosessin ajan. Omistautunut tiimimme ty\u00f6skentelee suoraan asiakkaiden kanssa ymm\u00e4rt\u00e4\u00e4kseen perusteellisesti heid\u00e4n erityistarpeensa ja tarjotakseen oivaltavia suosituksia ja k\u00e4yt\u00e4nn\u00f6n ratkaisuja. Olipa kyse uusien, innovatiivisten tuotteiden kehitt\u00e4misest\u00e4 tai jatkuvien tilausten t\u00e4ytt\u00e4misest\u00e4, FMP pysyy vakaana toimittaessaan korkealaatuisia, tarkasti suunniteltuja ratkaisuja johdonmukaisesti ja aikataulussa. Tavoitteenamme on ylitt\u00e4\u00e4 asiakkaiden odotukset tarjoamalla vertaansa vailla olevaa palvelua ja erinomaisia \u200b\u200btuloksia jokaisessa projektissa.<\/p>\n<p>FMP:n toiminnan ytimess\u00e4 on horjumaton sitoutuminen laatuun. Noudatamme korkeimpia valmistusstandardeja ja noudatamme tiukkoja laadunvalvontaprotokollia varmistaaksemme, ett\u00e4 jokainen tuote paitsi t\u00e4ytt\u00e4\u00e4 my\u00f6s ylitt\u00e4\u00e4 alan odotukset. T\u00e4m\u00e4 sitoutuminen laatuun yhdistettyn\u00e4 ydinarvoihimme, kuten rehellisyyteen, yhteisty\u00f6h\u00f6n ja joustavuuteen, on mahdollistanut kest\u00e4vien asiakassuhteiden luomisen yli 30 maassa ymp\u00e4ri maailmaa.<\/p>\n<p>FMP on sitoutunut rakentamaan globaaleja kumppanuuksia ja tarjoaa asiantuntevaa neuvontaa ja r\u00e4\u00e4t\u00e4l\u00f6ityj\u00e4 ratkaisuja, jotka vastaavat asiakkaidemme moninaisiin tarpeisiin. Emme ainoastaan \u200b\u200btoimita tuotteita \u2013 vaalimme pitk\u00e4aikaisia \u200b\u200b\u200b\u200bsuhteita, jotka edist\u00e4v\u00e4t jokaisen projektin jatkuvaa menestyst\u00e4. Etsitp\u00e4 sitten innovatiivisia ratkaisuja uuteen hankkeeseen tai jatkuvaa tukea vakiintuneelle j\u00e4rjestelm\u00e4lle, FMP on t\u00e4\u00e4ll\u00e4 vastaamassa teknisiin haasteisiisi ja varmistamassa jatkuvan kasvusi.<\/p>\n<p><img loading=\"lazy\" decoding=\"async\" class=\"alignnone size-full wp-image-1861\" src=\"https:\/\/fmp-components.com\/wp-content\/uploads\/2024\/12\/Other-Agricultural-Gearboxes.webp\" sizes=\"(min-width: 0px) and (max-width: 480px) 480px, (min-width: 481px) and (max-width: 980px) 980px, (min-width: 981px) 1200px, 100vw\" srcset=\"https:\/\/fmp-components.com\/wp-content\/uploads\/2024\/12\/Other-Agricultural-Gearboxes.webp 1200w, https:\/\/fmp-components.com\/wp-content\/uploads\/2024\/12\/Other-Agricultural-Gearboxes-980x1143.webp 980w, https:\/\/fmp-components.com\/wp-content\/uploads\/2024\/12\/Other-Agricultural-Gearboxes-480x560.webp 480w\" alt=\"Altri-cambi-agricoli\" width=\"1200\" height=\"1400\" title=\"\"><\/p>\n<p>Tekij\u00e4: CX<\/p>","protected":false},"excerpt":{"rendered":"<p>Round Baler Gearbox T292E\u00a0Specification i 1.86 N1[rpm] 540 P1[kW] 47.7 M2[Nm] &#8211; Shaft X \u00a01&#8221; 3\/8 Z6 Shaft Y 1&#8221; 3\/8 Z6 Shaft Z L200 \u03a655 Input X Round Baler Gearbox Features The Round Baler Gearbox is a critical component in agricultural baling machinery, ensuring the effective operation of round balers. Below are the key [&hellip;]<\/p>","protected":false},"featured_media":2479,"comment_status":"open","ping_status":"closed","template":"","meta":{"_et_pb_use_builder":"","_et_pb_old_content":"","_et_gb_content_width":""},"product_brand":[],"product_cat":[59],"product_tag":[],"class_list":{"0":"post-2476","1":"product","2":"type-product","3":"status-publish","4":"has-post-thumbnail","6":"product_cat-round-baler-gearbox","8":"first","9":"instock","10":"shipping-taxable","11":"product-type-simple"},"_links":{"self":[{"href":"https:\/\/fmp-components.com\/fi\/wp-json\/wp\/v2\/product\/2476","targetHints":{"allow":["GET"]}}],"collection":[{"href":"https:\/\/fmp-components.com\/fi\/wp-json\/wp\/v2\/product"}],"about":[{"href":"https:\/\/fmp-components.com\/fi\/wp-json\/wp\/v2\/types\/product"}],"replies":[{"embeddable":true,"href":"https:\/\/fmp-components.com\/fi\/wp-json\/wp\/v2\/comments?post=2476"}],"wp:featuredmedia":[{"embeddable":true,"href":"https:\/\/fmp-components.com\/fi\/wp-json\/wp\/v2\/media\/2479"}],"wp:attachment":[{"href":"https:\/\/fmp-components.com\/fi\/wp-json\/wp\/v2\/media?parent=2476"}],"wp:term":[{"taxonomy":"product_brand","embeddable":true,"href":"https:\/\/fmp-components.com\/fi\/wp-json\/wp\/v2\/product_brand?post=2476"},{"taxonomy":"product_cat","embeddable":true,"href":"https:\/\/fmp-components.com\/fi\/wp-json\/wp\/v2\/product_cat?post=2476"},{"taxonomy":"product_tag","embeddable":true,"href":"https:\/\/fmp-components.com\/fi\/wp-json\/wp\/v2\/product_tag?post=2476"}],"curies":[{"name":"wp","href":"https:\/\/api.w.org\/{rel}","templated":true}]}}