{"id":2446,"date":"2025-01-01T07:46:56","date_gmt":"2025-01-01T07:46:56","guid":{"rendered":"https:\/\/fmp-components.com\/?page_id=8"},"modified":"2025-01-01T07:46:56","modified_gmt":"2025-01-01T07:46:56","slug":"flail-mower-gearbox-replacement-of-comer-code-t-301b","status":"publish","type":"product","link":"https:\/\/fmp-components.com\/fi\/product\/flail-mower-gearbox-replacement-of-comer-code-t-301b\/","title":{"rendered":"Leikkurin vaihteisto \u2013 Comer-koodin T-301B vaihto"},"content":{"rendered":"<p><img loading=\"lazy\" decoding=\"async\" class=\"size-full wp-image-2450 aligncenter\" src=\"https:\/\/fmp-components.com\/wp-content\/uploads\/2025\/01\/Flail-Mower-Gearbox-Replacement-of-Comer-Gearbox-T-301B.webp\" alt=\"Leikkurivaihteiston-vaihto-Comer-vaihteistoon-T-301B\" width=\"666\" height=\"409\" title=\"\" srcset=\"https:\/\/fmp-components.com\/wp-content\/uploads\/2025\/01\/Flail-Mower-Gearbox-Replacement-of-Comer-Gearbox-T-301B.webp 666w, https:\/\/fmp-components.com\/wp-content\/uploads\/2025\/01\/Flail-Mower-Gearbox-Replacement-of-Comer-Gearbox-T-301B-480x295.webp 480w\" sizes=\"(min-width: 0px) and (max-width: 480px) 480px, (min-width: 481px) 666px, 100vw\" \/><\/p>\n<h2>Leikkurin vaihteiston T-301B tekniset tiedot<\/h2>\n<table class=\"kh-1xzm1su\" border=\"1\" cellspacing=\"0\" cellpadding=\"0\" data-intent=\"lists-product-attributes\" data-test-id=\"attributes-list\">\n<tbody class=\"kh-1ago99h\">\n<tr id=\"alexis#custom#item-id\" class=\"kh-bwvum6\" data-test-id=\"attribute-row\">\n<th class=\"kh-10oizfy\">Tuotekuvaus<\/th>\n<td class=\"kh-1f5nhat\">\n<div class=\"kh-pkx4zo\">Leikkurin vaihteisto \u2013 Comer-vaihteiston T-301B vaihto<\/div>\n<\/td>\n<\/tr>\n<tr id=\"attProductDetails\" class=\"kh-bwvum6\" data-test-id=\"attribute-row\">\n<th class=\"kh-10oizfy\">Tuotetiedot<\/th>\n<td class=\"kh-1f5nhat\">\n<ul>\n<li class=\"kh-16zd49f\">Ota yhteytt\u00e4 saadaksesi tehoa eri kierrosluvulla<\/li>\n<li class=\"kh-16zd49f\">Vaihteisto toimitetaan ilman \u00f6ljy\u00e4 ja se on t\u00e4ytett\u00e4v\u00e4 ennen ensimm\u00e4ist\u00e4 k\u00e4ytt\u00f6kertaa.<\/li>\n<li class=\"kh-16zd49f\">Ensin \u00f6ljynvaihto 50\u201370 k\u00e4ytt\u00f6tunnin j\u00e4lkeen, sitten 500\u2013700 k\u00e4ytt\u00f6tunnin j\u00e4lkeen tai v\u00e4hint\u00e4\u00e4n kerran vuodessa.<\/li>\n<\/ul>\n<\/td>\n<\/tr>\n<tr id=\"attApplicationRange\" class=\"kh-bwvum6\" data-test-id=\"attribute-row\">\n<th class=\"kh-10oizfy\">K\u00e4ytt\u00f6alue<\/th>\n<td class=\"kh-1f5nhat\">\n<ul>\n<li class=\"kh-16zd49f\">Erilaisia \u200b\u200b(maatalouden) sovelluksia<\/li>\n<li class=\"kh-16zd49f\">Ruohonleikkurit<\/li>\n<li class=\"kh-16zd49f\">Py\u00f6riv\u00e4t maanmuokkaimet<\/li>\n<\/ul>\n<\/td>\n<\/tr>\n<tr id=\"taModel_35\" class=\"kh-bwvum6\" data-test-id=\"attribute-row\">\n<th class=\"kh-10oizfy\">Malli<\/th>\n<td class=\"kh-1f5nhat\">\n<div class=\"kh-pkx4zo\">T-301B<\/div>\n<\/td>\n<\/tr>\n<tr id=\"taMaxInputRotationSpeedRpm\" class=\"kh-bwvum6\" data-test-id=\"attribute-row\">\n<th class=\"kh-10oizfy\">Suurin tulon py\u00f6rimisnopeus<\/th>\n<td class=\"kh-1f5nhat\">\n<div class=\"kh-pkx4zo\">1000 rpm<\/div>\n<\/td>\n<\/tr>\n<tr id=\"attConsistsOf\" class=\"kh-bwvum6\" data-test-id=\"attribute-row\">\n<th class=\"kh-10oizfy\">Koostuu<\/th>\n<td class=\"kh-1f5nhat\">\n<ul>\n<li class=\"kh-16zd49f\">Vaihteisto<\/li>\n<li class=\"kh-16zd49f\">Ilman \u00f6ljy\u00e4<\/li>\n<\/ul>\n<\/td>\n<\/tr>\n<tr id=\"taMaxInputPowerKw\" class=\"kh-bwvum6\" data-test-id=\"attribute-row\">\n<th class=\"kh-10oizfy\">Suurin tuloteho<\/th>\n<td class=\"kh-1f5nhat\">\n<div class=\"kh-pkx4zo\">132 kW<\/div>\n<\/td>\n<\/tr>\n<tr id=\"taMaxOutputTorqueDaNm\" class=\"kh-bwvum6\" data-test-id=\"attribute-row\">\n<th class=\"kh-10oizfy\">Suurin l\u00e4ht\u00f6momentti<\/th>\n<td class=\"kh-1f5nhat\">\n<div class=\"kh-pkx4zo\">76,4 daNm<\/div>\n<\/td>\n<\/tr>\n<tr id=\"taConnect1Type\" class=\"kh-bwvum6\" data-test-id=\"attribute-row\">\n<th class=\"kh-10oizfy\">Liit\u00e4nt\u00e4 1 tyyppi<\/th>\n<td class=\"kh-1f5nhat\">\n<div class=\"kh-pkx4zo\">Uritettu<\/div>\n<\/td>\n<\/tr>\n<tr id=\"taConnect1OutsideDiameterInch\" class=\"kh-bwvum6\" data-test-id=\"attribute-row\">\n<th class=\"kh-10oizfy\"><span class=\"kh-rp0pq4\">X<\/span>Liit\u00e4nt\u00e4 1, ulkohalkaisija<\/th>\n<td class=\"kh-1f5nhat\">\n<div class=\"kh-pkx4zo\">1-3\/4 tuumaa<\/div>\n<\/td>\n<\/tr>\n<tr id=\"taConnect1SplinesNumber\" class=\"kh-bwvum6\" data-test-id=\"attribute-row\">\n<th class=\"kh-10oizfy\">Liit\u00e4nt\u00e4 1, urien lukum\u00e4\u00e4r\u00e4<\/th>\n<td class=\"kh-1f5nhat\">\n<div class=\"kh-pkx4zo\">6<\/div>\n<\/td>\n<\/tr>\n<tr id=\"taConnect2Type\" class=\"kh-bwvum6\" data-test-id=\"attribute-row\">\n<th class=\"kh-10oizfy\">Liit\u00e4nt\u00e4 2 tyyppi<\/th>\n<td class=\"kh-1f5nhat\">\n<div class=\"kh-pkx4zo\">Uritettu<\/div>\n<\/td>\n<\/tr>\n<tr id=\"taConnect2OutsideDiameterInch\" class=\"kh-bwvum6\" data-test-id=\"attribute-row\">\n<th class=\"kh-10oizfy\"><span class=\"kh-rp0pq4\">Y<\/span>Liit\u00e4nt\u00e4 2, ulkohalkaisija<\/th>\n<td class=\"kh-1f5nhat\">\n<div class=\"kh-pkx4zo\">1-3\/8 tuumaa<\/div>\n<\/td>\n<\/tr>\n<tr id=\"taConnect2SplinesNumber\" class=\"kh-bwvum6\" data-test-id=\"attribute-row\">\n<th class=\"kh-10oizfy\">Liit\u00e4nt\u00e4 2, urien lukum\u00e4\u00e4r\u00e4<\/th>\n<td class=\"kh-1f5nhat\">\n<div class=\"kh-pkx4zo\">6<\/div>\n<\/td>\n<\/tr>\n<tr id=\"taConnect3Type\" class=\"kh-bwvum6\" data-test-id=\"attribute-row\">\n<th class=\"kh-10oizfy\">Liit\u00e4nt\u00e4tyyppi 3<\/th>\n<td class=\"kh-1f5nhat\">\n<div class=\"kh-pkx4zo\">Uritettu<\/div>\n<\/td>\n<\/tr>\n<tr id=\"taConnect3OutsideDiameterInch\" class=\"kh-bwvum6\" data-test-id=\"attribute-row\">\n<th class=\"kh-10oizfy\"><span class=\"kh-rp0pq4\">Z<\/span>Liit\u00e4nt\u00e4 3, ulkohalkaisija<\/th>\n<td class=\"kh-1f5nhat\">\n<div class=\"kh-pkx4zo\">1-3\/8 tuumaa<\/div>\n<\/td>\n<\/tr>\n<tr id=\"taConnect3SplinesNumber\" class=\"kh-bwvum6\" data-test-id=\"attribute-row\">\n<th class=\"kh-10oizfy\">Liit\u00e4nt\u00e4 3, urien lukum\u00e4\u00e4r\u00e4<\/th>\n<td class=\"kh-1f5nhat\">\n<div class=\"kh-pkx4zo\">6<\/div>\n<\/td>\n<\/tr>\n<tr id=\"taContainsOil\" class=\"kh-bwvum6\" data-test-id=\"attribute-row\">\n<th class=\"kh-10oizfy\">Sis\u00e4lt\u00e4\u00e4 \u00f6ljy\u00e4<\/th>\n<td class=\"kh-1f5nhat\">\n<div class=\"kh-pkx4zo\">Ei<\/div>\n<\/td>\n<\/tr>\n<tr id=\"taMaxOilCapacityL\" class=\"kh-bwvum6\" data-test-id=\"attribute-row\">\n<th class=\"kh-10oizfy\">\u00d6ljyn enimm\u00e4istilavuus<\/th>\n<td class=\"kh-1f5nhat\">\n<div class=\"kh-pkx4zo\">4,4 litraa<\/div>\n<\/td>\n<\/tr>\n<tr id=\"taMaxOilChangeIntervalH\" class=\"kh-bwvum6\" data-test-id=\"attribute-row\">\n<th class=\"kh-10oizfy\">\u00d6ljynvaihtov\u00e4li (maks.)<\/th>\n<td class=\"kh-1f5nhat\">\n<div class=\"kh-pkx4zo\">500 tuntia<\/div>\n<\/td>\n<\/tr>\n<tr id=\"taOilSAEViscosityGrade\" class=\"kh-bwvum6\" data-test-id=\"attribute-row\">\n<th class=\"kh-10oizfy\">\u00d6ljyn SAE-viskositeettiluokka<\/th>\n<td class=\"kh-1f5nhat\">\n<div class=\"kh-pkx4zo\">80W-90<\/div>\n<\/td>\n<\/tr>\n<tr id=\"taHousingMaterial_16\" class=\"kh-bwvum6\" data-test-id=\"attribute-row\">\n<th class=\"kh-10oizfy\">Kotelon materiaali<\/th>\n<td class=\"kh-1f5nhat\">\n<div class=\"kh-pkx4zo\">Valurauta GGG40<\/div>\n<\/td>\n<\/tr>\n<tr id=\"taOriginalNumber_\" class=\"kh-bwvum6\" data-test-id=\"attribute-row\">\n<th class=\"kh-10oizfy\">Alkuper\u00e4inen numeron vastine<\/th>\n<td class=\"kh-1f5nhat\">\n<div class=\"kh-pkx4zo\">9.301.041.00<\/div>\n<\/td>\n<\/tr>\n<tr id=\"taWeightKg_75\" class=\"kh-bwvum6\" data-test-id=\"attribute-row\">\n<th class=\"kh-10oizfy\">Paino<\/th>\n<td class=\"kh-1f5nhat\">\n<div class=\"kh-pkx4zo\">61,5 kg<\/div>\n<\/td>\n<\/tr>\n<tr id=\"taRatioIncreasing\" class=\"kh-bwvum6\" data-test-id=\"attribute-row\">\n<th class=\"kh-10oizfy\">Suhde kasvaa<\/th>\n<td class=\"kh-1f5nhat\">\n<div class=\"kh-pkx4zo\">1: 1.60<\/div>\n<\/td>\n<\/tr>\n<\/tbody>\n<\/table>\n<h2>Flail-leikkurin vaihteiston T-301B ominaisuudet<\/h2>\n<p>Ruohonleikkurin vaihteisto T-301B on tehokas vaihteisto, joka on suunniteltu k\u00e4ytett\u00e4v\u00e4ksi ruohonleikkureiden kanssa maatalous-, maisemointi- ja teollisuussovelluksissa. T\u00e4m\u00e4 vaihteisto on suunniteltu tehokkuutta, kest\u00e4vyytt\u00e4 ja tarkkuutta silm\u00e4ll\u00e4 pit\u00e4en, mik\u00e4 varmistaa optimaalisen suorituskyvyn vaativissa leikkuuymp\u00e4rist\u00f6iss\u00e4. Alla on lueteltu T-301B-vaihteiston t\u00e4rkeimm\u00e4t ominaisuudet:<\/p>\n<p><strong>Korkea v\u00e4lityssuhde parantaa suorituskyky\u00e4<\/strong><\/p>\n<p>T-301B-vaihteistossa on korkea v\u00e4lityssuhde, joka varmistaa tehokkaan v\u00e4\u00e4nt\u00f6momentin siirron ja optimoidun ter\u00e4n py\u00f6rimisen. T\u00e4m\u00e4 v\u00e4lityssuhde on suunniteltu maksimoimaan leikkuutehon, joten se sopii kovan kasvillisuuden, kuten paksun ruohon, pensaiden ja pienten puiden, leikkaamiseen. Vaihteisto varmistaa tasaisen ter\u00e4n nopeuden pit\u00e4en samalla energiankulutuksen alhaisena, mik\u00e4 parantaa kokonaistehokkuutta.<\/p>\n<ul>\n<li>Optimoitu v\u00e4lityssuhde parantaa v\u00e4\u00e4nt\u00f6momenttia ja ter\u00e4n suorituskyky\u00e4.<\/li>\n<li>Ihanteellinen vaativiin leikkuuteht\u00e4viin vaativan kasvillisuuden kanssa.<\/li>\n<\/ul>\n<p><strong>Kest\u00e4v\u00e4 ja tukeva rakenne<\/strong><\/p>\n<p>T-301B-vaihteisto on valmistettu kest\u00e4vist\u00e4 materiaaleista kest\u00e4vyyden ja pitk\u00e4aikaisen suorituskyvyn varmistamiseksi haastavissa olosuhteissa. T\u00e4m\u00e4 vaihteisto on valmistettu eritt\u00e4in lujasta ter\u00e4ksest\u00e4 ja vahvistetuista komponenteista, ja se on suunniteltu kest\u00e4m\u00e4\u00e4n jatkuvan k\u00e4yt\u00f6n rasitukset ankarissa ymp\u00e4rist\u00f6iss\u00e4, kuten ep\u00e4tasaisessa maastossa tai tihe\u00e4ss\u00e4 pensaikossa. Kest\u00e4v\u00e4 kotelo suojaa sis\u00e4isi\u00e4 komponentteja vaurioilta, mik\u00e4 osaltaan pident\u00e4\u00e4 vaihteiston k\u00e4ytt\u00f6ik\u00e4\u00e4.<\/p>\n<ul>\n<li>Kest\u00e4v\u00e4 rakenne takaa luotettavan suorituskyvyn vaativissa olosuhteissa.<\/li>\n<li>Rakennettu kest\u00e4m\u00e4\u00e4n jatkuvaa k\u00e4ytt\u00f6\u00e4 ja vastustuskyky\u00e4 kulumiselle.<\/li>\n<\/ul>\n<p><strong>Tarkkuustekniikka sujuvaa toimintaa varten<\/strong><\/p>\n<p>T-301B-vaihteisto on suunniteltu tarkkuusvaihteilla, jotka takaavat sujuvan ja hiljaisen toiminnan. Sis\u00e4iset komponentit on huolellisesti suunniteltu ja koneistettu tarkkaa istuvuutta varten, mik\u00e4 v\u00e4hent\u00e4\u00e4 t\u00e4rin\u00e4\u00e4 ja melua k\u00e4yt\u00f6n aikana. T\u00e4m\u00e4 ominaisuus parantaa k\u00e4ytt\u00e4j\u00e4n mukavuutta ja turvallisuutta samalla, kun se yll\u00e4pit\u00e4\u00e4 tehokasta suorituskyky\u00e4 sek\u00e4 kevyiss\u00e4 ett\u00e4 raskaissa leikkuuteht\u00e4viss\u00e4.<\/p>\n<ul>\n<li>Tarkkuusvaihteet takaavat sujuvan ja hiljaisen toiminnan.<\/li>\n<li>V\u00e4hent\u00e4\u00e4 t\u00e4rin\u00e4\u00e4, mik\u00e4 parantaa kuljettajan mukavuutta ja turvallisuutta.<\/li>\n<\/ul>\n<p><strong>Tehokas voimansiirto<\/strong><\/p>\n<p>T-301B-vaihteisto on suunniteltu siirt\u00e4m\u00e4\u00e4n tehokkaasti voimaa nivelakselilta niittokoneen terille. Se tarjoaa erinomaisen tehonmuunnoksen minimaalisella h\u00e4vi\u00f6ll\u00e4 varmistaen, ett\u00e4 niittoter\u00e4t toimivat ihanteellisella nopeudella leikkuutehon saavuttamiseksi. T\u00e4m\u00e4 tehokas voimansiirto v\u00e4hent\u00e4\u00e4 traktorin moottorin rasitusta, mik\u00e4 parantaa polttoainetehokkuutta ja alentaa k\u00e4ytt\u00f6kustannuksia.<\/p>\n<ul>\n<li>Tehokas voimansiirto minimoi energiah\u00e4vikin.<\/li>\n<li>V\u00e4hent\u00e4\u00e4 traktorin moottorin rasitusta, mik\u00e4 parantaa polttoainetehokkuutta.<\/li>\n<\/ul>\n<p><strong>Monipuolinen k\u00e4ytt\u00f6<\/strong><\/p>\n<p>T-301B-vaihteisto on monipuolinen ja sit\u00e4 voidaan k\u00e4ytt\u00e4\u00e4 monenlaisten niittokoneiden ja voimanottoakselilla toimivien laitteiden kanssa. Se on suunniteltu k\u00e4sittelem\u00e4\u00e4n erilaisia \u200b\u200b\u200b\u200bleikkausteht\u00e4vi\u00e4 ruohonleikkuulla ja peltojen kunnossapidolla pensaiden raivaukseen ja mets\u00e4t\u00f6ihin. K\u00e4ytettiinp\u00e4 sit\u00e4 pienimuotoisessa toiminnassa tai suurissa kaupallisissa teht\u00e4viss\u00e4, T-301B-vaihteisto mukautuu erilaisiin niitto-olosuhteisiin ja varmistaa tehokkaan suorituskyvyn.<\/p>\n<ul>\n<li>Monipuolinen erilaisiin k\u00e4ytt\u00f6tarkoituksiin, kuten ruohonleikkuuseen, pensaiden raivaukseen ja mets\u00e4t\u00f6ihin.<\/li>\n<li>Sopii sek\u00e4 maatalous- ett\u00e4 maisemointitarkoituksiin.<\/li>\n<\/ul>\n<p>Ruohonleikkurin vaihteisto T-301B on kest\u00e4v\u00e4 ja tehokas vaihteisto, joka on suunniteltu raskaisiin niittoteht\u00e4viin. Sen korkea v\u00e4lityssuhde, kest\u00e4v\u00e4 rakenne ja tehokas voimansiirto tekev\u00e4t siit\u00e4 ihanteellisen paksun ruohon, pensaiden ja pienten puiden leikkaamiseen. K\u00e4ytettiinp\u00e4 sit\u00e4 maatalous- tai maisemointitarkoituksiin, T-301B varmistaa sujuvan toiminnan, tarkan leikkauksen ja pitk\u00e4ik\u00e4isen suorituskyvyn minimaalisilla huoltotarpeilla.<\/p>\n<h2>Miss\u00e4 leikkurin vaihdelaatikkoa voidaan k\u00e4ytt\u00e4\u00e4?<\/h2>\n<p>Leikkurin vaihteisto on monipuolinen ja olennainen osa, jota k\u00e4ytet\u00e4\u00e4n monenlaisissa maatalous-, maisemointi- ja teollisuussovelluksissa. Sen kyky k\u00e4ytt\u00e4\u00e4 leikkuuteri\u00e4 tehokkaasti suurella v\u00e4\u00e4nt\u00f6momentilla ja tarkkuudella tekee siit\u00e4 ihanteellisen ymp\u00e4rist\u00f6ihin, jotka vaativat kest\u00e4v\u00e4\u00e4 ja tasaista suorituskyky\u00e4. Alla on lueteltu t\u00e4rkeimm\u00e4t alueet, joilla leikkuurin vaihteistoa voidaan k\u00e4ytt\u00e4\u00e4 tehokkaasti:<\/p>\n<p><strong>Maatalouspellot<\/strong><\/p>\n<p>Vaihteistolla varustettuja murskainleikkureita k\u00e4ytet\u00e4\u00e4n laajalti maataloudessa peltojen kunnossapitoon. Ne sopivat erinomaisesti ruohon, rikkaruohojen ja kasvillisuuden leikkaamiseen suurilla pelloilla. Vaihteistot varmistavat tehokkaan voimansiirron, jolloin traktorit pystyv\u00e4t k\u00e4sittelem\u00e4\u00e4n umpeenkasvaneita alueita nopeasti ja tehokkaasti. N\u00e4m\u00e4 leikkurit ovat erityisen hy\u00f6dyllisi\u00e4 laidunten, hein\u00e4peltojen ja viljelymaiden kunnossapidossa, koska ne pystyv\u00e4t k\u00e4sittelem\u00e4\u00e4n tihe\u00e4\u00e4 kasvillisuutta ja raivaamaan peltoja istutusta tai laiduntamista varten.<\/p>\n<ul>\n<li>K\u00e4ytt\u00f6kohteet: Ruohikon leikkaaminen, laidunten hoito, rikkaruohojen torjunta.<\/li>\n<li>Edut: Tehokas niitto laajoilla maatalousalueilla, mik\u00e4 parantaa maank\u00e4ytt\u00f6\u00e4.<\/li>\n<\/ul>\n<p><strong>Tienvarsien ja moottoriteiden kunnossapito<\/strong><\/p>\n<p>Murskainleikkureita k\u00e4ytet\u00e4\u00e4n laajasti tienvarsien kunnossapidossa ja moottoriteiden aurauksessa, jossa on leikattava ruohoa, pensaita ja pieni\u00e4 puita teiden varsilta. Murskainleikkurin vaihteisto tarjoaa tarvittavan tehon leikkaamaan tihe\u00e4n pensaikon ja ylikasvaneen kasvillisuuden, joita esiintyy usein moottoriteiden varrella, ehk\u00e4isten n\u00e4kyvyysongelmia ja varmistaen turvalliset ajo-olosuhteet. Vaihteiston kest\u00e4vyys tekee siit\u00e4 sopivan jatkuvaan ja vaativaan ty\u00f6skentelyyn teill\u00e4.<\/p>\n<ul>\n<li>K\u00e4ytt\u00f6kohteet: Tienvarsien niitto, kasvillisuuden torjunta moottoriteiden varsilla ja kaupunkialueilla.<\/li>\n<li>Edut: Auttaa pit\u00e4m\u00e4\u00e4n tienvarret puhtaina ja parantaa turvallisuutta hillitsem\u00e4ll\u00e4 liikakasvuisuutta.<\/li>\n<\/ul>\n<p><strong>Maisemointi ja kaupunkien yll\u00e4pito<\/strong><\/p>\n<p>Maisemointi- ja kaupunkiymp\u00e4rist\u00f6iss\u00e4 Flail Mowerin vaihteistolla on ratkaiseva rooli puistojen, golfkenttien ja julkisten viheralueiden yll\u00e4pidossa. N\u00e4m\u00e4 vaihteistot auttavat ruohon, pensaiden ja pienten puiden hallinnassa varmistaen yhdenmukaiset ja ammattimaiset maisemointitulokset. Ne ovat erityisen hy\u00f6dyllisi\u00e4 kunnallisessa kunnossapidossa ja kaupallisessa maisemoinnissa, joissa sek\u00e4 estetiikka ett\u00e4 toimivuus ovat olennaisia.<\/p>\n<ul>\n<li>K\u00e4ytt\u00f6kohteet: Nurmikon hoito, puistojen ja viheralueiden leikkuu, golfkent\u00e4n hoito.<\/li>\n<li>Edut: Varmistaa siistit, j\u00e4rjestyneet ja hyvin hoidetut julkiset tilat minimaalisella seisokkiajalla.<\/li>\n<\/ul>\n<p><strong>Mets\u00e4talous ja risunraivaus<\/strong><\/p>\n<p>Mets\u00e4taloussovelluksissa Flail Mowerin vaihteistoa k\u00e4ytet\u00e4\u00e4n tihe\u00e4n pensaikon, aluskasvillisuuden ja pienten puiden raivaamiseen. Se sopii erinomaisesti palokatosalueiden raivaamiseen, mets\u00e4teiden rakentamiseen ja mets\u00e4npohjan kasvillisuuden hoitoon. Vaihteiston suuri v\u00e4\u00e4nt\u00f6momentti ja kest\u00e4vyys tekev\u00e4t siit\u00e4 sopivan erinomaisesti ep\u00e4tasaisen, umpeenkasvaneen maaston raivaamiseen metsiss\u00e4 tai mets\u00e4alueilla. T\u00e4m\u00e4 k\u00e4ytt\u00f6tarkoitus on kriittinen tulipalojen ehk\u00e4isemiseksi ja mets\u00e4taloustoimille helppop\u00e4\u00e4syisten alueiden luomiseksi.<\/p>\n<ul>\n<li>K\u00e4ytt\u00f6kohteet: Raivaus, palolinjojen kunnossapito, mets\u00e4nhoito.<\/li>\n<li>Edut: Tihe\u00e4n kasvillisuuden tehokas raivaus, tulipalovaaran ehk\u00e4isy ja helpompi p\u00e4\u00e4sy mets\u00e4alueille.<\/li>\n<\/ul>\n<p><strong>Kunnalliset ja teollisuussovellukset<\/strong><\/p>\n<p>Teollisuus- ja kunnallisissa ymp\u00e4rist\u00f6iss\u00e4 vaihteistolla varustettuja murskainleikkureita k\u00e4ytet\u00e4\u00e4n usein maan raivaukseen, teollisuusalueiden hallintaan ja suurten kiinteist\u00f6jen tai kartanoiden kunnossapitoon. Murskainleikkurin vaihteiston monipuolisuus tekee siit\u00e4 sopivan alueille, joilla kasvillisuutta on hallittava, jotta se ei est\u00e4 koneiden, toiminnan tai infrastruktuurin liikkumista. N\u00e4m\u00e4 vaihteistot varmistavat tehokkaan ja tasaisen toiminnan my\u00f6s kaupunkiymp\u00e4rist\u00f6ss\u00e4, tehdastiloissa tai varastoissa.<\/p>\n<ul>\n<li>K\u00e4ytt\u00f6kohteet: Maanraivaus teollisuusalueilla, kiinteist\u00f6jen kunnossapito, j\u00e4tehuoltoalueet.<\/li>\n<li>Edut: Mahdollistaa tehokkaan maank\u00e4yt\u00f6n ja kasvillisuuden torjunnan teollisuus- tai suurissa kunnallisissa kiinteist\u00f6iss\u00e4.<\/li>\n<\/ul>\n<p>Leikkurin vaihdelaatikko on olennainen osa monenlaisia \u200b\u200bmaatalous-, maisemointi- ja teollisuussovelluksia. Sen monipuolisuus mahdollistaa sen k\u00e4yt\u00f6n pelloilla, teiden varsilla, metsiss\u00e4, kunnallisilla kiinteist\u00f6ill\u00e4 ja urheilunurmen hoidossa, ja se tarjoaa tehokkaan kasvillisuuden torjunnan haastavissa ymp\u00e4rist\u00f6iss\u00e4. Olipa kyseess\u00e4 sitten kunnossapito tai maanraivaus, vaihdelaatikko varmistaa tehokkuuden, kest\u00e4vyyden ja tasaisen suorituskyvyn vaativissa teht\u00e4viss\u00e4.<\/p>\n<table style=\"width: 102.574%; height: 34px;\" width=\"136\">\n<tbody>\n<tr>\n<td style=\"width: 49.8419%;\" width=\"72\"><img loading=\"lazy\" decoding=\"async\" class=\"alignnone size-full wp-image-2448\" src=\"https:\/\/fmp-components.com\/wp-content\/uploads\/2025\/01\/Where-Can-the-Flail-Mower-Gearbox-Be-Used-1.webp\" alt=\"Miss\u00e4-leikkurin-vaihteistoa-voidaan-k\u00e4ytt\u00e4\u00e4-1\" width=\"1024\" height=\"683\" title=\"\" srcset=\"https:\/\/fmp-components.com\/wp-content\/uploads\/2025\/01\/Where-Can-the-Flail-Mower-Gearbox-Be-Used-1.webp 1024w, https:\/\/fmp-components.com\/wp-content\/uploads\/2025\/01\/Where-Can-the-Flail-Mower-Gearbox-Be-Used-1-980x654.webp 980w, https:\/\/fmp-components.com\/wp-content\/uploads\/2025\/01\/Where-Can-the-Flail-Mower-Gearbox-Be-Used-1-480x320.webp 480w\" sizes=\"(min-width: 0px) and (max-width: 480px) 480px, (min-width: 481px) and (max-width: 980px) 980px, (min-width: 981px) 1024px, 100vw\" \/><\/td>\n<td style=\"width: 49.5258%;\" width=\"64\"><img loading=\"lazy\" decoding=\"async\" class=\"alignnone size-full wp-image-2449\" src=\"https:\/\/fmp-components.com\/wp-content\/uploads\/2025\/01\/Where-Can-the-Flail-Mower-Gearbox-Be-Used.webp\" alt=\"Miss\u00e4-leikkurin-vaihteistoa-voidaan-k\u00e4ytt\u00e4\u00e4\" width=\"1024\" height=\"683\" title=\"\" srcset=\"https:\/\/fmp-components.com\/wp-content\/uploads\/2025\/01\/Where-Can-the-Flail-Mower-Gearbox-Be-Used.webp 1024w, https:\/\/fmp-components.com\/wp-content\/uploads\/2025\/01\/Where-Can-the-Flail-Mower-Gearbox-Be-Used-980x654.webp 980w, https:\/\/fmp-components.com\/wp-content\/uploads\/2025\/01\/Where-Can-the-Flail-Mower-Gearbox-Be-Used-480x320.webp 480w\" sizes=\"(min-width: 0px) and (max-width: 480px) 480px, (min-width: 481px) and (max-width: 980px) 980px, (min-width: 981px) 1024px, 100vw\" \/><\/td>\n<\/tr>\n<\/tbody>\n<\/table>\n<h3>Tietoja FMP:st\u00e4<\/h3>\n<p>Italiassa p\u00e4\u00e4konttoriaan pit\u00e4v\u00e4 FMP on johtava valmistaja, joka tunnetaan asiantuntemuksestaan \u200b\u200btehokkaiden vaihteistojen suunnittelussa, kehitt\u00e4misess\u00e4 ja tuotannossa, keskittyen erityisesti maatalouskonesektoriin. Tarkkuuden, innovatiivisten ratkaisujen ja horjumattoman luotettavuuden ansiosta FMP:st\u00e4 on tullut luotettava kumppani sek\u00e4 maatalous- ett\u00e4 teollisuussektorin kehittyviin tarpeisiin. Monipuolinen tuotevalikoimamme sis\u00e4lt\u00e4\u00e4 ruohonleikkureiden, nivelakseleiden ja muiden t\u00e4rkeiden komponenttien erikoisvaihteistoja, jotka kaikki on huolellisesti suunniteltu tarjoamaan r\u00e4\u00e4t\u00e4l\u00f6ityj\u00e4 ratkaisuja laajaan k\u00e4ytt\u00f6tarkoitukseen.<\/p>\n<p>FMP:ll\u00e4 ymm\u00e4rr\u00e4mme, ett\u00e4 jokaisella asiakkaalla on ainutlaatuiset vaatimukset ja haasteet. Siksi olemme erikoistuneet r\u00e4\u00e4t\u00e4l\u00f6ityjen ratkaisujen tarjoamiseen, olipa kyse sitten yksitt\u00e4isist\u00e4 komponenteista tai t\u00e4ysin integroiduista j\u00e4rjestelmist\u00e4. Teemme tiivist\u00e4 yhteisty\u00f6t\u00e4 asiakkaidemme kanssa varmistaaksemme, ett\u00e4 jokainen ratkaisu on paitsi tehokas my\u00f6s tuloksellinen, optimoiden sek\u00e4 suorituskyvyn ett\u00e4 arvon. Sitoutumisemme tarjoamaan nopeita ja ammattimaisia \u200b\u200bvastauksia sek\u00e4 asiantuntevaa ohjausta varmistaa, ett\u00e4 jokaista tiedustelua k\u00e4sitell\u00e4\u00e4n \u00e4\u00e4rimm\u00e4isen huolellisesti ja tarkasti, mik\u00e4 johtaa parhaisiin mahdollisiin tuloksiin.<\/p>\n<p>Priorisoimme avointa ja jatkuvaa viestint\u00e4\u00e4 koko tuotekehitysprosessin ajan. Omistautunut tiimimme ty\u00f6skentelee suoraan asiakkaiden kanssa ymm\u00e4rt\u00e4\u00e4kseen t\u00e4ysin heid\u00e4n erityistarpeensa ja tarjoaa arvokkaita n\u00e4kemyksi\u00e4 ja suosituksia optimaalisten ratkaisujen varmistamiseksi. Olipa kyse innovatiivisten tuotteiden suunnittelusta tai jatkuvien tilausten t\u00e4ytt\u00e4misest\u00e4, FMP on sitoutunut toimittamaan korkealaatuisia ja tarkasti suunniteltuja ratkaisuja ajallaan, joka kerta. Tavoitteenamme on tarjota asiakkaille parasta mahdollista palvelua ja tuloksia, jotka ylitt\u00e4v\u00e4t odotukset jokaisessa projektissa.<\/p>\n<p>Laatu on FMP:n toiminnan kulmakivi. Noudatamme korkeimpia valmistusstandardeja ja toteutamme tiukkoja laadunvalvontatoimenpiteit\u00e4 varmistaaksemme, ett\u00e4 jokainen tuote ei ainoastaan \u200b\u200b\u200b\u200bt\u00e4ytt\u00e4\u00e4 alan standardeja, vaan my\u00f6s ylitt\u00e4\u00e4 ne. T\u00e4m\u00e4 horjumaton sitoutuminen laatuun yhdistettyn\u00e4 ydinarvoihimme, kuten rehellisyyteen, tiimity\u00f6h\u00f6n ja sinnikkyyteen, on mahdollistanut pitk\u00e4aikaisten ja luottamukseen perustuvien asiakassuhteiden rakentamisen l\u00e4hes 30 maassa maailmanlaajuisesti.<\/p>\n<p>FMP on aina avoin globaalien kumppanuuksien edist\u00e4miselle ja on edelleen sitoutunut tarjoamaan asiantuntevaa neuvontaa ja r\u00e4\u00e4t\u00e4l\u00f6ityj\u00e4 ratkaisuja, jotka vastaavat asiakkaidemme monimuotoisiin tarpeisiin. Emme tyydy pelk\u00e4st\u00e4\u00e4n tuotteiden toimittamiseen; pyrimme rakentamaan kest\u00e4vi\u00e4 suhteita, jotka edist\u00e4v\u00e4t jokaisen projektin onnistumista. Tarvitsetpa sitten innovatiivisia ratkaisuja uuteen aloitteeseen tai jatkuvaa tukea olemassa olevalle j\u00e4rjestelm\u00e4lle, FMP on t\u00e4\u00e4ll\u00e4 ratkaisemassa tekniset haasteesi ja varmistamassa jatkuvan menestyksesi.<\/p>\n<p><img loading=\"lazy\" decoding=\"async\" class=\"alignnone size-full wp-image-1861\" src=\"https:\/\/fmp-components.com\/wp-content\/uploads\/2024\/12\/Other-Agricultural-Gearboxes.webp\" sizes=\"(min-width: 0px) and (max-width: 480px) 480px, (min-width: 481px) and (max-width: 980px) 980px, (min-width: 981px) 1200px, 100vw\" srcset=\"https:\/\/fmp-components.com\/wp-content\/uploads\/2024\/12\/Other-Agricultural-Gearboxes.webp 1200w, https:\/\/fmp-components.com\/wp-content\/uploads\/2024\/12\/Other-Agricultural-Gearboxes-980x1143.webp 980w, https:\/\/fmp-components.com\/wp-content\/uploads\/2024\/12\/Other-Agricultural-Gearboxes-480x560.webp 480w\" alt=\"Altri-cambi-agricoli\" width=\"1200\" height=\"1400\" title=\"\"><\/p>\n<p>Tekij\u00e4: CX<\/p>","protected":false},"excerpt":{"rendered":"<p>Specifications of Flail Mower Gearbox T-301B Product\u00a0 Description Flail Mower Gearbox &#8211; Replacement of Comer Gearbox T-301B Product details Contact us for power at a different RPM The gearbox is delivered without oil and must be filled before first use. First, the oil change after 50-70 operating hours, then after 500-700 operating hours or at [&hellip;]<\/p>","protected":false},"featured_media":2450,"comment_status":"open","ping_status":"closed","template":"","meta":{"_et_pb_use_builder":"","_et_pb_old_content":"","_et_gb_content_width":""},"product_brand":[],"product_cat":[58],"product_tag":[],"class_list":{"0":"post-2446","1":"product","2":"type-product","3":"status-publish","4":"has-post-thumbnail","6":"product_cat-flail-mower-gearbox","8":"first","9":"instock","10":"shipping-taxable","11":"product-type-simple"},"_links":{"self":[{"href":"https:\/\/fmp-components.com\/fi\/wp-json\/wp\/v2\/product\/2446","targetHints":{"allow":["GET"]}}],"collection":[{"href":"https:\/\/fmp-components.com\/fi\/wp-json\/wp\/v2\/product"}],"about":[{"href":"https:\/\/fmp-components.com\/fi\/wp-json\/wp\/v2\/types\/product"}],"replies":[{"embeddable":true,"href":"https:\/\/fmp-components.com\/fi\/wp-json\/wp\/v2\/comments?post=2446"}],"wp:featuredmedia":[{"embeddable":true,"href":"https:\/\/fmp-components.com\/fi\/wp-json\/wp\/v2\/media\/2450"}],"wp:attachment":[{"href":"https:\/\/fmp-components.com\/fi\/wp-json\/wp\/v2\/media?parent=2446"}],"wp:term":[{"taxonomy":"product_brand","embeddable":true,"href":"https:\/\/fmp-components.com\/fi\/wp-json\/wp\/v2\/product_brand?post=2446"},{"taxonomy":"product_cat","embeddable":true,"href":"https:\/\/fmp-components.com\/fi\/wp-json\/wp\/v2\/product_cat?post=2446"},{"taxonomy":"product_tag","embeddable":true,"href":"https:\/\/fmp-components.com\/fi\/wp-json\/wp\/v2\/product_tag?post=2446"}],"curies":[{"name":"wp","href":"https:\/\/api.w.org\/{rel}","templated":true}]}}