{"id":2422,"date":"2025-01-01T06:49:10","date_gmt":"2025-01-01T06:49:10","guid":{"rendered":"https:\/\/fmp-components.com\/?page_id=8"},"modified":"2025-01-01T06:49:10","modified_gmt":"2025-01-01T06:49:10","slug":"flail-mower-gearboxes-replacement-of-comer-code-t-292b-1-861","status":"publish","type":"product","link":"https:\/\/fmp-components.com\/fi\/product\/flail-mower-gearboxes-replacement-of-comer-code-t-292b-1-861\/","title":{"rendered":"Leikkuuter\u00e4n vaihteistot \u2013 Comer-koodin T-292B 1.86:1 vaihto"},"content":{"rendered":"<p><img loading=\"lazy\" decoding=\"async\" class=\"size-full wp-image-2429 aligncenter\" src=\"https:\/\/fmp-components.com\/wp-content\/uploads\/2025\/01\/Flail-Mower-Gearboxes-Replacement-of-Comer-Code-T-292B.webp\" alt=\"Flail-Leikkurin-Vaihteistot-Comer-Koodi-T-292B:n Vaihto\" width=\"600\" height=\"491\" title=\"\" srcset=\"https:\/\/fmp-components.com\/wp-content\/uploads\/2025\/01\/Flail-Mower-Gearboxes-Replacement-of-Comer-Code-T-292B.webp 600w, https:\/\/fmp-components.com\/wp-content\/uploads\/2025\/01\/Flail-Mower-Gearboxes-Replacement-of-Comer-Code-T-292B-480x393.webp 480w\" sizes=\"(min-width: 0px) and (max-width: 480px) 480px, (min-width: 481px) 600px, 100vw\" \/><\/p>\n<h2>Leikkurin vaihteiston T-292B (1.86:1) tekniset tiedot<\/h2>\n<p>&nbsp;<\/p>\n<table style=\"width: 99.1544%; height: 163px;\" width=\"136\">\n<tbody>\n<tr>\n<td style=\"width: 49.3464%;\" width=\"72\"><img loading=\"lazy\" decoding=\"async\" class=\"alignnone size-full wp-image-2428\" src=\"https:\/\/fmp-components.com\/wp-content\/uploads\/2025\/01\/Flail-Mower-Gearbox-T-292B-Specifications-1.webp\" alt=\"Flail-Mower-Gearbox-T-292B-Tekniset tiedot-1\" width=\"600\" height=\"350\" title=\"\" srcset=\"https:\/\/fmp-components.com\/wp-content\/uploads\/2025\/01\/Flail-Mower-Gearbox-T-292B-Specifications-1.webp 600w, https:\/\/fmp-components.com\/wp-content\/uploads\/2025\/01\/Flail-Mower-Gearbox-T-292B-Specifications-1-480x280.webp 480w\" sizes=\"(min-width: 0px) and (max-width: 480px) 480px, (min-width: 481px) 600px, 100vw\" \/><\/td>\n<td style=\"width: 49.8911%;\" width=\"64\"><img loading=\"lazy\" decoding=\"async\" class=\"alignnone size-full wp-image-2427\" src=\"https:\/\/fmp-components.com\/wp-content\/uploads\/2025\/01\/Flail-Mower-Gearbox-T-292B-Specifications-2.webp\" alt=\"Flail-Mower-Gearbox-T-292B-Tekniset tiedot-2\" width=\"600\" height=\"354\" title=\"\" srcset=\"https:\/\/fmp-components.com\/wp-content\/uploads\/2025\/01\/Flail-Mower-Gearbox-T-292B-Specifications-2.webp 600w, https:\/\/fmp-components.com\/wp-content\/uploads\/2025\/01\/Flail-Mower-Gearbox-T-292B-Specifications-2-480x283.webp 480w\" sizes=\"(min-width: 0px) and (max-width: 480px) 480px, (min-width: 481px) 600px, 100vw\" \/><\/td>\n<\/tr>\n<\/tbody>\n<\/table>\n<table class=\"kh-1xzm1su\" border=\"1\" cellspacing=\"0\" cellpadding=\"0\" data-intent=\"lists-product-attributes\" data-test-id=\"attributes-list\">\n<tbody class=\"kh-1ago99h\">\n<tr id=\"alexis#custom#item-id\" class=\"kh-bwvum6\" data-test-id=\"attribute-row\">\n<th class=\"kh-10oizfy\">Tuotekuvaus<\/th>\n<td class=\"kh-1f5nhat\">\n<div class=\"kh-pkx4zo\">Leikkuuter\u00e4n vaihteistot \u2013 Comer-koodin T-292B 1.86:1 vaihto<\/div>\n<\/td>\n<\/tr>\n<tr id=\"attProductDetails\" class=\"kh-bwvum6\" data-test-id=\"attribute-row\">\n<th class=\"kh-10oizfy\">Tuotetiedot<\/th>\n<td class=\"kh-1f5nhat\">\n<ul>\n<li class=\"kh-16zd49f\">Kaikki vaihteistot toimitetaan ilman \u00f6ljy\u00e4.<\/li>\n<li class=\"kh-16zd49f\">Vaihda \u00f6ljy ensin 50\u201370 k\u00e4ytt\u00f6tunnin j\u00e4lkeen, sitten 500\u2013700 k\u00e4ytt\u00f6tunnin j\u00e4lkeen tai v\u00e4hint\u00e4\u00e4n kerran vuodessa.<\/li>\n<li class=\"kh-16zd49f\">Ota meihin yhteytt\u00e4, jos haluat tehoa eri kierrosluvulla.<\/li>\n<\/ul>\n<\/td>\n<\/tr>\n<tr id=\"attApplicationRange\" class=\"kh-bwvum6\" data-test-id=\"attribute-row\">\n<th class=\"kh-10oizfy\">K\u00e4ytt\u00f6alue<\/th>\n<td class=\"kh-1f5nhat\">\n<ul>\n<li class=\"kh-16zd49f\">Erilaisia \u200b\u200b(maatalouden) sovelluksia<\/li>\n<li class=\"kh-16zd49f\">Ruohonleikkurit<\/li>\n<li class=\"kh-16zd49f\">Py\u00f6riv\u00e4t maanmuokkaimet<\/li>\n<\/ul>\n<\/td>\n<\/tr>\n<tr id=\"attConsistsOf\" class=\"kh-bwvum6\" data-test-id=\"attribute-row\">\n<th class=\"kh-10oizfy\">Koostuu<\/th>\n<td class=\"kh-1f5nhat\">\n<ul>\n<li class=\"kh-16zd49f\">Vaihteisto<\/li>\n<li class=\"kh-16zd49f\">Ilman \u00f6ljy\u00e4<\/li>\n<\/ul>\n<\/td>\n<\/tr>\n<tr id=\"taContainsOil\" class=\"kh-bwvum6\" data-test-id=\"attribute-row\">\n<th class=\"kh-10oizfy\">Sis\u00e4lt\u00e4\u00e4 \u00f6ljy\u00e4<\/th>\n<td class=\"kh-1f5nhat\">\n<div class=\"kh-pkx4zo\">Ei<\/div>\n<\/td>\n<\/tr>\n<tr id=\"taMaxOilCapacityL\" class=\"kh-bwvum6\" data-test-id=\"attribute-row\">\n<th class=\"kh-10oizfy\">\u00d6ljyn enimm\u00e4istilavuus<\/th>\n<td class=\"kh-1f5nhat\">\n<div class=\"kh-pkx4zo\">2,5 litraa<\/div>\n<\/td>\n<\/tr>\n<tr id=\"taMaxOilChangeIntervalH\" class=\"kh-bwvum6\" data-test-id=\"attribute-row\">\n<th class=\"kh-10oizfy\">\u00d6ljynvaihtov\u00e4li (maks.)<\/th>\n<td class=\"kh-1f5nhat\">\n<div class=\"kh-pkx4zo\">500 tuntia<\/div>\n<\/td>\n<\/tr>\n<tr id=\"taOilSAEViscosityGrade\" class=\"kh-bwvum6\" data-test-id=\"attribute-row\">\n<th class=\"kh-10oizfy\">\u00d6ljyn SAE-viskositeettiluokka<\/th>\n<td class=\"kh-1f5nhat\">\n<div class=\"kh-pkx4zo\">80W-90<\/div>\n<\/td>\n<\/tr>\n<tr id=\"taHousingMaterial_16\" class=\"kh-bwvum6\" data-test-id=\"attribute-row\">\n<th class=\"kh-10oizfy\">Kotelon materiaali<\/th>\n<td class=\"kh-1f5nhat\">\n<div class=\"kh-pkx4zo\">Valurauta GGG40<\/div>\n<\/td>\n<\/tr>\n<tr id=\"taWeightKg_75\" class=\"kh-bwvum6\" data-test-id=\"attribute-row\">\n<th class=\"kh-10oizfy\">Paino<\/th>\n<td class=\"kh-1f5nhat\">\n<div class=\"kh-pkx4zo\">33 kg<\/div>\n<\/td>\n<\/tr>\n<tr id=\"taGearArrangementInc\" class=\"kh-bwvum6\" data-test-id=\"attribute-row\">\n<th class=\"kh-10oizfy\">Vaihteistoj\u00e4rjestely Kasvava<\/th>\n<td class=\"kh-1f5nhat\">\n<div class=\"kh-pkx4zo\">33 &#8211; 34<\/div>\n<\/td>\n<\/tr>\n<tr id=\"taInputPowerKwHpInc\" class=\"kh-bwvum6\" data-test-id=\"attribute-row\">\n<th class=\"kh-10oizfy\">Sy\u00f6tt\u00f6teho kW \/ hv Kasvava<\/th>\n<td class=\"kh-1f5nhat\">\n<div class=\"kh-pkx4zo\">58,9 \/ 80 kW\/hv<\/div>\n<\/td>\n<\/tr>\n<tr id=\"taInputShaftIncreasi\" class=\"kh-bwvum6\" data-test-id=\"attribute-row\">\n<th class=\"kh-10oizfy\">Sis\u00e4\u00e4ntuloakseli Kasvava<\/th>\n<td class=\"kh-1f5nhat\">\n<div class=\"kh-pkx4zo\">Z<\/div>\n<\/td>\n<\/tr>\n<tr id=\"taNSOutputTorqueDaNm_1\" class=\"kh-bwvum6\" data-test-id=\"attribute-row\">\n<th class=\"kh-10oizfy\">L\u00e4ht\u00f6momentti DaNm Kasvava<\/th>\n<td class=\"kh-1f5nhat\">\n<div class=\"kh-pkx4zo\">54,2 daNm<\/div>\n<\/td>\n<\/tr>\n<tr id=\"taRatioIncreasing\" class=\"kh-bwvum6\" data-test-id=\"attribute-row\">\n<th class=\"kh-10oizfy\">Suhde kasvaa<\/th>\n<td class=\"kh-1f5nhat\">\n<div class=\"kh-pkx4zo\">1: 1.86<\/div>\n<\/td>\n<\/tr>\n<tr id=\"taRatioReducing\" class=\"kh-bwvum6\" data-test-id=\"attribute-row\">\n<th class=\"kh-10oizfy\">Suhteen pienent\u00e4minen<\/th>\n<td class=\"kh-1f5nhat\">\n<div class=\"kh-pkx4zo\">1.86: 1<\/div>\n<\/td>\n<\/tr>\n<tr id=\"taShaftX\" class=\"kh-bwvum6\" data-test-id=\"attribute-row\">\n<th class=\"kh-10oizfy\">Akseli X<\/th>\n<td class=\"kh-1f5nhat\">\n<div class=\"kh-pkx4zo\">35h7<\/div>\n<\/td>\n<\/tr>\n<tr id=\"taShaftZ\" class=\"kh-bwvum6\" data-test-id=\"attribute-row\">\n<th class=\"kh-10oizfy\">Akseli Z<\/th>\n<td class=\"kh-1f5nhat\">\n<div class=\"kh-pkx4zo\">1 3\/8\u2033 (6) (A)<\/div>\n<\/td>\n<\/tr>\n<\/tbody>\n<\/table>\n<h2>Niittokoneen vaihteiston T-292B (1.86:1) ominaisuudet<\/h2>\n<p>Niittokoneen vaihteisto T-292B, jonka v\u00e4lityssuhde on 1,86:1, on suunniteltu tarjoamaan tehokasta ja kest\u00e4v\u00e4\u00e4 ty\u00f6skentely\u00e4 erilaisissa niittoteht\u00e4viss\u00e4, erityisesti maatalous-, maisemointi- ja teollisuusymp\u00e4rist\u00f6iss\u00e4. Alla on lueteltu t\u00e4m\u00e4n vaihteiston t\u00e4rkeimm\u00e4t ominaisuudet:<\/p>\n<p><strong>Optimoitu v\u00e4lityssuhde voimansiirtoon<\/strong><\/p>\n<p>T-292B-vaihteiston 1,86:1-v\u00e4lityssuhde varmistaa tehokkaan voimansiirron traktorin voimanottoj\u00e4rjestelm\u00e4st\u00e4 leikkurin terille. T\u00e4m\u00e4 v\u00e4lityssuhde tarjoaa tasapainon v\u00e4\u00e4nt\u00f6momentin ja nopeuden v\u00e4lille, jolloin leikkuri leikkaa ruohoa, rikkaruohoja ja ohutta pensaita tehokkaasti ja tarjoaa samalla paremman leikkausprosessin hallinnan. Suurempi v\u00e4\u00e4nt\u00f6momentti tekee vaihteistosta sopivan kovemman kasvillisuuden k\u00e4sittelyyn, mik\u00e4 parantaa leikkuutehokkuutta.<\/p>\n<p><strong>Kest\u00e4v\u00e4 ja kest\u00e4v\u00e4 rakenne<\/strong><\/p>\n<p>T-292B-vaihteisto on valmistettu eritt\u00e4in lujista materiaaleista, jotka on suunniteltu kest\u00e4m\u00e4\u00e4n vaativia ty\u00f6olosuhteita. Sen kest\u00e4v\u00e4 kotelo, vahvistetut vaihteet ja tarkasti suunnitellut komponentit on erityisesti suunniteltu k\u00e4sittelem\u00e4\u00e4n raskaita ty\u00f6kuormia vaativissa ymp\u00e4rist\u00f6iss\u00e4, kuten ep\u00e4tasaisessa maastossa. T\u00e4m\u00e4 vankka rakenne varmistaa pitk\u00e4ik\u00e4isen suorituskyvyn ja v\u00e4hent\u00e4\u00e4 usein teht\u00e4vien korjausten tai osien vaihtojen tarvetta.<br \/>\n<strong>Suuri v\u00e4\u00e4nt\u00f6momentti<\/strong><\/p>\n<p>Optimoidun 1,86:1 v\u00e4lityssuhteensa ansiosta T-292B-vaihteisto tarjoaa suuren v\u00e4\u00e4nt\u00f6momentin. T\u00e4m\u00e4 ominaisuus mahdollistaa vaihteiston tehokkaan voimansiirron leikkurin terille, jolloin leikkuri pystyy k\u00e4sittelem\u00e4\u00e4n tihe\u00e4\u00e4 ruohoa, rikkaruohoja ja pieni\u00e4 pensaita. Lis\u00e4\u00e4ntynyt v\u00e4\u00e4nt\u00f6momentti varmistaa tasaisen toiminnan my\u00f6s haastavissa leikkuuolosuhteissa, mik\u00e4 tekee siit\u00e4 ihanteellisen valinnan erilaisiin maatalous- ja teollisuusteht\u00e4viin.<\/p>\n<p><strong>V\u00e4hentynyt t\u00e4rin\u00e4 ja melu<\/strong><\/p>\n<p>T-292B-vaihteisto on suunniteltu tarjoamaan sujuvaa ja vakaata toimintaa sek\u00e4 v\u00e4hent\u00e4m\u00e4\u00e4n t\u00e4rin\u00e4\u00e4 ja melutasoa. Tarkkuussuunnitellut vaihteet auttavat minimoimaan kitkaa ja varmistamaan tasaisen tehonjaon, mik\u00e4 johtaa hiljaisempaan toimintaan ja v\u00e4hent\u00e4\u00e4 j\u00e4rjestelm\u00e4n kulumista. T\u00e4m\u00e4 edist\u00e4\u00e4 mukavampaa ja tehokkaampaa leikkuukokemusta ja pident\u00e4\u00e4 my\u00f6s vaihteiston ja siihen liittyvien komponenttien k\u00e4ytt\u00f6ik\u00e4\u00e4.<\/p>\n<p><strong>V\u00e4h\u00e4inen huoltotarve ja luotettava suorituskyky<\/strong><\/p>\n<p>T-292B-vaihteisto on suunniteltu v\u00e4h\u00e4ist\u00e4 huoltoa vaativaksi ja luotettavaksi. Siin\u00e4 on tiivistetyt laakerit ja tarkkuuskomponentit, jotka v\u00e4hent\u00e4v\u00e4t usein tapahtuvan voitelun ja huoltotarkastusten tarvetta. S\u00e4\u00e4nn\u00f6lliset \u00f6ljynvaihdot ja satunnaiset tarkastukset riitt\u00e4v\u00e4t yleens\u00e4 optimaalisen suorituskyvyn yll\u00e4pit\u00e4miseksi. T\u00e4m\u00e4 v\u00e4h\u00e4ist\u00e4 huoltoa vaativa rakenne s\u00e4\u00e4st\u00e4\u00e4 aikaa ja alentaa k\u00e4ytt\u00f6kustannuksia pitk\u00e4ll\u00e4 aikav\u00e4lill\u00e4.<\/p>\n<p>Ruohonleikkurin vaihteisto T-292B (1.86:1) tarjoaa tasapainoisen yhdistelm\u00e4n tehoa, kest\u00e4vyytt\u00e4 ja v\u00e4h\u00e4ist\u00e4 huoltoa vaativaa suorituskyky\u00e4. Sen optimoitu v\u00e4lityssuhde, suuri v\u00e4\u00e4nt\u00f6momentti ja kest\u00e4v\u00e4 rakenne tekev\u00e4t siit\u00e4 sopivan vaativiin niittoteht\u00e4viin, kun taas sen tasainen toiminta ja v\u00e4hentynyt t\u00e4rin\u00e4 parantavat yleist\u00e4 k\u00e4ytt\u00f6kokemusta. T\u00e4m\u00e4 vaihteisto on ihanteellinen niille, jotka etsiv\u00e4t tehokasta, luotettavaa ja kustannustehokasta ratkaisua ruohonleikkuritarpeisiinsa.<\/p>\n<table style=\"width: 99.6423%; height: 10px;\" width=\"136\">\n<tbody>\n<tr style=\"height: 23px;\">\n<td style=\"height: 23px; width: 49.6747%;\" width=\"72\"><img loading=\"lazy\" decoding=\"async\" class=\"alignnone size-full wp-image-2425\" src=\"https:\/\/fmp-components.com\/wp-content\/uploads\/2025\/01\/Agricultural-PTO-Shaft-for-Flail-Mower-Gearbox-41.webp\" alt=\"Maatalouden-voimanottoakseli-niittokoneen-vaihteistoon-41\" width=\"900\" height=\"675\" title=\"\" srcset=\"https:\/\/fmp-components.com\/wp-content\/uploads\/2025\/01\/Agricultural-PTO-Shaft-for-Flail-Mower-Gearbox-41.webp 900w, https:\/\/fmp-components.com\/wp-content\/uploads\/2025\/01\/Agricultural-PTO-Shaft-for-Flail-Mower-Gearbox-41-480x360.webp 480w\" sizes=\"(min-width: 0px) and (max-width: 480px) 480px, (min-width: 481px) 900px, 100vw\" \/><\/td>\n<td style=\"height: 23px; width: 49.6746%;\" width=\"64\"><img loading=\"lazy\" decoding=\"async\" class=\"alignnone size-full wp-image-2424\" src=\"https:\/\/fmp-components.com\/wp-content\/uploads\/2025\/01\/Agricultural-PTO-Shaft-for-Flail-Mower-Gearbox-42.webp\" alt=\"Maatalouden-voimanottoakseli-niittokoneen-vaihteistoon-42\" width=\"900\" height=\"675\" title=\"\" srcset=\"https:\/\/fmp-components.com\/wp-content\/uploads\/2025\/01\/Agricultural-PTO-Shaft-for-Flail-Mower-Gearbox-42.webp 900w, https:\/\/fmp-components.com\/wp-content\/uploads\/2025\/01\/Agricultural-PTO-Shaft-for-Flail-Mower-Gearbox-42-480x360.webp 480w\" sizes=\"(min-width: 0px) and (max-width: 480px) 480px, (min-width: 481px) 900px, 100vw\" \/><\/td>\n<\/tr>\n<\/tbody>\n<\/table>\n<h2>Maatalouden nivelakseli niittokoneen vaihdelaatikolle<\/h2>\n<p>Niittokoneen vaihteiston maatalouden nivelakseli on t\u00e4rke\u00e4 osa, joka v\u00e4litt\u00e4\u00e4 voiman traktorin voimanottoj\u00e4rjestelm\u00e4st\u00e4 (PTO) niittokoneen vaihteistoon varmistaen tasaisen ja tehokkaan toiminnan. Nivelakselilla on t\u00e4rke\u00e4 rooli traktorin ja niittokoneen yhdist\u00e4misess\u00e4 ja niittoterien k\u00e4ytt\u00e4miseen tarvittavan py\u00f6rimisvoiman v\u00e4litt\u00e4misess\u00e4.<\/p>\n<p>Alla on lueteltu maatalousk\u00e4ytt\u00f6\u00f6n tarkoitetun nivelakselin ja niittokoneen vaihdelaatikon t\u00e4rkeimm\u00e4t ominaisuudet, edut ja huomioon otettavat seikat:<\/p>\n<p><strong>Tehonsiirron hy\u00f6tysuhde<\/strong><\/p>\n<p>Voimanottoakseli on suunniteltu siirt\u00e4m\u00e4\u00e4n py\u00f6rimisvoimaa tehokkaasti traktorin moottorista ruohonleikkurin vaihteistoon. Voimanottoakselin kautta siirretty voima mahdollistaa sen, ett\u00e4 vaihteisto k\u00e4ytt\u00e4\u00e4 leikkuuteri\u00e4, joita k\u00e4ytet\u00e4\u00e4n ruohon, rikkaruohojen ja muun kasvillisuuden leikkaamiseen. Voimanottoakseli on v\u00e4ltt\u00e4m\u00e4t\u00f6n optimaalisen suorituskyvyn saavuttamiseksi ja sen varmistamiseksi, ett\u00e4 leikkuri toimii oikealla nopeudella ja v\u00e4\u00e4nt\u00f6momentilla tehokkaan leikkauksen takaamiseksi.<\/p>\n<ul>\n<li>Tehokas voimansiirto varmistaa, ett\u00e4 leikkurin ter\u00e4t saavat tarvittavan tehon sujuvaa toimintaa varten.<\/li>\n<li>Soveltuu suurille v\u00e4\u00e4nt\u00f6momenteille, ja nivelakseli on suunniteltu kest\u00e4m\u00e4\u00e4n maatalousymp\u00e4rist\u00f6jen vaativia olosuhteita.<\/li>\n<\/ul>\n<p><strong>Kest\u00e4vyys ja lujuus<\/strong><\/p>\n<p>Maatalouden nivelakselit on rakennettu kest\u00e4m\u00e4\u00e4n ankaria olosuhteita, mukaan lukien jatkuva k\u00e4ytt\u00f6 vaativissa maatalousymp\u00e4rist\u00f6iss\u00e4. Niittokoneiden vaihteistojen nivelakseli on valmistettu eritt\u00e4in lujista materiaaleista, kuten ter\u00e4ksest\u00e4 tai hiilikuidusta, jotta se kest\u00e4\u00e4 raskaatkin teht\u00e4v\u00e4t rikkoutumatta tai taipumatta. Akseli on suunniteltu jatkuvaan k\u00e4ytt\u00f6\u00f6n, ja se tuottaa luotettavaa tehoa leikkurille kest\u00e4en samalla \u00e4\u00e4rimm\u00e4isi\u00e4 kuormia ja rasitusta.<\/p>\n<ul>\n<li>Kest\u00e4v\u00e4 rakenne takaa pitk\u00e4n k\u00e4ytt\u00f6i\u00e4n ja minimaalisen kulumisen jatkuvassa k\u00e4yt\u00f6ss\u00e4.<\/li>\n<li>Kest\u00e4v\u00e4 rakenne kest\u00e4\u00e4 nurmikonleikkuuta pelloilla, tienvarsilla tai mets\u00e4talousk\u00e4yt\u00f6ss\u00e4.<\/li>\n<\/ul>\n<p><strong>Turvaominaisuudet<\/strong><\/p>\n<p>Turvallisuus on ratkaisevan t\u00e4rke\u00e4\u00e4 k\u00e4ytett\u00e4ess\u00e4 nivelakseleita maataloussovelluksissa. Niittokoneiden nivelakselit on varustettu turvasuojilla ja ylikuormitussuojamekanismeilla. N\u00e4m\u00e4 ominaisuudet on suunniteltu suojaamaan k\u00e4ytt\u00e4j\u00e4\u00e4 ja muita l\u00e4hell\u00e4 ty\u00f6skentelevi\u00e4 mahdollisilta vaaroilta, kuten py\u00f6rivilt\u00e4 osilta, roskilta tai akselin \u00e4killiselt\u00e4 irtoamiselta.<\/p>\n<ul>\n<li>Turvasuojat est\u00e4v\u00e4t vahingossa tapahtuvan kosketuksen py\u00f6riviin osiin.<\/li>\n<li>Ylikuormitussuoja auttaa est\u00e4m\u00e4\u00e4n voimanottoakselin ja vaihteiston vaurioitumisen odottamattomissa tilanteissa, kuten jumittuessa tai liiallisessa rasituksessa.<\/li>\n<\/ul>\n<p><strong>S\u00e4\u00e4dett\u00e4v\u00e4 pituus yhteensopivuuden takaamiseksi<\/strong><\/p>\n<p>Murskainleikkureiden vaihteistojen nivelakselit on suunniteltu s\u00e4\u00e4dett\u00e4viksi pituuksiksi, jotta ne sopisivat eri kokoisille traktoreille ja leikkurikokoonpanoille. Pituutta voidaan s\u00e4\u00e4t\u00e4\u00e4 sen varmistamiseksi, ett\u00e4 akseli kytkeytyy oikein traktorin voimanoton ulostulon ja murskainleikkurin vaihteiston sis\u00e4\u00e4ntulon v\u00e4lille. T\u00e4m\u00e4 s\u00e4\u00e4dett\u00e4vyys varmistaa, ett\u00e4 nivelakseli voidaan r\u00e4\u00e4t\u00e4l\u00f6id\u00e4 sopimaan useille eri malleille ja merkeille, mik\u00e4 tekee siit\u00e4 monipuolisen k\u00e4ytett\u00e4v\u00e4ksi erilaisten laitteiden kanssa.<\/p>\n<ul>\n<li>Teleskooppinen muotoilu mahdollistaa helpon pituuden s\u00e4\u00e4t\u00e4misen.<\/li>\n<li>Mukautettava sovitus varmistaa yhteensopivuuden eri traktorimallien ja niittokoneiden vaihteistojen kanssa.<\/li>\n<\/ul>\n<p><strong>Helppo asentaa ja huoltaa<\/strong><\/p>\n<p>Maatalouden nivelakselin asentaminen ja huolto on suhteellisen yksinkertaista. Nivelakselissa on tyypillisesti yleisnivelet ja pikaliittimet, joiden avulla se on helppo kiinnitt\u00e4\u00e4 ja irrottaa niittokoneen vaihteistosta ja traktorista. S\u00e4\u00e4nn\u00f6llinen huolto sis\u00e4lt\u00e4\u00e4 akselin kulumisen tarkistamisen, nivelten voitelun ja suojasuojusten paikallaan olon varmistamisen.<\/p>\n<ul>\n<li>Pikaliittimet tekev\u00e4t kiinnitt\u00e4misest\u00e4 ja irrottamisesta helppoa.<\/li>\n<li>V\u00e4h\u00e4iset huoltovaatimukset sis\u00e4lt\u00e4v\u00e4t satunnaisen voitelun ja turvatarkastukset.<\/li>\n<\/ul>\n<p>Maatalouden nivelakseli niittokoneen vaihteistoon on olennainen osa niittokoneen tehokkaan toiminnan varmistamiseksi. Se tarjoaa tarvittavan voimansiirron traktorista niittokoneeseen, mik\u00e4 mahdollistaa tehokkaan kasvillisuuden hallinnan. Kest\u00e4v\u00e4n rakenteensa, turvaominaisuuksiensa, s\u00e4\u00e4dett\u00e4v\u00e4n pituutensa ja helpon huollettavuuden ansiosta nivelakseli on suunniteltu vaativiin maatalousteht\u00e4viin samalla, kun se s\u00e4ilytt\u00e4\u00e4 k\u00e4ytt\u00e4j\u00e4n turvallisuuden ja laitteiden pitk\u00e4ik\u00e4isyyden. Nivelakselia valittaessa on t\u00e4rke\u00e4\u00e4 ottaa huomioon yhteensopivuus traktorin ja niittokoneen vaihteiston kanssa optimaalisen suorituskyvyn saavuttamiseksi.<\/p>\n<p><img loading=\"lazy\" decoding=\"async\" class=\"alignnone size-full wp-image-2426\" src=\"https:\/\/fmp-components.com\/wp-content\/uploads\/2025\/01\/Some-of-Flail-Mower-Gearbox-Common-Problems.webp\" alt=\"Joitakin-leikkurin-vaihteiston-yleisi\u00e4-ongelmia\" width=\"1906\" height=\"1048\" title=\"\" srcset=\"https:\/\/fmp-components.com\/wp-content\/uploads\/2025\/01\/Some-of-Flail-Mower-Gearbox-Common-Problems.webp 1906w, https:\/\/fmp-components.com\/wp-content\/uploads\/2025\/01\/Some-of-Flail-Mower-Gearbox-Common-Problems-1280x704.webp 1280w, https:\/\/fmp-components.com\/wp-content\/uploads\/2025\/01\/Some-of-Flail-Mower-Gearbox-Common-Problems-980x539.webp 980w, https:\/\/fmp-components.com\/wp-content\/uploads\/2025\/01\/Some-of-Flail-Mower-Gearbox-Common-Problems-480x264.webp 480w\" sizes=\"(min-width: 0px) and (max-width: 480px) 480px, (min-width: 481px) and (max-width: 980px) 980px, (min-width: 981px) and (max-width: 1280px) 1280px, (min-width: 1281px) 1906px, 100vw\" \/><\/p>\n<h3>Tietoja FMP:st\u00e4<\/h3>\n<p>Italiassa p\u00e4\u00e4konttoriaan pit\u00e4v\u00e4 FMP on johtava valmistaja, joka tunnetaan asiantuntemuksestaan \u200b\u200btehokkaiden vaihteistojen suunnittelussa, kehitt\u00e4misess\u00e4 ja tuotannossa, keskittyen erityisesti maatalouskonesektoriin. Tarkkuuden, innovatiivisten ratkaisujen ja horjumattoman luotettavuuden ansiosta FMP:st\u00e4 on tullut luotettava kumppani sek\u00e4 maatalous- ett\u00e4 teollisuussektorin kehittyviin tarpeisiin. Monipuolinen tuotevalikoimamme sis\u00e4lt\u00e4\u00e4 ruohonleikkureiden, nivelakseleiden ja muiden t\u00e4rkeiden komponenttien erikoisvaihteistoja, jotka kaikki on huolellisesti suunniteltu tarjoamaan r\u00e4\u00e4t\u00e4l\u00f6ityj\u00e4 ratkaisuja laajaan k\u00e4ytt\u00f6tarkoitukseen.<\/p>\n<p>FMP:ll\u00e4 ymm\u00e4rr\u00e4mme, ett\u00e4 jokaisella asiakkaalla on ainutlaatuiset vaatimukset ja haasteet. Siksi olemme erikoistuneet r\u00e4\u00e4t\u00e4l\u00f6ityjen ratkaisujen tarjoamiseen, olipa kyse sitten yksitt\u00e4isist\u00e4 komponenteista tai t\u00e4ysin integroiduista j\u00e4rjestelmist\u00e4. Teemme tiivist\u00e4 yhteisty\u00f6t\u00e4 asiakkaidemme kanssa varmistaaksemme, ett\u00e4 jokainen ratkaisu on paitsi tehokas my\u00f6s tuloksellinen, optimoiden sek\u00e4 suorituskyvyn ett\u00e4 arvon. Sitoutumisemme tarjoamaan nopeita ja ammattimaisia \u200b\u200bvastauksia sek\u00e4 asiantuntevaa ohjausta varmistaa, ett\u00e4 jokaista tiedustelua k\u00e4sitell\u00e4\u00e4n \u00e4\u00e4rimm\u00e4isen huolellisesti ja tarkasti, mik\u00e4 johtaa parhaisiin mahdollisiin tuloksiin.<\/p>\n<p>Priorisoimme avointa ja jatkuvaa viestint\u00e4\u00e4 koko tuotekehitysprosessin ajan. Omistautunut tiimimme ty\u00f6skentelee suoraan asiakkaiden kanssa ymm\u00e4rt\u00e4\u00e4kseen t\u00e4ysin heid\u00e4n erityistarpeensa ja tarjoaa arvokkaita n\u00e4kemyksi\u00e4 ja suosituksia optimaalisten ratkaisujen varmistamiseksi. Olipa kyse innovatiivisten tuotteiden suunnittelusta tai jatkuvien tilausten t\u00e4ytt\u00e4misest\u00e4, FMP on sitoutunut toimittamaan korkealaatuisia ja tarkasti suunniteltuja ratkaisuja ajallaan, joka kerta. Tavoitteenamme on tarjota asiakkaille parasta mahdollista palvelua ja tuloksia, jotka ylitt\u00e4v\u00e4t odotukset jokaisessa projektissa.<\/p>\n<p>Laatu on FMP:n toiminnan kulmakivi. Noudatamme korkeimpia valmistusstandardeja ja toteutamme tiukkoja laadunvalvontatoimenpiteit\u00e4 varmistaaksemme, ett\u00e4 jokainen tuote ei ainoastaan \u200b\u200b\u200b\u200bt\u00e4ytt\u00e4\u00e4 alan standardeja, vaan my\u00f6s ylitt\u00e4\u00e4 ne. T\u00e4m\u00e4 horjumaton sitoutuminen laatuun yhdistettyn\u00e4 ydinarvoihimme, kuten rehellisyyteen, tiimity\u00f6h\u00f6n ja sinnikkyyteen, on mahdollistanut pitk\u00e4aikaisten ja luottamukseen perustuvien asiakassuhteiden rakentamisen l\u00e4hes 30 maassa maailmanlaajuisesti.<\/p>\n<p>FMP on aina avoin globaalien kumppanuuksien edist\u00e4miselle ja on edelleen sitoutunut tarjoamaan asiantuntevaa neuvontaa ja r\u00e4\u00e4t\u00e4l\u00f6ityj\u00e4 ratkaisuja, jotka vastaavat asiakkaidemme monimuotoisiin tarpeisiin. Emme tyydy pelk\u00e4st\u00e4\u00e4n tuotteiden toimittamiseen; pyrimme rakentamaan kest\u00e4vi\u00e4 suhteita, jotka edist\u00e4v\u00e4t jokaisen projektin onnistumista. Tarvitsetpa sitten innovatiivisia ratkaisuja uuteen aloitteeseen tai jatkuvaa tukea olemassa olevalle j\u00e4rjestelm\u00e4lle, FMP on t\u00e4\u00e4ll\u00e4 ratkaisemassa tekniset haasteesi ja varmistamassa jatkuvan menestyksesi.<\/p>\n<p><img loading=\"lazy\" decoding=\"async\" class=\"alignnone size-full wp-image-1861\" src=\"https:\/\/fmp-components.com\/wp-content\/uploads\/2024\/12\/Other-Agricultural-Gearboxes.webp\" sizes=\"(min-width: 0px) and (max-width: 480px) 480px, (min-width: 481px) and (max-width: 980px) 980px, (min-width: 981px) 1200px, 100vw\" srcset=\"https:\/\/fmp-components.com\/wp-content\/uploads\/2024\/12\/Other-Agricultural-Gearboxes.webp 1200w, https:\/\/fmp-components.com\/wp-content\/uploads\/2024\/12\/Other-Agricultural-Gearboxes-980x1143.webp 980w, https:\/\/fmp-components.com\/wp-content\/uploads\/2024\/12\/Other-Agricultural-Gearboxes-480x560.webp 480w\" alt=\"Altri-cambi-agricoli\" width=\"1200\" height=\"1400\" title=\"\"><\/p>\n<p>Tekij\u00e4: CX<\/p>","protected":false},"excerpt":{"rendered":"<p>Specifications of Flail Mower Gearbox T-292B (1.86:1) &nbsp; Product Description Flail Mower Gearboxes &#8211; Replacement of Comer Code T-292B 1.86:1 Product details All gearboxes are supplied without oil. First, oil change after 50-70 operating hours, then after 500-700 operating hours or at least once a year. Contact us for power at a different RPM. Application [&hellip;]<\/p>","protected":false},"featured_media":2429,"comment_status":"open","ping_status":"closed","template":"","meta":{"_et_pb_use_builder":"","_et_pb_old_content":"","_et_gb_content_width":""},"product_brand":[],"product_cat":[58],"product_tag":[],"class_list":{"0":"post-2422","1":"product","2":"type-product","3":"status-publish","4":"has-post-thumbnail","6":"product_cat-flail-mower-gearbox","8":"first","9":"instock","10":"shipping-taxable","11":"product-type-simple"},"_links":{"self":[{"href":"https:\/\/fmp-components.com\/fi\/wp-json\/wp\/v2\/product\/2422","targetHints":{"allow":["GET"]}}],"collection":[{"href":"https:\/\/fmp-components.com\/fi\/wp-json\/wp\/v2\/product"}],"about":[{"href":"https:\/\/fmp-components.com\/fi\/wp-json\/wp\/v2\/types\/product"}],"replies":[{"embeddable":true,"href":"https:\/\/fmp-components.com\/fi\/wp-json\/wp\/v2\/comments?post=2422"}],"wp:featuredmedia":[{"embeddable":true,"href":"https:\/\/fmp-components.com\/fi\/wp-json\/wp\/v2\/media\/2429"}],"wp:attachment":[{"href":"https:\/\/fmp-components.com\/fi\/wp-json\/wp\/v2\/media?parent=2422"}],"wp:term":[{"taxonomy":"product_brand","embeddable":true,"href":"https:\/\/fmp-components.com\/fi\/wp-json\/wp\/v2\/product_brand?post=2422"},{"taxonomy":"product_cat","embeddable":true,"href":"https:\/\/fmp-components.com\/fi\/wp-json\/wp\/v2\/product_cat?post=2422"},{"taxonomy":"product_tag","embeddable":true,"href":"https:\/\/fmp-components.com\/fi\/wp-json\/wp\/v2\/product_tag?post=2422"}],"curies":[{"name":"wp","href":"https:\/\/api.w.org\/{rel}","templated":true}]}}