{"id":2404,"date":"2025-01-01T06:22:07","date_gmt":"2025-01-01T06:22:07","guid":{"rendered":"https:\/\/fmp-components.com\/?page_id=8"},"modified":"2025-01-01T06:22:07","modified_gmt":"2025-01-01T06:22:07","slug":"flail-mower-gearboxes-replacement-of-comer-code-t-290a-11-86","status":"publish","type":"product","link":"https:\/\/fmp-components.com\/fi\/product\/flail-mower-gearboxes-replacement-of-comer-code-t-290a-11-86\/","title":{"rendered":"Leikkuuter\u00e4n vaihteistot \u2013 Comer-koodin T-290A 1:1.86 vaihto"},"content":{"rendered":"<table style=\"width: 103.346%; height: 67px;\" width=\"136\">\n<tbody>\n<tr>\n<td width=\"72\"><img loading=\"lazy\" decoding=\"async\" class=\"alignnone size-full wp-image-2408\" src=\"https:\/\/fmp-components.com\/wp-content\/uploads\/2025\/01\/Flail-Mower-Gearboxes-Replacement-of-Comer-Gearbox-T-290A.webp\" alt=\"Flail-Leikkurin-Vaihteistot-Comer-Vaihteiston-T-290A-Vaihto\" width=\"600\" height=\"600\" title=\"\" srcset=\"https:\/\/fmp-components.com\/wp-content\/uploads\/2025\/01\/Flail-Mower-Gearboxes-Replacement-of-Comer-Gearbox-T-290A.webp 600w, https:\/\/fmp-components.com\/wp-content\/uploads\/2025\/01\/Flail-Mower-Gearboxes-Replacement-of-Comer-Gearbox-T-290A-480x480.webp 480w\" sizes=\"(min-width: 0px) and (max-width: 480px) 480px, (min-width: 481px) 600px, 100vw\" \/><\/td>\n<td width=\"64\"><img loading=\"lazy\" decoding=\"async\" class=\"alignnone size-full wp-image-2409\" src=\"https:\/\/fmp-components.com\/wp-content\/uploads\/2025\/01\/Flail-Mower-Gearboxes-Replacement-of-Comer-Code-T-290A.webp\" alt=\"Flail-Leikkurin-Vaihteistot-Comer-Code-T-290A:n Vaihto\" width=\"600\" height=\"600\" title=\"\" srcset=\"https:\/\/fmp-components.com\/wp-content\/uploads\/2025\/01\/Flail-Mower-Gearboxes-Replacement-of-Comer-Code-T-290A.webp 600w, https:\/\/fmp-components.com\/wp-content\/uploads\/2025\/01\/Flail-Mower-Gearboxes-Replacement-of-Comer-Code-T-290A-480x480.webp 480w\" sizes=\"(min-width: 0px) and (max-width: 480px) 480px, (min-width: 481px) 600px, 100vw\" \/><\/td>\n<\/tr>\n<\/tbody>\n<\/table>\n<h2>Leikkurin vaihteiston T-290A (1:1.86) tekniset tiedot<\/h2>\n<p><img loading=\"lazy\" decoding=\"async\" class=\"alignnone size-full wp-image-2411\" src=\"https:\/\/fmp-components.com\/wp-content\/uploads\/2025\/01\/Flail-Mower-Gearbox-T-290A-Specifications-1.webp\" alt=\"Flail-Mower-Gearbox-T-290A-Tekniset tiedot-1\" width=\"1335\" height=\"850\" title=\"\" srcset=\"https:\/\/fmp-components.com\/wp-content\/uploads\/2025\/01\/Flail-Mower-Gearbox-T-290A-Specifications-1.webp 1335w, https:\/\/fmp-components.com\/wp-content\/uploads\/2025\/01\/Flail-Mower-Gearbox-T-290A-Specifications-1-1280x815.webp 1280w, https:\/\/fmp-components.com\/wp-content\/uploads\/2025\/01\/Flail-Mower-Gearbox-T-290A-Specifications-1-980x624.webp 980w, https:\/\/fmp-components.com\/wp-content\/uploads\/2025\/01\/Flail-Mower-Gearbox-T-290A-Specifications-1-480x306.webp 480w\" sizes=\"(min-width: 0px) and (max-width: 480px) 480px, (min-width: 481px) and (max-width: 980px) 980px, (min-width: 981px) and (max-width: 1280px) 1280px, (min-width: 1281px) 1335px, 100vw\" \/><\/p>\n<p><img loading=\"lazy\" decoding=\"async\" class=\"alignnone size-full wp-image-2410\" src=\"https:\/\/fmp-components.com\/wp-content\/uploads\/2025\/01\/Flail-Mower-Gearbox-T-290A-Specifications-2.webp\" alt=\"Flail-Mower-Gearbox-T-290A-Tekniset tiedot-2\" width=\"1333\" height=\"443\" title=\"\" srcset=\"https:\/\/fmp-components.com\/wp-content\/uploads\/2025\/01\/Flail-Mower-Gearbox-T-290A-Specifications-2.webp 1333w, https:\/\/fmp-components.com\/wp-content\/uploads\/2025\/01\/Flail-Mower-Gearbox-T-290A-Specifications-2-1280x425.webp 1280w, https:\/\/fmp-components.com\/wp-content\/uploads\/2025\/01\/Flail-Mower-Gearbox-T-290A-Specifications-2-980x326.webp 980w, https:\/\/fmp-components.com\/wp-content\/uploads\/2025\/01\/Flail-Mower-Gearbox-T-290A-Specifications-2-480x160.webp 480w\" sizes=\"(min-width: 0px) and (max-width: 480px) 480px, (min-width: 481px) and (max-width: 980px) 980px, (min-width: 981px) and (max-width: 1280px) 1280px, (min-width: 1281px) 1333px, 100vw\" \/><\/p>\n<table class=\"kh-1xzm1su\" border=\"1\" cellspacing=\"0\" cellpadding=\"0\" data-intent=\"lists-product-attributes\" data-test-id=\"attributes-list\">\n<tbody class=\"kh-1ago99h\">\n<tr id=\"attLongDescription\" class=\"kh-bwvum6\">\n<th class=\"kh-10oizfy\">Kuvaus<\/th>\n<td class=\"kh-1f5nhat\">\n<div class=\"kh-pkx4zo\">Leikkurin vaihteistot \u2013 Comer-vaihteiston T-290A 1:1.86 vaihto<\/div>\n<\/td>\n<\/tr>\n<tr id=\"attApplicationRange\" class=\"kh-bwvum6\">\n<th class=\"kh-10oizfy\">Hakemus<\/th>\n<td class=\"kh-1f5nhat\">\n<ul>\n<li class=\"kh-16zd49f\">Erilaisia \u200b\u200b(maatalouden) sovelluksia<\/li>\n<li class=\"kh-16zd49f\">Ruohonleikkurit<\/li>\n<\/ul>\n<\/td>\n<\/tr>\n<tr id=\"attConsistsOf\" class=\"kh-bwvum6\">\n<th class=\"kh-10oizfy\">Koostuu<\/th>\n<td class=\"kh-1f5nhat\">\n<ul>\n<li class=\"kh-16zd49f\">Vaihteisto<\/li>\n<li class=\"kh-16zd49f\">Ilman \u00f6ljy\u00e4<\/li>\n<\/ul>\n<\/td>\n<\/tr>\n<tr id=\"attTechnicalInformation\" class=\"kh-bwvum6\">\n<th class=\"kh-10oizfy\">Tekniset tiedot<\/th>\n<td class=\"kh-1f5nhat\">\n<ul>\n<li class=\"kh-16zd49f\">Jos sinulla on kysytt\u00e4v\u00e4\u00e4 suorituskyvyst\u00e4 eri nopeuksilla, ota rohkeasti yhteytt\u00e4.<\/li>\n<li class=\"kh-16zd49f\">Ensimm\u00e4isell\u00e4 k\u00e4ytt\u00f6kerralla \u00f6ljy on vaihdettava 50 k\u00e4ytt\u00f6tunnin j\u00e4lkeen.<\/li>\n<\/ul>\n<\/td>\n<\/tr>\n<tr id=\"taMaxOutputTorqueDaNm\" class=\"kh-bwvum6\">\n<th class=\"kh-10oizfy\">Suurin l\u00e4ht\u00f6momentti<\/th>\n<td class=\"kh-1f5nhat\">\n<div class=\"kh-pkx4zo\">175,9 daNm<\/div>\n<\/td>\n<\/tr>\n<tr id=\"taContainsOil\" class=\"kh-bwvum6\">\n<th class=\"kh-10oizfy\">Sis\u00e4lt\u00e4\u00e4 \u00f6ljy\u00e4<\/th>\n<td class=\"kh-1f5nhat\">\n<div class=\"kh-pkx4zo\">Ei<\/div>\n<\/td>\n<\/tr>\n<tr id=\"taMaxOilCapacityL\" class=\"kh-bwvum6\">\n<th class=\"kh-10oizfy\">\u00d6ljyn enimm\u00e4istilavuus<\/th>\n<td class=\"kh-1f5nhat\">\n<div class=\"kh-pkx4zo\">2,3 litraa<\/div>\n<\/td>\n<\/tr>\n<tr id=\"taMaxOilChangeIntervalH\" class=\"kh-bwvum6\">\n<th class=\"kh-10oizfy\">\u00d6ljynvaihtov\u00e4li (maks.)<\/th>\n<td class=\"kh-1f5nhat\">\n<div class=\"kh-pkx4zo\">500 tuntia<\/div>\n<\/td>\n<\/tr>\n<tr id=\"taOilSAEViscosityGrade\" class=\"kh-bwvum6\">\n<th class=\"kh-10oizfy\">\u00d6ljyn SAE-viskositeettiluokka<\/th>\n<td class=\"kh-1f5nhat\">\n<div class=\"kh-pkx4zo\">80W-90<\/div>\n<\/td>\n<\/tr>\n<tr id=\"taHousingMaterial_16\" class=\"kh-bwvum6\">\n<th class=\"kh-10oizfy\">Kotelon materiaali<\/th>\n<td class=\"kh-1f5nhat\">\n<div class=\"kh-pkx4zo\">Valurauta GG25<\/div>\n<\/td>\n<\/tr>\n<tr id=\"taWeightKg_75\" class=\"kh-bwvum6\">\n<th class=\"kh-10oizfy\">Paino<\/th>\n<td class=\"kh-1f5nhat\">\n<div class=\"kh-pkx4zo\">30 kg<\/div>\n<\/td>\n<\/tr>\n<tr id=\"taGearArrangementInc\" class=\"kh-bwvum6\">\n<th class=\"kh-10oizfy\">Vaihteistoj\u00e4rjestely Kasvava<\/th>\n<td class=\"kh-1f5nhat\">\n<div class=\"kh-pkx4zo\">25 &#8211; 26<\/div>\n<\/td>\n<\/tr>\n<tr id=\"taGearArrangementRed\" class=\"kh-bwvum6\">\n<th class=\"kh-10oizfy\">Vaihteistoj\u00e4rjestely V\u00e4hent\u00e4v\u00e4<\/th>\n<td class=\"kh-1f5nhat\">\n<div class=\"kh-pkx4zo\">5 &#8211; 6<\/div>\n<\/td>\n<\/tr>\n<tr id=\"taInputPowerKwHpInc\" class=\"kh-bwvum6\">\n<th class=\"kh-10oizfy\">Sy\u00f6tt\u00f6teho kW \/ hv Kasvava<\/th>\n<td class=\"kh-1f5nhat\">\n<div class=\"kh-pkx4zo\">62,5 \/ 85 kW\/hv<\/div>\n<\/td>\n<\/tr>\n<tr id=\"taInputShaftIncreasi\" class=\"kh-bwvum6\">\n<th class=\"kh-10oizfy\">Sis\u00e4\u00e4ntuloakseli Kasvava<\/th>\n<td class=\"kh-1f5nhat\">\n<div class=\"kh-pkx4zo\">X<\/div>\n<\/td>\n<\/tr>\n<tr id=\"taInputShaftReducing\" class=\"kh-bwvum6\">\n<th class=\"kh-10oizfy\">Sis\u00e4\u00e4nmenoakselin pienennys<\/th>\n<td class=\"kh-1f5nhat\">\n<div class=\"kh-pkx4zo\">Z<\/div>\n<\/td>\n<\/tr>\n<tr id=\"taNSInputpowerKW-HPR\" class=\"kh-bwvum6\">\n<th class=\"kh-10oizfy\">Sy\u00f6tt\u00f6teho kW \/ hv V\u00e4hent\u00e4v\u00e4<\/th>\n<td class=\"kh-1f5nhat\">\n<div class=\"kh-pkx4zo\">55,1 \/ 75 kW\/hv<\/div>\n<\/td>\n<\/tr>\n<tr id=\"taNSOutputTorqueDaNm_1\" class=\"kh-bwvum6\">\n<th class=\"kh-10oizfy\">L\u00e4ht\u00f6momentti DaNm Kasvava<\/th>\n<td class=\"kh-1f5nhat\">\n<div class=\"kh-pkx4zo\">57,6 daNm<\/div>\n<\/td>\n<\/tr>\n<tr id=\"taRatioIncreasing\" class=\"kh-bwvum6\">\n<th class=\"kh-10oizfy\">Suhde kasvaa<\/th>\n<td class=\"kh-1f5nhat\">\n<div class=\"kh-pkx4zo\">1:1.86<\/div>\n<\/td>\n<\/tr>\n<tr id=\"taRatioReducing\" class=\"kh-bwvum6\">\n<th class=\"kh-10oizfy\">Suhteen pienent\u00e4minen<\/th>\n<td class=\"kh-1f5nhat\">\n<div class=\"kh-pkx4zo\">1.86:1<\/div>\n<\/td>\n<\/tr>\n<tr id=\"taShaftX\" class=\"kh-bwvum6\">\n<th class=\"kh-10oizfy\">Akseli X<\/th>\n<td class=\"kh-1f5nhat\">\n<div class=\"kh-pkx4zo\">1 3\/8\u2033 (6) (A)<\/div>\n<\/td>\n<\/tr>\n<tr id=\"taShaftY\" class=\"kh-bwvum6\">\n<th class=\"kh-10oizfy\">Akseli Y<\/th>\n<td class=\"kh-1f5nhat\">\n<div class=\"kh-pkx4zo\">1 3\/8\u2033 (6) (A)<\/div>\n<\/td>\n<\/tr>\n<tr id=\"taShaftZ\" class=\"kh-bwvum6\">\n<th class=\"kh-10oizfy\">Akseli Z<\/th>\n<td class=\"kh-1f5nhat\">\n<div class=\"kh-pkx4zo\">1 3\/8\u2033 (6) (B)<\/div>\n<\/td>\n<\/tr>\n<\/tbody>\n<\/table>\n<h2>Leikkurin vaihteiston T-290A (1:1.86) edut<\/h2>\n<p>Niittokoneen vaihteisto T-290A (1:1,86) on suunniteltu optimaalista suorituskyky\u00e4, kest\u00e4vyytt\u00e4 ja tehokkuutta varten maatalous- ja maisemointisovelluksissa. Alla on lueteltu T-290A-vaihteiston t\u00e4rkeimm\u00e4t edut 1:1,86-v\u00e4lityssuhteella:<\/p>\n<p><strong>Tasapainotettu v\u00e4lityssuhde monipuoliseen suorituskykyyn<\/strong><\/p>\n<p>T-290A-vaihteiston 1:1,86-v\u00e4lityssuhde l\u00f6yt\u00e4\u00e4 ihanteellisen tasapainon nopeuden ja v\u00e4\u00e4nt\u00f6momentin v\u00e4lill\u00e4. T\u00e4m\u00e4 v\u00e4lityssuhde tarjoaa riitt\u00e4v\u00e4sti v\u00e4\u00e4nt\u00f6momenttia paksumman kasvillisuuden, kuten korkean ruohon ja ohuen pensaikon, leikkaamiseen samalla, kun ter\u00e4n py\u00f6rimisnopeus pysyy riitt\u00e4v\u00e4n nopeana tehokasta leikkausta varten. T\u00e4m\u00e4 tekee siit\u00e4 riitt\u00e4v\u00e4n monipuolisen monenlaisiin k\u00e4ytt\u00f6tarkoituksiin s\u00e4\u00e4nn\u00f6llisest\u00e4 nurmikonhoidosta vaativampiin leikkuuteht\u00e4viin ep\u00e4tasaisemmassa maastossa.<\/p>\n<p><strong>Parannettu voimansiirron hy\u00f6tysuhde<\/strong><\/p>\n<p>T-290A-vaihteisto on suunniteltu minimoimaan tehoh\u00e4vi\u00f6t voimansiirrossa voimanottoakselilta leikkurin terille. Korkealaatuinen vaihteistoj\u00e4rjestelm\u00e4 varmistaa tehokkaan energiansiirron, mik\u00e4 tekee leikkurista energiatehokkaamman ja v\u00e4hent\u00e4\u00e4 polttoaineenkulutusta pitk\u00e4ll\u00e4 aikav\u00e4lill\u00e4. T\u00e4m\u00e4 auttaa maksimoimaan traktorin tehon ja parantaa niittokoneen yleist\u00e4 suorituskyky\u00e4.<\/p>\n<p><strong>Kest\u00e4v\u00e4 ja tukeva rakenne<\/strong><\/p>\n<p>Eritt\u00e4in lujasta ter\u00e4ksest\u00e4 ja ensiluokkaisista materiaaleista valmistettu T-290A-vaihteisto on rakennettu kest\u00e4m\u00e4\u00e4n ankaria maatalousymp\u00e4rist\u00f6j\u00e4 ja vaikeita pelto-olosuhteita. Sen vahvistetut hammaspy\u00f6r\u00e4t ja kest\u00e4v\u00e4t laakerit varmistavat, ett\u00e4 vaihteisto toimii luotettavasti my\u00f6s raskaiden kuormien alla. Ty\u00f6skenteletp\u00e4 sitten kuivassa, kivisess\u00e4 maastossa tai m\u00e4r\u00e4ll\u00e4, mutaisella pellolla, t\u00e4m\u00e4 vaihteisto kest\u00e4\u00e4 rasituksen ja tarjoaa pitk\u00e4n k\u00e4ytt\u00f6i\u00e4n ja tasaisen suorituskyvyn.<\/p>\n<p><strong>V\u00e4hemm\u00e4n huoltoa ja pitk\u00e4ik\u00e4isyys<\/strong><\/p>\n<p>Asianmukaisesti huollettuna T-290A-vaihteiston huoltotarpeet ovat v\u00e4h\u00e4iset. Kest\u00e4v\u00e4 rakenne ja tiivistetyt laakerit v\u00e4hent\u00e4v\u00e4t lian ja kosteuden p\u00e4\u00e4sy\u00e4 j\u00e4rjestelm\u00e4\u00e4n, mik\u00e4 minimoi kulumisen. S\u00e4\u00e4nn\u00f6llinen voitelu ja tarkastus ovat kaikki mit\u00e4 tarvitaan vaihteiston sujuvaan toimintaan. T\u00e4m\u00e4 johtaa v\u00e4hentyneisiin rikkoutumiseen, pienempiin korjauskustannuksiin ja pidemp\u00e4\u00e4n sek\u00e4 vaihteiston ett\u00e4 ruohonleikkurin k\u00e4ytt\u00f6ik\u00e4\u00e4n.<\/p>\n<p><strong>Parannettu leikkaustehokkuus<\/strong><\/p>\n<p>Vaihteisto on suunniteltu tuottamaan tasaista ja luotettavaa v\u00e4\u00e4nt\u00f6momenttia leikkurin terille varmistaen tasaisen ja yhdenmukaisen leikkuun. 1:1,86-v\u00e4lityssuhde mahdollistaa optimaalisen ter\u00e4n nopeuden, mik\u00e4 johtaa ruohon, rikkaruohojen ja pienten pensaiden siistiin ja tarkkaan leikkaamiseen. Hoidatpa sitten laitumia, tienvarsia tai kaupallisia maisemia, T-290A-vaihteisto parantaa leikkurin kyky\u00e4 selviyty\u00e4 erilaisista leikkuuteht\u00e4vist\u00e4 helposti.<\/p>\n<p>Ruohonleikkurin vaihteisto T-290A (1:1,86) tarjoaa yhdistelm\u00e4n tehokkuutta, kest\u00e4vyytt\u00e4 ja monipuolisuutta. Sen tasapainoinen v\u00e4lityssuhde optimoi suorituskyvyn erilaisissa leikkuuteht\u00e4viss\u00e4, ja kest\u00e4v\u00e4 rakenne varmistaa pitk\u00e4aikaisen luotettavuuden vaativissa ymp\u00e4rist\u00f6iss\u00e4. Alhaisten huoltotarpeiden, parannetun leikkuutehokkuuden ja sis\u00e4\u00e4nrakennettujen turvaominaisuuksien ansiosta T-290A-vaihteisto on erinomainen valinta kaikille, jotka haluavat maksimoida ruohonleikkurinsa suorituskyvyn.<\/p>\n<table style=\"width: 103.346%; height: 54px;\" width=\"136\">\n<tbody>\n<tr>\n<td style=\"width: 49.6343%;\" width=\"72\"><img loading=\"lazy\" decoding=\"async\" class=\"alignnone size-full wp-image-2405\" src=\"https:\/\/fmp-components.com\/wp-content\/uploads\/2025\/01\/PTO-Shaft-for-Flail-Mower-Gearbox-14.webp\" alt=\"Nivelleikkurin vaihteiston voimanottoakseli 14\" width=\"750\" height=\"546\" title=\"\" srcset=\"https:\/\/fmp-components.com\/wp-content\/uploads\/2025\/01\/PTO-Shaft-for-Flail-Mower-Gearbox-14.webp 750w, https:\/\/fmp-components.com\/wp-content\/uploads\/2025\/01\/PTO-Shaft-for-Flail-Mower-Gearbox-14-480x349.webp 480w\" sizes=\"(min-width: 0px) and (max-width: 480px) 480px, (min-width: 481px) 750px, 100vw\" \/><\/td>\n<td style=\"width: 49.7388%;\" width=\"64\"><img loading=\"lazy\" decoding=\"async\" class=\"alignnone size-full wp-image-2406\" src=\"https:\/\/fmp-components.com\/wp-content\/uploads\/2025\/01\/PTO-Shaft-for-Flail-Mower-Gearbox-13.webp\" alt=\"Nivelleikkurin vaihteiston voimanottoakseli 13\" width=\"750\" height=\"546\" title=\"\" srcset=\"https:\/\/fmp-components.com\/wp-content\/uploads\/2025\/01\/PTO-Shaft-for-Flail-Mower-Gearbox-13.webp 750w, https:\/\/fmp-components.com\/wp-content\/uploads\/2025\/01\/PTO-Shaft-for-Flail-Mower-Gearbox-13-480x349.webp 480w\" sizes=\"(min-width: 0px) and (max-width: 480px) 480px, (min-width: 481px) 750px, 100vw\" \/><\/td>\n<\/tr>\n<\/tbody>\n<\/table>\n<h2>Miten leikkurin vaihdelaatikko toimii?<\/h2>\n<p>Murskaimen vaihdelaatikko on kriittinen osa, joka muuntaa voiman traktorin voimanottoj\u00e4rjestelm\u00e4st\u00e4 leikkurin terille. Se s\u00e4\u00e4t\u00e4\u00e4 murskaimen teriin kohdistuvaa py\u00f6rimisnopeutta ja v\u00e4\u00e4nt\u00f6momenttia, jolloin ne leikkaavat ruohoa, rikkaruohoja ja pensaita tehokkaasti. T\u00e4ss\u00e4 on vaiheittainen selitys sen toiminnasta:<\/p>\n<p><strong>Voimansiirto traktorin voimanottoakselilta<\/strong><\/p>\n<p>Traktorin voimanottoakseli on kytketty leikkuupuimurin vaihteiston tulopuolelle. Voimanottoj\u00e4rjestelm\u00e4\u00e4 k\u00e4ytt\u00e4\u00e4 traktorin moottori, ja se sy\u00f6tt\u00e4\u00e4 mekaanista voimaa erilaisiin ty\u00f6koneisiin, mukaan lukien leikkuupuimuriin. Py\u00f6riv\u00e4 voimanottoakseli v\u00e4litt\u00e4\u00e4 voimaa vaihteiston sis\u00e4ll\u00e4 olevien hammaspy\u00f6rien kautta. T\u00e4m\u00e4 voima on v\u00e4ltt\u00e4m\u00e4t\u00f6nt\u00e4 leikkuuterien k\u00e4ytt\u00e4miselle.<\/p>\n<p><strong>Vaihteisto siirt\u00e4\u00e4 tehoa ja s\u00e4\u00e4t\u00e4\u00e4 v\u00e4\u00e4nt\u00f6momenttia<\/strong><\/p>\n<p>Vaihteiston sis\u00e4ll\u00e4 joukko hammaspy\u00f6ri\u00e4, akseleita ja laakereita toimii yhdess\u00e4 s\u00e4\u00e4t\u00e4\u00e4kseen voimanottoakselilta vastaanotetun tehon nopeutta ja v\u00e4\u00e4nt\u00f6momenttia. Vaihteiston v\u00e4lityssuhde m\u00e4\u00e4ritt\u00e4\u00e4 l\u00e4ht\u00f6nopeuden ja leikkurin teriin kohdistuvan v\u00e4\u00e4nt\u00f6momentin m\u00e4\u00e4r\u00e4n.<\/p>\n<ul>\n<li>Suuret v\u00e4lityssuhteet (esim. 1:2,91) lis\u00e4\u00e4v\u00e4t v\u00e4\u00e4nt\u00f6momenttia, mik\u00e4 tarjoaa enemm\u00e4n tehoa vaativampiin leikkuuolosuhteisiin, kuten tihe\u00e4mp\u00e4\u00e4n kasvillisuuteen tai ep\u00e4tasaiseen maastoon.<\/li>\n<li>Pienemm\u00e4t v\u00e4lityssuhteet (esim. 1:1,6) lis\u00e4\u00e4v\u00e4t ter\u00e4n nopeutta, mik\u00e4 on ihanteellista kevyemp\u00e4\u00e4n ruohonleikkuuseen, jossa tasaisen leikkuun saavuttamiseksi tarvitaan nopeampi ter\u00e4n py\u00f6riminen.<\/li>\n<\/ul>\n<p>Vaihteisto mukauttaa tehokkaasti voimanottoakselin suuren nopeuden ja kohtuullisen v\u00e4\u00e4nt\u00f6momentin hitaampaan, suuremman v\u00e4\u00e4nt\u00f6momentin tehoon, joka sopii niitt\u00e4miseen.<\/p>\n<p><strong>Voimansiirto ulostuloakselille<\/strong><\/p>\n<p>Kun teho on s\u00e4\u00e4detty vaihteistossa, se siirret\u00e4\u00e4n ulostuloakselille, joka on kytketty leikkurin teriin. Ulostuloakseli on usein kytketty hihnapy\u00f6riin tai suoriin vetolenkkeihin, jotka siirt\u00e4v\u00e4t py\u00f6rimisvoiman suoraan murskaimen teriin.<\/p>\n<p>T\u00e4m\u00e4 mekanismi mahdollistaa leikkuuterien py\u00f6rimisen oikealla nopeudella ja v\u00e4\u00e4nt\u00f6momentilla kasvillisuuden tehokkaan leikkaamisen varmistamiseksi. Leikkuukoneissa ter\u00e4t on asennettu rumpuun tai akseliin, joka py\u00f6rii ja osuu ruohoon tai pensaikkoon silppuamisen aikaansaamiseksi.<\/p>\n<p><strong>Ter\u00e4n py\u00f6riminen ja leikkaustoiminto<\/strong><\/p>\n<p>Kun teho saavuttaa leikkuuter\u00e4t, ne py\u00f6riv\u00e4t suurella nopeudella. Leikkuuter\u00e4t on tyypillisesti j\u00e4rjestetty rummulle tai akselille siten, ett\u00e4 ne voivat py\u00f6ri\u00e4 pystysuunnassa tai vaakasuunnassa kasvillisuuden silppuamiseksi. Py\u00f6riess\u00e4\u00e4n ter\u00e4t iskev\u00e4t kasvillisuuteen voimalla ja leikkaavat tai silppuavat sen pienemmiksi paloiksi. Vaihteiston tuottama teho ja py\u00f6rimisnopeus varmistavat, ett\u00e4 ter\u00e4t yll\u00e4pit\u00e4v\u00e4t tasaisen leikkuutehon eri kasvillisuustyypeill\u00e4.<\/p>\n<ul>\n<li>Vaihteisto tasapainottaa nopeutta ja v\u00e4\u00e4nt\u00f6momenttia varmistaakseen, etteiv\u00e4t ter\u00e4t py\u00f6ri liian nopeasti (mik\u00e4 voi johtaa tehottomaan leikkaukseen) tai liian hitaasti (mik\u00e4 voi aiheuttaa leikkurin jumiutumisen tai vaikeuksia paksumman materiaalin kanssa).<\/li>\n<\/ul>\n<p>Vaihteiston rooli on ratkaisevan t\u00e4rke\u00e4 oikean tehotasapainon yll\u00e4pit\u00e4misess\u00e4 optimaalisen leikkuutehon saavuttamiseksi.<\/p>\n<p><strong>Jatkuva k\u00e4ytt\u00f6 minimaalisilla keskeytyksill\u00e4<\/strong><\/p>\n<p>Leikkurin vaihdelaatikko on suunniteltu toimimaan jatkuvasti traktorin liikkuessa. Koska vaihdelaatikko on koteloitu ja tyypillisesti t\u00e4ytetty voitelu\u00f6ljyll\u00e4, se toimii sujuvasti ja vaatii vain v\u00e4h\u00e4n huoltoa normaalin k\u00e4yt\u00f6n aikana. Tiivistettyjen laakereiden ja korkealaatuisten hammaspy\u00f6rien k\u00e4ytt\u00f6 varmistaa, ett\u00e4 vaihdelaatikko pysyy luotettavana my\u00f6s raskaassa tai pitk\u00e4aikaisessa k\u00e4yt\u00f6ss\u00e4, tarjoten tehokkaan toiminnan koko niittoprosessin ajan.<\/p>\n<p>Yhteenvetona voidaan todeta, ett\u00e4 murskaimen vaihteistolla on ratkaiseva rooli traktorin voimanottoakselin tehon siirt\u00e4misess\u00e4 ja s\u00e4\u00e4t\u00e4misess\u00e4 leikkurin terille. Muuntamalla nopean, pienen v\u00e4\u00e4nt\u00f6momentin omaavan sy\u00f6tt\u00f6tehon hitaammaksi, suuremman v\u00e4\u00e4nt\u00f6momentin tehoksi vaihteisto varmistaa, ett\u00e4 murskaimen ter\u00e4t toimivat tehokkaasti ruohon, rikkaruohojen ja pensaiden leikkaamisessa. Vaihteiston kyky s\u00e4\u00e4t\u00e4\u00e4 nopeutta ja v\u00e4\u00e4nt\u00f6momenttia leikkuuteht\u00e4v\u00e4n erityisvaatimusten mukaan auttaa maksimoimaan sek\u00e4 suorituskyvyn ett\u00e4 kest\u00e4vyyden, mik\u00e4 tekee siit\u00e4 elint\u00e4rke\u00e4n osan murskaimen leikkuuj\u00e4rjestelm\u00e4\u00e4.<\/p>\n<p><img loading=\"lazy\" decoding=\"async\" class=\"alignnone size-full wp-image-2407\" src=\"https:\/\/fmp-components.com\/wp-content\/uploads\/2025\/01\/How-Does-the-Flail-Mower-Gearbox-Work.webp\" alt=\"Miten-leikkurin-vaihteisto-toimii\" width=\"1000\" height=\"551\" title=\"\" srcset=\"https:\/\/fmp-components.com\/wp-content\/uploads\/2025\/01\/How-Does-the-Flail-Mower-Gearbox-Work.webp 1000w, https:\/\/fmp-components.com\/wp-content\/uploads\/2025\/01\/How-Does-the-Flail-Mower-Gearbox-Work-980x540.webp 980w, https:\/\/fmp-components.com\/wp-content\/uploads\/2025\/01\/How-Does-the-Flail-Mower-Gearbox-Work-480x264.webp 480w\" sizes=\"(min-width: 0px) and (max-width: 480px) 480px, (min-width: 481px) and (max-width: 980px) 980px, (min-width: 981px) 1000px, 100vw\" \/><\/p>\n<h3>Tietoja FMP:st\u00e4<\/h3>\n<p>Italiassa p\u00e4\u00e4konttoriaan pit\u00e4v\u00e4 FMP on johtava valmistaja, joka tunnetaan asiantuntemuksestaan \u200b\u200btehokkaiden vaihteistojen suunnittelussa, kehitt\u00e4misess\u00e4 ja tuotannossa, keskittyen erityisesti maatalouskonesektoriin. Tarkkuuden, innovatiivisten ratkaisujen ja horjumattoman luotettavuuden ansiosta FMP:st\u00e4 on tullut luotettava kumppani sek\u00e4 maatalous- ett\u00e4 teollisuussektorin kehittyviin tarpeisiin. Monipuolinen tuotevalikoimamme sis\u00e4lt\u00e4\u00e4 ruohonleikkureiden, nivelakseleiden ja muiden t\u00e4rkeiden komponenttien erikoisvaihteistoja, jotka kaikki on huolellisesti suunniteltu tarjoamaan r\u00e4\u00e4t\u00e4l\u00f6ityj\u00e4 ratkaisuja laajaan k\u00e4ytt\u00f6tarkoitukseen.<\/p>\n<p>FMP:ll\u00e4 ymm\u00e4rr\u00e4mme, ett\u00e4 jokaisella asiakkaalla on ainutlaatuiset vaatimukset ja haasteet. Siksi olemme erikoistuneet r\u00e4\u00e4t\u00e4l\u00f6ityjen ratkaisujen tarjoamiseen, olipa kyse sitten yksitt\u00e4isist\u00e4 komponenteista tai t\u00e4ysin integroiduista j\u00e4rjestelmist\u00e4. Teemme tiivist\u00e4 yhteisty\u00f6t\u00e4 asiakkaidemme kanssa varmistaaksemme, ett\u00e4 jokainen ratkaisu on paitsi tehokas my\u00f6s tuloksellinen, optimoiden sek\u00e4 suorituskyvyn ett\u00e4 arvon. Sitoutumisemme tarjoamaan nopeita ja ammattimaisia \u200b\u200bvastauksia sek\u00e4 asiantuntevaa ohjausta varmistaa, ett\u00e4 jokaista tiedustelua k\u00e4sitell\u00e4\u00e4n \u00e4\u00e4rimm\u00e4isen huolellisesti ja tarkasti, mik\u00e4 johtaa parhaisiin mahdollisiin tuloksiin.<\/p>\n<p>Priorisoimme avointa ja jatkuvaa viestint\u00e4\u00e4 koko tuotekehitysprosessin ajan. Omistautunut tiimimme ty\u00f6skentelee suoraan asiakkaiden kanssa ymm\u00e4rt\u00e4\u00e4kseen t\u00e4ysin heid\u00e4n erityistarpeensa ja tarjoaa arvokkaita n\u00e4kemyksi\u00e4 ja suosituksia optimaalisten ratkaisujen varmistamiseksi. Olipa kyse innovatiivisten tuotteiden suunnittelusta tai jatkuvien tilausten t\u00e4ytt\u00e4misest\u00e4, FMP on sitoutunut toimittamaan korkealaatuisia ja tarkasti suunniteltuja ratkaisuja ajallaan, joka kerta. Tavoitteenamme on tarjota asiakkaille parasta mahdollista palvelua ja tuloksia, jotka ylitt\u00e4v\u00e4t odotukset jokaisessa projektissa.<\/p>\n<p>Laatu on FMP:n toiminnan kulmakivi. Noudatamme korkeimpia valmistusstandardeja ja toteutamme tiukkoja laadunvalvontatoimenpiteit\u00e4 varmistaaksemme, ett\u00e4 jokainen tuote ei ainoastaan \u200b\u200b\u200b\u200bt\u00e4ytt\u00e4\u00e4 alan standardeja, vaan my\u00f6s ylitt\u00e4\u00e4 ne. T\u00e4m\u00e4 horjumaton sitoutuminen laatuun yhdistettyn\u00e4 ydinarvoihimme, kuten rehellisyyteen, tiimity\u00f6h\u00f6n ja sinnikkyyteen, on mahdollistanut pitk\u00e4aikaisten ja luottamukseen perustuvien asiakassuhteiden rakentamisen l\u00e4hes 30 maassa maailmanlaajuisesti.<\/p>\n<p>FMP on aina avoin globaalien kumppanuuksien edist\u00e4miselle ja on edelleen sitoutunut tarjoamaan asiantuntevaa neuvontaa ja r\u00e4\u00e4t\u00e4l\u00f6ityj\u00e4 ratkaisuja, jotka vastaavat asiakkaidemme monimuotoisiin tarpeisiin. Emme tyydy pelk\u00e4st\u00e4\u00e4n tuotteiden toimittamiseen; pyrimme rakentamaan kest\u00e4vi\u00e4 suhteita, jotka edist\u00e4v\u00e4t jokaisen projektin onnistumista. Tarvitsetpa sitten innovatiivisia ratkaisuja uuteen aloitteeseen tai jatkuvaa tukea olemassa olevalle j\u00e4rjestelm\u00e4lle, FMP on t\u00e4\u00e4ll\u00e4 ratkaisemassa tekniset haasteesi ja varmistamassa jatkuvan menestyksesi.<\/p>\n<p><img loading=\"lazy\" decoding=\"async\" class=\"alignnone size-full wp-image-1861\" src=\"https:\/\/fmp-components.com\/wp-content\/uploads\/2024\/12\/Other-Agricultural-Gearboxes.webp\" sizes=\"(min-width: 0px) and (max-width: 480px) 480px, (min-width: 481px) and (max-width: 980px) 980px, (min-width: 981px) 1200px, 100vw\" srcset=\"https:\/\/fmp-components.com\/wp-content\/uploads\/2024\/12\/Other-Agricultural-Gearboxes.webp 1200w, https:\/\/fmp-components.com\/wp-content\/uploads\/2024\/12\/Other-Agricultural-Gearboxes-980x1143.webp 980w, https:\/\/fmp-components.com\/wp-content\/uploads\/2024\/12\/Other-Agricultural-Gearboxes-480x560.webp 480w\" alt=\"Altri-cambi-agricoli\" width=\"1200\" height=\"1400\" title=\"\"><\/p>\n<p>Tekij\u00e4: CX<\/p>","protected":false},"excerpt":{"rendered":"<p>Specifications of\u00a0Flail Mower Gearbox T-290A (1:1.86) Description Flail Mower Gearboxes &#8211; Replacement of Comer Gearbox T-290A 1:1.86 Application Various (agricultural) applications Mowers Consists of Gearbox Without oil Technical information If you have any questions regarding performance at different speeds, please do not hesitate to contact us. When using it for the first time, replace the [&hellip;]<\/p>","protected":false},"featured_media":2409,"comment_status":"open","ping_status":"closed","template":"","meta":{"_et_pb_use_builder":"","_et_pb_old_content":"","_et_gb_content_width":""},"product_brand":[],"product_cat":[58],"product_tag":[],"class_list":{"0":"post-2404","1":"product","2":"type-product","3":"status-publish","4":"has-post-thumbnail","6":"product_cat-flail-mower-gearbox","8":"first","9":"instock","10":"shipping-taxable","11":"product-type-simple"},"_links":{"self":[{"href":"https:\/\/fmp-components.com\/fi\/wp-json\/wp\/v2\/product\/2404","targetHints":{"allow":["GET"]}}],"collection":[{"href":"https:\/\/fmp-components.com\/fi\/wp-json\/wp\/v2\/product"}],"about":[{"href":"https:\/\/fmp-components.com\/fi\/wp-json\/wp\/v2\/types\/product"}],"replies":[{"embeddable":true,"href":"https:\/\/fmp-components.com\/fi\/wp-json\/wp\/v2\/comments?post=2404"}],"wp:featuredmedia":[{"embeddable":true,"href":"https:\/\/fmp-components.com\/fi\/wp-json\/wp\/v2\/media\/2409"}],"wp:attachment":[{"href":"https:\/\/fmp-components.com\/fi\/wp-json\/wp\/v2\/media?parent=2404"}],"wp:term":[{"taxonomy":"product_brand","embeddable":true,"href":"https:\/\/fmp-components.com\/fi\/wp-json\/wp\/v2\/product_brand?post=2404"},{"taxonomy":"product_cat","embeddable":true,"href":"https:\/\/fmp-components.com\/fi\/wp-json\/wp\/v2\/product_cat?post=2404"},{"taxonomy":"product_tag","embeddable":true,"href":"https:\/\/fmp-components.com\/fi\/wp-json\/wp\/v2\/product_tag?post=2404"}],"curies":[{"name":"wp","href":"https:\/\/api.w.org\/{rel}","templated":true}]}}