{"id":2334,"date":"2024-12-31T08:45:51","date_gmt":"2024-12-31T08:45:51","guid":{"rendered":"https:\/\/fmp-components.com\/?page_id=8"},"modified":"2025-01-01T01:41:07","modified_gmt":"2025-01-01T01:41:07","slug":"flail-mower-gearboxes-replacement-of-comer-code-ll-5l","status":"publish","type":"product","link":"https:\/\/fmp-components.com\/fi\/product\/flail-mower-gearboxes-replacement-of-comer-code-ll-5l\/","title":{"rendered":"Leikkuuter\u00e4n vaihteistot \u2013 Comer-koodin LL-5L vaihto"},"content":{"rendered":"<h2><img loading=\"lazy\" decoding=\"async\" class=\"size-full wp-image-2335 aligncenter\" src=\"https:\/\/fmp-components.com\/wp-content\/uploads\/2024\/12\/flail-mower-gearbox-LL-5L.webp\" alt=\"ruohonleikkurin vaihteisto-LL-5L\" width=\"500\" height=\"500\" title=\"\" srcset=\"https:\/\/fmp-components.com\/wp-content\/uploads\/2024\/12\/flail-mower-gearbox-LL-5L.webp 500w, https:\/\/fmp-components.com\/wp-content\/uploads\/2024\/12\/flail-mower-gearbox-LL-5L-480x480.webp 480w\" sizes=\"(min-width: 0px) and (max-width: 480px) 480px, (min-width: 481px) 500px, 100vw\" \/><\/h2>\n<h2>Leikkurin vaihteiston LL-5L tekniset tiedot<\/h2>\n<p><img loading=\"lazy\" decoding=\"async\" class=\"alignnone size-full wp-image-2336\" src=\"https:\/\/fmp-components.com\/wp-content\/uploads\/2024\/12\/flail-mower-gearbox-specification-LL-5L.webp\" alt=\"ruohonleikkurin vaihteiston tekniset tiedot LL-5L\" width=\"795\" height=\"428\" title=\"\" srcset=\"https:\/\/fmp-components.com\/wp-content\/uploads\/2024\/12\/flail-mower-gearbox-specification-LL-5L.webp 795w, https:\/\/fmp-components.com\/wp-content\/uploads\/2024\/12\/flail-mower-gearbox-specification-LL-5L-480x258.webp 480w\" sizes=\"(min-width: 0px) and (max-width: 480px) 480px, (min-width: 481px) 795px, 100vw\" \/><\/p>\n<table style=\"width: 95.9652%; height: 351px;\" border=\"1\">\n<tbody>\n<tr>\n<td style=\"width: 49.9526%;\"><strong>min\u00e4<\/strong><\/td>\n<td style=\"width: 36.9094%;\">1.9<\/td>\n<\/tr>\n<tr>\n<td style=\"width: 49.9526%;\"><strong>N<sub>1<\/sub>[rpm]<\/strong><\/td>\n<td style=\"width: 36.9094%;\">540<\/td>\n<\/tr>\n<tr>\n<td style=\"width: 49.9526%;\"><strong>P<sub>1<\/sub>[kW]<\/strong><\/td>\n<td style=\"width: 36.9094%;\">11<\/td>\n<\/tr>\n<tr>\n<td style=\"width: 49.9526%;\"><strong>M<sub>2<\/sub>[Nm]<\/strong><\/td>\n<td style=\"width: 36.9094%;\">99<\/td>\n<\/tr>\n<tr>\n<td style=\"width: 49.9526%;\"><strong>Akseli X<img loading=\"lazy\" decoding=\"async\" class=\"size-full wp-image-2180 aligncenter\" src=\"https:\/\/fmp-components.com\/wp-content\/uploads\/2024\/12\/shaft-x-3.webp\" alt=\"akseli-x\" width=\"81\" height=\"78\" title=\"\" srcset=\"https:\/\/fmp-components.com\/wp-content\/uploads\/2024\/12\/shaft-x-3.webp 81w, https:\/\/fmp-components.com\/wp-content\/uploads\/2024\/12\/shaft-x-3-12x12.webp 12w\" sizes=\"(max-width: 81px) 100vw, 81px\" \/><br \/>\n<\/strong><\/td>\n<td style=\"width: 36.9094%;\">1\u201d 3\/8 Z6<\/td>\n<\/tr>\n<tr>\n<td style=\"width: 49.9526%;\"><strong>Akseli Z<img loading=\"lazy\" decoding=\"async\" class=\"size-full wp-image-2181 aligncenter\" src=\"https:\/\/fmp-components.com\/wp-content\/uploads\/2024\/12\/shaft-z.webp\" alt=\"shaft-z\" width=\"81\" height=\"84\" title=\"\" srcset=\"https:\/\/fmp-components.com\/wp-content\/uploads\/2024\/12\/shaft-z.webp 81w, https:\/\/fmp-components.com\/wp-content\/uploads\/2024\/12\/shaft-z-12x12.webp 12w\" sizes=\"(max-width: 81px) 100vw, 81px\" \/><br \/>\n<\/strong><\/td>\n<td style=\"width: 36.9094%;\">L60 \u03a625<\/td>\n<\/tr>\n<tr>\n<td style=\"width: 49.9526%;\"><strong>Sy\u00f6tt\u00f6<\/strong><\/td>\n<td style=\"width: 36.9094%;\">X<\/td>\n<\/tr>\n<\/tbody>\n<\/table>\n<h2>Leikkurin vaihdelaatikon ominaisuudet<\/h2>\n<p>Leikkurin vaihteisto on olennainen osa, joka mahdollistaa leikkureiden tehokkaan toiminnan ja tarjoaa tarvittavan voimansiirron leikkurin terien k\u00e4ytt\u00e4miseen. Kest\u00e4v\u00e4ksi, luotettavaksi ja tehokkaaksi suunniteltu vaihteisto varmistaa optimaalisen leikkuutehon ja kest\u00e4\u00e4 maatalous- ja maanhoitot\u00f6iden ankarat olosuhteet. Alla on lueteltu leikkurin vaihteiston t\u00e4rkeimm\u00e4t ominaisuudet:<\/p>\n<p><strong>Korkea tehonsiirtotehokkuus<\/strong><\/p>\n<p>Murskainleikkurin vaihteistot on suunniteltu tarjoamaan tehokasta voimansiirtoa traktorin voimanottoj\u00e4rjestelm\u00e4st\u00e4 murskainleikkurin terille. Vaihteisto siirt\u00e4\u00e4 v\u00e4\u00e4nt\u00f6momenttia tehokkaasti, jolloin leikkuri pystyy leikkaamaan tihe\u00e4n ruohon, pensaiden ja muun kasvillisuuden. Suunnittelu on optimoitu varmistamaan, ett\u00e4 teho siirtyy tehokkaasti, mik\u00e4 minimoi energiah\u00e4vi\u00f6t ja maksimoi suorituskyvyn.<\/p>\n<p><strong>Kest\u00e4v\u00e4 ja tukeva rakenne<\/strong><\/p>\n<p>Murskainleikkureiden vaihteistot on valmistettu eritt\u00e4in lujista materiaaleista kest\u00e4m\u00e4\u00e4n k\u00e4yt\u00f6n aikana esiintyv\u00e4t raskaat kuormat ja suuren v\u00e4\u00e4nt\u00f6momentin. Komponentit, kuten rattaat, akselit ja kotelot, on suunniteltu kest\u00e4viksi, mink\u00e4 ansiosta vaihteisto pystyy k\u00e4sittelem\u00e4\u00e4n vaativia niitto-olosuhteita, kuten tihe\u00e4\u00e4 kasvillisuutta, kivist\u00e4 maaper\u00e4\u00e4 ja ep\u00e4tasaista maastoa. Kest\u00e4v\u00e4 rakenne varmistaa, ett\u00e4 vaihteisto voi toimia luotettavasti pitki\u00e4 aikoja minimaalisella huollolla.<\/p>\n<p><strong>Tarkkuusvaihteen suhde<\/strong><\/p>\n<p>Murskaimen vaihdelaatikon v\u00e4lityssuhde on ratkaisevan t\u00e4rke\u00e4 ter\u00e4n nopeuden ja leikkuutehokkuuden v\u00e4lisen oikean tasapainon saavuttamiseksi. Tyypillisess\u00e4 vaihdelaatikossa v\u00e4lityssuhde voi olla 1:1,5 - 1:2 mallista ja k\u00e4ytt\u00f6tarkoituksesta riippuen. Tarkkuusv\u00e4lityssuhde varmistaa, ett\u00e4 ter\u00e4t py\u00f6riv\u00e4t optimaalisella leikkausnopeudella, mik\u00e4 mahdollistaa siistin ja tasaisen leikkauksen ja est\u00e4\u00e4 leikkurin terien ja vaihdelaatikon liiallisen kulumisen.<\/p>\n<p><strong>Kompakti ja kevyt muotoilu<\/strong><\/p>\n<p>Tehokkaista ominaisuuksistaan \u200b\u200bhuolimatta murskaimen vaihdelaatikko on suunniteltu kompaktiksi ja kevyeksi, mik\u00e4 helpottaa asentamista ja integrointia leikkuriin. Sen pieni koko ja kevennetty paino varmistavat, ett\u00e4 se ei lis\u00e4\u00e4 leikkuriin tarpeettomasti kokoa, mik\u00e4 helpottaa sen k\u00e4sittely\u00e4 ja v\u00e4hent\u00e4\u00e4 traktorin kuormitusta. Kevyt rakenne parantaa my\u00f6s leikkurin kokonaistehokkuutta v\u00e4hent\u00e4m\u00e4ll\u00e4 energiankulutusta.<\/p>\n<p><strong>Ylikuormitussuoja<\/strong><\/p>\n<p>Murskainleikkureiden vaihteistot on usein varustettu ylikuormitussuojamekanismeilla, kuten murtotapeilla, v\u00e4\u00e4nt\u00f6momentin rajoittimilla tai ylikuormituskytkimill\u00e4. N\u00e4m\u00e4 turvaominaisuudet est\u00e4v\u00e4t vaihteiston ja leikkurin osien vaurioitumisen \u00e4killisten esteiden, kuten kivien tai raskaiden roskien, sattuessa. Jos tukos ilmenee, ylikuormitussuoja irrottaa voimansiirron, est\u00e4en lis\u00e4vauriot ja mahdollistaen nopeat korjaukset. T\u00e4m\u00e4 ominaisuus parantaa turvallisuutta ja pident\u00e4\u00e4 vaihteiston k\u00e4ytt\u00f6ik\u00e4\u00e4.<\/p>\n<p>Leikkurin vaihdelaatikko on eritt\u00e4in tarkasti suunniteltu komponentti, joka tarjoaa leikkureille olennaisen voimansiirron varmistaen sujuvan, tehokkaan ja luotettavan toiminnan. Sen t\u00e4rkeimm\u00e4t ominaisuudet, kuten kest\u00e4v\u00e4 rakenne, tarkat v\u00e4lityssuhteet, ylikuormitussuoja ja v\u00e4h\u00e4n huoltoa vaativa suunnittelu, tekev\u00e4t siit\u00e4 olennaisen osan mit\u00e4 tahansa leikkuulaitetta. Leikkurivaihteistolla on ratkaiseva rooli suorituskyvyn optimoinnissa ja laitteen k\u00e4ytt\u00f6i\u00e4n pident\u00e4misess\u00e4, olipa kyseess\u00e4 sitten ruohon, pensaiden tai paksumman kasvillisuuden leikkaaminen.<\/p>\n<p><img loading=\"lazy\" decoding=\"async\" class=\"alignnone size-full wp-image-2329\" src=\"https:\/\/fmp-components.com\/wp-content\/uploads\/2024\/12\/Installation-of-Flail-Mower-Gearboxes-Precautions-21.webp\" alt=\"Leikkureiden-vaihteistojen-asennuksen-varotoimet-2(1)\" width=\"900\" height=\"675\" title=\"\" srcset=\"https:\/\/fmp-components.com\/wp-content\/uploads\/2024\/12\/Installation-of-Flail-Mower-Gearboxes-Precautions-21.webp 900w, https:\/\/fmp-components.com\/wp-content\/uploads\/2024\/12\/Installation-of-Flail-Mower-Gearboxes-Precautions-21-480x360.webp 480w\" sizes=\"(min-width: 0px) and (max-width: 480px) 480px, (min-width: 481px) 900px, 100vw\" \/><\/p>\n<h2>Maatalouden nivelakseli niittokoneen vaihdelaatikolle<\/h2>\n<p>Murskaimen vaihdelaatikon maatalouden nivelakseli on kriittinen komponentti, joka varmistaa tehokkaan voimansiirron traktorin voimanottoj\u00e4rjestelm\u00e4st\u00e4 murskaimen vaihdelaatikkoon. T\u00e4m\u00e4 akseli on suunniteltu k\u00e4sittelem\u00e4\u00e4n suurta v\u00e4\u00e4nt\u00f6momenttia ja sy\u00f6tt\u00e4m\u00e4\u00e4n tasaista, tasaista tehoa leikkurin terille, mik\u00e4 mahdollistaa optimaalisen leikkuutehon vaativissa maatalousk\u00e4yt\u00f6iss\u00e4. Alla on murskaimen vaihdelaatikon maatalouden nivelakselin t\u00e4rkeimm\u00e4t ominaisuudet ja edut:<\/p>\n<p><strong>Tehokas voimansiirto<\/strong><\/p>\n<p>Voimanottoakselin ensisijainen teht\u00e4v\u00e4 on siirt\u00e4\u00e4 voima traktorista ruohonleikkurin vaihteistoon. Yhdist\u00e4m\u00e4ll\u00e4 traktorin voimanottoj\u00e4rjestelm\u00e4n ruohonleikkurin vaihteistoon voimanottoakseli mahdollistaa vaihteiston py\u00f6ritt\u00e4\u00e4 leikkurin teri\u00e4 halutulla nopeudella tehokkaan leikkauksen varmistamiseksi. T\u00e4m\u00e4 voimansiirto on v\u00e4ltt\u00e4m\u00e4t\u00f6nt\u00e4 sen varmistamiseksi, ett\u00e4 ruohonleikkuri toimii huipputehokkaasti ja tuottaa tasaisia \u200b\u200btuloksia ruohoa, pensaita tai muuta kasvillisuutta leikattaessa.<\/p>\n<p><strong>Kest\u00e4v\u00e4 rakenne<\/strong><\/p>\n<p>Niittokoneen vaihteistojen nivelakseli on rakennettu eritt\u00e4in lujaksi ja kest\u00e4v\u00e4ksi. Korkealaatuisista, kulutusta kest\u00e4vist\u00e4 materiaaleista valmistettu akseli on suunniteltu kest\u00e4m\u00e4\u00e4n maatalousk\u00e4yt\u00f6n \u00e4\u00e4rimm\u00e4iset olosuhteet. Akseli kest\u00e4\u00e4 suuria v\u00e4\u00e4nt\u00f6momentteja, iskukuormia ja t\u00e4rin\u00e4\u00e4 suorituskyky\u00e4\u00e4n vaarantamatta. T\u00e4m\u00e4 kest\u00e4v\u00e4 rakenne varmistaa pitk\u00e4n k\u00e4ytt\u00f6i\u00e4n ja v\u00e4hent\u00e4\u00e4 usein tarvittavien osien vaihto- tai korjaustarvetta.<\/p>\n<p><strong>Turvaominaisuudet<\/strong><\/p>\n<p>Turvallisuus on keskeinen n\u00e4k\u00f6kohta niittokoneiden vaihteistojen nivelakselin suunnittelussa. Akselissa on suojat, jotka est\u00e4v\u00e4t vahingossa tapahtuvan kosketuksen py\u00f6riviin osiin. N\u00e4m\u00e4 suojat suojaavat k\u00e4ytt\u00e4j\u00e4\u00e4 ja muita l\u00e4hell\u00e4 olevia mahdollisilta vammoilta. Lis\u00e4ksi koneissa on usein ylikuormitussuojausmekanismeja, kuten murtopultteja tai v\u00e4\u00e4nt\u00f6momentin rajoittimia, jotka est\u00e4v\u00e4t vaihteiston tai traktorin vaurioitumisen esteiden tai liiallisen kuormituksen sattuessa. T\u00e4m\u00e4 varmistaa, ett\u00e4 nivelakselia ja sen komponentteja on turvallista k\u00e4ytt\u00e4\u00e4 haastavissa olosuhteissa.<\/p>\n<p><strong>Helppo asennus ja s\u00e4\u00e4t\u00f6<\/strong><\/p>\n<p>Maatalouden nivelakseli on suunniteltu helppoa asennusta ja s\u00e4\u00e4t\u00f6\u00e4 varten. Akseleissa on tyypillisesti teleskooppirakenne, jonka ansiosta se voidaan s\u00e4\u00e4t\u00e4\u00e4 oikeaan pituuteen sopimaan erilaisiin traktori- ja niittokonekokoonpanoihin. T\u00e4m\u00e4 s\u00e4\u00e4dett\u00e4vyys varmistaa, ett\u00e4 nivelakseli sopii erilaisiin konemalleihin, mik\u00e4 parantaa monipuolisuutta erilaisissa maatalousteht\u00e4viss\u00e4. Nivelakseli on varustettu pikaliittimill\u00e4, joiden avulla se on helppo kiinnitt\u00e4\u00e4 ja irrottaa sek\u00e4 traktorista ett\u00e4 niittokoneen vaihteistosta, mik\u00e4 s\u00e4\u00e4st\u00e4\u00e4 aikaa ja vaivaa asennuksen aikana.<\/p>\n<p><strong>V\u00e4h\u00e4iset huoltovaatimukset<\/strong><\/p>\n<p>Leikkurin vaihteiston nivelakseli on suunniteltu vaatimaan vain v\u00e4h\u00e4n huoltoa. Se on varustettu tiivistetyill\u00e4 laakereilla ja voidelluilla komponenteilla kitkan ja kulumisen v\u00e4hent\u00e4miseksi, mik\u00e4 varmistaa sujuvan toiminnan ja pident\u00e4\u00e4 akselin k\u00e4ytt\u00f6ik\u00e4\u00e4. Rutiinihuoltoon kuuluu tyypillisesti akselin tarkastaminen vaurioiden tai kulumisen varalta, voitelun tarkistaminen ja sen varmistaminen, ett\u00e4 kaikki suojakilvet ja komponentit ovat oikein paikoillaan. N\u00e4m\u00e4 v\u00e4h\u00e4iset huoltovaatimukset tekev\u00e4t nivelakselista k\u00e4tev\u00e4n ja luotettavan vaihtoehdon s\u00e4\u00e4nn\u00f6lliseen k\u00e4ytt\u00f6\u00f6n.<\/p>\n<p>Maatalouden nivelakseli niittokoneen vaihteistoon on olennainen osa niittokoneiden voimanl\u00e4hteen\u00e4 maatalousk\u00e4yt\u00f6ss\u00e4. Kest\u00e4v\u00e4n rakenteensa, turvaominaisuuksiensa ja helpon asennuksensa ansiosta se varmistaa tehokkaan voimansiirron ja parantaa samalla leikkurin suorituskyky\u00e4 ja pitk\u00e4ik\u00e4isyytt\u00e4. Sen v\u00e4h\u00e4iset huoltotarpeet, korroosionkest\u00e4vyys ja monipuolisuus tekev\u00e4t siit\u00e4 luotettavan valinnan monenlaisiin maatalousk\u00e4ytt\u00f6\u00f6n. Tarjoamalla tasaista tehoa ja varmistamalla sujuvan toiminnan, nivelakselilla on t\u00e4rke\u00e4 rooli niittokoneiden tehokkuuden optimoinnissa, olipa kyseess\u00e4 sitten rutiininomaisen nurmikonhoidon, raskaan pensaiden raivauksen tai maanhoidon teht\u00e4v\u00e4.<\/p>\n<p><img loading=\"lazy\" decoding=\"async\" class=\"alignnone size-full wp-image-2328\" src=\"https:\/\/fmp-components.com\/wp-content\/uploads\/2024\/12\/Agricultural-PTO-Shaft-for-Flail-Mower-Gearbox1.webp\" alt=\"Maatalouden-voimanottoakseli-niittokoneen-vaihteistoon(1)\" width=\"1200\" height=\"680\" title=\"\" srcset=\"https:\/\/fmp-components.com\/wp-content\/uploads\/2024\/12\/Agricultural-PTO-Shaft-for-Flail-Mower-Gearbox1.webp 1200w, https:\/\/fmp-components.com\/wp-content\/uploads\/2024\/12\/Agricultural-PTO-Shaft-for-Flail-Mower-Gearbox1-980x555.webp 980w, https:\/\/fmp-components.com\/wp-content\/uploads\/2024\/12\/Agricultural-PTO-Shaft-for-Flail-Mower-Gearbox1-480x272.webp 480w\" sizes=\"(min-width: 0px) and (max-width: 480px) 480px, (min-width: 481px) and (max-width: 980px) 980px, (min-width: 981px) 1200px, 100vw\" \/><\/p>\n<h2>Tietoja FMP:st\u00e4<\/h2>\n<p>Italiassa p\u00e4\u00e4konttoriaan pit\u00e4v\u00e4 FMP on johtava valmistaja, joka tunnetaan asiantuntemuksestaan \u200b\u200bkorkean suorituskyvyn vaihteistojen suunnittelussa, kehitt\u00e4misess\u00e4 ja valmistuksessa p\u00e4\u00e4asiassa maatalouskonesektorille. Tarkkuudestaan, innovaatioistaan \u200b\u200bja horjumattomasta luotettavuudestaan \u200b\u200btunnettu FMP on vakiinnuttanut asemansa luotettavana kumppanina sek\u00e4 maatalous- ett\u00e4 teollisuusmarkkinoiden kehittyvien vaatimusten t\u00e4ytt\u00e4misess\u00e4. Kattava tuotevalikoimamme sis\u00e4lt\u00e4\u00e4 ruohonleikkureiden, nivelakseleiden ja muiden kriittisten komponenttien erikoisvaihteistoja, jotka kaikki on suunniteltu tarjoamaan tehokkaita ja r\u00e4\u00e4t\u00e4l\u00f6ityj\u00e4 ratkaisuja monenlaisiin sovelluksiin.<\/p>\n<p>FMP:ll\u00e4 ymm\u00e4rr\u00e4mme, ett\u00e4 jokaisella asiakkaalla on ainutlaatuiset tarpeet ja haasteet. Siksi olemme erikoistuneet r\u00e4\u00e4t\u00e4l\u00f6ityjen ratkaisujen tarjoamiseen, olipa kyseess\u00e4 sitten yksitt\u00e4iset komponentit tai t\u00e4ysin integroidut j\u00e4rjestelm\u00e4t. K\u00e4yt\u00e4mme yhteisty\u00f6h\u00f6n perustuvaa l\u00e4hestymistapaa ja teemme tiivist\u00e4 yhteisty\u00f6t\u00e4 asiakkaidemme kanssa varmistaaksemme, ett\u00e4 jokainen ratkaisu on paitsi tehokas my\u00f6s tuloksellinen. Sitoutumisemme nopeisiin ja ammattimaisiin vastauksiin sek\u00e4 asiantuntevaan ohjaukseen takaa, ett\u00e4 jokainen tiedustelu k\u00e4sitell\u00e4\u00e4n \u00e4\u00e4rimm\u00e4isen huolellisesti ja tarkasti, varmistaen parhaat mahdolliset tulokset asiakkaillemme.<\/p>\n<p>Painotamme vahvasti avointa ja jatkuvaa viestint\u00e4\u00e4, erityisesti uusien tuotteiden kehitt\u00e4misess\u00e4. Omistautunut tiimimme ty\u00f6skentelee suoraan asiakkaiden kanssa ymm\u00e4rt\u00e4\u00e4kseen t\u00e4ysin heid\u00e4n vaatimuksiaan ja tarjoaa arvokkaita n\u00e4kemyksi\u00e4 ja suosituksia, jotka johtavat optimaalisiin ratkaisuihin. Olipa kyse sitten innovatiivisten tuotteiden suunnittelusta tai olemassa olevien tilausten t\u00e4ytt\u00e4misest\u00e4, FMP on sitoutunut toimittamaan korkealaatuisia, tarkasti suunniteltuja ratkaisuja ajallaan, joka kerta varmistaen, ett\u00e4 asiakkaamme saavat parasta mahdollista palvelua ja tuloksia.<\/p>\n<p>FMP:n toiminnan ytimess\u00e4 on tinkim\u00e4t\u00f6n keskittyminen laatuun. Noudatamme korkeimpia valmistusstandardeja ja k\u00e4yt\u00e4mme tiukkoja laadunvalvontatoimenpiteit\u00e4 varmistaaksemme, ett\u00e4 jokainen tuote paitsi t\u00e4ytt\u00e4\u00e4 my\u00f6s ylitt\u00e4\u00e4 alan odotukset. T\u00e4m\u00e4 sitoutuminen laatuun yhdistettyn\u00e4 ydinarvoihimme, kuten rehellisyyteen, tiimity\u00f6h\u00f6n ja sinnikkyyteen, on mahdollistanut kest\u00e4vien ja luottamuksellisten asiakassuhteiden rakentamisen l\u00e4hes 30 maassa ymp\u00e4ri maailmaa.<\/p>\n<p>FMP on aina halukas rakentamaan globaaleja kumppanuuksia ja on sitoutunut tarjoamaan asiantuntevaa ohjausta ja r\u00e4\u00e4t\u00e4l\u00f6ityj\u00e4 ratkaisuja asiakkaidemme monimuotoisten tarpeiden t\u00e4ytt\u00e4miseksi. L\u00e4hestymistapamme menee pelk\u00e4n tuotteiden toimittamisen pidemm\u00e4lle; pyrimme vaalimaan pitk\u00e4aikaisia \u200b\u200b\u200b\u200bsuhteita, jotka edist\u00e4v\u00e4t jokaisen projektin onnistumista. Tarvitsetpa sitten innovatiivisia ratkaisuja uuteen hankkeeseen tai jatkuvaa tukea olemassa olevalle j\u00e4rjestelm\u00e4lle, FMP on t\u00e4\u00e4ll\u00e4 vastaamassa teknisiin haasteisiisi ja auttamassa varmistamaan kest\u00e4v\u00e4n menestyksesi.<\/p>\n<p><img loading=\"lazy\" decoding=\"async\" class=\"alignnone size-full wp-image-1861\" src=\"https:\/\/fmp-components.com\/wp-content\/uploads\/2024\/12\/Other-Agricultural-Gearboxes.webp\" sizes=\"(min-width: 0px) and (max-width: 480px) 480px, (min-width: 481px) and (max-width: 980px) 980px, (min-width: 981px) 1200px, 100vw\" srcset=\"https:\/\/fmp-components.com\/wp-content\/uploads\/2024\/12\/Other-Agricultural-Gearboxes.webp 1200w, https:\/\/fmp-components.com\/wp-content\/uploads\/2024\/12\/Other-Agricultural-Gearboxes-980x1143.webp 980w, https:\/\/fmp-components.com\/wp-content\/uploads\/2024\/12\/Other-Agricultural-Gearboxes-480x560.webp 480w\" alt=\"Altri-cambi-agricoli\" width=\"1200\" height=\"1400\" title=\"\"><\/p>\n<p>Tekij\u00e4: CX<\/p>","protected":false},"excerpt":{"rendered":"<p>Flail Mower Gearbox LL-5L Specification i 1.9 N1[rpm] 540 P1[kW] 11 M2[Nm] 99 Shaft X 1&#8221; 3\/8 Z6 Shaft Z L60 \u03a625 Input X Flail Mower Gearbox Features The Flail Mower Gearbox is an essential component that enables the efficient operation of flail mowers, providing the necessary power transmission to drive the mower blades. Designed [&hellip;]<\/p>","protected":false},"featured_media":2335,"comment_status":"open","ping_status":"closed","template":"","meta":{"_et_pb_use_builder":"","_et_pb_old_content":"","_et_gb_content_width":""},"product_brand":[],"product_cat":[58],"product_tag":[],"class_list":{"0":"post-2334","1":"product","2":"type-product","3":"status-publish","4":"has-post-thumbnail","6":"product_cat-flail-mower-gearbox","8":"first","9":"instock","10":"shipping-taxable","11":"product-type-simple"},"_links":{"self":[{"href":"https:\/\/fmp-components.com\/fi\/wp-json\/wp\/v2\/product\/2334","targetHints":{"allow":["GET"]}}],"collection":[{"href":"https:\/\/fmp-components.com\/fi\/wp-json\/wp\/v2\/product"}],"about":[{"href":"https:\/\/fmp-components.com\/fi\/wp-json\/wp\/v2\/types\/product"}],"replies":[{"embeddable":true,"href":"https:\/\/fmp-components.com\/fi\/wp-json\/wp\/v2\/comments?post=2334"}],"wp:featuredmedia":[{"embeddable":true,"href":"https:\/\/fmp-components.com\/fi\/wp-json\/wp\/v2\/media\/2335"}],"wp:attachment":[{"href":"https:\/\/fmp-components.com\/fi\/wp-json\/wp\/v2\/media?parent=2334"}],"wp:term":[{"taxonomy":"product_brand","embeddable":true,"href":"https:\/\/fmp-components.com\/fi\/wp-json\/wp\/v2\/product_brand?post=2334"},{"taxonomy":"product_cat","embeddable":true,"href":"https:\/\/fmp-components.com\/fi\/wp-json\/wp\/v2\/product_cat?post=2334"},{"taxonomy":"product_tag","embeddable":true,"href":"https:\/\/fmp-components.com\/fi\/wp-json\/wp\/v2\/product_tag?post=2334"}],"curies":[{"name":"wp","href":"https:\/\/api.w.org\/{rel}","templated":true}]}}