{"id":2319,"date":"2024-12-31T08:13:54","date_gmt":"2024-12-31T08:13:54","guid":{"rendered":"https:\/\/fmp-components.com\/?page_id=8"},"modified":"2024-12-31T08:13:54","modified_gmt":"2024-12-31T08:13:54","slug":"irrigation-center-drive-gearbox-syf-2m-series","status":"publish","type":"product","link":"https:\/\/fmp-components.com\/fi\/product\/irrigation-center-drive-gearbox-syf-2m-series\/","title":{"rendered":"Kasteluj\u00e4rjestelm\u00e4n keskivetoinen vaihteisto SYF-2M-sarja"},"content":{"rendered":"<h2>Kasteluj\u00e4rjestelm\u00e4n keskivetoinen vaihteisto SYF-2M-sarjan mallinumerot<\/h2>\n<p>SYF-2M-20 = 87 rpm (suhde 20:1, 1-1\/2 hv moottori)<br \/>\nSYF-2M-30 = 58 rpm (suhde 30:1, moottori 1-1\/2 hv)<br \/>\nSYF-2M-40 = 43 rpm (suhde 40:1, 1 hv moottori)<br \/>\nSYF-2M-50 = 35 rpm (suhde 50:1, 1 hv moottori)<br \/>\nSYF-2M-58 = 30 rpm (v\u00e4lityssuhde 58:1, 1 hv:n moottori)<br \/>\nSYF-2M-60 = 29 rpm (60:1 suhde, 1 hv moottori)<br \/>\n(Kun sy\u00f6tt\u00f6nopeus on 1740 rpm)<\/p>\n<h2>Kasteluj\u00e4rjestelm\u00e4n keskivetoinen vaihteisto SYF-2M-sarjan suorituskyky<\/h2>\n<p>1. Suhde: 20:1, 30:1, 40:1, 50:1, 58:1, 60:1 (muita saatavilla).<br \/>\n2. Itselukittuvan kartioakseliliitoksen (moottori-matoakseli) k\u00e4ytt\u00f6 mahdollistaa vaihdon paikan p\u00e4\u00e4ll\u00e4 ilman<br \/>\nmatoakselin irrottaminen tai kuorman irrottaminen. T\u00e4m\u00e4 varmistaa tarkan kohdistuksen ja poistaa hankautumisen<br \/>\nmoottorin irrottamisen nopeuttamiseksi.<br \/>\n3. Asenna pulttijako 5\u201d \u00d7 6\u201d.<br \/>\n4. Eritt\u00e4in luja alumiinipronssinen matovaihde.<br \/>\n5. Toimitetaan \u00f6ljyn kanssa.<br \/>\n6. Sis\u00e4lt\u00e4\u00e4 erityiset ulkoiset kasvisuojan tiivisteet.<br \/>\n7. Tarkkuusvalettu karkaistu alumiinikotelo.<br \/>\n8. Kaikki kriittiset s\u00e4hk\u00f6liit\u00e4nn\u00e4t on kapseloitu kosteuden tunkeutumisen est\u00e4miseksi.<br \/>\n9. Erityisesti suunniteltu kest\u00e4viin kasteluolosuhteisiin.<br \/>\n10. 460\/380 volttia, 3-vaiheinen, 60\/50 Hz kaksoisj\u00e4nnite.<br \/>\n11. L\u00e4mp\u00f6suojattu; automaattinen nollaus.<br \/>\n12. Sis\u00e4inen j\u00e4\u00e4hdytetty lamelli.<br \/>\n13. T\u00e4ysin suljettu, kevyt ja helposti k\u00e4ytett\u00e4v\u00e4 yl\u00e4liit\u00e4nt\u00e4rasia.<br \/>\n14. F-luokan eristys.<br \/>\n15. Minimivirrankulutus: t\u00e4ysi kuormitusvirta nimellisj\u00e4nnitteell\u00e4 2,3 ampeeria.<br \/>\n16. Paino: 19,6 kg.<br \/>\n17. \u00d6ljytilavuus: 0,21 gallonaa (0,8 l)<\/p>\n<h2>Kasteluj\u00e4rjestelm\u00e4n keskivetoisen vaihteiston SYF-2M-sarjan asennus ja \u00e4\u00e4riviivat<\/h2>\n<p><img loading=\"lazy\" decoding=\"async\" class=\"alignnone size-full wp-image-2321\" src=\"https:\/\/fmp-components.com\/wp-content\/uploads\/2024\/12\/Irrigation-Center-Drive-Gearbox-SYF-2M-Series-Installation-and-Contour-Dimensions.webp\" alt=\"Kastelu-Keskik\u00e4ytt\u00f6inen-Vaihteisto-SYF-2M-Sarja-Asennus-ja-Mitat\" width=\"1536\" height=\"880\" title=\"\" srcset=\"https:\/\/fmp-components.com\/wp-content\/uploads\/2024\/12\/Irrigation-Center-Drive-Gearbox-SYF-2M-Series-Installation-and-Contour-Dimensions.webp 1536w, https:\/\/fmp-components.com\/wp-content\/uploads\/2024\/12\/Irrigation-Center-Drive-Gearbox-SYF-2M-Series-Installation-and-Contour-Dimensions-1280x733.webp 1280w, https:\/\/fmp-components.com\/wp-content\/uploads\/2024\/12\/Irrigation-Center-Drive-Gearbox-SYF-2M-Series-Installation-and-Contour-Dimensions-980x561.webp 980w, https:\/\/fmp-components.com\/wp-content\/uploads\/2024\/12\/Irrigation-Center-Drive-Gearbox-SYF-2M-Series-Installation-and-Contour-Dimensions-480x275.webp 480w\" sizes=\"(min-width: 0px) and (max-width: 480px) 480px, (min-width: 481px) and (max-width: 980px) 980px, (min-width: 981px) and (max-width: 1280px) 1280px, (min-width: 1281px) 1536px, 100vw\" \/><\/p>\n<h2>Kasteluj\u00e4rjestelm\u00e4n keskivetoisen vaihteiston SYF-2M-sarjan edut<\/h2>\n<p>SYF-2M-sarjan kasteluj\u00e4rjestelm\u00e4n keskivetoinen vaihteisto tarjoaa lukuisia etuja nykyaikaisissa kasteluj\u00e4rjestelmiss\u00e4, erityisesti keskinivel- ja lineaarikastelusovelluksissa. SYF-2M-sarja on suunniteltu tarjoamaan sujuvaa voimansiirtoa, luotettavuutta ja helppoa huoltoa, mik\u00e4 tekee siit\u00e4 ihanteellisen valinnan maatalouden ja puutarhan kasteluj\u00e4rjestelmiin. Alla on lueteltu SYF-2M-sarjan kasteluj\u00e4rjestelm\u00e4n keskivetoisen vaihteiston t\u00e4rkeimm\u00e4t edut:<\/p>\n<p><strong>Parannettu energiatehokkuus<\/strong><\/p>\n<p>SYF-2M-sarjan vaihteisto on suunniteltu tarjoamaan eritt\u00e4in tehokasta voimansiirtoa traktorin voimanottoj\u00e4rjestelm\u00e4st\u00e4 keskinivelrakenteeseen. Optimoimalla v\u00e4lityssuhteita ja v\u00e4hent\u00e4m\u00e4ll\u00e4 energiah\u00e4vi\u00f6it\u00e4 vaihteisto varmistaa, ett\u00e4 teho siirtyy tehokkaasti, jolloin kasteluj\u00e4rjestelm\u00e4 toimii minimaalisella energiankulutuksella. T\u00e4m\u00e4 parannettu energiatehokkuus auttaa alentamaan k\u00e4ytt\u00f6kustannuksia, mik\u00e4 tekee SYF-2M-sarjasta kustannustehokkaan ratkaisun laajamittaisiin kastelutoimintoihin.<\/p>\n<p><strong>Korkea kest\u00e4vyys ja luotettavuus<\/strong><\/p>\n<p>SYF-2M-sarjan vaihteisto on valmistettu eritt\u00e4in lujista materiaaleista, kuten karkaistusta ter\u00e4ksest\u00e4 ja tarkkuusvalmisteisista komponenteista, ja se on suunniteltu kest\u00e4m\u00e4\u00e4n raskaita kuormia ja jatkuvaa k\u00e4ytt\u00f6\u00e4. Kest\u00e4v\u00e4 rakenne varmistaa, ett\u00e4 vaihteisto kest\u00e4\u00e4 maatalouden kasteluj\u00e4rjestelmien vaativat olosuhteet ja tarjoaa luotettavan suorituskyvyn \u00e4\u00e4rimm\u00e4isiss\u00e4 olosuhteissa, kuten suurella v\u00e4\u00e4nt\u00f6momentilla, vaihtelevissa l\u00e4mp\u00f6tiloissa ja ankarassa s\u00e4\u00e4ss\u00e4. Sen kest\u00e4vyys minimoi usein teht\u00e4vien korjausten tai osien vaihtojen tarpeen, mik\u00e4 takaa pitk\u00e4aikaisen luotettavuuden ja v\u00e4hent\u00e4\u00e4 yll\u00e4pitokustannuksia.<\/p>\n<p><strong>V\u00e4h\u00e4iset huoltovaatimukset<\/strong><\/p>\n<p>SYF-2M-sarjan vaihteisto on suunniteltu v\u00e4h\u00e4ist\u00e4 huoltoa vaativaksi, ja siin\u00e4 on tiivistetyt laakerit ja tarkkuusvaihteisto, jotka v\u00e4hent\u00e4v\u00e4t sis\u00e4ist\u00e4 kitkaa ja kulumista. Sen rakenne minimoi komponenttien vaurioitumisriskin, mik\u00e4 mahdollistaa tasaisemman toiminnan minimaalisella huollolla. S\u00e4\u00e4nn\u00f6llinen voitelu ja satunnaiset tarkastukset riitt\u00e4v\u00e4t yleens\u00e4 optimaalisen suorituskyvyn yll\u00e4pit\u00e4miseksi, mik\u00e4 auttaa alentamaan kokonaiskustannuksia ja v\u00e4hent\u00e4m\u00e4\u00e4n seisokkiaikoja pit\u00e4en kasteluj\u00e4rjestelm\u00e4t toimivina ja tehokkaina.<\/p>\n<p><strong>S\u00e4\u00e4nkest\u00e4v\u00e4 ja korroosionkest\u00e4v\u00e4 rakenne<\/strong><\/p>\n<p>Yksi SYF-2M-sarjan vaihteiston erottuvista ominaisuuksista on sen s\u00e4\u00e4nkest\u00e4v\u00e4 ja korroosionkest\u00e4v\u00e4 rakenne. Vaihteisto on valmistettu suojapinnoitteilla ja tiivisteill\u00e4, jotka suojaavat sit\u00e4 kosteudelta, p\u00f6lylt\u00e4 ja muilta ymp\u00e4rist\u00f6tekij\u00f6ilt\u00e4. T\u00e4m\u00e4 s\u00e4\u00e4nkest\u00e4v\u00e4 rakenne varmistaa, ett\u00e4 vaihteisto toimii tehokkaasti erilaisissa olosuhteissa, rankkasateesta \u00e4\u00e4rimm\u00e4iseen kuumuuteen tai kylmyyteen, mik\u00e4 tekee siit\u00e4 ihanteellisen ulkotiloihin maatalousymp\u00e4rist\u00f6ihin. Sen kyky kest\u00e4\u00e4 ankaria s\u00e4\u00e4olosuhteita varmistaa tasaisen suorituskyvyn koko kastelukauden ajan.<\/p>\n<p><strong>Yhteensopivuus ja helppo integrointi<\/strong><\/p>\n<p>SYF-2M-sarjan vaihteisto on eritt\u00e4in monipuolinen ja yhteensopiva erilaisten kasteluj\u00e4rjestelm\u00e4kokoonpanojen kanssa, mukaan lukien keskinivel- ja lineaarikasteluj\u00e4rjestelm\u00e4t. Se voidaan helposti integroida olemassa oleviin kokoonpanoihin, ja se tarjoaa yksinkertaisen vaihtoehdon kuluneiden tai vaurioituneiden vaihteistojen korvaamiseksi. Sen yhteensopivuus standardien kasteluj\u00e4rjestelmien kanssa varmistaa minimaalisen asennusajan, mik\u00e4 mahdollistaa nopeat j\u00e4rjestelm\u00e4n p\u00e4ivitykset tai korjaukset ilman laajoja muutoksia, varmistaen saumattoman siirtymisen ja minimoiden kastelutoiminnan h\u00e4iri\u00f6t.<\/p>\n<p>SYF-2M-sarjan keskivetoinen kasteluvaihteisto tarjoaa merkitt\u00e4vi\u00e4 etuja energiatehokkuuden, kest\u00e4vyyden ja v\u00e4h\u00e4isen huollon suhteen. Sen tehokas rakenne varmistaa luotettavan ja kustannustehokkaan toiminnan erilaisissa maatalouden ja puutarhatalouden kasteluj\u00e4rjestelmiss\u00e4. Vaihteiston s\u00e4\u00e4nkest\u00e4v\u00e4 ja korroosionkest\u00e4v\u00e4 rakenne yhdistettyn\u00e4 sen helppoon integrointiin olemassa oleviin j\u00e4rjestelmiin tekee siit\u00e4 erinomaisen valinnan keskivetoisten ja lineaaristen kasteluj\u00e4rjestelmien tehokkuuden ja pitk\u00e4ik\u00e4isyyden parantamiseen. V\u00e4hent\u00e4m\u00e4ll\u00e4 k\u00e4ytt\u00f6kustannuksia ja seisokkiaikoja SYF-2M-sarjan vaihteisto auttaa optimoimaan vedenk\u00e4yt\u00f6n hallintaa ja kastelun tehokkuutta maataloustoiminnassa.<\/p>\n<p><img loading=\"lazy\" decoding=\"async\" class=\"alignnone size-full wp-image-2323\" src=\"https:\/\/fmp-components.com\/wp-content\/uploads\/2024\/12\/Irrigation-Center-Drive-Gearbox-SYF-2M-Series-Applications.webp\" alt=\"Kastelu-Keskik\u00e4ytt\u00f6inen-Vaihteisto-SYF-2M-Sarja-Sovellukset\" width=\"1540\" height=\"800\" title=\"\" srcset=\"https:\/\/fmp-components.com\/wp-content\/uploads\/2024\/12\/Irrigation-Center-Drive-Gearbox-SYF-2M-Series-Applications.webp 1540w, https:\/\/fmp-components.com\/wp-content\/uploads\/2024\/12\/Irrigation-Center-Drive-Gearbox-SYF-2M-Series-Applications-1280x665.webp 1280w, https:\/\/fmp-components.com\/wp-content\/uploads\/2024\/12\/Irrigation-Center-Drive-Gearbox-SYF-2M-Series-Applications-980x509.webp 980w, https:\/\/fmp-components.com\/wp-content\/uploads\/2024\/12\/Irrigation-Center-Drive-Gearbox-SYF-2M-Series-Applications-480x249.webp 480w\" sizes=\"(min-width: 0px) and (max-width: 480px) 480px, (min-width: 481px) and (max-width: 980px) 980px, (min-width: 981px) and (max-width: 1280px) 1280px, (min-width: 1281px) 1540px, 100vw\" \/><\/p>\n<h2>Kastelukeskivetoisen vaihteiston SYF-2M-sarjan sovellukset<\/h2>\n<p>SYF-2M-sarjan kasteluj\u00e4rjestelm\u00e4n keskivetoinen vaihteisto on suunniteltu tarjoamaan luotettavaa ja tehokasta voimansiirtoa erilaisissa kasteluj\u00e4rjestelmiss\u00e4. T\u00e4m\u00e4 vaihteisto on erityisesti suunniteltu maatalous- ja puutarhak\u00e4ytt\u00f6\u00f6n varmistaen tasaisen vedenjakelun ja optimoiden j\u00e4rjestelm\u00e4n suorituskyvyn. Alla on lueteltu SYF-2M-sarjan kasteluj\u00e4rjestelm\u00e4n keskivetoisen vaihteiston t\u00e4rkeimm\u00e4t k\u00e4ytt\u00f6kohteet:<\/p>\n<p><strong>Center Pivot -kasteluj\u00e4rjestelm\u00e4t<\/strong><\/p>\n<p>SYF-2M-sarjan vaihteisto on keskeinen osa keskinivelkasteluj\u00e4rjestelmiss\u00e4, joissa se k\u00e4ytt\u00e4\u00e4 keskinivelrakennetta. N\u00e4it\u00e4 j\u00e4rjestelmi\u00e4 k\u00e4ytet\u00e4\u00e4n laajalti suurten peltojen kasteluun, ja vaihteisto varmistaa nivelvarren tasaisen ja tehokkaan py\u00f6rimisen. Siirt\u00e4m\u00e4ll\u00e4 voimaa voimanottoakselista mekaaniseen k\u00e4ytt\u00f6\u00f6n vaihteisto auttaa saavuttamaan tasaisen vedenjakauman, mik\u00e4 v\u00e4hent\u00e4\u00e4 veden hukkaa ja parantaa satoa.<\/p>\n<p><strong>Lineaariset kasteluj\u00e4rjestelm\u00e4t<\/strong><\/p>\n<p>Lineaarisissa kasteluj\u00e4rjestelmiss\u00e4 SYF-2M-sarjan vaihteistoa k\u00e4ytet\u00e4\u00e4n kasteluputkistojen lineaarisen liikkeen voimanl\u00e4hteen\u00e4 pellolla. N\u00e4m\u00e4 j\u00e4rjestelm\u00e4t tarjoavat kohdennettua kastelua, ja vaihteisto varmistaa, ett\u00e4 kastelulinjat liikkuvat tasaisesti alueen poikki ja toimittavat vett\u00e4 tehokkaasti. Sen kyky k\u00e4sitell\u00e4 erilaisia \u200b\u200bkuormitusolosuhteita ja yll\u00e4pit\u00e4\u00e4 tarkkaa liikett\u00e4 tekee siit\u00e4 t\u00e4ydellisen sek\u00e4 pienimuotoisiin ett\u00e4 suuriin kasteluprojekteihin.<\/p>\n<p><strong>Kasvihuoneiden kasteluj\u00e4rjestelm\u00e4t<\/strong><\/p>\n<p>SYF-2M-sarjan vaihteisto sopii hyvin my\u00f6s kasvihuoneiden kasteluj\u00e4rjestelmiin, joissa vakaan ja tasaisen veden virtauksen yll\u00e4pit\u00e4minen on ratkaisevan t\u00e4rke\u00e4\u00e4 kasvien terveydelle. Vaihteisto vastaa kastelulinjojen virransy\u00f6t\u00f6st\u00e4 varmistaen, ett\u00e4 jokainen kasvihuoneen osa saa tarvittavan m\u00e4\u00e4r\u00e4n vett\u00e4. Sen v\u00e4h\u00e4inen huoltotarve, korkea kest\u00e4vyys ja tehokas voimansiirto auttavat optimoimaan vedenk\u00e4ytt\u00f6\u00e4, v\u00e4hent\u00e4m\u00e4\u00e4n k\u00e4ytt\u00f6kustannuksia ja yll\u00e4pit\u00e4m\u00e4\u00e4n tasaisen kasvuymp\u00e4rist\u00f6n.<\/p>\n<p><strong>Nurmi- ja maisemakastelu<\/strong><\/p>\n<p>Nurmi- ja maisemakastelussa SYF-2M-sarjan vaihteistoa k\u00e4ytet\u00e4\u00e4n golfkenttien, urheilukenttien, puistojen ja muiden maisemoitujen alueiden kasteluj\u00e4rjestelmiin. N\u00e4m\u00e4 j\u00e4rjestelm\u00e4t vaativat tehokasta voimansiirtoa, jotta suuret nurmialueet saavat tasaisen kastelun. Vaihteiston s\u00e4\u00e4nkest\u00e4v\u00e4 ja korroosionkest\u00e4v\u00e4 rakenne varmistaa luotettavan toiminnan vaihtelevissa s\u00e4\u00e4olosuhteissa ja tarjoaa tasaisen suorituskyvyn koko kastelukauden ajan.<\/p>\n<p><strong>Maatalouden kastelu viljelykasveille<\/strong><\/p>\n<p>SYF-2M-sarjan vaihteistoa k\u00e4ytet\u00e4\u00e4n laajalti maatalouden kasteluun, jossa se auttaa yll\u00e4pit\u00e4m\u00e4\u00e4n tasaista kastelua riviviljelykasveja, hedelm\u00e4tarhoja tai erikoiskasveja kasvattavilla pelloilla. Varmistamalla keskinivel- ja lineaarikasteluj\u00e4rjestelmien tehokkaan toiminnan vaihteisto auttaa optimoimaan vedenkulutusta, lis\u00e4\u00e4m\u00e4\u00e4n satoa ja v\u00e4hent\u00e4m\u00e4\u00e4n veden hukkaa. Sen kyky k\u00e4sitell\u00e4 maatalouden vaativia olosuhteita varmistaa luotettavan kastelun, mik\u00e4 on v\u00e4ltt\u00e4m\u00e4t\u00f6nt\u00e4 tuotannon maksimoimiseksi ja maaper\u00e4n terveyden yll\u00e4pit\u00e4miseksi.<\/p>\n<p>SYF-2M-sarjan keskivetoinen kasteluj\u00e4rjestelm\u00e4n vaihteisto on suunniteltu laajaan valikoimaan kasteluj\u00e4rjestelmi\u00e4, mukaan lukien keskinivelj\u00e4rjestelm\u00e4t, lineaariset kasteluj\u00e4rjestelm\u00e4t, kasvihuoneiden kasteluun, nurmikon ja maiseman kasteluun sek\u00e4 maatalouden kasteluun viljelykasveille. Sen kest\u00e4vyys, tehokkuus ja helppo integrointi tekev\u00e4t siit\u00e4 erinomaisen valinnan vedenjakelun ja kasteluj\u00e4rjestelm\u00e4n suorituskyvyn optimointiin. Tarjoamalla tasaisen ja luotettavan voimansiirron SYF-2M-sarjan vaihteisto varmistaa, ett\u00e4 kasteluj\u00e4rjestelm\u00e4t toimivat tehokkaasti, mik\u00e4 v\u00e4hent\u00e4\u00e4 kustannuksia ja parantaa sadon tuottavuutta.<\/p>\n<p><img loading=\"lazy\" decoding=\"async\" class=\"alignnone size-full wp-image-2324\" src=\"https:\/\/fmp-components.com\/wp-content\/uploads\/2024\/12\/Irrigation-Center-Drive-Gearbox-SYF-2M-Series-Benefits.webp\" alt=\"Kastelu-Keskiveto-Vaihteisto-SYF-2M-Sarja-Edut\" width=\"980\" height=\"544\" title=\"\" srcset=\"https:\/\/fmp-components.com\/wp-content\/uploads\/2024\/12\/Irrigation-Center-Drive-Gearbox-SYF-2M-Series-Benefits.webp 980w, https:\/\/fmp-components.com\/wp-content\/uploads\/2024\/12\/Irrigation-Center-Drive-Gearbox-SYF-2M-Series-Benefits-480x266.webp 480w\" sizes=\"(min-width: 0px) and (max-width: 480px) 480px, (min-width: 481px) 980px, 100vw\" \/><\/p>\n<h3>Tietoja FMP:st\u00e4<\/h3>\n<p>Italiassa p\u00e4\u00e4konttoriaan pit\u00e4v\u00e4 FMP on johtava valmistaja, joka tunnetaan asiantuntemuksestaan \u200b\u200btehokkaiden vaihteistojen suunnittelussa, kehitt\u00e4misess\u00e4 ja tuotannossa, keskittyen erityisesti maatalouskonesektoriin. Tarkkuuden, innovatiivisten ratkaisujen ja horjumattoman luotettavuuden ansiosta FMP:st\u00e4 on tullut luotettava kumppani sek\u00e4 maatalous- ett\u00e4 teollisuussektorin kehittyviin tarpeisiin. Monipuolinen tuotevalikoimamme sis\u00e4lt\u00e4\u00e4 ruohonleikkureiden, nivelakseleiden ja muiden t\u00e4rkeiden komponenttien erikoisvaihteistoja, jotka kaikki on huolellisesti suunniteltu tarjoamaan r\u00e4\u00e4t\u00e4l\u00f6ityj\u00e4 ratkaisuja laajaan k\u00e4ytt\u00f6tarkoitukseen.<\/p>\n<p>FMP:ll\u00e4 ymm\u00e4rr\u00e4mme, ett\u00e4 jokaisella asiakkaalla on ainutlaatuiset vaatimukset ja haasteet. Siksi olemme erikoistuneet r\u00e4\u00e4t\u00e4l\u00f6ityjen ratkaisujen tarjoamiseen, olipa kyse sitten yksitt\u00e4isist\u00e4 komponenteista tai t\u00e4ysin integroiduista j\u00e4rjestelmist\u00e4. Teemme tiivist\u00e4 yhteisty\u00f6t\u00e4 asiakkaidemme kanssa varmistaaksemme, ett\u00e4 jokainen ratkaisu on paitsi tehokas my\u00f6s tuloksellinen, optimoiden sek\u00e4 suorituskyvyn ett\u00e4 arvon. Sitoutumisemme tarjoamaan nopeita ja ammattimaisia \u200b\u200bvastauksia sek\u00e4 asiantuntevaa ohjausta varmistaa, ett\u00e4 jokaista tiedustelua k\u00e4sitell\u00e4\u00e4n \u00e4\u00e4rimm\u00e4isen huolellisesti ja tarkasti, mik\u00e4 johtaa parhaisiin mahdollisiin tuloksiin.<\/p>\n<p>Priorisoimme avointa ja jatkuvaa viestint\u00e4\u00e4 koko tuotekehitysprosessin ajan. Omistautunut tiimimme ty\u00f6skentelee suoraan asiakkaiden kanssa ymm\u00e4rt\u00e4\u00e4kseen t\u00e4ysin heid\u00e4n erityistarpeensa ja tarjoaa arvokkaita n\u00e4kemyksi\u00e4 ja suosituksia optimaalisten ratkaisujen varmistamiseksi. Olipa kyse innovatiivisten tuotteiden suunnittelusta tai jatkuvien tilausten t\u00e4ytt\u00e4misest\u00e4, FMP on sitoutunut toimittamaan korkealaatuisia ja tarkasti suunniteltuja ratkaisuja ajallaan, joka kerta. Tavoitteenamme on tarjota asiakkaille parasta mahdollista palvelua ja tuloksia, jotka ylitt\u00e4v\u00e4t odotukset jokaisessa projektissa.<\/p>\n<p>Laatu on FMP:n toiminnan kulmakivi. Noudatamme korkeimpia valmistusstandardeja ja toteutamme tiukkoja laadunvalvontatoimenpiteit\u00e4 varmistaaksemme, ett\u00e4 jokainen tuote ei ainoastaan \u200b\u200b\u200b\u200bt\u00e4ytt\u00e4\u00e4 alan standardeja, vaan my\u00f6s ylitt\u00e4\u00e4 ne. T\u00e4m\u00e4 horjumaton sitoutuminen laatuun yhdistettyn\u00e4 ydinarvoihimme, kuten rehellisyyteen, tiimity\u00f6h\u00f6n ja sinnikkyyteen, on mahdollistanut pitk\u00e4aikaisten ja luottamukseen perustuvien asiakassuhteiden rakentamisen l\u00e4hes 30 maassa maailmanlaajuisesti.<\/p>\n<p>FMP on aina avoin globaalien kumppanuuksien edist\u00e4miselle ja on edelleen sitoutunut tarjoamaan asiantuntevaa neuvontaa ja r\u00e4\u00e4t\u00e4l\u00f6ityj\u00e4 ratkaisuja, jotka vastaavat asiakkaidemme monimuotoisiin tarpeisiin. Emme tyydy pelk\u00e4st\u00e4\u00e4n tuotteiden toimittamiseen; pyrimme rakentamaan kest\u00e4vi\u00e4 suhteita, jotka edist\u00e4v\u00e4t jokaisen projektin onnistumista. Tarvitsetpa sitten innovatiivisia ratkaisuja uuteen aloitteeseen tai jatkuvaa tukea olemassa olevalle j\u00e4rjestelm\u00e4lle, FMP on t\u00e4\u00e4ll\u00e4 ratkaisemassa tekniset haasteesi ja varmistamassa jatkuvan menestyksesi.<\/p>\n<p><img loading=\"lazy\" decoding=\"async\" class=\"alignnone size-full wp-image-1861\" src=\"https:\/\/fmp-components.com\/wp-content\/uploads\/2024\/12\/Other-Agricultural-Gearboxes.webp\" sizes=\"(min-width: 0px) and (max-width: 480px) 480px, (min-width: 481px) and (max-width: 980px) 980px, (min-width: 981px) 1200px, 100vw\" srcset=\"https:\/\/fmp-components.com\/wp-content\/uploads\/2024\/12\/Other-Agricultural-Gearboxes.webp 1200w, https:\/\/fmp-components.com\/wp-content\/uploads\/2024\/12\/Other-Agricultural-Gearboxes-980x1143.webp 980w, https:\/\/fmp-components.com\/wp-content\/uploads\/2024\/12\/Other-Agricultural-Gearboxes-480x560.webp 480w\" alt=\"Altri-cambi-agricoli\" width=\"1200\" height=\"1400\" title=\"\"><\/p>\n<p>Tekij\u00e4: CX<\/p>","protected":false},"excerpt":{"rendered":"<p>Irrigation Center-Drive Gearbox SYF-2M Series Model Numbers SYF-2M-20=87rpm(20:1 ratio,1-1\/2 HP motor) SYF-2M-30=58rpm(30:1 ratio, 1-1\/2 HP motor) SYF-2M-40=43rpm(40:1 ratio, 1 HP motor) SYF-2M-50=35rpm(50:1 ratio, 1 HP motor) SYF-2M-58=30rpm(58:1 ratio, 1 HP motor) SYF-2M-60=29rpm(60:1 ratio, 1 HP motor) (When input speed is 1740 rpm) Irrigation Center-Drive Gearbox SYF-2M Series Performance 1. Ratio: 20:1, 30:1, 40:1, 50:1, 58:1, [&hellip;]<\/p>","protected":false},"featured_media":2322,"comment_status":"open","ping_status":"closed","template":"","meta":{"_et_pb_use_builder":"","_et_pb_old_content":"","_et_gb_content_width":""},"product_brand":[],"product_cat":[57],"product_tag":[],"class_list":{"0":"post-2319","1":"product","2":"type-product","3":"status-publish","4":"has-post-thumbnail","6":"product_cat-irrigation-gearbox","8":"first","9":"instock","10":"shipping-taxable","11":"product-type-simple"},"_links":{"self":[{"href":"https:\/\/fmp-components.com\/fi\/wp-json\/wp\/v2\/product\/2319","targetHints":{"allow":["GET"]}}],"collection":[{"href":"https:\/\/fmp-components.com\/fi\/wp-json\/wp\/v2\/product"}],"about":[{"href":"https:\/\/fmp-components.com\/fi\/wp-json\/wp\/v2\/types\/product"}],"replies":[{"embeddable":true,"href":"https:\/\/fmp-components.com\/fi\/wp-json\/wp\/v2\/comments?post=2319"}],"wp:featuredmedia":[{"embeddable":true,"href":"https:\/\/fmp-components.com\/fi\/wp-json\/wp\/v2\/media\/2322"}],"wp:attachment":[{"href":"https:\/\/fmp-components.com\/fi\/wp-json\/wp\/v2\/media?parent=2319"}],"wp:term":[{"taxonomy":"product_brand","embeddable":true,"href":"https:\/\/fmp-components.com\/fi\/wp-json\/wp\/v2\/product_brand?post=2319"},{"taxonomy":"product_cat","embeddable":true,"href":"https:\/\/fmp-components.com\/fi\/wp-json\/wp\/v2\/product_cat?post=2319"},{"taxonomy":"product_tag","embeddable":true,"href":"https:\/\/fmp-components.com\/fi\/wp-json\/wp\/v2\/product_tag?post=2319"}],"curies":[{"name":"wp","href":"https:\/\/api.w.org\/{rel}","templated":true}]}}