{"id":2303,"date":"2024-12-31T08:01:39","date_gmt":"2024-12-31T08:01:39","guid":{"rendered":"https:\/\/fmp-components.com\/?page_id=8"},"modified":"2024-12-31T08:05:19","modified_gmt":"2024-12-31T08:05:19","slug":"irrigation-center-drive-gearbox-syf-1-series","status":"publish","type":"product","link":"https:\/\/fmp-components.com\/fi\/product\/irrigation-center-drive-gearbox-syf-1-series\/","title":{"rendered":"Kasteluj\u00e4rjestelm\u00e4n keskivetoinen vaihteisto SYF-1-sarja"},"content":{"rendered":"<h2>SYF-1-sarjan kasteluj\u00e4rjestelm\u00e4n keskivetoisen vaihteiston mallinumerot<\/h2>\n<p><img loading=\"lazy\" decoding=\"async\" class=\"wp-image-2314 alignleft\" src=\"https:\/\/fmp-components.com\/wp-content\/uploads\/2024\/12\/Irrigation-Center-Drive-Gearbox-SYF-1-Series1.webp\" alt=\"Kasteluj\u00e4rjestelm\u00e4n-keskivetoinen-vaihteisto-SYF-1-sarja(1)\" width=\"165\" height=\"165\" title=\"\">SYF-1-20 = 87 rpm (suhde 20:1)<br \/>\nSYF-1-30 = 58 rpm (suhde 30:1)<br \/>\nSYF-1-40 = 43 rpm (suhde 40:1)<br \/>\nSYF-1-50 = 35 rpm (50:1-suhde)<br \/>\nSYF-1-58 = 30 rpm (58:1-suhde)<br \/>\nSYF-1-60 = 29 rpm (suhde 60:1)<br \/>\n(Kun sy\u00f6tt\u00f6nopeus on 1740 rpm)<\/p>\n<h2>SYF-1-sarjan kasteluj\u00e4rjestelm\u00e4n keskivetoisen vaihteiston suorituskyky<\/h2>\n<p>1. V\u00e4\u00e4nt\u00f6momentti: 510 Nm (4 500 paunaa tuumaa).<br \/>\n2. Suhde: 20:1, 30:1, 40:1, 50:1, 58:1, 60:1 (muita saatavilla).<br \/>\n3. Sopii NEMA 56-C -tyyppisille moottoreille, joiden akselin halkaisija on 0,625 tuumaa, pituus 2 tuumaa ja kiilaura 0,19 tuumaa.<br \/>\n4. Useat kiinnityspulttijakomallit 5\u201d \u00d7 6\u201d, 3,38\u201d \u00d7 6,38\u201d sopivat kaikkiin niveliin.<br \/>\n5. Eritt\u00e4in luja alumiinipronssinen matovaihde.<br \/>\n6. Sis\u00e4lt\u00e4\u00e4 helposti asennettavan iskunvaimentimen moottorin ja matovaihteiston v\u00e4lisen kytkimen.<br \/>\n7. Molemmissa ulostuloakseleissa on 1\/4\u201d \u00d7 1-1\/4\u201d kiilaurat.<br \/>\n8. Toimitetaan \u00f6ljyn kanssa.<br \/>\n9. Sis\u00e4lt\u00e4\u00e4 erityiset ulkoiset kasvisuojan tiivisteet.<br \/>\n10. Tarkkuusvalettu karkaistu alumiinikotelo.<br \/>\n11. Paino: 7,2 kg.<br \/>\n12. \u00d6ljytilavuus: 0,21 gallonaa (0,8 l)<\/p>\n<h2>Kasteluj\u00e4rjestelm\u00e4n keskivetoisen vaihteiston SYF-1-sarjan asennus ja \u00e4\u00e4riviivat<\/h2>\n<p><img loading=\"lazy\" decoding=\"async\" class=\"alignnone size-full wp-image-2312\" src=\"https:\/\/fmp-components.com\/wp-content\/uploads\/2024\/12\/Irrigation-Center-Drive-Gearbox-SYF-1-Series-Installation-and-Contour-Dimensions-1.webp\" alt=\"Kastelu-Keskik\u00e4ytt\u00f6inen-Vaihteisto-SYF-1-Sarja-Asennus-ja-Mitat\" width=\"1639\" height=\"774\" title=\"\" srcset=\"https:\/\/fmp-components.com\/wp-content\/uploads\/2024\/12\/Irrigation-Center-Drive-Gearbox-SYF-1-Series-Installation-and-Contour-Dimensions-1.webp 1639w, https:\/\/fmp-components.com\/wp-content\/uploads\/2024\/12\/Irrigation-Center-Drive-Gearbox-SYF-1-Series-Installation-and-Contour-Dimensions-1-1280x604.webp 1280w, https:\/\/fmp-components.com\/wp-content\/uploads\/2024\/12\/Irrigation-Center-Drive-Gearbox-SYF-1-Series-Installation-and-Contour-Dimensions-1-980x463.webp 980w, https:\/\/fmp-components.com\/wp-content\/uploads\/2024\/12\/Irrigation-Center-Drive-Gearbox-SYF-1-Series-Installation-and-Contour-Dimensions-1-480x227.webp 480w\" sizes=\"(min-width: 0px) and (max-width: 480px) 480px, (min-width: 481px) and (max-width: 980px) 980px, (min-width: 981px) and (max-width: 1280px) 1280px, (min-width: 1281px) 1639px, 100vw\" \/> <img loading=\"lazy\" decoding=\"async\" class=\"alignnone size-full wp-image-2313\" src=\"https:\/\/fmp-components.com\/wp-content\/uploads\/2024\/12\/Irrigation-Center-Drive-Gearbox-SYF-1-Series-Installation-and-Contour-Dimensions-2.webp\" alt=\"Kastelu-Keskik\u00e4ytt\u00f6inen-Vaihteisto-SYF-1-Sarja-Asennus-ja-Mitat\" width=\"1383\" height=\"565\" title=\"\" srcset=\"https:\/\/fmp-components.com\/wp-content\/uploads\/2024\/12\/Irrigation-Center-Drive-Gearbox-SYF-1-Series-Installation-and-Contour-Dimensions-2.webp 1383w, https:\/\/fmp-components.com\/wp-content\/uploads\/2024\/12\/Irrigation-Center-Drive-Gearbox-SYF-1-Series-Installation-and-Contour-Dimensions-2-1280x523.webp 1280w, https:\/\/fmp-components.com\/wp-content\/uploads\/2024\/12\/Irrigation-Center-Drive-Gearbox-SYF-1-Series-Installation-and-Contour-Dimensions-2-980x400.webp 980w, https:\/\/fmp-components.com\/wp-content\/uploads\/2024\/12\/Irrigation-Center-Drive-Gearbox-SYF-1-Series-Installation-and-Contour-Dimensions-2-480x196.webp 480w\" sizes=\"(min-width: 0px) and (max-width: 480px) 480px, (min-width: 481px) and (max-width: 980px) 980px, (min-width: 981px) and (max-width: 1280px) 1280px, (min-width: 1281px) 1383px, 100vw\" \/><\/p>\n<h2>Kastelukeskivetoisen vaihteiston SYF-1-sarjan edut<\/h2>\n<p>SYF-1-sarjan kasteluj\u00e4rjestelm\u00e4n keskivetoinen vaihteisto on suunniteltu erityisesti kasteluj\u00e4rjestelmien suorituskyky\u00e4, tehokkuutta ja kest\u00e4vyytt\u00e4 silm\u00e4ll\u00e4 pit\u00e4en. T\u00e4m\u00e4 vaihteistosarja on suunniteltu tarjoamaan sujuvaa ja luotettavaa voimansiirtoa, ja se on olennainen osa kasteluj\u00e4rjestelmien keskivarren py\u00f6ritt\u00e4misess\u00e4. Alla on lueteltu SYF-1-sarjan kasteluj\u00e4rjestelm\u00e4n keskivetoisen vaihteiston t\u00e4rkeimm\u00e4t edut:<\/p>\n<p><strong>Tehokas voimansiirto<\/strong><\/p>\n<p>SYF-1-sarjan vaihteistot on optimoitu tehokkaaseen voimansiirtoon, sill\u00e4 ne muuntavat energian traktorin voimanottoakselilta keskinivelrakenteeseen. Niiden tarkka suunnittelu minimoi energiah\u00e4vi\u00f6n voimansiirron aikana, mik\u00e4 parantaa j\u00e4rjestelm\u00e4n kokonaistehokkuutta. Yll\u00e4pit\u00e4m\u00e4ll\u00e4 tasaista py\u00f6rimisnopeutta ja yhdenmukaista tehontuottoa vaihteisto varmistaa tasaisen ja luotettavan veden jakautumisen pelloille ja optimoi kasteluprosesseja.<\/p>\n<p><strong>Kest\u00e4vyys ja kest\u00e4v\u00e4 rakenne<\/strong><\/p>\n<p>SYF-1-sarjan vaihteisto on valmistettu eritt\u00e4in lujista materiaaleista, kuten runsashiilisest\u00e4 ter\u00e4ksest\u00e4 ja vahvistetuista seoksista, ja se on suunniteltu kest\u00e4m\u00e4\u00e4n jatkuvan k\u00e4yt\u00f6n aiheuttamat suuret v\u00e4\u00e4nt\u00f6momentit. T\u00e4m\u00e4 kest\u00e4v\u00e4 rakenne tekee siit\u00e4 ihanteellisen haastaviin maatalousymp\u00e4rist\u00f6ihin, joissa kest\u00e4vyys on ensiarvoisen t\u00e4rke\u00e4\u00e4. Vaihteisto kest\u00e4\u00e4 korkeita kuormia, toistuvaa k\u00e4ytt\u00f6\u00e4 ja vaikeita s\u00e4\u00e4olosuhteita, mik\u00e4 tarjoaa pitk\u00e4ik\u00e4isen suorituskyvyn ja minimaalisen kulumisen.<\/p>\n<p><strong>V\u00e4h\u00e4inen huoltotarve ja kustannustehokas<\/strong><\/p>\n<p>SYF-1-sarjassa on suljettu ja huoltoyst\u00e4v\u00e4llinen rakenne, joka minimoi tihe\u00e4n huollon tarpeen. Sen tarkat hammaspy\u00f6r\u00e4t ja korkealaatuiset laakerit v\u00e4hent\u00e4v\u00e4t sis\u00e4ist\u00e4 kitkaa ja kulumista, mik\u00e4 pident\u00e4\u00e4 vaihdelaatikon k\u00e4ytt\u00f6ik\u00e4\u00e4. Rutiininomainen voitelu ja s\u00e4\u00e4nn\u00f6lliset tarkastukset riitt\u00e4v\u00e4t yleens\u00e4 optimaalisen suorituskyvyn yll\u00e4pit\u00e4miseen, mik\u00e4 alentaa kokonaisvaltaisia \u200b\u200byll\u00e4pitokustannuksia ja v\u00e4hent\u00e4\u00e4 j\u00e4rjestelm\u00e4n seisokkiaikoja, mik\u00e4 on ratkaisevan t\u00e4rke\u00e4\u00e4 kastelutoiminnan jatkuvuuden kannalta.<\/p>\n<p><strong>S\u00e4\u00e4nkest\u00e4v\u00e4 ja korroosionkest\u00e4v\u00e4 rakenne<\/strong><\/p>\n<p>SYF-1-sarjan vaihteisto on erityisesti suunniteltu toimimaan ankarissa ulko-olosuhteissa. Sen s\u00e4\u00e4nkest\u00e4v\u00e4 rakenne sis\u00e4lt\u00e4\u00e4 korroosionkest\u00e4vi\u00e4 pinnoitteita ja tiivistettyj\u00e4 komponentteja, jotka suojaavat sit\u00e4 kosteudelta, p\u00f6lylt\u00e4 ja muilta ymp\u00e4rist\u00f6tekij\u00f6ilt\u00e4. Altistettiinpa se sitten rankkasateelle, \u00e4\u00e4rimm\u00e4iselle kuumuudelle tai pakkasen olosuhteille, vaihteisto pysyy luotettavana ja tehokkaana varmistaen kasteluj\u00e4rjestelm\u00e4n keskeytym\u00e4tt\u00f6m\u00e4n toiminnan kaikkina vuodenaikoina.<\/p>\n<p><strong>Yhteensopivuus ja helppo asennus<\/strong><\/p>\n<p>SYF-1-sarjan vaihteisto on suunniteltu integroitavaksi saumattomasti erilaisiin kasteluj\u00e4rjestelmiin, ja se on yhteensopiva monenlaisten keskinivelkasteluj\u00e4rjestelmien kanssa. Vaihteisto soveltuu erilaisiin j\u00e4rjestelm\u00e4vaatimuksiin niin pienimuotoisissa toiminnoissa kuin suurissa kaupallisissa maatiloissakin. Sen yksinkertainen ja k\u00e4ytt\u00e4j\u00e4yst\u00e4v\u00e4llinen asennusprosessi minimoi seisokkiajat ja mahdollistaa vanhojen tai vaurioituneiden vaihteistojen nopean vaihtamisen ilman laajoja muutoksia.<\/p>\n<p>SYF-1-sarjan keskivetoinen kasteluvaihteisto tarjoaa merkitt\u00e4vi\u00e4 etuja tehokkuuden, kest\u00e4vyyden, v\u00e4h\u00e4isen huollontarpeen ja s\u00e4\u00e4nkest\u00e4vyyden suhteen. Kest\u00e4v\u00e4n rakenteensa ja luotettavan suorituskykyns\u00e4 ansiosta t\u00e4m\u00e4 vaihteisto sopii erinomaisesti tasaisen ja korkealaatuisen kastelun varmistamiseen maatalousalueilla. Sen helppo asennus ja yhteensopivuus erilaisten kasteluj\u00e4rjestelmien kanssa tekev\u00e4t siit\u00e4 kustannustehokkaan ja luotettavan ratkaisun maanviljelij\u00f6ille ja kasteluj\u00e4rjestelmien k\u00e4ytt\u00e4jille, varmistaen optimaalisen j\u00e4rjestelm\u00e4n suorituskyvyn ja paremman vedenhallintaa.<\/p>\n<table style=\"width: 104.007%; height: 166px;\" width=\"136\">\n<tbody>\n<tr>\n<td style=\"width: 49.2212%;\" width=\"72\"><img loading=\"lazy\" decoding=\"async\" class=\"alignnone size-full wp-image-2316\" src=\"https:\/\/fmp-components.com\/wp-content\/uploads\/2024\/12\/Irrigation-Center-Drive-Gearbox-SYF-1-Series-Applications-1-980x657-1.webp\" alt=\"Kastelu-Keskik\u00e4ytt\u00f6inen-Vaihteisto-SYF-1-Sarja-Sovellukset-\" width=\"980\" height=\"657\" title=\"\" srcset=\"https:\/\/fmp-components.com\/wp-content\/uploads\/2024\/12\/Irrigation-Center-Drive-Gearbox-SYF-1-Series-Applications-1-980x657-1.webp 980w, https:\/\/fmp-components.com\/wp-content\/uploads\/2024\/12\/Irrigation-Center-Drive-Gearbox-SYF-1-Series-Applications-1-980x657-1-480x322.webp 480w\" sizes=\"(min-width: 0px) and (max-width: 480px) 480px, (min-width: 481px) 980px, 100vw\" \/><\/td>\n<td style=\"width: 50.0519%;\" width=\"64\"><img loading=\"lazy\" decoding=\"async\" class=\"alignnone size-full wp-image-2315\" src=\"https:\/\/fmp-components.com\/wp-content\/uploads\/2024\/12\/Irrigation-Center-Drive-Gearbox-SYF-1-Series-Applications-2-980x657-1.webp\" alt=\"Kastelu-Keskik\u00e4ytt\u00f6inen-Vaihteisto-SYF-1-Sarja-Sovellukset-\" width=\"980\" height=\"657\" title=\"\" srcset=\"https:\/\/fmp-components.com\/wp-content\/uploads\/2024\/12\/Irrigation-Center-Drive-Gearbox-SYF-1-Series-Applications-2-980x657-1.webp 980w, https:\/\/fmp-components.com\/wp-content\/uploads\/2024\/12\/Irrigation-Center-Drive-Gearbox-SYF-1-Series-Applications-2-980x657-1-480x322.webp 480w\" sizes=\"(min-width: 0px) and (max-width: 480px) 480px, (min-width: 481px) 980px, 100vw\" \/><\/td>\n<\/tr>\n<\/tbody>\n<\/table>\n<h2>Kastelukeskivetoisen vaihteiston SYF-1-sarjan sovellukset<\/h2>\n<p>SYF-1-sarjan kasteluj\u00e4rjestelm\u00e4n keskivetoinen vaihteisto on suunniteltu k\u00e4ytett\u00e4v\u00e4ksi erilaisissa maatalous- ja kasteluj\u00e4rjestelmiss\u00e4, ja se tarjoaa luotettavan voimansiirron ja tehokkaan toiminnan. Sen kest\u00e4v\u00e4 rakenne, tehokas suunnittelu ja mukautuvuus tekev\u00e4t siit\u00e4 sopivan lukuisiin kastelualan sovelluksiin. Alla on lueteltu SYF-1-sarjan kasteluj\u00e4rjestelm\u00e4n vaihteiston t\u00e4rkeimm\u00e4t k\u00e4ytt\u00f6kohteet:<\/p>\n<p><strong>Center Pivot -kasteluj\u00e4rjestelm\u00e4t<\/strong><\/p>\n<p>SYF-1-sarjan vaihteiston ensisijainen k\u00e4ytt\u00f6kohde on keskinivelkasteluj\u00e4rjestelmiss\u00e4, joissa se py\u00f6ritt\u00e4\u00e4 nivelvartta. T\u00e4m\u00e4 vaihteisto muuntaa traktorin voimanottoakselin tehon kasteluj\u00e4rjestelm\u00e4n keskinivelen py\u00f6ritt\u00e4miseksi, mik\u00e4 mahdollistaa tasaisen veden jakautumisen laajoilla pelloilla. Sen suuri v\u00e4\u00e4nt\u00f6momenttikapasiteetti ja kest\u00e4vyys tekev\u00e4t siit\u00e4 ihanteellisen ratkaisun tehokkaan kastelun edellytt\u00e4m\u00e4n tasaisen py\u00f6rimisen yll\u00e4pit\u00e4miseen, vedenk\u00e4yt\u00f6n ja sadon kasvun optimointiin.<\/p>\n<p><strong>Lineaariset kasteluj\u00e4rjestelm\u00e4t<\/strong><\/p>\n<p>Keskinivelj\u00e4rjestelmien lis\u00e4ksi SYF-1-sarjan vaihteistoa voidaan k\u00e4ytt\u00e4\u00e4 my\u00f6s lineaarisissa kasteluj\u00e4rjestelmiss\u00e4. N\u00e4m\u00e4 j\u00e4rjestelm\u00e4t k\u00e4ytt\u00e4v\u00e4t liikkuvia putkistoja veden jakamiseen pelloille, ja SYF-1-sarjan vaihteistoa k\u00e4ytet\u00e4\u00e4n n\u00e4iden j\u00e4rjestelmien liikkeen ohjaamiseen varmistaen tasaisen peiton. Sen monipuolisuus ja energiatehokkuus tekev\u00e4t siit\u00e4 luotettavan valinnan j\u00e4rjestelmiin, jotka vaativat lineaarista liikett\u00e4, ja tarjoavat tehokkaan kastelun useille eri viljelykasveille.<\/p>\n<p><strong>Maatalouden kastelu- ja keinokasteluhankkeet<\/strong><\/p>\n<p>SYF-1-sarjan vaihteisto on kriittinen komponentti laaja-alaisissa maatalouden kasteluprojekteissa, erityisesti pelloilla, jotka vaativat luotettavaa ja tasaista kastelua. Varmistamalla keskinivel- ja lineaarikasteluj\u00e4rjestelmien sujuvan ja tehokkaan liikkeen vaihteisto auttaa yll\u00e4pit\u00e4m\u00e4\u00e4n maaper\u00e4n optimaalisia kosteustasoja, mik\u00e4 on v\u00e4ltt\u00e4m\u00e4t\u00f6nt\u00e4 satojen maksimoimiseksi. Kest\u00e4vyytens\u00e4 ansiosta se pystyy k\u00e4sittelem\u00e4\u00e4n suurten tilojen ja maataloustoimintojen jatkuvaa kysynt\u00e4\u00e4.<\/p>\n<p><strong>Kasvihuoneiden kasteluj\u00e4rjestelm\u00e4t<\/strong><\/p>\n<p>Kasvihuoneissa tarkka vedenjakelu on v\u00e4ltt\u00e4m\u00e4t\u00f6nt\u00e4 kasvien kasvulle. SYF-1-sarjan vaihteistoa k\u00e4ytet\u00e4\u00e4n kasvihuoneiden kasteluj\u00e4rjestelmiss\u00e4 kastelulinjojen liikkeen ohjaamiseen, mik\u00e4 varmistaa veden tasaisen jakautumisen kasveille. Sen s\u00e4\u00e4nkest\u00e4v\u00e4 rakenne ja v\u00e4h\u00e4iset huoltotarpeet tekev\u00e4t siit\u00e4 t\u00e4ydellisen valinnan kasvihuoneymp\u00e4rist\u00f6ihin, joissa tasainen kastelu on avain terveiden kasvien ja satojen yll\u00e4pit\u00e4miseen.<\/p>\n<p><strong>Puutarhanhoito ja maiseman kastelu<\/strong><\/p>\n<p>SYF-1-sarjan vaihteisto soveltuu my\u00f6s puutarha- ja maisemointikasteluj\u00e4rjestelmiin, joissa sen energiatehokas rakenne mahdollistaa sen k\u00e4yt\u00f6n pienemm\u00e4n mittakaavan sovelluksissa, kuten maisemoinnissa ja nurmikon hoidossa. Se k\u00e4ytt\u00e4\u00e4 kasteluj\u00e4rjestelmi\u00e4 golfkentill\u00e4, urheilukentill\u00e4, puistoissa ja muilla maisemoiduilla alueilla ja tarjoaa tasaisen vedenjakelun suurille nurmialueille. Sen kest\u00e4vyys ja s\u00e4\u00e4nkest\u00e4v\u00e4t ominaisuudet tekev\u00e4t siit\u00e4 ihanteellisen ulkok\u00e4ytt\u00f6\u00f6n, varmistaen tehokkaan ja luotettavan kastelun erilaisissa puutarha- ja maisemointiprojekteissa.<\/p>\n<p>SYF-1-sarjan keskivetoinen kasteluvaihteisto on laajalti k\u00e4yt\u00f6ss\u00e4 useissa maatalous- ja kasteluj\u00e4rjestelmiss\u00e4, kuten keskinivelj\u00e4rjestelmiss\u00e4, lineaarisissa kasteluj\u00e4rjestelmiss\u00e4 ja kasvihuoneiden kasteluun. Tehokas voimansiirto, v\u00e4h\u00e4inen huoltotarve ja kest\u00e4v\u00e4 rakenne tekev\u00e4t siit\u00e4 sopivan laaja-alaisiin kasteluprojekteihin sek\u00e4 erikoistuneempiin puutarha- ja maisemointisovelluksiin. K\u00e4ytettiinp\u00e4 sit\u00e4 sitten suurissa maatalousyrityksiss\u00e4 tai pienemmiss\u00e4 sovelluksissa, SYF-1-sarjan vaihdelaatikko varmistaa tasaisen ja luotettavan vedenjakelun, mik\u00e4 parantaa satoa, optimaalista vedenhallintaa ja tehokasta kasteluj\u00e4rjestelm\u00e4n suorituskyky\u00e4.<\/p>\n<table style=\"width: 104.338%; height: 79px;\" width=\"136\">\n<tbody>\n<tr>\n<td style=\"width: 50.1035%;\" width=\"72\"><img loading=\"lazy\" decoding=\"async\" class=\"alignnone size-full wp-image-2317\" src=\"https:\/\/fmp-components.com\/wp-content\/uploads\/2024\/12\/Irrigation-Center-Drive-Gearbox-SYF-1-Series-Advantages-2.webp\" alt=\"Kastelu-Keskik\u00e4ytt\u00f6inen-Vaihteisto-SYF-1-Sarja-Sovellukset-\" width=\"1024\" height=\"600\" title=\"\" srcset=\"https:\/\/fmp-components.com\/wp-content\/uploads\/2024\/12\/Irrigation-Center-Drive-Gearbox-SYF-1-Series-Advantages-2.webp 1024w, https:\/\/fmp-components.com\/wp-content\/uploads\/2024\/12\/Irrigation-Center-Drive-Gearbox-SYF-1-Series-Advantages-2-980x574.webp 980w, https:\/\/fmp-components.com\/wp-content\/uploads\/2024\/12\/Irrigation-Center-Drive-Gearbox-SYF-1-Series-Advantages-2-480x281.webp 480w\" sizes=\"(min-width: 0px) and (max-width: 480px) 480px, (min-width: 481px) and (max-width: 980px) 980px, (min-width: 981px) 1024px, 100vw\" \/><\/td>\n<td style=\"width: 49.1718%;\" width=\"64\"><img loading=\"lazy\" decoding=\"async\" class=\"alignnone size-full wp-image-2318\" src=\"https:\/\/fmp-components.com\/wp-content\/uploads\/2024\/12\/Irrigation-Center-Drive-Gearbox-SYF-1-Series-Advantages.webp\" alt=\"Kastelu-Keskik\u00e4ytt\u00f6inen-Vaihteisto-SYF-1-Sarja-Sovellukset-\" width=\"1024\" height=\"600\" title=\"\" srcset=\"https:\/\/fmp-components.com\/wp-content\/uploads\/2024\/12\/Irrigation-Center-Drive-Gearbox-SYF-1-Series-Advantages.webp 1024w, https:\/\/fmp-components.com\/wp-content\/uploads\/2024\/12\/Irrigation-Center-Drive-Gearbox-SYF-1-Series-Advantages-980x574.webp 980w, https:\/\/fmp-components.com\/wp-content\/uploads\/2024\/12\/Irrigation-Center-Drive-Gearbox-SYF-1-Series-Advantages-480x281.webp 480w\" sizes=\"(min-width: 0px) and (max-width: 480px) 480px, (min-width: 481px) and (max-width: 980px) 980px, (min-width: 981px) 1024px, 100vw\" \/><\/td>\n<\/tr>\n<\/tbody>\n<\/table>\n<h3>Tietoja FMP:st\u00e4<\/h3>\n<p>Italiassa p\u00e4\u00e4konttoriaan pit\u00e4v\u00e4 FMP on johtava valmistaja, joka tunnetaan asiantuntemuksestaan \u200b\u200btehokkaiden vaihteistojen suunnittelussa, kehitt\u00e4misess\u00e4 ja tuotannossa, keskittyen erityisesti maatalouskonesektoriin. Tarkkuuden, innovatiivisten ratkaisujen ja horjumattoman luotettavuuden ansiosta FMP:st\u00e4 on tullut luotettava kumppani sek\u00e4 maatalous- ett\u00e4 teollisuussektorin kehittyviin tarpeisiin. Monipuolinen tuotevalikoimamme sis\u00e4lt\u00e4\u00e4 ruohonleikkureiden, nivelakseleiden ja muiden t\u00e4rkeiden komponenttien erikoisvaihteistoja, jotka kaikki on huolellisesti suunniteltu tarjoamaan r\u00e4\u00e4t\u00e4l\u00f6ityj\u00e4 ratkaisuja laajaan k\u00e4ytt\u00f6tarkoitukseen.<\/p>\n<p>FMP:ll\u00e4 ymm\u00e4rr\u00e4mme, ett\u00e4 jokaisella asiakkaalla on ainutlaatuiset vaatimukset ja haasteet. Siksi olemme erikoistuneet r\u00e4\u00e4t\u00e4l\u00f6ityjen ratkaisujen tarjoamiseen, olipa kyse sitten yksitt\u00e4isist\u00e4 komponenteista tai t\u00e4ysin integroiduista j\u00e4rjestelmist\u00e4. Teemme tiivist\u00e4 yhteisty\u00f6t\u00e4 asiakkaidemme kanssa varmistaaksemme, ett\u00e4 jokainen ratkaisu on paitsi tehokas my\u00f6s tuloksellinen, optimoiden sek\u00e4 suorituskyvyn ett\u00e4 arvon. Sitoutumisemme tarjoamaan nopeita ja ammattimaisia \u200b\u200bvastauksia sek\u00e4 asiantuntevaa ohjausta varmistaa, ett\u00e4 jokaista tiedustelua k\u00e4sitell\u00e4\u00e4n \u00e4\u00e4rimm\u00e4isen huolellisesti ja tarkasti, mik\u00e4 johtaa parhaisiin mahdollisiin tuloksiin.<\/p>\n<p>Priorisoimme avointa ja jatkuvaa viestint\u00e4\u00e4 koko tuotekehitysprosessin ajan. Omistautunut tiimimme ty\u00f6skentelee suoraan asiakkaiden kanssa ymm\u00e4rt\u00e4\u00e4kseen t\u00e4ysin heid\u00e4n erityistarpeensa ja tarjoaa arvokkaita n\u00e4kemyksi\u00e4 ja suosituksia optimaalisten ratkaisujen varmistamiseksi. Olipa kyse innovatiivisten tuotteiden suunnittelusta tai jatkuvien tilausten t\u00e4ytt\u00e4misest\u00e4, FMP on sitoutunut toimittamaan korkealaatuisia ja tarkasti suunniteltuja ratkaisuja ajallaan, joka kerta. Tavoitteenamme on tarjota asiakkaille parasta mahdollista palvelua ja tuloksia, jotka ylitt\u00e4v\u00e4t odotukset jokaisessa projektissa.<\/p>\n<p>Laatu on FMP:n toiminnan kulmakivi. Noudatamme korkeimpia valmistusstandardeja ja toteutamme tiukkoja laadunvalvontatoimenpiteit\u00e4 varmistaaksemme, ett\u00e4 jokainen tuote ei ainoastaan \u200b\u200b\u200b\u200bt\u00e4ytt\u00e4\u00e4 alan standardeja, vaan my\u00f6s ylitt\u00e4\u00e4 ne. T\u00e4m\u00e4 horjumaton sitoutuminen laatuun yhdistettyn\u00e4 ydinarvoihimme, kuten rehellisyyteen, tiimity\u00f6h\u00f6n ja sinnikkyyteen, on mahdollistanut pitk\u00e4aikaisten ja luottamukseen perustuvien asiakassuhteiden rakentamisen l\u00e4hes 30 maassa maailmanlaajuisesti.<\/p>\n<p>FMP on aina avoin globaalien kumppanuuksien edist\u00e4miselle ja on edelleen sitoutunut tarjoamaan asiantuntevaa neuvontaa ja r\u00e4\u00e4t\u00e4l\u00f6ityj\u00e4 ratkaisuja, jotka vastaavat asiakkaidemme monimuotoisiin tarpeisiin. Emme tyydy pelk\u00e4st\u00e4\u00e4n tuotteiden toimittamiseen; pyrimme rakentamaan kest\u00e4vi\u00e4 suhteita, jotka edist\u00e4v\u00e4t jokaisen projektin onnistumista. Tarvitsetpa sitten innovatiivisia ratkaisuja uuteen aloitteeseen tai jatkuvaa tukea olemassa olevalle j\u00e4rjestelm\u00e4lle, FMP on t\u00e4\u00e4ll\u00e4 ratkaisemassa tekniset haasteesi ja varmistamassa jatkuvan menestyksesi.<\/p>\n<p><img loading=\"lazy\" decoding=\"async\" class=\"alignnone size-full wp-image-1861\" src=\"https:\/\/fmp-components.com\/wp-content\/uploads\/2024\/12\/Other-Agricultural-Gearboxes.webp\" sizes=\"(min-width: 0px) and (max-width: 480px) 480px, (min-width: 481px) and (max-width: 980px) 980px, (min-width: 981px) 1200px, 100vw\" srcset=\"https:\/\/fmp-components.com\/wp-content\/uploads\/2024\/12\/Other-Agricultural-Gearboxes.webp 1200w, https:\/\/fmp-components.com\/wp-content\/uploads\/2024\/12\/Other-Agricultural-Gearboxes-980x1143.webp 980w, https:\/\/fmp-components.com\/wp-content\/uploads\/2024\/12\/Other-Agricultural-Gearboxes-480x560.webp 480w\" alt=\"Altri-cambi-agricoli\" width=\"1200\" height=\"1400\" title=\"\"><\/p>\n<p>Tekij\u00e4: CX<\/p>","protected":false},"excerpt":{"rendered":"<p>SYF-1 Series\u00a0Irrigation Center-Drive Gearbox Model Numbers SYF-1-20=87rpm(20:1 ratio) SYF-1-30=58rpm(30:1 ratio) SYF-1-40=43rpm(40:1 ratio) SYF-1-50=35rpm(50:1 ratio) SYF-1-58=30rpm(58:1 ratio) SYF-1-60=29rpm(60:1 ratio) (When input speed is 1740 rpm) SYF-1 Series\u00a0Irrigation Center-Drive Gearbox Performance 1. Torque capacity: 4,500 lb. in (510 N.m). 2. Ratio: 20:1, 30:1, 40:1, 50:1, 58:1, 60:1 (others available). 3. Accepts NEMA 56-C face motors with 0.625\u201d [&hellip;]<\/p>","protected":false},"featured_media":2314,"comment_status":"open","ping_status":"closed","template":"","meta":{"_et_pb_use_builder":"","_et_pb_old_content":"","_et_gb_content_width":""},"product_brand":[],"product_cat":[57],"product_tag":[],"class_list":{"0":"post-2303","1":"product","2":"type-product","3":"status-publish","4":"has-post-thumbnail","6":"product_cat-irrigation-gearbox","8":"first","9":"instock","10":"shipping-taxable","11":"product-type-simple"},"_links":{"self":[{"href":"https:\/\/fmp-components.com\/fi\/wp-json\/wp\/v2\/product\/2303","targetHints":{"allow":["GET"]}}],"collection":[{"href":"https:\/\/fmp-components.com\/fi\/wp-json\/wp\/v2\/product"}],"about":[{"href":"https:\/\/fmp-components.com\/fi\/wp-json\/wp\/v2\/types\/product"}],"replies":[{"embeddable":true,"href":"https:\/\/fmp-components.com\/fi\/wp-json\/wp\/v2\/comments?post=2303"}],"wp:featuredmedia":[{"embeddable":true,"href":"https:\/\/fmp-components.com\/fi\/wp-json\/wp\/v2\/media\/2314"}],"wp:attachment":[{"href":"https:\/\/fmp-components.com\/fi\/wp-json\/wp\/v2\/media?parent=2303"}],"wp:term":[{"taxonomy":"product_brand","embeddable":true,"href":"https:\/\/fmp-components.com\/fi\/wp-json\/wp\/v2\/product_brand?post=2303"},{"taxonomy":"product_cat","embeddable":true,"href":"https:\/\/fmp-components.com\/fi\/wp-json\/wp\/v2\/product_cat?post=2303"},{"taxonomy":"product_tag","embeddable":true,"href":"https:\/\/fmp-components.com\/fi\/wp-json\/wp\/v2\/product_tag?post=2303"}],"curies":[{"name":"wp","href":"https:\/\/api.w.org\/{rel}","templated":true}]}}