{"id":2284,"date":"2024-12-31T06:33:04","date_gmt":"2024-12-31T06:33:04","guid":{"rendered":"https:\/\/fmp-components.com\/?page_id=8"},"modified":"2024-12-31T06:33:37","modified_gmt":"2024-12-31T06:33:37","slug":"rotary-cutter-gearboxes-replacement-of-omni-code-rc-130-gearbox","status":"publish","type":"product","link":"https:\/\/fmp-components.com\/fi\/product\/rotary-cutter-gearboxes-replacement-of-omni-code-rc-130-gearbox\/","title":{"rendered":"Py\u00f6riv\u00e4n leikkurin vaihteistot \u2013 Omni Code RC-130 -vaihteiston vaihto"},"content":{"rendered":"<p style=\"text-align: center;\"><span style=\"font-size: 18pt;\">Py\u00f6riv\u00e4n leikkurin vaihteistot \u2013 Omni Code RC-130 -vaihteiston vaihto<\/span><\/p>\n<p>Py\u00f6r\u00f6leikkurin vaihdelaatikko \u2013 Omni Code RC-130 -vaihteiston korvaaja on kest\u00e4v\u00e4 ja tehokas vaihdelaatikko, joka on erityisesti suunniteltu korvaamaan Omni Code RC-130 -vaihteisto py\u00f6r\u00f6leikkurij\u00e4rjestelmiss\u00e4. T\u00e4m\u00e4 raskaaseen maatalous-, teollisuus- ja maanhoitok\u00e4ytt\u00f6\u00f6n suunniteltu vaihdelaatikko tarjoaa erinomaisen voimansiirron, luotettavuuden ja kest\u00e4vyyden. Se varmistaa optimaalisen leikkuutehon vaativissa olosuhteissa, joten se sopii erinomaisesti niittoon, pensaiden raivaukseen ja kasvillisuuden hoitoon laaja-alaisissa toiminnoissa.<\/p>\n<p><img loading=\"lazy\" decoding=\"async\" class=\"alignnone size-full wp-image-2294\" src=\"https:\/\/fmp-components.com\/wp-content\/uploads\/2024\/12\/Rotary-Cutter-Gearboxes-Replacement-of-Omni-Code-RC-130-Gearbox.webp\" alt=\"Py\u00f6riv\u00e4n leikkurin vaihteistot - Omni-Code-RC-130-vaihteiston vaihto\" width=\"1392\" height=\"961\" title=\"\" srcset=\"https:\/\/fmp-components.com\/wp-content\/uploads\/2024\/12\/Rotary-Cutter-Gearboxes-Replacement-of-Omni-Code-RC-130-Gearbox.webp 1392w, https:\/\/fmp-components.com\/wp-content\/uploads\/2024\/12\/Rotary-Cutter-Gearboxes-Replacement-of-Omni-Code-RC-130-Gearbox-1280x884.webp 1280w, https:\/\/fmp-components.com\/wp-content\/uploads\/2024\/12\/Rotary-Cutter-Gearboxes-Replacement-of-Omni-Code-RC-130-Gearbox-980x677.webp 980w, https:\/\/fmp-components.com\/wp-content\/uploads\/2024\/12\/Rotary-Cutter-Gearboxes-Replacement-of-Omni-Code-RC-130-Gearbox-480x331.webp 480w\" sizes=\"(min-width: 0px) and (max-width: 480px) 480px, (min-width: 481px) and (max-width: 980px) 980px, (min-width: 981px) and (max-width: 1280px) 1280px, (min-width: 1281px) 1392px, 100vw\" \/><\/p>\n<h3>T\u00e4rkeimm\u00e4t ominaisuudet:<\/h3>\n<ol>\n<li>Suuri hevosvoimakapasiteetti<br \/>\nRC-130-vaihteisto on suunniteltu k\u00e4sittelem\u00e4\u00e4n jopa 130 hevosvoimaa, mik\u00e4 varmistaa, ett\u00e4 se pystyy vastaamaan suurten py\u00f6r\u00f6leikkureiden tehovaatimuksiin erilaisissa sovelluksissa. T\u00e4m\u00e4n kapasiteetin ansiosta vaihteisto pystyy tehokkaasti k\u00e4sittelem\u00e4\u00e4n tihe\u00e4\u00e4 kasvillisuutta, ep\u00e4tasaista maastoa ja haastavia leikkuuolosuhteita suorituskyky\u00e4 vaarantamatta.<\/li>\n<li>Kest\u00e4v\u00e4 ja lujatekoinen rakenne<br \/>\nRC-130-vaihteisto on valmistettu eritt\u00e4in lujista materiaaleista ja se on rakennettu kest\u00e4m\u00e4\u00e4n ankaria ymp\u00e4rist\u00f6olosuhteita ja pitk\u00e4aikaista k\u00e4ytt\u00f6\u00e4. Sen korroosionkest\u00e4v\u00e4 kotelo ja vahvistetut komponentit takaavat poikkeuksellisen kest\u00e4vyyden, mink\u00e4 ansiosta vaihteisto toimii tehokkaasti vaativissa maatalous- ja teollisuusymp\u00e4rist\u00f6iss\u00e4. T\u00e4m\u00e4 kest\u00e4v\u00e4 rakenne takaa minimaalisen huollontarpeen ja pitk\u00e4n k\u00e4ytt\u00f6i\u00e4n.<\/li>\n<li>Tehokas voimansiirto<br \/>\nVaihteistossa on edistynyt vaihteistoj\u00e4rjestelm\u00e4, joka siirt\u00e4\u00e4 tehokkaasti voiman traktorin voimanottoj\u00e4rjestelm\u00e4st\u00e4 py\u00f6r\u00f6leikkuuteriin. V\u00e4hent\u00e4m\u00e4ll\u00e4 traktorin kierroslukua ihanteelliselle leikkuunopeudelle ja lis\u00e4\u00e4m\u00e4ll\u00e4 v\u00e4\u00e4nt\u00f6momenttia RC-130-vaihteisto varmistaa terien tasaisen ja tasaisen py\u00f6rimisen, mik\u00e4 tuottaa optimaalisen leikkuutehon ja v\u00e4hent\u00e4\u00e4 samalla energiankulutusta ja k\u00e4ytt\u00f6kustannuksia.<\/li>\n<\/ol>\n<p>Py\u00f6r\u00f6leikkurin vaihdelaatikko \u2013 Omni Code RC-130 -vaihteiston korvaaja on tehokas, suorituskykyinen ja kest\u00e4v\u00e4 ratkaisu py\u00f6r\u00f6leikkurij\u00e4rjestelmiin. T\u00e4m\u00e4 vaihdelaatikko on suunniteltu tarjoamaan sujuva voimansiirto, poikkeuksellinen kest\u00e4vyys ja helppo asennus, ja se sopii t\u00e4ydellisesti raskaisiin sovelluksiin maataloudessa, maanraivauksessa, tienvarsien kunnossapidossa ja teollisuusymp\u00e4rist\u00f6iss\u00e4. V\u00e4h\u00e4isen huoltotarpeensa ja pitk\u00e4ik\u00e4isens\u00e4 suorituskykyns\u00e4 ansiosta RC-130-vaihteisto varmistaa optimaalisen leikkuutehokkuuden ja minimoi seisokkiajat, joten se on erinomainen valinta k\u00e4ytt\u00e4jille, jotka haluavat parantaa py\u00f6r\u00f6leikkurij\u00e4rjestelmi\u00e4\u00e4n.<\/p>\n<h2>RC130-py\u00f6r\u00f6leikkurin vaihdelaatikon tekniset tiedot<\/h2>\n<table style=\"width: 102.548%; height: 408px;\" border=\"1\" cellspacing=\"0\" cellpadding=\"0\">\n<tbody>\n<tr>\n<td>Malli:<\/td>\n<td>FMP-RC130 py\u00f6r\u00f6leikkurin vaihdelaatikko<\/td>\n<\/tr>\n<tr>\n<td>Teho:<\/td>\n<td>47\u2013104 hv<br \/>\n35\u201378 kW<\/td>\n<\/tr>\n<tr>\n<td>Sovellukset:<\/td>\n<td>Viimeistelyleikkurit<br \/>\nPy\u00f6riv\u00e4t leikkurit<br \/>\nPy\u00f6riv\u00e4t viiltimet<\/td>\n<\/tr>\n<tr>\n<td>V\u00e4\u00e4nt\u00f6momentti:<\/td>\n<td>7 117\u201319 950 paunaa tuumaa<br \/>\n(803\u20132 252 Nm)<\/td>\n<\/tr>\n<tr>\n<td>Suhteet:<\/td>\n<td>1.21:1, 1:1, 1:1.21, 1:1.46, 1:1.92<\/td>\n<\/tr>\n<tr>\n<td>Vaihteiston tyyppi:<\/td>\n<td>Viiste<\/td>\n<\/tr>\n<tr>\n<td>Tiivisteen tyyppi:<\/td>\n<td>Kolminkertainen jousikuormitettu huuli<\/td>\n<\/tr>\n<tr>\n<td>Laakerityyppi:<\/td>\n<td>Kartiorulla<\/td>\n<\/tr>\n<tr>\n<td>\u00d6ljykapasiteetti:<\/td>\n<td>60 unssia<br \/>\n(1,8 litraa)<\/td>\n<\/tr>\n<tr>\n<td>Paino:<\/td>\n<td>109 paunaa<br \/>\n(49,9 kg)<\/td>\n<\/tr>\n<\/tbody>\n<\/table>\n<p><img loading=\"lazy\" decoding=\"async\" class=\"alignnone size-full wp-image-2296\" src=\"https:\/\/fmp-components.com\/wp-content\/uploads\/2024\/12\/Rotary-Cutter-Gearboxes-1.webp\" alt=\"Py\u00f6riv\u00e4n leikkurin vaihteistot\" width=\"1278\" height=\"676\" title=\"\" srcset=\"https:\/\/fmp-components.com\/wp-content\/uploads\/2024\/12\/Rotary-Cutter-Gearboxes-1.webp 1278w, https:\/\/fmp-components.com\/wp-content\/uploads\/2024\/12\/Rotary-Cutter-Gearboxes-1-980x518.webp 980w, https:\/\/fmp-components.com\/wp-content\/uploads\/2024\/12\/Rotary-Cutter-Gearboxes-1-480x254.webp 480w\" sizes=\"(min-width: 0px) and (max-width: 480px) 480px, (min-width: 481px) and (max-width: 980px) 980px, (min-width: 981px) 1278px, 100vw\" \/><\/p>\n<h2>Py\u00f6riv\u00e4n leikkurin vaihdelaatikon kiinnitt\u00e4minen py\u00f6r\u00f6leikkuriin<\/h2>\n<p>Py\u00f6riv\u00e4n leikkurin vaihdelaatikon kiinnitt\u00e4minen py\u00f6r\u00f6leikkuriin on yksinkertainen prosessi, mutta se vaatii asianmukaista huolellisuutta ja yksityiskohtien huomioimista turvallisen, tehokkaan ja luotettavan toiminnan varmistamiseksi. Seuraavassa on vaiheet py\u00f6r\u00f6leikkurin vaihdelaatikon kiinnitt\u00e4miseksi py\u00f6r\u00f6leikkuriin:<\/p>\n<p><strong>Valmistele tarvittavat ty\u00f6kalut ja laitteet<\/strong><\/p>\n<p>Ennen asennuksen aloittamista ker\u00e4\u00e4 kaikki tarvittavat ty\u00f6kalut, mukaan lukien jakoavaimet, pultit, suojak\u00e4sineet ja kaikki vaihteistomallisi vaatimat ty\u00f6kalut. Varmista, ett\u00e4 traktori on pys\u00e4k\u00f6ity turvallisesti tasaiselle alustalle ja ett\u00e4 voimanottoakseli on irrotettu vahingossa tapahtuvan kytkeytymisen est\u00e4miseksi. On my\u00f6s t\u00e4rke\u00e4\u00e4 tarkistaa vaihteiston, voimanottoakselin ja leikkuuj\u00e4rjestelm\u00e4n kunto varmistaaksesi, ett\u00e4 ne ovat puhtaat ja vahingoittumattomat.<\/p>\n<p><strong>Kohdista vaihdelaatikko leikkuulaitteeseen<\/strong><\/p>\n<p>Aseta py\u00f6r\u00f6leikkurin vaihdelaatikko l\u00e4helle leikkuulaitetta ja varmista, ett\u00e4 tuloakseli (voimanottoakseliin kytkett\u00e4v\u00e4 akseli) on linjassa leikkuulaitteen vastaavan liit\u00e4nt\u00e4pisteen kanssa. Nosta tai aseta vaihdelaatikko varovasti paikalleen varmistaen, ett\u00e4 vaihdelaatikon kiinnitysrei\u00e4t ovat linjassa leikkuulaitteen kiinnityspisteiden kanssa. T\u00e4m\u00e4 vaihe vaatii huolellista kohdistusta, jotta vaihdelaatikko tai leikkuulaite eiv\u00e4t vaurioidu asennuksen aikana.<\/p>\n<p><strong>Kiinnit\u00e4 vaihdelaatikko leikkuulaitteeseen<\/strong><\/p>\n<p>Kun vaihteisto on kohdistettu oikein leikkuulaitteeseen, kiinnit\u00e4 se leikkuulaitteeseen mukana toimitetuilla pulteilla ja kiinnitystarvikkeilla. Kirist\u00e4 pultit tasaisesti sopivilla ty\u00f6kaluilla varmistaaksesi tukevan ja vakaan liitoksen. Noudata valmistajan antamia erityisi\u00e4 v\u00e4\u00e4nt\u00f6momenttivaatimuksia v\u00e4ltt\u00e4\u00e4ksesi ylikiristyksen, joka voi vahingoittaa vaihteistoa tai kiinnityspisteit\u00e4. Tarkista, ett\u00e4 kaikki pultit on kiristetty kunnolla ennen kuin siirryt seuraavaan vaiheeseen.<\/p>\n<p><strong>Kytke nivelakseli vaihteistoon<\/strong><\/p>\n<p>Kytke seuraavaksi voimanottoakseli vaihteiston tuloakseliin. Voimanottoakselin tulee olla oikein linjassa vaihteiston voimanottoakselin tuloakselin kanssa. Varmista, ett\u00e4 akseli on kokonaan ty\u00f6nnetty paikalleen ja lukittu paikalleen valmistajan ohjeiden mukaisesti. Voimanottoakselin tyypist\u00e4 riippuen saatat tarvita murtotappia tai lukitusmekanismia sen kiinnitt\u00e4miseen. Varmista, ett\u00e4 voimanottoakseli on asennettu oikein eik\u00e4 siin\u00e4 ole rakoja tai l\u00f6ysi\u00e4 liitoksia, jotta v\u00e4ltyt\u00e4\u00e4n tehoh\u00e4vi\u00f6ilt\u00e4 tai turvallisuusriskeilt\u00e4.<\/p>\n<p><strong>Tarkista kohdistus ja testaa j\u00e4rjestelm\u00e4<\/strong><\/p>\n<p>Kun olet kiinnitt\u00e4nyt vaihteiston ja nivelakselin, tarkista linjaus viel\u00e4 kerran varmistaaksesi, ettei linjauksessa ole virheit\u00e4 tai ett\u00e4 ne eiv\u00e4t juutu toisiinsa. Varmista, ett\u00e4 vaihteisto py\u00f6rii vapaasti ja tasaisesti. Ennen t\u00e4yden k\u00e4yt\u00f6n aloittamista on t\u00e4rke\u00e4\u00e4 testata j\u00e4rjestelm\u00e4 traktorin alhaisilla kierroksilla varmistaaksesi, ett\u00e4 se toimii oikein. Kuuntele ep\u00e4tavallisia \u00e4\u00e4ni\u00e4 tai t\u00e4rin\u00e4\u00e4, jotka saattavat viitata asennusongelmaan. Jos kaikki toimii sujuvasti, vaihteisto on nyt kiinnitetty oikein ja voit aloittaa py\u00f6r\u00f6leikkurin k\u00e4yt\u00f6n.<\/p>\n<p>Py\u00f6r\u00f6leikkurin vaihdelaatikon kiinnitt\u00e4minen py\u00f6r\u00f6leikkuriin vaatii huolellista valmistelua, linjausta ja komponenttien kiinnitt\u00e4mist\u00e4 sujuvan ja turvallisen toiminnan varmistamiseksi. Noudattamalla n\u00e4it\u00e4 ohjeita ja varmistamalla voimanottoakselin, vaihdelaatikon ja leikkuulaitteen asianmukaisen asennuksen k\u00e4ytt\u00e4j\u00e4t voivat odottaa py\u00f6r\u00f6leikkurij\u00e4rjestelm\u00e4lt\u00e4\u00e4n luotettavaa suorituskyky\u00e4 ja pitk\u00e4ik\u00e4isyytt\u00e4.<\/p>\n<p><img loading=\"lazy\" decoding=\"async\" class=\"alignnone size-full wp-image-2291\" src=\"https:\/\/fmp-components.com\/wp-content\/uploads\/2024\/12\/Installation-of-Rotary-Cutter-Gearbox-for-Rotary-Cutter1.webp\" alt=\"Py\u00f6riv\u00e4n leikkurin vaihdelaatikon asennus\" width=\"2064\" height=\"1112\" title=\"\" srcset=\"https:\/\/fmp-components.com\/wp-content\/uploads\/2024\/12\/Installation-of-Rotary-Cutter-Gearbox-for-Rotary-Cutter1.webp 2064w, https:\/\/fmp-components.com\/wp-content\/uploads\/2024\/12\/Installation-of-Rotary-Cutter-Gearbox-for-Rotary-Cutter1-1280x690.webp 1280w, https:\/\/fmp-components.com\/wp-content\/uploads\/2024\/12\/Installation-of-Rotary-Cutter-Gearbox-for-Rotary-Cutter1-980x528.webp 980w, https:\/\/fmp-components.com\/wp-content\/uploads\/2024\/12\/Installation-of-Rotary-Cutter-Gearbox-for-Rotary-Cutter1-480x259.webp 480w\" sizes=\"(min-width: 0px) and (max-width: 480px) 480px, (min-width: 481px) and (max-width: 980px) 980px, (min-width: 981px) and (max-width: 1280px) 1280px, (min-width: 1281px) 2064px, 100vw\" \/><\/p>\n<h2>Maatalouden nivelakselit py\u00f6r\u00f6leikkureiden vaihteistoihin<\/h2>\n<p>Maatalouden nivelakselit ovat kriittisi\u00e4 komponentteja, jotka yhdist\u00e4v\u00e4t traktorin voimanottoj\u00e4rjestelm\u00e4n (PTO) py\u00f6r\u00f6leikkureiden vaihteistoon ja siirt\u00e4v\u00e4t mekaanista voimaa traktorista leikkuuterille. N\u00e4m\u00e4 akselit on suunniteltu siirt\u00e4m\u00e4\u00e4n tehoa tehokkaasti py\u00f6r\u00f6leikkureille, mik\u00e4 varmistaa optimaalisen leikkuutehon maataloussovelluksissa, kuten niitossa, pensaiden raivauksessa ja maanhoidossa. Py\u00f6r\u00f6leikkureiden vaihteistojen nivelakselit on suunniteltu kest\u00e4m\u00e4\u00e4n raskaan maatalouden ja teollisuuden suuria v\u00e4\u00e4nt\u00f6momenttivaatimuksia.<\/p>\n<p><strong>Tehokas voimansiirto<\/strong><\/p>\n<p>Py\u00f6r\u00f6leikkureiden vaihteistojen nivelakselit on suunniteltu siirt\u00e4m\u00e4\u00e4n tehokkaasti voimaa traktorin voimanottoj\u00e4rjestelm\u00e4st\u00e4 py\u00f6r\u00f6leikkurin vaihteistoon, joka puolestaan \u200b\u200bk\u00e4ytt\u00e4\u00e4 leikkuuteri\u00e4. Akseli varmistaa tasaisen ja luotettavan voimansiirron vaaditulla kierrosluvulla, mink\u00e4 ansiosta py\u00f6r\u00f6leikkuri pystyy k\u00e4sittelem\u00e4\u00e4n tihe\u00e4\u00e4 kasvillisuutta, ep\u00e4tasaista maastoa ja laajamittaisia \u200b\u200btoimintoja. Nivelakselin rakenne minimoi energiah\u00e4vi\u00f6t voimansiirron aikana, mik\u00e4 tekee j\u00e4rjestelm\u00e4st\u00e4 tehokkaamman ja v\u00e4hent\u00e4\u00e4 polttoaineenkulutusta.<\/p>\n<p><strong>Raskas rakenne<\/strong><\/p>\n<p>Py\u00f6rileikkureiden vaihteistojen nivelakselit on valmistettu kest\u00e4vist\u00e4 materiaaleista kest\u00e4m\u00e4\u00e4n suuren v\u00e4\u00e4nt\u00f6momentin aiheuttamia rasituksia. Ne on tyypillisesti valmistettu eritt\u00e4in lujasta ter\u00e4ksest\u00e4 ja niiss\u00e4 on kest\u00e4v\u00e4t nivelet, jotka varmistavat joustavuuden ja tasaisen toiminnan my\u00f6s \u00e4\u00e4rimm\u00e4isiss\u00e4 kuormituksissa. T\u00e4m\u00e4 vankka rakenne mahdollistaa nivelakseleiden luotettavan toiminnan haastavissa maatalousymp\u00e4rist\u00f6iss\u00e4, kuten tihe\u00e4n pensaikon tai ep\u00e4tasaisen maaston leikkaamisessa.<\/p>\n<p><strong>Turvaominaisuudet<\/strong><\/p>\n<p>Nivelakseleissa on t\u00e4rkeit\u00e4 turvaominaisuuksia onnettomuuksien est\u00e4miseksi k\u00e4yt\u00f6n aikana. Murtotapit, kytkinmekanismit ja suojakilvet on yleens\u00e4 integroitu rakenteeseen. Murtotappi auttaa suojaamaan nivelakselia ja vaihteistoa ylikuormitukselta rikkoutumalla, jos j\u00e4rjestelm\u00e4 kohtaa liiallista vastusta. Suojakilpi peitt\u00e4\u00e4 py\u00f6riv\u00e4n akselin est\u00e4en vahingossa tapahtuvan kosketuksen k\u00e4ytt\u00e4jien tai l\u00e4hell\u00e4 olevien laitteiden kanssa ja edist\u00e4\u00e4 turvallisuutta pellolla.<\/p>\n<p><strong>Mukautettava pituus ja istuvuus<\/strong><\/p>\n<p>Maatalouden nivelakseleita py\u00f6r\u00f6leikkureiden vaihteistoihin on saatavana eri pituisina ja kokoonpanoina, jotka sopivat eri traktorimalleihin ja leikkuuj\u00e4rjestelmiin. Vaaditusta ulottuvuudesta ja traktorin ominaisuuksista riippuen nivelakseleita voidaan r\u00e4\u00e4t\u00e4l\u00f6id\u00e4 t\u00e4ydellisen istuvuuden varmistamiseksi. Tarvitsetpa sitten yksi- tai moninopeuksisen akselin, nivelakselit voidaan r\u00e4\u00e4t\u00e4l\u00f6id\u00e4 py\u00f6r\u00f6leikkurisi erityistarpeisiin, mik\u00e4 varmistaa saumattoman voimansiirron ja tehokkaan toiminnan.<\/p>\n<p><strong>Helppo asentaa ja huoltaa<\/strong><\/p>\n<p>Nivelakselit on suunniteltu helppoon asennukseen ja irrottamiseen, mik\u00e4 mahdollistaa traktorin ja py\u00f6r\u00f6leikkurin vaihteiston nopean kytkemisen ja irrottamisen. Kardaaninivelen rakenne varmistaa joustavuuden ja mukautuu pieniin linjausvirheisiin nivelakselin ja vaihteiston tuloakselin v\u00e4lill\u00e4. Nivelakseleiden s\u00e4\u00e4nn\u00f6llinen huolto sis\u00e4lt\u00e4\u00e4 voitelun ja kulumisen tarkastuksen, kuten halkeamien tai kuluneiden nivelten tarkistamisen. Asianmukainen huolto pident\u00e4\u00e4 nivelakselin k\u00e4ytt\u00f6ik\u00e4\u00e4 ja varmistaa jatkuvan luotettavan toiminnan.<\/p>\n<p>Maatalouden nivelakselit py\u00f6r\u00f6leikkureiden vaihteistoissa ovat olennaisia \u200b\u200bkomponentteja voiman siirt\u00e4misess\u00e4 traktorin voimanottoj\u00e4rjestelm\u00e4st\u00e4 leikkuuteriin, mik\u00e4 varmistaa tehokkaan ja luotettavan leikkuutehon erilaisissa maataloussovelluksissa. Kest\u00e4v\u00e4n rakenteensa, turvaominaisuuksiensa ja mukautettavan istuvuutensa ansiosta nivelakselit on rakennettu kest\u00e4m\u00e4\u00e4n laajamittaisen maatalouden ja maank\u00e4yt\u00f6n vaatimukset. S\u00e4\u00e4nn\u00f6llinen huolto ja oikea asennus takaavat pitk\u00e4aikaisen suorituskyvyn, mik\u00e4 tekee nivelakseleista v\u00e4ltt\u00e4m\u00e4tt\u00f6m\u00e4n osan py\u00f6r\u00f6leikkurij\u00e4rjestelm\u00e4\u00e4.<\/p>\n<table style=\"width: 103.235%; height: 75px;\" width=\"136\">\n<tbody>\n<tr>\n<td style=\"width: 49.7908%;\" width=\"72\"><img loading=\"lazy\" decoding=\"async\" class=\"alignnone size-full wp-image-2292\" src=\"https:\/\/fmp-components.com\/wp-content\/uploads\/2024\/12\/Agricultural-PTO-Shafts-for-Rotary-Cutter-Gearboxes-91.webp\" alt=\"Maatalouden-voimanottoakselit-py\u00f6riv\u00e4lle-leikkureille-vaihteistoille\" width=\"964\" height=\"545\" title=\"\" srcset=\"https:\/\/fmp-components.com\/wp-content\/uploads\/2024\/12\/Agricultural-PTO-Shafts-for-Rotary-Cutter-Gearboxes-91.webp 964w, https:\/\/fmp-components.com\/wp-content\/uploads\/2024\/12\/Agricultural-PTO-Shafts-for-Rotary-Cutter-Gearboxes-91-480x271.webp 480w\" sizes=\"(min-width: 0px) and (max-width: 480px) 480px, (min-width: 481px) 964px, 100vw\" \/><\/td>\n<td style=\"width: 49.477%;\" width=\"64\"><img loading=\"lazy\" decoding=\"async\" class=\"alignnone size-full wp-image-2293\" src=\"https:\/\/fmp-components.com\/wp-content\/uploads\/2024\/12\/Agricultural-PTO-Shafts-for-Rotary-Cutter-Gearboxes-81.webp\" alt=\"Maatalouden-voimanottoakselit-py\u00f6riv\u00e4lle-leikkureille-vaihteistoille\" width=\"964\" height=\"545\" title=\"\" srcset=\"https:\/\/fmp-components.com\/wp-content\/uploads\/2024\/12\/Agricultural-PTO-Shafts-for-Rotary-Cutter-Gearboxes-81.webp 964w, https:\/\/fmp-components.com\/wp-content\/uploads\/2024\/12\/Agricultural-PTO-Shafts-for-Rotary-Cutter-Gearboxes-81-480x271.webp 480w\" sizes=\"(min-width: 0px) and (max-width: 480px) 480px, (min-width: 481px) 964px, 100vw\" \/><\/td>\n<\/tr>\n<\/tbody>\n<\/table>\n<h3>Tietoja FMP:st\u00e4<\/h3>\n<p>Italiassa p\u00e4\u00e4konttoriaan pit\u00e4v\u00e4 FMP on johtava valmistaja, joka tunnetaan asiantuntemuksestaan \u200b\u200btehokkaiden vaihteistojen suunnittelussa, kehitt\u00e4misess\u00e4 ja tuotannossa, keskittyen erityisesti maatalouskonesektoriin. Tarkkuuden, innovatiivisten ratkaisujen ja horjumattoman luotettavuuden ansiosta FMP:st\u00e4 on tullut luotettava kumppani sek\u00e4 maatalous- ett\u00e4 teollisuussektorin kehittyviin tarpeisiin. Monipuolinen tuotevalikoimamme sis\u00e4lt\u00e4\u00e4 ruohonleikkureiden, nivelakseleiden ja muiden t\u00e4rkeiden komponenttien erikoisvaihteistoja, jotka kaikki on huolellisesti suunniteltu tarjoamaan r\u00e4\u00e4t\u00e4l\u00f6ityj\u00e4 ratkaisuja laajaan k\u00e4ytt\u00f6tarkoitukseen.<\/p>\n<p>FMP:ll\u00e4 ymm\u00e4rr\u00e4mme, ett\u00e4 jokaisella asiakkaalla on ainutlaatuiset vaatimukset ja haasteet. Siksi olemme erikoistuneet r\u00e4\u00e4t\u00e4l\u00f6ityjen ratkaisujen tarjoamiseen, olipa kyse sitten yksitt\u00e4isist\u00e4 komponenteista tai t\u00e4ysin integroiduista j\u00e4rjestelmist\u00e4. Teemme tiivist\u00e4 yhteisty\u00f6t\u00e4 asiakkaidemme kanssa varmistaaksemme, ett\u00e4 jokainen ratkaisu on paitsi tehokas my\u00f6s tuloksellinen, optimoiden sek\u00e4 suorituskyvyn ett\u00e4 arvon. Sitoutumisemme tarjoamaan nopeita ja ammattimaisia \u200b\u200bvastauksia sek\u00e4 asiantuntevaa ohjausta varmistaa, ett\u00e4 jokaista tiedustelua k\u00e4sitell\u00e4\u00e4n \u00e4\u00e4rimm\u00e4isen huolellisesti ja tarkasti, mik\u00e4 johtaa parhaisiin mahdollisiin tuloksiin.<\/p>\n<p>Priorisoimme avointa ja jatkuvaa viestint\u00e4\u00e4 koko tuotekehitysprosessin ajan. Omistautunut tiimimme ty\u00f6skentelee suoraan asiakkaiden kanssa ymm\u00e4rt\u00e4\u00e4kseen t\u00e4ysin heid\u00e4n erityistarpeensa ja tarjoaa arvokkaita n\u00e4kemyksi\u00e4 ja suosituksia optimaalisten ratkaisujen varmistamiseksi. Olipa kyse innovatiivisten tuotteiden suunnittelusta tai jatkuvien tilausten t\u00e4ytt\u00e4misest\u00e4, FMP on sitoutunut toimittamaan korkealaatuisia ja tarkasti suunniteltuja ratkaisuja ajallaan, joka kerta. Tavoitteenamme on tarjota asiakkaille parasta mahdollista palvelua ja tuloksia, jotka ylitt\u00e4v\u00e4t odotukset jokaisessa projektissa.<\/p>\n<p>Laatu on FMP:n toiminnan kulmakivi. Noudatamme korkeimpia valmistusstandardeja ja toteutamme tiukkoja laadunvalvontatoimenpiteit\u00e4 varmistaaksemme, ett\u00e4 jokainen tuote ei ainoastaan \u200b\u200b\u200b\u200bt\u00e4ytt\u00e4\u00e4 alan standardeja, vaan my\u00f6s ylitt\u00e4\u00e4 ne. T\u00e4m\u00e4 horjumaton sitoutuminen laatuun yhdistettyn\u00e4 ydinarvoihimme, kuten rehellisyyteen, tiimity\u00f6h\u00f6n ja sinnikkyyteen, on mahdollistanut pitk\u00e4aikaisten ja luottamukseen perustuvien asiakassuhteiden rakentamisen l\u00e4hes 30 maassa maailmanlaajuisesti.<\/p>\n<p>FMP on aina avoin globaalien kumppanuuksien edist\u00e4miselle ja on edelleen sitoutunut tarjoamaan asiantuntevaa neuvontaa ja r\u00e4\u00e4t\u00e4l\u00f6ityj\u00e4 ratkaisuja, jotka vastaavat asiakkaidemme monimuotoisiin tarpeisiin. Emme tyydy pelk\u00e4st\u00e4\u00e4n tuotteiden toimittamiseen; pyrimme rakentamaan kest\u00e4vi\u00e4 suhteita, jotka edist\u00e4v\u00e4t jokaisen projektin onnistumista. Tarvitsetpa sitten innovatiivisia ratkaisuja uuteen aloitteeseen tai jatkuvaa tukea olemassa olevalle j\u00e4rjestelm\u00e4lle, FMP on t\u00e4\u00e4ll\u00e4 ratkaisemassa tekniset haasteesi ja varmistamassa jatkuvan menestyksesi.<\/p>\n<p><img loading=\"lazy\" decoding=\"async\" class=\"alignnone size-full wp-image-1861\" src=\"https:\/\/fmp-components.com\/wp-content\/uploads\/2024\/12\/Other-Agricultural-Gearboxes.webp\" sizes=\"(min-width: 0px) and (max-width: 480px) 480px, (min-width: 481px) and (max-width: 980px) 980px, (min-width: 981px) 1200px, 100vw\" srcset=\"https:\/\/fmp-components.com\/wp-content\/uploads\/2024\/12\/Other-Agricultural-Gearboxes.webp 1200w, https:\/\/fmp-components.com\/wp-content\/uploads\/2024\/12\/Other-Agricultural-Gearboxes-980x1143.webp 980w, https:\/\/fmp-components.com\/wp-content\/uploads\/2024\/12\/Other-Agricultural-Gearboxes-480x560.webp 480w\" alt=\"Altri-cambi-agricoli\" width=\"1200\" height=\"1400\" title=\"\"><\/p>\n<p>Tekij\u00e4: CX<\/p>","protected":false},"excerpt":{"rendered":"<p>Rotary Cutter Gearboxes \u2013 Replacement of Omni Code RC-130 Gearbox The Rotary Cutter Gearbox \u2013 Replacement of Omni Code RC-130 Gearbox is a robust, high-performance gearbox specifically engineered to replace the Omni Code RC-130 gearbox in rotary cutter systems. Designed for heavy-duty agricultural, industrial, and land management applications, this gearbox offers superior power transmission, reliability, [&hellip;]<\/p>","protected":false},"featured_media":2295,"comment_status":"open","ping_status":"closed","template":"","meta":{"_et_pb_use_builder":"","_et_pb_old_content":"","_et_gb_content_width":""},"product_brand":[],"product_cat":[56],"product_tag":[],"class_list":{"0":"post-2284","1":"product","2":"type-product","3":"status-publish","4":"has-post-thumbnail","6":"product_cat-rotary-cutter-gearbox","8":"first","9":"instock","10":"shipping-taxable","11":"product-type-simple"},"_links":{"self":[{"href":"https:\/\/fmp-components.com\/fi\/wp-json\/wp\/v2\/product\/2284","targetHints":{"allow":["GET"]}}],"collection":[{"href":"https:\/\/fmp-components.com\/fi\/wp-json\/wp\/v2\/product"}],"about":[{"href":"https:\/\/fmp-components.com\/fi\/wp-json\/wp\/v2\/types\/product"}],"replies":[{"embeddable":true,"href":"https:\/\/fmp-components.com\/fi\/wp-json\/wp\/v2\/comments?post=2284"}],"wp:featuredmedia":[{"embeddable":true,"href":"https:\/\/fmp-components.com\/fi\/wp-json\/wp\/v2\/media\/2295"}],"wp:attachment":[{"href":"https:\/\/fmp-components.com\/fi\/wp-json\/wp\/v2\/media?parent=2284"}],"wp:term":[{"taxonomy":"product_brand","embeddable":true,"href":"https:\/\/fmp-components.com\/fi\/wp-json\/wp\/v2\/product_brand?post=2284"},{"taxonomy":"product_cat","embeddable":true,"href":"https:\/\/fmp-components.com\/fi\/wp-json\/wp\/v2\/product_cat?post=2284"},{"taxonomy":"product_tag","embeddable":true,"href":"https:\/\/fmp-components.com\/fi\/wp-json\/wp\/v2\/product_tag?post=2284"}],"curies":[{"name":"wp","href":"https:\/\/api.w.org\/{rel}","templated":true}]}}