{"id":2259,"date":"2024-12-31T03:35:16","date_gmt":"2024-12-31T03:35:16","guid":{"rendered":"https:\/\/fmp-components.com\/?page_id=8"},"modified":"2024-12-31T03:59:55","modified_gmt":"2024-12-31T03:59:55","slug":"rotary-cutter-gearboxes-replacement-of-omni-code-rc-71-gearbox","status":"publish","type":"product","link":"https:\/\/fmp-components.com\/fi\/product\/rotary-cutter-gearboxes-replacement-of-omni-code-rc-71-gearbox\/","title":{"rendered":"Py\u00f6riv\u00e4n leikkurin vaihteistot \u2013 Omni Code RC-71 -vaihteiston vaihto"},"content":{"rendered":"<p style=\"text-align: center;\"><span style=\"font-size: 18pt;\">Py\u00f6riv\u00e4n leikkurin vaihteistot \u2013 Omni Code RC-71 -vaihteiston vaihto<\/span><\/p>\n<p>Py\u00f6r\u00f6leikkurin vaihdelaatikko \u2013 Omni Code RC-71 -vaihteiston korvaaja on suunniteltu tarjoamaan tehokas, kest\u00e4v\u00e4 ja kustannustehokas ratkaisu Omni Code RC-71 -vaihteiston korvaamiseen py\u00f6r\u00f6leikkurij\u00e4rjestelmiss\u00e4. T\u00e4m\u00e4 vaativiin maatalous- ja teollisuussovelluksiin suunniteltu vaihdelaatikko varmistaa luotettavan voimansiirron, sujuvan toiminnan ja pidemm\u00e4n k\u00e4ytt\u00f6i\u00e4n py\u00f6r\u00f6leikkureille, joita k\u00e4ytet\u00e4\u00e4n niitossa, maanraivauksessa ja kasvillisuuden hoidossa.<\/p>\n<h3>T\u00e4rkeimm\u00e4t ominaisuudet:<\/h3>\n<ol>\n<li>Suuri tehokapasiteetti<br \/>\nVaihdelaatikko on suunniteltu k\u00e4sittelem\u00e4\u00e4n jopa 70 hevosvoimaa, joten se sopii erinomaisesti raskaisiin teht\u00e4viin, kuten suurten peltojen raivaamiseen, tihe\u00e4n pensaikon leikkaamiseen ja tienvarsien kunnossapitoon. Sen kest\u00e4v\u00e4 rakenne varmistaa tasaisen suorituskyvyn my\u00f6s haastavissa olosuhteissa ja tarjoaa tarvittavan tehon py\u00f6r\u00f6leikkurin terien tehokkaaseen ja tulokselliseen k\u00e4ytt\u00f6\u00f6n.<\/li>\n<li>Kest\u00e4v\u00e4 rakenne pitk\u00e4aikaiseen k\u00e4ytt\u00f6\u00f6n<br \/>\nKorkealaatuisista materiaaleista valmistettu t\u00e4m\u00e4 vaihdelaatikko tarjoaa poikkeuksellisen kest\u00e4vyyden ja vastustuskyvyn kulumiselle, korroosiolle ja ymp\u00e4rist\u00f6vaurioille. Se on suunniteltu kest\u00e4m\u00e4\u00e4n jatkuvan k\u00e4yt\u00f6n ankarissa olosuhteissa, mik\u00e4 varmistaa pitk\u00e4ik\u00e4isen suorituskyvyn ja v\u00e4hent\u00e4\u00e4 huoltojen tai vaihtojen tarvetta.<\/li>\n<li>Tehokas voimansiirto<br \/>\nOptimaalista voimansiirtoa varten suunniteltu vaihteisto varmistaa, ett\u00e4 energia siirtyy tehokkaasti voimanottoakselilta leikkuuterille minimoimalla tehoh\u00e4vi\u00f6n. T\u00e4m\u00e4 tehokas voimansiirto v\u00e4hent\u00e4\u00e4 polttoaineenkulutusta ja k\u00e4ytt\u00f6kustannuksia, auttaen k\u00e4ytt\u00e4ji\u00e4 saavuttamaan maksimaalisen leikkuutehon ja minimoimaan energianhukkaa.<\/li>\n<li>Helppo asennus ja yhteensopivuus<br \/>\nPy\u00f6r\u00f6leikkurin vaihdelaatikko \u2013 Omni Code RC-71:n korvaava malli on suunniteltu suoraan korvaamaan vaihteiston, mik\u00e4 varmistaa saumattoman integroinnin olemassa oleviin py\u00f6r\u00f6leikkurij\u00e4rjestelmiin. Sen tarkka yhteensopivuus Omni Code RC-71 -vaihteiston kanssa mahdollistaa helpon asennuksen ja minimaaliset s\u00e4\u00e4t\u00f6tarpeet. T\u00e4m\u00e4 v\u00e4hent\u00e4\u00e4 seisokkiaikoja ja antaa k\u00e4ytt\u00e4jille mahdollisuuden saada laitteensa takaisin k\u00e4ytt\u00f6\u00f6n nopeasti ja tehokkaasti.<\/li>\n<li>V\u00e4h\u00e4inen huolto ja pitk\u00e4 k\u00e4ytt\u00f6ik\u00e4<br \/>\nVaihtovaihteisto on suunniteltu helppoa huoltoa varten, ja siin\u00e4 on ominaisuuksia, kuten voitelupisteet ja tiivistetyt laakerit, jotka auttavat minimoimaan kulumista. Kest\u00e4v\u00e4 rakenne ja korkealaatuiset tiivisteet suojaavat sis\u00e4isi\u00e4 komponentteja lialta, kosteudelta ja roskilta, mik\u00e4 v\u00e4hent\u00e4\u00e4 tihe\u00e4n huollon tarvetta. Asianmukaisella huollolla vaihdelaatikko tarjoaa luotettavaa suorituskyky\u00e4 vuosien ajan, mik\u00e4 tekee siit\u00e4 kustannustehokkaan ratkaisun py\u00f6r\u00f6leikkurij\u00e4rjestelmiin.<\/li>\n<\/ol>\n<p>Py\u00f6r\u00f6leikkurin vaihdelaatikko \u2013 Omni Code RC-71 -vaihteiston korvaaja on korkealaatuinen, luotettava ja tehokas vaihtoehto py\u00f6r\u00f6leikkureille. Kest\u00e4v\u00e4n rakenteensa, tehokkaan voimansiirron ja helpon asennuksen ansiosta se varmistaa luotettavan toiminnan monenlaisissa maatalous- ja teollisuussovelluksissa. K\u00e4ytettiinp\u00e4 sit\u00e4 sitten niittoon, maanraivaukseen tai kasvillisuuden hoitoon, t\u00e4m\u00e4 vaihdelaatikko tarjoaa tarvittavan suorituskyvyn raskaiden leikkuuteht\u00e4vien vaatimuksiin.<\/p>\n<h2>RC71-py\u00f6r\u00f6leikkurin vaihdelaatikon tekniset tiedot<\/h2>\n<p><img loading=\"lazy\" decoding=\"async\" class=\"alignnone size-full wp-image-2263\" src=\"https:\/\/fmp-components.com\/wp-content\/uploads\/2024\/12\/RC71-Rotary-Cutter-Gearbox-Specifications.webp\" alt=\"RC71-Py\u00f6r\u00f6leikkurin vaihdelaatikon tekniset tiedot\" width=\"1067\" height=\"758\" title=\"\" srcset=\"https:\/\/fmp-components.com\/wp-content\/uploads\/2024\/12\/RC71-Rotary-Cutter-Gearbox-Specifications.webp 1067w, https:\/\/fmp-components.com\/wp-content\/uploads\/2024\/12\/RC71-Rotary-Cutter-Gearbox-Specifications-980x696.webp 980w, https:\/\/fmp-components.com\/wp-content\/uploads\/2024\/12\/RC71-Rotary-Cutter-Gearbox-Specifications-480x341.webp 480w\" sizes=\"(min-width: 0px) and (max-width: 480px) 480px, (min-width: 481px) and (max-width: 980px) 980px, (min-width: 981px) 1067px, 100vw\" \/><\/p>\n<table style=\"width: 99.1037%; height: 225px;\" border=\"1\" cellspacing=\"0\" cellpadding=\"0\">\n<tbody>\n<tr>\n<td>Malli<\/td>\n<td>FMP-RC71 py\u00f6r\u00f6leikkurin vaihdelaatikko<\/td>\n<\/tr>\n<tr>\n<td>V\u00e4\u00e4nt\u00f6momentti<\/td>\n<td>4 083\u20139 683 paunaa tuumaa<br \/>\n(461\u20131 093 Nm)<\/td>\n<\/tr>\n<tr>\n<td>Suhteet<\/td>\n<td>1.21:1, 1:1, 1:1.21, 1:1.46, 1:1.93<\/td>\n<\/tr>\n<tr>\n<td>Vaihteiston tyyppi<\/td>\n<td>Viiste<\/td>\n<\/tr>\n<tr>\n<td>Tiivisteen tyyppi<\/td>\n<td>Kolminkertainen jousikuormitettu huuli<\/td>\n<\/tr>\n<tr>\n<td>Laakerityyppi<\/td>\n<td>Kartiorulla<\/td>\n<\/tr>\n<tr>\n<td>\u00d6ljykapasiteetti<\/td>\n<td>35 unssia<br \/>\n(1,04 litraa)<\/td>\n<\/tr>\n<tr>\n<td>Paino<\/td>\n<td>83 paunaa<br \/>\n(37,7 kg)<\/td>\n<\/tr>\n<\/tbody>\n<\/table>\n<h2>Kuinka vaihtaa py\u00f6r\u00f6leikkurin vaihdelaatikko py\u00f6r\u00f6leikkuriin?<\/h2>\n<p>Korvaamalla <strong>py\u00f6r\u00f6leikkurin vaihdelaatikko<\/strong> on yksinkertainen prosessi, mutta se vaatii huolellista huomiota yksityiskohtiin ja turvallisuusmenetelmiin sen varmistamiseksi, ett\u00e4 uusi vaihdelaatikko asennetaan oikein ja kone toimii oikein. Alla on vaiheittainen opas py\u00f6r\u00f6leikkurin vaihdelaatikon vaihtamiseen.<\/p>\n<h3>Tarvittavat ty\u00f6kalut ja laitteet:<\/h3>\n<ul>\n<li>Jakoavainsarja tai hylsysarja<\/li>\n<li>Ruuvimeisselit (tasap\u00e4inen ja Phillips)<\/li>\n<li>Nostolaitteet (esim. nostin tai tunkki) raskaille vaihteistoille<\/li>\n<li>Suojak\u00e4sineet ja suojalasit<\/li>\n<li>Py\u00f6riv\u00e4n leikkurin vaihdelaatikon vaihto<\/li>\n<li>Voiteluaine (tarvittaessa)<\/li>\n<\/ul>\n<h3>Vaihe 1: Valmistelu ja turvallisuus ensin<\/h3>\n<ul>\n<li>Pys\u00e4k\u00f6i traktori turvallisesti: Varmista, ett\u00e4 traktori on sammutettu ja avaimet on poistettu vahingossa tapahtuvan k\u00e4ynnistymisen est\u00e4miseksi. Aseta traktori tasaiselle alustalle ja varmista, ett\u00e4 se on vakaa.<\/li>\n<li>K\u00e4yt\u00e4 suojavarusteita: K\u00e4yt\u00e4 suojak\u00e4sineit\u00e4 ja suojalaseja suojautuaksesi mahdollisilta ter\u00e4vilt\u00e4 osilta tai roskilta.<\/li>\n<li>Irrota voimanottoakseli: Ennen vaihteiston vaihtoa irrota voimanottoakseli vanhasta vaihdelaatikosta. T\u00e4m\u00e4 voidaan tehd\u00e4 l\u00f6ys\u00e4\u00e4m\u00e4ll\u00e4 voimanottoakselin vaihdelaatikkoon kiinnitt\u00e4vi\u00e4 kiinnikkeit\u00e4. Muista tukea akselia, jotta se ei putoa tai aiheuta vammoja.<\/li>\n<\/ul>\n<h3>Vaihe 2: Irrota vanha vaihdelaatikko<\/h3>\n<ul>\n<li>Nosta py\u00f6r\u00f6leikkuria: K\u00e4yt\u00e4 tarvittaessa nostolaitetta, tunkkia tai muuta nostolaitetta nostaaksesi py\u00f6r\u00f6leikkuria hieman irti maasta. T\u00e4m\u00e4 parantaa p\u00e4\u00e4sy\u00e4 vaihteistoon ja v\u00e4hent\u00e4\u00e4 rasitusta irrotuksen aikana.<\/li>\n<li>L\u00f6ys\u00e4\u00e4 ja irrota kiinnityspultit: Paikanna pultit tai kiinnikkeet, jotka kiinnitt\u00e4v\u00e4t vaihdelaatikon py\u00f6r\u00f6leikkurin runkoon. L\u00f6ys\u00e4\u00e4 ja irrota kiinnityspultit jakoavaimella tai hylsysarjalla. Pid\u00e4 n\u00e4m\u00e4 pultit kirjaa yl\u00f6s, sill\u00e4 tarvitset niit\u00e4 uudessa vaihdelaatikossa.<\/li>\n<li>Irrota vetoakseli tai sis\u00e4\u00e4ntuloakseli: Jos py\u00f6r\u00f6leikkurin vaihdelaatikossa on vetoakseli tai sis\u00e4\u00e4ntuloakseli, joka on kytketty teriin tai leikkuumekanismiin, irrota kaikki sit\u00e4 paikallaan pit\u00e4v\u00e4t pultit tai kiinnikkeet. Liu'uta akseli varovasti ulos vaihdelaatikosta, jos sellainen on.<\/li>\n<li>Irrota vaihdelaatikko: Kun kaikki pultit ja kiinnikkeet on irrotettu, nosta vanha vaihdelaatikko varovasti pois koneesta. Saatat tarvita apua t\u00e4ss\u00e4, jos vaihdelaatikko on painava.<\/li>\n<\/ul>\n<h3>Vaihe 3: Asenna uusi vaihdelaatikko<\/h3>\n<ul>\n<li>Aseta uusi vaihdelaatikko paikoilleen: Kohdista uusi vaihdelaatikko py\u00f6r\u00f6leikkurin rungon kiinnitysreikiin. Aseta vaihdelaatikko varovasti paikalleen. Varmista, ett\u00e4 tuloakseli tai vetoakseli on oikein linjassa leikkuumekanismin tai voimanulosoton liit\u00e4nt\u00e4pisteen kanssa.<\/li>\n<li>Vaihteiston kiinnitt\u00e4minen: Aseta ja kirist\u00e4 pultit tai kiinnikkeet, jotka pit\u00e4v\u00e4t vaihdelaatikkoa runkoon kiinni. Varmista, ett\u00e4 vaihdelaatikko on tukevasti kiinnitetty eik\u00e4 se liiku painettaessa.<\/li>\n<li>Kytke nivelakseli takaisin: Kiinnit\u00e4 nivelakseli uuteen vaihteistoon. Kohdista nivelakseli ja vaihteiston tuloakseli ja kiinnit\u00e4 ne tarvittavilla kiinnikkeill\u00e4. Kirist\u00e4 kaikki liit\u00e4nn\u00e4t valmistajan ohjeiden mukaisesti est\u00e4\u00e4ksesi luistamisen k\u00e4yt\u00f6n aikana.<\/li>\n<\/ul>\n<h3>Vaihe 4: Voitelu ja testaus<\/h3>\n<ul>\n<li>Voitele vaihteisto: Jos uusi vaihteisto vaatii voitelua, t\u00e4yt\u00e4 se valmistajan suosittelemalla \u00f6ljyll\u00e4 tai rasvalla. Tarkista \u00f6ljym\u00e4\u00e4r\u00e4t ja varmista, ett\u00e4 vaihteisto on asianmukaisesti voideltu ylikuumenemisen ja kulumisen v\u00e4ltt\u00e4miseksi k\u00e4yt\u00f6n aikana.<\/li>\n<li>Tarkista kohdistus: Ennen py\u00f6r\u00f6leikkurin kokoamista tarkista kahdesti, ett\u00e4 vaihteisto on oikein linjassa voimanottoakselin kanssa ja ett\u00e4 vaihteissa ei ole virheit\u00e4 tai jumiutumista.<\/li>\n<li>Py\u00f6r\u00f6leikkurin testaus: Kun vaihteisto on asennettu ja kiinnitetty, kytke voimanotto takaisin traktoriin ja k\u00e4yt\u00e4 py\u00f6r\u00f6leikkuria hetken aikaa alhaisella nopeudella varmistaaksesi, ett\u00e4 kaikki toimii oikein. Kuuntele ep\u00e4tavallisia \u00e4\u00e4ni\u00e4 tai t\u00e4rin\u00e4\u00e4, sill\u00e4 ne voivat viitata asennukseen liittyviin ongelmiin, kuten linjausvirheeseen.<\/li>\n<\/ul>\n<h3>Vaihe 5: Lopputarkastus<\/h3>\n<ul>\n<li>Vuotojen tarkastus: Ensimm\u00e4isen koeajon j\u00e4lkeen tarkista, onko uudessa vaihteistossa \u00f6ljyvuotoja. Jos vuotoja on, kirist\u00e4 tiivisteet tai pultit tarvittaessa.<\/li>\n<li>Varmista asianmukainen toiminta: Testaa py\u00f6r\u00f6leikkuria suuremmalla kuormituksella, kuten ruohonleikkuulla tai raivauksella, varmistaaksesi, ett\u00e4 vaihteisto toimii sujuvasti normaaleissa olosuhteissa.<\/li>\n<\/ul>\n<p>Py\u00f6r\u00f6leikkurin vaihdelaatikon vaihtaminen on suhteellisen yksinkertainen teht\u00e4v\u00e4, jos se tehd\u00e4\u00e4n huolellisesti ja j\u00e4rjestelm\u00e4llisesti. Uuden vaihdelaatikon oikea asennus varmistaa py\u00f6r\u00f6leikkurisi optimaalisen suorituskyvyn, pitk\u00e4ik\u00e4isyyden ja turvallisuuden. Noudattamalla yll\u00e4 kuvattuja ohjeita voit suorittaa vaihdon tehokkaasti ja varmistaa, ett\u00e4 uusi vaihdelaatikko toimii odotetulla tavalla, mik\u00e4 tarjoaa luotettavan voimansiirron ja tehokkaan leikkauksen koneillesi.<\/p>\n<p><img loading=\"lazy\" decoding=\"async\" class=\"alignnone wp-image-2264\" src=\"https:\/\/fmp-components.com\/wp-content\/uploads\/2024\/12\/Replacement-Gearbox-for-Rotary-Cutter1.webp\" alt=\"Vaihtovaihteisto py\u00f6r\u00f6leikkuriin\" width=\"956\" height=\"573\" title=\"\"><\/p>\n<h2>Py\u00f6rivien leikkureiden vaihteistojen nivelakselit<\/h2>\n<p>Py\u00f6rileikkureiden vaihteistojen nivelakselit ovat olennaisia \u200b\u200bkomponentteja, jotka on suunniteltu siirt\u00e4m\u00e4\u00e4n mekaanista voimaa traktorin voimanottoj\u00e4rjestelm\u00e4st\u00e4 py\u00f6r\u00f6leikkureiden vaihteistoon, mik\u00e4 mahdollistaa leikkuuterien tehokkaan toiminnan. N\u00e4m\u00e4 akselit on rakennettu kest\u00e4viksi, tehokkaiksi ja helposti py\u00f6r\u00f6leikkureihin integroitaviksi, mik\u00e4 tekee niist\u00e4 ratkaisevan osan koko voimansiirtoj\u00e4rjestelm\u00e4\u00e4. Alla on lueteltu py\u00f6r\u00f6leikkureiden vaihteistojen nivelakseleiden t\u00e4rkeimm\u00e4t ominaisuudet ja edut.<\/p>\n<p><strong>Kest\u00e4v\u00e4 ja tukeva rakenne<\/strong><\/p>\n<p>Py\u00f6rileikkureiden vaihteistojen nivelakselit on valmistettu eritt\u00e4in lujasta ter\u00e4ksest\u00e4, ja ne on suunniteltu kest\u00e4m\u00e4\u00e4n maatalous- ja teollisuusymp\u00e4rist\u00f6jen vaativia olosuhteita. N\u00e4m\u00e4 akselit kest\u00e4v\u00e4t suuria v\u00e4\u00e4nt\u00f6momentteja, jatkuvaa k\u00e4ytt\u00f6\u00e4 ja altistumista ankarille s\u00e4\u00e4olosuhteille, kuten kosteudelle, lialle ja p\u00f6lylle. Niiden kest\u00e4v\u00e4 rakenne varmistaa luotettavan suorituskyvyn ajan mittaan, jopa ep\u00e4tasaisessa maastossa, joten ne sopivat ihanteellisesti maanraivaukseen, niittoon ja muihin raskaisiin leikkausteht\u00e4viin.<\/p>\n<p><strong>Tehokas voimansiirto<\/strong><\/p>\n<p>Voimanottoakselin ensisijainen teht\u00e4v\u00e4 on siirt\u00e4\u00e4 voimaa traktorin voimanottoj\u00e4rjestelm\u00e4st\u00e4 py\u00f6r\u00f6leikkurin vaihteistoon minimoimalla energiah\u00e4vi\u00f6. T\u00e4m\u00e4 tehokas voimansiirto optimoi py\u00f6r\u00f6leikkurin suorituskyvyn varmistaen, ett\u00e4 leikkuuter\u00e4t toimivat halutulla nopeudella ja teholla. V\u00e4hent\u00e4m\u00e4ll\u00e4 energianhukkaa voimanottoakseli auttaa parantamaan polttoainetehokkuutta ja alentamaan k\u00e4ytt\u00f6kustannuksia, mik\u00e4 tekee siit\u00e4 kustannustehokkaan ratkaisun maatalouden ja teollisuuden leikkaussovelluksiin.<\/p>\n<p><strong>Turvaominaisuudet<\/strong><\/p>\n<p>Turvallisuus on kriittinen n\u00e4k\u00f6kohta py\u00f6r\u00f6leikkureiden vaihteistojen nivelakseleiden suunnittelussa. N\u00e4m\u00e4 akselit on varustettu suojakuvuilla ja -suojilla, jotka est\u00e4v\u00e4t vahingossa tapahtuvan kosketuksen py\u00f6riviin osiin. Lis\u00e4ksi nivelakselit on usein suunniteltu minimoimaan t\u00e4rin\u00e4, mik\u00e4 varmistaa tasaisemman toiminnan ja v\u00e4hent\u00e4\u00e4 vaihteiston ja muiden komponenttien vaurioitumisriski\u00e4. N\u00e4m\u00e4 turvaominaisuudet edist\u00e4v\u00e4t turvallisempaa ty\u00f6ymp\u00e4rist\u00f6\u00e4, minimoivat k\u00e4ytt\u00e4j\u00e4n loukkaantumisriskin ja pident\u00e4v\u00e4t koneiden k\u00e4ytt\u00f6ik\u00e4\u00e4.<\/p>\n<p><strong>Yleinen yhteensopivuus ja helppo asennus<\/strong><\/p>\n<p>Py\u00f6r\u00f6leikkureiden vaihteistojen nivelakselit on suunniteltu yleisesti yhteensopiviksi laajan valikoiman py\u00f6r\u00f6leikkureiden ja traktoreiden kanssa. T\u00e4m\u00e4 monipuolisuus mahdollistaa niiden k\u00e4yt\u00f6n erilaisissa maatalous-, maisemointi- ja teollisuussovelluksissa ilman monimutkaisia \u200b\u200bmuutoksia. Nivelakselit on helppo asentaa, ja ne vaativat yleens\u00e4 vain muutaman pultin tai kiinnittimen kiinnitt\u00e4m\u00e4\u00e4n vaihteistoon ja traktorin voimanottoj\u00e4rjestelm\u00e4\u00e4n. T\u00e4m\u00e4 helppo asennus v\u00e4hent\u00e4\u00e4 seisokkiaikoja, jolloin k\u00e4ytt\u00e4j\u00e4t voivat saada laitteensa nopeasti takaisin k\u00e4ytt\u00f6\u00f6n.<\/p>\n<p><strong>V\u00e4h\u00e4inen huoltotarve ja pitk\u00e4ik\u00e4isyys<\/strong><\/p>\n<p>Py\u00f6r\u00f6leikkureiden vaihteistojen nivelakselit vaativat vain v\u00e4h\u00e4n huoltoa kest\u00e4v\u00e4n rakenteensa ja suunnittelunsa ansiosta. Useimmissa akseleissa on tiivistetyt laakerit ja voitelupisteet, jotka auttavat v\u00e4hent\u00e4m\u00e4\u00e4n kulumista ja varmistavat sujuvan toiminnan minimaalisella huollolla. S\u00e4\u00e4nn\u00f6llinen huolto, kuten voitelun tarkistaminen ja oikean linjauksen varmistaminen, riitt\u00e4\u00e4 pident\u00e4m\u00e4\u00e4n nivelakselin k\u00e4ytt\u00f6ik\u00e4\u00e4. Asianmukaisella huollolla n\u00e4m\u00e4 akselit voivat tarjota luotettavan suorituskyvyn useiden vuosien ajan, mik\u00e4 tekee niist\u00e4 pitk\u00e4aikaisen investoinnin py\u00f6r\u00f6leikkurij\u00e4rjestelmiin.<\/p>\n<p>Py\u00f6r\u00f6leikkureiden vaihteistojen nivelakselit ovat v\u00e4ltt\u00e4m\u00e4tt\u00f6mi\u00e4 py\u00f6r\u00f6leikkureiden luotettavan, tehokkaan ja turvallisen toiminnan varmistamiseksi maatalous- ja teollisuusymp\u00e4rist\u00f6iss\u00e4. Niiden kest\u00e4v\u00e4 rakenne, tehokas voimansiirto, turvaominaisuudet ja helppo huolto tekev\u00e4t niist\u00e4 v\u00e4ltt\u00e4m\u00e4tt\u00f6mi\u00e4 komponentteja py\u00f6r\u00f6leikkurij\u00e4rjestelmien optimaalisen suorituskyvyn yll\u00e4pit\u00e4miseksi. K\u00e4ytettiinp\u00e4 niit\u00e4 sitten niittoon, maanraivaukseen tai risujen leikkaamiseen, nivelakselit tarjoavat tarvittavan tehon ja luotettavuuden raskaiden leikkausteht\u00e4vien vaatimuksiin.<\/p>\n<table style=\"width: 102.243%; height: 26px;\" width=\"136\">\n<tbody>\n<tr>\n<td style=\"width: 49.4715%;\" width=\"72\"><img loading=\"lazy\" decoding=\"async\" class=\"alignnone size-full wp-image-2266\" src=\"https:\/\/fmp-components.com\/wp-content\/uploads\/2024\/12\/RC71-Rotary-Cutter-Gearbox-Usage-Scenarios-11.webp\" alt=\"RC71-Py\u00f6r\u00f6leikkurin vaihteiston k\u00e4ytt\u00f6skenaariot-1\" width=\"1920\" height=\"1317\" title=\"\" srcset=\"https:\/\/fmp-components.com\/wp-content\/uploads\/2024\/12\/RC71-Rotary-Cutter-Gearbox-Usage-Scenarios-11.webp 1920w, https:\/\/fmp-components.com\/wp-content\/uploads\/2024\/12\/RC71-Rotary-Cutter-Gearbox-Usage-Scenarios-11-1280x878.webp 1280w, https:\/\/fmp-components.com\/wp-content\/uploads\/2024\/12\/RC71-Rotary-Cutter-Gearbox-Usage-Scenarios-11-980x672.webp 980w, https:\/\/fmp-components.com\/wp-content\/uploads\/2024\/12\/RC71-Rotary-Cutter-Gearbox-Usage-Scenarios-11-480x329.webp 480w\" sizes=\"(min-width: 0px) and (max-width: 480px) 480px, (min-width: 481px) and (max-width: 980px) 980px, (min-width: 981px) and (max-width: 1280px) 1280px, (min-width: 1281px) 1920px, 100vw\" \/><\/td>\n<td style=\"width: 49.8943%;\" width=\"64\"><img loading=\"lazy\" decoding=\"async\" class=\"alignnone size-full wp-image-2265\" src=\"https:\/\/fmp-components.com\/wp-content\/uploads\/2024\/12\/RC71-Rotary-Cutter-Gearbox-Usage-Scenarios-21.webp\" alt=\"RC71-Py\u00f6r\u00f6leikkurin vaihteiston k\u00e4ytt\u00f6skenaariot-2\" width=\"1920\" height=\"1317\" title=\"\" srcset=\"https:\/\/fmp-components.com\/wp-content\/uploads\/2024\/12\/RC71-Rotary-Cutter-Gearbox-Usage-Scenarios-21.webp 1920w, https:\/\/fmp-components.com\/wp-content\/uploads\/2024\/12\/RC71-Rotary-Cutter-Gearbox-Usage-Scenarios-21-1280x878.webp 1280w, https:\/\/fmp-components.com\/wp-content\/uploads\/2024\/12\/RC71-Rotary-Cutter-Gearbox-Usage-Scenarios-21-980x672.webp 980w, https:\/\/fmp-components.com\/wp-content\/uploads\/2024\/12\/RC71-Rotary-Cutter-Gearbox-Usage-Scenarios-21-480x329.webp 480w\" sizes=\"(min-width: 0px) and (max-width: 480px) 480px, (min-width: 481px) and (max-width: 980px) 980px, (min-width: 981px) and (max-width: 1280px) 1280px, (min-width: 1281px) 1920px, 100vw\" \/><\/td>\n<\/tr>\n<\/tbody>\n<\/table>\n<h3>Tietoja FMP:st\u00e4<\/h3>\n<p>Italiassa p\u00e4\u00e4konttoriaan pit\u00e4v\u00e4 FMP on johtava valmistaja, joka tunnetaan asiantuntemuksestaan \u200b\u200btehokkaiden vaihteistojen suunnittelussa, kehitt\u00e4misess\u00e4 ja tuotannossa, keskittyen erityisesti maatalouskonesektoriin. Tarkkuuden, innovatiivisten ratkaisujen ja horjumattoman luotettavuuden ansiosta FMP:st\u00e4 on tullut luotettava kumppani sek\u00e4 maatalous- ett\u00e4 teollisuussektorin kehittyviin tarpeisiin. Monipuolinen tuotevalikoimamme sis\u00e4lt\u00e4\u00e4 ruohonleikkureiden, nivelakseleiden ja muiden t\u00e4rkeiden komponenttien erikoisvaihteistoja, jotka kaikki on huolellisesti suunniteltu tarjoamaan r\u00e4\u00e4t\u00e4l\u00f6ityj\u00e4 ratkaisuja laajaan k\u00e4ytt\u00f6tarkoitukseen.<\/p>\n<p>FMP:ll\u00e4 ymm\u00e4rr\u00e4mme, ett\u00e4 jokaisella asiakkaalla on ainutlaatuiset vaatimukset ja haasteet. Siksi olemme erikoistuneet r\u00e4\u00e4t\u00e4l\u00f6ityjen ratkaisujen tarjoamiseen, olipa kyse sitten yksitt\u00e4isist\u00e4 komponenteista tai t\u00e4ysin integroiduista j\u00e4rjestelmist\u00e4. Teemme tiivist\u00e4 yhteisty\u00f6t\u00e4 asiakkaidemme kanssa varmistaaksemme, ett\u00e4 jokainen ratkaisu on paitsi tehokas my\u00f6s tuloksellinen, optimoiden sek\u00e4 suorituskyvyn ett\u00e4 arvon. Sitoutumisemme tarjoamaan nopeita ja ammattimaisia \u200b\u200bvastauksia sek\u00e4 asiantuntevaa ohjausta varmistaa, ett\u00e4 jokaista tiedustelua k\u00e4sitell\u00e4\u00e4n \u00e4\u00e4rimm\u00e4isen huolellisesti ja tarkasti, mik\u00e4 johtaa parhaisiin mahdollisiin tuloksiin.<\/p>\n<p>Priorisoimme avointa ja jatkuvaa viestint\u00e4\u00e4 koko tuotekehitysprosessin ajan. Omistautunut tiimimme ty\u00f6skentelee suoraan asiakkaiden kanssa ymm\u00e4rt\u00e4\u00e4kseen t\u00e4ysin heid\u00e4n erityistarpeensa ja tarjoaa arvokkaita n\u00e4kemyksi\u00e4 ja suosituksia optimaalisten ratkaisujen varmistamiseksi. Olipa kyse innovatiivisten tuotteiden suunnittelusta tai jatkuvien tilausten t\u00e4ytt\u00e4misest\u00e4, FMP on sitoutunut toimittamaan korkealaatuisia ja tarkasti suunniteltuja ratkaisuja ajallaan, joka kerta. Tavoitteenamme on tarjota asiakkaille parasta mahdollista palvelua ja tuloksia, jotka ylitt\u00e4v\u00e4t odotukset jokaisessa projektissa.<\/p>\n<p>Laatu on FMP:n toiminnan kulmakivi. Noudatamme korkeimpia valmistusstandardeja ja toteutamme tiukkoja laadunvalvontatoimenpiteit\u00e4 varmistaaksemme, ett\u00e4 jokainen tuote ei ainoastaan \u200b\u200b\u200b\u200bt\u00e4ytt\u00e4\u00e4 alan standardeja, vaan my\u00f6s ylitt\u00e4\u00e4 ne. T\u00e4m\u00e4 horjumaton sitoutuminen laatuun yhdistettyn\u00e4 ydinarvoihimme, kuten rehellisyyteen, tiimity\u00f6h\u00f6n ja sinnikkyyteen, on mahdollistanut pitk\u00e4aikaisten ja luottamukseen perustuvien asiakassuhteiden rakentamisen l\u00e4hes 30 maassa maailmanlaajuisesti.<\/p>\n<p>FMP on aina avoin globaalien kumppanuuksien edist\u00e4miselle ja on edelleen sitoutunut tarjoamaan asiantuntevaa neuvontaa ja r\u00e4\u00e4t\u00e4l\u00f6ityj\u00e4 ratkaisuja, jotka vastaavat asiakkaidemme monimuotoisiin tarpeisiin. Emme tyydy pelk\u00e4st\u00e4\u00e4n tuotteiden toimittamiseen; pyrimme rakentamaan kest\u00e4vi\u00e4 suhteita, jotka edist\u00e4v\u00e4t jokaisen projektin onnistumista. Tarvitsetpa sitten innovatiivisia ratkaisuja uuteen aloitteeseen tai jatkuvaa tukea olemassa olevalle j\u00e4rjestelm\u00e4lle, FMP on t\u00e4\u00e4ll\u00e4 ratkaisemassa tekniset haasteesi ja varmistamassa jatkuvan menestyksesi.<\/p>\n<p><img loading=\"lazy\" decoding=\"async\" class=\"alignnone size-full wp-image-1861\" src=\"https:\/\/fmp-components.com\/wp-content\/uploads\/2024\/12\/Other-Agricultural-Gearboxes.webp\" sizes=\"(min-width: 0px) and (max-width: 480px) 480px, (min-width: 481px) and (max-width: 980px) 980px, (min-width: 981px) 1200px, 100vw\" srcset=\"https:\/\/fmp-components.com\/wp-content\/uploads\/2024\/12\/Other-Agricultural-Gearboxes.webp 1200w, https:\/\/fmp-components.com\/wp-content\/uploads\/2024\/12\/Other-Agricultural-Gearboxes-980x1143.webp 980w, https:\/\/fmp-components.com\/wp-content\/uploads\/2024\/12\/Other-Agricultural-Gearboxes-480x560.webp 480w\" alt=\"Altri-cambi-agricoli\" width=\"1200\" height=\"1400\" title=\"\"><\/p>\n<p>Tekij\u00e4: CX<\/p>","protected":false},"excerpt":{"rendered":"<p>Rotary Cutter Gearboxes \u2013 Replacement of Omni Code RC-71 Gearbox The Rotary Cutter Gearbox \u2013 Replacement of Omni Code RC-71 Gearbox is designed to offer a high-performance, durable, and cost-effective solution for replacing the Omni Code RC-71 gearbox in rotary cutter systems. Engineered to handle demanding agricultural and industrial applications, this replacement gearbox ensures reliable [&hellip;]<\/p>","protected":false},"featured_media":2262,"comment_status":"open","ping_status":"closed","template":"","meta":{"_et_pb_use_builder":"","_et_pb_old_content":"","_et_gb_content_width":""},"product_brand":[],"product_cat":[56],"product_tag":[],"class_list":{"0":"post-2259","1":"product","2":"type-product","3":"status-publish","4":"has-post-thumbnail","6":"product_cat-rotary-cutter-gearbox","8":"first","9":"instock","10":"shipping-taxable","11":"product-type-simple"},"_links":{"self":[{"href":"https:\/\/fmp-components.com\/fi\/wp-json\/wp\/v2\/product\/2259","targetHints":{"allow":["GET"]}}],"collection":[{"href":"https:\/\/fmp-components.com\/fi\/wp-json\/wp\/v2\/product"}],"about":[{"href":"https:\/\/fmp-components.com\/fi\/wp-json\/wp\/v2\/types\/product"}],"replies":[{"embeddable":true,"href":"https:\/\/fmp-components.com\/fi\/wp-json\/wp\/v2\/comments?post=2259"}],"wp:featuredmedia":[{"embeddable":true,"href":"https:\/\/fmp-components.com\/fi\/wp-json\/wp\/v2\/media\/2262"}],"wp:attachment":[{"href":"https:\/\/fmp-components.com\/fi\/wp-json\/wp\/v2\/media?parent=2259"}],"wp:term":[{"taxonomy":"product_brand","embeddable":true,"href":"https:\/\/fmp-components.com\/fi\/wp-json\/wp\/v2\/product_brand?post=2259"},{"taxonomy":"product_cat","embeddable":true,"href":"https:\/\/fmp-components.com\/fi\/wp-json\/wp\/v2\/product_cat?post=2259"},{"taxonomy":"product_tag","embeddable":true,"href":"https:\/\/fmp-components.com\/fi\/wp-json\/wp\/v2\/product_tag?post=2259"}],"curies":[{"name":"wp","href":"https:\/\/api.w.org\/{rel}","templated":true}]}}