{"id":2253,"date":"2024-12-31T03:27:35","date_gmt":"2024-12-31T03:27:35","guid":{"rendered":"https:\/\/fmp-components.com\/?page_id=8"},"modified":"2024-12-31T03:29:52","modified_gmt":"2024-12-31T03:29:52","slug":"fmp-rc61t-rotary-cutter-gearbox-for-rotary-cutter","status":"publish","type":"product","link":"https:\/\/fmp-components.com\/fi\/product\/fmp-rc61t-rotary-cutter-gearbox-for-rotary-cutter\/","title":{"rendered":"FMP-RC61T py\u00f6r\u00f6leikkurin vaihdelaatikko py\u00f6r\u00f6leikkuriin"},"content":{"rendered":"<p style=\"text-align: center;\"><span style=\"font-size: 18pt;\">FMP-RC61T py\u00f6r\u00f6leikkurin vaihdelaatikko py\u00f6r\u00f6leikkuriin<\/span><\/p>\n<p>FMP-RC61T-py\u00f6r\u00f6sahaleikkurin vaihteisto on tehokas vaihteisto, joka on suunniteltu vaativiin maatalous- ja teollisuussovelluksiin tarkoitettujen py\u00f6r\u00f6leikkureiden voimanl\u00e4hteeksi. Kest\u00e4v\u00e4ksi, tehokkaaksi ja luotettavaksi suunniteltu FMP-RC61T on ihanteellinen ratkaisu laaja-alaisiin niitto-, maanraivaus- ja kasvillisuudenhoitoteht\u00e4viin. T\u00e4m\u00e4 vaihteisto tarjoaa parannetun voimansiirron ja tasaisen toiminnan, mik\u00e4 tekee siit\u00e4 olennaisen komponentin py\u00f6r\u00f6leikkureille, jotka vaativat tasaista ja tehokasta suorituskyky\u00e4.<\/p>\n<h3>T\u00e4rkeimm\u00e4t ominaisuudet:<\/h3>\n<ol>\n<li>Suuri tehokapasiteetti<br \/>\nFMP-RC61T-py\u00f6r\u00f6sahaleikkurin vaihteisto on rakennettu k\u00e4sittelem\u00e4\u00e4n jopa 60 hevosvoimaa, joten se sopii raskaisiin py\u00f6r\u00f6leikkuuteht\u00e4viin. Olitpa sitten leikkaamassa suuria peltoja, raivaamassa tihe\u00e4\u00e4 pensaikkoa tai hoitamassa tienvarsia, t\u00e4m\u00e4 vaihteisto varmistaa optimaalisen suorituskyvyn haastavissa olosuhteissa ja tarjoaa tasaista tehoa tehokkaaseen leikkaamiseen.<\/li>\n<li>Kest\u00e4v\u00e4 rakenne pitk\u00e4kestoiseen suorituskykyyn<br \/>\nEritt\u00e4in lujista materiaaleista valmistettu FMP-RC61T-vaihteisto on suunniteltu kest\u00e4m\u00e4\u00e4n vaativien maatalous- ja teollisuusymp\u00e4rist\u00f6jen rasitukset. Sen kest\u00e4v\u00e4 rakenne takaa kest\u00e4vyyden ja tarjoaa pitk\u00e4ik\u00e4isen suorituskyvyn minimaalisella kulumisella. T\u00e4m\u00e4 tekee siit\u00e4 ihanteellisen kuljettajille, jotka tarvitsevat luotettavan ja kest\u00e4v\u00e4n vaihteiston jatkuvaan k\u00e4ytt\u00f6\u00f6n.<\/li>\n<li>Tehokas voimansiirto<br \/>\nVaihteisto on suunniteltu maksimaalista tehokkuutta varten, optimoimalla mekaanisen energian siirtymisen voimanottoakselilta py\u00f6r\u00f6leikkurin terille. T\u00e4m\u00e4 johtaa parempaan polttoainetalouteen, alennettuihin k\u00e4ytt\u00f6kustannuksiin ja parempaan leikkuutehokkuuteen. Sujuva ja tehokas voimansiirto parantaa py\u00f6r\u00f6leikkurin yleist\u00e4 suorituskyky\u00e4 varmistaen, ett\u00e4 se toimii tehokkaasti erilaisissa olosuhteissa.<\/li>\n<li>Erinomainen l\u00e4mm\u00f6nhukka ja ylikuormitussuoja<br \/>\nFMP-RC61T-vaihteisto on suunniteltu erinomaisilla l\u00e4mm\u00f6npoisto-ominaisuuksilla, jotka est\u00e4v\u00e4t ylikuumenemisen pitk\u00e4aikaisen k\u00e4yt\u00f6n aikana. Lis\u00e4ksi vaihteisto on varustettu ylikuormitussuojamekanismeilla, jotka est\u00e4v\u00e4t vaurioita liiallisen kuormituksen aikana ja varmistavat j\u00e4rjestelm\u00e4n sujuvan ja turvallisen toiminnan ilman vikaantumisen tai ennenaikaisen kulumisen riski\u00e4.<\/li>\n<\/ol>\n<p>FMP-RC61T-py\u00f6r\u00f6sahaleikkurin vaihteisto on huippuluokan ratkaisu k\u00e4ytt\u00e4jille, jotka etsiv\u00e4t kest\u00e4v\u00e4\u00e4, tehokasta ja voimakasta vaihteistoa py\u00f6r\u00f6leikkuriinsa. Suuren tehonsa, kest\u00e4v\u00e4n rakenteensa, tehokkaan voimansiirronsa ja helpon huollettavuuden ansiosta t\u00e4m\u00e4 vaihteisto on suunniteltu vastaamaan laajamittaisten maatalous- ja teollisuussovellusten vaatimuksiin. K\u00e4ytettiinp\u00e4 sit\u00e4 sitten niittoon, maanraivaukseen tai tienvarsien kunnossapitoon, FMP-RC61T varmistaa luotettavan ja pitk\u00e4ik\u00e4isen suorituskyvyn, mik\u00e4 tekee siit\u00e4 olennaisen komponentin py\u00f6r\u00f6leikkureiden toiminnan optimoinnissa.<\/p>\n<h2>RC61T-py\u00f6r\u00f6leikkurin vaihdelaatikon tekniset tiedot<\/h2>\n<table style=\"border-collapse: collapse; width: 98.7656%; height: 173px;\" border=\"0\" width=\"128\" cellspacing=\"0\" cellpadding=\"0\">\n<tbody>\n<tr style=\"height: 13.8pt;\">\n<td style=\"height: 13.8pt; width: 48pt;\" align=\"right\" width=\"64\" height=\"18\"><img loading=\"lazy\" decoding=\"async\" class=\"size-full wp-image-2258 aligncenter\" src=\"https:\/\/fmp-components.com\/wp-content\/uploads\/2024\/12\/Rotary-Cutter-Gearboxes-Replacement-of-Omni-Code-RC-511-2.webp\" alt=\"Py\u00f6riv\u00e4n leikkurin vaihteistot - Omni-Code-RC-51:n vaihto\" width=\"500\" height=\"500\" title=\"\" srcset=\"https:\/\/fmp-components.com\/wp-content\/uploads\/2024\/12\/Rotary-Cutter-Gearboxes-Replacement-of-Omni-Code-RC-511-2.webp 500w, https:\/\/fmp-components.com\/wp-content\/uploads\/2024\/12\/Rotary-Cutter-Gearboxes-Replacement-of-Omni-Code-RC-511-2-480x480.webp 480w\" sizes=\"(min-width: 0px) and (max-width: 480px) 480px, (min-width: 481px) 500px, 100vw\" \/><\/td>\n<td style=\"width: 48pt;\" align=\"right\" width=\"64\"><img loading=\"lazy\" decoding=\"async\" class=\"alignnone size-full wp-image-2260\" src=\"https:\/\/fmp-components.com\/wp-content\/uploads\/2024\/12\/FMP_agricultural-gearbox-HC-RC61T-1.webp\" alt=\"FMP_maatalouden-vaihteisto-HC-RC61T-1\" width=\"539\" height=\"640\" title=\"\" srcset=\"https:\/\/fmp-components.com\/wp-content\/uploads\/2024\/12\/FMP_agricultural-gearbox-HC-RC61T-1.webp 539w, https:\/\/fmp-components.com\/wp-content\/uploads\/2024\/12\/FMP_agricultural-gearbox-HC-RC61T-1-480x570.webp 480w\" sizes=\"(min-width: 0px) and (max-width: 480px) 480px, (min-width: 481px) 539px, 100vw\" \/><\/td>\n<\/tr>\n<\/tbody>\n<\/table>\n<table style=\"width: 97.3003%; height: 164px;\" border=\"1\" cellspacing=\"0\" cellpadding=\"0\">\n<tbody>\n<tr>\n<td>TUOTE<\/td>\n<td>RC61T py\u00f6r\u00f6leikkurin vaihdelaatikko<\/td>\n<\/tr>\n<tr>\n<td>Suhde<\/td>\n<td>1:1\/1:1.21\/1:1.46\/1:1.93<\/td>\n<\/tr>\n<tr>\n<td>Hampaat<\/td>\n<td>16\/16 17\/14 19\/13 27\/14<\/td>\n<\/tr>\n<tr>\n<td>Moduuli<\/td>\n<td>7.0\/7.0\/7.0\/5.5<\/td>\n<\/tr>\n<tr>\n<td>Teho (hv)<\/td>\n<td>60<\/td>\n<\/tr>\n<tr>\n<td>Nimellistulo<\/td>\n<td>540 rpm<\/td>\n<\/tr>\n<tr>\n<td>Tulon\/l\u00e4hd\u00f6n kuvaus<\/td>\n<td>\u00a01 3\/8 Z6 1 3\/8 Z6 Uritettu akseli<\/td>\n<\/tr>\n<tr>\n<td>Paino (neulapaino)<\/td>\n<td>33,5 kg<\/td>\n<\/tr>\n<\/tbody>\n<\/table>\n<h2>Py\u00f6riv\u00e4n leikkurin vaihdelaatikon tekniset tiedot<\/h2>\n<table style=\"width: 97.9183%; height: 427px;\" border=\"1\" cellspacing=\"0\" cellpadding=\"0\">\n<tbody>\n<tr>\n<td>\n<div><span data-spm-anchor-id=\"a2700.details.0.i23.4d4ea4cf0W7YgJ\">Kotelon materiaali<\/span><\/div>\n<\/td>\n<td>\n<div>Valurauta\/Siirrett\u00e4v\u00e4 valurauta<\/div>\n<\/td>\n<\/tr>\n<tr>\n<td>\n<div>Kotelon kovuus<\/div>\n<\/td>\n<td>\n<div>HBS190-240<\/div>\n<\/td>\n<\/tr>\n<tr>\n<td>\n<div>Vaihteiston materiaali<\/div>\n<\/td>\n<td>\n<div>20CrMnTi-seoster\u00e4s<\/div>\n<\/td>\n<\/tr>\n<tr>\n<td>\n<div>Vaihteiden pinnan kovuus<\/div>\n<\/td>\n<td>\n<div>HRC58\u201362<\/div>\n<\/td>\n<\/tr>\n<tr>\n<td>\n<div>Vaihteiston ytimen kovuus<\/div>\n<\/td>\n<td>\n<div>HRC33~40<\/div>\n<\/td>\n<\/tr>\n<tr>\n<td>\n<div>Sis\u00e4\u00e4n- ja ulostuloakselin materiaali<\/div>\n<\/td>\n<td>\n<div>42CrMo-seoster\u00e4s<\/div>\n<\/td>\n<\/tr>\n<tr>\n<td>\n<div>Tulo-\/l\u00e4ht\u00f6akselin kovuus<\/div>\n<\/td>\n<td>\n<div>HRC25\u201330<\/div>\n<\/td>\n<\/tr>\n<tr>\n<td>\n<div>Vaihteiden ty\u00f6st\u00f6tarkkuus<\/div>\n<\/td>\n<td>\n<div>Tarkka hionta, 6\u20135 luokkaa<\/div>\n<\/td>\n<\/tr>\n<tr>\n<td>\n<div>Voitelu\u00f6ljy<\/div>\n<\/td>\n<td>\n<div>GB L-CKC220-460, Shell Omala220-460<\/div>\n<\/td>\n<\/tr>\n<tr>\n<td>\n<div>L\u00e4mp\u00f6k\u00e4sittely<\/div>\n<\/td>\n<td>\n<div>p\u00e4\u00e4st\u00f6, sementointi, sammutus jne.<\/div>\n<\/td>\n<\/tr>\n<tr>\n<td>\n<div>Tehokkuus<\/div>\n<\/td>\n<td>\n<div>98%<\/div>\n<\/td>\n<\/tr>\n<tr>\n<td>\n<div>Melu (MAKSIMI)<\/div>\n<\/td>\n<td>\n<div>60\u201368 dB<\/div>\n<\/td>\n<\/tr>\n<tr>\n<td>\n<div>T\u00e4rin\u00e4<\/div>\n<\/td>\n<td>\n<div>\u226420 \u00b5m<\/div>\n<\/td>\n<\/tr>\n<tr>\n<td>\n<div>Takaisku<\/div>\n<\/td>\n<td>\n<div>\u226420 kaariminuuttia<\/div>\n<\/td>\n<\/tr>\n<tr>\n<td>\n<div>Laakerien merkki<\/div>\n<\/td>\n<td>\n<div>Kiinan huippumerkkien laakerit, HRB\/LYC\/ZWZ\/C&amp;U. Tai muut pyydetyt merkit, SKF, FAG, INA, NSK.<\/div>\n<\/td>\n<\/tr>\n<tr>\n<td>\n<div>\u00d6ljytiivisteen merkki<\/div>\n<\/td>\n<td>\n<div>NAK \u2014 Taiwan tai muut pyydetyt tuotemerkit<\/div>\n<\/td>\n<\/tr>\n<\/tbody>\n<\/table>\n<h2>RC61T-py\u00f6r\u00f6leikkurin vaihdelaatikon ominaisuudet<\/h2>\n<p>RC61T-py\u00f6r\u00f6leikkurin vaihdelaatikko on suunniteltu tarjoamaan erinomaista suorituskyky\u00e4 ja luotettavuutta py\u00f6r\u00f6leikkaustoiminnoissa, mik\u00e4 tekee siit\u00e4 olennaisen komponentin maatalous- ja teollisuuskoneissa. Raskaisiin teht\u00e4viin suunniteltu RC61T-vaihteisto on suunniteltu k\u00e4sittelem\u00e4\u00e4n suuria hevosvoimavaatimuksia ja varmistamaan samalla tasaisen ja tehokkaan voimansiirron. Alla on lueteltu RC61T-py\u00f6r\u00f6leikkurin vaihdelaatikon t\u00e4rkeimm\u00e4t ominaisuudet.<\/p>\n<p><strong>Suuri tehokapasiteetti raskaisiin sovelluksiin<\/strong><\/p>\n<p>RC61T-py\u00f6r\u00f6sahaleikkurin vaihteisto on suunniteltu tukemaan jopa 60 hevosvoimaa, joten se sopii erinomaisesti laajamittaisiin maatalous- ja teollisuussovelluksiin. Olipa kyseess\u00e4 sitten laajojen peltojen leikkaaminen, tihe\u00e4n pensaikon raivaaminen tai tienvarsien kunnossapito, vaihteisto tarjoaa tarvittavan tehon py\u00f6r\u00f6leikkurin terien k\u00e4ytt\u00e4miseen optimaalisella teholla. Sen suuri tehokapasiteetti varmistaa luotettavan toiminnan my\u00f6s vaikeissa olosuhteissa, mik\u00e4 lis\u00e4\u00e4 tuottavuutta ja v\u00e4hent\u00e4\u00e4 seisokkiaikoja.<\/p>\n<p><strong>Kest\u00e4v\u00e4 rakenne pitk\u00e4aikaiseen luotettavuuteen<\/strong><\/p>\n<p>Eritt\u00e4in lujista materiaaleista valmistettu RC61T on rakennettu kest\u00e4m\u00e4\u00e4n maatalousalueiden ja teollisuusymp\u00e4rist\u00f6jen haastavia olosuhteita. Vaihteiston kest\u00e4v\u00e4 rakenne varmistaa kest\u00e4vyyden kulumista, kosteutta ja likaa vastaan, jotka ovat yleisi\u00e4 vaativissa olosuhteissa. T\u00e4m\u00e4 kest\u00e4vyys v\u00e4hent\u00e4\u00e4 usein teht\u00e4vien korjausten ja vaihtojen tarvetta, tarjoten pitk\u00e4ik\u00e4isen suorituskyvyn ja minimaalisen huollon tarpeen.<\/p>\n<p><strong>Tehokas voimansiirto ja polttoainetalous<\/strong><\/p>\n<p>RC61T-py\u00f6r\u00f6sahaleikkurin vaihteisto on suunniteltu tehokkaaseen voimansiirtoon nivelakselilta py\u00f6r\u00f6leikkurin terille. T\u00e4m\u00e4 varmistaa maksimaalisen energian hy\u00f6dynt\u00e4misen ja minimoi tehoh\u00e4vi\u00f6n k\u00e4yt\u00f6n aikana. Tehokas voimansiirto v\u00e4hent\u00e4\u00e4 polttoaineenkulutusta ja k\u00e4ytt\u00f6kustannuksia samalla, kun se tarjoaa tasaisen leikkuutehon. Olipa kyseess\u00e4 sitten ruohonleikkuu, maanraivaus tai kasvillisuuden hoito, vaihteisto auttaa optimoimaan polttoainetehokkuuden, mik\u00e4 tekee siit\u00e4 kustannustehokkaan ratkaisun.<\/p>\n<p><strong>L\u00e4mm\u00f6npoisto- ja ylikuormitussuoja<\/strong><\/p>\n<p>RC61T-vaihteisto on suunniteltu edistyneill\u00e4 l\u00e4mm\u00f6npoisto-ominaisuuksilla, jotka est\u00e4v\u00e4t ylikuumenemisen pitk\u00e4aikaisen k\u00e4yt\u00f6n aikana. T\u00e4m\u00e4 varmistaa, ett\u00e4 vaihteisto toimii optimaalisilla l\u00e4mp\u00f6tila-alueilla, pident\u00e4\u00e4 sen k\u00e4ytt\u00f6ik\u00e4\u00e4 ja parantaa suorituskyky\u00e4. Lis\u00e4ksi vaihteisto on varustettu ylikuormitussuojamekanismeilla, jotka suojaavat liialliselta rasitukselta, est\u00e4v\u00e4t vaurioita ja varmistavat jatkuvan, h\u00e4iri\u00f6tt\u00f6m\u00e4n toiminnan my\u00f6s raskaissa kuormissa.<\/p>\n<p><strong>V\u00e4h\u00e4inen huoltotarve ja helppo huolto<\/strong><\/p>\n<p>RC61T-py\u00f6r\u00f6leikkurin vaihteiston huolto on yksinkertaista ja suoraviivaista. Vaihteistossa on helposti saavutettavat voitelukohdat ja tiivistetyt laakerit, mik\u00e4 v\u00e4hent\u00e4\u00e4 voitelun tarvetta ja minimoi huoltoajan. Sen kest\u00e4v\u00e4 rakenne yhdistettyn\u00e4 tehokkaisiin tiivistysj\u00e4rjestelmiin suojaa ep\u00e4puhtauksilta, kuten lialta ja kosteudelta, varmistaen sujuvan toiminnan ja minimoiden huoltotarpeen. T\u00e4m\u00e4 helppo huolto varmistaa, ett\u00e4 vaihteisto pysyy optimaalisessa kunnossa, v\u00e4hent\u00e4\u00e4 seisokkiaikoja ja pit\u00e4\u00e4 toiminnan k\u00e4ynniss\u00e4 tehokkaasti.<\/p>\n<p>RC61T-py\u00f6r\u00f6leikkurin vaihdelaatikko tarjoaa suuren tehokapasiteetin, kest\u00e4vyyden, tehokkuuden ja v\u00e4h\u00e4isen huoltotarpeen, mik\u00e4 tekee siit\u00e4 erinomaisen valinnan k\u00e4ytt\u00e4jille, jotka tarvitsevat luotettavaa ja tehokasta suorituskyky\u00e4 haastavissa py\u00f6r\u00f6leikkaussovelluksissa.<\/p>\n<table style=\"border-collapse: collapse; width: 102.801%; height: 467px;\" border=\"0\" width=\"128\" cellspacing=\"0\" cellpadding=\"0\">\n<tbody>\n<tr style=\"height: 13.8pt;\">\n<td style=\"height: 13px; width: 48pt;\" align=\"right\" width=\"64\" height=\"18\"><img loading=\"lazy\" decoding=\"async\" class=\"alignnone size-full wp-image-2256\" src=\"https:\/\/fmp-components.com\/wp-content\/uploads\/2024\/12\/Gearbox-for-Rotary-Cutter-11.webp\" alt=\"Vaihteisto-py\u00f6r\u00f6leikkurille\" width=\"600\" height=\"600\" title=\"\" srcset=\"https:\/\/fmp-components.com\/wp-content\/uploads\/2024\/12\/Gearbox-for-Rotary-Cutter-11.webp 600w, https:\/\/fmp-components.com\/wp-content\/uploads\/2024\/12\/Gearbox-for-Rotary-Cutter-11-480x480.webp 480w\" sizes=\"(min-width: 0px) and (max-width: 480px) 480px, (min-width: 481px) 600px, 100vw\" \/><\/td>\n<td style=\"width: 48pt; height: 13px;\" align=\"right\" width=\"64\"><img loading=\"lazy\" decoding=\"async\" class=\"alignnone  wp-image-2254\" src=\"https:\/\/fmp-components.com\/wp-content\/uploads\/2024\/12\/PTO-Shafts-for-Rotary-Cutter-11.webp\" alt=\"Py\u00f6riv\u00e4n leikkurin nivelakselit\" width=\"469\" height=\"469\" title=\"\"><\/td>\n<\/tr>\n<\/tbody>\n<\/table>\n<h2>Voimanottoakseli FMP-RC61T-py\u00f6r\u00f6sahalle<\/h2>\n<p>FMP-RC61T-py\u00f6r\u00f6leikkurin vaihteiston nivelakseli on kriittinen komponentti, joka on suunniteltu siirt\u00e4m\u00e4\u00e4n tehokkaasti voimaa traktorin voimanottoj\u00e4rjestelm\u00e4st\u00e4 FMP-RC61T-py\u00f6r\u00f6leikkurin vaihteistoon. T\u00e4m\u00e4 varmistaa saumattoman toiminnan ja luotettavan suorituskyvyn, joten se on v\u00e4ltt\u00e4m\u00e4t\u00f6n esimerkiksi niitto-, maanraivaus- ja kasvillisuudenhoitoteht\u00e4viss\u00e4 maatalous- ja teollisuussovelluksissa.<\/p>\n<p><strong>Kest\u00e4vyys ja kest\u00e4v\u00e4 rakenne<\/strong><\/p>\n<p>FMP-RC61T:n nivelakseli on valmistettu eritt\u00e4in lujasta ter\u00e4ksest\u00e4, ja se on suunniteltu kest\u00e4m\u00e4\u00e4n maatalous- ja teollisuusymp\u00e4rist\u00f6jen ankaria olosuhteita. Se on rakennettu kest\u00e4m\u00e4\u00e4n suuria v\u00e4\u00e4nt\u00f6momentteja ja jatkuvan k\u00e4yt\u00f6n haasteita, mik\u00e4 varmistaa pitk\u00e4n k\u00e4ytt\u00f6i\u00e4n ja luotettavan suorituskyvyn vaativissa olosuhteissa. T\u00e4m\u00e4 tukeva rakenne takaa, ett\u00e4 akseli pystyy k\u00e4sittelem\u00e4\u00e4n vaativia teht\u00e4vi\u00e4, kuten tihe\u00e4n kasvillisuuden leikkaamista tai suurten peltojen raivaamista, tinkim\u00e4tt\u00e4 lujuudesta tai suorituskyvyst\u00e4.<br \/>\n<strong>Tehokas voimansiirto<\/strong><\/p>\n<p>Voimanottoakseli on suunniteltu tarjoamaan maksimaalisen tehokkuuden voimansiirrossa traktorin voimanottoj\u00e4rjestelm\u00e4st\u00e4 FMP-RC61T-py\u00f6r\u00f6sahaleikkurin vaihteistoon. T\u00e4m\u00e4 tehokas voimansiirto minimoi energiah\u00e4vikin ja optimoi py\u00f6r\u00f6leikkurin leikkuutehon. T\u00e4m\u00e4n rakenteen ansiosta akseli auttaa v\u00e4hent\u00e4m\u00e4\u00e4n polttoaineenkulutusta, k\u00e4ytt\u00f6kustannuksia ja tarjoamaan yhdenmukaisia \u200b\u200btuloksia erilaisissa leikkuuteht\u00e4viss\u00e4 ruohonleikkuussa pensaiden raivauksesta.<br \/>\n<strong>Turvaominaisuudet tehostettua suojaa varten<\/strong><\/p>\n<p>Turvallisuus on keskeinen ominaisuus FMP-RC61T:n nivelakselin suunnittelussa. Se on varustettu turvasuojilla ja -koteloilla, jotka suojaavat k\u00e4ytt\u00e4ji\u00e4 vahingossa tapahtuvalta kosketukselta py\u00f6riviin osiin. N\u00e4m\u00e4 turvaominaisuudet varmistavat turvallisen ty\u00f6ymp\u00e4rist\u00f6n v\u00e4hent\u00e4m\u00e4ll\u00e4 loukkaantumisriski\u00e4 k\u00e4yt\u00f6n aikana. Lis\u00e4ksi nivelakselin rakenne minimoi t\u00e4rin\u00e4n, mik\u00e4 parantaa entisest\u00e4\u00e4n turvallisuutta ja edist\u00e4\u00e4 tasaisempaa toimintaa v\u00e4hent\u00e4en sek\u00e4 akselin ett\u00e4 vaihteiston kulumista.<br \/>\n<strong>Yleinen yhteensopivuus ja helppo asennus<\/strong><\/p>\n<p>Nivelakseli on suunniteltu helposti yhteensopivaksi FMP-RC61T-py\u00f6r\u00f6sahaleikkurin vaihdelaatikon kanssa, mik\u00e4 varmistaa t\u00e4ydellisen istuvuuden ja sujuvan integroinnin. Se voidaan helposti sovittaa erilaisiin traktorimalleihin ja py\u00f6r\u00f6leikkurij\u00e4rjestelmiin, mik\u00e4 tekee siit\u00e4 monipuolisen ratkaisun erilaisiin maatalous-, maisemointi- ja teollisuussovelluksiin. Helppo asennus minimoi seisokkiajat, jolloin k\u00e4ytt\u00e4j\u00e4t voivat palata t\u00f6ihin nopeasti ilman monimutkaisia \u200b\u200bs\u00e4\u00e4t\u00f6j\u00e4 tai muutoksia.<br \/>\n<strong>V\u00e4h\u00e4inen huoltotarve ja pidennetty k\u00e4ytt\u00f6ik\u00e4<\/strong><\/p>\n<p>FMP-RC61T:n nivelakseli on suunniteltu vaatimaan mahdollisimman v\u00e4h\u00e4n huoltoa. Siin\u00e4 on helposti saavutettavat voitelukohdat helppoa voitelua varten, ja se on rakennettu sinet\u00f6idyill\u00e4 laakereilla, jotka suojaavat lialta, kosteudelta ja ep\u00e4puhtauksilta. T\u00e4m\u00e4 rakenne v\u00e4hent\u00e4\u00e4 kulumista, pident\u00e4\u00e4 akselin k\u00e4ytt\u00f6ik\u00e4\u00e4 ja v\u00e4hent\u00e4\u00e4 huoltotarvetta. Asianmukaisella huollolla nivelakseli toimii luotettavasti vuosia, mik\u00e4 tekee siit\u00e4 kustannustehokkaan ratkaisun k\u00e4ytt\u00e4jille, jotka vaativat pitk\u00e4kestoista suorituskyky\u00e4.<\/p>\n<p>Yhteenvetona voidaan todeta, ett\u00e4 FMP-RC61T-py\u00f6r\u00f6sahaleikkurin vaihteiston nivelakseli on kest\u00e4v\u00e4, tehokas ja turvallinen ratkaisu voimansiirtoon py\u00f6r\u00f6leikkureiden vaihteistoihin. Kest\u00e4v\u00e4n rakenteensa, tehokkaan voimansiirron, turvaominaisuuksiensa ja v\u00e4h\u00e4isen huoltotarpeensa ansiosta se varmistaa luotettavan toiminnan erilaisissa maatalous- ja teollisuussovelluksissa.<\/p>\n<table style=\"border-collapse: collapse; width: 100.406%; height: 88px;\" border=\"0\" width=\"128\" cellspacing=\"0\" cellpadding=\"0\">\n<tbody>\n<tr style=\"height: 13.8pt;\">\n<td style=\"height: 13.8pt; width: 48pt;\" align=\"right\" width=\"64\" height=\"18\"><img loading=\"lazy\" decoding=\"async\" class=\"alignnone size-full wp-image-2255\" src=\"https:\/\/fmp-components.com\/wp-content\/uploads\/2024\/12\/PTO-Shafts-for-Rotary-Cutter1.webp\" alt=\"Py\u00f6riv\u00e4n leikkurin nivelakselit\" width=\"600\" height=\"600\" title=\"\" srcset=\"https:\/\/fmp-components.com\/wp-content\/uploads\/2024\/12\/PTO-Shafts-for-Rotary-Cutter1.webp 600w, https:\/\/fmp-components.com\/wp-content\/uploads\/2024\/12\/PTO-Shafts-for-Rotary-Cutter1-480x480.webp 480w\" sizes=\"(min-width: 0px) and (max-width: 480px) 480px, (min-width: 481px) 600px, 100vw\" \/><\/td>\n<td style=\"width: 48pt;\" align=\"right\" width=\"64\"><img loading=\"lazy\" decoding=\"async\" class=\"alignnone size-full wp-image-2257\" src=\"https:\/\/fmp-components.com\/wp-content\/uploads\/2024\/12\/Gearbox-for-Rotary-Cutter1.webp\" alt=\"Vaihteisto-py\u00f6r\u00f6leikkurille\" width=\"600\" height=\"600\" title=\"\" srcset=\"https:\/\/fmp-components.com\/wp-content\/uploads\/2024\/12\/Gearbox-for-Rotary-Cutter1.webp 600w, https:\/\/fmp-components.com\/wp-content\/uploads\/2024\/12\/Gearbox-for-Rotary-Cutter1-480x480.webp 480w\" sizes=\"(min-width: 0px) and (max-width: 480px) 480px, (min-width: 481px) 600px, 100vw\" \/><\/td>\n<\/tr>\n<\/tbody>\n<\/table>\n<h3>Tietoja FMP:st\u00e4<\/h3>\n<p>Italiassa p\u00e4\u00e4konttoriaan pit\u00e4v\u00e4 FMP on johtava valmistaja, joka tunnetaan asiantuntemuksestaan \u200b\u200bkorkean suorituskyvyn vaihteistojen suunnittelussa, kehitt\u00e4misess\u00e4 ja tuotannossa, keskittyen ensisijaisesti maatalouskonesektoriin. FMP tunnetaan sitoutumisestaan \u200b\u200btarkkuustekniikkaan, innovaatioihin ja vertaansa vailla olevaan luotettavuuteen, ja se on ansainnut vankan maineen toimittamalla ensiluokkaisia \u200b\u200btuotteita, jotka vastaavat sek\u00e4 maatalous- ett\u00e4 teollisuusmarkkinoiden dynaamisiin tarpeisiin. Laaja tuotevalikoimamme sis\u00e4lt\u00e4\u00e4 ruohonleikkureiden, nivelakseleiden ja muiden t\u00e4rkeiden komponenttien erikoisvaihteistoja, jotka kaikki on r\u00e4\u00e4t\u00e4l\u00f6ity tarjoamaan r\u00e4\u00e4t\u00e4l\u00f6ityj\u00e4 ratkaisuja laajaan valikoimaan sovelluksia.<\/p>\n<p>FMP:ll\u00e4 ymm\u00e4rr\u00e4mme, ett\u00e4 jokainen asiakas kohtaa erilaisia \u200b\u200bhaasteita ja vaatimuksia. Siksi olemme erikoistuneet r\u00e4\u00e4t\u00e4l\u00f6ityjen ratkaisujen tarjoamiseen, olipa kyseess\u00e4 sitten yksitt\u00e4iset komponentit tai kokonaiset, integroidut j\u00e4rjestelm\u00e4t. Teemme tiivist\u00e4 yhteisty\u00f6t\u00e4 asiakkaidemme kanssa varmistaaksemme, ett\u00e4 jokainen ratkaisu on paitsi tehokas my\u00f6s tuloksellinen, optimoiden suorituskyvyn ja arvon. Sitoutumisemme nopeisiin ja ammattimaisiin vastauksiin yhdistettyn\u00e4 asiantuntevaan ohjaukseen varmistaa, ett\u00e4 jokainen tiedustelu k\u00e4sitell\u00e4\u00e4n tarkasti ja huolellisesti.<\/p>\n<p>Priorisoimme selke\u00e4\u00e4 ja jatkuvaa viestint\u00e4\u00e4, erityisesti uusia tuotteita kehitett\u00e4ess\u00e4. Omistautunut tiimimme ty\u00f6skentelee suoraan asiakkaiden kanssa ymm\u00e4rt\u00e4\u00e4kseen heid\u00e4n erityistarpeitaan syv\u00e4llisesti ja tarjoaa k\u00e4yt\u00e4nn\u00f6nl\u00e4heisi\u00e4 n\u00e4kemyksi\u00e4, jotka johtavat optimaalisimpiin ratkaisuihin. Olipa kyse sitten huippuluokan tuotteiden suunnittelusta tai jatkuvien tilausten t\u00e4ytt\u00e4misest\u00e4, olemme vakaasti sitoutuneet toimittamaan korkealaatuisia, tarkasti suunniteltuja ratkaisuja nopeasti ja luotettavasti.<\/p>\n<p>FMP:n toiminnan ytimess\u00e4 on horjumaton keskittyminen laatuun. Noudatamme korkeimpia valmistusstandardeja ja k\u00e4yt\u00e4mme tiukkoja laadunvalvontamenettelyj\u00e4 varmistaaksemme, ett\u00e4 jokainen tuote paitsi t\u00e4ytt\u00e4\u00e4 my\u00f6s ylitt\u00e4\u00e4 alan odotukset. Omistautumisemme laatuun yhdistettyn\u00e4 ydinarvoihimme, kuten rehellisyyteen, yhteisty\u00f6h\u00f6n ja sinnikkyyteen, on auttanut meit\u00e4 luomaan vahvoja ja pitk\u00e4aikaisia \u200b\u200basiakassuhteita yli 30 maassa ymp\u00e4ri maailmaa.<\/p>\n<p>FMP on aina avoin globaalien kumppanuuksien edist\u00e4miselle ja on edelleen sitoutunut tarjoamaan asiantuntevaa neuvontaa ja r\u00e4\u00e4t\u00e4l\u00f6ityj\u00e4 ratkaisuja asiakkaidemme moninaisten tarpeiden t\u00e4ytt\u00e4miseksi. Emme tyydy pelk\u00e4st\u00e4\u00e4n tuotteiden toimittamiseen \u2013 pyrimme rakentamaan kest\u00e4vi\u00e4 ja merkityksellisi\u00e4 suhteita, jotka edist\u00e4v\u00e4t jokaisen projektin onnistumista. Etsitp\u00e4 sitten innovatiivisia ratkaisuja uuteen aloitteeseen tai jatkuvaa tukea olemassa olevalle j\u00e4rjestelm\u00e4lle, FMP on t\u00e4\u00e4ll\u00e4 vastaamassa teknisiin haasteisiisi ja varmistamassa jatkuvan menestyksesi.<\/p>\n<p><img loading=\"lazy\" decoding=\"async\" class=\"alignnone size-full wp-image-1861\" src=\"https:\/\/fmp-components.com\/wp-content\/uploads\/2024\/12\/Other-Agricultural-Gearboxes.webp\" sizes=\"(min-width: 0px) and (max-width: 480px) 480px, (min-width: 481px) and (max-width: 980px) 980px, (min-width: 981px) 1200px, 100vw\" srcset=\"https:\/\/fmp-components.com\/wp-content\/uploads\/2024\/12\/Other-Agricultural-Gearboxes.webp 1200w, https:\/\/fmp-components.com\/wp-content\/uploads\/2024\/12\/Other-Agricultural-Gearboxes-980x1143.webp 980w, https:\/\/fmp-components.com\/wp-content\/uploads\/2024\/12\/Other-Agricultural-Gearboxes-480x560.webp 480w\" alt=\"Altri-cambi-agricoli\" width=\"1200\" height=\"1400\" title=\"\"><\/p>\n<p>Tekij\u00e4: CX<\/p>","protected":false},"excerpt":{"rendered":"<p>FMP-RC61T Rotary Cutter Gearbox for Rotary Cutter The FMP-RC61T Rotary Cutter Gearbox is a high-performance gearbox designed to power rotary cutters in demanding agricultural and industrial applications. Engineered for durability, efficiency, and reliability, the FMP-RC61T is an ideal solution for large-scale mowing, land clearing, and vegetation management tasks. This gearbox offers enhanced power transmission and [&hellip;]<\/p>","protected":false},"featured_media":2258,"comment_status":"open","ping_status":"closed","template":"","meta":{"_et_pb_use_builder":"","_et_pb_old_content":"","_et_gb_content_width":""},"product_brand":[],"product_cat":[56],"product_tag":[],"class_list":{"0":"post-2253","1":"product","2":"type-product","3":"status-publish","4":"has-post-thumbnail","6":"product_cat-rotary-cutter-gearbox","8":"first","9":"instock","10":"shipping-taxable","11":"product-type-simple"},"_links":{"self":[{"href":"https:\/\/fmp-components.com\/fi\/wp-json\/wp\/v2\/product\/2253","targetHints":{"allow":["GET"]}}],"collection":[{"href":"https:\/\/fmp-components.com\/fi\/wp-json\/wp\/v2\/product"}],"about":[{"href":"https:\/\/fmp-components.com\/fi\/wp-json\/wp\/v2\/types\/product"}],"replies":[{"embeddable":true,"href":"https:\/\/fmp-components.com\/fi\/wp-json\/wp\/v2\/comments?post=2253"}],"wp:featuredmedia":[{"embeddable":true,"href":"https:\/\/fmp-components.com\/fi\/wp-json\/wp\/v2\/media\/2258"}],"wp:attachment":[{"href":"https:\/\/fmp-components.com\/fi\/wp-json\/wp\/v2\/media?parent=2253"}],"wp:term":[{"taxonomy":"product_brand","embeddable":true,"href":"https:\/\/fmp-components.com\/fi\/wp-json\/wp\/v2\/product_brand?post=2253"},{"taxonomy":"product_cat","embeddable":true,"href":"https:\/\/fmp-components.com\/fi\/wp-json\/wp\/v2\/product_cat?post=2253"},{"taxonomy":"product_tag","embeddable":true,"href":"https:\/\/fmp-components.com\/fi\/wp-json\/wp\/v2\/product_tag?post=2253"}],"curies":[{"name":"wp","href":"https:\/\/api.w.org\/{rel}","templated":true}]}}