{"id":2226,"date":"2024-12-31T02:13:47","date_gmt":"2024-12-31T02:13:47","guid":{"rendered":"https:\/\/fmp-components.com\/?page_id=8"},"modified":"2024-12-31T02:25:49","modified_gmt":"2024-12-31T02:25:49","slug":"rotary-cutter-gearboxes-replacement-of-omni-code-rc-30-gearbox","status":"publish","type":"product","link":"https:\/\/fmp-components.com\/fi\/product\/rotary-cutter-gearboxes-replacement-of-omni-code-rc-30-gearbox\/","title":{"rendered":"Py\u00f6riv\u00e4n leikkurin vaihteistot \u2013 Omni Code RC-30 -vaihteiston vaihto"},"content":{"rendered":"<p style=\"text-align: center;\"><span style=\"font-size: 18pt;\">Py\u00f6riv\u00e4n leikkurin vaihteistot \u2013 Omni Code RC-30 -vaihteiston korvaaja<\/span><\/p>\n<p>Py\u00f6r\u00f6leikkurin vaihdelaatikko \u2013 Omni Code RC-30 -vaihteiston korvaaja \u2013 on suunniteltu suoraan korvaamaan Omni Code RC-30 -vaihteistoa. Se tarjoaa luotettavan ja tehokkaan ratkaisun maatalous-, maanhoito- ja teollisuussovelluksissa k\u00e4ytett\u00e4ville py\u00f6r\u00f6leikkureille. T\u00e4m\u00e4 vaihdelaatikko on suunniteltu tarjoamaan saumatonta yhteensopivuutta, mik\u00e4 varmistaa, ett\u00e4 py\u00f6r\u00f6leikkurisi toimivuus ja tehokkuus palautuvat t\u00e4ysin ja monissa tapauksissa jopa paranevat.<\/p>\n<p><img loading=\"lazy\" decoding=\"async\" class=\"alignnone size-full wp-image-2230\" src=\"https:\/\/fmp-components.com\/wp-content\/uploads\/2024\/12\/Rotary-Cutter-Gearbox-121.webp\" alt=\"Py\u00f6riv\u00e4n leikkurin vaihdelaatikko\" width=\"1827\" height=\"1828\" title=\"\" srcset=\"https:\/\/fmp-components.com\/wp-content\/uploads\/2024\/12\/Rotary-Cutter-Gearbox-121.webp 1827w, https:\/\/fmp-components.com\/wp-content\/uploads\/2024\/12\/Rotary-Cutter-Gearbox-121-1280x1281.webp 1280w, https:\/\/fmp-components.com\/wp-content\/uploads\/2024\/12\/Rotary-Cutter-Gearbox-121-980x981.webp 980w, https:\/\/fmp-components.com\/wp-content\/uploads\/2024\/12\/Rotary-Cutter-Gearbox-121-480x480.webp 480w\" sizes=\"(min-width: 0px) and (max-width: 480px) 480px, (min-width: 481px) and (max-width: 980px) 980px, (min-width: 981px) and (max-width: 1280px) 1280px, (min-width: 1281px) 1827px, 100vw\" \/><\/p>\n<h3>T\u00e4rkeimm\u00e4t ominaisuudet:<\/h3>\n<ol>\n<li>Suora korvaaja Omni Code RC-30:lle<br \/>\nVaihdelaatikko on suunniteltu erityisesti vastaamaan Omni Code RC-30:n teknisi\u00e4 tietoja, mik\u00e4 varmistaa t\u00e4ydellisen yhteensopivuuden olemassa olevien py\u00f6r\u00f6leikkureiden kanssa. Se sopii j\u00e4rjestelm\u00e4\u00e4si vaivattomasti ilman lis\u00e4muutoksia.<\/li>\n<li>Suuri teho (40 hv)<br \/>\nT\u00e4m\u00e4 jopa 40 hevosvoiman tehoon suunniteltu vaihteisto tarjoaa tarvittavan tehon raskaaseen py\u00f6r\u00f6leikkuuty\u00f6h\u00f6n, joten se sopii laaja-alaiseen niittoon, maanraivaukseen ja muihin vaativiin teht\u00e4viin.<\/li>\n<li>Kest\u00e4v\u00e4 rakenne<br \/>\nKorkealaatuisista ja kest\u00e4vist\u00e4 materiaaleista valmistettu vaihteisto on suunniteltu kest\u00e4m\u00e4\u00e4n pitk\u00e4\u00e4 k\u00e4ytt\u00f6ik\u00e4\u00e4 ja kulumista jopa ankarimmissa kentt\u00e4olosuhteissa. Se on suunniteltu kest\u00e4m\u00e4\u00e4n jatkuvan k\u00e4yt\u00f6n rasitukset vaativissa ymp\u00e4rist\u00f6iss\u00e4.<\/li>\n<li>Tehokas voimansiirto<br \/>\nVaihteisto optimoi voimansiirron traktorin voimanottoakselilta py\u00f6r\u00f6leikkuuteriin, mik\u00e4 v\u00e4hent\u00e4\u00e4 energiah\u00e4vi\u00f6t\u00e4 ja parantaa leikkuutehoa. T\u00e4m\u00e4 tehokkuus johtaa parempaan polttoainetalouteen ja alhaisempiin k\u00e4ytt\u00f6kustannuksiin.<\/li>\n<li>Helppohoitoisuus<br \/>\nYksinkertaiseksi suunniteltu vaihdelaatikko on varustettu tiivistetyill\u00e4 laakereilla ja helposti saavutettavilla osilla, mik\u00e4 v\u00e4hent\u00e4\u00e4 huoltoteht\u00e4vien tiheytt\u00e4 ja monimutkaisuutta. T\u00e4m\u00e4 tekee siit\u00e4 ihanteellisen valinnan k\u00e4ytt\u00e4jille, jotka haluavat minimoida seisokkiajat ja huoltokustannukset.<\/li>\n<\/ol>\n<p>Py\u00f6r\u00f6leikkurin vaihdelaatikko \u2013 Omni Code RC-30 -vaihteiston korvaaja \u2013 on ihanteellinen ratkaisu k\u00e4ytt\u00e4jille, jotka etsiv\u00e4t luotettavaa ja tehokasta korvaajaa, joka tarjoaa saman tai paremman suorituskyvyn kuin alkuper\u00e4inen RC-30-vaihteisto. Kest\u00e4v\u00e4n rakenteensa, suuren tehonkestonsa ja helppojen huolto-ominaisuuksiensa ansiosta t\u00e4m\u00e4 vaihdelaatikko tarjoaa erinomaista vastinetta rahalle ja sopii t\u00e4ydellisesti vaativiin py\u00f6r\u00f6leikkaussovelluksiin. Olitpa sitten vaihtamassa kulunutta Omni Code RC-30 -vaihteistoa tai p\u00e4ivitt\u00e4m\u00e4ss\u00e4 laitteitasi, t\u00e4m\u00e4 vaihdelaatikko varmistaa py\u00f6r\u00f6leikkurisi tasaisen suorituskyvyn ja kest\u00e4vyyden.<\/p>\n<h2>RC-30-py\u00f6r\u00f6leikkureiden vaihteistojen tekniset tiedot<\/h2>\n<p><img loading=\"lazy\" decoding=\"async\" class=\"alignnone size-full wp-image-2227\" src=\"https:\/\/fmp-components.com\/wp-content\/uploads\/2024\/12\/FMP-RC30-Series-Rotary-Cutter-Gearboxes-Specifications.webp\" alt=\"FMP-RC30-sarjan py\u00f6r\u00f6leikkurivaihteiden tekniset tiedot\" width=\"1469\" height=\"882\" title=\"\" srcset=\"https:\/\/fmp-components.com\/wp-content\/uploads\/2024\/12\/FMP-RC30-Series-Rotary-Cutter-Gearboxes-Specifications.webp 1469w, https:\/\/fmp-components.com\/wp-content\/uploads\/2024\/12\/FMP-RC30-Series-Rotary-Cutter-Gearboxes-Specifications-1280x769.webp 1280w, https:\/\/fmp-components.com\/wp-content\/uploads\/2024\/12\/FMP-RC30-Series-Rotary-Cutter-Gearboxes-Specifications-980x588.webp 980w, https:\/\/fmp-components.com\/wp-content\/uploads\/2024\/12\/FMP-RC30-Series-Rotary-Cutter-Gearboxes-Specifications-480x288.webp 480w\" sizes=\"(min-width: 0px) and (max-width: 480px) 480px, (min-width: 481px) and (max-width: 980px) 980px, (min-width: 981px) and (max-width: 1280px) 1280px, (min-width: 1281px) 1469px, 100vw\" \/><\/p>\n<table style=\"width: 96.259%; height: 494px;\" border=\"1\" cellspacing=\"0\" cellpadding=\"0\">\n<tbody>\n<tr>\n<td>Malli<\/td>\n<td>FMP-RC30-sarjan py\u00f6r\u00f6leikkureiden vaihteistot<\/td>\n<td>Hevosvoima<\/td>\n<td>40 hv<\/td>\n<\/tr>\n<tr>\n<td class=\"et2\" rowspan=\"2\" width=\"117\" height=\"126\">V\u00e4\u00e4nt\u00f6momentti<\/td>\n<td class=\"et2\" width=\"117\">2 800\u20134 667 paunaa tuumaa<\/td>\n<td>Sy\u00f6tt\u00f6kierrosluku<\/td>\n<td>540\/1000<\/td>\n<\/tr>\n<tr>\n<td class=\"et2\" width=\"117\">(316\u2013527 Nm)<\/td>\n<td>L\u00e4ht\u00f6kierrosluku<\/td>\n<td>793\/1470<\/td>\n<\/tr>\n<tr>\n<td class=\"et2\" width=\"117\" height=\"72\">Suhteet<\/td>\n<td class=\"et2\" width=\"117\">1:1.47, 1:1.71, 1:1.93<\/td>\n<td class=\"a-text-bold\">Tuloakselin halkaisija<\/td>\n<td>1-3\/8\u201d \u2013 6-urainen<\/td>\n<\/tr>\n<tr>\n<td>Vaihteiston tyyppi<\/td>\n<td>Viiste<\/td>\n<td class=\"a-text-bold\">Leikkauspultin reik\u00e4<\/td>\n<td>1\/2&#8243;<\/td>\n<\/tr>\n<tr>\n<td>Tiivisteen tyyppi<\/td>\n<td>Kolminkertainen jousikuormitettu huuli<\/td>\n<td class=\"a-text-bold\">L\u00e4ht\u00f6akselin halkaisija<\/td>\n<td>1,47 tuumaa \u2013 12 kartiomainen ura<\/td>\n<\/tr>\n<tr>\n<td>Laakerityyppi<\/td>\n<td>Syv\u00e4 urapallo<\/td>\n<td class=\"a-text-bold\">Mount<\/td>\n<td>4-pulttinen kiinnitys<\/td>\n<\/tr>\n<tr>\n<td class=\"et2\" rowspan=\"2\" width=\"117\" height=\"54\">\u00d6ljykapasiteetti<\/td>\n<td class=\"et2\" width=\"117\">23 unssia<\/td>\n<td class=\"a-text-bold\">Pulttikuvio<\/td>\n<td>4-3\/4&#8243;<\/td>\n<\/tr>\n<tr>\n<td class=\"et2\" width=\"117\">(0,68 litraa)<\/td>\n<td>Kierto<\/td>\n<td>Vastap\u00e4iv\u00e4\u00e4n tulo antaa my\u00f6t\u00e4p\u00e4iv\u00e4\u00e4n l\u00e4hd\u00f6n<\/td>\n<\/tr>\n<tr>\n<td class=\"et2\" rowspan=\"2\" width=\"117\" height=\"54\">Paino<\/td>\n<td class=\"et2\" width=\"117\">51 paunaa<\/td>\n<td>Koko<\/td>\n<td>10-1\/4\u2033 x 7\u2033 x 7\u2033<\/td>\n<\/tr>\n<tr>\n<td class=\"et2\" width=\"117\">(23,1 kg)<\/td>\n<td>Lent\u00e4j\u00e4<\/td>\n<td>5-1\/4 tuuman halkaisija<\/td>\n<\/tr>\n<\/tbody>\n<\/table>\n<h2>RC-30 40 hv:n py\u00f6r\u00f6leikkurin vaihteistojen ominaisuudet<\/h2>\n<p>RC-30 40 hv:n py\u00f6r\u00f6leikkureiden vaihteisto on suunniteltu raskaaseen maatalousk\u00e4ytt\u00f6\u00f6n. Se tarjoaa vankan ratkaisun py\u00f6r\u00f6leikkureille 40 hv:n teholla. Sen suuri tehokapasiteetti varmistaa erinomaisen suorituskyvyn vaativissa ymp\u00e4rist\u00f6iss\u00e4 ja hoitaa tehokkaasti esimerkiksi maanraivauksen ja nurmikonhoidon. Vaihteisto on valmistettu kest\u00e4vist\u00e4 materiaaleista ja tarkkuustekniikalla, mik\u00e4 takaa pitk\u00e4kestoisen kest\u00e4vyyden ja luotettavuuden my\u00f6s ankarissa ty\u00f6olosuhteissa.<\/p>\n<p>Helppok\u00e4ytt\u00f6iseksi suunniteltu RC-30-vaihteisto sis\u00e4lt\u00e4\u00e4 ominaisuuksia, jotka parantavat huoltotehokkuutta, kuten helposti saavutettavat sis\u00e4iset komponentit ja tiivistetyt laakerit. N\u00e4m\u00e4 ominaisuudet minimoivat seisokkiajat ja alentavat huoltokustannuksia, mik\u00e4 tekee vaihteistosta ihanteellisen valinnan k\u00e4ytt\u00e4jille, jotka etsiv\u00e4t luotettavuutta ja alhaisia \u200b\u200bhuoltotarpeita. Lis\u00e4ksi sen kompakti ja kevyt rakenne varmistaa, ett\u00e4 se voidaan helposti integroida erilaisiin py\u00f6r\u00f6leikkurij\u00e4rjestelmiin suorituskyvyst\u00e4 tinkim\u00e4tt\u00e4.<\/p>\n<p>Vaihteisto on erinomainen l\u00e4mm\u00f6npoistossa, sill\u00e4 se yll\u00e4pit\u00e4\u00e4 optimaaliset l\u00e4mp\u00f6tilat pitk\u00e4aikaisen k\u00e4yt\u00f6n aikana ja est\u00e4\u00e4 ylikuumenemisen. Se sis\u00e4lt\u00e4\u00e4 my\u00f6s suojausmekanismeja, jotka est\u00e4v\u00e4t ylikuormituksen aiheuttamia vaurioita, varmistaen pitk\u00e4n k\u00e4ytt\u00f6i\u00e4n ja jatkuvan toiminnan. Suunnittelu on erityisesti tarkoitettu maksimoimaan voimansiirron tehokkuus, v\u00e4hent\u00e4m\u00e4\u00e4n energiah\u00e4vi\u00f6t\u00e4 ja parantamaan polttoainetaloutta kuljettajille.<\/p>\n<p>Yhteensopivuus laajan valikoiman py\u00f6r\u00f6leikkureiden kanssa tekee RC-30:st\u00e4 monipuolisen ratkaisun maatalous- ja teollisuuskoneisiin. Sen korroosionkest\u00e4v\u00e4 rakenne varmistaa, ett\u00e4 se toimii hyvin erilaisissa ymp\u00e4rist\u00f6olosuhteissa, kuten kosteissa olosuhteissa tai rannikkoalueilla. Kaiken kaikkiaan RC-30 40 hv:n py\u00f6r\u00f6leikkurin vaihteisto tarjoaa luotettavan, tehokkaan ja kest\u00e4v\u00e4n ratkaisun vaativiin maatalousteht\u00e4viin.<\/p>\n<p><img loading=\"lazy\" decoding=\"async\" class=\"alignnone size-full wp-image-2229\" src=\"https:\/\/fmp-components.com\/wp-content\/uploads\/2024\/12\/Rotary-Cutter-Gearbox-561.webp\" alt=\"Py\u00f6riv\u00e4n leikkurin vaihdelaatikko\" width=\"2559\" height=\"1601\" title=\"\" srcset=\"https:\/\/fmp-components.com\/wp-content\/uploads\/2024\/12\/Rotary-Cutter-Gearbox-561.webp 2559w, https:\/\/fmp-components.com\/wp-content\/uploads\/2024\/12\/Rotary-Cutter-Gearbox-561-1280x801.webp 1280w, https:\/\/fmp-components.com\/wp-content\/uploads\/2024\/12\/Rotary-Cutter-Gearbox-561-980x613.webp 980w, https:\/\/fmp-components.com\/wp-content\/uploads\/2024\/12\/Rotary-Cutter-Gearbox-561-480x300.webp 480w\" sizes=\"(min-width: 0px) and (max-width: 480px) 480px, (min-width: 481px) and (max-width: 980px) 980px, (min-width: 981px) and (max-width: 1280px) 1280px, (min-width: 1281px) 2559px, 100vw\" \/><\/p>\n<h2>RC-30-py\u00f6r\u00f6leikkurin vaihteiston k\u00e4yt\u00f6n edut<\/h2>\n<p>RC-30-py\u00f6r\u00f6leikkurin vaihteisto tarjoaa useita selkeit\u00e4 etuja, jotka tekev\u00e4t siit\u00e4 erinomaisen valinnan maatalous- ja teollisuussovelluksiin:<\/p>\n<p><strong>Parannettu kest\u00e4vyys ja pitk\u00e4ik\u00e4isyys<\/strong><\/p>\n<ul>\n<li>Vaihteisto on suunniteltu kest\u00e4vist\u00e4 materiaaleista ja tarkkuustekniikalla, mik\u00e4 varmistaa, ett\u00e4 se kest\u00e4\u00e4 ankarimmatkin maatalousymp\u00e4rist\u00f6jen olosuhteet. Sen kest\u00e4v\u00e4 rakenne minimoi osien vaihtotarpeen ja takaa pitk\u00e4aikaisen luotettavuuden.<\/li>\n<\/ul>\n<p><strong>Korkea energiatehokkuus<\/strong><\/p>\n<ul>\n<li>40 hv:n teholla varustettu RC-30-vaihteisto siirt\u00e4\u00e4 tehokkaasti voiman voimanottoakselilta py\u00f6r\u00f6leikkuriin minimoiden energiah\u00e4vi\u00f6n. T\u00e4m\u00e4 korkea hy\u00f6tysuhde ei ainoastaan \u200b\u200bparanna leikkuutehoa, vaan auttaa my\u00f6s v\u00e4hent\u00e4m\u00e4\u00e4n polttoaineenkulutusta ja k\u00e4ytt\u00f6kustannuksia.<\/li>\n<\/ul>\n<p><strong>V\u00e4h\u00e4inen huoltotarve ja helppo huollettavuus<\/strong><\/p>\n<ul>\n<li>RC-30-vaihteisto on suunniteltu helposti huollettavaksi, ja sen komponentit ovat helposti saavutettavissa, ja laakerit on tiivistetty, joten voitelua tarvitaan harvemmin. T\u00e4m\u00e4 v\u00e4hent\u00e4\u00e4 seisokkiaikoja ja minimoi toiminnan keskeytykset, mik\u00e4 tarjoaa tehokkaamman ja kustannustehokkaamman ratkaisun.<\/li>\n<\/ul>\n<p><strong>Parannettu l\u00e4mm\u00f6nhukka<\/strong><\/p>\n<ul>\n<li>Vaihteisto on optimoitu l\u00e4mm\u00f6nhallintaa varten, mik\u00e4 varmistaa sen tehokkaan toiminnan my\u00f6s raskaissa kuormissa tai pitk\u00e4aikaisessa k\u00e4yt\u00f6ss\u00e4. Sen erinomainen l\u00e4mm\u00f6npoistotekniikka est\u00e4\u00e4 ylikuumenemisen, suojaa sis\u00e4isi\u00e4 komponentteja ja varmistaa tasaisen suorituskyvyn.<\/li>\n<\/ul>\n<p><strong>Monipuolisuus ja yhteensopivuus<\/strong><\/p>\n<ul>\n<li>RC-30-vaihteisto on yhteensopiva laajan valikoiman py\u00f6r\u00f6leikkureiden kanssa, mik\u00e4 tarjoaa joustavuutta erilaisissa maatalous- ja teollisuussovelluksissa. Se voidaan helposti integroida olemassa oleviin j\u00e4rjestelmiin, mik\u00e4 tekee siit\u00e4 monipuolisen ratkaisun erilaisiin konekokoonpanoihin.<\/li>\n<\/ul>\n<p>N\u00e4m\u00e4 edut tekev\u00e4t RC-30-py\u00f6r\u00f6leikkurin vaihteistosta ihanteellisen valinnan niille, jotka etsiv\u00e4t luotettavaa ja tehokasta laitetta, joka tuottaa pitk\u00e4kestoisia tuloksia minimaalisilla huolto- ja k\u00e4ytt\u00f6kustannuksilla.<\/p>\n<p><img loading=\"lazy\" decoding=\"async\" class=\"alignnone size-full wp-image-2228\" src=\"https:\/\/fmp-components.com\/wp-content\/uploads\/2024\/12\/Rotary-Cutter-Gearbox-601.webp\" alt=\"Py\u00f6riv\u00e4n leikkurin vaihdelaatikko\" width=\"1060\" height=\"930\" title=\"\" srcset=\"https:\/\/fmp-components.com\/wp-content\/uploads\/2024\/12\/Rotary-Cutter-Gearbox-601.webp 1060w, https:\/\/fmp-components.com\/wp-content\/uploads\/2024\/12\/Rotary-Cutter-Gearbox-601-980x860.webp 980w, https:\/\/fmp-components.com\/wp-content\/uploads\/2024\/12\/Rotary-Cutter-Gearbox-601-480x421.webp 480w\" sizes=\"(min-width: 0px) and (max-width: 480px) 480px, (min-width: 481px) and (max-width: 980px) 980px, (min-width: 981px) 1060px, 100vw\" \/><\/p>\n<h2>RC-30 40 HP:n py\u00f6r\u00f6leikkurin vaihdelaatikko py\u00f6r\u00f6leikkuriin<\/h2>\n<p>RC-30 40 HP:n py\u00f6r\u00f6leikkurin vaihteisto on erikoisvaihteisto, joka on suunniteltu optimoimaan maataloudessa ja maanhoidossa k\u00e4ytett\u00e4vien py\u00f6r\u00f6leikkureiden suorituskyky\u00e4 ja tehokkuutta. T\u00e4m\u00e4 vaihteisto on keskeinen komponentti, joka varmistaa luotettavan voimansiirron traktorin voimanottoakselilta (voimanottoakseli) py\u00f6r\u00f6leikkurin terille, mik\u00e4 mahdollistaa sujuvan ja tasaisen leikkuun. Alla on lueteltu erityisesti py\u00f6r\u00f6leikkureille suunnitellun RC-30 40 HP:n py\u00f6r\u00f6leikkurin vaihteiston t\u00e4rkeimm\u00e4t ominaisuudet ja edut:<\/p>\n<p><strong>Suuri tehonkesto (40 hv)<\/strong><\/p>\n<p>RC-30-vaihteisto on suunniteltu k\u00e4sittelem\u00e4\u00e4n jopa 40 hevosvoimaa, mik\u00e4 tarjoaa runsaasti tehoa raskaisiin py\u00f6r\u00f6leikkureihin. T\u00e4m\u00e4 tekee siit\u00e4 ihanteellisen k\u00e4ytett\u00e4v\u00e4ksi laajamittaisessa maanraivauksessa, niitossa ja muissa vaativissa maatalousteht\u00e4viss\u00e4 varmistaen, ett\u00e4 py\u00f6r\u00f6leikkuri toimii tehokkaasti erilaisissa olosuhteissa.<br \/>\n<strong>Kest\u00e4v\u00e4 ja tukeva rakenne<\/strong><\/p>\n<p>RC-30-vaihteisto on valmistettu eritt\u00e4in lujista materiaaleista ja se on rakennettu kest\u00e4m\u00e4\u00e4n ankaria pelto-olosuhteita. Sen kest\u00e4v\u00e4 rakenne varmistaa, ett\u00e4 se pysyy toimintakunnossa my\u00f6s vaikeissa olosuhteissa, kuten ep\u00e4tasaisessa maastossa ja tihe\u00e4ss\u00e4 kasvillisuudessa, mik\u00e4 pident\u00e4\u00e4 sen k\u00e4ytt\u00f6ik\u00e4\u00e4 ja v\u00e4hent\u00e4\u00e4 huoltotarvetta.<\/p>\n<p><strong>Tehokas voimansiirto<\/strong><\/p>\n<p>Vaihteisto varmistaa tehokkaan voimansiirron traktorin voimanotosta py\u00f6r\u00f6leikkuriin, mik\u00e4 minimoi energiah\u00e4vikin ja optimoi leikkuutehon. T\u00e4m\u00e4 korkea hy\u00f6tysuhde auttaa my\u00f6s v\u00e4hent\u00e4m\u00e4\u00e4n polttoaineenkulutusta ja k\u00e4ytt\u00f6kustannuksia, mik\u00e4 tekee siit\u00e4 taloudellisesti kannattavan vaihtoehdon kuljettajille.<\/p>\n<p><strong>Helppohoitoisuus<\/strong><\/p>\n<p>RC-30-vaihteisto on suunniteltu helppok\u00e4ytt\u00f6iseksi huollettavaksi, ja siin\u00e4 on suljetut laakerit ja helposti saavutettavat sis\u00e4iset komponentit, mik\u00e4 yksinkertaistaa s\u00e4\u00e4nn\u00f6llisi\u00e4 huoltoteht\u00e4vi\u00e4, kuten voitelua. T\u00e4m\u00e4 ominaisuus auttaa minimoimaan seisokkiajat ja varmistamaan, ett\u00e4 py\u00f6r\u00f6leikkuri pysyy huippukunnossa minimaalisella vaivalla.<\/p>\n<p><strong>L\u00e4mm\u00f6npoisto- ja ylikuormitussuoja<\/strong><\/p>\n<p>RC-30-vaihteisto on suunniteltu erinomaisilla l\u00e4mm\u00f6npoisto-ominaisuuksilla, jotka est\u00e4v\u00e4t ylikuumenemisen pitk\u00e4aikaisen k\u00e4yt\u00f6n aikana. Lis\u00e4ksi siin\u00e4 on integroidut ylikuormitussuojamekanismit, jotka suojaavat vaihdelaatikkoa liialliselta rasitukselta, varmistavat sen kest\u00e4vyyden ja v\u00e4hent\u00e4v\u00e4t ennenaikaisen vikaantumisen riski\u00e4.<\/p>\n<p><strong>Monipuolisuus ja yhteensopivuus<\/strong><\/p>\n<p>RC-30-vaihteisto on yhteensopiva monenlaisten py\u00f6r\u00f6leikkureiden kanssa, mik\u00e4 tekee siit\u00e4 monipuolisen vaihtoehdon erilaisiin k\u00e4ytt\u00f6tarkoituksiin. Sen mukautuva rakenne mahdollistaa saumattoman integroinnin olemassa oleviin laitteisiin, mik\u00e4 tarjoaa joustavuutta erilaisiin maatalousteht\u00e4viin.<\/p>\n<p><strong>Korroosionkest\u00e4v\u00e4 rakenne<\/strong><\/p>\n<p>Vaihteisto on suunniteltu kest\u00e4m\u00e4\u00e4n korroosiota my\u00f6s kosteissa tai rannikkoymp\u00e4rist\u00f6iss\u00e4, joten se soveltuu k\u00e4ytett\u00e4v\u00e4ksi erilaisissa ilmastoissa ja s\u00e4\u00e4olosuhteissa. T\u00e4m\u00e4 varmistaa vaihteiston pitk\u00e4n k\u00e4ytt\u00f6i\u00e4n ja luotettavan suorituskyvyn ulkoisista ymp\u00e4rist\u00f6tekij\u00f6ist\u00e4 riippumatta.<\/p>\n<p>RC-30 40 hv:n py\u00f6r\u00f6leikkureiden vaihteisto on tehokas, taloudellinen ja kest\u00e4v\u00e4 vaihteisto, joka on r\u00e4\u00e4t\u00e4l\u00f6ity optimoimaan py\u00f6r\u00f6leikkureiden suorituskyky\u00e4. Sen suuri tehonkesto, kest\u00e4v\u00e4 rakenne ja helposti huollettavat ominaisuudet tekev\u00e4t siit\u00e4 ihanteellisen valinnan maatalous- ja teollisuussovelluksiin, tarjoten k\u00e4ytt\u00e4jille luotettavan ratkaisun vaativiin niitto- ja maanraivaust\u00f6ihin. RC-30 varmistaa sujuvan toiminnan, v\u00e4hent\u00e4\u00e4 seisokkiaikoja ja minimoi k\u00e4ytt\u00f6kustannukset samalla, kun se s\u00e4ilytt\u00e4\u00e4 tehokkaan py\u00f6r\u00f6leikkuun edellytt\u00e4m\u00e4t korkeat teho- ja suorituskykystandardit.<\/p>\n<p><img loading=\"lazy\" decoding=\"async\" class=\"alignnone size-full wp-image-2232\" src=\"https:\/\/fmp-components.com\/wp-content\/uploads\/2024\/12\/40-HP-Rotary-Cutter-Gearbox-for-Rotary-Cutter1.webp\" alt=\"Py\u00f6riv\u00e4n leikkurin vaihdelaatikko\" width=\"1000\" height=\"530\" title=\"\" srcset=\"https:\/\/fmp-components.com\/wp-content\/uploads\/2024\/12\/40-HP-Rotary-Cutter-Gearbox-for-Rotary-Cutter1.webp 1000w, https:\/\/fmp-components.com\/wp-content\/uploads\/2024\/12\/40-HP-Rotary-Cutter-Gearbox-for-Rotary-Cutter1-980x519.webp 980w, https:\/\/fmp-components.com\/wp-content\/uploads\/2024\/12\/40-HP-Rotary-Cutter-Gearbox-for-Rotary-Cutter1-480x254.webp 480w\" sizes=\"(min-width: 0px) and (max-width: 480px) 480px, (min-width: 481px) and (max-width: 980px) 980px, (min-width: 981px) 1000px, 100vw\" \/><\/p>\n<h3>Tietoja FMP:st\u00e4<\/h3>\n<p>Italiassa p\u00e4\u00e4konttoriaan pit\u00e4v\u00e4 FMP on johtava valmistaja, joka tunnetaan asiantuntemuksestaan \u200b\u200btehokkaiden vaihteistojen suunnittelussa, kehitt\u00e4misess\u00e4 ja tuotannossa, keskittyen erityisesti maatalouskonesektoriin. Tarkkuuden, innovatiivisten ratkaisujen ja horjumattoman luotettavuuden ansiosta FMP:st\u00e4 on tullut luotettava kumppani sek\u00e4 maatalous- ett\u00e4 teollisuussektorin kehittyviin tarpeisiin. Monipuolinen tuotevalikoimamme sis\u00e4lt\u00e4\u00e4 ruohonleikkureiden, nivelakseleiden ja muiden t\u00e4rkeiden komponenttien erikoisvaihteistoja, jotka kaikki on huolellisesti suunniteltu tarjoamaan r\u00e4\u00e4t\u00e4l\u00f6ityj\u00e4 ratkaisuja laajaan k\u00e4ytt\u00f6tarkoitukseen.<\/p>\n<p>FMP:ll\u00e4 ymm\u00e4rr\u00e4mme, ett\u00e4 jokaisella asiakkaalla on ainutlaatuiset vaatimukset ja haasteet. Siksi olemme erikoistuneet r\u00e4\u00e4t\u00e4l\u00f6ityjen ratkaisujen tarjoamiseen, olipa kyse sitten yksitt\u00e4isist\u00e4 komponenteista tai t\u00e4ysin integroiduista j\u00e4rjestelmist\u00e4. Teemme tiivist\u00e4 yhteisty\u00f6t\u00e4 asiakkaidemme kanssa varmistaaksemme, ett\u00e4 jokainen ratkaisu on paitsi tehokas my\u00f6s tuloksellinen, optimoiden sek\u00e4 suorituskyvyn ett\u00e4 arvon. Sitoutumisemme tarjoamaan nopeita ja ammattimaisia \u200b\u200bvastauksia sek\u00e4 asiantuntevaa ohjausta varmistaa, ett\u00e4 jokaista tiedustelua k\u00e4sitell\u00e4\u00e4n \u00e4\u00e4rimm\u00e4isen huolellisesti ja tarkasti, mik\u00e4 johtaa parhaisiin mahdollisiin tuloksiin.<\/p>\n<p>Priorisoimme avointa ja jatkuvaa viestint\u00e4\u00e4 koko tuotekehitysprosessin ajan. Omistautunut tiimimme ty\u00f6skentelee suoraan asiakkaiden kanssa ymm\u00e4rt\u00e4\u00e4kseen t\u00e4ysin heid\u00e4n erityistarpeensa ja tarjoaa arvokkaita n\u00e4kemyksi\u00e4 ja suosituksia optimaalisten ratkaisujen varmistamiseksi. Olipa kyse innovatiivisten tuotteiden suunnittelusta tai jatkuvien tilausten t\u00e4ytt\u00e4misest\u00e4, FMP on sitoutunut toimittamaan korkealaatuisia ja tarkasti suunniteltuja ratkaisuja ajallaan, joka kerta. Tavoitteenamme on tarjota asiakkaille parasta mahdollista palvelua ja tuloksia, jotka ylitt\u00e4v\u00e4t odotukset jokaisessa projektissa.<\/p>\n<p>Laatu on FMP:n toiminnan kulmakivi. Noudatamme korkeimpia valmistusstandardeja ja toteutamme tiukkoja laadunvalvontatoimenpiteit\u00e4 varmistaaksemme, ett\u00e4 jokainen tuote ei ainoastaan \u200b\u200b\u200b\u200bt\u00e4ytt\u00e4\u00e4 alan standardeja, vaan my\u00f6s ylitt\u00e4\u00e4 ne. T\u00e4m\u00e4 horjumaton sitoutuminen laatuun yhdistettyn\u00e4 ydinarvoihimme, kuten rehellisyyteen, tiimity\u00f6h\u00f6n ja sinnikkyyteen, on mahdollistanut pitk\u00e4aikaisten ja luottamukseen perustuvien asiakassuhteiden rakentamisen l\u00e4hes 30 maassa maailmanlaajuisesti.<\/p>\n<p>FMP on aina avoin globaalien kumppanuuksien edist\u00e4miselle ja on edelleen sitoutunut tarjoamaan asiantuntevaa neuvontaa ja r\u00e4\u00e4t\u00e4l\u00f6ityj\u00e4 ratkaisuja, jotka vastaavat asiakkaidemme monimuotoisiin tarpeisiin. Emme tyydy pelk\u00e4st\u00e4\u00e4n tuotteiden toimittamiseen; pyrimme rakentamaan kest\u00e4vi\u00e4 suhteita, jotka edist\u00e4v\u00e4t jokaisen projektin onnistumista. Tarvitsetpa sitten innovatiivisia ratkaisuja uuteen aloitteeseen tai jatkuvaa tukea olemassa olevalle j\u00e4rjestelm\u00e4lle, FMP on t\u00e4\u00e4ll\u00e4 ratkaisemassa tekniset haasteesi ja varmistamassa jatkuvan menestyksesi.<\/p>\n<p><img loading=\"lazy\" decoding=\"async\" class=\"alignnone size-full wp-image-1861\" src=\"https:\/\/fmp-components.com\/wp-content\/uploads\/2024\/12\/Other-Agricultural-Gearboxes.webp\" sizes=\"(min-width: 0px) and (max-width: 480px) 480px, (min-width: 481px) and (max-width: 980px) 980px, (min-width: 981px) 1200px, 100vw\" srcset=\"https:\/\/fmp-components.com\/wp-content\/uploads\/2024\/12\/Other-Agricultural-Gearboxes.webp 1200w, https:\/\/fmp-components.com\/wp-content\/uploads\/2024\/12\/Other-Agricultural-Gearboxes-980x1143.webp 980w, https:\/\/fmp-components.com\/wp-content\/uploads\/2024\/12\/Other-Agricultural-Gearboxes-480x560.webp 480w\" alt=\"Altri-cambi-agricoli\" width=\"1200\" height=\"1400\" title=\"\"><\/p>\n<p>Tekij\u00e4: CX<\/p>","protected":false},"excerpt":{"rendered":"<p>Rotary Cutter Gearboxes \u2013 Replacement for Omni Code RC-30 Gearbox The Rotary Cutter Gearbox \u2013 Replacement for Omni Code RC-30 Gearbox is designed as a direct replacement for the Omni Code RC-30 gearbox, providing a reliable and high-performance solution for rotary cutters used in agricultural, land maintenance, and industrial applications. This replacement gearbox is engineered [&hellip;]<\/p>","protected":false},"featured_media":2231,"comment_status":"open","ping_status":"closed","template":"","meta":{"_et_pb_use_builder":"","_et_pb_old_content":"","_et_gb_content_width":""},"product_brand":[],"product_cat":[56],"product_tag":[],"class_list":{"0":"post-2226","1":"product","2":"type-product","3":"status-publish","4":"has-post-thumbnail","6":"product_cat-rotary-cutter-gearbox","8":"first","9":"instock","10":"shipping-taxable","11":"product-type-simple"},"_links":{"self":[{"href":"https:\/\/fmp-components.com\/fi\/wp-json\/wp\/v2\/product\/2226","targetHints":{"allow":["GET"]}}],"collection":[{"href":"https:\/\/fmp-components.com\/fi\/wp-json\/wp\/v2\/product"}],"about":[{"href":"https:\/\/fmp-components.com\/fi\/wp-json\/wp\/v2\/types\/product"}],"replies":[{"embeddable":true,"href":"https:\/\/fmp-components.com\/fi\/wp-json\/wp\/v2\/comments?post=2226"}],"wp:featuredmedia":[{"embeddable":true,"href":"https:\/\/fmp-components.com\/fi\/wp-json\/wp\/v2\/media\/2231"}],"wp:attachment":[{"href":"https:\/\/fmp-components.com\/fi\/wp-json\/wp\/v2\/media?parent=2226"}],"wp:term":[{"taxonomy":"product_brand","embeddable":true,"href":"https:\/\/fmp-components.com\/fi\/wp-json\/wp\/v2\/product_brand?post=2226"},{"taxonomy":"product_cat","embeddable":true,"href":"https:\/\/fmp-components.com\/fi\/wp-json\/wp\/v2\/product_cat?post=2226"},{"taxonomy":"product_tag","embeddable":true,"href":"https:\/\/fmp-components.com\/fi\/wp-json\/wp\/v2\/product_tag?post=2226"}],"curies":[{"name":"wp","href":"https:\/\/api.w.org\/{rel}","templated":true}]}}