{"id":2209,"date":"2024-12-31T00:44:14","date_gmt":"2024-12-31T00:44:14","guid":{"rendered":"https:\/\/fmp-components.com\/?page_id=8"},"modified":"2024-12-31T01:41:45","modified_gmt":"2024-12-31T01:41:45","slug":"rotary-cutter-gearboxes-replacement-of-omni-code-rc-20-gearbox","status":"publish","type":"product","link":"https:\/\/fmp-components.com\/fi\/product\/rotary-cutter-gearboxes-replacement-of-omni-code-rc-20-gearbox\/","title":{"rendered":"Py\u00f6riv\u00e4n leikkurin vaihteistot \u2013 Omni Code RC-20 -vaihteiston vaihto"},"content":{"rendered":"<p style=\"text-align: center;\"><span style=\"font-size: 18pt;\">Py\u00f6riv\u00e4n leikkurin vaihteistot \u2013 Omni Code RC-20 -vaihteiston vaihto<\/span><\/p>\n<p><img loading=\"lazy\" decoding=\"async\" class=\"size-full wp-image-2211 aligncenter\" src=\"https:\/\/fmp-components.com\/wp-content\/uploads\/2024\/12\/Rotary-Cutter-Gearboxes-Replacement-of-Omni-Code-RC-20-Gearbox-1.webp\" alt=\"Py\u00f6riv\u00e4n leikkurin vaihteistot - Omni-Code-RC-20-vaihteiston vaihto\" width=\"500\" height=\"500\" title=\"\" srcset=\"https:\/\/fmp-components.com\/wp-content\/uploads\/2024\/12\/Rotary-Cutter-Gearboxes-Replacement-of-Omni-Code-RC-20-Gearbox-1.webp 500w, https:\/\/fmp-components.com\/wp-content\/uploads\/2024\/12\/Rotary-Cutter-Gearboxes-Replacement-of-Omni-Code-RC-20-Gearbox-1-480x480.webp 480w\" sizes=\"(min-width: 0px) and (max-width: 480px) 480px, (min-width: 481px) 500px, 100vw\" \/><\/p>\n<p>Omni Code RC-20 -vaihteiston korvaava py\u00f6r\u00f6leikkurin vaihdelaatikko on suunniteltu tarjoamaan erinomaista suorituskyky\u00e4 ja kest\u00e4vyytt\u00e4 maatalous- ja teollisuussovelluksissa. T\u00e4m\u00e4 korkealaatuinen vaihdelaatikko on suunniteltu sopimaan saumattomasti py\u00f6r\u00f6leikkureihin ja tarjoamaan tehokkaan ja luotettavan ratkaisun nurmikonhoitoon, maanraivaukseen ja sadon yll\u00e4pitoon. Tarkan suunnittelun ja kest\u00e4v\u00e4n rakenteen ansiosta se varmistaa optimaalisen voimansiirron ja suorituskyvyn, jolloin py\u00f6r\u00f6leikkurit toimivat sujuvasti erilaisissa ty\u00f6olosuhteissa.<\/p>\n<h3>T\u00e4rkeimm\u00e4t ominaisuudet:<\/h3>\n<ol>\n<li><strong>Yhteensopivuus<\/strong>Vaihteisto on suunniteltu korvaamaan Omni Code RC-20 -vaihteisto, mik\u00e4 varmistaa helpon asennuksen ja yhteensopivuuden olemassa olevien laitteiden kanssa. Se tarjoaa suoran korvaavan vaihteiston, mik\u00e4 minimoi seisokkiajat ja muutost\u00f6iden tarpeen.<\/li>\n<li><strong>Korkea hy\u00f6tysuhde<\/strong>Tehokasta k\u00e4ytt\u00f6\u00e4 varten rakennettu py\u00f6r\u00f6leikkurin vaihteisto varmistaa tehokkaan voimansiirron traktorin voimanottoakselilta leikkuuterille ja maksimoi toiminnan suorituskyvyn.<\/li>\n<li><strong>Kest\u00e4vyys<\/strong>Korkealaatuisista materiaaleista valmistettu vaihteisto on suunniteltu kest\u00e4m\u00e4\u00e4n vaativia ty\u00f6ymp\u00e4rist\u00f6j\u00e4. Se tarjoaa poikkeuksellisen kest\u00e4vyyden kulumista, korroosiota ja \u00e4\u00e4rimm\u00e4isi\u00e4 kuormia vastaan, mik\u00e4 varmistaa pitk\u00e4aikaisen luotettavuuden ja alentaa yll\u00e4pitokustannuksia.<\/li>\n<li><strong>V\u00e4h\u00e4inen huoltotarve<\/strong>Vaihteiston rakenne minimoi tihe\u00e4n huollon tarpeen. Sen tiivistetyt laakerit ja tarkasti suunnitellut komponentit v\u00e4hent\u00e4v\u00e4t kitkaa, mik\u00e4 pident\u00e4\u00e4 k\u00e4ytt\u00f6ik\u00e4\u00e4 ja v\u00e4hent\u00e4\u00e4 kulumista.<\/li>\n<li><strong>Monipuolinen k\u00e4ytt\u00f6<\/strong>Ihanteellinen k\u00e4ytett\u00e4v\u00e4ksi monenlaisissa sovelluksissa, kuten pelloilla, laitumilla ja teollisuusymp\u00e4rist\u00f6iss\u00e4, joissa py\u00f6r\u00f6leikkureita k\u00e4ytet\u00e4\u00e4n nurmikon leikkaamiseen, pensaiden raivaamiseen tai ruohon ja pienten pensaiden leikkaamiseen.<\/li>\n<\/ol>\n<h2>RC20-py\u00f6r\u00f6leikkurin vaihdelaatikon tekniset tiedot<\/h2>\n<table style=\"width: 94.902%; height: 417px;\" border=\"1\" cellspacing=\"0\" cellpadding=\"0\">\n<tbody>\n<tr>\n<td style=\"width: 28.4738%;\">Malli:<\/td>\n<td style=\"width: 71.4123%;\">\u00a0FMP-RC20 py\u00f6r\u00f6leikkurin vaihdelaatikko<\/td>\n<\/tr>\n<tr>\n<td style=\"width: 28.4738%;\">Teho:<\/td>\n<td style=\"width: 71.4123%;\">15\u201318 hv<br \/>\n11\u201321 kW<\/td>\n<\/tr>\n<tr>\n<td style=\"width: 28.4738%;\">V\u00e4\u00e4nt\u00f6momentti:<\/td>\n<td style=\"width: 71.4123%;\">1 750\u20133 267 paunaa tuumaa<br \/>\n(198\u2013369 Nm)<\/td>\n<\/tr>\n<tr>\n<td style=\"width: 28.4738%;\">Suhteet:<\/td>\n<td style=\"width: 71.4123%;\">1:1.25, 1:2.83<\/td>\n<\/tr>\n<tr>\n<td style=\"width: 28.4738%;\">Vaihteiston tyyppi:<\/td>\n<td style=\"width: 71.4123%;\">Viiste<\/td>\n<\/tr>\n<tr>\n<td style=\"width: 28.4738%;\">Tiivisteen tyyppi:<\/td>\n<td style=\"width: 71.4123%;\">Kolminkertainen jousikuormitettu huuli<\/td>\n<\/tr>\n<tr>\n<td style=\"width: 28.4738%;\">Laakerityyppi:<\/td>\n<td style=\"width: 71.4123%;\">Syv\u00e4 urapallo<\/td>\n<\/tr>\n<tr>\n<td style=\"width: 28.4738%;\">\u00d6ljykapasiteetti:<\/td>\n<td style=\"width: 71.4123%;\">16 unssia<br \/>\n(0,47 litraa)<\/td>\n<\/tr>\n<tr>\n<td style=\"width: 28.4738%;\">Paino:<\/td>\n<td style=\"width: 71.4123%;\">34 paunaa<br \/>\n(15,4 kg)<\/td>\n<\/tr>\n<tr>\n<td style=\"width: 28.4738%;\">Sovellukset:<\/td>\n<td style=\"width: 71.4123%;\">Viimeistelyleikkurit<br \/>\nPy\u00f6riv\u00e4t leikkurit<br \/>\nPy\u00f6riv\u00e4t viiltimet<\/td>\n<\/tr>\n<\/tbody>\n<\/table>\n<h2>RC20-py\u00f6r\u00f6leikkurin vaihteiston v\u00e4lityssuhteen suunnittelu<\/h2>\n<p>RC20-py\u00f6r\u00f6leikkurin vaihteisto tarjoaa erilaisia \u200b\u200bv\u00e4lityssuhteita erilaisiin teho- ja leikkausvaatimuksiin. Vaihteiston v\u00e4lityssuhde m\u00e4\u00e4r\u00e4\u00e4 ter\u00e4n py\u00f6rimisnopeuden \u2013 suuremmat v\u00e4lityssuhteet johtavat nopeampaan ter\u00e4n nopeuteen mutta pienemp\u00e4\u00e4n v\u00e4\u00e4nt\u00f6momenttiin, kun taas pienemm\u00e4t v\u00e4lityssuhteet tarjoavat enemm\u00e4n v\u00e4\u00e4nt\u00f6momenttia pienemm\u00e4ll\u00e4 ter\u00e4n nopeudella.<\/p>\n<p>Saatavilla suhteissa, kuten <strong>1:1.25<\/strong> ja <strong>1:2.83<\/strong>, sopiva valinta riippuu sovelluksesi erityisvaatimuksista.<\/p>\n<ul>\n<li><strong>Korkeammat suhdeluvut<\/strong> (esim. 1:1,25) sopivat ihanteellisesti kevyempiin teht\u00e4viin, joissa nopeus on olennaista, kuten nurmikonleikkuuseen tai ruohon leikkaamiseen.<\/li>\n<li><strong>Alemmat suhdeluvut<\/strong> (esim. 1:2,83) sopivat paremmin raskaisiin k\u00e4ytt\u00f6tarkoituksiin, kuten ep\u00e4tasaisen maaston raivaamiseen, tihe\u00e4n pensaikon leikkaamiseen tai maanraivaukseen, koska ne tarjoavat enemm\u00e4n v\u00e4\u00e4nt\u00f6\u00e4 kovempien materiaalien ty\u00f6st\u00e4miseen.<\/li>\n<\/ul>\n<p>V\u00e4lityssuhdetta valittaessa on t\u00e4rke\u00e4\u00e4 ottaa huomioon tekij\u00e4t, kuten traktorin teho, leikattavan materiaalin tiheys ja ter\u00e4n nopeus, jota tarvitaan siistin ja tasaisen leikkauksen saavuttamiseksi. Oikean vaihteiston v\u00e4lityssuhteen valitseminen RC20-py\u00f6r\u00f6sahalle varmistaa sek\u00e4 vaihteiston ett\u00e4 leikkurin optimaalisen suorituskyvyn, tehokkuuden ja pitk\u00e4n k\u00e4ytt\u00f6i\u00e4n.<\/p>\n<p><img loading=\"lazy\" decoding=\"async\" class=\"alignnone size-full wp-image-2215\" src=\"https:\/\/fmp-components.com\/wp-content\/uploads\/2024\/12\/Rotary-Cutter-Gearbox1.webp\" alt=\"Py\u00f6riv\u00e4n leikkurin vaihdelaatikko\" width=\"1279\" height=\"761\" title=\"\" srcset=\"https:\/\/fmp-components.com\/wp-content\/uploads\/2024\/12\/Rotary-Cutter-Gearbox1.webp 1279w, https:\/\/fmp-components.com\/wp-content\/uploads\/2024\/12\/Rotary-Cutter-Gearbox1-980x583.webp 980w, https:\/\/fmp-components.com\/wp-content\/uploads\/2024\/12\/Rotary-Cutter-Gearbox1-480x286.webp 480w\" sizes=\"(min-width: 0px) and (max-width: 480px) 480px, (min-width: 481px) and (max-width: 980px) 980px, (min-width: 981px) 1279px, 100vw\" \/><\/p>\n<h2>RC20-py\u00f6r\u00f6leikkurin vaihteiston ominaisuudet<\/h2>\n<ol>\n<li><strong>Kest\u00e4v\u00e4 rakenne<\/strong>RC20-py\u00f6r\u00f6sahaleikkurin vaihteisto on valmistettu korkealaatuisista materiaaleista, mik\u00e4 takaa kest\u00e4vyyden ja kulutuskest\u00e4vyyden my\u00f6s vaativissa olosuhteissa. T\u00e4m\u00e4n kest\u00e4v\u00e4n rakenteen ansiosta vaihteisto selviytyy kovista ty\u00f6kuormista ja tarjoaa luotettavaa suorituskyky\u00e4 vuosien ajan.<\/li>\n<li><strong>Useita vaihdesuhteita<\/strong>Saatavilla eri v\u00e4lityssuhteilla, kuten <strong>1:1.25<\/strong> ja <strong>1:2.83<\/strong>RC20-vaihteisto tarjoaa joustavuutta erilaisiin leikkausvaatimuksiin. N\u00e4iden v\u00e4lityssuhteiden ansiosta k\u00e4ytt\u00e4j\u00e4t voivat valita suuremman ter\u00e4nopeuden kevyisiin teht\u00e4viin tai suuremman v\u00e4\u00e4nt\u00f6momentin raskaisiin sovelluksiin, kuten paksun pensaan raivaukseen.<\/li>\n<li><strong>Sujuva toiminta<\/strong>Vaihteisto on suunniteltu sujuvaa ja tehokasta voimansiirtoa varten, mik\u00e4 minimoi energiah\u00e4vikin ja maksimoi leikkuutehon. Sen tarkka suunnittelu varmistaa, ett\u00e4 ruohonleikkuri toimii minimoimalla t\u00e4rin\u00e4n ja melun, mik\u00e4 tarjoaa paremman k\u00e4ytt\u00f6kokemuksen.<\/li>\n<li><strong>Monipuolisuus<\/strong>RC20-py\u00f6r\u00f6leikkurin vaihteisto soveltuu monenlaisiin k\u00e4ytt\u00f6tarkoituksiin, ja se on ihanteellinen esimerkiksi nurmikonleikkuuseen, maanraivaukseen ja tihe\u00e4n kasvillisuuden leikkaamiseen. Sen mukautuvuus tekee siit\u00e4 t\u00e4ydellisen sopivan erilaisiin ruohonleikkurimalleihin ja erilaisiin maastoihin.<\/li>\n<li><strong>Helppo huolto<\/strong>RC20-vaihteisto on suunniteltu helppoa huoltoa silm\u00e4ll\u00e4 pit\u00e4en. Siin\u00e4 on helposti saavutettavissa olevia osia, jotka yksinkertaistavat rutiinitarkastuksia, voitelua ja korjauksia varmistaen, ett\u00e4 leikkuri pysyy huippukunnossa ja seisokkiaika on mahdollisimman lyhyt.<\/li>\n<li><strong>Suuri v\u00e4\u00e4nt\u00f6momentti<\/strong>RC20-vaihteisto tarjoaa suuren v\u00e4\u00e4nt\u00f6momentin erityisesti pienill\u00e4 v\u00e4lityssuhteilla, joten se on ihanteellinen vaativiin teht\u00e4viin, kuten tihe\u00e4n pensaikon tai ep\u00e4tasaisen maaston leikkaamiseen. T\u00e4m\u00e4 ominaisuus varmistaa optimaalisen suorituskyvyn my\u00f6s raskaissa kuormitusolosuhteissa.<\/li>\n<li><strong>Kompakti ja kevyt muotoilu<\/strong>Kest\u00e4v\u00e4st\u00e4 ja kompaktista muotoilustaan \u200b\u200bhuolimatta RC20-vaihteisto on kompakti ja kevyt, joten se on helppo asentaa ja huoltaa. Sen rakenne parantaa leikkurin kokonaistehokkuutta ja minimoi ylim\u00e4\u00e4r\u00e4isen painon.<\/li>\n<\/ol>\n<p>N\u00e4iden ominaisuuksien ansiosta RC20-py\u00f6r\u00f6leikkurin vaihteisto on luotettava ja tehokas ratkaisu monenlaisiin niitto- ja maanraivaust\u00f6ihin.<\/p>\n<table style=\"width: 103.676%; height: 337px;\" width=\"136\">\n<tbody>\n<tr style=\"height: 337px;\">\n<td style=\"width: 49.375%; height: 337px;\" width=\"72\"><img loading=\"lazy\" decoding=\"async\" class=\"alignnone size-full wp-image-2216\" src=\"https:\/\/fmp-components.com\/wp-content\/uploads\/2024\/12\/Using-RC20-Rotary-Mower-Gearbox-Precautions-1.webp\" alt=\"RC20-py\u00f6r\u00f6leikkurin-vaihteiston-k\u00e4yt\u00f6n-varotoimet\" width=\"1000\" height=\"700\" title=\"\" srcset=\"https:\/\/fmp-components.com\/wp-content\/uploads\/2024\/12\/Using-RC20-Rotary-Mower-Gearbox-Precautions-1.webp 1000w, https:\/\/fmp-components.com\/wp-content\/uploads\/2024\/12\/Using-RC20-Rotary-Mower-Gearbox-Precautions-1-980x686.webp 980w, https:\/\/fmp-components.com\/wp-content\/uploads\/2024\/12\/Using-RC20-Rotary-Mower-Gearbox-Precautions-1-480x336.webp 480w\" sizes=\"(min-width: 0px) and (max-width: 480px) 480px, (min-width: 481px) and (max-width: 980px) 980px, (min-width: 981px) 1000px, 100vw\" \/><\/td>\n<td style=\"width: 49.8959%; height: 337px;\" width=\"64\"><img loading=\"lazy\" decoding=\"async\" class=\"alignnone size-full wp-image-2217\" src=\"https:\/\/fmp-components.com\/wp-content\/uploads\/2024\/12\/Using-RC20-Rotary-Mower-Gearbox-Precautions-2.webp\" alt=\"RC20-py\u00f6r\u00f6leikkurin-vaihteiston-k\u00e4yt\u00f6n-varotoimet\" width=\"1000\" height=\"700\" title=\"\" srcset=\"https:\/\/fmp-components.com\/wp-content\/uploads\/2024\/12\/Using-RC20-Rotary-Mower-Gearbox-Precautions-2.webp 1000w, https:\/\/fmp-components.com\/wp-content\/uploads\/2024\/12\/Using-RC20-Rotary-Mower-Gearbox-Precautions-2-980x686.webp 980w, https:\/\/fmp-components.com\/wp-content\/uploads\/2024\/12\/Using-RC20-Rotary-Mower-Gearbox-Precautions-2-480x336.webp 480w\" sizes=\"(min-width: 0px) and (max-width: 480px) 480px, (min-width: 481px) and (max-width: 980px) 980px, (min-width: 981px) 1000px, 100vw\" \/><\/td>\n<\/tr>\n<\/tbody>\n<\/table>\n<h2>Py\u00f6riv\u00e4n leikkurin vaihdelaatikon nivelakseli<\/h2>\n<p>Voimanottoakseli on olennainen osa, joka yhdist\u00e4\u00e4 py\u00f6r\u00f6leikkurin vaihdelaatikon traktorin voimaj\u00e4rjestelm\u00e4\u00e4n ja mahdollistaa voimansiirron traktorista leikkuumekanismiin. Korkealaatuinen voimanottoakseli varmistaa py\u00f6r\u00f6leikkurin vaihdelaatikon tehokkaan ja luotettavan suorituskyvyn, mink\u00e4 ansiosta se selviytyy vaativista niitto- ja maanraivausteht\u00e4vist\u00e4. T\u00e4ss\u00e4 ovat py\u00f6r\u00f6leikkurin vaihdelaatikon voimanottoakselin t\u00e4rkeimm\u00e4t ominaisuudet ja edut:<\/p>\n<p><strong>Tehokas voimansiirto<\/strong><\/p>\n<p>Voimanottoakseli tarjoaa saumattoman yhteyden traktorin voimanottoj\u00e4rjestelm\u00e4n ja py\u00f6r\u00f6leikkurin vaihdelaatikon v\u00e4lille. Se siirt\u00e4\u00e4 tehokkaasti py\u00f6rimisvoimaa varmistaen, ett\u00e4 leikkuuter\u00e4t saavuttavat optimaalisen nopeuden tehokasta leikkausta varten. T\u00e4m\u00e4 suora voimansiirto auttaa yll\u00e4pit\u00e4m\u00e4\u00e4n korkeaa tuottavuutta k\u00e4yt\u00f6n aikana.<\/p>\n<p><strong>Kest\u00e4v\u00e4 rakenne<\/strong><\/p>\n<p>Voimanottoakseli on valmistettu eritt\u00e4in lujista materiaaleista, jotka on suunniteltu kest\u00e4m\u00e4\u00e4n suurta v\u00e4\u00e4nt\u00f6momenttia ja raskasta k\u00e4ytt\u00f6\u00e4. Se on suunniteltu kest\u00e4m\u00e4\u00e4n kulumista ja v\u00e4symist\u00e4 my\u00f6s ankarissa ty\u00f6ymp\u00e4rist\u00f6iss\u00e4, mik\u00e4 varmistaa pitk\u00e4ik\u00e4isen suorituskyvyn minimaalisella huollolla.<\/p>\n<p><strong>Joustavuus ja monipuolisuus<\/strong><\/p>\n<p>Nivelakseleita on saatavilla eri kokoisina ja kokoonpanoisina, joten ne ovat yhteensopivia erilaisten py\u00f6r\u00f6leikkureiden vaihteistojen ja traktorimallien kanssa. Ne on suunniteltu monenlaisiin maatalousteht\u00e4viin, kuten niittoon, maanraivaukseen ja risujen leikkaamiseen, erilaisissa maastoissa ja kasvillisuustyypeiss\u00e4.<\/p>\n<p><strong>Turvaominaisuudet<\/strong><\/p>\n<p>Monissa nivelakseleissa on turvaominaisuuksia, kuten murtokappeja tai liukukytkimi\u00e4, jotka suojaavat konetta \u00e4killisten ylikuormitus- tai jumittumisvaurioilta. N\u00e4m\u00e4 ominaisuudet varmistavat turvallisen k\u00e4yt\u00f6n est\u00e4en py\u00f6r\u00f6leikkurin vaihdelaatikon ja traktorin voimanottoj\u00e4rjestelm\u00e4n vaurioitumisen.<\/p>\n<p><strong>Helppo asennus ja huolto<\/strong><\/p>\n<p>Py\u00f6r\u00f6leikkureiden vaihteistojen nivelakselit on suunniteltu helpoiksi kiinnitt\u00e4\u00e4 ja irrottaa traktorin voimanottoj\u00e4rjestelm\u00e4st\u00e4. Niiden yksinkertainen ja k\u00e4ytt\u00e4j\u00e4yst\u00e4v\u00e4llinen rakenne mahdollistaa nopean asennuksen ja huollon, mik\u00e4 v\u00e4hent\u00e4\u00e4 seisokkiaikoja ty\u00f6p\u00e4iv\u00e4n aikana. Lis\u00e4ksi nivelakselin s\u00e4\u00e4nn\u00f6llinen huolto ja voitelu varmistavat sujuvan toiminnan ja pident\u00e4\u00e4 sen k\u00e4ytt\u00f6ik\u00e4\u00e4.<\/p>\n<p><strong>Kest\u00e4v\u00e4 ja kest\u00e4v\u00e4<\/strong><\/p>\n<p>Vaativampiin k\u00e4ytt\u00f6tarkoituksiin, kuten tihe\u00e4n pensaan raivaukseen tai ep\u00e4tasaisessa maastossa ty\u00f6skentelyyn, py\u00f6r\u00f6leikkureiden vaihteistojen nivelakseli on suunniteltu kest\u00e4m\u00e4\u00e4n suuria v\u00e4\u00e4nt\u00f6momenttikuormia. Se varmistaa, ett\u00e4 vaihteisto toimii huipputeholla my\u00f6s raskaissa olosuhteissa ja tuottaa tasaista ja luotettavaa tehoa py\u00f6r\u00f6leikkureiden terille.<\/p>\n<p><strong>Korroosionkest\u00e4vyys<\/strong><\/p>\n<p>Kest\u00e4\u00e4kseen altistumisen s\u00e4\u00e4olosuhteille, nivelakselit p\u00e4\u00e4llystet\u00e4\u00e4n usein korroosionkest\u00e4vill\u00e4 materiaaleilla, mik\u00e4 auttaa suojaamaan niit\u00e4 ruosteelta ja kulumiselta kosteuden, lian ja muiden ymp\u00e4rist\u00f6tekij\u00f6iden vuoksi. T\u00e4m\u00e4 tekee niist\u00e4 sopivia k\u00e4ytett\u00e4v\u00e4ksi erilaisissa s\u00e4\u00e4olosuhteissa ja pident\u00e4\u00e4 niiden k\u00e4ytt\u00f6ik\u00e4\u00e4.<\/p>\n<p>Yhteenvetona voidaan todeta, ett\u00e4 py\u00f6r\u00f6leikkureiden vaihteistojen nivelakselilla on ratkaiseva rooli maatalouskoneiden tehokkaan, luotettavan ja turvallisen k\u00e4yt\u00f6n mahdollistamisessa. Varmistamalla sujuvan voimansiirron ja tarjoamalla joustavuutta ja kest\u00e4vyytt\u00e4 nivelakseli varmistaa, ett\u00e4 py\u00f6r\u00f6leikkuri toimii optimaalisesti ja t\u00e4ytt\u00e4\u00e4 monenlaisten leikkausteht\u00e4vien vaatimukset.<\/p>\n<table style=\"width: 104.338%; height: 13px;\" width=\"136\">\n<tbody>\n<tr>\n<td style=\"width: 51.3458%;\" width=\"72\"><img loading=\"lazy\" decoding=\"async\" class=\"alignnone size-full wp-image-2213\" src=\"https:\/\/fmp-components.com\/wp-content\/uploads\/2024\/12\/PTO-Shaft-for-Rotary-Cutter-Gearbox-61.webp\" alt=\"Py\u00f6riv\u00e4n leikkurin vaihteiston nivelakseli\" width=\"600\" height=\"400\" title=\"\" srcset=\"https:\/\/fmp-components.com\/wp-content\/uploads\/2024\/12\/PTO-Shaft-for-Rotary-Cutter-Gearbox-61.webp 600w, https:\/\/fmp-components.com\/wp-content\/uploads\/2024\/12\/PTO-Shaft-for-Rotary-Cutter-Gearbox-61-480x320.webp 480w\" sizes=\"(min-width: 0px) and (max-width: 480px) 480px, (min-width: 481px) 600px, 100vw\" \/><\/td>\n<td style=\"width: 47.9296%;\" width=\"64\"><img loading=\"lazy\" decoding=\"async\" class=\"alignnone size-full wp-image-2214\" src=\"https:\/\/fmp-components.com\/wp-content\/uploads\/2024\/12\/PTO-Shaft-for-Rotary-Cutter-Gearbox-51.webp\" alt=\"Py\u00f6riv\u00e4n leikkurin vaihteiston nivelakseli\" width=\"600\" height=\"400\" title=\"\" srcset=\"https:\/\/fmp-components.com\/wp-content\/uploads\/2024\/12\/PTO-Shaft-for-Rotary-Cutter-Gearbox-51.webp 600w, https:\/\/fmp-components.com\/wp-content\/uploads\/2024\/12\/PTO-Shaft-for-Rotary-Cutter-Gearbox-51-480x320.webp 480w\" sizes=\"(min-width: 0px) and (max-width: 480px) 480px, (min-width: 481px) 600px, 100vw\" \/><\/td>\n<\/tr>\n<\/tbody>\n<\/table>\n<h3>Tietoja FMP:st\u00e4<\/h3>\n<p>Italiassa p\u00e4\u00e4konttoriaan pit\u00e4v\u00e4 FMP on johtava valmistaja, joka tunnetaan asiantuntemuksestaan \u200b\u200bkorkean suorituskyvyn vaihteistojen suunnittelussa, kehitt\u00e4misess\u00e4 ja valmistuksessa p\u00e4\u00e4asiassa maatalouskonesektorille. Tarkkuudestaan, innovaatioistaan \u200b\u200bja horjumattomasta luotettavuudestaan \u200b\u200btunnettu FMP on vakiinnuttanut asemansa luotettavana kumppanina sek\u00e4 maatalous- ett\u00e4 teollisuusmarkkinoiden kehittyvien vaatimusten t\u00e4ytt\u00e4misess\u00e4. Kattava tuotevalikoimamme sis\u00e4lt\u00e4\u00e4 ruohonleikkureiden, nivelakseleiden ja muiden kriittisten komponenttien erikoisvaihteistoja, jotka kaikki on suunniteltu tarjoamaan tehokkaita ja r\u00e4\u00e4t\u00e4l\u00f6ityj\u00e4 ratkaisuja monenlaisiin sovelluksiin.<\/p>\n<p>FMP:ll\u00e4 ymm\u00e4rr\u00e4mme, ett\u00e4 jokaisella asiakkaalla on ainutlaatuiset tarpeet ja haasteet. Siksi olemme erikoistuneet r\u00e4\u00e4t\u00e4l\u00f6ityjen ratkaisujen tarjoamiseen, olipa kyseess\u00e4 sitten yksitt\u00e4iset komponentit tai t\u00e4ysin integroidut j\u00e4rjestelm\u00e4t. K\u00e4yt\u00e4mme yhteisty\u00f6h\u00f6n perustuvaa l\u00e4hestymistapaa ja teemme tiivist\u00e4 yhteisty\u00f6t\u00e4 asiakkaidemme kanssa varmistaaksemme, ett\u00e4 jokainen ratkaisu on paitsi tehokas my\u00f6s tuloksellinen. Sitoutumisemme nopeisiin ja ammattimaisiin vastauksiin sek\u00e4 asiantuntevaan ohjaukseen takaa, ett\u00e4 jokainen tiedustelu k\u00e4sitell\u00e4\u00e4n \u00e4\u00e4rimm\u00e4isen huolellisesti ja tarkasti, varmistaen parhaat mahdolliset tulokset asiakkaillemme.<\/p>\n<p>Painotamme vahvasti avointa ja jatkuvaa viestint\u00e4\u00e4, erityisesti uusien tuotteiden kehitt\u00e4misess\u00e4. Omistautunut tiimimme ty\u00f6skentelee suoraan asiakkaiden kanssa ymm\u00e4rt\u00e4\u00e4kseen t\u00e4ysin heid\u00e4n vaatimuksiaan ja tarjoaa arvokkaita n\u00e4kemyksi\u00e4 ja suosituksia, jotka johtavat optimaalisiin ratkaisuihin. Olipa kyse sitten innovatiivisten tuotteiden suunnittelusta tai olemassa olevien tilausten t\u00e4ytt\u00e4misest\u00e4, FMP on sitoutunut toimittamaan korkealaatuisia, tarkasti suunniteltuja ratkaisuja ajallaan, joka kerta varmistaen, ett\u00e4 asiakkaamme saavat parasta mahdollista palvelua ja tuloksia.<\/p>\n<p>FMP:n toiminnan ytimess\u00e4 on tinkim\u00e4t\u00f6n keskittyminen laatuun. Noudatamme korkeimpia valmistusstandardeja ja k\u00e4yt\u00e4mme tiukkoja laadunvalvontatoimenpiteit\u00e4 varmistaaksemme, ett\u00e4 jokainen tuote paitsi t\u00e4ytt\u00e4\u00e4 my\u00f6s ylitt\u00e4\u00e4 alan odotukset. T\u00e4m\u00e4 sitoutuminen laatuun yhdistettyn\u00e4 ydinarvoihimme, kuten rehellisyyteen, tiimity\u00f6h\u00f6n ja sinnikkyyteen, on mahdollistanut kest\u00e4vien ja luottamuksellisten asiakassuhteiden rakentamisen l\u00e4hes 30 maassa ymp\u00e4ri maailmaa.<\/p>\n<p>FMP on aina halukas rakentamaan globaaleja kumppanuuksia ja on sitoutunut tarjoamaan asiantuntevaa ohjausta ja r\u00e4\u00e4t\u00e4l\u00f6ityj\u00e4 ratkaisuja asiakkaidemme monimuotoisten tarpeiden t\u00e4ytt\u00e4miseksi. L\u00e4hestymistapamme menee pelk\u00e4n tuotteiden toimittamisen pidemm\u00e4lle; pyrimme vaalimaan pitk\u00e4aikaisia \u200b\u200b\u200b\u200bsuhteita, jotka edist\u00e4v\u00e4t jokaisen projektin onnistumista. Tarvitsetpa sitten innovatiivisia ratkaisuja uuteen hankkeeseen tai jatkuvaa tukea olemassa olevalle j\u00e4rjestelm\u00e4lle, FMP on t\u00e4\u00e4ll\u00e4 vastaamassa teknisiin haasteisiisi ja auttamassa varmistamaan kest\u00e4v\u00e4n menestyksesi.<\/p>\n<p><img loading=\"lazy\" decoding=\"async\" class=\"alignnone size-full wp-image-1861\" src=\"https:\/\/fmp-components.com\/wp-content\/uploads\/2024\/12\/Other-Agricultural-Gearboxes.webp\" sizes=\"(min-width: 0px) and (max-width: 480px) 480px, (min-width: 481px) and (max-width: 980px) 980px, (min-width: 981px) 1200px, 100vw\" srcset=\"https:\/\/fmp-components.com\/wp-content\/uploads\/2024\/12\/Other-Agricultural-Gearboxes.webp 1200w, https:\/\/fmp-components.com\/wp-content\/uploads\/2024\/12\/Other-Agricultural-Gearboxes-980x1143.webp 980w, https:\/\/fmp-components.com\/wp-content\/uploads\/2024\/12\/Other-Agricultural-Gearboxes-480x560.webp 480w\" alt=\"Altri-cambi-agricoli\" width=\"1200\" height=\"1400\" title=\"\"><\/p>\n<p>Tekij\u00e4: CX<\/p>","protected":false},"excerpt":{"rendered":"<p>Rotary Cutter Gearboxes \u2013 Replacement of Omni Code RC-20 Gearbox The Rotary Cutter Gearbox for the replacement of the Omni Code RC-20 gearbox is designed to provide superior performance and durability in agricultural and industrial applications. This high-quality replacement gearbox is engineered to fit seamlessly into rotary cutters, offering an efficient and reliable solution for [&hellip;]<\/p>","protected":false},"featured_media":2211,"comment_status":"open","ping_status":"closed","template":"","meta":{"_et_pb_use_builder":"","_et_pb_old_content":"","_et_gb_content_width":""},"product_brand":[],"product_cat":[56],"product_tag":[],"class_list":{"0":"post-2209","1":"product","2":"type-product","3":"status-publish","4":"has-post-thumbnail","6":"product_cat-rotary-cutter-gearbox","8":"first","9":"instock","10":"shipping-taxable","11":"product-type-simple"},"_links":{"self":[{"href":"https:\/\/fmp-components.com\/fi\/wp-json\/wp\/v2\/product\/2209","targetHints":{"allow":["GET"]}}],"collection":[{"href":"https:\/\/fmp-components.com\/fi\/wp-json\/wp\/v2\/product"}],"about":[{"href":"https:\/\/fmp-components.com\/fi\/wp-json\/wp\/v2\/types\/product"}],"replies":[{"embeddable":true,"href":"https:\/\/fmp-components.com\/fi\/wp-json\/wp\/v2\/comments?post=2209"}],"wp:featuredmedia":[{"embeddable":true,"href":"https:\/\/fmp-components.com\/fi\/wp-json\/wp\/v2\/media\/2211"}],"wp:attachment":[{"href":"https:\/\/fmp-components.com\/fi\/wp-json\/wp\/v2\/media?parent=2209"}],"wp:term":[{"taxonomy":"product_brand","embeddable":true,"href":"https:\/\/fmp-components.com\/fi\/wp-json\/wp\/v2\/product_brand?post=2209"},{"taxonomy":"product_cat","embeddable":true,"href":"https:\/\/fmp-components.com\/fi\/wp-json\/wp\/v2\/product_cat?post=2209"},{"taxonomy":"product_tag","embeddable":true,"href":"https:\/\/fmp-components.com\/fi\/wp-json\/wp\/v2\/product_tag?post=2209"}],"curies":[{"name":"wp","href":"https:\/\/api.w.org\/{rel}","templated":true}]}}