{"id":2203,"date":"2024-12-30T08:55:17","date_gmt":"2024-12-30T08:55:17","guid":{"rendered":"https:\/\/fmp-components.com\/?page_id=8"},"modified":"2025-03-20T00:46:26","modified_gmt":"2025-03-20T00:46:26","slug":"agricultural-sprayer-gearbox-replacement-of-comer-code-d21b-d21f","status":"publish","type":"product","link":"https:\/\/fmp-components.com\/fi\/product\/agricultural-sprayer-gearbox-replacement-of-comer-code-d21b-d21f\/","title":{"rendered":"Maatalousruiskun vaihteisto \u2013 Comer-koodin D21B D21F vaihto"},"content":{"rendered":"<h2>Maatalouden ruiskun vaihdelaatikon D21B\/D21F tekniset tiedot<\/h2>\n<p><img loading=\"lazy\" decoding=\"async\" class=\"alignnone size-full wp-image-2205\" src=\"https:\/\/fmp-components.com\/wp-content\/uploads\/2024\/12\/agricultural-sprayer-gearbox-specification-D21B-D21F.webp\" alt=\"maatalousruiskun vaihteiston erittely-D21B-D21F\" width=\"851\" height=\"439\" title=\"\" srcset=\"https:\/\/fmp-components.com\/wp-content\/uploads\/2024\/12\/agricultural-sprayer-gearbox-specification-D21B-D21F.webp 851w, https:\/\/fmp-components.com\/wp-content\/uploads\/2024\/12\/agricultural-sprayer-gearbox-specification-D21B-D21F-480x248.webp 480w\" sizes=\"(min-width: 0px) and (max-width: 480px) 480px, (min-width: 481px) 851px, 100vw\" \/><\/p>\n<table style=\"width: 90.6811%; height: 309px;\" border=\"1\" cellspacing=\"0\" cellpadding=\"0\">\n<tbody>\n<tr>\n<td rowspan=\"2\"><strong>min\u00e4<\/strong><\/td>\n<td rowspan=\"2\"><strong>N<sub>1<\/sub>[rpm]<\/strong><\/td>\n<td rowspan=\"2\"><strong>P<sub>1<\/sub>[kW]<\/strong><\/td>\n<td rowspan=\"2\"><strong>M<sub>2<\/sub>[Nm]<\/strong><\/td>\n<td colspan=\"2\"><strong>Akselin tyyppi<\/strong><strong><br \/>\n<\/strong><\/td>\n<td rowspan=\"2\"><strong>Sy\u00f6tt\u00f6<\/strong><\/td>\n<\/tr>\n<tr>\n<td><strong>X<br \/>\n<\/strong>\u00a0<img loading=\"lazy\" decoding=\"async\" class=\"alignnone size-full wp-image-2180\" src=\"https:\/\/fmp-components.com\/wp-content\/uploads\/2024\/12\/shaft-x-3.webp\" alt=\"akseli-x\" width=\"81\" height=\"78\" title=\"\" srcset=\"https:\/\/fmp-components.com\/wp-content\/uploads\/2024\/12\/shaft-x-3.webp 81w, https:\/\/fmp-components.com\/wp-content\/uploads\/2024\/12\/shaft-x-3-12x12.webp 12w\" sizes=\"(max-width: 81px) 100vw, 81px\" \/><\/td>\n<td><strong>Z<img loading=\"lazy\" decoding=\"async\" class=\"size-full wp-image-2181 aligncenter\" src=\"https:\/\/fmp-components.com\/wp-content\/uploads\/2024\/12\/shaft-z.webp\" alt=\"shaft-z\" width=\"81\" height=\"84\" title=\"\" srcset=\"https:\/\/fmp-components.com\/wp-content\/uploads\/2024\/12\/shaft-z.webp 81w, https:\/\/fmp-components.com\/wp-content\/uploads\/2024\/12\/shaft-z-12x12.webp 12w\" sizes=\"(max-width: 81px) 100vw, 81px\" \/><\/strong><\/td>\n<\/tr>\n<tr>\n<td>3.90<br \/>\n4.90<\/td>\n<td>540<\/td>\n<td>38.9<\/td>\n<td>&#8211;<\/td>\n<td>1\u201d 3\/8 Z6<\/td>\n<td>L270 35<\/td>\n<td>X<\/td>\n<\/tr>\n<tr>\n<td>3.60<br \/>\n4.50<\/td>\n<td>540<\/td>\n<td>40.5<\/td>\n<td>&#8211;<\/td>\n<td>1\u201d 3\/8 Z6<\/td>\n<td>L165 40<\/td>\n<td>X<\/td>\n<\/tr>\n<tr>\n<td>3.60<br \/>\n4.50<\/td>\n<td>540<\/td>\n<td>47.8<\/td>\n<td>&#8211;<\/td>\n<td>1\u201d 3\/8 Z6<\/td>\n<td>L286 40<\/td>\n<td>X<\/td>\n<\/tr>\n<tr>\n<td>2.90<br \/>\n3.90<\/td>\n<td>540<\/td>\n<td>41.2<\/td>\n<td>&#8211;<\/td>\n<td>1\u201d 3\/8 Z6<\/td>\n<td>L221 35<\/td>\n<td>X<\/td>\n<\/tr>\n<\/tbody>\n<\/table>\n<h3>Maatalouden ruiskun vaihdelaatikon t\u00e4rkeimm\u00e4t komponentit<\/h3>\n<p>Maatalousruiskun vaihteiston keskeiset osat ovat kriittisi\u00e4 sen toiminnan, kest\u00e4vyyden ja tehokkuuden kannalta ruiskutustoiminnoissa. N\u00e4m\u00e4 komponentit varmistavat sujuvan voimansiirron ja mahdollistavat optimaalisen suorituskyvyn maatalousteht\u00e4viss\u00e4. T\u00e4rkeimm\u00e4t komponentit ovat tyypillisesti:<\/p>\n<ol>\n<li><strong>Tuloakseli<\/strong>Tuloakseli: Tuloakseli yhdist\u00e4\u00e4 vaihteiston voimanl\u00e4hteeseen, yleens\u00e4 traktorin voimanottoon (PTO). Se v\u00e4litt\u00e4\u00e4 py\u00f6rimisvoiman traktorista vaihteistoon, jolloin vaihteisto toimii.<\/li>\n<li><strong>Vaihdesarja (kierre- tai lieri\u00f6py\u00f6r\u00e4t)<\/strong>Vaihteisto on v\u00e4ltt\u00e4m\u00e4t\u00f6n py\u00f6rimisvoiman siirt\u00e4miseksi tuloakselilta l\u00e4ht\u00f6akselille. Vaihteet on suunniteltu tarjoamaan tarvittavat nopeuden ja v\u00e4\u00e4nt\u00f6momentin s\u00e4\u00e4d\u00f6t ruiskun pumpulle tai muille siihen liittyville mekanismeille.<\/li>\n<li><strong>L\u00e4ht\u00f6akseli<\/strong>Ulostuloakseli v\u00e4litt\u00e4\u00e4 voiman ruiskun osiin, kuten pumppuun tai suihkuvarsiin. Se on yhdistetty ruiskutusta ohjaaviin osiin ja k\u00e4ytt\u00e4\u00e4 niit\u00e4 koordinoidusti.<\/li>\n<li><strong>Laakerit ja tiivisteet<\/strong>Laakereita k\u00e4ytet\u00e4\u00e4n v\u00e4hent\u00e4m\u00e4\u00e4n liikkuvien osien v\u00e4list\u00e4 kitkaa, varmistamaan tasainen py\u00f6riminen ja est\u00e4m\u00e4\u00e4n kulumista. Tiivisteet ovat ratkaisevan t\u00e4rkeit\u00e4 \u00f6ljyvuotojen, kontaminaation ja kosteuden p\u00e4\u00e4syn est\u00e4miseksi, mik\u00e4 pident\u00e4\u00e4 vaihteiston k\u00e4ytt\u00f6ik\u00e4\u00e4.<\/li>\n<li><strong>Asuminen<\/strong>Vaihteiston kotelo ymp\u00e4r\u00f6i kaikkia sis\u00e4isi\u00e4 komponentteja ja varmistaa rakenteellisen eheyden. Se on suunniteltu kest\u00e4m\u00e4\u00e4n korkeita paineita, ymp\u00e4rist\u00f6olosuhteita ja k\u00e4yt\u00f6n aikana syntyvi\u00e4 mekaanisia rasituksia.<\/li>\n<li><strong>Voiteluj\u00e4rjestelm\u00e4<\/strong>Voiteluj\u00e4rjestelm\u00e4 varmistaa, ett\u00e4 vaihteiston liikkuvat osat toimivat sujuvasti, mik\u00e4 v\u00e4hent\u00e4\u00e4 kitkaa ja est\u00e4\u00e4 ylikuumenemisen. Asianmukainen voitelu on v\u00e4ltt\u00e4m\u00e4t\u00f6nt\u00e4 vaihteiston k\u00e4ytt\u00f6i\u00e4n ja tehokkuuden pident\u00e4miseksi.<\/li>\n<li><strong>Ylikuormitussuoja<\/strong>Joissakin maatalousruiskujen vaihteistoissa on ylikuormitussuojausominaisuudet, kuten murtotapit tai kytkinmekanismit, jotka est\u00e4v\u00e4t vaihteiston vaurioitumisen odottamattoman vastuksen tai k\u00e4ytt\u00f6rasituksen sattuessa.<\/li>\n<\/ol>\n<p>N\u00e4m\u00e4 keskeiset komponentit toimivat yhdess\u00e4 varmistaakseen, ett\u00e4 vaihteisto siirt\u00e4\u00e4 tehoa tehokkaasti, hallitsee nopeutta ja v\u00e4\u00e4nt\u00f6momenttia sek\u00e4 tukee ruiskun toiminnallisuutta. N\u00e4iden osien s\u00e4\u00e4nn\u00f6llinen huolto ja tarkastus ovat ratkaisevan t\u00e4rkeit\u00e4 optimaalisen suorituskyvyn ja kest\u00e4vyyden kannalta.<\/p>\n<p><img loading=\"lazy\" decoding=\"async\" class=\"alignnone size-full wp-image-2193\" src=\"https:\/\/fmp-components.com\/wp-content\/uploads\/2024\/12\/Agricultural-Sprayer-Gearbox-19.webp\" alt=\"Maatalousruiskun vaihteisto\" width=\"2016\" height=\"1512\" title=\"\" srcset=\"https:\/\/fmp-components.com\/wp-content\/uploads\/2024\/12\/Agricultural-Sprayer-Gearbox-19.webp 2016w, https:\/\/fmp-components.com\/wp-content\/uploads\/2024\/12\/Agricultural-Sprayer-Gearbox-19-1280x960.webp 1280w, https:\/\/fmp-components.com\/wp-content\/uploads\/2024\/12\/Agricultural-Sprayer-Gearbox-19-980x735.webp 980w, https:\/\/fmp-components.com\/wp-content\/uploads\/2024\/12\/Agricultural-Sprayer-Gearbox-19-480x360.webp 480w\" sizes=\"(min-width: 0px) and (max-width: 480px) 480px, (min-width: 481px) and (max-width: 980px) 980px, (min-width: 981px) and (max-width: 1280px) 1280px, (min-width: 1281px) 2016px, 100vw\" \/><\/p>\n<h2>Ruiskun vaihdelaatikon maataloussovellukset<\/h2>\n<p>Maatalousruiskujen vaihteistoilla on ratkaiseva rooli erilaisissa maataloussovelluksissa varmistamalla lannoitteiden, torjunta-aineiden, rikkakasvien torjunta-aineiden ja muiden kemikaalien tehokas ja tarkka ruiskutus. T\u00e4ss\u00e4 on joitakin keskeisi\u00e4 maatalouden sovelluksia, joissa ruiskujen vaihteistoja k\u00e4ytet\u00e4\u00e4n laajalti:<\/p>\n<ol>\n<li><strong>Kasvinsuojelu<\/strong>Ruiskujen vaihteistot ovat olennainen osa kasvinsuojelussa k\u00e4ytett\u00e4vien ruiskujen toimintaa. Ne mahdollistavat torjunta-aineiden, rikkakasvien, sienitautien ja hy\u00f6nteisten torjunta-aineiden tehokkaan levityksen. N\u00e4m\u00e4 vaihteistot auttavat yll\u00e4pit\u00e4m\u00e4\u00e4n tasaista painetta ja virtausta varmistaen, ett\u00e4 kemikaalit jakautuvat tasaisesti laajoille pelloille ja suojaavat kasveja tuholaisilta ja taudeilta.<\/li>\n<li><strong>Hedelm\u00f6itys<\/strong>Lannoitteenlevittimien ruiskujen vaihteistot auttavat hallitsemaan nestem\u00e4isten lannoitteiden virtausta ja jakautumista viljelysmaalla. Ne varmistavat, ett\u00e4 lannoitteet levitet\u00e4\u00e4n tasaisesti, mik\u00e4 on olennaista terveen sadon kasvun edist\u00e4miseksi ja sadon optimoimiseksi. N\u00e4m\u00e4 j\u00e4rjestelm\u00e4t on suunniteltu k\u00e4sittelem\u00e4\u00e4n erityyppisi\u00e4 nestem\u00e4isi\u00e4 lannoitteita, mik\u00e4 takaa tarkan levityksen erilaisissa maaper\u00e4olosuhteissa.<\/li>\n<li><strong>Rikkakasvien torjunta<\/strong>Maatalousruiskujen vaihteistoja k\u00e4ytet\u00e4\u00e4n rikkakasvien torjuntaan suunnitelluissa ruiskuissa. Antoimalla rikkakasvien torjunta-aineita tehokkaasti n\u00e4m\u00e4 vaihteistot mahdollistavat rikkakasvien kohdennetun torjunnan, mik\u00e4 v\u00e4hent\u00e4\u00e4 kilpailua ravinteista ja vedest\u00e4 viljelykasveissa. T\u00e4m\u00e4 sovellus on v\u00e4ltt\u00e4m\u00e4t\u00f6n viljelykasvien tuottavuuden parantamiseksi ja manuaalisen ty\u00f6voiman tarpeen v\u00e4hent\u00e4miseksi.<\/li>\n<li><strong>Sadonkorjuun j\u00e4lkeiset sovellukset<\/strong>Ruiskujen vaihteistoja k\u00e4ytet\u00e4\u00e4n my\u00f6s sadonkorjuun j\u00e4lkeisiss\u00e4 k\u00e4sittelyiss\u00e4. Sadonkorjuun j\u00e4lkeen ruiskuja voidaan k\u00e4ytt\u00e4\u00e4 suojaavien pinnoitteiden tai s\u00e4il\u00f6nt\u00e4aineiden levitt\u00e4miseen hedelmiin, vihanneksiin ja viljoihin, mik\u00e4 parantaa niiden s\u00e4ilyvyytt\u00e4 ja est\u00e4\u00e4 pilaantumisen kuljetuksen ja varastoinnin aikana.<\/li>\n<li><strong>Peltokastelu ja kemikaalien sekoitus<\/strong>Jotkut ruiskujen vaihteistot ovat osa kasteluj\u00e4rjestelmi\u00e4, joissa ne auttavat sekoittamaan ja levitt\u00e4m\u00e4\u00e4n kemikaaleja, kuten kasvuns\u00e4\u00e4telij\u00f6it\u00e4 tai sienitautien torjunta-aineita, veden kanssa. N\u00e4m\u00e4 vaihteistot varmistavat liuoksen tasaisen ja hallitun jakautumisen kasveille varmistaen optimaaliset kasvuolosuhteet.<\/li>\n<li><strong>Hedelm\u00e4tarhojen ja viinitarhojen ruiskutus<\/strong>Erikoissovelluksissa, kuten hedelm\u00e4- ja viinitarhoissa, ruiskun vaihteistot ovat v\u00e4ltt\u00e4m\u00e4tt\u00f6mi\u00e4 sellaisten k\u00e4sittelyjen levitt\u00e4miseksi, jotka suojaavat kasveja tuholaisilta, taudeilta ja ymp\u00e4rist\u00f6rasituksilta. Vaihteistot tarjoavat ruiskulle tasaista tehoa varmistaen kasvien ja puiden tarkan peiton riveill\u00e4 ja vaihtelevissa maastoissa.<\/li>\n<li><strong>Maaper\u00e4n k\u00e4sittely<\/strong>Tietyiss\u00e4 maatalousj\u00e4rjestelmiss\u00e4 ruiskujen vaihteistoja k\u00e4ytet\u00e4\u00e4n maaper\u00e4n k\u00e4sittelyyn, kuten maanparannusaineiden tai kylv\u00f6\u00e4 edelt\u00e4vien kemikaalien levitt\u00e4miseen. N\u00e4m\u00e4 vaihteistot varmistavat maaper\u00e4n k\u00e4sittelyaineiden tarkan ja tasaisen jakautumisen, mik\u00e4 parantaa maaper\u00e4n terveytt\u00e4 ja tukee parempia satoja.<\/li>\n<\/ol>\n<p>N\u00e4m\u00e4 monipuoliset maataloussovellukset osoittavat ruiskujen vaihteistojen kriittisen roolin tehokkaiden ja tuloksellisten ruiskutusprosessien varmistamisessa. Tarjoamalla tasaista tehoa, tarkkaa ohjausta ja luotettavaa suorituskyky\u00e4 ruiskujen vaihteistot edist\u00e4v\u00e4t korkeampia satoja, parantavat tuholais- ja tautien torjuntaa sek\u00e4 parantavat maatilan kokonaistuottavuutta.<\/p>\n<p><img loading=\"lazy\" decoding=\"async\" class=\"alignnone size-full wp-image-2185\" src=\"https:\/\/fmp-components.com\/wp-content\/uploads\/2024\/12\/Agricultural-Sprayer-Gearbox-Applications.webp\" alt=\"Maatalouden ruiskun vaihteiston sovellukset\" width=\"1200\" height=\"770\" title=\"\" srcset=\"https:\/\/fmp-components.com\/wp-content\/uploads\/2024\/12\/Agricultural-Sprayer-Gearbox-Applications.webp 1200w, https:\/\/fmp-components.com\/wp-content\/uploads\/2024\/12\/Agricultural-Sprayer-Gearbox-Applications-980x629.webp 980w, https:\/\/fmp-components.com\/wp-content\/uploads\/2024\/12\/Agricultural-Sprayer-Gearbox-Applications-480x308.webp 480w\" sizes=\"(min-width: 0px) and (max-width: 480px) 480px, (min-width: 481px) and (max-width: 980px) 980px, (min-width: 981px) 1200px, 100vw\" \/><\/p>\n<h3>Tietoja FMP:st\u00e4<\/h3>\n<p>Italiassa p\u00e4\u00e4konttoriaan pit\u00e4v\u00e4 FMP on johtava valmistaja, joka tunnetaan asiantuntemuksestaan \u200b\u200bkorkean suorituskyvyn vaihteistojen suunnittelussa, kehitt\u00e4misess\u00e4 ja valmistuksessa p\u00e4\u00e4asiassa maatalouskonesektorille. Tarkkuudestaan, innovaatioistaan \u200b\u200bja horjumattomasta luotettavuudestaan \u200b\u200btunnettu FMP on vakiinnuttanut asemansa luotettavana kumppanina sek\u00e4 maatalous- ett\u00e4 teollisuusmarkkinoiden kehittyvien vaatimusten t\u00e4ytt\u00e4misess\u00e4. Kattava tuotevalikoimamme sis\u00e4lt\u00e4\u00e4 ruohonleikkureiden, nivelakseleiden ja muiden kriittisten komponenttien erikoisvaihteistoja, jotka kaikki on suunniteltu tarjoamaan tehokkaita ja r\u00e4\u00e4t\u00e4l\u00f6ityj\u00e4 ratkaisuja monenlaisiin sovelluksiin.<\/p>\n<p>FMP:ll\u00e4 ymm\u00e4rr\u00e4mme, ett\u00e4 jokaisella asiakkaalla on ainutlaatuiset tarpeet ja haasteet. Siksi olemme erikoistuneet r\u00e4\u00e4t\u00e4l\u00f6ityjen ratkaisujen tarjoamiseen, olipa kyseess\u00e4 sitten yksitt\u00e4iset komponentit tai t\u00e4ysin integroidut j\u00e4rjestelm\u00e4t. K\u00e4yt\u00e4mme yhteisty\u00f6h\u00f6n perustuvaa l\u00e4hestymistapaa ja teemme tiivist\u00e4 yhteisty\u00f6t\u00e4 asiakkaidemme kanssa varmistaaksemme, ett\u00e4 jokainen ratkaisu on paitsi tehokas my\u00f6s tuloksellinen. Sitoutumisemme nopeisiin ja ammattimaisiin vastauksiin sek\u00e4 asiantuntevaan ohjaukseen takaa, ett\u00e4 jokainen tiedustelu k\u00e4sitell\u00e4\u00e4n \u00e4\u00e4rimm\u00e4isen huolellisesti ja tarkasti, varmistaen parhaat mahdolliset tulokset asiakkaillemme.<\/p>\n<p>Painotamme vahvasti avointa ja jatkuvaa viestint\u00e4\u00e4, erityisesti uusien tuotteiden kehitt\u00e4misess\u00e4. Omistautunut tiimimme ty\u00f6skentelee suoraan asiakkaiden kanssa ymm\u00e4rt\u00e4\u00e4kseen t\u00e4ysin heid\u00e4n vaatimuksiaan ja tarjoaa arvokkaita n\u00e4kemyksi\u00e4 ja suosituksia, jotka johtavat optimaalisiin ratkaisuihin. Olipa kyse sitten innovatiivisten tuotteiden suunnittelusta tai olemassa olevien tilausten t\u00e4ytt\u00e4misest\u00e4, FMP on sitoutunut toimittamaan korkealaatuisia, tarkasti suunniteltuja ratkaisuja ajallaan, joka kerta varmistaen, ett\u00e4 asiakkaamme saavat parasta mahdollista palvelua ja tuloksia.<\/p>\n<p>FMP:n toiminnan ytimess\u00e4 on tinkim\u00e4t\u00f6n keskittyminen laatuun. Noudatamme korkeimpia valmistusstandardeja ja k\u00e4yt\u00e4mme tiukkoja laadunvalvontatoimenpiteit\u00e4 varmistaaksemme, ett\u00e4 jokainen tuote paitsi t\u00e4ytt\u00e4\u00e4 my\u00f6s ylitt\u00e4\u00e4 alan odotukset. T\u00e4m\u00e4 sitoutuminen laatuun yhdistettyn\u00e4 ydinarvoihimme, kuten rehellisyyteen, tiimity\u00f6h\u00f6n ja sinnikkyyteen, on mahdollistanut kest\u00e4vien ja luottamuksellisten asiakassuhteiden rakentamisen l\u00e4hes 30 maassa ymp\u00e4ri maailmaa.<\/p>\n<p>FMP on aina halukas rakentamaan globaaleja kumppanuuksia ja on sitoutunut tarjoamaan asiantuntevaa ohjausta ja r\u00e4\u00e4t\u00e4l\u00f6ityj\u00e4 ratkaisuja asiakkaidemme monimuotoisten tarpeiden t\u00e4ytt\u00e4miseksi. L\u00e4hestymistapamme menee pelk\u00e4n tuotteiden toimittamisen pidemm\u00e4lle; pyrimme vaalimaan pitk\u00e4aikaisia \u200b\u200b\u200b\u200bsuhteita, jotka edist\u00e4v\u00e4t jokaisen projektin onnistumista. Tarvitsetpa sitten innovatiivisia ratkaisuja uuteen hankkeeseen tai jatkuvaa tukea olemassa olevalle j\u00e4rjestelm\u00e4lle, FMP on t\u00e4\u00e4ll\u00e4 vastaamassa teknisiin haasteisiisi ja auttamassa varmistamaan kest\u00e4v\u00e4n menestyksesi.<\/p>\n<p><img loading=\"lazy\" decoding=\"async\" class=\"alignnone size-full wp-image-1861\" src=\"https:\/\/fmp-components.com\/wp-content\/uploads\/2024\/12\/Other-Agricultural-Gearboxes.webp\" sizes=\"(min-width: 0px) and (max-width: 480px) 480px, (min-width: 481px) and (max-width: 980px) 980px, (min-width: 981px) 1200px, 100vw\" srcset=\"https:\/\/fmp-components.com\/wp-content\/uploads\/2024\/12\/Other-Agricultural-Gearboxes.webp 1200w, https:\/\/fmp-components.com\/wp-content\/uploads\/2024\/12\/Other-Agricultural-Gearboxes-980x1143.webp 980w, https:\/\/fmp-components.com\/wp-content\/uploads\/2024\/12\/Other-Agricultural-Gearboxes-480x560.webp 480w\" alt=\"Altri-cambi-agricoli\" width=\"1200\" height=\"1400\" title=\"\"><\/p>\n<p>Tekij\u00e4: CX<\/p>","protected":false},"excerpt":{"rendered":"<p>Specifications of Agricultural Sprayer Gearbox D21B\/D21F i N1[rpm] P1[kW] M2[Nm] Shaft Type Input X \u00a0 Z 3.90 4.90 540 38.9 &#8211; 1&#8221; 3\/8 Z6 L270 35 X 3.60 4.50 540 40.5 &#8211; 1&#8221; 3\/8 Z6 L165 40 X 3.60 4.50 540 47.8 &#8211; 1&#8221; 3\/8 Z6 L286 40 X 2.90 3.90 540 41.2 &#8211; 1&#8221; [&hellip;]<\/p>","protected":false},"featured_media":2182,"comment_status":"open","ping_status":"closed","template":"","meta":{"_et_pb_use_builder":"","_et_pb_old_content":"","_et_gb_content_width":""},"product_brand":[],"product_cat":[55],"product_tag":[],"class_list":{"0":"post-2203","1":"product","2":"type-product","3":"status-publish","4":"has-post-thumbnail","6":"product_cat-agricultural-sprayer-gearbox","8":"first","9":"instock","10":"shipping-taxable","11":"product-type-simple"},"_links":{"self":[{"href":"https:\/\/fmp-components.com\/fi\/wp-json\/wp\/v2\/product\/2203","targetHints":{"allow":["GET"]}}],"collection":[{"href":"https:\/\/fmp-components.com\/fi\/wp-json\/wp\/v2\/product"}],"about":[{"href":"https:\/\/fmp-components.com\/fi\/wp-json\/wp\/v2\/types\/product"}],"replies":[{"embeddable":true,"href":"https:\/\/fmp-components.com\/fi\/wp-json\/wp\/v2\/comments?post=2203"}],"wp:featuredmedia":[{"embeddable":true,"href":"https:\/\/fmp-components.com\/fi\/wp-json\/wp\/v2\/media\/2182"}],"wp:attachment":[{"href":"https:\/\/fmp-components.com\/fi\/wp-json\/wp\/v2\/media?parent=2203"}],"wp:term":[{"taxonomy":"product_brand","embeddable":true,"href":"https:\/\/fmp-components.com\/fi\/wp-json\/wp\/v2\/product_brand?post=2203"},{"taxonomy":"product_cat","embeddable":true,"href":"https:\/\/fmp-components.com\/fi\/wp-json\/wp\/v2\/product_cat?post=2203"},{"taxonomy":"product_tag","embeddable":true,"href":"https:\/\/fmp-components.com\/fi\/wp-json\/wp\/v2\/product_tag?post=2203"}],"curies":[{"name":"wp","href":"https:\/\/api.w.org\/{rel}","templated":true}]}}