{"id":2195,"date":"2024-12-30T08:47:28","date_gmt":"2024-12-30T08:47:28","guid":{"rendered":"https:\/\/fmp-components.com\/?page_id=8"},"modified":"2024-12-30T08:54:18","modified_gmt":"2024-12-30T08:54:18","slug":"agricultural-sprayer-gearbox-replacement-of-comer-code-d21a","status":"publish","type":"product","link":"https:\/\/fmp-components.com\/fi\/product\/agricultural-sprayer-gearbox-replacement-of-comer-code-d21a\/","title":{"rendered":"Maatalousruiskun vaihteisto \u2013 Comer-koodin D21A vaihto"},"content":{"rendered":"<h2>Maatalouden ruiskun vaihdelaatikon D21A tekniset tiedot<\/h2>\n<h3><em>D21A<\/em><\/h3>\n<p><img loading=\"lazy\" decoding=\"async\" class=\"alignnone size-full wp-image-2196\" src=\"https:\/\/fmp-components.com\/wp-content\/uploads\/2024\/12\/agricultural-sprayer-gearbox-specification-D21A.webp\" alt=\"maatalousruiskun vaihteiston erittely-D21A\" width=\"855\" height=\"456\" title=\"\" srcset=\"https:\/\/fmp-components.com\/wp-content\/uploads\/2024\/12\/agricultural-sprayer-gearbox-specification-D21A.webp 855w, https:\/\/fmp-components.com\/wp-content\/uploads\/2024\/12\/agricultural-sprayer-gearbox-specification-D21A-480x256.webp 480w\" sizes=\"(min-width: 0px) and (max-width: 480px) 480px, (min-width: 481px) 855px, 100vw\" \/><\/p>\n<table style=\"width: 98.7604%; height: 303px;\" border=\"1\" cellspacing=\"0\" cellpadding=\"0\">\n<tbody>\n<tr>\n<td rowspan=\"2\"><strong>min\u00e4<\/strong><\/td>\n<td rowspan=\"2\"><strong>N<sub>1<\/sub>[rpm]<\/strong><\/td>\n<td rowspan=\"2\"><strong>P<sub>1<\/sub>[kW]<\/strong><\/td>\n<td rowspan=\"2\"><strong>M<sub>2<\/sub>[Nm]<\/strong><\/td>\n<td colspan=\"2\"><strong>Akselin tyyppi<\/strong><strong><br \/>\n<\/strong><\/td>\n<td rowspan=\"2\"><strong>Sy\u00f6tt\u00f6<\/strong><\/td>\n<\/tr>\n<tr>\n<td><strong>X<br \/>\n<\/strong>\u00a0<img loading=\"lazy\" decoding=\"async\" class=\"size-full wp-image-2180 aligncenter\" src=\"https:\/\/fmp-components.com\/wp-content\/uploads\/2024\/12\/shaft-x-3.webp\" alt=\"akseli-x\" width=\"81\" height=\"78\" title=\"\" srcset=\"https:\/\/fmp-components.com\/wp-content\/uploads\/2024\/12\/shaft-x-3.webp 81w, https:\/\/fmp-components.com\/wp-content\/uploads\/2024\/12\/shaft-x-3-12x12.webp 12w\" sizes=\"(max-width: 81px) 100vw, 81px\" \/><\/td>\n<td><strong>Z<\/strong><strong><img loading=\"lazy\" decoding=\"async\" class=\"size-full wp-image-2181 aligncenter\" src=\"https:\/\/fmp-components.com\/wp-content\/uploads\/2024\/12\/shaft-z.webp\" alt=\"shaft-z\" width=\"81\" height=\"84\" title=\"\" srcset=\"https:\/\/fmp-components.com\/wp-content\/uploads\/2024\/12\/shaft-z.webp 81w, https:\/\/fmp-components.com\/wp-content\/uploads\/2024\/12\/shaft-z-12x12.webp 12w\" sizes=\"(max-width: 81px) 100vw, 81px\" \/><\/strong><\/td>\n<\/tr>\n<tr>\n<td>6.95<br \/>\n7.45<\/td>\n<td>540<\/td>\n<td>26.5<\/td>\n<td>&#8211;<\/td>\n<td>1\u201d 3\/8 Z6<\/td>\n<td>L108 35<\/td>\n<td>X<\/td>\n<\/tr>\n<tr>\n<td>3.90<br \/>\n4.90<\/td>\n<td>540<\/td>\n<td>40.5<\/td>\n<td>&#8211;<\/td>\n<td>1\u201d 3\/8 Z6<\/td>\n<td>\u00a0L271.5 30<\/td>\n<td>X<\/td>\n<\/tr>\n<tr>\n<td>3.60<br \/>\n4.50<\/td>\n<td>540<\/td>\n<td>40.5<\/td>\n<td>&#8211;<\/td>\n<td>1\u201d 3\/8 Z6<\/td>\n<td>L273 40<\/td>\n<td>X<\/td>\n<\/tr>\n<tr>\n<td>3.60<br \/>\n4.50<\/td>\n<td>540<\/td>\n<td>40.5<\/td>\n<td>&#8211;<\/td>\n<td>1\u201d 3\/8 Z6<\/td>\n<td>L270 35<\/td>\n<td>X<\/td>\n<\/tr>\n<tr>\n<td>3.60<br \/>\n4.50<\/td>\n<td>540<\/td>\n<td>47.8<\/td>\n<td>&#8211;<\/td>\n<td>1\u201d 3\/8 Z6<\/td>\n<td>L100 35<\/td>\n<td>X<\/td>\n<\/tr>\n<\/tbody>\n<\/table>\n<h3><em><strong>D21A Kaksoisl\u00e4ht\u00f6<\/strong><\/em><\/h3>\n<p><img loading=\"lazy\" decoding=\"async\" class=\"alignnone size-full wp-image-2197\" src=\"https:\/\/fmp-components.com\/wp-content\/uploads\/2024\/12\/agricultural-sprayer-gearbox-specification-D21A-double-output.webp\" alt=\"maatalousruiskun vaihteiston erittely D21A kaksoisl\u00e4ht\u00f6\" width=\"881\" height=\"655\" title=\"\" srcset=\"https:\/\/fmp-components.com\/wp-content\/uploads\/2024\/12\/agricultural-sprayer-gearbox-specification-D21A-double-output.webp 881w, https:\/\/fmp-components.com\/wp-content\/uploads\/2024\/12\/agricultural-sprayer-gearbox-specification-D21A-double-output-480x357.webp 480w\" sizes=\"(min-width: 0px) and (max-width: 480px) 480px, (min-width: 481px) 881px, 100vw\" \/><\/p>\n<table style=\"width: 99.1636%; height: 123px;\" border=\"1\" cellspacing=\"0\" cellpadding=\"0\">\n<tbody>\n<tr>\n<td rowspan=\"2\"><strong>min\u00e4<\/strong><\/td>\n<td rowspan=\"2\"><strong>N<sub>1<\/sub>[rpm]<\/strong><\/td>\n<td rowspan=\"2\"><strong>P<sub>1<\/sub>[kW]<\/strong><\/td>\n<td rowspan=\"2\"><strong>M<sub>2<\/sub>[Nm]<\/strong><\/td>\n<td colspan=\"2\"><strong>Akselin tyyppi<\/strong><strong><br \/>\n<\/strong><\/td>\n<td rowspan=\"2\"><strong>Sy\u00f6tt\u00f6<\/strong><\/td>\n<\/tr>\n<tr>\n<td><strong>X<br \/>\n<\/strong><img loading=\"lazy\" decoding=\"async\" class=\"size-full wp-image-2180 aligncenter\" src=\"https:\/\/fmp-components.com\/wp-content\/uploads\/2024\/12\/shaft-x-3.webp\" alt=\"akseli-x\" width=\"81\" height=\"78\" title=\"\" srcset=\"https:\/\/fmp-components.com\/wp-content\/uploads\/2024\/12\/shaft-x-3.webp 81w, https:\/\/fmp-components.com\/wp-content\/uploads\/2024\/12\/shaft-x-3-12x12.webp 12w\" sizes=\"(max-width: 81px) 100vw, 81px\" \/><\/td>\n<td><strong>Z<img loading=\"lazy\" decoding=\"async\" class=\"size-full wp-image-2181 aligncenter\" src=\"https:\/\/fmp-components.com\/wp-content\/uploads\/2024\/12\/shaft-z.webp\" alt=\"shaft-z\" width=\"81\" height=\"84\" title=\"\" srcset=\"https:\/\/fmp-components.com\/wp-content\/uploads\/2024\/12\/shaft-z.webp 81w, https:\/\/fmp-components.com\/wp-content\/uploads\/2024\/12\/shaft-z-12x12.webp 12w\" sizes=\"(max-width: 81px) 100vw, 81px\" \/><\/strong><\/td>\n<\/tr>\n<tr>\n<td>3.60<br \/>\n4.93<\/td>\n<td>540<\/td>\n<td>40.5<\/td>\n<td>&#8211;<\/td>\n<td>1\u201d 3\/8 Z6<\/td>\n<td>L360 35<br \/>\n\u03a630<\/td>\n<td>X<\/td>\n<\/tr>\n<\/tbody>\n<\/table>\n<h3>Maatalouden ruiskun vaihdelaatikon ominaisuudet<\/h3>\n<ol>\n<li><strong>Kest\u00e4vyys ja vankka rakenne<\/strong><br \/>\nMaatalousruiskujen vaihteistot on suunniteltu kest\u00e4m\u00e4\u00e4n maatalousymp\u00e4rist\u00f6jen vaativia olosuhteita. N\u00e4m\u00e4 vaihteistot on valmistettu eritt\u00e4in lujista materiaaleista, kuten seoster\u00e4ksest\u00e4, mik\u00e4 varmistaa, ett\u00e4 ne kest\u00e4v\u00e4t raskasta k\u00e4ytt\u00f6\u00e4 ja ovat vastustuskykyisi\u00e4 lialle, kosteudelle ja t\u00e4rin\u00e4lle altistumiselle. T\u00e4m\u00e4 kest\u00e4vyys varmistaa, ett\u00e4 vaihteisto toimii luotettavasti pitk\u00e4\u00e4n, jopa vaativissa ty\u00f6olosuhteissa, mik\u00e4 on ratkaisevan t\u00e4rke\u00e4\u00e4 maatalousk\u00e4yt\u00f6ss\u00e4, jossa laitteita k\u00e4ytet\u00e4\u00e4n usein haastavissa ymp\u00e4rist\u00f6iss\u00e4.<\/li>\n<li><strong>Korkea tehonsiirtotehokkuus<\/strong><br \/>\nMaatalousruiskujen vaihteistot on suunniteltu siirt\u00e4m\u00e4\u00e4n tehokkaasti mekaanista tehoa traktorin voimanottoj\u00e4rjestelm\u00e4st\u00e4 ruiskun pumppuun. Vaihteisto muuntaa traktorin moottorin toimittaman py\u00f6rimisenergian ruiskun eri osien tarvitsemaksi tehoksi varmistaen kemikaalien tai lannoitteiden tasaisen ja tasaisen ruiskutuksen. T\u00e4m\u00e4 tehokas voimansiirto on v\u00e4ltt\u00e4m\u00e4t\u00f6nt\u00e4 optimaalisen ruiskutuspaineen, virtausnopeuksien ja kokonaissuorituskyvyn kannalta, mik\u00e4 tekee vaihteistosta kriittisen osan tuottavuuden maksimoinnissa.<\/li>\n<li><strong>Kompakti ja tilaa s\u00e4\u00e4st\u00e4v\u00e4 muotoilu<\/strong><br \/>\nMaatalousruiskujen vaihteistot suunnitellaan usein kompakteiksi ja tilaa s\u00e4\u00e4st\u00e4viksi, mink\u00e4 ansiosta ne voidaan helposti asentaa erilaisiin ruiskuj\u00e4rjestelmiin viem\u00e4tt\u00e4 liikaa tilaa. T\u00e4m\u00e4 suunnitteluominaisuus on erityisen t\u00e4rke\u00e4 ruiskun tasapainon ja ohjattavuuden yll\u00e4pit\u00e4miseksi. Kompakti vaihteisto varmistaa, ett\u00e4 se ei h\u00e4iritse muita ruiskun osia, kuten s\u00e4ili\u00f6t\u00e4 tai ruiskutussuuttimia, ja samalla j\u00e4rjestelm\u00e4 pysyy kevyen\u00e4 ja helppok\u00e4ytt\u00f6isen\u00e4.<\/li>\n<li><strong>Monipuolisuus ja sopeutumiskyky<\/strong><br \/>\nN\u00e4m\u00e4 vaihteistot ovat eritt\u00e4in mukautuvia ja niit\u00e4 voidaan k\u00e4ytt\u00e4\u00e4 monenlaisissa maatalousruiskuissa, mukaan lukien sek\u00e4 pienet ett\u00e4 suuret mallit. K\u00e4ytettiinp\u00e4 niit\u00e4 sitten traktoriin kiinnitett\u00e4viss\u00e4 ruiskuissa tai itseliikkuvissa yksik\u00f6iss\u00e4, maatalousruiskujen vaihteistot on suunniteltu monipuolisiksi ja ne kest\u00e4v\u00e4t vaihtelevia tehovaatimuksia. Niiden yhteensopivuus erilaisten ruiskukokoonpanojen ja k\u00e4ytt\u00f6olosuhteiden kanssa tekee niist\u00e4 luotettavan ratkaisun monipuolisiin maatalousteht\u00e4viin, aina kasvinsuojelusta lannoitukseen.<\/li>\n<li><strong>Helppo huolto ja pitk\u00e4ik\u00e4isyys<\/strong><br \/>\nMaatalousruiskujen vaihteistot on suunniteltu helppok\u00e4ytt\u00f6isyytt\u00e4 silm\u00e4ll\u00e4 pit\u00e4en. Niiss\u00e4 on usein k\u00e4ytt\u00e4j\u00e4yst\u00e4v\u00e4llisi\u00e4 rakenteita, jotka mahdollistavat helpon p\u00e4\u00e4syn sis\u00e4isiin osiin voitelua ja tarkastusta varten. Rutiinihuolto, kuten \u00f6ljytasojen tarkistaminen, rasvan levitt\u00e4minen ja tiivisteiden tai suodattimien vaihtaminen, on yksinkertaista ja voi pident\u00e4\u00e4 vaihteiston k\u00e4ytt\u00f6ik\u00e4\u00e4. Vaihteiston pitk\u00e4ik\u00e4isyytt\u00e4 parantaa sen kest\u00e4v\u00e4 rakenne, joka varmistaa tasaisen suorituskyvyn useiden kasvukausien ajan, mik\u00e4 on ratkaiseva tekij\u00e4 viljelij\u00f6ille, jotka luottavat laitteisiin, jotka toimivat luotettavasti vuodesta toiseen.<\/li>\n<li><strong>Sis\u00e4\u00e4nrakennetut turvaominaisuudet<\/strong><br \/>\nMonissa maatalousruiskujen vaihteistoissa on turvaominaisuuksia, jotka suojaavat sek\u00e4 vaihteistoa ett\u00e4 siihen kytkettyj\u00e4 komponentteja. N\u00e4ihin ominaisuuksiin voivat kuulua ylikuormitussuojaj\u00e4rjestelm\u00e4t, kuten murtotapit tai kytkimet, jotka est\u00e4v\u00e4t vaihteiston vaurioitumisen \u00e4killisen mekaanisen rasituksen tai tukkeutumisen sattuessa. Kun havaitaan liiallista voimaa, n\u00e4m\u00e4 turvamekanismit irrottavat voimansiirron tai rajoittavat sit\u00e4, est\u00e4en rikkoutumisen ja v\u00e4hent\u00e4en kalliiden korjausten tai seisokkiaikojen riski\u00e4.<\/li>\n<\/ol>\n<p>Maatalousruiskujen vaihteistoille on ominaista kest\u00e4vyys, tehokkuus voimansiirrossa, kompakti rakenne ja helppo huolto. N\u00e4m\u00e4 ominaisuudet tekev\u00e4t niist\u00e4 v\u00e4ltt\u00e4m\u00e4tt\u00f6mi\u00e4 luotettavan ja pitk\u00e4ik\u00e4isen suorituskyvyn saavuttamiseksi vaativissa maatalousymp\u00e4rist\u00f6iss\u00e4. Monipuolisuuden, sis\u00e4\u00e4nrakennettujen turvamekanismien ja tasaisen toiminnan ansiosta maatalousruiskujen vaihteistoilla on keskeinen rooli tehokkaiden ja toimivien ruiskutusj\u00e4rjestelmien varmistamisessa monenlaisissa maataloussovelluksissa.<\/p>\n<p><img loading=\"lazy\" decoding=\"async\" class=\"size-full wp-image-2198 aligncenter\" src=\"https:\/\/fmp-components.com\/wp-content\/uploads\/2024\/12\/Agricultural-Sprayer-Gearbox-8.webp\" alt=\"Maatalousruiskun vaihteisto-8\" width=\"800\" height=\"800\" title=\"\" srcset=\"https:\/\/fmp-components.com\/wp-content\/uploads\/2024\/12\/Agricultural-Sprayer-Gearbox-8.webp 800w, https:\/\/fmp-components.com\/wp-content\/uploads\/2024\/12\/Agricultural-Sprayer-Gearbox-8-480x480.webp 480w\" sizes=\"(min-width: 0px) and (max-width: 480px) 480px, (min-width: 481px) 800px, 100vw\" \/><\/p>\n<h3>Maatalouden ruiskun vaihdelaatikon sovellukset<\/h3>\n<ol>\n<li><strong>Traktoriin kiinnitett\u00e4v\u00e4t ruiskut<\/strong><br \/>\nMaatalousruiskujen vaihteistoja k\u00e4ytet\u00e4\u00e4n laajalti traktoriin asennettavissa ruiskuissa, joissa ne vastaavat voimansiirrosta traktorin voimanottoakselista ruiskun pumppuun. N\u00e4iden vaihteistojen avulla ruisku voi jakaa lannoitteita, torjunta-aineita ja rikkakasvien torjunta-aineita tasaisesti viljelykasveille. Traktoriin asennettavia ruiskuja k\u00e4ytet\u00e4\u00e4n monenlaisiin k\u00e4ytt\u00f6tarkoituksiin laajamittaisesta kaupallisesta maataloudesta pienempiin hedelm\u00e4tarhoihin tai viinitarhoihin, joten vaihteisto on v\u00e4ltt\u00e4m\u00e4t\u00f6n tasaisten ruiskutuskuvioiden ja tehokkaan kemikaalien levityksen varmistamiseksi.<\/li>\n<li><strong>Itseliikkuvat ruiskut<\/strong><br \/>\nItseliikkuvissa ruiskuissa vaihteistolla on ratkaiseva rooli ruiskutusj\u00e4rjestelm\u00e4n voimanl\u00e4hteen\u00e4 traktorista riippumatta. N\u00e4it\u00e4 ruiskuja k\u00e4ytet\u00e4\u00e4n yleisesti suurten pinta-alojen sovelluksissa, ja ne on varustettu omilla moottoreilla ja vaihteistoj\u00e4rjestelmill\u00e4. Itseliikkuvien ruiskujen vaihteisto auttaa s\u00e4\u00e4t\u00e4m\u00e4\u00e4n ruiskun pumpun nopeutta varmistaen tarkan ja tehokkaan kemikaalien levityksen. Se helpottaa my\u00f6s ruiskutusm\u00e4\u00e4rien s\u00e4\u00e4t\u00f6\u00e4, mik\u00e4 tarjoaa joustavuutta eri viljelykasveille ja pelto-olosuhteille.<\/li>\n<li><strong>Puomiruiskut<\/strong><br \/>\nMaatalousruiskujen vaihteistot ovat olennainen osa puomiston ruiskuja, joita k\u00e4ytet\u00e4\u00e4n nesteiden levitt\u00e4miseen suurille maa-alueille, kuten vilja-, vihannes- tai muiden viljelykasvien pelloille. Vaihteisto vastaa puomiston ruiskutussuuttimia k\u00e4ytt\u00e4vien pumppujen k\u00e4yt\u00f6st\u00e4. Se varmistaa, ett\u00e4 ruiskutus on tasaista ja ett\u00e4 neste toimitetaan tarkasti ruiskutettavalle alueelle. N\u00e4it\u00e4 j\u00e4rjestelmi\u00e4 k\u00e4ytet\u00e4\u00e4n usein tarkkuusviljelyss\u00e4, jossa tasainen levitys on ratkaisevan t\u00e4rke\u00e4\u00e4 j\u00e4tteen minimoimiseksi ja sadonsuojelun optimoimiseksi.<\/li>\n<li><strong>Lannoitteenlevittimet<\/strong><br \/>\nMonet lannoitteenlevittimet on integroitu ruiskutusj\u00e4rjestelmiin kaksoisk\u00e4ytt\u00f6\u00e4, kuten samanaikaista lannoitusta ja ruiskutusta, varten. N\u00e4iden j\u00e4rjestelmien vaihteisto vastaa levittimen py\u00f6rivien mekanismien k\u00e4ytt\u00e4miseen tarvittavasta tehosta ja varmistaa samalla ruiskun moitteettoman toiminnan. T\u00e4m\u00e4 sovellus on erityisen hy\u00f6dyllinen pelloilla, joilla sek\u00e4 lannoitteita ett\u00e4 kasvinsuojeluaineita on levitett\u00e4v\u00e4 yhdess\u00e4 ty\u00f6vaiheessa, mik\u00e4 virtaviivaistaa prosessia ja v\u00e4hent\u00e4\u00e4 laitteiden k\u00e4ytt\u00f6kertoja.<\/li>\n<li><strong>Peltokasvien suojelu<\/strong><br \/>\nRuiskujen vaihteistoja k\u00e4ytet\u00e4\u00e4n yleisesti peltokasvien suojelussa, jossa ne k\u00e4ytt\u00e4v\u00e4t ruiskuja, joita k\u00e4ytet\u00e4\u00e4n torjunta-aineiden ja rikkakasvien torjunta-aineiden levitt\u00e4miseen suurille pelloille, kuten vilja-, maissi- ja soijapapupelloille. Vaihteisto varmistaa, ett\u00e4 ruiskutusj\u00e4rjestelm\u00e4 toimii oikealla paineella ja virtausnopeudella, mik\u00e4 on ratkaisevan t\u00e4rke\u00e4\u00e4 tehokkaan tuholaistorjunnan ja rikkakasvien torjunnan kannalta. Varmistamalla tasaisen levityksen vaihteisto auttaa v\u00e4hent\u00e4m\u00e4\u00e4n kemikaalien liikak\u00e4ytt\u00f6\u00e4, parantamaan ymp\u00e4rist\u00f6n kest\u00e4vyytt\u00e4 ja alentamaan viljelij\u00f6iden panoskustannuksia.<\/li>\n<li><strong>Hedelm\u00e4tarhojen ja viinitarhojen ruiskutus<\/strong><br \/>\nHedelm\u00e4tarhoilla ja viinitarhoilla ruiskujen vaihteistoja k\u00e4ytet\u00e4\u00e4n erikoisruiskuissa, jotka on suunniteltu liikkumaan kapeissa puu- tai viinik\u00f6ynn\u00f6sriveiss\u00e4. N\u00e4iss\u00e4 ruiskuissa k\u00e4ytet\u00e4\u00e4n usein pienempi\u00e4 ja kompaktimpia vaihteistoja, jotka on r\u00e4\u00e4t\u00e4l\u00f6ity hedelm\u00e4puiden viljelyn ainutlaatuisiin tarpeisiin. Vaihteisto vastaa veden, lannoitteiden tai torjunta-aineiden levitt\u00e4miseen tarkoitettujen ruiskutuspumppujen k\u00e4yt\u00f6st\u00e4. Tarjoamalla tasaisen ruiskutuspaineen vaihteisto auttaa varmistamaan, ett\u00e4 n\u00e4m\u00e4 herk\u00e4t kasvit saavat optimaalisen k\u00e4sittelyn vahingoittamatta kasveja.<\/li>\n<\/ol>\n<p>Maatalousruiskujen vaihteistoilla on t\u00e4rke\u00e4 rooli useissa eri sovelluksissa, laajamittaisesta peltokasvien suojelusta hedelm\u00e4tarhojen ja kasvihuoneiden erikoisruiskuihin. Niiden ensisijainen teht\u00e4v\u00e4 on siirt\u00e4\u00e4 tehokkaasti voimaa traktorista tai itseliikkuvasta yksik\u00f6st\u00e4 ruiskupumppuun varmistaen kemikaalien tasaisen ja tarkan levityksen. Olipa kyseess\u00e4 torjunta-aineet, lannoitteet tai rikkakasvien torjunta-aineet, vaihteisto varmistaa, ett\u00e4 ruiskutusj\u00e4rjestelm\u00e4t toimivat tehokkaasti monenlaisissa maataloustoiminnoissa, mik\u00e4 edist\u00e4\u00e4 parempaa sadonhoitoa, kest\u00e4vyytt\u00e4 ja tuottavuutta.<\/p>\n<p><img loading=\"lazy\" decoding=\"async\" class=\"alignnone size-full wp-image-2193\" src=\"https:\/\/fmp-components.com\/wp-content\/uploads\/2024\/12\/Agricultural-Sprayer-Gearbox-19.webp\" alt=\"Maatalousruiskun vaihteisto\" width=\"2016\" height=\"1512\" title=\"\" srcset=\"https:\/\/fmp-components.com\/wp-content\/uploads\/2024\/12\/Agricultural-Sprayer-Gearbox-19.webp 2016w, https:\/\/fmp-components.com\/wp-content\/uploads\/2024\/12\/Agricultural-Sprayer-Gearbox-19-1280x960.webp 1280w, https:\/\/fmp-components.com\/wp-content\/uploads\/2024\/12\/Agricultural-Sprayer-Gearbox-19-980x735.webp 980w, https:\/\/fmp-components.com\/wp-content\/uploads\/2024\/12\/Agricultural-Sprayer-Gearbox-19-480x360.webp 480w\" sizes=\"(min-width: 0px) and (max-width: 480px) 480px, (min-width: 481px) and (max-width: 980px) 980px, (min-width: 981px) and (max-width: 1280px) 1280px, (min-width: 1281px) 2016px, 100vw\" \/><\/p>\n<h3>Tietoja FMP:st\u00e4<\/h3>\n<p>Italiassa sijaitseva FMP on johtava valmistaja, joka on erikoistunut korkean suorituskyvyn vaihteistojen suunnitteluun, kehitt\u00e4miseen ja tuotantoon p\u00e4\u00e4asiassa maatalouskonesektorille. Tarkkuudestaan, innovaatioistaan \u200b\u200bja luotettavuudestaan \u200b\u200btunnettu FMP on rakentanut vahvan maineen toimittamalla ensiluokkaisia \u200b\u200btuotteita, jotka vastaavat sek\u00e4 maatalous- ett\u00e4 teollisuusmarkkinoiden kehittyviin tarpeisiin. Laaja tuotevalikoimamme sis\u00e4lt\u00e4\u00e4 ruohonleikkureiden, nivelakseleiden ja muiden keskeisten komponenttien erikoisvaihteistoja, jotka kaikki on suunniteltu tarjoamaan r\u00e4\u00e4t\u00e4l\u00f6ityj\u00e4 ratkaisuja erilaisiin sovelluksiin.<\/p>\n<p>Ymm\u00e4rr\u00e4mme, ett\u00e4 jokaisella asiakkaalla on ainutlaatuiset tarpeet, mink\u00e4 vuoksi tarjoamme r\u00e4\u00e4t\u00e4l\u00f6ityj\u00e4 ratkaisuja, olipa kyseess\u00e4 sitten yksitt\u00e4iset komponentit tai kokonaiset integroidut j\u00e4rjestelm\u00e4t. Ty\u00f6skentelem\u00e4ll\u00e4 tiiviisti asiakkaidemme kanssa varmistamme, ett\u00e4 jokainen ratkaisu on sek\u00e4 tehokas ett\u00e4 tuloksellinen. Sitoutumisemme nopeisiin ja ammattimaisiin vastauksiin sek\u00e4 asiantuntevaan ohjaukseen varmistaa, ett\u00e4 jokainen tiedustelu k\u00e4sitell\u00e4\u00e4n huolellisesti ja tarkasti, jolloin saavutetaan optimaaliset tulokset.<\/p>\n<p>Avoin viestint\u00e4 on l\u00e4hestymistapamme kulmakivi, erityisesti tuotekehityksess\u00e4. Tiimimme ty\u00f6skentelee suoraan asiakkaiden kanssa ymm\u00e4rt\u00e4\u00e4kseen heid\u00e4n tarpeensa t\u00e4ysin ja tarjotakseen arvokasta tietoa, joka johtaa parhaisiin ratkaisuihin. Olipa kyse innovatiivisten tuotteiden suunnittelusta tai tilausten t\u00e4ytt\u00e4misest\u00e4, FMP on omistautunut toimittamaan korkealaatuisia, tarkasti suunniteltuja ratkaisuja ajallaan, joka kerta.<\/p>\n<p>Laatu on FMP:n toiminnan ytimess\u00e4. Noudatamme korkeimpia valmistusstandardeja ja toteutamme tiukkoja laadunvalvontatoimenpiteit\u00e4 varmistaaksemme, ett\u00e4 jokainen tuote ylitt\u00e4\u00e4 alan odotukset. T\u00e4m\u00e4 keskittyminen laatuun yhdistettyn\u00e4 ydinarvoihimme, kuten rehellisyyteen, tiimity\u00f6h\u00f6n ja sinnikkyyteen, on auttanut meit\u00e4 luomaan pitk\u00e4aikaisia \u200b\u200basiakassuhteita l\u00e4hes 30 maassa maailmanlaajuisesti.<\/p>\n<p>FMP on sitoutunut rakentamaan globaaleja kumppanuuksia, tarjoamalla asiantuntevaa neuvontaa ja r\u00e4\u00e4t\u00e4l\u00f6ityj\u00e4 ratkaisuja vastatakseen asiakkaiden erilaisiin tarpeisiin. Ylit\u00e4mme tuotetoimitukset ja pyrimme rakentamaan kest\u00e4vi\u00e4 suhteita, jotka edist\u00e4v\u00e4t jokaisen projektin onnistumista. Etsitp\u00e4 sitten innovatiivisia ratkaisuja uuteen hankkeeseen tai jatkuvaa tukea olemassa olevalle j\u00e4rjestelm\u00e4lle, FMP on omistautunut vastaamaan teknisiin haasteisiisi ja varmistamaan jatkuvan menestyksesi.<\/p>\n<p><img loading=\"lazy\" decoding=\"async\" class=\"alignnone size-full wp-image-1861\" src=\"https:\/\/fmp-components.com\/wp-content\/uploads\/2024\/12\/Other-Agricultural-Gearboxes.webp\" sizes=\"(min-width: 0px) and (max-width: 480px) 480px, (min-width: 481px) and (max-width: 980px) 980px, (min-width: 981px) 1200px, 100vw\" srcset=\"https:\/\/fmp-components.com\/wp-content\/uploads\/2024\/12\/Other-Agricultural-Gearboxes.webp 1200w, https:\/\/fmp-components.com\/wp-content\/uploads\/2024\/12\/Other-Agricultural-Gearboxes-980x1143.webp 980w, https:\/\/fmp-components.com\/wp-content\/uploads\/2024\/12\/Other-Agricultural-Gearboxes-480x560.webp 480w\" alt=\"Altri-cambi-agricoli\" width=\"1200\" height=\"1400\" title=\"\"><\/p>\n<p>Tekij\u00e4: CX<\/p>","protected":false},"excerpt":{"rendered":"<p>Specifications of Agricultural Sprayer Gearbox D21A D21A i N1[rpm] P1[kW] M2[Nm] Shaft Type Input X \u00a0 Z 6.95 7.45 540 26.5 &#8211; 1&#8221; 3\/8 Z6 L108 35 X 3.90 4.90 540 40.5 &#8211; 1&#8221; 3\/8 Z6 \u00a0L271.5 30 X 3.60 4.50 540 40.5 &#8211; 1&#8221; 3\/8 Z6 L273 40 X 3.60 4.50 540 40.5 &#8211; [&hellip;]<\/p>","protected":false},"featured_media":2199,"comment_status":"open","ping_status":"closed","template":"","meta":{"_et_pb_use_builder":"","_et_pb_old_content":"","_et_gb_content_width":""},"product_brand":[],"product_cat":[55],"product_tag":[],"class_list":{"0":"post-2195","1":"product","2":"type-product","3":"status-publish","4":"has-post-thumbnail","6":"product_cat-agricultural-sprayer-gearbox","8":"first","9":"instock","10":"shipping-taxable","11":"product-type-simple"},"_links":{"self":[{"href":"https:\/\/fmp-components.com\/fi\/wp-json\/wp\/v2\/product\/2195","targetHints":{"allow":["GET"]}}],"collection":[{"href":"https:\/\/fmp-components.com\/fi\/wp-json\/wp\/v2\/product"}],"about":[{"href":"https:\/\/fmp-components.com\/fi\/wp-json\/wp\/v2\/types\/product"}],"replies":[{"embeddable":true,"href":"https:\/\/fmp-components.com\/fi\/wp-json\/wp\/v2\/comments?post=2195"}],"wp:featuredmedia":[{"embeddable":true,"href":"https:\/\/fmp-components.com\/fi\/wp-json\/wp\/v2\/media\/2199"}],"wp:attachment":[{"href":"https:\/\/fmp-components.com\/fi\/wp-json\/wp\/v2\/media?parent=2195"}],"wp:term":[{"taxonomy":"product_brand","embeddable":true,"href":"https:\/\/fmp-components.com\/fi\/wp-json\/wp\/v2\/product_brand?post=2195"},{"taxonomy":"product_cat","embeddable":true,"href":"https:\/\/fmp-components.com\/fi\/wp-json\/wp\/v2\/product_cat?post=2195"},{"taxonomy":"product_tag","embeddable":true,"href":"https:\/\/fmp-components.com\/fi\/wp-json\/wp\/v2\/product_tag?post=2195"}],"curies":[{"name":"wp","href":"https:\/\/api.w.org\/{rel}","templated":true}]}}