{"id":2187,"date":"2024-12-30T08:31:56","date_gmt":"2024-12-30T08:31:56","guid":{"rendered":"https:\/\/fmp-components.com\/?page_id=8"},"modified":"2024-12-30T08:37:15","modified_gmt":"2024-12-30T08:37:15","slug":"agricultural-sprayer-gearbox-replacement-of-comer-code-d27a-d27j-d27b","status":"publish","type":"product","link":"https:\/\/fmp-components.com\/fi\/product\/agricultural-sprayer-gearbox-replacement-of-comer-code-d27a-d27j-d27b\/","title":{"rendered":"Maatalousruiskun vaihteisto \u2013 Corer-koodin D27A D27J D27B vaihto"},"content":{"rendered":"<h2>Maatalouden ruiskun vaihdelaatikon D27A\/D27J\/D27B tekniset tiedot<\/h2>\n<h3><em>D27A<\/em><\/h3>\n<p><img loading=\"lazy\" decoding=\"async\" class=\"alignnone size-full wp-image-2192\" src=\"https:\/\/fmp-components.com\/wp-content\/uploads\/2024\/12\/agricultural-sprayer-gearbox-specification-D27A.webp\" alt=\"maatalousruiskun vaihteiston erittely-D27A\" width=\"908\" height=\"473\" title=\"\" srcset=\"https:\/\/fmp-components.com\/wp-content\/uploads\/2024\/12\/agricultural-sprayer-gearbox-specification-D27A.webp 908w, https:\/\/fmp-components.com\/wp-content\/uploads\/2024\/12\/agricultural-sprayer-gearbox-specification-D27A-480x250.webp 480w\" sizes=\"(min-width: 0px) and (max-width: 480px) 480px, (min-width: 481px) 908px, 100vw\" \/><\/p>\n<table style=\"width: 101.336%; height: 345px;\" border=\"1\" cellspacing=\"0\" cellpadding=\"0\">\n<tbody>\n<tr style=\"height: 23px;\">\n<td style=\"height: 70px; width: 7.24947%;\" rowspan=\"2\"><strong>min\u00e4<\/strong><\/td>\n<td style=\"height: 70px; width: 13.6461%;\" rowspan=\"2\"><strong>N<sub>1<\/sub>[rpm]<\/strong><\/td>\n<td style=\"height: 70px; width: 12.0469%;\" rowspan=\"2\"><strong>P<sub>1<\/sub>[kW]<\/strong><\/td>\n<td style=\"height: 70px; width: 13.0064%;\" rowspan=\"2\"><strong>M<sub>2<\/sub>[Nm]<\/strong><\/td>\n<td style=\"height: 23px; width: 44.8827%;\" colspan=\"2\"><strong>Akselin tyyppi<\/strong><strong><br \/>\n<\/strong><\/td>\n<td style=\"height: 70px; width: 9.06183%;\" rowspan=\"2\"><strong>Sy\u00f6tt\u00f6<\/strong><\/td>\n<\/tr>\n<tr style=\"height: 47px;\">\n<td style=\"height: 47px; width: 21.9616%;\"><strong>\u00a0 \u00a0 \u00a0 \u00a0 \u00a0 \u00a0 \u00a0 \u00a0 \u00a0 \u00a0 \u00a0 \u00a0X<br \/>\n<\/strong>\u00a0<img loading=\"lazy\" decoding=\"async\" class=\"size-full wp-image-2180 aligncenter\" src=\"https:\/\/fmp-components.com\/wp-content\/uploads\/2024\/12\/shaft-x-3.webp\" alt=\"akseli-x\" width=\"81\" height=\"78\" title=\"\" srcset=\"https:\/\/fmp-components.com\/wp-content\/uploads\/2024\/12\/shaft-x-3.webp 81w, https:\/\/fmp-components.com\/wp-content\/uploads\/2024\/12\/shaft-x-3-12x12.webp 12w\" sizes=\"(max-width: 81px) 100vw, 81px\" \/><\/td>\n<td style=\"height: 47px; width: 22.9211%;\"><strong>\u00a0 \u00a0 \u00a0 \u00a0 \u00a0 \u00a0 \u00a0 \u00a0 \u00a0 \u00a0 \u00a0Z<\/strong><\/p>\n<p><strong><img loading=\"lazy\" decoding=\"async\" class=\"size-full wp-image-2181 aligncenter\" src=\"https:\/\/fmp-components.com\/wp-content\/uploads\/2024\/12\/shaft-z.webp\" alt=\"shaft-z\" width=\"81\" height=\"84\" title=\"\" srcset=\"https:\/\/fmp-components.com\/wp-content\/uploads\/2024\/12\/shaft-z.webp 81w, https:\/\/fmp-components.com\/wp-content\/uploads\/2024\/12\/shaft-z-12x12.webp 12w\" sizes=\"(max-width: 81px) 100vw, 81px\" \/><\/strong><\/td>\n<\/tr>\n<tr style=\"height: 47px;\">\n<td style=\"height: 47px; width: 7.24947%;\">4.00<br \/>\n5.25<\/td>\n<td style=\"height: 47px; width: 13.6461%;\">540<\/td>\n<td style=\"height: 47px; width: 12.0469%;\">22.1<\/td>\n<td style=\"height: 47px; width: 13.0064%;\"><\/td>\n<td style=\"height: 47px; width: 21.9616%;\">1\u201d 3\/8 Z6<\/td>\n<td style=\"height: 47px; width: 22.9211%;\"><\/td>\n<td style=\"height: 47px; width: 9.06183%;\">X<\/td>\n<\/tr>\n<tr style=\"height: 47px;\">\n<td style=\"height: 47px; width: 7.24947%;\">3.70<br \/>\n4.80<\/td>\n<td style=\"height: 47px; width: 13.6461%;\">540<\/td>\n<td style=\"height: 47px; width: 12.0469%;\">22.1<\/td>\n<td style=\"height: 47px; width: 13.0064%;\">&#8211;<\/td>\n<td style=\"height: 47px; width: 21.9616%;\">1\u201d 3\/8 Z6<\/td>\n<td style=\"height: 47px; width: 22.9211%;\">\u00a0L250 35<\/td>\n<td style=\"height: 47px; width: 9.06183%;\">X<\/td>\n<\/tr>\n<tr style=\"height: 47px;\">\n<td style=\"height: 47px; width: 7.24947%;\">3.70<br \/>\n4.40<\/td>\n<td style=\"height: 47px; width: 13.6461%;\">540<\/td>\n<td style=\"height: 47px; width: 12.0469%;\">22.1<\/td>\n<td style=\"height: 47px; width: 13.0064%;\">&#8211;<\/td>\n<td style=\"height: 47px; width: 21.9616%;\">1\u201d 3\/8 Z6<\/td>\n<td style=\"height: 47px; width: 22.9211%;\">L117 35<\/td>\n<td style=\"height: 47px; width: 9.06183%;\">X<\/td>\n<\/tr>\n<tr style=\"height: 47px;\">\n<td style=\"height: 47px; width: 7.24947%;\">2.95<br \/>\n4.00<\/td>\n<td style=\"height: 47px; width: 13.6461%;\">540<\/td>\n<td style=\"height: 47px; width: 12.0469%;\">22.1<\/td>\n<td style=\"height: 47px; width: 13.0064%;\"><\/td>\n<td style=\"height: 47px; width: 21.9616%;\">1\u201d 3\/8 Z6<\/td>\n<td style=\"height: 47px; width: 22.9211%;\"><\/td>\n<td style=\"height: 47px; width: 9.06183%;\">X<\/td>\n<\/tr>\n<\/tbody>\n<\/table>\n<p><img loading=\"lazy\" decoding=\"async\" class=\"alignnone size-full wp-image-2191\" src=\"https:\/\/fmp-components.com\/wp-content\/uploads\/2024\/12\/agricultural-sprayer-gearbox-specification-D27J-D27B.webp\" alt=\"maatalousruiskun vaihteiston erittely-D27J-D27B\" width=\"853\" height=\"454\" title=\"\" srcset=\"https:\/\/fmp-components.com\/wp-content\/uploads\/2024\/12\/agricultural-sprayer-gearbox-specification-D27J-D27B.webp 853w, https:\/\/fmp-components.com\/wp-content\/uploads\/2024\/12\/agricultural-sprayer-gearbox-specification-D27J-D27B-480x255.webp 480w\" sizes=\"(min-width: 0px) and (max-width: 480px) 480px, (min-width: 481px) 853px, 100vw\" \/><\/p>\n<table style=\"width: 100.094%; height: 286px;\" border=\"1\" cellspacing=\"0\" cellpadding=\"0\">\n<tbody>\n<tr>\n<td style=\"width: 7.5594%;\" rowspan=\"2\"><strong>min\u00e4<\/strong><\/td>\n<td style=\"width: 14.0389%;\" rowspan=\"2\"><strong>N<sub>1<\/sub>[rpm]<\/strong><\/td>\n<td style=\"width: 12.419%;\" rowspan=\"2\"><strong>P<sub>1<\/sub>[kW]<\/strong><\/td>\n<td style=\"width: 13.4989%;\" rowspan=\"2\"><strong>M<sub>2<\/sub>[Nm]<\/strong><\/td>\n<td style=\"width: 42.9806%;\" colspan=\"2\"><strong>Akselin tyyppi<\/strong><strong><br \/>\n<\/strong><\/td>\n<td style=\"width: 9.28726%;\" rowspan=\"2\"><strong>Sy\u00f6tt\u00f6<\/strong><\/td>\n<\/tr>\n<tr>\n<td style=\"width: 21.4903%;\"><strong>\u00a0 \u00a0 \u00a0 \u00a0 \u00a0 \u00a0 \u00a0 \u00a0 \u00a0 \u00a0 \u00a0 \u00a0X<br \/>\n<\/strong><img loading=\"lazy\" decoding=\"async\" class=\"size-full wp-image-2180 aligncenter\" src=\"https:\/\/fmp-components.com\/wp-content\/uploads\/2024\/12\/shaft-x-3.webp\" alt=\"akseli-x\" width=\"81\" height=\"78\" title=\"\" srcset=\"https:\/\/fmp-components.com\/wp-content\/uploads\/2024\/12\/shaft-x-3.webp 81w, https:\/\/fmp-components.com\/wp-content\/uploads\/2024\/12\/shaft-x-3-12x12.webp 12w\" sizes=\"(max-width: 81px) 100vw, 81px\" \/><\/td>\n<td style=\"width: 21.4903%;\"><strong>\u00a0 \u00a0 \u00a0 \u00a0 \u00a0 \u00a0 \u00a0 \u00a0 \u00a0 \u00a0 \u00a0 Z<img loading=\"lazy\" decoding=\"async\" class=\"size-full wp-image-2181 aligncenter\" src=\"https:\/\/fmp-components.com\/wp-content\/uploads\/2024\/12\/shaft-z.webp\" alt=\"shaft-z\" width=\"81\" height=\"84\" title=\"\" srcset=\"https:\/\/fmp-components.com\/wp-content\/uploads\/2024\/12\/shaft-z.webp 81w, https:\/\/fmp-components.com\/wp-content\/uploads\/2024\/12\/shaft-z-12x12.webp 12w\" sizes=\"(max-width: 81px) 100vw, 81px\" \/><\/strong><\/td>\n<\/tr>\n<tr>\n<td style=\"width: 7.5594%;\">4.00<br \/>\n5.25<\/td>\n<td style=\"width: 14.0389%;\">540<\/td>\n<td style=\"width: 12.419%;\">22.1<\/td>\n<td style=\"width: 13.4989%;\">&#8211;<\/td>\n<td style=\"width: 21.4903%;\">1\u201d 3\/8 Z6<\/td>\n<td style=\"width: 21.4903%;\">L200 \u03a630<\/td>\n<td style=\"width: 9.28726%;\">X<\/td>\n<\/tr>\n<tr>\n<td style=\"width: 7.5594%;\">3.69<br \/>\n4.36<\/td>\n<td style=\"width: 14.0389%;\">540<\/td>\n<td style=\"width: 12.419%;\">22.1<\/td>\n<td style=\"width: 13.4989%;\">&#8211;<\/td>\n<td style=\"width: 21.4903%;\">1\u201d 3\/8 Z6<\/td>\n<td style=\"width: 21.4903%;\">\u00a0L253 40<\/td>\n<td style=\"width: 9.28726%;\">X<\/td>\n<\/tr>\n<tr>\n<td style=\"width: 7.5594%;\">2.95<br \/>\n4.00<\/td>\n<td style=\"width: 14.0389%;\">540<\/td>\n<td style=\"width: 12.419%;\">22.1<\/td>\n<td style=\"width: 13.4989%;\">&#8211;<\/td>\n<td style=\"width: 21.4903%;\">1\u201d 3\/8 Z6<\/td>\n<td style=\"width: 21.4903%;\">L200 40<\/td>\n<td style=\"width: 9.28726%;\">X<\/td>\n<\/tr>\n<tr>\n<td style=\"width: 7.5594%;\">2.95<br \/>\n4.00<\/td>\n<td style=\"width: 14.0389%;\">540<\/td>\n<td style=\"width: 12.419%;\">22.1<\/td>\n<td style=\"width: 13.4989%;\">&#8211;<\/td>\n<td style=\"width: 21.4903%;\">1\u201d 3\/8 Z6<\/td>\n<td style=\"width: 21.4903%;\">L250 40<\/td>\n<td style=\"width: 9.28726%;\">X<\/td>\n<\/tr>\n<\/tbody>\n<\/table>\n<h3>Maatalouden ruiskun vaihdelaatikon edut<\/h3>\n<ol>\n<li><strong>Tehokas voimansiirto<\/strong><br \/>\nMaatalousruiskujen vaihteistot on suunniteltu siirt\u00e4m\u00e4\u00e4n tehokkaasti voimaa traktorin voimanottoj\u00e4rjestelm\u00e4st\u00e4 ruiskun pumppuun tai ruiskutusmekanismiin. T\u00e4m\u00e4 varmistaa, ett\u00e4 ruisku toimii optimaalisella tehokkuudella, kun vaihteisto muuntaa traktorin suuren nopeuden ja pienen v\u00e4\u00e4nt\u00f6momentin sy\u00f6tteen oikeaksi pienen nopeuden ja suuren v\u00e4\u00e4nt\u00f6momentin tehoksi, jota tarvitaan tehokkaaseen ruiskutukseen. T\u00e4m\u00e4 tehokas voimansiirto maksimoi ruiskun suorituskyvyn varmistaen torjunta-aineiden, lannoitteiden ja muiden kemikaalien tarkan ja tasaisen ruiskutuksen.<\/li>\n<li><strong>Nopeuden v\u00e4hent\u00e4minen ja v\u00e4\u00e4nt\u00f6momentin lis\u00e4\u00e4minen<\/strong><br \/>\nYksi maatalousruiskun vaihteiston keskeisist\u00e4 eduista on sen kyky v\u00e4hent\u00e4\u00e4 nopeutta ja lis\u00e4t\u00e4 v\u00e4\u00e4nt\u00f6momenttia. Ruiskut tarvitsevat alhaisempia nopeuksia ja suurempaa v\u00e4\u00e4nt\u00f6momenttia pumppujen ja suuttimien tehokkaaseen k\u00e4ytt\u00f6\u00f6n, ja vaihteisto varmistaa n\u00e4iden ehtojen t\u00e4yttymisen. Hidastamalla traktorin voimanottoakselin py\u00f6rimisnopeutta ja lis\u00e4\u00e4m\u00e4ll\u00e4 v\u00e4\u00e4nt\u00f6momenttia vaihteisto tarjoaa tarvittavan mekaanisen edun tehokkaaseen ruiskutukseen laajoilla maatalousalueilla.<\/li>\n<li><strong>Kest\u00e4vyys ja pitk\u00e4ik\u00e4isyys<\/strong><br \/>\nMaatalousruiskujen vaihteistot on rakennettu kest\u00e4m\u00e4\u00e4n maatalousty\u00f6n ankaria olosuhteita. Ne on valmistettu korkealaatuisista materiaaleista ja vankasta suunnittelusta, mik\u00e4 takaa kest\u00e4vyyden ja pitk\u00e4aikaisen suorituskyvyn. Kyky k\u00e4sitell\u00e4 maatalousymp\u00e4rist\u00f6iss\u00e4 yleisi\u00e4 suuria rasituksia ja jatkuvaa k\u00e4ytt\u00f6\u00e4 tekee n\u00e4ist\u00e4 vaihteistoista eritt\u00e4in luotettavia, mik\u00e4 v\u00e4hent\u00e4\u00e4 tarvetta usein tapahtuville korjauksille tai vaihdoille. T\u00e4m\u00e4 pitk\u00e4ik\u00e4isyys tarkoittaa viljelij\u00f6ille alhaisempia kokonaiskustannuksia.<\/li>\n<li><strong>Ylikuormitussuoja<\/strong><br \/>\nMonissa maatalousruiskujen vaihteistoissa on ylikuormitussuojausmekanismeja, kuten murtotappeja tai kytkimi\u00e4. N\u00e4m\u00e4 j\u00e4rjestelm\u00e4t auttavat suojaamaan vaihteistoa \u00e4killisilt\u00e4 mekaanisilta ylikuormituksilta, joita voi tapahtua, jos ruisku kohtaa esteen tai jos kuormituksessa tapahtuu \u00e4killinen muutos. Vaimentamalla liiallista rasitusta ja est\u00e4m\u00e4ll\u00e4 sis\u00e4isten komponenttien vaurioitumisen, ylikuormitussuoja pident\u00e4\u00e4 vaihteiston k\u00e4ytt\u00f6ik\u00e4\u00e4 ja varmistaa keskeytym\u00e4tt\u00f6m\u00e4n toiminnan kriittisten ruiskutusteht\u00e4vien aikana.<\/li>\n<li><strong>V\u00e4h\u00e4inen huoltotarve ja helppo voitelu<\/strong><br \/>\nAsianmukainen voitelu on v\u00e4ltt\u00e4m\u00e4t\u00f6nt\u00e4 mink\u00e4 tahansa vaihteiston sujuvalle toiminnalle, ja maatalousruiskujen vaihteistot on suunniteltu helposti huollettavilla voiteluj\u00e4rjestelmill\u00e4. N\u00e4m\u00e4 j\u00e4rjestelm\u00e4t varmistavat, ett\u00e4 vaihteet ja liikkuvat osat on voideltu riitt\u00e4v\u00e4sti, mik\u00e4 v\u00e4hent\u00e4\u00e4 kitkaa ja kulumista sek\u00e4 est\u00e4\u00e4 ylikuumenemisen. Rutiinitarkastuksilla ja huollolla, kuten s\u00e4\u00e4nn\u00f6llisill\u00e4 \u00f6ljynvaihdoilla, vaihteisto voi s\u00e4ilytt\u00e4\u00e4 tehokkuutensa ja toimia sujuvasti vaatien minimaalista huoltoa koko k\u00e4ytt\u00f6ik\u00e4ns\u00e4 ajan. T\u00e4m\u00e4 helppo huolto v\u00e4hent\u00e4\u00e4 entisest\u00e4\u00e4n viljelij\u00f6iden k\u00e4ytt\u00f6kustannuksia ja seisokkiaikoja.<\/li>\n<\/ol>\n<p>Maatalousruiskun vaihteisto tarjoaa lukuisia etuja, kuten tehokkaan voimansiirron, nopeuden alentamisen v\u00e4\u00e4nt\u00f6momentin lis\u00e4yksell\u00e4, kest\u00e4vyyden, ylikuormitussuojan ja alhaiset huoltotarpeet. N\u00e4m\u00e4 ominaisuudet lis\u00e4\u00e4v\u00e4t vaihteiston luotettavuutta ja tehokkuutta varmistaen, ett\u00e4 ruiskut toimivat tehokkaasti ajan mittaan, jopa ankarissa maatalousolosuhteissa. Vaihteisto on olennainen osa onnistuneita ja kustannustehokkaita ruiskutustoimintoja optimoimalla suorituskyky\u00e4 ja v\u00e4hent\u00e4m\u00e4ll\u00e4 seisokkiaikoja.<\/p>\n<p><img loading=\"lazy\" decoding=\"async\" class=\"alignnone size-full wp-image-2193\" src=\"https:\/\/fmp-components.com\/wp-content\/uploads\/2024\/12\/Agricultural-Sprayer-Gearbox-19.webp\" alt=\"Maatalousruiskun vaihteisto\" width=\"2016\" height=\"1512\" title=\"\" srcset=\"https:\/\/fmp-components.com\/wp-content\/uploads\/2024\/12\/Agricultural-Sprayer-Gearbox-19.webp 2016w, https:\/\/fmp-components.com\/wp-content\/uploads\/2024\/12\/Agricultural-Sprayer-Gearbox-19-1280x960.webp 1280w, https:\/\/fmp-components.com\/wp-content\/uploads\/2024\/12\/Agricultural-Sprayer-Gearbox-19-980x735.webp 980w, https:\/\/fmp-components.com\/wp-content\/uploads\/2024\/12\/Agricultural-Sprayer-Gearbox-19-480x360.webp 480w\" sizes=\"(min-width: 0px) and (max-width: 480px) 480px, (min-width: 481px) and (max-width: 980px) 980px, (min-width: 981px) and (max-width: 1280px) 1280px, (min-width: 1281px) 2016px, 100vw\" \/><\/p>\n<h3>Maatalouden ruiskun vaihdelaatikon nivelakselit<\/h3>\n<ol>\n<li><strong>Voimansiirron hy\u00f6tysuhde<\/strong><br \/>\nVoimanottoakselit (PTO) ovat ratkaisevassa roolissa mekaanisen voiman siirt\u00e4misess\u00e4 traktorista maatalousruiskun vaihteistoon. Voimanottoakseli on kytketty traktorin voimanottoj\u00e4rjestelm\u00e4\u00e4n, mink\u00e4 ansiosta moottorin teho siirtyy akselin kautta vaihteistoon, joka puolestaan \u200b\u200bk\u00e4ytt\u00e4\u00e4 ruiskun pumppua ja muita t\u00e4rkeit\u00e4 komponentteja. T\u00e4m\u00e4 suora voimansiirto varmistaa, ett\u00e4 ruisku toimii tehokkaasti ja tuottaa oikean paineen ja virtauksen ruiskutusj\u00e4rjestelm\u00e4\u00e4n tasaisen kemikaalien jakautumisen takaamiseksi.<\/li>\n<li><strong>Monipuolisuus ja yhteensopivuus<\/strong><br \/>\nNivelakselit on suunniteltu eritt\u00e4in monipuolisiksi ja yhteensopiviksi monenlaisten maatalousruiskujen vaihteistojen kanssa. Saatavilla on erilaisia \u200b\u200bkokoja ja kokoonpanoja, joten nivelakseleita voidaan helposti sovittaa erityyppisiin ruiskuihin pienist\u00e4, k\u00e4dess\u00e4 pidett\u00e4vist\u00e4 yksik\u00f6ist\u00e4 suuriin, traktoriin kiinnitett\u00e4viin ruiskuihin. Niiden yleismaailmallinen rakenne mahdollistaa saumattoman integroinnin erilaisiin ruiskuj\u00e4rjestelmiin, mik\u00e4 tekee niist\u00e4 luotettavan ratkaisun viljelij\u00f6ille, jotka k\u00e4ytt\u00e4v\u00e4t erilaisia \u200b\u200bruiskumalleja erilaisissa maatalousteht\u00e4viss\u00e4.<\/li>\n<li><strong>Kest\u00e4vyys ja vankka rakenne<\/strong><br \/>\nMaatalousruiskujen vaihteistot ja nivelakselit altistuvat ankarille pelto-olosuhteille, mukaan lukien altistuminen lialle, kosteudelle ja raskaille kuormille. Maatalousruiskujen vaihteistoissa k\u00e4ytett\u00e4v\u00e4t nivelakselit on valmistettu eritt\u00e4in lujista materiaaleista, kuten seoster\u00e4ksest\u00e4, mik\u00e4 parantaa niiden kest\u00e4vyytt\u00e4 ja kulumisenkest\u00e4vyytt\u00e4. T\u00e4m\u00e4 kest\u00e4v\u00e4 rakenne varmistaa, ett\u00e4 nivelakseli kest\u00e4\u00e4 maataloustoiminnan toistuvaa rasitusta ja rasitusta, mik\u00e4 tarjoaa pitk\u00e4aikaisen luotettavuuden ja minimoi vaihto- tai korjaustarpeen.<\/li>\n<li><strong>Turvaominaisuudet<\/strong><br \/>\nMonissa maatalousruiskujen vaihteistojen nivelakseleissa on sis\u00e4\u00e4nrakennettuja turvaominaisuuksia, kuten murtotappeja, kytkimi\u00e4 tai liukuhaarukoita. N\u00e4m\u00e4 turvamekanismit auttavat est\u00e4m\u00e4\u00e4n sek\u00e4 nivelakselin ett\u00e4 vaihteiston vaurioitumisen \u00e4killisten mekaanisten ylikuormitusten tai esteiden sattuessa. Kun mekaaninen ylikuormitus tapahtuu, murtotappi tai kytkin katkaisee akselin voimansiirron est\u00e4en ruiskun vaihdelaatikon tai muiden liitettyjen komponenttien vaurioitumisen. N\u00e4m\u00e4 turvaominaisuudet auttavat v\u00e4hent\u00e4m\u00e4\u00e4n seisokkiaikojen ja kalliiden korjausten riski\u00e4 varmistaen jatkuvan toiminnan.<\/li>\n<li><strong>Helppohoitoisuus<\/strong><br \/>\nNivelakseleiden s\u00e4\u00e4nn\u00f6llinen huolto on v\u00e4ltt\u00e4m\u00e4t\u00f6nt\u00e4 optimaalisen suorituskyvyn ja pitk\u00e4ik\u00e4isyyden varmistamiseksi. Maatalousruiskujen vaihteistoihin suunnitellut nivelakselit on rakennettu helppohoitoisiksi. Ne on varustettu ominaisuuksilla, kuten pikaliittimill\u00e4, rasvanipoilla ja helposti saavutettavilla voitelukohdilla. Huolehdimalla asianmukaisesta voitelusta ja suorittamalla s\u00e4\u00e4nn\u00f6llisi\u00e4 tarkastuksia viljelij\u00e4t voivat varmistaa, ett\u00e4 nivelakseli toimii sujuvasti, mik\u00e4 minimoi kitkan ja kulumisen. S\u00e4\u00e4nn\u00f6llinen huolto pident\u00e4\u00e4 my\u00f6s sek\u00e4 nivelakselin ett\u00e4 siihen kytketyn ruiskun vaihteiston k\u00e4ytt\u00f6ik\u00e4\u00e4, mik\u00e4 alentaa kokonaiskustannuksia.<\/li>\n<\/ol>\n<p>Maatalousruiskujen vaihteistojen nivelakselit ovat olennaisia \u200b\u200bkomponentteja, jotka v\u00e4litt\u00e4v\u00e4t tehokkaasti voiman traktorista ruiskuj\u00e4rjestelm\u00e4\u00e4n. Niiden monipuolisuus, kest\u00e4vyys ja yhteensopivuus eri ruiskumallien kanssa tekev\u00e4t niist\u00e4 ratkaisevan osan nykyaikaista maataloustoimintaa. Sis\u00e4\u00e4nrakennettujen turvaominaisuuksien ja helpon huollon ansiosta nivelakselit auttavat varmistamaan sujuvan toiminnan, minimoivat seisokkiajat ja pident\u00e4v\u00e4t sek\u00e4 nivelakselin ett\u00e4 vaihteiston k\u00e4ytt\u00f6ik\u00e4\u00e4. Optimaalisen suorituskyvyn ja pitk\u00e4aikaisen luotettavuuden saavuttamiseksi n\u00e4iden akselien s\u00e4\u00e4nn\u00f6llinen huolto ja asianmukainen k\u00e4ytt\u00f6 ovat avainasemassa tehokkaiden maatalousruiskutusten yll\u00e4pit\u00e4misess\u00e4.<\/p>\n<p><img loading=\"lazy\" decoding=\"async\" class=\"alignnone size-full wp-image-2194\" src=\"https:\/\/fmp-components.com\/wp-content\/uploads\/2024\/12\/tractor-pto-shaft.webp\" alt=\"Maatalousruiskun vaihteisto\" width=\"1000\" height=\"580\" title=\"\" srcset=\"https:\/\/fmp-components.com\/wp-content\/uploads\/2024\/12\/tractor-pto-shaft.webp 1000w, https:\/\/fmp-components.com\/wp-content\/uploads\/2024\/12\/tractor-pto-shaft-980x568.webp 980w, https:\/\/fmp-components.com\/wp-content\/uploads\/2024\/12\/tractor-pto-shaft-480x278.webp 480w\" sizes=\"(min-width: 0px) and (max-width: 480px) 480px, (min-width: 481px) and (max-width: 980px) 980px, (min-width: 981px) 1000px, 100vw\" \/><\/p>\n<h3>Tietoja FMP:st\u00e4<\/h3>\n<p>Italiassa p\u00e4\u00e4konttoriaan pit\u00e4v\u00e4 FMP on johtava valmistaja, joka tunnetaan asiantuntemuksestaan \u200b\u200btehokkaiden vaihteistojen suunnittelussa, kehitt\u00e4misess\u00e4 ja tuotannossa, keskittyen erityisesti maatalouskonesektoriin. Tarkkuuden, innovatiivisten ratkaisujen ja horjumattoman luotettavuuden ansiosta FMP:st\u00e4 on tullut luotettava kumppani sek\u00e4 maatalous- ett\u00e4 teollisuussektorin kehittyviin tarpeisiin. Monipuolinen tuotevalikoimamme sis\u00e4lt\u00e4\u00e4 ruohonleikkureiden, nivelakseleiden ja muiden t\u00e4rkeiden komponenttien erikoisvaihteistoja, jotka kaikki on huolellisesti suunniteltu tarjoamaan r\u00e4\u00e4t\u00e4l\u00f6ityj\u00e4 ratkaisuja laajaan k\u00e4ytt\u00f6tarkoitukseen.<\/p>\n<p>FMP:ll\u00e4 ymm\u00e4rr\u00e4mme, ett\u00e4 jokaisella asiakkaalla on ainutlaatuiset vaatimukset ja haasteet. Siksi olemme erikoistuneet r\u00e4\u00e4t\u00e4l\u00f6ityjen ratkaisujen tarjoamiseen, olipa kyse sitten yksitt\u00e4isist\u00e4 komponenteista tai t\u00e4ysin integroiduista j\u00e4rjestelmist\u00e4. Teemme tiivist\u00e4 yhteisty\u00f6t\u00e4 asiakkaidemme kanssa varmistaaksemme, ett\u00e4 jokainen ratkaisu on paitsi tehokas my\u00f6s tuloksellinen, optimoiden sek\u00e4 suorituskyvyn ett\u00e4 arvon. Sitoutumisemme tarjoamaan nopeita ja ammattimaisia \u200b\u200bvastauksia sek\u00e4 asiantuntevaa ohjausta varmistaa, ett\u00e4 jokaista tiedustelua k\u00e4sitell\u00e4\u00e4n \u00e4\u00e4rimm\u00e4isen huolellisesti ja tarkasti, mik\u00e4 johtaa parhaisiin mahdollisiin tuloksiin.<\/p>\n<p>Priorisoimme avointa ja jatkuvaa viestint\u00e4\u00e4 koko tuotekehitysprosessin ajan. Omistautunut tiimimme ty\u00f6skentelee suoraan asiakkaiden kanssa ymm\u00e4rt\u00e4\u00e4kseen t\u00e4ysin heid\u00e4n erityistarpeensa ja tarjoaa arvokkaita n\u00e4kemyksi\u00e4 ja suosituksia optimaalisten ratkaisujen varmistamiseksi. Olipa kyse innovatiivisten tuotteiden suunnittelusta tai jatkuvien tilausten t\u00e4ytt\u00e4misest\u00e4, FMP on sitoutunut toimittamaan korkealaatuisia ja tarkasti suunniteltuja ratkaisuja ajallaan, joka kerta. Tavoitteenamme on tarjota asiakkaille parasta mahdollista palvelua ja tuloksia, jotka ylitt\u00e4v\u00e4t odotukset jokaisessa projektissa.<\/p>\n<p>Laatu on FMP:n toiminnan kulmakivi. Noudatamme korkeimpia valmistusstandardeja ja toteutamme tiukkoja laadunvalvontatoimenpiteit\u00e4 varmistaaksemme, ett\u00e4 jokainen tuote ei ainoastaan \u200b\u200b\u200b\u200bt\u00e4ytt\u00e4\u00e4 alan standardeja, vaan my\u00f6s ylitt\u00e4\u00e4 ne. T\u00e4m\u00e4 horjumaton sitoutuminen laatuun yhdistettyn\u00e4 ydinarvoihimme, kuten rehellisyyteen, tiimity\u00f6h\u00f6n ja sinnikkyyteen, on mahdollistanut pitk\u00e4aikaisten ja luottamukseen perustuvien asiakassuhteiden rakentamisen l\u00e4hes 30 maassa maailmanlaajuisesti.<\/p>\n<p>FMP on aina avoin globaalien kumppanuuksien edist\u00e4miselle ja on edelleen sitoutunut tarjoamaan asiantuntevaa neuvontaa ja r\u00e4\u00e4t\u00e4l\u00f6ityj\u00e4 ratkaisuja, jotka vastaavat asiakkaidemme monimuotoisiin tarpeisiin. Emme tyydy pelk\u00e4st\u00e4\u00e4n tuotteiden toimittamiseen; pyrimme rakentamaan kest\u00e4vi\u00e4 suhteita, jotka edist\u00e4v\u00e4t jokaisen projektin onnistumista. Tarvitsetpa sitten innovatiivisia ratkaisuja uuteen aloitteeseen tai jatkuvaa tukea olemassa olevalle j\u00e4rjestelm\u00e4lle, FMP on t\u00e4\u00e4ll\u00e4 ratkaisemassa tekniset haasteesi ja varmistamassa jatkuvan menestyksesi.<\/p>\n<p><img loading=\"lazy\" decoding=\"async\" class=\"alignnone size-full wp-image-1861\" src=\"https:\/\/fmp-components.com\/wp-content\/uploads\/2024\/12\/Other-Agricultural-Gearboxes.webp\" sizes=\"(min-width: 0px) and (max-width: 480px) 480px, (min-width: 481px) and (max-width: 980px) 980px, (min-width: 981px) 1200px, 100vw\" srcset=\"https:\/\/fmp-components.com\/wp-content\/uploads\/2024\/12\/Other-Agricultural-Gearboxes.webp 1200w, https:\/\/fmp-components.com\/wp-content\/uploads\/2024\/12\/Other-Agricultural-Gearboxes-980x1143.webp 980w, https:\/\/fmp-components.com\/wp-content\/uploads\/2024\/12\/Other-Agricultural-Gearboxes-480x560.webp 480w\" alt=\"Altri-cambi-agricoli\" width=\"1200\" height=\"1400\" title=\"\"><\/p>\n<p>Tekij\u00e4: CX<\/p>","protected":false},"excerpt":{"rendered":"<p>Specifications of Agricultural Sprayer Gearbox D27A\/D27J\/D27B D27A i N1[rpm] P1[kW] M2[Nm] Shaft Type Input \u00a0 \u00a0 \u00a0 \u00a0 \u00a0 \u00a0 \u00a0 \u00a0 \u00a0 \u00a0 \u00a0 \u00a0X \u00a0 \u00a0 \u00a0 \u00a0 \u00a0 \u00a0 \u00a0 \u00a0 \u00a0 \u00a0 \u00a0 \u00a0Z 4.00 5.25 540 22.1 1&#8221; 3\/8 Z6 X 3.70 4.80 540 22.1 &#8211; 1&#8221; 3\/8 Z6 \u00a0L250 [&hellip;]<\/p>","protected":false},"featured_media":2189,"comment_status":"open","ping_status":"closed","template":"","meta":{"_et_pb_use_builder":"","_et_pb_old_content":"","_et_gb_content_width":""},"product_brand":[],"product_cat":[55],"product_tag":[],"class_list":{"0":"post-2187","1":"product","2":"type-product","3":"status-publish","4":"has-post-thumbnail","6":"product_cat-agricultural-sprayer-gearbox","8":"first","9":"instock","10":"shipping-taxable","11":"product-type-simple"},"_links":{"self":[{"href":"https:\/\/fmp-components.com\/fi\/wp-json\/wp\/v2\/product\/2187","targetHints":{"allow":["GET"]}}],"collection":[{"href":"https:\/\/fmp-components.com\/fi\/wp-json\/wp\/v2\/product"}],"about":[{"href":"https:\/\/fmp-components.com\/fi\/wp-json\/wp\/v2\/types\/product"}],"replies":[{"embeddable":true,"href":"https:\/\/fmp-components.com\/fi\/wp-json\/wp\/v2\/comments?post=2187"}],"wp:featuredmedia":[{"embeddable":true,"href":"https:\/\/fmp-components.com\/fi\/wp-json\/wp\/v2\/media\/2189"}],"wp:attachment":[{"href":"https:\/\/fmp-components.com\/fi\/wp-json\/wp\/v2\/media?parent=2187"}],"wp:term":[{"taxonomy":"product_brand","embeddable":true,"href":"https:\/\/fmp-components.com\/fi\/wp-json\/wp\/v2\/product_brand?post=2187"},{"taxonomy":"product_cat","embeddable":true,"href":"https:\/\/fmp-components.com\/fi\/wp-json\/wp\/v2\/product_cat?post=2187"},{"taxonomy":"product_tag","embeddable":true,"href":"https:\/\/fmp-components.com\/fi\/wp-json\/wp\/v2\/product_tag?post=2187"}],"curies":[{"name":"wp","href":"https:\/\/api.w.org\/{rel}","templated":true}]}}