{"id":2177,"date":"2024-12-30T08:25:25","date_gmt":"2024-12-30T08:25:25","guid":{"rendered":"https:\/\/fmp-components.com\/?page_id=8"},"modified":"2024-12-30T08:27:08","modified_gmt":"2024-12-30T08:27:08","slug":"agricultural-sprayer-gearbox-replacement-of-comer-code-d-7a-d-7b","status":"publish","type":"product","link":"https:\/\/fmp-components.com\/fi\/product\/agricultural-sprayer-gearbox-replacement-of-comer-code-d-7a-d-7b\/","title":{"rendered":"Maatalousruiskun vaihteisto \u2013 Comer-koodin D-7A\/D-7B vaihto"},"content":{"rendered":"<p><img loading=\"lazy\" decoding=\"async\" class=\"wp-image-2183 aligncenter\" src=\"https:\/\/fmp-components.com\/wp-content\/uploads\/2024\/12\/agricultural-sprayer-gearbox-D7.webp\" alt=\"maatalousruiskun-vaihteisto-D7\" width=\"536\" height=\"536\" title=\"\" srcset=\"https:\/\/fmp-components.com\/wp-content\/uploads\/2024\/12\/agricultural-sprayer-gearbox-D7.webp 536w, https:\/\/fmp-components.com\/wp-content\/uploads\/2024\/12\/agricultural-sprayer-gearbox-D7-480x480.webp 480w\" sizes=\"(min-width: 0px) and (max-width: 480px) 480px, (min-width: 481px) 536px, 100vw\" \/><\/p>\n<h2>Maatalouden ruiskun vaihteiston D-7A ja D-7B tekniset tiedot<\/h2>\n<h3>D-7A<\/h3>\n<p><img loading=\"lazy\" decoding=\"async\" class=\"alignnone size-full wp-image-2178\" src=\"https:\/\/fmp-components.com\/wp-content\/uploads\/2024\/12\/agricultural-sprayer-gearbox-specification-D7A.webp\" alt=\"maatalousruiskun vaihteiston erittely-D7A\" width=\"950\" height=\"550\" title=\"\" srcset=\"https:\/\/fmp-components.com\/wp-content\/uploads\/2024\/12\/agricultural-sprayer-gearbox-specification-D7A.webp 950w, https:\/\/fmp-components.com\/wp-content\/uploads\/2024\/12\/agricultural-sprayer-gearbox-specification-D7A-480x278.webp 480w\" sizes=\"(min-width: 0px) and (max-width: 480px) 480px, (min-width: 481px) 950px, 100vw\" \/><\/p>\n<table style=\"width: 97.7768%; height: 297px;\" border=\"1\" cellspacing=\"0\" cellpadding=\"0\">\n<tbody>\n<tr>\n<td rowspan=\"2\"><strong>min\u00e4<\/strong><\/td>\n<td rowspan=\"2\"><strong>N<sub>1<\/sub>[rpm]<\/strong><\/td>\n<td rowspan=\"2\"><strong>P<sub>1<\/sub>[kW]<\/strong><\/td>\n<td rowspan=\"2\"><strong>M<sub>2<\/sub>[Nm]<\/strong><\/td>\n<td colspan=\"2\"><strong>Akselin tyyppi<\/strong><strong><br \/>\n<\/strong><\/td>\n<td rowspan=\"2\"><strong>Sy\u00f6tt\u00f6<\/strong><\/td>\n<\/tr>\n<tr>\n<td><strong>X<\/strong><img loading=\"lazy\" decoding=\"async\" class=\"alignnone size-full wp-image-2180\" src=\"https:\/\/fmp-components.com\/wp-content\/uploads\/2024\/12\/shaft-x-3.webp\" alt=\"akseli-x\" width=\"81\" height=\"78\" title=\"\" srcset=\"https:\/\/fmp-components.com\/wp-content\/uploads\/2024\/12\/shaft-x-3.webp 81w, https:\/\/fmp-components.com\/wp-content\/uploads\/2024\/12\/shaft-x-3-12x12.webp 12w\" sizes=\"(max-width: 81px) 100vw, 81px\" \/><\/p>\n<p>&nbsp;<\/td>\n<td><strong>Z<\/strong><img loading=\"lazy\" decoding=\"async\" class=\"alignnone size-full wp-image-2181\" src=\"https:\/\/fmp-components.com\/wp-content\/uploads\/2024\/12\/shaft-z.webp\" alt=\"shaft-z\" width=\"81\" height=\"84\" title=\"\" srcset=\"https:\/\/fmp-components.com\/wp-content\/uploads\/2024\/12\/shaft-z.webp 81w, https:\/\/fmp-components.com\/wp-content\/uploads\/2024\/12\/shaft-z-12x12.webp 12w\" sizes=\"(max-width: 81px) 100vw, 81px\" \/><\/p>\n<p>&nbsp;<\/td>\n<\/tr>\n<tr>\n<td>5.82<\/td>\n<td>540<\/td>\n<td>16.2<\/td>\n<td>48<\/td>\n<td>1\u201d 3\/8 Z6<\/td>\n<td>35<\/td>\n<td>X<\/td>\n<\/tr>\n<tr>\n<td>4.36<\/td>\n<td>540<\/td>\n<td>21.3<\/td>\n<td>84<\/td>\n<td>1\u201d 3\/8 Z6<\/td>\n<td><\/td>\n<td>X<\/td>\n<\/tr>\n<tr>\n<td>4.00<\/td>\n<td>540<\/td>\n<td>21.7<\/td>\n<td>93<\/td>\n<td>1\u201d 3\/8 Z6<\/td>\n<td><\/td>\n<td>X<\/td>\n<\/tr>\n<\/tbody>\n<\/table>\n<h3>D-7B<\/h3>\n<p><img loading=\"lazy\" decoding=\"async\" class=\"alignnone size-full wp-image-2179\" src=\"https:\/\/fmp-components.com\/wp-content\/uploads\/2024\/12\/agricultural-sprayer-gearbox-specification-D7B.webp\" alt=\"maatalousruiskun vaihteiston erittely-D7B\" width=\"950\" height=\"550\" title=\"\" srcset=\"https:\/\/fmp-components.com\/wp-content\/uploads\/2024\/12\/agricultural-sprayer-gearbox-specification-D7B.webp 950w, https:\/\/fmp-components.com\/wp-content\/uploads\/2024\/12\/agricultural-sprayer-gearbox-specification-D7B-480x278.webp 480w\" sizes=\"(min-width: 0px) and (max-width: 480px) 480px, (min-width: 481px) 950px, 100vw\" \/><\/p>\n<table style=\"width: 90.4364%; height: 255px;\" border=\"1\" cellspacing=\"0\" cellpadding=\"0\">\n<tbody>\n<tr>\n<td rowspan=\"2\"><strong>min\u00e4<\/strong><\/td>\n<td rowspan=\"2\"><strong>N<sub>1<\/sub>[rpm]<\/strong><\/td>\n<td rowspan=\"2\"><strong>P<sub>1<\/sub>[kW]<\/strong><\/td>\n<td rowspan=\"2\"><strong>M<sub>2<\/sub>[Nm]<\/strong><\/td>\n<td colspan=\"2\"><strong>Akselin tyyppi<\/strong><strong><br \/>\n<\/strong><\/td>\n<td rowspan=\"2\"><strong>Sy\u00f6tt\u00f6<\/strong><\/td>\n<\/tr>\n<tr>\n<td><strong>X<\/strong><img loading=\"lazy\" decoding=\"async\" class=\"alignnone size-full wp-image-2180\" src=\"https:\/\/fmp-components.com\/wp-content\/uploads\/2024\/12\/shaft-x-3.webp\" alt=\"akseli-x\" width=\"81\" height=\"78\" title=\"\" srcset=\"https:\/\/fmp-components.com\/wp-content\/uploads\/2024\/12\/shaft-x-3.webp 81w, https:\/\/fmp-components.com\/wp-content\/uploads\/2024\/12\/shaft-x-3-12x12.webp 12w\" sizes=\"(max-width: 81px) 100vw, 81px\" \/><\/p>\n<p>&nbsp;<\/td>\n<td><strong>Z<\/strong><img loading=\"lazy\" decoding=\"async\" class=\"alignnone size-full wp-image-2181\" src=\"https:\/\/fmp-components.com\/wp-content\/uploads\/2024\/12\/shaft-z.webp\" alt=\"shaft-z\" width=\"81\" height=\"84\" title=\"\" srcset=\"https:\/\/fmp-components.com\/wp-content\/uploads\/2024\/12\/shaft-z.webp 81w, https:\/\/fmp-components.com\/wp-content\/uploads\/2024\/12\/shaft-z-12x12.webp 12w\" sizes=\"(max-width: 81px) 100vw, 81px\" \/><\/p>\n<p>&nbsp;<\/td>\n<\/tr>\n<tr>\n<td>5.25<\/td>\n<td>540<\/td>\n<td>20.6<\/td>\n<td>67<\/td>\n<td>1\u201d 3\/8 Z6<\/td>\n<td><\/td>\n<td>X<\/td>\n<\/tr>\n<tr>\n<td>4.36<\/td>\n<td>540<\/td>\n<td>21.3<\/td>\n<td>83<\/td>\n<td>1\u201d 3\/8 Z6<\/td>\n<td><\/td>\n<td>X<\/td>\n<\/tr>\n<tr>\n<td>4.00<\/td>\n<td>540<\/td>\n<td>21.7<\/td>\n<td>95<\/td>\n<td>1\u201d 3\/8 Z6<\/td>\n<td>40<\/td>\n<td>X<\/td>\n<\/tr>\n<\/tbody>\n<\/table>\n<h2>Maatalouden ruiskun vaihdelaatikon ominaisuudet<\/h2>\n<ol>\n<li><strong>Tehokas voimansiirto<\/strong><br \/>\nMaatalousruiskujen vaihteistot on suunniteltu siirt\u00e4m\u00e4\u00e4n tehokkaasti voimaa traktorin voimanottoj\u00e4rjestelm\u00e4st\u00e4 ruiskun pumppuun tai ruiskutusmekanismiin. N\u00e4m\u00e4 vaihteistot varmistavat sujuvan ja luotettavan toiminnan, jolloin ruisku tarjoaa tasaisen nestevirtauksen ja ruiskutuspeiton, mik\u00e4 on ratkaisevan t\u00e4rke\u00e4\u00e4 tehokkaan kasvinsuojelun ja ravinteiden levityksen kannalta.<\/li>\n<li><strong>Kest\u00e4vyys ja vankka rakenne<\/strong><br \/>\nMaatalousruiskujen vaihteistot on valmistettu korkealaatuisista ja kest\u00e4vist\u00e4 materiaaleista, kuten karkaistusta ter\u00e4ksest\u00e4 ja valuraudasta, jotka on suunniteltu kest\u00e4m\u00e4\u00e4n kulumista jopa raskaissa kuormissa ja pitk\u00e4aikaisessa k\u00e4yt\u00f6ss\u00e4, mik\u00e4 varmistaa pitk\u00e4n k\u00e4ytt\u00f6i\u00e4n ja minimoi huoltoseisokit.<\/li>\n<li><strong>Korroosionkest\u00e4vyys<\/strong><br \/>\nMaatalousruiskujen vaihteistot on suunniteltu korroosionkest\u00e4vill\u00e4 pinnoitteilla ja tiivisteill\u00e4, jotka kest\u00e4v\u00e4t kemikaaleja ja s\u00e4\u00e4olosuhteita. T\u00e4m\u00e4 est\u00e4\u00e4 vaihteiston vaurioitumisen ruiskutettavien kemikaalien, kosteuden ja maaper\u00e4n vaikutuksesta, pident\u00e4\u00e4 vaihteiston k\u00e4ytt\u00f6ik\u00e4\u00e4 ja yll\u00e4pit\u00e4\u00e4 optimaalista suorituskyky\u00e4 haastavissa olosuhteissa.<\/li>\n<li><strong>Kompakti ja kevyt muotoilu<\/strong><br \/>\nMaatalousruiskujen vaihteistot on suunniteltu kompaktiksi ja kevyeksi, mink\u00e4 ansiosta ne on helppo integroida ruiskuj\u00e4rjestelmiin ilman merkitt\u00e4v\u00e4\u00e4 painonlis\u00e4yst\u00e4. T\u00e4m\u00e4 ominaisuus parantaa ruiskun yleist\u00e4 ohjattavuutta ja tehokkuutta varmistaen, ett\u00e4 j\u00e4rjestelm\u00e4\u00e4 voidaan k\u00e4ytt\u00e4\u00e4 traktorin rasituksen ollessa mahdollisimman v\u00e4h\u00e4ist\u00e4.<\/li>\n<li><strong>S\u00e4\u00e4dett\u00e4v\u00e4 nopeus ja virtauksen s\u00e4\u00e4t\u00f6<\/strong><br \/>\nMonissa maatalousruiskujen vaihteistoissa on s\u00e4\u00e4dett\u00e4v\u00e4t vaihteet, joiden avulla k\u00e4ytt\u00e4j\u00e4t voivat s\u00e4\u00e4t\u00e4\u00e4 ruiskun pumpun nopeutta ja virtausnopeutta. T\u00e4m\u00e4 joustavuus varmistaa, ett\u00e4 ruiskua voidaan hienos\u00e4\u00e4t\u00e4\u00e4 vastaamaan tiettyj\u00e4 sato- tai peltovaatimuksia, mik\u00e4 mahdollistaa lannoitteiden, torjunta-aineiden ja rikkakasvien torjunta-aineiden tarkan levityksen optimaalisen sadonsuojelun ja kasvun saavuttamiseksi.<\/li>\n<li><strong>V\u00e4h\u00e4iset huoltovaatimukset<\/strong><br \/>\nMaatalousruiskujen vaihteistot on suunniteltu helppok\u00e4ytt\u00f6isyytt\u00e4 silm\u00e4ll\u00e4 pit\u00e4en. Tiivistettyjen laakereiden ja hyvin suojattujen hammaspy\u00f6rien ansiosta n\u00e4m\u00e4 vaihteistot vaativat vain v\u00e4h\u00e4n huoltoa. S\u00e4\u00e4nn\u00f6llinen tarkastus ja voitelu riitt\u00e4v\u00e4t yleens\u00e4 pit\u00e4m\u00e4\u00e4n vaihteiston toiminnassa sujuvasti, mik\u00e4 tekee niist\u00e4 kustannustehokkaita viljelij\u00f6ille pitk\u00e4ll\u00e4 aikav\u00e4lill\u00e4.<\/li>\n<li><strong>Suuri v\u00e4\u00e4nt\u00f6momentti<\/strong><br \/>\nMaatalousruiskujen vaihteistot on suunniteltu k\u00e4sittelem\u00e4\u00e4n suurta v\u00e4\u00e4nt\u00f6momenttia varmistaen, ett\u00e4 traktorin voimanottoakselin tuottama teho v\u00e4littyy tehokkaasti ruiskutusj\u00e4rjestelm\u00e4\u00e4n suorituskyky\u00e4 vaarantamatta. T\u00e4m\u00e4 suuri v\u00e4\u00e4nt\u00f6momenttikapasiteetti varmistaa, ett\u00e4 ruisku voi toimia tasaisesti my\u00f6s haastavissa pelto-olosuhteissa tai ty\u00f6skennelt\u00e4ess\u00e4 suurikokoisten laitteiden kanssa.<\/li>\n<\/ol>\n<p>Maatalousruiskujen vaihteistot ovat olennaisia \u200b\u200bkomponentteja tehokkaaseen ja luotettavaan ruiskutukseen. Niiden kest\u00e4vyys, korroosionkest\u00e4vyys, s\u00e4\u00e4dett\u00e4v\u00e4t s\u00e4\u00e4timet ja kompakti rakenne tekev\u00e4t niist\u00e4 ihanteellisia nykyaikaisen maatalouden vaativiin tarpeisiin, edist\u00e4en menestyksek\u00e4st\u00e4 sadonhoitoa ja -suojelua.<\/p>\n<p><img loading=\"lazy\" decoding=\"async\" class=\"alignnone size-full wp-image-2184\" src=\"https:\/\/fmp-components.com\/wp-content\/uploads\/2024\/12\/Agricultural-Sprayer-Gearbox-24.webp\" alt=\"Maatalousruiskun vaihteisto\" width=\"1000\" height=\"606\" title=\"\" srcset=\"https:\/\/fmp-components.com\/wp-content\/uploads\/2024\/12\/Agricultural-Sprayer-Gearbox-24.webp 1000w, https:\/\/fmp-components.com\/wp-content\/uploads\/2024\/12\/Agricultural-Sprayer-Gearbox-24-980x594.webp 980w, https:\/\/fmp-components.com\/wp-content\/uploads\/2024\/12\/Agricultural-Sprayer-Gearbox-24-480x291.webp 480w\" sizes=\"(min-width: 0px) and (max-width: 480px) 480px, (min-width: 481px) and (max-width: 980px) 980px, (min-width: 981px) 1000px, 100vw\" \/><\/p>\n<h2>Maatalouden ruiskun vaihdelaatikon t\u00e4rkeimm\u00e4t komponentit<\/h2>\n<ol>\n<li><strong>Tuloakseli<\/strong><br \/>\nK\u00e4ytt\u00f6akseli on ensisijainen kytkent\u00e4piste, josta voima siirtyy traktorin voimanottoj\u00e4rjestelm\u00e4st\u00e4 vaihteistoon. T\u00e4m\u00e4 komponentti on suunniteltu k\u00e4sittelem\u00e4\u00e4n voimanottoakselin suurta v\u00e4\u00e4nt\u00f6momenttia, mik\u00e4 varmistaa, ett\u00e4 se kest\u00e4\u00e4 ruiskun pumpun tai ruiskutusj\u00e4rjestelm\u00e4n k\u00e4ytt\u00e4miseen tarvittavan voiman. K\u00e4ytt\u00f6akseli on tyypillisesti valmistettu eritt\u00e4in lujista materiaaleista kest\u00e4vyyden ja pitk\u00e4ik\u00e4isen suorituskyvyn varmistamiseksi.<\/li>\n<li><strong>Vaihteet ja vaihdelaatikko<\/strong><br \/>\nVaihteisto on maatalousruiskun vaihdelaatikon syd\u00e4n. Se koostuu useista vaihteista, mukaan lukien kartiopy\u00f6r\u00e4t, lieri\u00f6py\u00f6r\u00e4t ja planeettapy\u00f6r\u00e4t, rakenteesta riippuen. N\u00e4m\u00e4 vaihteet toimivat yhdess\u00e4 siirt\u00e4\u00e4kseen tehoa tehokkaasti ja muuntaen voimanottoakselin nopean py\u00f6rimisen ruiskun tarvitsemaksi nopeudeksi ja v\u00e4\u00e4nt\u00f6momentiksi. Vaihteisto on tyypillisesti valmistettu karkaistusta ter\u00e4ksest\u00e4 lujuuden ja kulutuskest\u00e4vyyden parantamiseksi.<\/li>\n<li><strong>Laakerit<\/strong><br \/>\nLaakerit ovat ratkaisevan t\u00e4rkeit\u00e4 komponentteja, jotka v\u00e4hent\u00e4v\u00e4t kitkaa ja tukevat vaihteiston py\u00f6rivi\u00e4 osia. Maatalousruiskujen vaihteistoissa laakerit on tyypillisesti tiivistetty tai voideltu kest\u00e4vyyden ja ankarien olosuhteiden suojan takaamiseksi. Korkealaatuiset laakerit varmistavat sujuvan toiminnan, v\u00e4hent\u00e4v\u00e4t ylikuumenemisen ja kulumisen riski\u00e4 ja lis\u00e4\u00e4v\u00e4t vaihteiston yleist\u00e4 tehokkuutta ja k\u00e4ytt\u00f6ik\u00e4\u00e4.<\/li>\n<li><strong>L\u00e4ht\u00f6akseli<\/strong><br \/>\nUlostuloakseli on kytketty ruiskun pumppuun tai ruiskutusmekanismiin ja v\u00e4litt\u00e4\u00e4 voiman vaihteistosta ruiskun pumpun k\u00e4ytt\u00e4miseen. Ulostuloakselin rakenne varmistaa, ett\u00e4 se pystyy k\u00e4sittelem\u00e4\u00e4n ruiskutusj\u00e4rjestelm\u00e4n v\u00e4\u00e4nt\u00f6momentti- ja nopeusvaatimukset. Se on tyypillisesti suunniteltu suurella v\u00e4\u00e4nt\u00f6momentilla ja valmistettu kest\u00e4vist\u00e4 materiaaleista luotettavuuden varmistamiseksi vaativissa maatalousolosuhteissa.<\/li>\n<li><strong>Tiivisteet ja tiivisteet<\/strong><br \/>\nTiivisteet ja tiivisterenkaat ovat ratkaisevan t\u00e4rkeit\u00e4 voiteluaineen vuotamisen est\u00e4miseksi ja vaihteiston sis\u00e4isten osien suojaamiseksi lialta, vedelt\u00e4 ja kemikaaleilta. Maatalousruiskujen vaihteistot altistuvat ankarille olosuhteille, kuten m\u00e4rille pelloille ja ruiskutettaville kemikaaleille, joten korkealaatuiset tiivisteet ovat v\u00e4ltt\u00e4m\u00e4tt\u00f6mi\u00e4 sen varmistamiseksi, ett\u00e4 vaihteisto toimii tehokkaasti ja on suojattu ulkoisilta ep\u00e4puhtauksilta.<\/li>\n<li><strong>Asuminen<\/strong><br \/>\nVaihteiston kotelo on ulkokuori, joka pit\u00e4\u00e4 sis\u00e4ll\u00e4\u00e4n ja suojaa kaikkia sis\u00e4isi\u00e4 komponentteja. Se on yleens\u00e4 valmistettu valuraudasta tai kest\u00e4vist\u00e4 alumiiniseoksista lujuuden ja kest\u00e4vyyden takaamiseksi kulumista ja iskuja vastaan. Kotelo varmistaa, ett\u00e4 kaikki komponentit pysyv\u00e4t paikoillaan, ja tarjoaa kest\u00e4v\u00e4n kuoren, joka kest\u00e4\u00e4 ulkoisia ymp\u00e4rist\u00f6tekij\u00f6it\u00e4, kuten kosteutta, kemikaalialtistusta ja kovaa k\u00e4sittely\u00e4.<\/li>\n<li><strong>Voiteluj\u00e4rjestelm\u00e4<\/strong><br \/>\nVoiteluj\u00e4rjestelm\u00e4\u00e4n kuuluu \u00f6ljypohja ja kanavat, jotka jakavat voiteluaineen vaihteiston liikkuviin osiin. Oikea voitelu on v\u00e4ltt\u00e4m\u00e4t\u00f6nt\u00e4 kitkan v\u00e4hent\u00e4miseksi, ylikuumenemisen est\u00e4miseksi ja vaihteiston k\u00e4ytt\u00f6i\u00e4n pident\u00e4miseksi. J\u00e4rjestelm\u00e4 varmistaa, ett\u00e4 vaihteet, laakerit ja muut liikkuvat osat on voideltu riitt\u00e4v\u00e4sti sujuvan ja tehokkaan toiminnan yll\u00e4pit\u00e4miseksi raskaiden kuormien alla.<\/li>\n<\/ol>\n<p>Yhteenvetona voidaan todeta, ett\u00e4 maatalousruiskun vaihteiston keskeiset komponentit toimivat yhdess\u00e4 varmistaakseen tehokkaan ja luotettavan voimansiirron traktorin voimanottoakselilta ruiskun k\u00e4ytt\u00f6j\u00e4rjestelmiin. Kest\u00e4vien vaihteiden, eritt\u00e4in lujien akseleiden, tehokkaan tiivistyksen ja asianmukaisen voitelun ansiosta n\u00e4m\u00e4 komponentit on suunniteltu kest\u00e4m\u00e4\u00e4n maatalousymp\u00e4rist\u00f6jen ankaria olosuhteita varmistaen, ett\u00e4 ruiskut toimivat optimaalisesti pitki\u00e4 aikoja.<\/p>\n<p><img loading=\"lazy\" decoding=\"async\" class=\"alignnone wp-image-2186\" src=\"https:\/\/fmp-components.com\/wp-content\/uploads\/2024\/12\/Agricultural-Sprayer-Gearbox-22.webp\" alt=\"Maatalousruiskun vaihteisto\" width=\"875\" height=\"872\" title=\"\" srcset=\"https:\/\/fmp-components.com\/wp-content\/uploads\/2024\/12\/Agricultural-Sprayer-Gearbox-22.webp 875w, https:\/\/fmp-components.com\/wp-content\/uploads\/2024\/12\/Agricultural-Sprayer-Gearbox-22-480x478.webp 480w\" sizes=\"(min-width: 0px) and (max-width: 480px) 480px, (min-width: 481px) 875px, 100vw\" \/><\/p>\n<h3>Maatalouden ruiskun vaihdelaatikon toimintaperiaate<\/h3>\n<ol>\n<li><strong>Voimansiirto voimanulosotosta<\/strong><br \/>\nMaatalousruiskun vaihteisto toimii saamalla voiman traktorin voimanottoj\u00e4rjestelm\u00e4st\u00e4 (PTO). Traktorin takaosassa tyypillisesti sijaitseva voimanottoakseli v\u00e4litt\u00e4\u00e4 mekaanista energiaa, joka siirtyy vaihteiston tuloakselille. T\u00e4m\u00e4 tuloakseli on suunniteltu k\u00e4sittelem\u00e4\u00e4n traktorin moottorin tuottamaa suurta v\u00e4\u00e4nt\u00f6momenttia varmistaen, ett\u00e4 teho suuntautuu vaihteistoon ilman, ett\u00e4 komponentit rasittuvat liikaa.<\/li>\n<li><strong>Nopeuden v\u00e4hent\u00e4minen ja v\u00e4\u00e4nt\u00f6momentin muuntaminen<\/strong><br \/>\nVaihteiston sis\u00e4ll\u00e4 voimanottoakselin teho johdetaan useille hammaspy\u00f6rille, jotka on suunniteltu v\u00e4hent\u00e4m\u00e4\u00e4n py\u00f6rimisnopeutta. Hammaspy\u00f6r\u00e4st\u00f6j\u00e4, kartiohammaspy\u00f6ri\u00e4 tai planeettavaihteita k\u00e4ytet\u00e4\u00e4n muuttamaan traktorin nopea ja pieniv\u00e4\u00e4nt\u00f6inen teho hitaammaksi ja suuremman v\u00e4\u00e4nt\u00f6momentin tehoksi, joka on ihanteellinen ruiskulle. T\u00e4m\u00e4 nopeuden alennus on v\u00e4ltt\u00e4m\u00e4t\u00f6nt\u00e4, koska maatalouden ruiskut tarvitsevat hallittua ja tasaista tehoa pumppujen ja ruiskutusmekanismien tehokkaaseen k\u00e4ytt\u00f6\u00f6n.<\/li>\n<li><strong>Voimansiirto ruiskun pumppuun<\/strong><br \/>\nAlennettu nopeus ja lis\u00e4\u00e4ntynyt v\u00e4\u00e4nt\u00f6momentti siirret\u00e4\u00e4n vaihteiston ulostuloakselin kautta ruiskun pumppuun tai ruiskutusmekanismiin. Ulostuloakseli on kytketty suoraan pumppuun tai muihin ruiskutusj\u00e4rjestelmiin varmistaen, ett\u00e4 traktorin tuottama teho k\u00e4ytet\u00e4\u00e4n tehokkaasti nesteiden, kuten torjunta-aineiden, rikkakasvien torjunta-aineiden tai lannoitteiden, ruiskuttamiseen. Vaihteisto varmistaa, ett\u00e4 ruiskun pumppu toimii oikealla nopeudella, mik\u00e4 tarjoaa tarvittavan virtausnopeuden ja paineen tehokasta ruiskutusta varten.<\/li>\n<li><strong>Voitelu ja j\u00e4\u00e4hdytys<\/strong><br \/>\nVaihteiston toimiessa hammaspy\u00f6r\u00e4t ja muut sis\u00e4iset komponentit tuottavat kitkaa ja l\u00e4mp\u00f6\u00e4. Sujuvan ja tehokkaan toiminnan varmistamiseksi vaihteisto on varustettu voiteluj\u00e4rjestelm\u00e4ll\u00e4, joka jakaa \u00f6ljy\u00e4 tai rasvaa kaikkiin liikkuviin osiin. T\u00e4m\u00e4 j\u00e4rjestelm\u00e4 v\u00e4hent\u00e4\u00e4 kitkaa, est\u00e4\u00e4 ylikuumenemisen ja pident\u00e4\u00e4 vaihteiston k\u00e4ytt\u00f6ik\u00e4\u00e4. Oikea voitelu on ratkaisevan t\u00e4rke\u00e4\u00e4 vaihteiston tehokkuuden yll\u00e4pit\u00e4miseksi, erityisesti maatalousty\u00f6n vaativissa olosuhteissa.<\/li>\n<li><strong>Ylikuormitussuoja ja turvallisuus<\/strong><br \/>\nVaihteiston suojaamiseksi \u00e4killisilt\u00e4 mekaanisilta ylikuormituksilta monet maatalousruiskujen vaihteistot on varustettu ylikuormitussuojamekanismilla, kuten murtotapilla tai kytkinj\u00e4rjestelm\u00e4ll\u00e4. T\u00e4m\u00e4 j\u00e4rjestelm\u00e4 on suunniteltu absorboimaan liiallista rasitusta est\u00e4en sis\u00e4isten hammaspy\u00f6rien ja akseleiden vaurioitumisen tukkeuman tai \u00e4killisen kuormituksen muutoksen sattuessa. Jos ylikuormitus tapahtuu, suojamekanismi aktivoituu, jolloin vaihteisto voi jatkaa toimintaansa ilman pysyvi\u00e4 vaurioita.<\/li>\n<\/ol>\n<p>Yhteenvetona voidaan todeta, ett\u00e4 maatalousruiskun vaihteisto toimii siirt\u00e4m\u00e4ll\u00e4 voimaa traktorin voimanottoakselilta ruiskun pumppuun tai ruiskutusmekanismiin. Se v\u00e4hent\u00e4\u00e4 tulevan tehon nopeutta, muuntaa sen suuremmaksi v\u00e4\u00e4nt\u00f6momentiksi ja varmistaa, ett\u00e4 ruisku toimii optimaalisella nopeudella ja tehokkuudella. Vaihteisto on my\u00f6s varustettu voiteluj\u00e4rjestelmill\u00e4 kulumisen v\u00e4hent\u00e4miseksi ja ylikuumenemisen est\u00e4miseksi sek\u00e4 ylikuormitussuojamekanismeilla turvallisen ja luotettavan toiminnan varmistamiseksi.<\/p>\n<p><img loading=\"lazy\" decoding=\"async\" class=\"alignnone size-full wp-image-2185\" src=\"https:\/\/fmp-components.com\/wp-content\/uploads\/2024\/12\/Agricultural-Sprayer-Gearbox-Applications.webp\" alt=\"Maatalousruiskun vaihteisto\" width=\"1200\" height=\"770\" title=\"\" srcset=\"https:\/\/fmp-components.com\/wp-content\/uploads\/2024\/12\/Agricultural-Sprayer-Gearbox-Applications.webp 1200w, https:\/\/fmp-components.com\/wp-content\/uploads\/2024\/12\/Agricultural-Sprayer-Gearbox-Applications-980x629.webp 980w, https:\/\/fmp-components.com\/wp-content\/uploads\/2024\/12\/Agricultural-Sprayer-Gearbox-Applications-480x308.webp 480w\" sizes=\"(min-width: 0px) and (max-width: 480px) 480px, (min-width: 481px) and (max-width: 980px) 980px, (min-width: 981px) 1200px, 100vw\" \/><\/p>\n<h3>Tietoja FMP:st\u00e4<\/h3>\n<p>Italiassa p\u00e4\u00e4konttoriaan pit\u00e4v\u00e4 FMP on johtava valmistaja, joka tunnetaan asiantuntemuksestaan \u200b\u200bkorkean suorituskyvyn vaihteistojen suunnittelussa, kehitt\u00e4misess\u00e4 ja valmistuksessa p\u00e4\u00e4asiassa maatalouskonesektorille. Tarkkuudestaan, innovaatioistaan \u200b\u200bja horjumattomasta luotettavuudestaan \u200b\u200btunnettu FMP on vakiinnuttanut asemansa luotettavana kumppanina sek\u00e4 maatalous- ett\u00e4 teollisuusmarkkinoiden kehittyvien vaatimusten t\u00e4ytt\u00e4misess\u00e4. Kattava tuotevalikoimamme sis\u00e4lt\u00e4\u00e4 ruohonleikkureiden, nivelakseleiden ja muiden kriittisten komponenttien erikoisvaihteistoja, jotka kaikki on suunniteltu tarjoamaan tehokkaita ja r\u00e4\u00e4t\u00e4l\u00f6ityj\u00e4 ratkaisuja monenlaisiin sovelluksiin.<\/p>\n<p>FMP:ll\u00e4 ymm\u00e4rr\u00e4mme, ett\u00e4 jokaisella asiakkaalla on ainutlaatuiset tarpeet ja haasteet. Siksi olemme erikoistuneet r\u00e4\u00e4t\u00e4l\u00f6ityjen ratkaisujen tarjoamiseen, olipa kyseess\u00e4 sitten yksitt\u00e4iset komponentit tai t\u00e4ysin integroidut j\u00e4rjestelm\u00e4t. K\u00e4yt\u00e4mme yhteisty\u00f6h\u00f6n perustuvaa l\u00e4hestymistapaa ja teemme tiivist\u00e4 yhteisty\u00f6t\u00e4 asiakkaidemme kanssa varmistaaksemme, ett\u00e4 jokainen ratkaisu on paitsi tehokas my\u00f6s tuloksellinen. Sitoutumisemme nopeisiin ja ammattimaisiin vastauksiin sek\u00e4 asiantuntevaan ohjaukseen takaa, ett\u00e4 jokainen tiedustelu k\u00e4sitell\u00e4\u00e4n \u00e4\u00e4rimm\u00e4isen huolellisesti ja tarkasti, varmistaen parhaat mahdolliset tulokset asiakkaillemme.<\/p>\n<p>Painotamme vahvasti avointa ja jatkuvaa viestint\u00e4\u00e4, erityisesti uusien tuotteiden kehitt\u00e4misess\u00e4. Omistautunut tiimimme ty\u00f6skentelee suoraan asiakkaiden kanssa ymm\u00e4rt\u00e4\u00e4kseen t\u00e4ysin heid\u00e4n vaatimuksiaan ja tarjoaa arvokkaita n\u00e4kemyksi\u00e4 ja suosituksia, jotka johtavat optimaalisiin ratkaisuihin. Olipa kyse sitten innovatiivisten tuotteiden suunnittelusta tai olemassa olevien tilausten t\u00e4ytt\u00e4misest\u00e4, FMP on sitoutunut toimittamaan korkealaatuisia, tarkasti suunniteltuja ratkaisuja ajallaan, joka kerta varmistaen, ett\u00e4 asiakkaamme saavat parasta mahdollista palvelua ja tuloksia.<\/p>\n<p>FMP:n toiminnan ytimess\u00e4 on tinkim\u00e4t\u00f6n keskittyminen laatuun. Noudatamme korkeimpia valmistusstandardeja ja k\u00e4yt\u00e4mme tiukkoja laadunvalvontatoimenpiteit\u00e4 varmistaaksemme, ett\u00e4 jokainen tuote paitsi t\u00e4ytt\u00e4\u00e4 my\u00f6s ylitt\u00e4\u00e4 alan odotukset. T\u00e4m\u00e4 sitoutuminen laatuun yhdistettyn\u00e4 ydinarvoihimme, kuten rehellisyyteen, tiimity\u00f6h\u00f6n ja sinnikkyyteen, on mahdollistanut kest\u00e4vien ja luottamuksellisten asiakassuhteiden rakentamisen l\u00e4hes 30 maassa ymp\u00e4ri maailmaa.<\/p>\n<p>FMP on aina halukas rakentamaan globaaleja kumppanuuksia ja on sitoutunut tarjoamaan asiantuntevaa ohjausta ja r\u00e4\u00e4t\u00e4l\u00f6ityj\u00e4 ratkaisuja asiakkaidemme monimuotoisten tarpeiden t\u00e4ytt\u00e4miseksi. L\u00e4hestymistapamme menee pelk\u00e4n tuotteiden toimittamisen pidemm\u00e4lle; pyrimme vaalimaan pitk\u00e4aikaisia \u200b\u200b\u200b\u200bsuhteita, jotka edist\u00e4v\u00e4t jokaisen projektin onnistumista. Tarvitsetpa sitten innovatiivisia ratkaisuja uuteen hankkeeseen tai jatkuvaa tukea olemassa olevalle j\u00e4rjestelm\u00e4lle, FMP on t\u00e4\u00e4ll\u00e4 vastaamassa teknisiin haasteisiisi ja auttamassa varmistamaan kest\u00e4v\u00e4n menestyksesi.<\/p>\n<p><img loading=\"lazy\" decoding=\"async\" class=\"alignnone size-full wp-image-1861\" src=\"https:\/\/fmp-components.com\/wp-content\/uploads\/2024\/12\/Other-Agricultural-Gearboxes.webp\" sizes=\"(min-width: 0px) and (max-width: 480px) 480px, (min-width: 481px) and (max-width: 980px) 980px, (min-width: 981px) 1200px, 100vw\" srcset=\"https:\/\/fmp-components.com\/wp-content\/uploads\/2024\/12\/Other-Agricultural-Gearboxes.webp 1200w, https:\/\/fmp-components.com\/wp-content\/uploads\/2024\/12\/Other-Agricultural-Gearboxes-980x1143.webp 980w, https:\/\/fmp-components.com\/wp-content\/uploads\/2024\/12\/Other-Agricultural-Gearboxes-480x560.webp 480w\" alt=\"Altri-cambi-agricoli\" width=\"1200\" height=\"1400\" title=\"\"><\/p>\n<p>Tekij\u00e4: CX<\/p>","protected":false},"excerpt":{"rendered":"<p>Specifications of Agricultural Sprayer Gearbox D-7A &amp; D-7B D-7A i N1[rpm] P1[kW] M2[Nm] Shaft Type Input X &nbsp; Z &nbsp; 5.82 540 16.2 48 1&#8221; 3\/8 Z6 35 X 4.36 540 21.3 84 1&#8221; 3\/8 Z6 X 4.00 540 21.7 93 1&#8221; 3\/8 Z6 X D-7B i N1[rpm] P1[kW] M2[Nm] Shaft Type Input X &nbsp; [&hellip;]<\/p>","protected":false},"featured_media":2183,"comment_status":"open","ping_status":"closed","template":"","meta":{"_et_pb_use_builder":"","_et_pb_old_content":"","_et_gb_content_width":""},"product_brand":[],"product_cat":[55],"product_tag":[],"class_list":{"0":"post-2177","1":"product","2":"type-product","3":"status-publish","4":"has-post-thumbnail","6":"product_cat-agricultural-sprayer-gearbox","8":"first","9":"instock","10":"shipping-taxable","11":"product-type-simple"},"_links":{"self":[{"href":"https:\/\/fmp-components.com\/fi\/wp-json\/wp\/v2\/product\/2177","targetHints":{"allow":["GET"]}}],"collection":[{"href":"https:\/\/fmp-components.com\/fi\/wp-json\/wp\/v2\/product"}],"about":[{"href":"https:\/\/fmp-components.com\/fi\/wp-json\/wp\/v2\/types\/product"}],"replies":[{"embeddable":true,"href":"https:\/\/fmp-components.com\/fi\/wp-json\/wp\/v2\/comments?post=2177"}],"wp:featuredmedia":[{"embeddable":true,"href":"https:\/\/fmp-components.com\/fi\/wp-json\/wp\/v2\/media\/2183"}],"wp:attachment":[{"href":"https:\/\/fmp-components.com\/fi\/wp-json\/wp\/v2\/media?parent=2177"}],"wp:term":[{"taxonomy":"product_brand","embeddable":true,"href":"https:\/\/fmp-components.com\/fi\/wp-json\/wp\/v2\/product_brand?post=2177"},{"taxonomy":"product_cat","embeddable":true,"href":"https:\/\/fmp-components.com\/fi\/wp-json\/wp\/v2\/product_cat?post=2177"},{"taxonomy":"product_tag","embeddable":true,"href":"https:\/\/fmp-components.com\/fi\/wp-json\/wp\/v2\/product_tag?post=2177"}],"curies":[{"name":"wp","href":"https:\/\/api.w.org\/{rel}","templated":true}]}}