{"id":2151,"date":"2024-12-30T06:59:10","date_gmt":"2024-12-30T06:59:10","guid":{"rendered":"https:\/\/fmp-components.com\/?page_id=8"},"modified":"2024-12-30T08:06:25","modified_gmt":"2024-12-30T08:06:25","slug":"fertilizer-spreader-gearbox-replacement-of-comer-code-l-25c","status":"publish","type":"product","link":"https:\/\/fmp-components.com\/fi\/product\/fertilizer-spreader-gearbox-replacement-of-comer-code-l-25c\/","title":{"rendered":"Lannoitteenlevittimen vaihteisto \u2013 Comer-koodin L-25C vaihto"},"content":{"rendered":"<p><img loading=\"lazy\" decoding=\"async\" class=\"wp-image-2156 aligncenter\" src=\"https:\/\/fmp-components.com\/wp-content\/uploads\/2024\/12\/fertilizer-spreader-gearbox-l25c.webp\" alt=\"lannoitteenlevittimen-vaihteisto-l25c\" width=\"790\" height=\"790\" title=\"\" srcset=\"https:\/\/fmp-components.com\/wp-content\/uploads\/2024\/12\/fertilizer-spreader-gearbox-l25c.webp 300w, https:\/\/fmp-components.com\/wp-content\/uploads\/2024\/12\/fertilizer-spreader-gearbox-l25c-150x150.webp 150w, https:\/\/fmp-components.com\/wp-content\/uploads\/2024\/12\/fertilizer-spreader-gearbox-l25c-12x12.webp 12w, https:\/\/fmp-components.com\/wp-content\/uploads\/2024\/12\/fertilizer-spreader-gearbox-l25c-100x100.webp 100w\" sizes=\"(max-width: 790px) 100vw, 790px\" \/><\/p>\n<h2>Lannoitteenlevittimen vaihteiston L-25C tekniset tiedot<\/h2>\n<p><img loading=\"lazy\" decoding=\"async\" class=\"alignnone size-full wp-image-2157\" src=\"https:\/\/fmp-components.com\/wp-content\/uploads\/2024\/12\/fertilizer-spreader-gearbox-specifications-l25c.webp\" alt=\"Lannoitteenlevittimen vaihteiston tekniset tiedot-l25c\" width=\"974\" height=\"544\" title=\"\" srcset=\"https:\/\/fmp-components.com\/wp-content\/uploads\/2024\/12\/fertilizer-spreader-gearbox-specifications-l25c.webp 974w, https:\/\/fmp-components.com\/wp-content\/uploads\/2024\/12\/fertilizer-spreader-gearbox-specifications-l25c-480x268.webp 480w\" sizes=\"(min-width: 0px) and (max-width: 480px) 480px, (min-width: 481px) 974px, 100vw\" \/><\/p>\n<table style=\"width: 100%;\" border=\"1\" width=\"100%\" cellspacing=\"0\" cellpadding=\"0\">\n<tbody>\n<tr>\n<th style=\"width: 53.1318%;\">Sy\u00f6tt\u00f6suhde (i)<\/th>\n<td style=\"width: 46.6522%;\">1.35<\/td>\n<\/tr>\n<tr>\n<th style=\"width: 53.1318%;\">Sy\u00f6tt\u00f6nopeus (N1 [rpm])<\/th>\n<td style=\"width: 46.6522%;\">540<\/td>\n<\/tr>\n<tr>\n<th style=\"width: 53.1318%;\">Ottoteho (P1 [kW])<\/th>\n<td style=\"width: 46.6522%;\">9.9<\/td>\n<\/tr>\n<tr>\n<th style=\"width: 53.1318%;\">L\u00e4ht\u00f6momentti (M2 [Nm])<\/th>\n<td style=\"width: 46.6522%;\">126<\/td>\n<\/tr>\n<tr>\n<th style=\"width: 53.1318%;\">Sy\u00f6tt\u00f6tyyppi<\/th>\n<td style=\"width: 46.6522%;\">Z<\/td>\n<\/tr>\n<tr>\n<th style=\"width: 53.1318%;\">Paino<\/th>\n<td style=\"width: 46.6522%;\">17 kg<\/td>\n<\/tr>\n<\/tbody>\n<\/table>\n<p><span style=\"color: #333333; font-size: 26px;\">Lannoitteenlevittimen vaihdelaatikon ominaisuudet<\/span><\/p>\n<article class=\"w-full scroll-mb-[var(--thread-trailing-height,150px)] text-token-text-primary focus-visible:outline-2 focus-visible:outline-offset-[-4px]\" dir=\"auto\" data-testid=\"conversation-turn-92\" data-scroll-anchor=\"false\">\n<div class=\"m-auto text-base py-[18px] px-3 md:px-4 w-full md:px-5 lg:px-4 xl:px-5\">\n<div class=\"mx-auto flex flex-1 gap-4 text-base md:gap-5 lg:gap-6 md:max-w-3xl lg:max-w-[40rem] xl:max-w-[48rem]\">\n<div class=\"group\/conversation-turn relative flex w-full min-w-0 flex-col\">\n<div class=\"flex-col gap-1 md:gap-3\">\n<div class=\"flex max-w-full flex-col flex-grow\">\n<div class=\"min-h-8 text-message flex w-full flex-col items-end gap-2 whitespace-normal break-words text-start [.text-message+&amp;]:mt-5\" dir=\"auto\" data-message-author-role=\"user\" data-message-id=\"aaa27537-8ed0-4e1f-9cf5-d9a41e7e7f9f\">\n<div class=\"flex w-full flex-col gap-1 empty:hidden items-end rtl:items-start\">\n<div class=\"relative max-w-[var(--user-chat-width,70%)] rounded-3xl bg-token-message-surface px-5 py-2.5\">\n<ol>\n<li><strong>Tarkkuusvirranjakelu<\/strong><br \/>\nLannoitteenlevittimen vaihteisto on suunniteltu tarjoamaan tarkkaa ohjausta levittimen osien py\u00f6rimiselle ja nopeudelle. T\u00e4m\u00e4 varmistaa tasaisen ja tarkan lannoitteen levityksen pellolle est\u00e4en liika- tai alilevityksen, joka voi vahingoittaa satoa ja johtaa resurssien tuhlaamiseen. Vaihteisto optimoi voimansiirron traktorista levittimeen varmistaen tasaisen levityksen jokaisella ajokerralla.<\/li>\n<li><strong>Raskas rakenne<\/strong><br \/>\nLannoitteenlevittimen vaihteisto on rakennettu vaativiin maatalousymp\u00e4rist\u00f6ihin, ja se on valmistettu korkealaatuisista materiaaleista, jotka takaavat kest\u00e4vyyden ja joustavuuden raskaassa k\u00e4yt\u00f6ss\u00e4. Se on suunniteltu kest\u00e4m\u00e4\u00e4n k\u00e4yt\u00f6n aikana syntyv\u00e4t rasitukset ja suuren v\u00e4\u00e4nt\u00f6momentin, mik\u00e4 varmistaa pitk\u00e4aikaisen luotettavuuden ja pidemm\u00e4n k\u00e4ytt\u00f6i\u00e4n. Vaihteisto kest\u00e4\u00e4 ankaria olosuhteita, kuten kosteutta, p\u00f6ly\u00e4 ja maaper\u00e4\u00e4, suorituskyky\u00e4 vaarantamatta.<\/li>\n<li><strong>S\u00e4\u00e4dett\u00e4v\u00e4t l\u00e4ht\u00f6nopeudet<\/strong><br \/>\nMonissa lannoitteenlevittimien vaihteistoissa on s\u00e4\u00e4dett\u00e4v\u00e4t l\u00e4ht\u00f6nopeudet, joiden avulla k\u00e4ytt\u00e4j\u00e4t voivat hallita levittimen levitysm\u00e4\u00e4r\u00e4\u00e4 ja varmistaa, ett\u00e4 se t\u00e4ytt\u00e4\u00e4 tietyt lannoitusvaatimukset. T\u00e4m\u00e4 ominaisuus parantaa vaihteiston monipuolisuutta, joten se soveltuu monenlaisiin teht\u00e4viin kevyest\u00e4 levityksest\u00e4 raskaaseen k\u00e4ytt\u00f6\u00f6n. Nopeutta s\u00e4\u00e4t\u00e4m\u00e4ll\u00e4 k\u00e4ytt\u00e4j\u00e4t voivat optimoida lannoitteen k\u00e4yt\u00f6n eri viljelykasveille ja pelto-olosuhteille.<\/li>\n<li><strong>Kompakti ja tilaa s\u00e4\u00e4st\u00e4v\u00e4 muotoilu<\/strong><br \/>\nLannoitteenlevittimien vaihteistot on suunniteltu kompakteiksi ja tilaa s\u00e4\u00e4st\u00e4viksi, mink\u00e4 ansiosta ne on helppo asentaa useisiin levitinmalleihin. Niiden kompakti rakenne mahdollistaa tehokkaan integroinnin minimaalisilla muutoksilla, varmistaen, ett\u00e4 ne eiv\u00e4t vie ylim\u00e4\u00e4r\u00e4ist\u00e4 tilaa tai lis\u00e4\u00e4 tarpeetonta painoa. T\u00e4m\u00e4 edist\u00e4\u00e4 levittimen yleist\u00e4 helppok\u00e4ytt\u00f6isyytt\u00e4 ja ohjattavuutta k\u00e4yt\u00f6n aikana.<\/li>\n<li><strong>V\u00e4h\u00e4inen huoltotarve ja korkea hy\u00f6tysuhde<\/strong><br \/>\nLannoitteenlevittimen vaihteisto on suunniteltu v\u00e4h\u00e4huoltoiseksi, ja siin\u00e4 on kest\u00e4v\u00e4t tiivisteet ja itsevoitelevat komponentit, jotka minimoivat tihe\u00e4n huollon tarpeen. T\u00e4m\u00e4 auttaa v\u00e4hent\u00e4m\u00e4\u00e4n seisokkiaikoja ja varmistamaan jatkuvan toiminnan koko istutus- ja lannoituskauden ajan. Tehokas vaihteisto v\u00e4hent\u00e4\u00e4 tehoh\u00e4vi\u00f6t\u00e4, mik\u00e4 parantaa polttoainetaloutta ja tekee siit\u00e4 kustannustehokkaan ratkaisun laajamittaiseen maatalouteen. Lis\u00e4ksi vaihteisto on helppo huoltaa helposti saavutettavien voitelukohtien ja kest\u00e4vien laakereiden ansiosta, mik\u00e4 osaltaan pitk\u00e4\u00e4 k\u00e4ytt\u00f6ik\u00e4\u00e4.<\/li>\n<\/ol>\n<div class=\"absolute bottom-0 right-full top-0 -mr-3.5 hidden pr-5 pt-1 [.group\\\/conversation-turn:hover_&amp;]:block\"><\/div>\n<\/div>\n<\/div>\n<\/div>\n<\/div>\n<\/div>\n<\/div>\n<\/div>\n<\/div>\n<\/article>\n<article class=\"w-full scroll-mb-[var(--thread-trailing-height,150px)] text-token-text-primary focus-visible:outline-2 focus-visible:outline-offset-[-4px]\" dir=\"auto\" data-testid=\"conversation-turn-93\" data-scroll-anchor=\"true\">\n<h6 class=\"sr-only\"><\/h6>\n<\/article>\n<p>\u00a0<img loading=\"lazy\" decoding=\"async\" class=\"wp-image-2155 aligncenter\" src=\"https:\/\/fmp-components.com\/wp-content\/uploads\/2024\/12\/fertilizer-spreader-gearbox-2.webp\" alt=\"lannoitteenlevittimen-vaihteisto-2\" width=\"631\" height=\"631\" title=\"\" srcset=\"https:\/\/fmp-components.com\/wp-content\/uploads\/2024\/12\/fertilizer-spreader-gearbox-2.webp 400w, https:\/\/fmp-components.com\/wp-content\/uploads\/2024\/12\/fertilizer-spreader-gearbox-2-300x300.webp 300w, https:\/\/fmp-components.com\/wp-content\/uploads\/2024\/12\/fertilizer-spreader-gearbox-2-150x150.webp 150w, https:\/\/fmp-components.com\/wp-content\/uploads\/2024\/12\/fertilizer-spreader-gearbox-2-12x12.webp 12w, https:\/\/fmp-components.com\/wp-content\/uploads\/2024\/12\/fertilizer-spreader-gearbox-2-100x100.webp 100w\" sizes=\"(max-width: 631px) 100vw, 631px\" \/><\/p>\n<h2>Maatalouden lannoitteenlevittimen vaihdelaatikon nivelakselit<\/h2>\n<p>Maatalouslannoitteenlevittimien vaihteistojen voimanottoakselit (PTO) ovat olennaisia \u200b\u200bkomponentteja, jotka siirt\u00e4v\u00e4t mekaanista voimaa traktorista vaihteistoon ja mahdollistavat lannoitteenlevittimen toiminnan. N\u00e4m\u00e4 akselit on erityisesti suunniteltu vastaamaan maataloussovellusten vaativiin vaatimuksiin, ja ne tarjoavat luotettavan ja tehokkaan voimansiirron tasaisen suorituskyvyn takaamiseksi erilaisissa pelto-olosuhteissa. Yhdist\u00e4m\u00e4ll\u00e4 traktorin moottorin vaihteistoon voimanottoakselit ovat ratkaisevassa roolissa levittimen toimivuuden ja tehokkuuden varmistamisessa.<\/p>\n<p><strong>1. Kest\u00e4v\u00e4 voimansiirto:<\/strong> Lannoitteenlevittimien vaihteistojen nivelakselit on rakennettu kest\u00e4m\u00e4\u00e4n suurta v\u00e4\u00e4nt\u00f6momenttia ja raskasta k\u00e4ytt\u00f6\u00e4. Kest\u00e4vist\u00e4 materiaaleista, kuten erikoislujasta ter\u00e4ksest\u00e4, valmistetut akselit varmistavat optimaalisen voimansiirron suorituskyky\u00e4 vaarantamatta. T\u00e4m\u00e4 kest\u00e4v\u00e4 rakenne auttaa est\u00e4m\u00e4\u00e4n kulumista pitk\u00e4aikaisen k\u00e4yt\u00f6n aikana, mik\u00e4 tekee akseleista ihanteellisia vaativiin maatalousymp\u00e4rist\u00f6ihin, joissa luotettavuus ja kest\u00e4vyys ovat ensiarvoisen t\u00e4rkeit\u00e4.<\/p>\n<p><strong>2. Tarkkuustekniikka:<\/strong> Tarkkuudella suunnitellut nivelakselit on optimoitu toimimaan saumattomasti lannoitteenlevittimen vaihteiston kanssa. Akselin pituus, halkaisija ja kytkent\u00e4pisteet on suunniteltu huolellisesti varmistamaan, ett\u00e4 traktorin moottorin teho siirtyy tehokkaasti vaihteistoon ja tarjoaa levittimen k\u00e4ytt\u00e4miseen tarvittavan py\u00f6rimisvoiman. T\u00e4m\u00e4 varmistaa, ett\u00e4 levitin levitt\u00e4\u00e4 lannoitetta tasaisesti ja yhdenmukaisesti laajoilla pelloilla.<\/p>\n<p><strong>3. Monipuolisuus ja yhteensopivuus:<\/strong> Lannoitteenlevittimien vaihteistojen nivelakseleita on saatavana useissa eri kokoisina ja kokoonpanoina, mik\u00e4 varmistaa yhteensopivuuden laajan valikoiman maatalouskoneiden kanssa. Olipa levitin pieni tai suuri, nivelakseli voidaan valita vastaamaan laitteen erityisvaatimuksia ja traktorin voimanottotehoa. T\u00e4m\u00e4 monipuolisuus helpottaa viljelij\u00f6iden optimaalisen suorituskyvyn yll\u00e4pit\u00e4mist\u00e4 erityyppisiss\u00e4 koneissa ja pelto-olosuhteissa.<\/p>\n<p><strong>4. Helppo huolto ja pitk\u00e4ik\u00e4isyys:<\/strong> Nivelakseleiden suunnittelussa on ominaisuuksia, jotka helpottavat huoltoa ja pident\u00e4v\u00e4t niiden k\u00e4ytt\u00f6ik\u00e4\u00e4. Rasvanipat, s\u00e4\u00e4dett\u00e4v\u00e4t pituudet ja suojakotelot tekev\u00e4t rutiinihuollosta yksinkertaista ja varmistavat, ett\u00e4 akselit toimivat tehokkaasti ajan my\u00f6t\u00e4. S\u00e4\u00e4nn\u00f6llinen huolto auttaa ehk\u00e4isem\u00e4\u00e4n vaurioita ja v\u00e4hent\u00e4\u00e4 kalliiden korjausten todenn\u00e4k\u00f6isyytt\u00e4, mik\u00e4 tekee n\u00e4ist\u00e4 nivelakseleista kustannustehokkaan ratkaisun maanviljelij\u00f6ille.<\/p>\n<p><strong>5. Tehostettu lannoitteiden levitys:<\/strong> Varmistamalla tasaisen ja luotettavan tehonsy\u00f6t\u00f6n lannoitteenlevittimen vaihteistoon, nivelakselit parantavat toiminnan tehokkuutta. T\u00e4m\u00e4 johtaa tasaiseen lannoitteen levitykseen, v\u00e4hent\u00e4\u00e4 j\u00e4tett\u00e4 ja optimoi sadon. Nivelakseleiden tarkkuus ja kest\u00e4vyys auttavat parantamaan lannoitteiden levityksen kokonaistehokkuutta, tukien kest\u00e4vi\u00e4 maatalousk\u00e4yt\u00e4nt\u00f6j\u00e4 ja edist\u00e4en parempaa sadon kasvua.<\/p>\n<p>Yhteenvetona voidaan todeta, ett\u00e4 maatalouslannoitteiden levittimien vaihteistojen nivelakselit ovat ratkaisevan t\u00e4rkeit\u00e4 komponentteja, jotka varmistavat luotettavan voimansiirron, toiminnan tehokkuuden ja pitk\u00e4ik\u00e4isen suorituskyvyn maataloussovelluksissa. Kest\u00e4v\u00e4ksi, tarkaksi ja helposti huollettavaksi suunnitellut akselit auttavat optimoimaan lannoitteiden levittimien suorituskyky\u00e4 ja parantamaan maatalouden tuottavuutta.<\/p>\n<p><img loading=\"lazy\" decoding=\"async\" class=\"alignnone size-full wp-image-2171\" src=\"https:\/\/fmp-components.com\/wp-content\/uploads\/2024\/12\/PTO-Shafts-for-Agricultural-Fertilizer-Spreader-Gearbox-1.webp\" alt=\"Maatalouslannoitteiden levittimen vaihteiston nivelakselit 1\" width=\"1200\" height=\"800\" title=\"\" srcset=\"https:\/\/fmp-components.com\/wp-content\/uploads\/2024\/12\/PTO-Shafts-for-Agricultural-Fertilizer-Spreader-Gearbox-1.webp 1200w, https:\/\/fmp-components.com\/wp-content\/uploads\/2024\/12\/PTO-Shafts-for-Agricultural-Fertilizer-Spreader-Gearbox-1-980x653.webp 980w, https:\/\/fmp-components.com\/wp-content\/uploads\/2024\/12\/PTO-Shafts-for-Agricultural-Fertilizer-Spreader-Gearbox-1-480x320.webp 480w\" sizes=\"(min-width: 0px) and (max-width: 480px) 480px, (min-width: 481px) and (max-width: 980px) 980px, (min-width: 981px) 1200px, 100vw\" \/><\/p>\n<h3>Tietoja FMP:st\u00e4<\/h3>\n<p>Italiassa p\u00e4\u00e4konttoriaan pit\u00e4v\u00e4 FMP on maailmanlaajuisesti tunnustettu johtava valmistaja, joka on erikoistunut korkean suorituskyvyn vaihteistojen suunnitteluun, kehitt\u00e4miseen ja tuotantoon. Yrityksen p\u00e4\u00e4konttori sijaitsee maatalouskonesektorilla. FMP on tunnettu sitoutumisestaan \u200b\u200btarkkuustekniikkaan, innovaatioihin ja vertaansa vailla olevaan luotettavuuteen, ja se on vakiinnuttanut asemansa luotettavana kumppanina, joka tarjoaa ensiluokkaisia \u200b\u200btuotteita, jotka vastaavat sek\u00e4 maatalous- ett\u00e4 teollisuusmarkkinoiden kehittyviin vaatimuksiin. Laaja tuotevalikoimamme sis\u00e4lt\u00e4\u00e4 ruohonleikkureiden, nivelakseleiden ja muiden keskeisten komponenttien erikoisvaihteistoja, jotka kaikki on suunniteltu tarjoamaan r\u00e4\u00e4t\u00e4l\u00f6ityj\u00e4 ratkaisuja monenlaisiin sovelluksiin.<\/p>\n<p>FMP:ll\u00e4 ymm\u00e4rr\u00e4mme, ett\u00e4 jokaisella asiakkaalla on ainutlaatuisia haasteita ja vaatimuksia. Siksi olemme erikoistuneet r\u00e4\u00e4t\u00e4l\u00f6ityjen ratkaisujen tarjoamiseen, olipa kyseess\u00e4 sitten yksitt\u00e4iset komponentit tai kokonaiset, integroidut j\u00e4rjestelm\u00e4t. Yhteisty\u00f6h\u00f6n perustuva l\u00e4hestymistapamme varmistaa, ett\u00e4 jokainen ratkaisu on sek\u00e4 tehokas ett\u00e4 tuloksellinen, parantaen suorituskyky\u00e4 ja optimoiden arvon. Sitoutumalla nopeisiin ja ammattimaisiin vastauksiin ja asiantuntevaan ohjaukseen k\u00e4sittelemme jokaisen tiedustelun tarkasti ja yksityiskohtia my\u00f6ten varmistaen, ett\u00e4 asiakkaamme saavat korkeimman tason palvelua ja tukea.<\/p>\n<p>Painotamme selke\u00e4\u00e4 ja jatkuvaa viestint\u00e4\u00e4, erityisesti uusien tuotteiden kehitt\u00e4misess\u00e4. Omistautunut tiimimme ty\u00f6skentelee tiiviisti asiakkaiden kanssa ymm\u00e4rt\u00e4\u00e4kseen heid\u00e4n erityistarpeitaan ja tarjoaa k\u00e4yt\u00e4nn\u00f6nl\u00e4heisi\u00e4 n\u00e4kemyksi\u00e4, jotka johtavat tehokkaimpiin ratkaisuihin. Olipa kyse sitten innovatiivisten tuotteiden suunnittelusta tai olemassa olevien tilausten t\u00e4ytt\u00e4misest\u00e4, keskitymme toimittamaan korkealaatuisia, tarkasti suunniteltuja ratkaisuja, jotka valmistuvat ajallaan ja ylitt\u00e4v\u00e4t odotukset.<\/p>\n<p>FMP:n toiminnan ytimess\u00e4 on horjumaton omistautuminen laadulle. Noudatamme korkeimpia valmistusstandardeja ja k\u00e4yt\u00e4mme tiukkoja laadunvalvontamenettelyj\u00e4 varmistaaksemme, ett\u00e4 jokainen tuote t\u00e4ytt\u00e4\u00e4 tai ylitt\u00e4\u00e4 alan standardit. Herkk\u00e4 keskittymisemme laatuun yhdistettyn\u00e4 ydinarvoihimme, kuten rehellisyyteen, yhteisty\u00f6h\u00f6n ja sinnikkyyteen, on auttanut meit\u00e4 luomaan vahvoja ja pitk\u00e4aikaisia \u200b\u200basiakassuhteita yli 30 maassa maailmanlaajuisesti.<\/p>\n<p>FMP on aina avoin globaalien kumppanuuksien rakentamiselle ja on edelleen sitoutunut tarjoamaan asiantuntevaa neuvontaa ja yksil\u00f6llisi\u00e4 ratkaisuja asiakkaidemme moninaisten tarpeiden t\u00e4ytt\u00e4miseksi. Emme tyydy pelk\u00e4st\u00e4\u00e4n tuotteiden toimittamiseen \u2013 keskitymme kest\u00e4vien ja merkityksellisten suhteiden vaalimiseen, jotka edist\u00e4v\u00e4t jokaisen projektin onnistumista. Etsitp\u00e4 sitten innovatiivisia ratkaisuja uuteen aloitteeseen tai tarvitset jatkuvaa tukea olemassa olevalle j\u00e4rjestelm\u00e4lle, FMP on t\u00e4\u00e4ll\u00e4 auttamassa sinua teknisiss\u00e4 haasteissasi ja varmistamassa jatkuvan menestyksesi.<\/p>\n<p><img loading=\"lazy\" decoding=\"async\" class=\"alignnone size-full wp-image-1861\" src=\"https:\/\/fmp-components.com\/wp-content\/uploads\/2024\/12\/Other-Agricultural-Gearboxes.webp\" sizes=\"(min-width: 0px) and (max-width: 480px) 480px, (min-width: 481px) and (max-width: 980px) 980px, (min-width: 981px) 1200px, 100vw\" srcset=\"https:\/\/fmp-components.com\/wp-content\/uploads\/2024\/12\/Other-Agricultural-Gearboxes.webp 1200w, https:\/\/fmp-components.com\/wp-content\/uploads\/2024\/12\/Other-Agricultural-Gearboxes-980x1143.webp 980w, https:\/\/fmp-components.com\/wp-content\/uploads\/2024\/12\/Other-Agricultural-Gearboxes-480x560.webp 480w\" alt=\"Altri-cambi-agricoli\" width=\"1200\" height=\"1400\" title=\"\"><\/p>\n<p>Tekij\u00e4: CX<\/p>","protected":false},"excerpt":{"rendered":"<p>Specifications of Fertilizer Spreader Gearbox L-25C Input Ratio (i) 1.35 Input Speed (N1 [rpm]) 540 Input Power (P1 [kW]) 9.9 Output Torque (M2 [Nm]) 126 Input Type Z Weight 17 kg Features of Fertilizer Spreader Gearbox Precision Power Distribution The fertilizer spreader gearbox is designed to deliver precise control over the rotation and speed of [&hellip;]<\/p>","protected":false},"featured_media":2156,"comment_status":"open","ping_status":"closed","template":"","meta":{"_et_pb_use_builder":"","_et_pb_old_content":"","_et_gb_content_width":""},"product_brand":[],"product_cat":[54],"product_tag":[],"class_list":{"0":"post-2151","1":"product","2":"type-product","3":"status-publish","4":"has-post-thumbnail","6":"product_cat-fertilizer-spreader-gearbox","8":"first","9":"instock","10":"shipping-taxable","11":"product-type-simple"},"_links":{"self":[{"href":"https:\/\/fmp-components.com\/fi\/wp-json\/wp\/v2\/product\/2151","targetHints":{"allow":["GET"]}}],"collection":[{"href":"https:\/\/fmp-components.com\/fi\/wp-json\/wp\/v2\/product"}],"about":[{"href":"https:\/\/fmp-components.com\/fi\/wp-json\/wp\/v2\/types\/product"}],"replies":[{"embeddable":true,"href":"https:\/\/fmp-components.com\/fi\/wp-json\/wp\/v2\/comments?post=2151"}],"wp:featuredmedia":[{"embeddable":true,"href":"https:\/\/fmp-components.com\/fi\/wp-json\/wp\/v2\/media\/2156"}],"wp:attachment":[{"href":"https:\/\/fmp-components.com\/fi\/wp-json\/wp\/v2\/media?parent=2151"}],"wp:term":[{"taxonomy":"product_brand","embeddable":true,"href":"https:\/\/fmp-components.com\/fi\/wp-json\/wp\/v2\/product_brand?post=2151"},{"taxonomy":"product_cat","embeddable":true,"href":"https:\/\/fmp-components.com\/fi\/wp-json\/wp\/v2\/product_cat?post=2151"},{"taxonomy":"product_tag","embeddable":true,"href":"https:\/\/fmp-components.com\/fi\/wp-json\/wp\/v2\/product_tag?post=2151"}],"curies":[{"name":"wp","href":"https:\/\/api.w.org\/{rel}","templated":true}]}}