{"id":2148,"date":"2024-12-30T06:48:50","date_gmt":"2024-12-30T06:48:50","guid":{"rendered":"https:\/\/fmp-components.com\/?page_id=8"},"modified":"2024-12-30T08:06:20","modified_gmt":"2024-12-30T08:06:20","slug":"fertilizer-spreader-gearbox-replacement-of-comer-code-l-150c","status":"publish","type":"product","link":"https:\/\/fmp-components.com\/fi\/product\/fertilizer-spreader-gearbox-replacement-of-comer-code-l-150c\/","title":{"rendered":"Lannoitteenlevittimen vaihteisto \u2013 Comer-koodin L-150C vaihto"},"content":{"rendered":"<p><img loading=\"lazy\" decoding=\"async\" class=\"wp-image-2150 aligncenter\" src=\"https:\/\/fmp-components.com\/wp-content\/uploads\/2024\/12\/fertilizer-spreader-gearbox-l150c1.webp\" alt=\"lannoitteenlevittimen-vaihteisto-l150c\" width=\"453\" height=\"453\" title=\"\" srcset=\"https:\/\/fmp-components.com\/wp-content\/uploads\/2024\/12\/fertilizer-spreader-gearbox-l150c1.webp 300w, https:\/\/fmp-components.com\/wp-content\/uploads\/2024\/12\/fertilizer-spreader-gearbox-l150c1-150x150.webp 150w, https:\/\/fmp-components.com\/wp-content\/uploads\/2024\/12\/fertilizer-spreader-gearbox-l150c1-12x12.webp 12w, https:\/\/fmp-components.com\/wp-content\/uploads\/2024\/12\/fertilizer-spreader-gearbox-l150c1-100x100.webp 100w\" sizes=\"(max-width: 453px) 100vw, 453px\" \/><\/p>\n<h2>Lannoitteenlevittimen vaihteiston L-150C tekniset tiedot<\/h2>\n<p><img loading=\"lazy\" decoding=\"async\" class=\"alignnone size-full wp-image-2149\" src=\"https:\/\/fmp-components.com\/wp-content\/uploads\/2024\/12\/fertilizer-spreader-gearbox-specifications-l150c.webp\" alt=\"Lannoitteenlevittimen vaihteiston tekniset tiedot-l150c\" width=\"1000\" height=\"744\" title=\"\" srcset=\"https:\/\/fmp-components.com\/wp-content\/uploads\/2024\/12\/fertilizer-spreader-gearbox-specifications-l150c.webp 1000w, https:\/\/fmp-components.com\/wp-content\/uploads\/2024\/12\/fertilizer-spreader-gearbox-specifications-l150c-980x729.webp 980w, https:\/\/fmp-components.com\/wp-content\/uploads\/2024\/12\/fertilizer-spreader-gearbox-specifications-l150c-480x357.webp 480w\" sizes=\"(min-width: 0px) and (max-width: 480px) 480px, (min-width: 481px) and (max-width: 980px) 980px, (min-width: 981px) 1000px, 100vw\" \/><\/p>\n<table style=\"width: 100%;\" border=\"1\" width=\"100%\" cellspacing=\"0\" cellpadding=\"0\">\n<tbody>\n<tr>\n<th style=\"width: 53.9957%;\">Sy\u00f6tt\u00f6suhde (i)<\/th>\n<td style=\"width: 45.7883%;\">1.35<\/td>\n<\/tr>\n<tr>\n<th style=\"width: 53.9957%;\">Sy\u00f6tt\u00f6nopeus (N1 [rpm])<\/th>\n<td style=\"width: 45.7883%;\">540<\/td>\n<\/tr>\n<tr>\n<th style=\"width: 53.9957%;\">Ottoteho (P1 [kW])<\/th>\n<td style=\"width: 45.7883%;\">9.9<\/td>\n<\/tr>\n<tr>\n<th style=\"width: 53.9957%;\">L\u00e4ht\u00f6momentti (M2 [Nm])<\/th>\n<td style=\"width: 45.7883%;\">126<\/td>\n<\/tr>\n<\/tbody>\n<\/table>\n<h3>Lannoitteenlevittimen vaihdelaatikon ominaisuudet<\/h3>\n<ol>\n<li><strong>Korkea tarkkuus ja tehokkuus<\/strong><br \/>\nLannoitteenlevittimen vaihteisto on suunniteltu tarjoamaan tarkkaa ja tehokasta voimansiirtoa maatalouslevittimille. Se varmistaa, ett\u00e4 v\u00e4lityssuhde on optimoitu lannoitteen tasaiselle ja tasaiselle levitykselle, mik\u00e4 on ratkaisevan t\u00e4rke\u00e4\u00e4 sadon maksimoimiseksi ja j\u00e4tteen v\u00e4hent\u00e4miseksi. Luotettavan suorituskykyns\u00e4 ansiosta vaihteisto auttaa yll\u00e4pit\u00e4m\u00e4\u00e4n oikean nopeuden ja v\u00e4\u00e4nt\u00f6momentin, joita tarvitaan lannoitteen tarkkaan levitykseen.<\/li>\n<li><strong>Kest\u00e4vyys ja lujuus<\/strong><br \/>\nLannoitteenlevittimen vaihteisto on suunniteltu kest\u00e4m\u00e4\u00e4n maatalousty\u00f6n vaativia olosuhteita, ja se on valmistettu kest\u00e4vist\u00e4 materiaaleista, jotka takaavat pitk\u00e4ik\u00e4isen suorituskyvyn. Vankka rakenne varmistaa, ett\u00e4 se kest\u00e4\u00e4 suuret kuormat ja jatkuvan toiminnan haastavissa ymp\u00e4rist\u00f6iss\u00e4, kuten ep\u00e4tasaisessa maastossa tai ankarissa s\u00e4\u00e4olosuhteissa.<\/li>\n<li><strong>Kompakti ja tilaa s\u00e4\u00e4st\u00e4v\u00e4 muotoilu<\/strong><br \/>\nVaihteisto on suunniteltu kompaktiksi mutta tehokkaaksi, mik\u00e4 varmistaa, ett\u00e4 se sopii saumattomasti levittimeen viem\u00e4tt\u00e4 tarpeetonta tilaa. T\u00e4m\u00e4 tilaa s\u00e4\u00e4st\u00e4v\u00e4 rakenne auttaa v\u00e4hent\u00e4m\u00e4\u00e4n koneen kokonaispainoa ja s\u00e4ilytt\u00e4m\u00e4\u00e4n optimaalisen suorituskyvyn. Kompakti rakenne helpottaa my\u00f6s asennusta ja huoltoa, mik\u00e4 s\u00e4\u00e4st\u00e4\u00e4 arvokasta aikaa ja vaivaa.<\/li>\n<li><strong>V\u00e4h\u00e4inen huolto ja helppo k\u00e4ytt\u00f6<\/strong><br \/>\nLannoitteenlevittimen vaihteisto on suunniteltu helppok\u00e4ytt\u00f6iseksi ja minimaaliseksi huollon tarpeelle. Korkealaatuisten tiivisteiden ja voiteluj\u00e4rjestelmien ansiosta vaihteisto toimii sujuvasti ja vaatii harvemmin huoltoa. S\u00e4\u00e4nn\u00f6lliset tarkastukset ja perushuolto riitt\u00e4v\u00e4t yleens\u00e4 pit\u00e4m\u00e4\u00e4n vaihteiston toiminnassa huipputehokkaasti, mik\u00e4 tekee siit\u00e4 ihanteellisen ratkaisun kiireisiin maataloust\u00f6ihin.<\/li>\n<li><strong>Monipuolisuus ja r\u00e4\u00e4t\u00e4l\u00f6it\u00e4vyys<\/strong><br \/>\nN\u00e4m\u00e4 vaihteistot ovat monipuolisia ja ne voidaan r\u00e4\u00e4t\u00e4l\u00f6id\u00e4 sopimaan erityyppisille lannoitteenlevittimille, olipa kyseess\u00e4 sitten pienimuotoinen tai suuri maatalous. S\u00e4\u00e4dett\u00e4vien v\u00e4lityssuhteiden ja kokoonpanojen ansiosta vaihteisto voidaan r\u00e4\u00e4t\u00e4l\u00f6id\u00e4 vastaamaan erityisi\u00e4 k\u00e4ytt\u00f6vaatimuksia, mik\u00e4 varmistaa yhteensopivuuden erityyppisten lannoitteiden ja levitinmallien kanssa. T\u00e4m\u00e4 joustavuus antaa k\u00e4ytt\u00e4jille mahdollisuuden optimoida laitteitaan maksimaalisen tehokkuuden ja tuottavuuden saavuttamiseksi.<\/li>\n<\/ol>\n<p><img loading=\"lazy\" decoding=\"async\" class=\"wp-image-2152 aligncenter\" src=\"https:\/\/fmp-components.com\/wp-content\/uploads\/2024\/12\/pto-shaft-for-fertilizer-spreader.webp\" alt=\"lannoitteenlevittimen nivelakseli\" width=\"881\" height=\"663\" title=\"\" srcset=\"https:\/\/fmp-components.com\/wp-content\/uploads\/2024\/12\/pto-shaft-for-fertilizer-spreader.webp 881w, https:\/\/fmp-components.com\/wp-content\/uploads\/2024\/12\/pto-shaft-for-fertilizer-spreader-480x361.webp 480w\" sizes=\"(min-width: 0px) and (max-width: 480px) 480px, (min-width: 481px) 881px, 100vw\" \/><\/p>\n<h3>Lannoitteenlevittimen nivelakseli<\/h3>\n<ol>\n<li><strong>Tehokas voimansiirto<\/strong><br \/>\nLannoitteenlevittimien nivelakseli on suunniteltu siirt\u00e4m\u00e4\u00e4n tehokkaasti mekaanista voimaa traktorin voimanotosta levittimen vaihteistoon. T\u00e4m\u00e4 suora voimansiirto varmistaa, ett\u00e4 lannoitteenlevitin toimii tasaisesti ja tasaisesti, optimoiden laitteen suorituskyvyn levitysteht\u00e4vien aikana. Nivelakseli tarjoaa tarvittavan v\u00e4\u00e4nt\u00f6momentin levittimen komponenttien k\u00e4ytt\u00e4miseen varmistaen tasaisen ja tarkan lannoitteen levityksen.<\/li>\n<li><strong>Kest\u00e4vyys ja kest\u00e4vyys<\/strong><br \/>\nLannoitteenlevittimien nivelakseli on rakennettu kest\u00e4m\u00e4\u00e4n maatalousymp\u00e4rist\u00f6jen ankaria olosuhteita, ja se on valmistettu korkealaatuisista materiaaleista, jotka ovat lujia ja kest\u00e4vi\u00e4. Se kest\u00e4\u00e4 lannoitteiden levitt\u00e4miseen liittyv\u00e4t suuret ty\u00f6m\u00e4\u00e4r\u00e4t suurilla pelloilla jopa haastavissa s\u00e4\u00e4olosuhteissa ja ep\u00e4tasaisessa maastossa. Kest\u00e4v\u00e4 rakenne varmistaa pitk\u00e4n k\u00e4ytt\u00f6i\u00e4n ja minimoi tarpeen usein vaihdettaville tai korjattaville osille.<\/li>\n<li><strong>Turvaominaisuudet<\/strong><br \/>\nTurvallisuus on keskeinen n\u00e4k\u00f6kohta lannoitteenlevittimien nivelakselin suunnittelussa. Turvasuojilla ja muilla suojaominaisuuksilla varustettu akseli auttaa ehk\u00e4isem\u00e4\u00e4n onnettomuuksia minimoimalla sotkeutumis- tai loukkaantumisriskin k\u00e4yt\u00f6n aikana. N\u00e4m\u00e4 turvaominaisuudet ovat ratkaisevan t\u00e4rkeit\u00e4 turvallisen ja luotettavan toiminnan varmistamiseksi, ja ne v\u00e4hent\u00e4v\u00e4t k\u00e4ytt\u00e4jien ja l\u00e4hell\u00e4 olevien kotiel\u00e4inten loukkaantumisriski\u00e4.<\/li>\n<li><strong>Helppo asennus ja huolto<\/strong><br \/>\nLannoitteenlevittimen nivelakseli on suunniteltu helpoksi kiinnitt\u00e4\u00e4 ja irrottaa traktorista ja levittimest\u00e4. T\u00e4m\u00e4 k\u00e4ytt\u00e4j\u00e4yst\u00e4v\u00e4llinen ominaisuus s\u00e4\u00e4st\u00e4\u00e4 aikaa ja vaivaa asennus- ja huoltotoimenpiteiss\u00e4. Lis\u00e4ksi nivelakselin s\u00e4\u00e4nn\u00f6llinen voitelu ja huolto ovat helppoja, mik\u00e4 auttaa varmistamaan sujuvan toiminnan ja pident\u00e4\u00e4 sek\u00e4 nivelakselin ett\u00e4 lannoitteenlevittimen k\u00e4ytt\u00f6ik\u00e4\u00e4.<\/li>\n<li><strong>Monipuolinen yhteensopivuus<\/strong><br \/>\nLannoitteenlevittimien nivelakselia on saatavilla eri kokoisina ja kokoonpanoina, ja se on monipuolinen ja se voidaan sovittaa laajaan valikoimaan levitinmalleja ja traktorityyppej\u00e4. Olipa kyseess\u00e4 pienimuotoinen maatila tai suuri maatalousyritys, nivelakseli voidaan r\u00e4\u00e4t\u00e4l\u00f6id\u00e4 levittimen erityisten tehovaatimusten mukaan, mik\u00e4 varmistaa yhteensopivuuden ja optimaalisen suorituskyvyn eri sovelluksissa. T\u00e4m\u00e4 joustavuus mahdollistaa k\u00e4ytt\u00e4jien k\u00e4ytt\u00e4\u00e4 laitteitaan tehokkaasti toiminnan laajuudesta riippumatta.<\/li>\n<\/ol>\n<p><img loading=\"lazy\" decoding=\"async\" class=\"alignnone size-full wp-image-2088\" src=\"https:\/\/fmp-components.com\/wp-content\/uploads\/2024\/12\/Agricultural-Gearbox-and-PTO-Drive-Shaft1.webp\" alt=\"Maatalouden vaihteisto ja voimanottoakseli\" width=\"1200\" height=\"540\" title=\"\" srcset=\"https:\/\/fmp-components.com\/wp-content\/uploads\/2024\/12\/Agricultural-Gearbox-and-PTO-Drive-Shaft1.webp 1200w, https:\/\/fmp-components.com\/wp-content\/uploads\/2024\/12\/Agricultural-Gearbox-and-PTO-Drive-Shaft1-980x441.webp 980w, https:\/\/fmp-components.com\/wp-content\/uploads\/2024\/12\/Agricultural-Gearbox-and-PTO-Drive-Shaft1-480x216.webp 480w\" sizes=\"(min-width: 0px) and (max-width: 480px) 480px, (min-width: 481px) and (max-width: 980px) 980px, (min-width: 981px) 1200px, 100vw\" \/><\/p>\n<h3>Tietoja FMP:st\u00e4<\/h3>\n<p>Italiassa p\u00e4\u00e4konttoriaan pit\u00e4v\u00e4 FMP on johtava valmistaja, joka tunnetaan asiantuntemuksestaan \u200b\u200btehokkaiden vaihteistojen suunnittelussa, kehitt\u00e4misess\u00e4 ja tuotannossa, keskittyen erityisesti maatalouskonesektoriin. Tarkkuuden, innovatiivisten ratkaisujen ja horjumattoman luotettavuuden ansiosta FMP:st\u00e4 on tullut luotettava kumppani sek\u00e4 maatalous- ett\u00e4 teollisuussektorin kehittyviin tarpeisiin. Monipuolinen tuotevalikoimamme sis\u00e4lt\u00e4\u00e4 ruohonleikkureiden, nivelakseleiden ja muiden t\u00e4rkeiden komponenttien erikoisvaihteistoja, jotka kaikki on huolellisesti suunniteltu tarjoamaan r\u00e4\u00e4t\u00e4l\u00f6ityj\u00e4 ratkaisuja laajaan k\u00e4ytt\u00f6tarkoitukseen.<\/p>\n<p>FMP:ll\u00e4 ymm\u00e4rr\u00e4mme, ett\u00e4 jokaisella asiakkaalla on ainutlaatuiset vaatimukset ja haasteet. Siksi olemme erikoistuneet r\u00e4\u00e4t\u00e4l\u00f6ityjen ratkaisujen tarjoamiseen, olipa kyse sitten yksitt\u00e4isist\u00e4 komponenteista tai t\u00e4ysin integroiduista j\u00e4rjestelmist\u00e4. Teemme tiivist\u00e4 yhteisty\u00f6t\u00e4 asiakkaidemme kanssa varmistaaksemme, ett\u00e4 jokainen ratkaisu on paitsi tehokas my\u00f6s tuloksellinen, optimoiden sek\u00e4 suorituskyvyn ett\u00e4 arvon. Sitoutumisemme tarjoamaan nopeita ja ammattimaisia \u200b\u200bvastauksia sek\u00e4 asiantuntevaa ohjausta varmistaa, ett\u00e4 jokaista tiedustelua k\u00e4sitell\u00e4\u00e4n \u00e4\u00e4rimm\u00e4isen huolellisesti ja tarkasti, mik\u00e4 johtaa parhaisiin mahdollisiin tuloksiin.<\/p>\n<p>Priorisoimme avointa ja jatkuvaa viestint\u00e4\u00e4 koko tuotekehitysprosessin ajan. Omistautunut tiimimme ty\u00f6skentelee suoraan asiakkaiden kanssa ymm\u00e4rt\u00e4\u00e4kseen t\u00e4ysin heid\u00e4n erityistarpeensa ja tarjoaa arvokkaita n\u00e4kemyksi\u00e4 ja suosituksia optimaalisten ratkaisujen varmistamiseksi. Olipa kyse innovatiivisten tuotteiden suunnittelusta tai jatkuvien tilausten t\u00e4ytt\u00e4misest\u00e4, FMP on sitoutunut toimittamaan korkealaatuisia ja tarkasti suunniteltuja ratkaisuja ajallaan, joka kerta. Tavoitteenamme on tarjota asiakkaille parasta mahdollista palvelua ja tuloksia, jotka ylitt\u00e4v\u00e4t odotukset jokaisessa projektissa.<\/p>\n<p>Laatu on FMP:n toiminnan kulmakivi. Noudatamme korkeimpia valmistusstandardeja ja toteutamme tiukkoja laadunvalvontatoimenpiteit\u00e4 varmistaaksemme, ett\u00e4 jokainen tuote ei ainoastaan \u200b\u200b\u200b\u200bt\u00e4ytt\u00e4\u00e4 alan standardeja, vaan my\u00f6s ylitt\u00e4\u00e4 ne. T\u00e4m\u00e4 horjumaton sitoutuminen laatuun yhdistettyn\u00e4 ydinarvoihimme, kuten rehellisyyteen, tiimity\u00f6h\u00f6n ja sinnikkyyteen, on mahdollistanut pitk\u00e4aikaisten ja luottamukseen perustuvien asiakassuhteiden rakentamisen l\u00e4hes 30 maassa maailmanlaajuisesti.<\/p>\n<p>FMP on aina avoin globaalien kumppanuuksien edist\u00e4miselle ja on edelleen sitoutunut tarjoamaan asiantuntevaa neuvontaa ja r\u00e4\u00e4t\u00e4l\u00f6ityj\u00e4 ratkaisuja, jotka vastaavat asiakkaidemme monimuotoisiin tarpeisiin. Emme tyydy pelk\u00e4st\u00e4\u00e4n tuotteiden toimittamiseen; pyrimme rakentamaan kest\u00e4vi\u00e4 suhteita, jotka edist\u00e4v\u00e4t jokaisen projektin onnistumista. Tarvitsetpa sitten innovatiivisia ratkaisuja uuteen aloitteeseen tai jatkuvaa tukea olemassa olevalle j\u00e4rjestelm\u00e4lle, FMP on t\u00e4\u00e4ll\u00e4 ratkaisemassa tekniset haasteesi ja varmistamassa jatkuvan menestyksesi.<\/p>\n<p><img loading=\"lazy\" decoding=\"async\" class=\"alignnone size-full wp-image-1861\" src=\"https:\/\/fmp-components.com\/wp-content\/uploads\/2024\/12\/Other-Agricultural-Gearboxes.webp\" sizes=\"(min-width: 0px) and (max-width: 480px) 480px, (min-width: 481px) and (max-width: 980px) 980px, (min-width: 981px) 1200px, 100vw\" srcset=\"https:\/\/fmp-components.com\/wp-content\/uploads\/2024\/12\/Other-Agricultural-Gearboxes.webp 1200w, https:\/\/fmp-components.com\/wp-content\/uploads\/2024\/12\/Other-Agricultural-Gearboxes-980x1143.webp 980w, https:\/\/fmp-components.com\/wp-content\/uploads\/2024\/12\/Other-Agricultural-Gearboxes-480x560.webp 480w\" alt=\"Altri-cambi-agricoli\" width=\"1200\" height=\"1400\" title=\"\"><\/p>\n<p>Tekij\u00e4: CX<\/p>\n<p>&nbsp;<\/p>","protected":false},"excerpt":{"rendered":"<p>Specifications of\u00a0Fertilizer Spreader Gearbox L-150C Input Ratio (i) 1.35 Input Speed (N1 [rpm]) 540 Input Power (P1 [kW]) 9.9 Output Torque (M2 [Nm]) 126 Features of Fertilizer Spreader Gearbox High Precision and Efficiency The fertilizer spreader gearbox is engineered to provide precise and efficient power transmission for agricultural spreaders. It ensures that the gear ratio [&hellip;]<\/p>","protected":false},"featured_media":2150,"comment_status":"open","ping_status":"closed","template":"","meta":{"_et_pb_use_builder":"","_et_pb_old_content":"","_et_gb_content_width":""},"product_brand":[],"product_cat":[54],"product_tag":[],"class_list":{"0":"post-2148","1":"product","2":"type-product","3":"status-publish","4":"has-post-thumbnail","6":"product_cat-fertilizer-spreader-gearbox","8":"first","9":"instock","10":"shipping-taxable","11":"product-type-simple"},"_links":{"self":[{"href":"https:\/\/fmp-components.com\/fi\/wp-json\/wp\/v2\/product\/2148","targetHints":{"allow":["GET"]}}],"collection":[{"href":"https:\/\/fmp-components.com\/fi\/wp-json\/wp\/v2\/product"}],"about":[{"href":"https:\/\/fmp-components.com\/fi\/wp-json\/wp\/v2\/types\/product"}],"replies":[{"embeddable":true,"href":"https:\/\/fmp-components.com\/fi\/wp-json\/wp\/v2\/comments?post=2148"}],"wp:featuredmedia":[{"embeddable":true,"href":"https:\/\/fmp-components.com\/fi\/wp-json\/wp\/v2\/media\/2150"}],"wp:attachment":[{"href":"https:\/\/fmp-components.com\/fi\/wp-json\/wp\/v2\/media?parent=2148"}],"wp:term":[{"taxonomy":"product_brand","embeddable":true,"href":"https:\/\/fmp-components.com\/fi\/wp-json\/wp\/v2\/product_brand?post=2148"},{"taxonomy":"product_cat","embeddable":true,"href":"https:\/\/fmp-components.com\/fi\/wp-json\/wp\/v2\/product_cat?post=2148"},{"taxonomy":"product_tag","embeddable":true,"href":"https:\/\/fmp-components.com\/fi\/wp-json\/wp\/v2\/product_tag?post=2148"}],"curies":[{"name":"wp","href":"https:\/\/api.w.org\/{rel}","templated":true}]}}